{"id":17,"date":"2022-04-08T00:47:16","date_gmt":"2022-04-07T23:47:16","guid":{"rendered":"http:\/\/tyrving.idrett.no\/10\/hovedstyret\/"},"modified":"2026-03-22T20:55:50","modified_gmt":"2026-03-22T19:55:50","slug":"bli-medlem","status":"publish","type":"page","link":"http:\/\/tyrving.idrett.no\/10\/hovedstyret\/bli-medlem\/","title":{"rendered":"Bli medlem!"},"content":{"rendered":"<table border=\"0\" width=\"100%\" cellspacing=\"0\" cellpadding=\"0\">\n<tbody>\n<tr>\n<td><strong>SLIK MELDER DU DEG INN I TYRVING<\/strong><\/td>\n<\/tr>\n<\/tbody>\n<\/table>\n<table border=\"0\" width=\"100%\" cellspacing=\"0\" cellpadding=\"0\">\n<tbody>\n<tr>\n<td>\n<div class=\"sites-layout-tile sites-tile-name-header\">\n<div dir=\"ltr\">\n<div>Alle som deltar p\u00e5 trening og konkurranser med Tyrving, m\u00e5 v\u00e6re medlem av klubben. Innmeldingen gj\u00f8r du p\u00e5 denne m\u00e5ten:<\/div>\n<\/div>\n<ol>\n<li><span style=\"font-family: inherit;font-size: inherit\">Klikk p\u00e5 linken <a href=\"https:\/\/club.spond.com\/landing\/signup\/tyrvingil\/form\/142ED6B02E6E453DA0BDC44B39DFA8BC\">https:\/\/club.spond.com\/landing\/signup\/tyrvingil\/form\/4BF74DB6A3C3409E9A075E5310D4785D<\/a><\/span><\/li>\n<li>Velg om du skal melde inn deg selv eller om det er p\u00e5 vegne av ditt barn.<\/li>\n<li>Velg medlemstype basert p\u00e5 alder, medlemsgruppe og undergruppe.<\/li>\n<li>Fyll inn personlig informasjon<\/li>\n<li>Klikk p\u00e5 &laquo;Registrer&raquo;<\/li>\n<li>Link til betaling av medlemskontingent vil bli sendt innen et par dager.<\/li>\n<li>Betal regningen med veiledning fra betalings linken.<\/li>\n<\/ol>\n<p dir=\"ltr\">N\u00e5r dette er gjort, er det bare \u00e5 \u00f8nske deg <strong>VELKOMMEN<\/strong> som Tyrving-medlem!<\/p>\n<\/div>\n<div dir=\"ltr\"><\/div>\n<div class=\"sites-layout-tile sites-tile-name-header\">\n<div dir=\"ltr\"><span style=\"font-family: inherit;font-size: inherit\">\u00c5rsm\u00f8tet i Tyrving IL har fastsatt f\u00f8lgende medlemskontingenter for 2025:<\/span><\/div>\n<div dir=\"ltr\">\n<p>&#8211; Allidrett: kr 80,-<\/p>\n<p>&#8211; Rekruttmedlem (orientering): kr 80,-<\/p>\n<p>&#8211; Juniormedlem (t.o.m.16 \u00e5r): kr 450,-<\/p>\n<p>&#8211; Seniormedlem (17-66 \u00e5r): kr 600,-<\/p>\n<p>&#8211; Pensjonistmedlem (fra 67 \u00e5r): kr 450,-<\/p>\n<p>&#8211; St\u00f8ttemedlem:\u00a0kr 250,-<\/p>\n<p>&#8211; Familiemedlemsskap kr 1200,-<\/p>\n<p>&#8211; Livsvarig medlemsskap kr 9000,-<\/p>\n<p>&nbsp;<\/p>\n<\/div>\n<\/div>\n<p><span style=\"font-family: inherit;font-size: inherit\">Idrettsgruppene har i tillegg egne bestemmelser vedr. betaling av treningsavgift og startkontingenter.<\/span><\/p>\n<p>Friidrettsgruppens trenings- og konkurranseavgift betales hvert halv\u00e5r, og er pr. sesong (halv\u00e5rlig) fra kr 3350 &#8211; avhengig av alder. Innbetalingsinformasjon vil bli sendt via Spond. Startkontingenter i de fleste friidrettsstevner inne og ute er inkludert i treningsavgiften.<\/p>\n<p>For orienteringsgruppen vil oversikt over startkontingenter og aktivitetsavgift bli sendt l\u00f8perne p\u00e5 slutten av hvert kalender\u00e5r.<\/td>\n<\/tr>\n<\/tbody>\n<\/table>\n<p>&nbsp;<\/p>\n<p>&nbsp;<\/p>\n<p>&nbsp;<\/p>\n","protected":false},"excerpt":{"rendered":"<p>&#8230;<\/p>\n","protected":false},"author":5,"featured_media":0,"parent":0,"menu_order":0,"comment_status":"open","ping_status":"open","template":"","meta":{"generate_page_header":"","footnotes":""},"_links":{"self":[{"href":"http:\/\/tyrving.idrett.no\/10\/hovedstyret\/wp-json\/wp\/v2\/pages\/17"}],"collection":[{"href":"http:\/\/tyrving.idrett.no\/10\/hovedstyret\/wp-json\/wp\/v2\/pages"}],"about":[{"href":"http:\/\/tyrving.idrett.no\/10\/hovedstyret\/wp-json\/wp\/v2\/types\/page"}],"author":[{"embeddable":true,"href":"http:\/\/tyrving.idrett.no\/10\/hovedstyret\/wp-json\/wp\/v2\/users\/5"}],"replies":[{"embeddable":true,"href":"http:\/\/tyrving.idrett.no\/10\/hovedstyret\/wp-json\/wp\/v2\/comments?post=17"}],"version-history":[{"count":26,"href":"http:\/\/tyrving.idrett.no\/10\/hovedstyret\/wp-json\/wp\/v2\/pages\/17\/revisions"}],"predecessor-version":[{"id":1106,"href":"http:\/\/tyrving.idrett.no\/10\/hovedstyret\/wp-json\/wp\/v2\/pages\/17\/revisions\/1106"}],"wp:attachment":[{"href":"http:\/\/tyrving.idrett.no\/10\/hovedstyret\/wp-json\/wp\/v2\/media?parent=17"}],"curies":[{"name":"wp","href":"https:\/\/api.w.org\/{rel}","templated":true}]}}