{"id":374,"date":"2018-01-05T09:10:16","date_gmt":"2018-01-05T08:10:16","guid":{"rendered":"http:\/\/tyrving.idrett.no\/10\/hovedstyret\/?page_id=374"},"modified":"2026-03-09T10:48:45","modified_gmt":"2026-03-09T09:48:45","slug":"referater","status":"publish","type":"page","link":"http:\/\/tyrving.idrett.no\/10\/hovedstyret\/referater\/","title":{"rendered":"Referater Hovedstyrem\u00f8ter"},"content":{"rendered":"<p>Klikk p\u00e5 linkene under for \u00e5 lese referater fra Hovedstyrets m\u00f8ter og lagets \u00e5rsm\u00f8ter fra og med 2017:<!--more--><\/p>\n<ul>\n<li><a href=\"http:\/\/tyrving.idrett.no\/10\/hovedstyret\/files\/2026\/03\/2026-Protokoll-arsmote-Tyrving-IL-03.03.2026.pdf\">2026 Protokoll a\u030arsm\u00f8te Tyrving IL 03.03.2026<\/a><\/li>\n<li><a href=\"http:\/\/tyrving.idrett.no\/10\/hovedstyret\/files\/2026\/02\/2026-02-02-REFERAT-FRA-HOVEDSTYREMOTE-I-TYRVING-IL.pdf\">2026-02-02 REFERAT FRA HOVEDSTYREM\u00d8TE I TYRVING IL<\/a><\/li>\n<li><a href=\"http:\/\/tyrving.idrett.no\/10\/hovedstyret\/files\/2026\/01\/2025-11-24-REFERAT-FRA-HOVEDSTYREMOTE-I-TYRVING-IL.pdf\">2025-11-24 REFERAT FRA HOVEDSTYREM\u00d8TE I TYRVING IL<\/a><\/li>\n<li><a href=\"http:\/\/tyrving.idrett.no\/10\/hovedstyret\/files\/2025\/09\/2025-09-01-REFERAT-FRA-HOVEDSTYREMOTE-I-TYRVING-IL.pdf\">2025-09-01 REFERAT FRA HOVEDSTYREM\u00d8TE I TYRVING IL<\/a><\/li>\n<li><a href=\"http:\/\/tyrving.idrett.no\/10\/hovedstyret\/files\/2025\/05\/2025-05-12-REFERAT-FRA-HOVEDSTYREMOTE-I-TYRVING-IL.pdf\">2025-05-12 REFERAT FRA HOVEDSTYREM\u00d8TE I TYRVING IL<\/a><\/li>\n<li><a href=\"http:\/\/tyrving.idrett.no\/10\/hovedstyret\/files\/2025\/03\/2025-Protokoll-arsmote-Tyrving-IL-27-02-25.pdf\">2025 Protokoll \u00e5rsm\u00f8te Tyrving IL 27-02-25<\/a><\/li>\n<li><a href=\"http:\/\/tyrving.idrett.no\/10\/hovedstyret\/files\/2025\/01\/2025-01-20-REFERAT-FRA-HOVEDSTYREMOTE-I-TYRVING-IL.pdf\">2025-01-20 REFERAT FRA HOVEDSTYREM\u00d8TE I TYRVING IL<\/a><\/li>\n<li><a href=\"http:\/\/tyrving.idrett.no\/10\/hovedstyret\/files\/2024\/11\/2024-04-11-REFERAT-FRA-HOVEDSTYREMOTE-I-TYRVING-IL.pdf\">2024-04-11 REFERAT FRA HOVEDSTYREM\u00d8TE I TYRVING IL<\/a><\/li>\n<li><a href=\"http:\/\/tyrving.idrett.no\/10\/hovedstyret\/files\/2024\/09\/2024-09-09-REFERAT-FRA-HOVEDSTYREMOTE-I-TYRVING-IL.pdf\">2024-09-09 REFERAT FRA HOVEDSTYREM\u00d8TE I TYRVING IL<\/a><\/li>\n<li><a href=\"http:\/\/tyrving.idrett.no\/10\/hovedstyret\/files\/2024\/05\/REFERAT-FRA-HOVEDSTYREMOTE-I-TYRVING-IL-13-05-24.pdf\">REFERAT FRA HOVEDSTYREM\u00d8TE I TYRVING IL 13-05-24<\/a><\/li>\n<li><a href=\"http:\/\/tyrving.idrett.no\/10\/hovedstyret\/files\/2024\/03\/2024-Protokoll-arsmote-Tyrving-IL-26-02-24.pdf\">2024 Protokoll \u00e5rsm\u00f8te Tyrving IL 26-02-24<\/a><\/li>\n<li><a href=\"http:\/\/tyrving.idrett.no\/10\/hovedstyret\/files\/2024\/01\/REFERAT-FRA-HOVEDSTYREMOTE-I-TYRVING-IL-07-12-23.pdf\">REFERAT FRA HOVEDSTYREM\u00d8TE I TYRVING IL 07-12-23<\/a><\/li>\n<li><a href=\"http:\/\/tyrving.idrett.no\/10\/hovedstyret\/files\/2024\/01\/REFERAT-FRA-HOVEDSTYREMOTE-I-TYRVING-IL-7-9-23.pdf\">REFERAT FRA HOVEDSTYREM\u00d8TE I TYRVING IL 7-9-23<\/a><\/li>\n<li><a href=\"https:\/\/tyrving.idrett.no\/10\/hovedstyret\/referater\/referat-fra-hovedstyremote-i-tyrving-il-24-4-23\/\" rel=\"attachment wp-att-925\">2023 Referat HS-m\u00f8te 24-04-23<\/a><\/li>\n<li><a href=\"https:\/\/tyrving.idrett.no\/10\/hovedstyret\/referater\/protokoll-arsmote-tyrving-il-13-03-23-doc\/\" rel=\"attachment wp-att-905\">Protokoll \u00e5rsm\u00f8te Tyrving IL 13-03-23<\/a><\/li>\n<li><a href=\"http:\/\/tyrving.idrett.no\/10\/hovedstyret\/files\/2023\/02\/2022-Referat-HS-mote-23-01-23.pdf\">2022 Referat HS-m\u00f8te 23-01-23<\/a><\/li>\n<li><a href=\"http:\/\/tyrving.idrett.no\/10\/hovedstyret\/files\/2022\/11\/2022-Referat-fra-HS-mote-11-10-22.pdf\">2022 Hovedstyrem\u00f8te 11-10-22<\/a><\/li>\n<li><a href=\"http:\/\/tyrving.idrett.no\/10\/hovedstyret\/files\/2022\/11\/2022-Referat-fra-HS-mote-09-05-22.pdf\">2022 Hovedstyrem\u00f8te 09-05-22<\/a><\/li>\n<li><a href=\"http:\/\/tyrving.idrett.no\/10\/hovedstyret\/files\/2022\/06\/Protokoll-arsmote-Tyrving-IL-23-03-22.pdf\">2022 Protokoll \u00e5rsm\u00f8tet Tyrving IL 23-03-22<\/a><\/li>\n<li><a href=\"http:\/\/tyrving.idrett.no\/10\/hovedstyret\/files\/2022\/06\/Hovedstyremote-17-01-22.pdf\">2022 Hovedstyrem\u00f8te 17-01-22<\/a><\/li>\n<li><a href=\"http:\/\/tyrving.idrett.no\/10\/hovedstyret\/files\/2021\/11\/Referat-Hovedstyremote-200921.pdf\">2021 Hovedstyrem\u00f8te 20-09-21<\/a><\/li>\n<li><a href=\"http:\/\/tyrving.idrett.no\/10\/hovedstyret\/files\/2021\/11\/Referat-Hovedstyremote-150621.pdf\">2021 Hovedstyrem\u00f8te 15-06-21<\/a><\/li>\n<li><a href=\"http:\/\/tyrving.idrett.no\/10\/hovedstyret\/files\/2021\/04\/Referat-Hovedstyremote-120421.pdf\">2021 HS-m\u00f8te 12-04-21<\/a><\/li>\n<li><a href=\"http:\/\/tyrving.idrett.no\/10\/hovedstyret\/files\/2021\/04\/Protokoll-arsmote-Tyrving-IL-01-03-21.pdf\">2021 Protokoll \u00e5rsm\u00f8tet Tyrving IL 01-03-21<\/a><\/li>\n<li><a href=\"http:\/\/tyrving.idrett.no\/10\/hovedstyret\/files\/2020\/11\/2020-HS-m\u00f8te-16-11-20.pdf\">2020 HS-m\u00f8te 16-11-20<\/a><\/li>\n<li><a href=\"http:\/\/tyrving.idrett.no\/10\/hovedstyret\/files\/2020\/10\/2020-HS-m\u00f8te-140920.pdf\">2020 HS-m\u00f8te 140920<\/a><\/li>\n<li><a href=\"http:\/\/tyrving.idrett.no\/10\/hovedstyret\/files\/2020\/06\/2020-HS-m\u00f8te-150620.pdf\">2020 HS-m\u00f8te 150620<\/a><\/li>\n<li><a href=\"http:\/\/tyrving.idrett.no\/10\/hovedstyret\/files\/2020\/04\/2020-HS-m\u00f8te-310320-1.pdf\">2020 HS-m\u00f8te 310320<\/a><\/li>\n<li><a href=\"http:\/\/tyrving.idrett.no\/10\/hovedstyret\/files\/2020\/03\/2020-Protokoll-\u00e5rsm\u00f8tet-Tyrving-IL-270220.pdf\">2020 Protokoll \u00e5rsm\u00f8tet Tyrving IL 270220<\/a><\/li>\n<li><a href=\"http:\/\/tyrving.idrett.no\/10\/hovedstyret\/files\/2020\/01\/2020-Referat-HS-m\u00f8te-130120.pdf\">2020 Referat HS-m\u00f8te 130120<\/a><\/li>\n<li><a href=\"http:\/\/tyrving.idrett.no\/10\/hovedstyret\/files\/2019\/09\/2019-Referat-HS-m\u00f8te-160919.pdf\">2019 Referat HS-m\u00f8te 160919<\/a><\/li>\n<li><a href=\"http:\/\/tyrving.idrett.no\/10\/hovedstyret\/files\/2019\/05\/2019-Referat-HS-m\u00f8te-06062019.pdf\">2019 Referat HS-m\u00f8te 060619<\/a><\/li>\n<li><a href=\"http:\/\/tyrving.idrett.no\/10\/hovedstyret\/files\/2019\/03\/2019-Referat-HS-m\u00f8te-200319-2.pdf\">2019 Referat HS-m\u00f8te 20.03.19<\/a><\/li>\n<li><a href=\"http:\/\/tyrving.idrett.no\/10\/hovedstyret\/files\/2019\/03\/Protokoll-\u00e5rsm\u00f8te-Tyrving-110219-1.pdf\">2019 Referat \u00e5rsm\u00f8tet Tyrving IL 120219<\/a><\/li>\n<li><a href=\"http:\/\/tyrving.idrett.no\/10\/hovedstyret\/files\/2019\/01\/2019-Referat-HS-m\u00f8te-070119.pdf\">2018 Referat HS-m\u00f8te 07.01.19<\/a><\/li>\n<li><a href=\"http:\/\/tyrving.idrett.no\/10\/hovedstyret\/files\/2018\/09\/2018-Referat-HS-m\u00f8te-180918.pdf\">2018 Referat HS-m\u00f8te 180918<\/a>\u00a0og\u00a0<a href=\"http:\/\/tyrving.idrett.no\/10\/hovedstyret\/files\/2018\/09\/2018-Agenda-HS-m\u00f8te-180918-2.pdf\">2018 Agenda HS-m\u00f8te 180918<\/a><\/li>\n<li><a href=\"http:\/\/tyrving.idrett.no\/10\/hovedstyret\/files\/2018\/07\/2018-Referat-HS-m\u00f8te-060618.pdf\">2018 Referat HS-m\u00f8te 060618<\/a><a href=\"http:\/\/tyrving.idrett.no\/10\/hovedstyret\/files\/2019\/01\/2019-Referat-HS-m\u00f8te-070119.pdf\">2018 Referat HS-m\u00f8te 07.01.19<\/a><\/li>\n<li><a href=\"http:\/\/tyrving.idrett.no\/10\/hovedstyret\/files\/2018\/03\/2018-Referat-HS-m\u00f8te-130318.pdf\">2018 Referat HS-m\u00f8te 130318<\/a><\/li>\n<li><a href=\"http:\/\/tyrving.idrett.no\/10\/hovedstyret\/files\/2018\/02\/PROTOKOLL_\u00e5rsm\u00f8te_120218.pdf\">2018 Referat \u00c5rsm\u00f8te i Tyrving 120218<\/a><\/li>\n<li><a href=\"http:\/\/tyrving.idrett.no\/10\/hovedstyret\/files\/2018\/01\/2018-Referat-HS-m\u00f8te-090118.pdf\">2018 Referat HS-m\u00f8te 090118<\/a><\/li>\n<li><a href=\"http:\/\/tyrving.idrett.no\/10\/hovedstyret\/files\/2017\/10\/2017-Referat-HS-m\u00f8te-211117.pdf\">2017 Referat HS-m\u00f8te 211117<\/a><\/li>\n<li><a href=\"http:\/\/tyrving.idrett.no\/10\/hovedstyret\/files\/2017\/10\/2017-Referat-HS-m\u00f8te-050917.pdf\">2017 Referat fra HS-m\u00f8te 050917<\/a><\/li>\n<li><a href=\"http:\/\/tyrving.idrett.no\/10\/hovedstyret\/files\/2017\/10\/2017-Referat-HS-m\u00f8te-080517.pdf\">2017 Referat HS-m\u00f8te 080517<\/a><\/li>\n<li><a href=\"http:\/\/tyrving.idrett.no\/10\/hovedstyret\/files\/2017\/10\/Protokoll-\u00e5rsm\u00f8te-IL-Tyrving-270217.pdf\">Protokoll \u00e5rsm\u00f8te IL Tyrving 270217<\/a><\/li>\n<li><a href=\"http:\/\/tyrving.idrett.no\/10\/hovedstyret\/files\/2017\/10\/2017-Referat-HS-m\u00f8te-060217.pdf\">2017 Referat HS-m\u00f8te 060217<\/a><\/li>\n<\/ul>\n","protected":false},"excerpt":{"rendered":"<p>&#8230;<\/p>\n","protected":false},"author":2,"featured_media":0,"parent":0,"menu_order":0,"comment_status":"closed","ping_status":"closed","template":"","meta":{"generate_page_header":"","footnotes":""},"_links":{"self":[{"href":"http:\/\/tyrving.idrett.no\/10\/hovedstyret\/wp-json\/wp\/v2\/pages\/374"}],"collection":[{"href":"http:\/\/tyrving.idrett.no\/10\/hovedstyret\/wp-json\/wp\/v2\/pages"}],"about":[{"href":"http:\/\/tyrving.idrett.no\/10\/hovedstyret\/wp-json\/wp\/v2\/types\/page"}],"author":[{"embeddable":true,"href":"http:\/\/tyrving.idrett.no\/10\/hovedstyret\/wp-json\/wp\/v2\/users\/2"}],"replies":[{"embeddable":true,"href":"http:\/\/tyrving.idrett.no\/10\/hovedstyret\/wp-json\/wp\/v2\/comments?post=374"}],"version-history":[{"count":59,"href":"http:\/\/tyrving.idrett.no\/10\/hovedstyret\/wp-json\/wp\/v2\/pages\/374\/revisions"}],"predecessor-version":[{"id":1098,"href":"http:\/\/tyrving.idrett.no\/10\/hovedstyret\/wp-json\/wp\/v2\/pages\/374\/revisions\/1098"}],"wp:attachment":[{"href":"http:\/\/tyrving.idrett.no\/10\/hovedstyret\/wp-json\/wp\/v2\/media?parent=374"}],"curies":[{"name":"wp","href":"https:\/\/api.w.org\/{rel}","templated":true}]}}