{"id":1205,"date":"2020-01-15T10:15:03","date_gmt":"2020-01-15T09:15:03","guid":{"rendered":"http:\/\/tyrving.idrett.no\/10\/tl2016inne\/?page_id=1205"},"modified":"2020-01-27T11:47:20","modified_gmt":"2020-01-27T10:47:20","slug":"baerum-idrettspark","status":"publish","type":"page","link":"http:\/\/tyrving.idrett.no\/10\/um\/informasjom\/baerum-idrettspark\/","title":{"rendered":"B\u00e6rum Idrettspark"},"content":{"rendered":"<p>B\u00e6rum Idrettspark ligger p\u00e5 Rud i B\u00e6rum &#8211; adressen er <a href=\"https:\/\/kart.gulesider.no\/?c=59.909857,10.498258&amp;z=15&amp;q=%22hauger%20skolevei%2036,%201351%20rud%22;211513582;geo\">Hauger Skolevei 36, 1351 Rud<\/a>.\u00a0 Hallen ble \u00e5pnet i 2013 og er landets st\u00f8rste friidrettshall, i tillegg til fotballhall og fleridrettshall.\u00a0 Tyrving har trening i hallen syv dager i uken fra september\/oktober til april\/mai.<\/p>\n<p><a href=\"http:\/\/tyrving.idrett.no\/10\/um\/files\/2020\/01\/Kart-B\u00e6rum-Idrettspark.jpg\"><img decoding=\"async\" loading=\"lazy\" class=\"alignnone wp-image-1622 size-large\" src=\"http:\/\/tyrving.idrett.no\/10\/um\/files\/2020\/01\/Kart-B\u00e6rum-Idrettspark-1024x724.jpg\" alt=\"\" width=\"1024\" height=\"724\" srcset=\"http:\/\/tyrving.idrett.no\/10\/um\/files\/2020\/01\/Kart-B\u00e6rum-Idrettspark-1024x724.jpg 1024w, http:\/\/tyrving.idrett.no\/10\/um\/files\/2020\/01\/Kart-B\u00e6rum-Idrettspark-300x212.jpg 300w, http:\/\/tyrving.idrett.no\/10\/um\/files\/2020\/01\/Kart-B\u00e6rum-Idrettspark-768x543.jpg 768w, http:\/\/tyrving.idrett.no\/10\/um\/files\/2020\/01\/Kart-B\u00e6rum-Idrettspark-600x424.jpg 600w\" sizes=\"(max-width: 1024px) 100vw, 1024px\" \/><\/a><\/p>\n","protected":false},"excerpt":{"rendered":"<p>B\u00e6rum Idrettspark ligger p\u00e5 Rud i B\u00e6rum &#8211; adressen er Hauger Skolevei 36, 1351 Rud.\u00a0 Hallen ble \u00e5pnet i 2013 og er landets st\u00f8rste friidrettshall, i tillegg til fotballhall og fleridrettshall.\u00a0 Tyrving har trening i hallen syv dager i uken fra september\/oktober til april\/mai.<\/p>\n","protected":false},"author":2,"featured_media":0,"parent":1119,"menu_order":0,"comment_status":"closed","ping_status":"closed","template":"","meta":{"footnotes":""},"_links":{"self":[{"href":"http:\/\/tyrving.idrett.no\/10\/um\/wp-json\/wp\/v2\/pages\/1205"}],"collection":[{"href":"http:\/\/tyrving.idrett.no\/10\/um\/wp-json\/wp\/v2\/pages"}],"about":[{"href":"http:\/\/tyrving.idrett.no\/10\/um\/wp-json\/wp\/v2\/types\/page"}],"author":[{"embeddable":true,"href":"http:\/\/tyrving.idrett.no\/10\/um\/wp-json\/wp\/v2\/users\/2"}],"replies":[{"embeddable":true,"href":"http:\/\/tyrving.idrett.no\/10\/um\/wp-json\/wp\/v2\/comments?post=1205"}],"version-history":[{"count":4,"href":"http:\/\/tyrving.idrett.no\/10\/um\/wp-json\/wp\/v2\/pages\/1205\/revisions"}],"predecessor-version":[{"id":1635,"href":"http:\/\/tyrving.idrett.no\/10\/um\/wp-json\/wp\/v2\/pages\/1205\/revisions\/1635"}],"up":[{"embeddable":true,"href":"http:\/\/tyrving.idrett.no\/10\/um\/wp-json\/wp\/v2\/pages\/1119"}],"wp:attachment":[{"href":"http:\/\/tyrving.idrett.no\/10\/um\/wp-json\/wp\/v2\/media?parent=1205"}],"curies":[{"name":"wp","href":"https:\/\/api.w.org\/{rel}","templated":true}]}}