{"id":1534,"date":"2017-02-28T16:15:33","date_gmt":"2017-02-28T15:15:33","guid":{"rendered":"http:\/\/tyrving.idrett.no\/10\/um\/?page_id=1534"},"modified":"2020-03-01T12:03:35","modified_gmt":"2020-03-01T11:03:35","slug":"presseinformasjon","status":"publish","type":"page","link":"http:\/\/tyrving.idrett.no\/10\/um\/presseinformasjon\/","title":{"rendered":"Presseinformasjon"},"content":{"rendered":"<p>Journalister og fotografer som \u00f8nsker \u00e5 f\u00f8lge mesterskapet i B\u00e6rum bes \u00e5 henvende seg p\u00e5 stevnekontoret i andre etasje i B\u00e6rum Idrettspark.<\/p>\n<p>Ved sp\u00f8rsm\u00e5l, kontakt <a href=\"mailto:friidrett@tyrving.no\">friidrett@tyrving.no<\/a><\/p>\n<p>Velkommen til UM 2020!<\/p>\n","protected":false},"excerpt":{"rendered":"<p>Journalister og fotografer som \u00f8nsker \u00e5 f\u00f8lge mesterskapet i B\u00e6rum bes \u00e5 henvende seg p\u00e5 stevnekontoret i andre etasje i B\u00e6rum Idrettspark. Ved sp\u00f8rsm\u00e5l, kontakt friidrett@tyrving.no Velkommen til UM 2020!<\/p>\n","protected":false},"author":2,"featured_media":0,"parent":0,"menu_order":0,"comment_status":"closed","ping_status":"closed","template":"","meta":{"footnotes":""},"_links":{"self":[{"href":"http:\/\/tyrving.idrett.no\/10\/um\/wp-json\/wp\/v2\/pages\/1534"}],"collection":[{"href":"http:\/\/tyrving.idrett.no\/10\/um\/wp-json\/wp\/v2\/pages"}],"about":[{"href":"http:\/\/tyrving.idrett.no\/10\/um\/wp-json\/wp\/v2\/types\/page"}],"author":[{"embeddable":true,"href":"http:\/\/tyrving.idrett.no\/10\/um\/wp-json\/wp\/v2\/users\/2"}],"replies":[{"embeddable":true,"href":"http:\/\/tyrving.idrett.no\/10\/um\/wp-json\/wp\/v2\/comments?post=1534"}],"version-history":[{"count":5,"href":"http:\/\/tyrving.idrett.no\/10\/um\/wp-json\/wp\/v2\/pages\/1534\/revisions"}],"predecessor-version":[{"id":1787,"href":"http:\/\/tyrving.idrett.no\/10\/um\/wp-json\/wp\/v2\/pages\/1534\/revisions\/1787"}],"wp:attachment":[{"href":"http:\/\/tyrving.idrett.no\/10\/um\/wp-json\/wp\/v2\/media?parent=1534"}],"curies":[{"name":"wp","href":"https:\/\/api.w.org\/{rel}","templated":true}]}}