{"id":1722,"date":"2020-02-29T17:35:22","date_gmt":"2020-02-29T16:35:22","guid":{"rendered":"http:\/\/tyrving.idrett.no\/10\/um\/?page_id=1722"},"modified":"2020-02-29T17:35:22","modified_gmt":"2020-02-29T16:35:22","slug":"hotell","status":"publish","type":"page","link":"http:\/\/tyrving.idrett.no\/10\/um\/innkvartering-2\/hotell\/","title":{"rendered":"Hotell"},"content":{"rendered":"<p><a href=\"http:\/\/tyrving.idrett.no\/10\/um\/files\/2019\/11\/thon-hotel-oslofjord-fasade.jpg\"><img decoding=\"async\" loading=\"lazy\" class=\"aligncenter wp-image-1598 size-large\" src=\"http:\/\/tyrving.idrett.no\/10\/um\/files\/2019\/11\/thon-hotel-oslofjord-fasade-1024x512.jpg\" alt=\"\" width=\"1024\" height=\"512\" srcset=\"http:\/\/tyrving.idrett.no\/10\/um\/files\/2019\/11\/thon-hotel-oslofjord-fasade-1024x512.jpg 1024w, http:\/\/tyrving.idrett.no\/10\/um\/files\/2019\/11\/thon-hotel-oslofjord-fasade-300x150.jpg 300w, http:\/\/tyrving.idrett.no\/10\/um\/files\/2019\/11\/thon-hotel-oslofjord-fasade-768x384.jpg 768w, http:\/\/tyrving.idrett.no\/10\/um\/files\/2019\/11\/thon-hotel-oslofjord-fasade-600x300.jpg 600w, http:\/\/tyrving.idrett.no\/10\/um\/files\/2019\/11\/thon-hotel-oslofjord-fasade.jpg 1100w\" sizes=\"(max-width: 1024px) 100vw, 1024px\" \/><\/a><\/p>\n<p>Tyrving samarbeider med <b>Thon-kjeden <\/b>n\u00e5r det gjelder hotel i forbindelse med v\u00e5re stevner.<\/p>\n<p>P\u00e5 <a href=\"https:\/\/www.thonhotels.no\/hoteller\/norge\/sandvika\/thon-hotel-oslofjord\/\"><strong>Thon Hotel Oslofjord i Sandvika<\/strong><\/a> er det satt av mange rom i forbindelse med innend\u00f8rs UM, men det l\u00f8nner seg \u00e5 v\u00e6re tidlig ute med bestilling.\u00a0 Erfaringsmessig fylles hotellet opp relativt rask.<\/p>\n<p><strong>Priser pr d\u00f8gn inkl. frokost:<\/strong><\/p>\n<ul>\n<li>Enkeltrom kr 747.<\/li>\n<li>Dobbeltrom kr 897.<\/li>\n<li>Trippelrom kr 1047.<\/li>\n<li>Firesengsrom kr 1.197.<\/li>\n<\/ul>\n<p>All bestilling gj\u00f8res direkte til Thon Hotel Oslofjord \u2013 mail: <strong>line.lonne@olavthon.no \u2013 bestillingsnummer 28419491.<\/strong><\/p>\n<p>&nbsp;<\/p>\n<p>&nbsp;<\/p>\n<p>&nbsp;<\/p>\n","protected":false},"excerpt":{"rendered":"<p>Tyrving samarbeider med Thon-kjeden n\u00e5r det gjelder hotel i forbindelse med v\u00e5re stevner. P\u00e5 Thon Hotel Oslofjord i Sandvika er det satt av mange rom i forbindelse med innend\u00f8rs UM, men det l\u00f8nner seg \u00e5 v\u00e6re tidlig ute med bestilling.\u00a0 Erfaringsmessig fylles hotellet opp relativt rask. Priser pr d\u00f8gn inkl. &#8230; <a title=\"Hotell\" class=\"read-more\" href=\"http:\/\/tyrving.idrett.no\/10\/um\/innkvartering-2\/hotell\/\" aria-label=\"Mer p\u00e5 Hotell\">Les mer<\/a><\/p>\n","protected":false},"author":32,"featured_media":0,"parent":39,"menu_order":0,"comment_status":"closed","ping_status":"closed","template":"","meta":{"footnotes":""},"_links":{"self":[{"href":"http:\/\/tyrving.idrett.no\/10\/um\/wp-json\/wp\/v2\/pages\/1722"}],"collection":[{"href":"http:\/\/tyrving.idrett.no\/10\/um\/wp-json\/wp\/v2\/pages"}],"about":[{"href":"http:\/\/tyrving.idrett.no\/10\/um\/wp-json\/wp\/v2\/types\/page"}],"author":[{"embeddable":true,"href":"http:\/\/tyrving.idrett.no\/10\/um\/wp-json\/wp\/v2\/users\/32"}],"replies":[{"embeddable":true,"href":"http:\/\/tyrving.idrett.no\/10\/um\/wp-json\/wp\/v2\/comments?post=1722"}],"version-history":[{"count":1,"href":"http:\/\/tyrving.idrett.no\/10\/um\/wp-json\/wp\/v2\/pages\/1722\/revisions"}],"predecessor-version":[{"id":1723,"href":"http:\/\/tyrving.idrett.no\/10\/um\/wp-json\/wp\/v2\/pages\/1722\/revisions\/1723"}],"up":[{"embeddable":true,"href":"http:\/\/tyrving.idrett.no\/10\/um\/wp-json\/wp\/v2\/pages\/39"}],"wp:attachment":[{"href":"http:\/\/tyrving.idrett.no\/10\/um\/wp-json\/wp\/v2\/media?parent=1722"}],"curies":[{"name":"wp","href":"https:\/\/api.w.org\/{rel}","templated":true}]}}