{"id":1725,"date":"2020-02-29T17:36:36","date_gmt":"2020-02-29T16:36:36","guid":{"rendered":"http:\/\/tyrving.idrett.no\/10\/um\/?page_id=1725"},"modified":"2020-03-01T09:28:24","modified_gmt":"2020-03-01T08:28:24","slug":"live-resultater","status":"publish","type":"page","link":"http:\/\/tyrving.idrett.no\/10\/um\/resultater\/live-resultater\/","title":{"rendered":"Live-resultater"},"content":{"rendered":"<p>F\u00f8lg resultater underveis i konkurransen:<\/p>\n<ul>\n<li><a href=\"https:\/\/liveres.andro.no\/results\/?competition_id=49&amp;day_id=1\">Fredag<\/a><\/li>\n<li><a href=\"https:\/\/liveres.andro.no\/results\/?competition_id=49&amp;day_id=2\">L\u00f8rdag<\/a><\/li>\n<li><a href=\"https:\/\/liveres.andro.no\/results\/?competition_id=49&amp;day_id=3\">S\u00f8ndag<\/a><\/li>\n<\/ul>\n<div><\/div>\n","protected":false},"excerpt":{"rendered":"<p>F\u00f8lg resultater underveis i konkurransen: Fredag L\u00f8rdag S\u00f8ndag<\/p>\n","protected":false},"author":32,"featured_media":0,"parent":43,"menu_order":0,"comment_status":"closed","ping_status":"closed","template":"","meta":{"footnotes":""},"_links":{"self":[{"href":"http:\/\/tyrving.idrett.no\/10\/um\/wp-json\/wp\/v2\/pages\/1725"}],"collection":[{"href":"http:\/\/tyrving.idrett.no\/10\/um\/wp-json\/wp\/v2\/pages"}],"about":[{"href":"http:\/\/tyrving.idrett.no\/10\/um\/wp-json\/wp\/v2\/types\/page"}],"author":[{"embeddable":true,"href":"http:\/\/tyrving.idrett.no\/10\/um\/wp-json\/wp\/v2\/users\/32"}],"replies":[{"embeddable":true,"href":"http:\/\/tyrving.idrett.no\/10\/um\/wp-json\/wp\/v2\/comments?post=1725"}],"version-history":[{"count":4,"href":"http:\/\/tyrving.idrett.no\/10\/um\/wp-json\/wp\/v2\/pages\/1725\/revisions"}],"predecessor-version":[{"id":1753,"href":"http:\/\/tyrving.idrett.no\/10\/um\/wp-json\/wp\/v2\/pages\/1725\/revisions\/1753"}],"up":[{"embeddable":true,"href":"http:\/\/tyrving.idrett.no\/10\/um\/wp-json\/wp\/v2\/pages\/43"}],"wp:attachment":[{"href":"http:\/\/tyrving.idrett.no\/10\/um\/wp-json\/wp\/v2\/media?parent=1725"}],"curies":[{"name":"wp","href":"https:\/\/api.w.org\/{rel}","templated":true}]}}