{"id":1774,"date":"2020-03-01T11:44:04","date_gmt":"2020-03-01T10:44:04","guid":{"rendered":"http:\/\/tyrving.idrett.no\/10\/um\/?page_id=1774"},"modified":"2020-03-04T22:00:09","modified_gmt":"2020-03-04T21:00:09","slug":"startlister","status":"publish","type":"page","link":"http:\/\/tyrving.idrett.no\/10\/um\/startlister\/","title":{"rendered":"Startlister"},"content":{"rendered":"<p><a href=\"http:\/\/tyrving.idrett.no\/10\/um\/files\/2020\/03\/UM-startliste-med-trekning-tekniske-\u00f8velser-v3.pdf\">UM startliste med trekning tekniske \u00f8velser v3<\/a><\/p>\n<p>Merk f\u00f8lgende n\u00e5r det gjelder kvalifisering til 200m og 400m:<\/p>\n<p>&#8211; Vi har gjennomg\u00e5tt p\u00e5meldingene i disse \u00f8velsene og sjekket mot statistikken.\u00a0 Der vi <strong><em>ikke<\/em><\/strong> har funnet kvalifiserte resultater er ut\u00f8ver str\u00f8ket fra p\u00e5melding p\u00e5 200m og\/eller 400m, og er derfor ikke med p\u00e5 startlistene.\u00a0 Ut\u00f8verne vil bli tilskrevet snarest og bedt om \u00e5 dokumentere at kravet er klart.\u00a0 Is\u00e5fall vil vi selvsagt sette vedkommende inn p\u00e5 startlistene igjen.<\/p>\n<p><a href=\"http:\/\/tyrving.idrett.no\/10\/um\/files\/2020\/03\/UM-klubbliste.pdf\">UM klubbliste<\/a><\/p>\n<p><a href=\"http:\/\/tyrving.idrett.no\/10\/um\/files\/2020\/03\/UM-klubbliste-med-tidspunkter.pdf\">UM klubbliste med tidspunkter<\/a><\/p>\n","protected":false},"excerpt":{"rendered":"<p>UM startliste med trekning tekniske \u00f8velser v3 Merk f\u00f8lgende n\u00e5r det gjelder kvalifisering til 200m og 400m: &#8211; Vi har gjennomg\u00e5tt p\u00e5meldingene i disse \u00f8velsene og sjekket mot statistikken.\u00a0 Der vi ikke har funnet kvalifiserte resultater er ut\u00f8ver str\u00f8ket fra p\u00e5melding p\u00e5 200m og\/eller 400m, og er derfor ikke med &#8230; <a title=\"Startlister\" class=\"read-more\" href=\"http:\/\/tyrving.idrett.no\/10\/um\/startlister\/\" aria-label=\"Mer p\u00e5 Startlister\">Les mer<\/a><\/p>\n","protected":false},"author":2,"featured_media":0,"parent":0,"menu_order":0,"comment_status":"closed","ping_status":"closed","template":"","meta":{"footnotes":""},"_links":{"self":[{"href":"http:\/\/tyrving.idrett.no\/10\/um\/wp-json\/wp\/v2\/pages\/1774"}],"collection":[{"href":"http:\/\/tyrving.idrett.no\/10\/um\/wp-json\/wp\/v2\/pages"}],"about":[{"href":"http:\/\/tyrving.idrett.no\/10\/um\/wp-json\/wp\/v2\/types\/page"}],"author":[{"embeddable":true,"href":"http:\/\/tyrving.idrett.no\/10\/um\/wp-json\/wp\/v2\/users\/2"}],"replies":[{"embeddable":true,"href":"http:\/\/tyrving.idrett.no\/10\/um\/wp-json\/wp\/v2\/comments?post=1774"}],"version-history":[{"count":8,"href":"http:\/\/tyrving.idrett.no\/10\/um\/wp-json\/wp\/v2\/pages\/1774\/revisions"}],"predecessor-version":[{"id":1833,"href":"http:\/\/tyrving.idrett.no\/10\/um\/wp-json\/wp\/v2\/pages\/1774\/revisions\/1833"}],"wp:attachment":[{"href":"http:\/\/tyrving.idrett.no\/10\/um\/wp-json\/wp\/v2\/media?parent=1774"}],"curies":[{"name":"wp","href":"https:\/\/api.w.org\/{rel}","templated":true}]}}