{"id":20,"date":"2015-04-20T08:33:52","date_gmt":"2015-04-20T06:33:52","guid":{"rendered":"http:\/\/tyrving.idrett.no\/10\/tl2014\/?page_id=20"},"modified":"2020-03-01T11:27:36","modified_gmt":"2020-03-01T10:27:36","slug":"dagsprogrammet","status":"publish","type":"page","link":"http:\/\/tyrving.idrett.no\/10\/um\/informasjom\/dagsprogrammet\/","title":{"rendered":"Dagsprogram og kvalik-krav"},"content":{"rendered":"<p><strong>DAGSPROGRAM:<\/strong><\/p>\n<p><a href=\"http:\/\/tyrving.idrett.no\/10\/um\/files\/2019\/11\/Forslag-dagsprogram-UM-inne-2020-Final.jpg\"><img decoding=\"async\" loading=\"lazy\" class=\"alignnone wp-image-1610 size-large\" src=\"http:\/\/tyrving.idrett.no\/10\/um\/files\/2019\/11\/Forslag-dagsprogram-UM-inne-2020-Final-1024x724.jpg\" alt=\"\" width=\"1024\" height=\"724\" srcset=\"http:\/\/tyrving.idrett.no\/10\/um\/files\/2019\/11\/Forslag-dagsprogram-UM-inne-2020-Final-1024x724.jpg 1024w, http:\/\/tyrving.idrett.no\/10\/um\/files\/2019\/11\/Forslag-dagsprogram-UM-inne-2020-Final-300x212.jpg 300w, http:\/\/tyrving.idrett.no\/10\/um\/files\/2019\/11\/Forslag-dagsprogram-UM-inne-2020-Final-768x543.jpg 768w, http:\/\/tyrving.idrett.no\/10\/um\/files\/2019\/11\/Forslag-dagsprogram-UM-inne-2020-Final-600x424.jpg 600w\" sizes=\"(max-width: 1024px) 100vw, 1024px\" \/><\/a><\/p>\n<p>&nbsp;<\/p>\n<p><strong>KVALIFISERINGSKRAV:<\/strong><\/p>\n<p>Begrenset plass innend\u00f8rs gjor det n\u00f8dvendig med kvalifiseringskrav i noen av \u00f8velsene.<\/p>\n<p>For UM 2020 vil dette gjelde 200 m og 400 m.<\/p>\n<table style=\"border-collapse: collapse;width: 360pt\" border=\"0\" width=\"480\" cellspacing=\"0\" cellpadding=\"0\">\n<colgroup>\n<col style=\"width: 60pt\" span=\"6\" width=\"80\" \/> <\/colgroup>\n<tbody>\n<tr style=\"height: 15.0pt\">\n<td class=\"xl65\" style=\"height: 15.0pt;width: 60pt\" width=\"80\" height=\"20\"><\/td>\n<td class=\"xl65\" style=\"border-left: none;width: 60pt\" width=\"80\"><strong>G15<\/strong><\/td>\n<td class=\"xl65\" style=\"border-left: none;width: 60pt\" width=\"80\"><strong>G16<\/strong><\/td>\n<td class=\"xl65\" style=\"border-left: none;width: 60pt\" width=\"80\"><strong>G17<\/strong><\/td>\n<td class=\"xl65\" style=\"border-left: none;width: 60pt\" width=\"80\"><strong>G18\/19<\/strong><\/td>\n<td class=\"xl65\" style=\"border-left: none;width: 60pt\" width=\"80\"><strong>G20\/22<\/strong><\/td>\n<\/tr>\n<tr style=\"height: 15.0pt\">\n<td class=\"xl65\" style=\"height: 15.0pt;border-top: none\" height=\"20\">200 m \u00b9<\/td>\n<td class=\"xl66\" style=\"border-top: none;border-left: none\" align=\"right\">27,00<\/td>\n<td class=\"xl66\" style=\"border-top: none;border-left: none\" align=\"right\">25,75<\/td>\n<td class=\"xl66\" style=\"border-top: none;border-left: none\" align=\"right\">25,25<\/td>\n<td class=\"xl66\" style=\"border-top: none;border-left: none\" align=\"right\">24,99<\/td>\n<td class=\"xl66\" style=\"border-top: none;border-left: none\" align=\"right\">24,49<\/td>\n<\/tr>\n<tr style=\"height: 15.0pt\">\n<td class=\"xl65\" style=\"height: 15.0pt;border-top: none\" height=\"20\">400 m \u00b2<\/td>\n<td class=\"xl66\" style=\"border-top: none;border-left: none\"><\/td>\n<td class=\"xl66\" style=\"border-top: none;border-left: none\"><\/td>\n<td class=\"xl65\" style=\"border-top: none;border-left: none\" align=\"right\">56,99<\/td>\n<td class=\"xl65\" style=\"border-top: none;border-left: none\" align=\"right\">55,99<\/td>\n<td class=\"xl65\" style=\"border-top: none;border-left: none\" align=\"right\">54,99<\/td>\n<\/tr>\n<tr style=\"height: 15.0pt\">\n<td style=\"height: 15.0pt\" height=\"20\"><\/td>\n<td><\/td>\n<td><\/td>\n<td><\/td>\n<td><\/td>\n<td><\/td>\n<\/tr>\n<tr style=\"height: 15.0pt\">\n<td class=\"xl65\" style=\"height: 15.0pt\" height=\"20\"><\/td>\n<td class=\"xl65\" style=\"border-left: none\"><strong>J15<\/strong><\/td>\n<td class=\"xl65\" style=\"border-left: none\"><strong>J16<\/strong><\/td>\n<td class=\"xl65\" style=\"border-left: none\"><strong>J17<\/strong><\/td>\n<td class=\"xl65\" style=\"border-left: none\"><strong>J18\/19<\/strong><\/td>\n<td class=\"xl65\" style=\"border-left: none\"><strong>J20\/22<\/strong><\/td>\n<\/tr>\n<tr style=\"height: 15.0pt\">\n<td class=\"xl65\" style=\"height: 15.0pt;border-top: none\" height=\"20\">200 m \u00b9<\/td>\n<td class=\"xl66\" style=\"border-top: none;border-left: none\" align=\"right\">28,80<\/td>\n<td class=\"xl66\" style=\"border-top: none;border-left: none\" align=\"right\">28,40<\/td>\n<td class=\"xl66\" style=\"border-top: none;border-left: none\" align=\"right\">28,20<\/td>\n<td class=\"xl65\" style=\"border-top: none;border-left: none\" align=\"right\">27,99<\/td>\n<td class=\"xl65\" style=\"border-top: none;border-left: none\" align=\"right\">27,99<\/td>\n<\/tr>\n<tr style=\"height: 15.0pt\">\n<td class=\"xl65\" style=\"height: 15.0pt;border-top: none\" height=\"20\">400 m \u00b2<\/td>\n<td class=\"xl65\" style=\"border-top: none;border-left: none\"><\/td>\n<td class=\"xl65\" style=\"border-top: none;border-left: none\"><\/td>\n<td class=\"xl66\" style=\"border-top: none;border-left: none\" align=\"right\">67,00<\/td>\n<td class=\"xl65\" style=\"border-top: none;border-left: none\" align=\"right\">65,5<\/td>\n<td class=\"xl65\" style=\"border-top: none;border-left: none\" align=\"right\">64,99<\/td>\n<\/tr>\n<\/tbody>\n<\/table>\n<p>\u00b9 = Tiden gjelder automatisk tidtakning, for manuell tidtakning skal gj\u00f8res et fradrag p\u00e5 0,3 sek.<br \/>\n\u00b2 = Tiden gjelder automatisk tidtakning, for manuell tidtakning skal gj\u00f8res et fradrag p\u00e5 0,2 sek<\/p>\n<p>&nbsp;<\/p>\n","protected":false},"excerpt":{"rendered":"<p>DAGSPROGRAM: &nbsp; KVALIFISERINGSKRAV: Begrenset plass innend\u00f8rs gjor det n\u00f8dvendig med kvalifiseringskrav i noen av \u00f8velsene. For UM 2020 vil dette gjelde 200 m og 400 m. G15 G16 G17 G18\/19 G20\/22 200 m \u00b9 27,00 25,75 25,25 24,99 24,49 400 m \u00b2 56,99 55,99 54,99 J15 J16 J17 J18\/19 J20\/22 &#8230; <a title=\"Dagsprogram og kvalik-krav\" class=\"read-more\" href=\"http:\/\/tyrving.idrett.no\/10\/um\/informasjom\/dagsprogrammet\/\" aria-label=\"Mer p\u00e5 Dagsprogram og kvalik-krav\">Les mer<\/a><\/p>\n","protected":false},"author":2,"featured_media":0,"parent":1119,"menu_order":1,"comment_status":"closed","ping_status":"closed","template":"","meta":{"footnotes":""},"_links":{"self":[{"href":"http:\/\/tyrving.idrett.no\/10\/um\/wp-json\/wp\/v2\/pages\/20"}],"collection":[{"href":"http:\/\/tyrving.idrett.no\/10\/um\/wp-json\/wp\/v2\/pages"}],"about":[{"href":"http:\/\/tyrving.idrett.no\/10\/um\/wp-json\/wp\/v2\/types\/page"}],"author":[{"embeddable":true,"href":"http:\/\/tyrving.idrett.no\/10\/um\/wp-json\/wp\/v2\/users\/2"}],"replies":[{"embeddable":true,"href":"http:\/\/tyrving.idrett.no\/10\/um\/wp-json\/wp\/v2\/comments?post=20"}],"version-history":[{"count":69,"href":"http:\/\/tyrving.idrett.no\/10\/um\/wp-json\/wp\/v2\/pages\/20\/revisions"}],"predecessor-version":[{"id":1611,"href":"http:\/\/tyrving.idrett.no\/10\/um\/wp-json\/wp\/v2\/pages\/20\/revisions\/1611"}],"up":[{"embeddable":true,"href":"http:\/\/tyrving.idrett.no\/10\/um\/wp-json\/wp\/v2\/pages\/1119"}],"wp:attachment":[{"href":"http:\/\/tyrving.idrett.no\/10\/um\/wp-json\/wp\/v2\/media?parent=20"}],"curies":[{"name":"wp","href":"https:\/\/api.w.org\/{rel}","templated":true}]}}