{"id":11510,"date":"2014-01-15T12:32:20","date_gmt":"2014-01-15T11:32:20","guid":{"rendered":"http:\/\/tyrving.idrett.no\/10\/f\/?page_id=11510"},"modified":"2021-12-18T15:11:12","modified_gmt":"2021-12-18T14:11:12","slug":"tyrvinglekene-inne-2014","status":"publish","type":"page","link":"https:\/\/tyrving.idrett.no\/10\/f\/tyrvingstevner\/tyrvinglekene-inne-2014\/","title":{"rendered":"Tyrvinglekene inne 8.-9.02.14"},"content":{"rendered":"<p><strong>Helgen 8.-9. februar starter vi en ny tradisjon i Tyrving: De f\u00f8rste \u00abTyrvinglekene Inne\u00bb arrangeres i den nye flotte friidrettshallen p\u00e5 Rud i B\u00e6rum &#8211; B\u00e6rum Idrettspark. Det er tenkt som et \u00e5rlig arrangement i hallen v\u00e5r. Siden vi ogs\u00e5 skal arrangere UM Inne 2014 i mars begynner vi med et litt redusert \u00f8velsesutvalg for TL Inne, men de fleste skal kunne finne \u00f8velser som passer. \u00a0Tyrvinglekene Inne er for ut\u00f8vere fra 10 \u00e5r og oppover.<\/strong><\/p>\n<p><span style=\"color: #ff0000\"><strong>RESULTATER\u00a0<\/strong><\/span><\/p>\n<p>ser du ved \u00e5 klikke p\u00e5 denne linken:\u00a0<a href=\"http:\/\/webres.andro.no\/tyrvinglekene_inne\/2014\/\">http:\/\/webres.andro.no\/tyrvinglekene_inne\/2014\/<\/a><\/p>\n<p><span style=\"color: #ff0000\"><strong>OPPDATERTE STARTLISTER\u00a0<\/strong><\/span><\/p>\n<p>ser du ved \u00e5 klikke p\u00e5:\u00a0<a href=\"http:\/\/tyrving.idrett.no\/10\/f\/files\/2014\/01\/Startliste-TL-pr-060214.pdf\">Startliste TL pr 060214<\/a><\/p>\n<p><strong><span style=\"color: #ff0000\">GOD NYHET VEDR OPPVARMING<\/span><\/strong><\/p>\n<p>Tyrving har leid fotballbanen &#8211; i B\u00e6rum Idrettspark for bruk til oppvarming. Det h\u00f8res vel bedre ut enn at oppvarmingen m\u00e5 foreg\u00e5 utend\u00f8rs? \u00a0Det er ikke tillatt \u00e5 bruke piggsko i denne hallen, og det er heller ikke tillatt \u00e5 bringe mat med inn dit.<\/p>\n<p><span style=\"color: #ff0000\"><strong>VIKTIG DELTAKERINFORMASJON<\/strong><\/span> som alle m\u00e5 lese f\u00f8r stevnestart:<\/p>\n<ul>\n<li><a href=\"http:\/\/tyrving.idrett.no\/10\/f\/files\/2014\/01\/Deltakerinfo-TL-inne-2014.pdf\">Deltakerinfo TL inne 2014<\/a><\/li>\n<\/ul>\n<p><span style=\"color: #ff0000\"><strong>TIDSSKJEMA HAR BLITT KORRIGERT\u00a0<\/strong><\/span>i forhold til det som ble lagt ut for noen dager siden. \u00a0Korrigeringene er:<\/p>\n<ul>\n<li>Stav gutter starter kl. 1300 p\u00e5 l\u00f8rdag.<\/li>\n<li>Stav jenter starter kl. 1300 p\u00e5 s\u00f8ndag.<\/li>\n<li>Lengde jenter 12 \u00e5r starter kl. 1345 p\u00e5 l\u00f8rdag.<\/li>\n<\/ul>\n<p><strong>Oppdatert tidsskjema ser du ved \u00e5 klikke p\u00e5 linkene under:<\/strong><\/p>\n<ul>\n<li><a href=\"http:\/\/tyrving.idrett.no\/10\/f\/files\/2014\/01\/Tidsskjema-TL-inne-2014-l\u00f8rdag-korrigert-2.pdf\">Tidsskjema TL inne 2014 l\u00f8rdag (korrigert 2)<\/a><\/li>\n<li><a href=\"http:\/\/tyrving.idrett.no\/10\/f\/files\/2014\/01\/Tidsskjema-TL-inne-2014-s\u00f8ndag-korrigert2.pdf\">Tidsskjema TL inne 2014 s\u00f8ndag (korrigert)2<\/a><\/li>\n<\/ul>\n<p><span style=\"color: #ff0000\"><strong>STARTLISTER<\/strong><\/span><\/p>\n<p>Startlister oppdatert pr. 02.02. ser du ved \u00e5 klikke <a href=\"http:\/\/tyrving.idrett.no\/10\/f\/files\/2014\/01\/Startliste-TL-inne-oppdatert-020214.pdf\"><strong>HER<\/strong>.<\/a><strong><span style=\"color: #ff0000\"><span style=\"color: #ff0000\">\u00a0<\/span><\/span><\/strong>\u00a0Send snarest en mail til friidrett@tyrving.no dersom feil oppdages.<\/p>\n<p><span style=\"color: #ff0000\"><strong>INNBYDELSE<\/strong><\/span><\/p>\n<p>til Tyrvinglekene inne ser du ved \u00e5 klikke\u00a0<strong><a href=\"http:\/\/tyrving.idrett.no\/10\/f\/files\/2013\/02\/Innbydelse-TL-inne-2014.pdf\">her<\/a><\/strong>.<\/p>\n<p><span style=\"color: #ff0000\"><strong>NYE \u00d8VELSER &#8211;\u00a0<\/strong><\/span><strong>Etter foresp\u00f8rsel om flere \u00f8velser, har vi bestemt \u00e5 utvide \u00f8velsesprogrammet med<\/strong>:<\/p>\n<ul>\n<li>60m hekk for 13 og 14 &#8211; s\u00f8ndag 9. feb.<\/li>\n<li>Tresteg KS &#8211; l\u00f8rdag 8. feb.<\/li>\n<li>Stav KS &#8211; s\u00f8ndag 9. feb.<\/li>\n<li>H\u00f8yde MS &#8211; s\u00f8ndag 9. feb.<\/li>\n<\/ul>\n<p><strong style=\"color: #ff0000\">P\u00c5MELDING:<\/strong><\/p>\n<ul>\n<li>P\u00e5meldingsfristen er 28. jan og du kan gj\u00f8re p\u00e5melding via Min Idrett eller Sportsadmin.<\/li>\n<li>P\u00e5melding til stafett gj\u00f8res ved mail til: \u00a0<strong><a href=\"mailto:friidrett@tyrving.no\">friidrett@tyrving.no<\/a><\/strong><\/li>\n<li>Etteranmelding er kun mulig hvis det er plass i \u00f8velsen. \u00a0Etteranmelding koster kr 150 pr. \u00f8velse.<\/li>\n<\/ul>\n<p><span style=\"color: #ff0000\"><strong>B\u00c6RUM IDRETTSPARK &#8211; SLIK FINNER DU VEIEN:<\/strong><\/span><\/p>\n<ul>\n<li><strong>TOG:<\/strong>\u00a0Ta tog til Sandvika stasjon (lokaltog og flytog). Regionaltog stopper p\u00e5 Asker og Lysaker stasjon.<\/li>\n<li><strong>BUSS:<\/strong>\u00a0Rute 753 Lommedalen fra Sandvika stasjon eller rute 151 Rykkinn fra Oslo\/Sandvika. G\u00e5 av p\u00e5 Hauger busstopp. G\u00e5 over veien og f\u00f8lg gangveien ca 3 minutter vestover (i retning Kirkerudbakken).<\/li>\n<li><strong>BIL:<\/strong>\u00a0Fra Oslo\/Drammen; Kj\u00f8r E16 fra Sandvika mot H\u00f8nefoss. Ta til h\u00f8yre etter Hamang-tunnellen (tunnell nr 2). Kj\u00f8r til h\u00f8yre i f\u00f8rste kryss mot Kols\u00e5s\/Bekkestua\/Rud, og til venstre i neste kryss (lyskryss) mot Rud\/Hauger (industriomr\u00e5de). Ta til h\u00f8yre i 2. rundkj\u00f8ring (skiltet viser Hauger Idrettspark). Hallen er lett synlig.<\/li>\n<\/ul>\n<p><span style=\"color: #ff0000\"><strong>\u00a0KULEVEKTER:<\/strong><\/span><\/p>\n<table border=\"0\" width=\"480\" cellspacing=\"0\" cellpadding=\"0\">\n<tbody>\n<tr>\n<td width=\"80\" height=\"20\"><strong>2kg<\/strong><\/td>\n<td width=\"80\"><strong>3kg<\/strong><\/td>\n<td width=\"80\"><strong>4kg<\/strong><\/td>\n<td width=\"80\"><strong>5kg<\/strong><\/td>\n<td width=\"80\"><strong>6kg<\/strong><\/td>\n<td width=\"80\"><strong>7,25kg<\/strong><\/td>\n<\/tr>\n<tr>\n<td width=\"80\" height=\"60\">J10, J11, J12, J13, G10, G11<\/td>\n<td width=\"80\">J14, J15, J16, J17, G12, G13<\/td>\n<td width=\"80\">J18\/19, KS, G14, G15<\/td>\n<td>G16, G17<\/td>\n<td>G18\/19<\/td>\n<td>MS<\/td>\n<\/tr>\n<\/tbody>\n<\/table>\n<p>&nbsp;<\/p>\n<p>&nbsp;<\/p>\n<p>&nbsp;<\/p>\n","protected":false},"excerpt":{"rendered":"Helgen 8.-9. februar starter vi en ny tradisjon i Tyrving: De f\u00f8rste \u00abTyrvinglekene Inne\u00bb arrangeres i den nye flotte friidrettshallen p\u00e5 Rud i B\u00e6rum &#8211; B\u00e6rum Idrettspark. Det er tenkt som et \u00e5rl&#8230;","protected":false},"author":2,"featured_media":0,"parent":52,"menu_order":0,"comment_status":"open","ping_status":"open","template":"","meta":{"footnotes":""},"categories":[],"tags":[7872],"acf":[],"yoast_head":"<!-- This site is optimized with the Yoast SEO plugin v21.2 - https:\/\/yoast.com\/wordpress\/plugins\/seo\/ -->\n<title>Tyrvinglekene inne 8.-9.02.14 - Tyrving - Friidrett<\/title>\n<meta name=\"robots\" content=\"index, follow, max-snippet:-1, max-image-preview:large, max-video-preview:-1\" \/>\n<link rel=\"canonical\" href=\"https:\/\/tyrving.idrett.no\/10\/f\/tyrvingstevner\/tyrvinglekene-inne-2014\/\" \/>\n<meta property=\"og:locale\" content=\"nb_NO\" \/>\n<meta property=\"og:type\" content=\"article\" \/>\n<meta property=\"og:title\" content=\"Tyrvinglekene inne 8.-9.02.14 - Tyrving - Friidrett\" \/>\n<meta property=\"og:description\" content=\"Helgen 8.-9. februar starter vi en ny tradisjon i Tyrving: De f\u00f8rste \u00abTyrvinglekene Inne\u00bb arrangeres i den nye flotte friidrettshallen p\u00e5 Rud i B\u00e6rum &#8211; B\u00e6rum Idrettspark. Det er tenkt som et \u00e5rl...\" \/>\n<meta property=\"og:url\" content=\"https:\/\/tyrving.idrett.no\/10\/f\/tyrvingstevner\/tyrvinglekene-inne-2014\/\" \/>\n<meta property=\"og:site_name\" content=\"Tyrving - Friidrett\" \/>\n<meta property=\"article:modified_time\" content=\"2021-12-18T14:11:12+00:00\" \/>\n<meta name=\"twitter:card\" content=\"summary_large_image\" \/>\n<meta name=\"twitter:label1\" content=\"Ansl. lesetid\" \/>\n\t<meta name=\"twitter:data1\" content=\"2 minutter\" \/>\n<script type=\"application\/ld+json\" class=\"yoast-schema-graph\">{\"@context\":\"https:\/\/schema.org\",\"@graph\":[{\"@type\":\"WebPage\",\"@id\":\"https:\/\/tyrving.idrett.no\/10\/f\/tyrvingstevner\/tyrvinglekene-inne-2014\/\",\"url\":\"https:\/\/tyrving.idrett.no\/10\/f\/tyrvingstevner\/tyrvinglekene-inne-2014\/\",\"name\":\"Tyrvinglekene inne 8.-9.02.14 - Tyrving - Friidrett\",\"isPartOf\":{\"@id\":\"https:\/\/tyrving.idrett.no\/10\/f\/#website\"},\"datePublished\":\"2014-01-15T11:32:20+00:00\",\"dateModified\":\"2021-12-18T14:11:12+00:00\",\"breadcrumb\":{\"@id\":\"https:\/\/tyrving.idrett.no\/10\/f\/tyrvingstevner\/tyrvinglekene-inne-2014\/#breadcrumb\"},\"inLanguage\":\"nb-NO\",\"potentialAction\":[{\"@type\":\"ReadAction\",\"target\":[\"https:\/\/tyrving.idrett.no\/10\/f\/tyrvingstevner\/tyrvinglekene-inne-2014\/\"]}]},{\"@type\":\"BreadcrumbList\",\"@id\":\"https:\/\/tyrving.idrett.no\/10\/f\/tyrvingstevner\/tyrvinglekene-inne-2014\/#breadcrumb\",\"itemListElement\":[{\"@type\":\"ListItem\",\"position\":1,\"name\":\"Hjem\",\"item\":\"https:\/\/tyrving.idrett.no\/10\/f\/\"},{\"@type\":\"ListItem\",\"position\":2,\"name\":\"Oversikt Tyrvingstevner 2020\",\"item\":\"https:\/\/tyrving.idrett.no\/10\/f\/tyrvingstevner\/\"},{\"@type\":\"ListItem\",\"position\":3,\"name\":\"Tyrvinglekene inne 8.-9.02.14\"}]},{\"@type\":\"WebSite\",\"@id\":\"https:\/\/tyrving.idrett.no\/10\/f\/#website\",\"url\":\"https:\/\/tyrving.idrett.no\/10\/f\/\",\"name\":\"Tyrving - Friidrett\",\"description\":\"Friidrettsgruppa\",\"publisher\":{\"@id\":\"https:\/\/tyrving.idrett.no\/10\/f\/#organization\"},\"potentialAction\":[{\"@type\":\"SearchAction\",\"target\":{\"@type\":\"EntryPoint\",\"urlTemplate\":\"https:\/\/tyrving.idrett.no\/10\/f\/?s={search_term_string}\"},\"query-input\":\"required name=search_term_string\"}],\"inLanguage\":\"nb-NO\"},{\"@type\":\"Organization\",\"@id\":\"https:\/\/tyrving.idrett.no\/10\/f\/#organization\",\"name\":\"Tyrving Friidrettsgruppa\",\"url\":\"https:\/\/tyrving.idrett.no\/10\/f\/\",\"logo\":{\"@type\":\"ImageObject\",\"inLanguage\":\"nb-NO\",\"@id\":\"https:\/\/tyrving.idrett.no\/10\/f\/#\/schema\/logo\/image\/\",\"url\":\"https:\/\/tyrving.idrett.no\/10\/f\/files\/2019\/04\/Tyrving-Logo-Friidrett-2019.jpg\",\"contentUrl\":\"https:\/\/tyrving.idrett.no\/10\/f\/files\/2019\/04\/Tyrving-Logo-Friidrett-2019.jpg\",\"width\":460,\"height\":360,\"caption\":\"Tyrving Friidrettsgruppa\"},\"image\":{\"@id\":\"https:\/\/tyrving.idrett.no\/10\/f\/#\/schema\/logo\/image\/\"}}]}<\/script>\n<!-- \/ Yoast SEO plugin. -->","yoast_head_json":{"title":"Tyrvinglekene inne 8.-9.02.14 - Tyrving - Friidrett","robots":{"index":"index","follow":"follow","max-snippet":"max-snippet:-1","max-image-preview":"max-image-preview:large","max-video-preview":"max-video-preview:-1"},"canonical":"https:\/\/tyrving.idrett.no\/10\/f\/tyrvingstevner\/tyrvinglekene-inne-2014\/","og_locale":"nb_NO","og_type":"article","og_title":"Tyrvinglekene inne 8.-9.02.14 - Tyrving - Friidrett","og_description":"Helgen 8.-9. februar starter vi en ny tradisjon i Tyrving: De f\u00f8rste \u00abTyrvinglekene Inne\u00bb arrangeres i den nye flotte friidrettshallen p\u00e5 Rud i B\u00e6rum &#8211; B\u00e6rum Idrettspark. Det er tenkt som et \u00e5rl...","og_url":"https:\/\/tyrving.idrett.no\/10\/f\/tyrvingstevner\/tyrvinglekene-inne-2014\/","og_site_name":"Tyrving - Friidrett","article_modified_time":"2021-12-18T14:11:12+00:00","twitter_card":"summary_large_image","twitter_misc":{"Ansl. lesetid":"2 minutter"},"schema":{"@context":"https:\/\/schema.org","@graph":[{"@type":"WebPage","@id":"https:\/\/tyrving.idrett.no\/10\/f\/tyrvingstevner\/tyrvinglekene-inne-2014\/","url":"https:\/\/tyrving.idrett.no\/10\/f\/tyrvingstevner\/tyrvinglekene-inne-2014\/","name":"Tyrvinglekene inne 8.-9.02.14 - Tyrving - Friidrett","isPartOf":{"@id":"https:\/\/tyrving.idrett.no\/10\/f\/#website"},"datePublished":"2014-01-15T11:32:20+00:00","dateModified":"2021-12-18T14:11:12+00:00","breadcrumb":{"@id":"https:\/\/tyrving.idrett.no\/10\/f\/tyrvingstevner\/tyrvinglekene-inne-2014\/#breadcrumb"},"inLanguage":"nb-NO","potentialAction":[{"@type":"ReadAction","target":["https:\/\/tyrving.idrett.no\/10\/f\/tyrvingstevner\/tyrvinglekene-inne-2014\/"]}]},{"@type":"BreadcrumbList","@id":"https:\/\/tyrving.idrett.no\/10\/f\/tyrvingstevner\/tyrvinglekene-inne-2014\/#breadcrumb","itemListElement":[{"@type":"ListItem","position":1,"name":"Hjem","item":"https:\/\/tyrving.idrett.no\/10\/f\/"},{"@type":"ListItem","position":2,"name":"Oversikt Tyrvingstevner 2020","item":"https:\/\/tyrving.idrett.no\/10\/f\/tyrvingstevner\/"},{"@type":"ListItem","position":3,"name":"Tyrvinglekene inne 8.-9.02.14"}]},{"@type":"WebSite","@id":"https:\/\/tyrving.idrett.no\/10\/f\/#website","url":"https:\/\/tyrving.idrett.no\/10\/f\/","name":"Tyrving - Friidrett","description":"Friidrettsgruppa","publisher":{"@id":"https:\/\/tyrving.idrett.no\/10\/f\/#organization"},"potentialAction":[{"@type":"SearchAction","target":{"@type":"EntryPoint","urlTemplate":"https:\/\/tyrving.idrett.no\/10\/f\/?s={search_term_string}"},"query-input":"required name=search_term_string"}],"inLanguage":"nb-NO"},{"@type":"Organization","@id":"https:\/\/tyrving.idrett.no\/10\/f\/#organization","name":"Tyrving Friidrettsgruppa","url":"https:\/\/tyrving.idrett.no\/10\/f\/","logo":{"@type":"ImageObject","inLanguage":"nb-NO","@id":"https:\/\/tyrving.idrett.no\/10\/f\/#\/schema\/logo\/image\/","url":"https:\/\/tyrving.idrett.no\/10\/f\/files\/2019\/04\/Tyrving-Logo-Friidrett-2019.jpg","contentUrl":"https:\/\/tyrving.idrett.no\/10\/f\/files\/2019\/04\/Tyrving-Logo-Friidrett-2019.jpg","width":460,"height":360,"caption":"Tyrving Friidrettsgruppa"},"image":{"@id":"https:\/\/tyrving.idrett.no\/10\/f\/#\/schema\/logo\/image\/"}}]}},"jetpack_sharing_enabled":true,"_links":{"self":[{"href":"https:\/\/tyrving.idrett.no\/10\/f\/wp-json\/wp\/v2\/pages\/11510"}],"collection":[{"href":"https:\/\/tyrving.idrett.no\/10\/f\/wp-json\/wp\/v2\/pages"}],"about":[{"href":"https:\/\/tyrving.idrett.no\/10\/f\/wp-json\/wp\/v2\/types\/page"}],"author":[{"embeddable":true,"href":"https:\/\/tyrving.idrett.no\/10\/f\/wp-json\/wp\/v2\/users\/2"}],"replies":[{"embeddable":true,"href":"https:\/\/tyrving.idrett.no\/10\/f\/wp-json\/wp\/v2\/comments?post=11510"}],"version-history":[{"count":24,"href":"https:\/\/tyrving.idrett.no\/10\/f\/wp-json\/wp\/v2\/pages\/11510\/revisions"}],"predecessor-version":[{"id":12630,"href":"https:\/\/tyrving.idrett.no\/10\/f\/wp-json\/wp\/v2\/pages\/11510\/revisions\/12630"}],"up":[{"embeddable":true,"href":"https:\/\/tyrving.idrett.no\/10\/f\/wp-json\/wp\/v2\/pages\/52"}],"wp:attachment":[{"href":"https:\/\/tyrving.idrett.no\/10\/f\/wp-json\/wp\/v2\/media?parent=11510"}],"wp:term":[{"taxonomy":"category","embeddable":true,"href":"https:\/\/tyrving.idrett.no\/10\/f\/wp-json\/wp\/v2\/categories?post=11510"},{"taxonomy":"post_tag","embeddable":true,"href":"https:\/\/tyrving.idrett.no\/10\/f\/wp-json\/wp\/v2\/tags?post=11510"}],"curies":[{"name":"wp","href":"https:\/\/api.w.org\/{rel}","templated":true}]}}