{"id":1191,"date":"2013-08-01T12:38:11","date_gmt":"2013-08-01T10:38:11","guid":{"rendered":"http:\/\/tyrving.idrett.no\/10\/f\/?page_id=1191"},"modified":"2021-12-18T15:11:40","modified_gmt":"2021-12-18T14:11:40","slug":"skolemesterskap-i-friidrett","status":"publish","type":"page","link":"https:\/\/tyrving.idrett.no\/10\/f\/tyrvingstevner\/skolemesterskap-i-friidrett\/","title":{"rendered":"Ungdomsskolemesterskap"},"content":{"rendered":"<h2><b style=\"font-size: 13px;line-height: 19px\"><\/b><b style=\"font-size: 13px;line-height: 19px\">UNGDOMSSKOLEMESTERSKAPET I FRIIDRETT<\/b><\/h2>\n<div><span style=\"font-size: 13px;line-height: 19px\">Idrettslaget Tyrving \u00f8nsker 9. og 10. klasse velkommen til skolemesterskap i friidrett for ungdomsskolene i B\u00e6rum. Mesterskapet arrangeres p\u00e5 Nadderud stadion tirsdag 17. september <\/span>2019<strong style=\"font-size: 13px;line-height: 19px\">\u00a0med start kl. 1000<\/strong><span style=\"font-size: 13px;line-height: 19px\">. Ved sp\u00f8rsm\u00e5l, ta kontakt med Elin Marvik p\u00e5 mail: friidrett@tyrving.no eller tlf. 93057974.<\/span><\/div>\n<p><strong>K<\/strong><strong>likk p\u00e5 linkene under for informasjon om mesterskapet:<\/strong><\/p>\n<ul>\n<li><a href=\"http:\/\/tyrving.idrett.no\/10\/f\/files\/2019\/09\/2019-Info-om-skolemesterskapet-170919.pdf\">2019 Info om skolemesterskapet 170919<\/a><\/li>\n<li><a href=\"http:\/\/tyrving.idrett.no\/10\/f\/files\/2019\/09\/Rekorder-skolemesterskap-etter-2014.pdf\">Stevnerekorder oppdatert etter 2018-mesterskapet<\/a><\/li>\n<li><a href=\"http:\/\/tyrving.idrett.no\/10\/f\/files\/2019\/09\/Tidsskjema-2019.pdf\">Tidsskjema 2019<\/a><\/li>\n<li><a href=\"http:\/\/tyrving.idrett.no\/10\/f\/files\/2019\/09\/2019-P\u00e5meldinger.pdf\">2019 P\u00e5meldinger oppdatert pr 140919<\/a> &#8211; Endringer bes sendt snarest til friidrett@tyrving.no<\/li>\n<li><a href=\"http:\/\/tyrving.idrett.no\/10\/f\/files\/2019\/09\/2019-Funksjon\u00e6roppsett.pdf\">2019 Funksjon\u00e6roppsett<\/a><\/li>\n<li><a href=\"http:\/\/tyrving.idrett.no\/10\/f\/files\/2019\/09\/2019-deltakerbrev-skolemesterskap.pdf\">Invitasjon<\/a><\/li>\n<li><a href=\"http:\/\/tyrving.idrett.no\/10\/f\/files\/2019\/09\/2019-sluttstilling-poeng-skolemesterskapet-170919-1.pdf\">2019 sluttstilling poeng skolemesterskapet 170919<\/a><\/li>\n<li><a href=\"http:\/\/tyrving.idrett.no\/10\/f\/files\/2019\/09\/2019-resultater-skolemesterskap-170919.pdf\">2019 resultater skolemesterskap 170919<\/a><\/li>\n<\/ul>\n<p>&#8212;&#8212;&#8212;&#8212;&#8212;&#8212;&#8212;&#8212;&#8212;&#8212;&#8212;&#8212;&#8212;&#8212;&#8212;&#8212;&#8212;&#8212;&#8212;&#8212;&#8212;&#8212;&#8212;&#8212;&#8212;&#8212;&#8212;&#8212;&#8212;&#8212;&#8212;&#8212;&#8212;&#8212;&#8212;&#8212;&#8212;&#8212;&#8211;<\/p>\n<p>Her er alle tidligere resultater. Ikke komplett mht poengkonkurransen.<\/p>\n<ul>\n<li><a href=\"http:\/\/www.tyrving.idrett.no\/ezp\/index.php\/filemanager\/display\/382\/Resultatlistse%2004.rtf\" target=\"_blank\" rel=\"noopener noreferrer\">Resultatliste 2004<\/a>. (Stafetter ikke avholdt). <a href=\"http:\/\/www.tyrving.idrett.no\/ezp\/index_admin.php\/article\/articlepreview\/1146\/\" target=\"_blank\" rel=\"noopener noreferrer\">Poengkonkurransen<\/a>.<\/li>\n<li><a href=\"http:\/\/www.friidrett.no\/stevner\/resultater\/tidligere\/Documents\/2005\/ak\/tyrving200905.htm\" target=\"_blank\" rel=\"noopener noreferrer\">Resultatliste 2005<\/a>. <a href=\"http:\/\/www.friidrett.no\/stevner\/resultater\/tidligere\/Documents\/2005\/ak\/tyrving200905.rtf\" target=\"_blank\" rel=\"noopener noreferrer\">Stafetter<\/a>. Poengkonkurransen.<\/li>\n<li><a href=\"http:\/\/www.friidrett.no\/stevner\/resultater\/tidligere\/Documents\/2006\/ak\/tyrving190906.pdf\" target=\"_blank\" rel=\"noopener noreferrer\">Resultatliste 2006<\/a>. <a href=\"http:\/\/www.friidrett.no\/stevner\/resultater\/tidligere\/Documents\/2006\/ak\/tyrving190906s.pdf\" target=\"_blank\" rel=\"noopener noreferrer\">Stafetter<\/a>. Poengkonkurransen.<\/li>\n<li><a href=\"http:\/\/www.friidrett.no\/stevner\/resultater\/tidligere\/Documents\/2007\/ak\/tyrving180907.pdf\" target=\"_blank\" rel=\"noopener noreferrer\">Resultatliste 2007<\/a>. <a href=\"http:\/\/www.friidrett.no\/stevner\/resultater\/tidligere\/Documents\/2007\/ak\/tyrving180907s.pdf\" target=\"_blank\" rel=\"noopener noreferrer\">Stafetter<\/a>. Poengkonkurransen.<\/li>\n<li><a href=\"http:\/\/www.friidrett.no\/stevner\/resultater\/tidligere\/Documents\/2008\/ak\/tyrving230908s.pdf\" target=\"_blank\" rel=\"noopener noreferrer\">Resultatliste 2008<\/a>. <a href=\"http:\/\/www.friidrett.no\/stevner\/resultater\/tidligere\/Documents\/2008\/ak\/tyrving230908ss.pdf\" target=\"_blank\" rel=\"noopener noreferrer\">Stafetter<\/a>. Poengkonkurransen.<\/li>\n<li><a href=\"http:\/\/www.friidrett.no\/stevner\/resultater\/tidligere\/Documents\/2009\/ak\/tyrving150909s.pdf\" target=\"_blank\" rel=\"noopener noreferrer\">Resultatliste 2009<\/a>. <a href=\"http:\/\/www.friidrett.no\/stevner\/resultater\/tidligere\/Documents\/2009\/ak\/tyrving150909ss.pdf\" target=\"_blank\" rel=\"noopener noreferrer\">Stafetter<\/a>. Poengkonkurransen.<\/li>\n<li><a href=\"http:\/\/tyrving.idrett.no\/10\/f\/files\/2010\/09\/Resultatliste-0709101.pdf\" target=\"_blank\" rel=\"noopener noreferrer\">Resultatliste 2010 med stafetter<\/a>. Poengkonkurransen.<\/li>\n<li><a href=\"http:\/\/tyrving.idrett.no\/10\/f\/files\/2010\/09\/Indv-resultater-130911.pdf\" target=\"_blank\" rel=\"noopener noreferrer\">Resultatliste 2011<\/a>. <a href=\"http:\/\/tyrving.idrett.no\/10\/f\/files\/2010\/09\/Stafettresultater-130911.pdf\" target=\"_blank\" rel=\"noopener noreferrer\">Stafetter<\/a>. <a href=\"http:\/\/tyrving.idrett.no\/10\/f\/files\/2010\/09\/Sammenlagt-resultater-2011.pdf\" target=\"_blank\" rel=\"noopener noreferrer\">Poengkonkurransen<\/a>.<\/li>\n<li><a href=\"http:\/\/tyrving.idrett.no\/10\/f\/files\/2010\/09\/2012-resultater-indv-og-stafett-skolemesterskap-B\u00e6rum-21.pdf\">Resultatliste 2012.<\/a> <a href=\"http:\/\/tyrving.idrett.no\/10\/f\/files\/2010\/09\/2012-Poengstilling-skolekonkurransen1.pdf\">Poengkonkurransen<\/a>.<\/li>\n<li><a href=\"http:\/\/tyrving.idrett.no\/10\/f\/files\/2013\/08\/2013-resultater-skolemesteskap-Nadderud-indv1.pdf\">Resultater 2013<\/a>.\u00a0\u00a0<a href=\"http:\/\/tyrving.idrett.no\/10\/f\/files\/2013\/08\/2013-resultater-skolemesteskap-Nadderud-stafett1.pdf\">Stafetter.<\/a>\u00a0<a href=\"http:\/\/tyrving.idrett.no\/10\/f\/files\/2013\/08\/2013-Poengberegning-skolekonkurransen1.pdf\">Poengkonkurransen.<\/a><\/li>\n<li><a href=\"http:\/\/tyrving.idrett.no\/10\/f\/files\/2013\/08\/2014-resultater-skolemesterskap-Nadderud-indv1.pdf\">Indv.resultater 2014<\/a>. <a href=\"http:\/\/tyrving.idrett.no\/10\/f\/files\/2013\/08\/2014-resultater-skolemesterskap-Nadderud-stafett1.pdf\">Stafettresultater 2014<\/a>. <a href=\"http:\/\/tyrving.idrett.no\/10\/f\/files\/2013\/08\/2014-Slutt-skolekonkurransen1.pdf\">Poengkonkurransen<\/a>.<\/li>\n<li><a href=\"http:\/\/tyrving.idrett.no\/10\/f\/files\/2013\/08\/100915-resultater-skolemesterskap-Nadderud-1-1.pdf\">100915 resultater skolemesterskap Nadderud (1)<\/a> <a href=\"http:\/\/tyrving.idrett.no\/10\/f\/files\/2013\/08\/100915-poeng-skolekonkurransen-1.pdf\">100915 poeng skolekonkurransen<\/a> <a href=\"http:\/\/tyrving.idrett.no\/10\/f\/files\/2013\/08\/100915-resultater-stafett-Nadderud-1.pdf\">100915 resultater stafett Nadderud<\/a><\/li>\n<li><a href=\"http:\/\/tyrving.idrett.no\/10\/f\/files\/2013\/08\/2016-Resultater-skolemesterskapet-B\u00e6rum.pdf\">2016 Resultater skolemesterskapet B\u00e6rum<\/a> <a href=\"http:\/\/tyrving.idrett.no\/10\/f\/files\/2013\/08\/2016-Stafettresultater-skolemesterskapet-B\u00e6rum.pdf\">2016 Stafettresultater skolemesterskapet B\u00e6rum<\/a> <a href=\"http:\/\/tyrving.idrett.no\/10\/f\/files\/2013\/08\/2016-Poeng-skolemesterskapet.pdf\">2016 Poeng skolemesterskapet<\/a><\/li>\n<li><a href=\"http:\/\/tyrving.idrett.no\/10\/f\/files\/2018\/09\/2017-resultater-skolemesterskap-Nadderud-140917.pdf\">2017 resultater skolemesterskap Nadderud 140917<\/a> <a href=\"http:\/\/tyrving.idrett.no\/10\/f\/files\/2018\/09\/2017-resultater-stafett-skolemesterskap-Nadderud-140917.pdf\">2017 resultater stafett skolemesterskap Nadderud 140917<\/a> <a href=\"http:\/\/tyrving.idrett.no\/10\/f\/files\/2018\/09\/2017-skolemesterskapet-sammenlagt.pdf\">2017 skolemesterskapet sammenlag<\/a><\/li>\n<li><a href=\"http:\/\/tyrving.idrett.no\/10\/f\/files\/2019\/09\/2018-poeng-skolekonkurransen-180918.pdf\">2018 poeng skolekonkurransen 180918<\/a> <a href=\"http:\/\/tyrving.idrett.no\/10\/f\/files\/2019\/09\/2018-resultater-skolemesterskap-180918.pdf\">2018 resultater skolemesterskap 180918<\/a> <a href=\"http:\/\/tyrving.idrett.no\/10\/f\/files\/2019\/09\/2018-resultater-stafett-skolemesterskap-180918.pdf\">2018 resultater stafett skolemesterskap 180918<\/a><\/li>\n<\/ul>\n","protected":false},"excerpt":{"rendered":"UNGDOMSSKOLEMESTERSKAPET I FRIIDRETT Idrettslaget Tyrving \u00f8nsker 9. og 10. klasse velkommen til skolemesterskap i friidrett for ungdomsskolene i B\u00e6rum. Mesterskapet arrangeres p\u00e5 Nadderud stadion tirs&#8230;","protected":false},"author":2,"featured_media":0,"parent":52,"menu_order":18,"comment_status":"open","ping_status":"open","template":"","meta":{"footnotes":""},"categories":[1],"tags":[7872],"acf":[],"yoast_head":"<!-- This site is optimized with the Yoast SEO plugin v21.2 - https:\/\/yoast.com\/wordpress\/plugins\/seo\/ -->\n<title>Ungdomsskolemesterskap - Tyrving - Friidrett<\/title>\n<meta name=\"robots\" content=\"index, follow, max-snippet:-1, max-image-preview:large, max-video-preview:-1\" \/>\n<link rel=\"canonical\" href=\"https:\/\/tyrving.idrett.no\/10\/f\/tyrvingstevner\/skolemesterskap-i-friidrett\/\" \/>\n<meta property=\"og:locale\" content=\"nb_NO\" \/>\n<meta property=\"og:type\" content=\"article\" \/>\n<meta property=\"og:title\" content=\"Ungdomsskolemesterskap - Tyrving - Friidrett\" \/>\n<meta property=\"og:description\" content=\"UNGDOMSSKOLEMESTERSKAPET I FRIIDRETT Idrettslaget Tyrving \u00f8nsker 9. og 10. klasse velkommen til skolemesterskap i friidrett for ungdomsskolene i B\u00e6rum. Mesterskapet arrangeres p\u00e5 Nadderud stadion tirs...\" \/>\n<meta property=\"og:url\" content=\"https:\/\/tyrving.idrett.no\/10\/f\/tyrvingstevner\/skolemesterskap-i-friidrett\/\" \/>\n<meta property=\"og:site_name\" content=\"Tyrving - Friidrett\" \/>\n<meta property=\"article:modified_time\" content=\"2021-12-18T14:11:40+00:00\" \/>\n<meta name=\"twitter:card\" content=\"summary_large_image\" \/>\n<meta name=\"twitter:label1\" content=\"Ansl. lesetid\" \/>\n\t<meta name=\"twitter:data1\" content=\"1 minutt\" \/>\n<script type=\"application\/ld+json\" class=\"yoast-schema-graph\">{\"@context\":\"https:\/\/schema.org\",\"@graph\":[{\"@type\":\"WebPage\",\"@id\":\"https:\/\/tyrving.idrett.no\/10\/f\/tyrvingstevner\/skolemesterskap-i-friidrett\/\",\"url\":\"https:\/\/tyrving.idrett.no\/10\/f\/tyrvingstevner\/skolemesterskap-i-friidrett\/\",\"name\":\"Ungdomsskolemesterskap - Tyrving - Friidrett\",\"isPartOf\":{\"@id\":\"https:\/\/tyrving.idrett.no\/10\/f\/#website\"},\"datePublished\":\"2013-08-01T10:38:11+00:00\",\"dateModified\":\"2021-12-18T14:11:40+00:00\",\"breadcrumb\":{\"@id\":\"https:\/\/tyrving.idrett.no\/10\/f\/tyrvingstevner\/skolemesterskap-i-friidrett\/#breadcrumb\"},\"inLanguage\":\"nb-NO\",\"potentialAction\":[{\"@type\":\"ReadAction\",\"target\":[\"https:\/\/tyrving.idrett.no\/10\/f\/tyrvingstevner\/skolemesterskap-i-friidrett\/\"]}]},{\"@type\":\"BreadcrumbList\",\"@id\":\"https:\/\/tyrving.idrett.no\/10\/f\/tyrvingstevner\/skolemesterskap-i-friidrett\/#breadcrumb\",\"itemListElement\":[{\"@type\":\"ListItem\",\"position\":1,\"name\":\"Hjem\",\"item\":\"https:\/\/tyrving.idrett.no\/10\/f\/\"},{\"@type\":\"ListItem\",\"position\":2,\"name\":\"Oversikt Tyrvingstevner 2020\",\"item\":\"https:\/\/tyrving.idrett.no\/10\/f\/tyrvingstevner\/\"},{\"@type\":\"ListItem\",\"position\":3,\"name\":\"Ungdomsskolemesterskap\"}]},{\"@type\":\"WebSite\",\"@id\":\"https:\/\/tyrving.idrett.no\/10\/f\/#website\",\"url\":\"https:\/\/tyrving.idrett.no\/10\/f\/\",\"name\":\"Tyrving - Friidrett\",\"description\":\"Friidrettsgruppa\",\"publisher\":{\"@id\":\"https:\/\/tyrving.idrett.no\/10\/f\/#organization\"},\"potentialAction\":[{\"@type\":\"SearchAction\",\"target\":{\"@type\":\"EntryPoint\",\"urlTemplate\":\"https:\/\/tyrving.idrett.no\/10\/f\/?s={search_term_string}\"},\"query-input\":\"required name=search_term_string\"}],\"inLanguage\":\"nb-NO\"},{\"@type\":\"Organization\",\"@id\":\"https:\/\/tyrving.idrett.no\/10\/f\/#organization\",\"name\":\"Tyrving Friidrettsgruppa\",\"url\":\"https:\/\/tyrving.idrett.no\/10\/f\/\",\"logo\":{\"@type\":\"ImageObject\",\"inLanguage\":\"nb-NO\",\"@id\":\"https:\/\/tyrving.idrett.no\/10\/f\/#\/schema\/logo\/image\/\",\"url\":\"https:\/\/tyrving.idrett.no\/10\/f\/files\/2019\/04\/Tyrving-Logo-Friidrett-2019.jpg\",\"contentUrl\":\"https:\/\/tyrving.idrett.no\/10\/f\/files\/2019\/04\/Tyrving-Logo-Friidrett-2019.jpg\",\"width\":460,\"height\":360,\"caption\":\"Tyrving Friidrettsgruppa\"},\"image\":{\"@id\":\"https:\/\/tyrving.idrett.no\/10\/f\/#\/schema\/logo\/image\/\"}}]}<\/script>\n<!-- \/ Yoast SEO plugin. -->","yoast_head_json":{"title":"Ungdomsskolemesterskap - Tyrving - Friidrett","robots":{"index":"index","follow":"follow","max-snippet":"max-snippet:-1","max-image-preview":"max-image-preview:large","max-video-preview":"max-video-preview:-1"},"canonical":"https:\/\/tyrving.idrett.no\/10\/f\/tyrvingstevner\/skolemesterskap-i-friidrett\/","og_locale":"nb_NO","og_type":"article","og_title":"Ungdomsskolemesterskap - Tyrving - Friidrett","og_description":"UNGDOMSSKOLEMESTERSKAPET I FRIIDRETT Idrettslaget Tyrving \u00f8nsker 9. og 10. klasse velkommen til skolemesterskap i friidrett for ungdomsskolene i B\u00e6rum. Mesterskapet arrangeres p\u00e5 Nadderud stadion tirs...","og_url":"https:\/\/tyrving.idrett.no\/10\/f\/tyrvingstevner\/skolemesterskap-i-friidrett\/","og_site_name":"Tyrving - Friidrett","article_modified_time":"2021-12-18T14:11:40+00:00","twitter_card":"summary_large_image","twitter_misc":{"Ansl. lesetid":"1 minutt"},"schema":{"@context":"https:\/\/schema.org","@graph":[{"@type":"WebPage","@id":"https:\/\/tyrving.idrett.no\/10\/f\/tyrvingstevner\/skolemesterskap-i-friidrett\/","url":"https:\/\/tyrving.idrett.no\/10\/f\/tyrvingstevner\/skolemesterskap-i-friidrett\/","name":"Ungdomsskolemesterskap - Tyrving - Friidrett","isPartOf":{"@id":"https:\/\/tyrving.idrett.no\/10\/f\/#website"},"datePublished":"2013-08-01T10:38:11+00:00","dateModified":"2021-12-18T14:11:40+00:00","breadcrumb":{"@id":"https:\/\/tyrving.idrett.no\/10\/f\/tyrvingstevner\/skolemesterskap-i-friidrett\/#breadcrumb"},"inLanguage":"nb-NO","potentialAction":[{"@type":"ReadAction","target":["https:\/\/tyrving.idrett.no\/10\/f\/tyrvingstevner\/skolemesterskap-i-friidrett\/"]}]},{"@type":"BreadcrumbList","@id":"https:\/\/tyrving.idrett.no\/10\/f\/tyrvingstevner\/skolemesterskap-i-friidrett\/#breadcrumb","itemListElement":[{"@type":"ListItem","position":1,"name":"Hjem","item":"https:\/\/tyrving.idrett.no\/10\/f\/"},{"@type":"ListItem","position":2,"name":"Oversikt Tyrvingstevner 2020","item":"https:\/\/tyrving.idrett.no\/10\/f\/tyrvingstevner\/"},{"@type":"ListItem","position":3,"name":"Ungdomsskolemesterskap"}]},{"@type":"WebSite","@id":"https:\/\/tyrving.idrett.no\/10\/f\/#website","url":"https:\/\/tyrving.idrett.no\/10\/f\/","name":"Tyrving - Friidrett","description":"Friidrettsgruppa","publisher":{"@id":"https:\/\/tyrving.idrett.no\/10\/f\/#organization"},"potentialAction":[{"@type":"SearchAction","target":{"@type":"EntryPoint","urlTemplate":"https:\/\/tyrving.idrett.no\/10\/f\/?s={search_term_string}"},"query-input":"required name=search_term_string"}],"inLanguage":"nb-NO"},{"@type":"Organization","@id":"https:\/\/tyrving.idrett.no\/10\/f\/#organization","name":"Tyrving Friidrettsgruppa","url":"https:\/\/tyrving.idrett.no\/10\/f\/","logo":{"@type":"ImageObject","inLanguage":"nb-NO","@id":"https:\/\/tyrving.idrett.no\/10\/f\/#\/schema\/logo\/image\/","url":"https:\/\/tyrving.idrett.no\/10\/f\/files\/2019\/04\/Tyrving-Logo-Friidrett-2019.jpg","contentUrl":"https:\/\/tyrving.idrett.no\/10\/f\/files\/2019\/04\/Tyrving-Logo-Friidrett-2019.jpg","width":460,"height":360,"caption":"Tyrving Friidrettsgruppa"},"image":{"@id":"https:\/\/tyrving.idrett.no\/10\/f\/#\/schema\/logo\/image\/"}}]}},"jetpack_sharing_enabled":true,"_links":{"self":[{"href":"https:\/\/tyrving.idrett.no\/10\/f\/wp-json\/wp\/v2\/pages\/1191"}],"collection":[{"href":"https:\/\/tyrving.idrett.no\/10\/f\/wp-json\/wp\/v2\/pages"}],"about":[{"href":"https:\/\/tyrving.idrett.no\/10\/f\/wp-json\/wp\/v2\/types\/page"}],"author":[{"embeddable":true,"href":"https:\/\/tyrving.idrett.no\/10\/f\/wp-json\/wp\/v2\/users\/2"}],"replies":[{"embeddable":true,"href":"https:\/\/tyrving.idrett.no\/10\/f\/wp-json\/wp\/v2\/comments?post=1191"}],"version-history":[{"count":65,"href":"https:\/\/tyrving.idrett.no\/10\/f\/wp-json\/wp\/v2\/pages\/1191\/revisions"}],"predecessor-version":[{"id":19105,"href":"https:\/\/tyrving.idrett.no\/10\/f\/wp-json\/wp\/v2\/pages\/1191\/revisions\/19105"}],"up":[{"embeddable":true,"href":"https:\/\/tyrving.idrett.no\/10\/f\/wp-json\/wp\/v2\/pages\/52"}],"wp:attachment":[{"href":"https:\/\/tyrving.idrett.no\/10\/f\/wp-json\/wp\/v2\/media?parent=1191"}],"wp:term":[{"taxonomy":"category","embeddable":true,"href":"https:\/\/tyrving.idrett.no\/10\/f\/wp-json\/wp\/v2\/categories?post=1191"},{"taxonomy":"post_tag","embeddable":true,"href":"https:\/\/tyrving.idrett.no\/10\/f\/wp-json\/wp\/v2\/tags?post=1191"}],"curies":[{"name":"wp","href":"https:\/\/api.w.org\/{rel}","templated":true}]}}