{"id":14678,"date":"2015-12-22T09:11:40","date_gmt":"2015-12-22T08:11:40","guid":{"rendered":"http:\/\/tyrving.idrett.no\/10\/f\/?page_id=14678"},"modified":"2021-12-18T15:11:12","modified_gmt":"2021-12-18T14:11:12","slug":"nm-innendors","status":"publish","type":"page","link":"https:\/\/tyrving.idrett.no\/10\/f\/tyrvingstevner\/nm-innendors\/","title":{"rendered":"*NM innend\u00f8rs 05.-06.03.16"},"content":{"rendered":"<h3><a href=\"http:\/\/tyrving.idrett.no\/10\/f\/files\/2015\/12\/nm-inne-2016.png\" rel=\"attachment wp-att-14691\"><img decoding=\"async\" loading=\"lazy\" src=\"http:\/\/tyrving.idrett.no\/10\/f\/files\/2015\/12\/nm-inne-2016-300x293.png\" class=\"alignleft size-medium wp-image-14691\" width=\"300\" height=\"293\" alt=\"nm-inne-2016\" srcset=\"https:\/\/tyrving.idrett.no\/10\/f\/files\/2015\/12\/nm-inne-2016-300x293.png 300w, https:\/\/tyrving.idrett.no\/10\/f\/files\/2015\/12\/nm-inne-2016-768x750.png 768w, https:\/\/tyrving.idrett.no\/10\/f\/files\/2015\/12\/nm-inne-2016-1024x999.png 1024w, https:\/\/tyrving.idrett.no\/10\/f\/files\/2015\/12\/nm-inne-2016-600x586.png 600w\" sizes=\"(max-width: 300px) 100vw, 300px\" \/><\/a>Idrettslaget Tyrving \u00f8nsker velkommen til Norgesmesterskapet i friidrett l\u00f8rdag 5. og s\u00f8ndag 6. mars 2016 i B\u00e6rum Idrettspark.<\/h3>\n<p><span style=\"color: #ff0000\">Dersom det er noen som har behov for transport fra Thon Hotel Oslofjord til\/fra B\u00e6rum Idrettspark, s\u00e5 send vennligst snarest en mail til friidrett@tyrving.no s\u00e5 ser vi hva vi kan ordne.<\/span><\/p>\n<p><strong>Klikk p\u00e5 linkene under for mer informasjon om:<\/strong><\/p>\n<p><a href=\"http:\/\/webres.andro.no\/nm_inne\/2016\/\">RESULTATER<\/a><\/p>\n<p><a href=\"http:\/\/live.tiesraides.lv\/tiesraides.lv\/live2\/en\/20\">STREAMING<\/a><\/p>\n<p><a href=\"http:\/\/tyrving.idrett.no\/10\/f\/files\/2015\/12\/Tidsskjema-l\u00f8rdag-og-s\u00f8ndag-NM-2016.pdf\" rel=\"\">Tidsskjema.<\/a><\/p>\n<p><a href=\"http:\/\/tyrving.idrett.no\/10\/f\/files\/2015\/12\/Startliste-med-startnummer.pdf\" rel=\"\">Startliste med startnummer<\/a><\/p>\n<p><a href=\"http:\/\/tyrving.idrett.no\/10\/f\/files\/2015\/12\/Startliste-stafett-1.pdf\" rel=\"\">Startliste stafett (oppdatert)<\/a><\/p>\n<p><a href=\"http:\/\/tyrving.idrett.no\/10\/f\/files\/2015\/12\/Klubblister-NM-pr-010316.pdf\" rel=\"\">Klubblister <\/a><\/p>\n<p><a href=\"http:\/\/tyrving.idrett.no\/10\/f\/files\/2015\/12\/DELTAKERINFORMASJON-NM-inne-2016-4.pdf\" rel=\"\">Deltakerinformasjon.<\/a><\/p>\n<p><a href=\"http:\/\/tyrving.idrett.no\/10\/f\/files\/2015\/12\/P\u00e5meldingsinformasjon-NM-inne-2016.pdf\" rel=\"\">P\u00e5meldingsinformasjon NM inne 2016<\/a>.<\/p>\n<p><a href=\"http:\/\/tyrving.idrett.no\/10\/f\/files\/2015\/12\/2016-Dagsprogram-1.pdf\" rel=\"\">Dagsprogram<\/a>.<\/p>\n<p><a href=\"http:\/\/tyrving.idrett.no\/10\/f\/files\/2015\/12\/Innkvartering.pdf\" rel=\"\">Innkvartering.<\/a><\/p>\n<p><a href=\"http:\/\/tyrving.idrett.no\/10\/f\/files\/2015\/12\/B\u00e6rum-Idrettspark.pdf\" rel=\"\">B\u00e6rum Idrettspark<\/a>.<\/p>\n<p>&nbsp;<\/p>\n<p><a href=\"http:\/\/tyrving.idrett.no\/10\/f\/files\/2015\/12\/Mcash.png\" rel=\"attachment wp-att-14904\"><img decoding=\"async\" loading=\"lazy\" src=\"http:\/\/tyrving.idrett.no\/10\/f\/files\/2015\/12\/Mcash.png\" class=\"alignleft wp-image-14904\" alt=\"Mcash\" width=\"145\" height=\"47\"><\/a>P\u00e5 Tyrvings stevner kan du handle i kiosken ved \u00e5 bruke&nbsp;mCASH som kan lastes ned b\u00e5de til Iphone og Android-telefoner og nettbrett. &nbsp;&nbsp;Med mCASH kan du bruke mobilen til \u00e5 betale enkelt og trygt. Det anbefales \u00e5 laste ned app&#8217;en f\u00f8r du kommer p\u00e5 NM innend\u00f8rs.<\/p>\n<p>&#8212;<\/p>\n<p>Er det sp\u00f8rsm\u00e5l vedr NM innend\u00f8rs, send en mail til friidrett@tyrving.no eller tlf. til:<\/p>\n<ul>\n<li>Elin Marvik &#8211; 930 57 974.<\/li>\n<li>Kirsten Larsen &#8211; 918 54 384.<\/li>\n<\/ul>\n<p>&nbsp;<\/p>\n","protected":false},"excerpt":{"rendered":"Idrettslaget Tyrving \u00f8nsker velkommen til Norgesmesterskapet i friidrett l\u00f8rdag 5. og s\u00f8ndag 6. mars 2016 i B\u00e6rum Idrettspark. Dersom det er noen som har behov for transport fra Thon Hotel Oslofjord t&#8230;","protected":false},"author":2,"featured_media":0,"parent":52,"menu_order":0,"comment_status":"closed","ping_status":"closed","template":"","meta":{"footnotes":""},"categories":[],"tags":[7872],"acf":[],"yoast_head":"<!-- This site is optimized with the Yoast SEO plugin v21.2 - https:\/\/yoast.com\/wordpress\/plugins\/seo\/ -->\n<title>*NM innend\u00f8rs 05.-06.03.16 - Tyrving - Friidrett<\/title>\n<meta name=\"robots\" content=\"index, follow, max-snippet:-1, max-image-preview:large, max-video-preview:-1\" \/>\n<link rel=\"canonical\" href=\"https:\/\/tyrving.idrett.no\/10\/f\/tyrvingstevner\/nm-innendors\/\" \/>\n<meta property=\"og:locale\" content=\"nb_NO\" \/>\n<meta property=\"og:type\" content=\"article\" \/>\n<meta property=\"og:title\" content=\"*NM innend\u00f8rs 05.-06.03.16 - Tyrving - Friidrett\" \/>\n<meta property=\"og:description\" content=\"Idrettslaget Tyrving \u00f8nsker velkommen til Norgesmesterskapet i friidrett l\u00f8rdag 5. og s\u00f8ndag 6. mars 2016 i B\u00e6rum Idrettspark. Dersom det er noen som har behov for transport fra Thon Hotel Oslofjord t...\" \/>\n<meta property=\"og:url\" content=\"https:\/\/tyrving.idrett.no\/10\/f\/tyrvingstevner\/nm-innendors\/\" \/>\n<meta property=\"og:site_name\" content=\"Tyrving - Friidrett\" \/>\n<meta property=\"article:modified_time\" content=\"2021-12-18T14:11:12+00:00\" \/>\n<meta property=\"og:image\" content=\"http:\/\/tyrving.idrett.no\/10\/f\/files\/2015\/12\/nm-inne-2016-300x293.png\" \/>\n<meta name=\"twitter:card\" content=\"summary_large_image\" \/>\n<meta name=\"twitter:label1\" content=\"Ansl. lesetid\" \/>\n\t<meta name=\"twitter:data1\" content=\"1 minutt\" \/>\n<script type=\"application\/ld+json\" class=\"yoast-schema-graph\">{\"@context\":\"https:\/\/schema.org\",\"@graph\":[{\"@type\":\"WebPage\",\"@id\":\"https:\/\/tyrving.idrett.no\/10\/f\/tyrvingstevner\/nm-innendors\/\",\"url\":\"https:\/\/tyrving.idrett.no\/10\/f\/tyrvingstevner\/nm-innendors\/\",\"name\":\"*NM innend\u00f8rs 05.-06.03.16 - Tyrving - Friidrett\",\"isPartOf\":{\"@id\":\"https:\/\/tyrving.idrett.no\/10\/f\/#website\"},\"datePublished\":\"2015-12-22T08:11:40+00:00\",\"dateModified\":\"2021-12-18T14:11:12+00:00\",\"breadcrumb\":{\"@id\":\"https:\/\/tyrving.idrett.no\/10\/f\/tyrvingstevner\/nm-innendors\/#breadcrumb\"},\"inLanguage\":\"nb-NO\",\"potentialAction\":[{\"@type\":\"ReadAction\",\"target\":[\"https:\/\/tyrving.idrett.no\/10\/f\/tyrvingstevner\/nm-innendors\/\"]}]},{\"@type\":\"BreadcrumbList\",\"@id\":\"https:\/\/tyrving.idrett.no\/10\/f\/tyrvingstevner\/nm-innendors\/#breadcrumb\",\"itemListElement\":[{\"@type\":\"ListItem\",\"position\":1,\"name\":\"Hjem\",\"item\":\"https:\/\/tyrving.idrett.no\/10\/f\/\"},{\"@type\":\"ListItem\",\"position\":2,\"name\":\"Oversikt Tyrvingstevner 2020\",\"item\":\"https:\/\/tyrving.idrett.no\/10\/f\/tyrvingstevner\/\"},{\"@type\":\"ListItem\",\"position\":3,\"name\":\"*NM innend\u00f8rs 05.-06.03.16\"}]},{\"@type\":\"WebSite\",\"@id\":\"https:\/\/tyrving.idrett.no\/10\/f\/#website\",\"url\":\"https:\/\/tyrving.idrett.no\/10\/f\/\",\"name\":\"Tyrving - Friidrett\",\"description\":\"Friidrettsgruppa\",\"publisher\":{\"@id\":\"https:\/\/tyrving.idrett.no\/10\/f\/#organization\"},\"potentialAction\":[{\"@type\":\"SearchAction\",\"target\":{\"@type\":\"EntryPoint\",\"urlTemplate\":\"https:\/\/tyrving.idrett.no\/10\/f\/?s={search_term_string}\"},\"query-input\":\"required name=search_term_string\"}],\"inLanguage\":\"nb-NO\"},{\"@type\":\"Organization\",\"@id\":\"https:\/\/tyrving.idrett.no\/10\/f\/#organization\",\"name\":\"Tyrving Friidrettsgruppa\",\"url\":\"https:\/\/tyrving.idrett.no\/10\/f\/\",\"logo\":{\"@type\":\"ImageObject\",\"inLanguage\":\"nb-NO\",\"@id\":\"https:\/\/tyrving.idrett.no\/10\/f\/#\/schema\/logo\/image\/\",\"url\":\"https:\/\/tyrving.idrett.no\/10\/f\/files\/2019\/04\/Tyrving-Logo-Friidrett-2019.jpg\",\"contentUrl\":\"https:\/\/tyrving.idrett.no\/10\/f\/files\/2019\/04\/Tyrving-Logo-Friidrett-2019.jpg\",\"width\":460,\"height\":360,\"caption\":\"Tyrving Friidrettsgruppa\"},\"image\":{\"@id\":\"https:\/\/tyrving.idrett.no\/10\/f\/#\/schema\/logo\/image\/\"}}]}<\/script>\n<!-- \/ Yoast SEO plugin. -->","yoast_head_json":{"title":"*NM innend\u00f8rs 05.-06.03.16 - Tyrving - Friidrett","robots":{"index":"index","follow":"follow","max-snippet":"max-snippet:-1","max-image-preview":"max-image-preview:large","max-video-preview":"max-video-preview:-1"},"canonical":"https:\/\/tyrving.idrett.no\/10\/f\/tyrvingstevner\/nm-innendors\/","og_locale":"nb_NO","og_type":"article","og_title":"*NM innend\u00f8rs 05.-06.03.16 - Tyrving - Friidrett","og_description":"Idrettslaget Tyrving \u00f8nsker velkommen til Norgesmesterskapet i friidrett l\u00f8rdag 5. og s\u00f8ndag 6. mars 2016 i B\u00e6rum Idrettspark. Dersom det er noen som har behov for transport fra Thon Hotel Oslofjord t...","og_url":"https:\/\/tyrving.idrett.no\/10\/f\/tyrvingstevner\/nm-innendors\/","og_site_name":"Tyrving - Friidrett","article_modified_time":"2021-12-18T14:11:12+00:00","og_image":[{"url":"http:\/\/tyrving.idrett.no\/10\/f\/files\/2015\/12\/nm-inne-2016-300x293.png"}],"twitter_card":"summary_large_image","twitter_misc":{"Ansl. lesetid":"1 minutt"},"schema":{"@context":"https:\/\/schema.org","@graph":[{"@type":"WebPage","@id":"https:\/\/tyrving.idrett.no\/10\/f\/tyrvingstevner\/nm-innendors\/","url":"https:\/\/tyrving.idrett.no\/10\/f\/tyrvingstevner\/nm-innendors\/","name":"*NM innend\u00f8rs 05.-06.03.16 - Tyrving - Friidrett","isPartOf":{"@id":"https:\/\/tyrving.idrett.no\/10\/f\/#website"},"datePublished":"2015-12-22T08:11:40+00:00","dateModified":"2021-12-18T14:11:12+00:00","breadcrumb":{"@id":"https:\/\/tyrving.idrett.no\/10\/f\/tyrvingstevner\/nm-innendors\/#breadcrumb"},"inLanguage":"nb-NO","potentialAction":[{"@type":"ReadAction","target":["https:\/\/tyrving.idrett.no\/10\/f\/tyrvingstevner\/nm-innendors\/"]}]},{"@type":"BreadcrumbList","@id":"https:\/\/tyrving.idrett.no\/10\/f\/tyrvingstevner\/nm-innendors\/#breadcrumb","itemListElement":[{"@type":"ListItem","position":1,"name":"Hjem","item":"https:\/\/tyrving.idrett.no\/10\/f\/"},{"@type":"ListItem","position":2,"name":"Oversikt Tyrvingstevner 2020","item":"https:\/\/tyrving.idrett.no\/10\/f\/tyrvingstevner\/"},{"@type":"ListItem","position":3,"name":"*NM innend\u00f8rs 05.-06.03.16"}]},{"@type":"WebSite","@id":"https:\/\/tyrving.idrett.no\/10\/f\/#website","url":"https:\/\/tyrving.idrett.no\/10\/f\/","name":"Tyrving - Friidrett","description":"Friidrettsgruppa","publisher":{"@id":"https:\/\/tyrving.idrett.no\/10\/f\/#organization"},"potentialAction":[{"@type":"SearchAction","target":{"@type":"EntryPoint","urlTemplate":"https:\/\/tyrving.idrett.no\/10\/f\/?s={search_term_string}"},"query-input":"required name=search_term_string"}],"inLanguage":"nb-NO"},{"@type":"Organization","@id":"https:\/\/tyrving.idrett.no\/10\/f\/#organization","name":"Tyrving Friidrettsgruppa","url":"https:\/\/tyrving.idrett.no\/10\/f\/","logo":{"@type":"ImageObject","inLanguage":"nb-NO","@id":"https:\/\/tyrving.idrett.no\/10\/f\/#\/schema\/logo\/image\/","url":"https:\/\/tyrving.idrett.no\/10\/f\/files\/2019\/04\/Tyrving-Logo-Friidrett-2019.jpg","contentUrl":"https:\/\/tyrving.idrett.no\/10\/f\/files\/2019\/04\/Tyrving-Logo-Friidrett-2019.jpg","width":460,"height":360,"caption":"Tyrving Friidrettsgruppa"},"image":{"@id":"https:\/\/tyrving.idrett.no\/10\/f\/#\/schema\/logo\/image\/"}}]}},"jetpack_sharing_enabled":true,"_links":{"self":[{"href":"https:\/\/tyrving.idrett.no\/10\/f\/wp-json\/wp\/v2\/pages\/14678"}],"collection":[{"href":"https:\/\/tyrving.idrett.no\/10\/f\/wp-json\/wp\/v2\/pages"}],"about":[{"href":"https:\/\/tyrving.idrett.no\/10\/f\/wp-json\/wp\/v2\/types\/page"}],"author":[{"embeddable":true,"href":"https:\/\/tyrving.idrett.no\/10\/f\/wp-json\/wp\/v2\/users\/2"}],"replies":[{"embeddable":true,"href":"https:\/\/tyrving.idrett.no\/10\/f\/wp-json\/wp\/v2\/comments?post=14678"}],"version-history":[{"count":31,"href":"https:\/\/tyrving.idrett.no\/10\/f\/wp-json\/wp\/v2\/pages\/14678\/revisions"}],"predecessor-version":[{"id":20740,"href":"https:\/\/tyrving.idrett.no\/10\/f\/wp-json\/wp\/v2\/pages\/14678\/revisions\/20740"}],"up":[{"embeddable":true,"href":"https:\/\/tyrving.idrett.no\/10\/f\/wp-json\/wp\/v2\/pages\/52"}],"wp:attachment":[{"href":"https:\/\/tyrving.idrett.no\/10\/f\/wp-json\/wp\/v2\/media?parent=14678"}],"wp:term":[{"taxonomy":"category","embeddable":true,"href":"https:\/\/tyrving.idrett.no\/10\/f\/wp-json\/wp\/v2\/categories?post=14678"},{"taxonomy":"post_tag","embeddable":true,"href":"https:\/\/tyrving.idrett.no\/10\/f\/wp-json\/wp\/v2\/tags?post=14678"}],"curies":[{"name":"wp","href":"https:\/\/api.w.org\/{rel}","templated":true}]}}