{"id":155,"date":"2010-04-07T16:27:25","date_gmt":"2010-04-07T14:27:25","guid":{"rendered":"http:\/\/tyrving.idrett.no\/10\/f\/terminlister\/"},"modified":"2021-12-18T15:13:33","modified_gmt":"2021-12-18T14:13:33","slug":"terminlister","status":"publish","type":"page","link":"https:\/\/tyrving.idrett.no\/10\/f\/terminlister\/","title":{"rendered":"*Terminlister og turer"},"content":{"rendered":"<p><span style=\"color: #ff0000\"><strong><a href=\"http:\/\/tyrving.idrett.no\/10\/f\/files\/2010\/04\/F\u00f8rste-gang-p\u00e5-friidrettsstevne.pdf\">F\u00f8rste gang p\u00e5 friidrettsstevne &#8211; nyttige tips<\/a><\/strong><\/span><\/p>\n<h1><span style=\"color: #ff0000\"><strong>Stevnetilbud 2013<\/strong><\/span><\/h1>\n<p>Det er mange friidrettsstevner som man kan delta p\u00e5 gjennom sesongen. &nbsp;Klikk p\u00e5 linkene under for \u00e5 se p\u00e5 oversikt over:<\/p>\n<ul>\n<li><a href=\"http:\/\/tyrving.idrett.no\/10\/f\/files\/2010\/04\/2013-stevner-prioritert-pr-april-og-andre-viktige-stevnedatoer2.pdf\">Prioriterte stevner for Tyrving-ut\u00f8vere fra jan. til mai + andre viktige stevner resten av sesongen.<\/a><\/li>\n<li><a href=\"http:\/\/www.friidrett.no\/stevner\/terminliste\/Documents\/Hovedtermin%202013.htm\" target=\"_blank\" rel=\"noopener\">Hovedterminlisten til Norges Friidrettsforbund.<\/a><\/li>\n<li><a href=\"http:\/\/www.friidrett.no\/stevner\/terminliste\/Sider\/Terminliste-helelandet.aspx\" target=\"_blank\" rel=\"noopener\">Datosortert terminliste for hele landet.&nbsp;<\/a><\/li>\n<li><a href=\"http:\/\/tyrving.idrett.no\/10\/f\/files\/2012\/11\/Terminliste-AFIK-2013.pdf\" target=\"_blank\" rel=\"noopener\">Terminlisten til Akershus Friidrettskrets.<\/a><\/li>\n<\/ul>\n<p><strong>P\u00e5meldingene gj\u00f8r du til din oppmann &#8211; oversikten ser du under &#8211; oppdatert pr.13. &nbsp;januar 2014 &#8211; HUSK at p\u00e5meldingsavgiften &#8211; med f\u00e5 unntak &nbsp;&#8211; er inkludert i treningsavgiften.<\/strong><\/p>\n<table width=\"721\" border=\"0\" cellspacing=\"0\" cellpadding=\"0\">\n<col width=\"159\">\n<col span=\"2\" width=\"241\">\n<col width=\"80\">\n<tbody>\n<tr>\n<td width=\"159\" height=\"20\">J10-11 \u00e5r<\/td>\n<td width=\"241\">Arthur Kristoffersen<\/td>\n<td width=\"241\"><a href=\"mailto:art-kri@online.no\">art-kri@online.no<\/a><\/td>\n<td align=\"right\" width=\"80\">41201692<\/td>\n<\/tr>\n<tr>\n<td height=\"20\">J12 \u00e5r<\/td>\n<td width=\"241\">Christian Jonasson<\/td>\n<td width=\"241\"><a href=\"mailto:christian.jonasson@hotmail.com\">christian.jonasson@hotmail.com<\/a><\/td>\n<td align=\"right\">90936941<\/td>\n<\/tr>\n<tr>\n<td height=\"20\">J13 \u00e5r<\/td>\n<td width=\"241\">Kristin Gjertsen<\/td>\n<td width=\"241\"><a href=\"mailto:kristin.gjertsen@hotmail.com\">kristin.gjertsen@hotmail.com<\/a><\/td>\n<td align=\"right\">97794948<\/td>\n<\/tr>\n<tr>\n<td height=\"20\">J14 \u00e5r<\/td>\n<td width=\"241\">Inntil videre:&nbsp; Kirsten Larsen<\/td>\n<td width=\"241\"><a href=\"mailto:kirsten@tyrving.no\">kirsten@tyrving.no<\/a><\/td>\n<td align=\"right\">91854384<\/td>\n<\/tr>\n<tr>\n<td height=\"20\">J15 \u00e5r<\/td>\n<td width=\"241\">Gro Lundevik<\/td>\n<td width=\"241\"><a href=\"mailto:gro.elisabeth.lundevik@nordea.com\">gro.elisabeth.lundevik@nordea.com<\/a><\/td>\n<td align=\"right\">95056823<\/td>\n<\/tr>\n<tr>\n<td height=\"20\">J16 \u00e5r<\/td>\n<td width=\"241\">Brit Alfheim<\/td>\n<td width=\"241\"><a href=\"mailto:brit.alfheim@sweco.no\">brit.alfheim@sweco.no<\/a><\/td>\n<td align=\"right\">90723769<\/td>\n<\/tr>\n<tr>\n<td height=\"20\">J17 \u00e5r<\/td>\n<td width=\"241\">Catrine Hundseid<\/td>\n<td width=\"241\"><a href=\"mailto:catrine.hundseid@aibel.com\">catrine.hundseid@aibel.com<\/a><\/td>\n<td align=\"right\">47602603<\/td>\n<\/tr>\n<tr>\n<td height=\"20\">J18 \u00e5r og eldre<\/td>\n<td width=\"241\">Knut Aga jr.<\/td>\n<td width=\"241\"><a href=\"mailto:knut.aga.jr@dn.no\">knut.aga.jr@dn.no<\/a><\/td>\n<td align=\"right\">95879953<\/td>\n<\/tr>\n<tr>\n<td height=\"20\">G10-12 \u00e5r<\/td>\n<td width=\"241\">Lene Buseth<\/td>\n<td width=\"241\"><a href=\"mailto:lene.buseth@datametrix.no\">lene.buseth@datametrix.no<\/a><\/td>\n<td align=\"right\">41245995<\/td>\n<\/tr>\n<tr>\n<td height=\"20\">G13-14 \u00e5r<\/td>\n<td width=\"241\">Henriette Platou<\/td>\n<td width=\"241\"><a href=\"mailto:plato@online.no\">plato@online.no<\/a><\/td>\n<td align=\"right\">92605103<\/td>\n<\/tr>\n<tr>\n<td width=\"159\" height=\"20\">G15-16 \u00e5r<\/td>\n<td width=\"241\">Hilde Ebbesen<\/td>\n<td width=\"241\"><a href=\"mailto:hildere@broadpark.no\">hildere@broadpark.no<\/a><\/td>\n<td align=\"right\" width=\"80\">41679198<\/td>\n<\/tr>\n<tr>\n<td height=\"20\">G17 \u00e5r og eldre<\/td>\n<td width=\"241\">Svein St\u00f8len<\/td>\n<td width=\"241\"><a href=\"mailto:tyrvingsvein@gmail.com\">tyrvingsvein@gmail.com<\/a><\/td>\n<td align=\"right\">90633514<\/td>\n<\/tr>\n<\/tbody>\n<\/table>\n<p><span style=\"color: #ff0000;font-size: 2em\"><strong>Turer og reisem\u00e5l<\/strong><\/span><\/p>\n<div>\n<div>Her er en oversikt over hvor Tyrving planlegger sine reiser i 2013.<\/div>\n<table border=\"1\" cellspacing=\"0\" cellpadding=\"0\">\n<tbody>\n<tr>\n<td valign=\"top\" width=\"76\">\n<p align=\"center\"><strong>DATO<\/strong><\/p>\n<\/td>\n<td valign=\"top\" width=\"104\">\n<p align=\"center\"><strong>ARRANGE-MENT<\/strong><\/p>\n<\/td>\n<td valign=\"top\" width=\"283\">\n<p align=\"center\"><strong>&nbsp;<\/strong><\/p>\n<p align=\"center\"><strong>INFO<\/strong><\/p>\n<\/td>\n<td valign=\"top\" width=\"104\">\n<p align=\"center\"><strong>TYRVINGS P\u00c5MELDINGS-FRIST<\/strong><\/p>\n<\/td>\n<\/tr>\n<tr>\n<td valign=\"top\" width=\"76\">02.-03.02.<\/td>\n<td valign=\"top\" width=\"104\">NM innend\u00f8rs, Haugesund<\/td>\n<td valign=\"top\" width=\"283\">For ut\u00f8vere fra 15 \u00e5r.<a href=\"http:\/\/nmhaugesund.no\/\">http:\/\/nmhaugesund.no\/<\/a>Bestilling av fly mailes til&nbsp;<a href=\"mailto:friidrett@tyrving.no\">friidrett@tyrving.no<\/a>&nbsp;snarest!Egenandel kr 1.000 for ut\u00f8vere som IKKE har klart NM-kravet.<\/td>\n<td valign=\"top\" width=\"104\">&nbsp;20. jan.<\/td>\n<\/tr>\n<tr>\n<td valign=\"top\" width=\"76\">02.-03.02<\/td>\n<td valign=\"top\" width=\"104\">Huyndai IndoorGames, Stangehallen<\/td>\n<td valign=\"top\" width=\"283\">For ut\u00f8vere 13 og 14 \u00e5r.Web:<a href=\"http:\/\/friidrett.no\/stevner\/terminliste\/Sider\/Terminliste-helelandet.aspx?w=CompetitionCalendar&amp;c=CompetitionInfo&amp;d=EventId|281709\">http:\/\/friidrett.no\/stevner\/terminliste\/Sider\/Terminliste-helelandet.aspx?w=CompetitionCalendar&amp;c=CompetitionInfo&amp;d=EventId|281709<\/a>Fellestur arrangers. Egenandel kr 450 som inkl. overnatting i gymsal, disco og taco l\u00f8rdag, frokost s\u00f8ndag.<\/td>\n<td valign=\"top\" width=\"104\">&nbsp;20. jan.<\/td>\n<\/tr>\n<tr>\n<td valign=\"top\" width=\"76\">08.-10.03<\/td>\n<td valign=\"top\" width=\"104\">UM innend\u00f8rs, Steinkjer<\/td>\n<td valign=\"top\" width=\"283\">For ut\u00f8vere fra 15 \u00e5r.<a href=\"http:\/\/www.steinkjerfik.no\/\">http:\/\/www.steinkjerfik.no\/<\/a>Egenandel kr 1.250 som dekker:Fly og buss, hotell, frokost og middag fredag og l\u00f8rdag.Bestilling av fly mailes til&nbsp;<a href=\"mailto:friidrett@tyrving.no\">friidrett@tyrving.no<\/a>&nbsp;snarest!<\/td>\n<td valign=\"top\" width=\"104\">24. feb.<\/td>\n<\/tr>\n<tr>\n<td valign=\"top\" width=\"76\">16.-17.03<\/td>\n<td valign=\"top\" width=\"104\">Bamselekene, Stangehallen<\/td>\n<td valign=\"top\" width=\"283\">For ut\u00f8vere fra 10 \u00e5r.Tyrving-tur.Egenandel kr 800 som dekker overnatting, middag l\u00f8rdag, frokost og matpakke s\u00f8ndag + transport.<\/td>\n<td valign=\"top\" width=\"104\">24. feb.<\/td>\n<\/tr>\n<tr>\n<td valign=\"top\" width=\"76\">22.03.-01.04.<\/td>\n<td valign=\"top\" width=\"104\">Tyrvings treningsleir i Portugal<\/td>\n<td valign=\"top\" width=\"283\">For ut\u00f8vere fra 15 \u00e5r.<\/td>\n<td valign=\"top\" width=\"104\"><\/td>\n<\/tr>\n<\/tbody>\n<\/table>\n<\/div>\n","protected":false},"excerpt":{"rendered":"F\u00f8rste gang p\u00e5 friidrettsstevne &#8211; nyttige tips Stevnetilbud 2013 Det er mange friidrettsstevner som man kan delta p\u00e5 gjennom sesongen. &nbsp;Klikk p\u00e5 linkene under for \u00e5 se p\u00e5 oversikt over: Pri&#8230;","protected":false},"author":2,"featured_media":0,"parent":0,"menu_order":6,"comment_status":"open","ping_status":"open","template":"","meta":{"footnotes":""},"categories":[1],"tags":[7872],"acf":[],"yoast_head":"<!-- This site is optimized with the Yoast SEO plugin v21.2 - https:\/\/yoast.com\/wordpress\/plugins\/seo\/ -->\n<title>*Terminlister og turer - Tyrving - Friidrett<\/title>\n<meta name=\"robots\" content=\"index, follow, max-snippet:-1, max-image-preview:large, max-video-preview:-1\" \/>\n<link rel=\"canonical\" href=\"https:\/\/tyrving.idrett.no\/10\/f\/terminlister\/\" \/>\n<meta property=\"og:locale\" content=\"nb_NO\" \/>\n<meta property=\"og:type\" content=\"article\" \/>\n<meta property=\"og:title\" content=\"*Terminlister og turer - Tyrving - Friidrett\" \/>\n<meta property=\"og:description\" content=\"F\u00f8rste gang p\u00e5 friidrettsstevne &#8211; nyttige tips Stevnetilbud 2013 Det er mange friidrettsstevner som man kan delta p\u00e5 gjennom sesongen. &nbsp;Klikk p\u00e5 linkene under for \u00e5 se p\u00e5 oversikt over: Pri...\" \/>\n<meta property=\"og:url\" content=\"https:\/\/tyrving.idrett.no\/10\/f\/terminlister\/\" \/>\n<meta property=\"og:site_name\" content=\"Tyrving - Friidrett\" \/>\n<meta property=\"article:modified_time\" content=\"2021-12-18T14:13:33+00:00\" \/>\n<meta name=\"twitter:card\" content=\"summary_large_image\" \/>\n<meta name=\"twitter:label1\" content=\"Ansl. lesetid\" \/>\n\t<meta name=\"twitter:data1\" content=\"2 minutter\" \/>\n<script type=\"application\/ld+json\" class=\"yoast-schema-graph\">{\"@context\":\"https:\/\/schema.org\",\"@graph\":[{\"@type\":\"WebPage\",\"@id\":\"https:\/\/tyrving.idrett.no\/10\/f\/terminlister\/\",\"url\":\"https:\/\/tyrving.idrett.no\/10\/f\/terminlister\/\",\"name\":\"*Terminlister og turer - Tyrving - Friidrett\",\"isPartOf\":{\"@id\":\"https:\/\/tyrving.idrett.no\/10\/f\/#website\"},\"datePublished\":\"2010-04-07T14:27:25+00:00\",\"dateModified\":\"2021-12-18T14:13:33+00:00\",\"breadcrumb\":{\"@id\":\"https:\/\/tyrving.idrett.no\/10\/f\/terminlister\/#breadcrumb\"},\"inLanguage\":\"nb-NO\",\"potentialAction\":[{\"@type\":\"ReadAction\",\"target\":[\"https:\/\/tyrving.idrett.no\/10\/f\/terminlister\/\"]}]},{\"@type\":\"BreadcrumbList\",\"@id\":\"https:\/\/tyrving.idrett.no\/10\/f\/terminlister\/#breadcrumb\",\"itemListElement\":[{\"@type\":\"ListItem\",\"position\":1,\"name\":\"Hjem\",\"item\":\"https:\/\/tyrving.idrett.no\/10\/f\/\"},{\"@type\":\"ListItem\",\"position\":2,\"name\":\"*Terminlister og turer\"}]},{\"@type\":\"WebSite\",\"@id\":\"https:\/\/tyrving.idrett.no\/10\/f\/#website\",\"url\":\"https:\/\/tyrving.idrett.no\/10\/f\/\",\"name\":\"Tyrving - Friidrett\",\"description\":\"Friidrettsgruppa\",\"publisher\":{\"@id\":\"https:\/\/tyrving.idrett.no\/10\/f\/#organization\"},\"potentialAction\":[{\"@type\":\"SearchAction\",\"target\":{\"@type\":\"EntryPoint\",\"urlTemplate\":\"https:\/\/tyrving.idrett.no\/10\/f\/?s={search_term_string}\"},\"query-input\":\"required name=search_term_string\"}],\"inLanguage\":\"nb-NO\"},{\"@type\":\"Organization\",\"@id\":\"https:\/\/tyrving.idrett.no\/10\/f\/#organization\",\"name\":\"Tyrving Friidrettsgruppa\",\"url\":\"https:\/\/tyrving.idrett.no\/10\/f\/\",\"logo\":{\"@type\":\"ImageObject\",\"inLanguage\":\"nb-NO\",\"@id\":\"https:\/\/tyrving.idrett.no\/10\/f\/#\/schema\/logo\/image\/\",\"url\":\"https:\/\/tyrving.idrett.no\/10\/f\/files\/2019\/04\/Tyrving-Logo-Friidrett-2019.jpg\",\"contentUrl\":\"https:\/\/tyrving.idrett.no\/10\/f\/files\/2019\/04\/Tyrving-Logo-Friidrett-2019.jpg\",\"width\":460,\"height\":360,\"caption\":\"Tyrving Friidrettsgruppa\"},\"image\":{\"@id\":\"https:\/\/tyrving.idrett.no\/10\/f\/#\/schema\/logo\/image\/\"}}]}<\/script>\n<!-- \/ Yoast SEO plugin. -->","yoast_head_json":{"title":"*Terminlister og turer - Tyrving - Friidrett","robots":{"index":"index","follow":"follow","max-snippet":"max-snippet:-1","max-image-preview":"max-image-preview:large","max-video-preview":"max-video-preview:-1"},"canonical":"https:\/\/tyrving.idrett.no\/10\/f\/terminlister\/","og_locale":"nb_NO","og_type":"article","og_title":"*Terminlister og turer - Tyrving - Friidrett","og_description":"F\u00f8rste gang p\u00e5 friidrettsstevne &#8211; nyttige tips Stevnetilbud 2013 Det er mange friidrettsstevner som man kan delta p\u00e5 gjennom sesongen. &nbsp;Klikk p\u00e5 linkene under for \u00e5 se p\u00e5 oversikt over: Pri...","og_url":"https:\/\/tyrving.idrett.no\/10\/f\/terminlister\/","og_site_name":"Tyrving - Friidrett","article_modified_time":"2021-12-18T14:13:33+00:00","twitter_card":"summary_large_image","twitter_misc":{"Ansl. lesetid":"2 minutter"},"schema":{"@context":"https:\/\/schema.org","@graph":[{"@type":"WebPage","@id":"https:\/\/tyrving.idrett.no\/10\/f\/terminlister\/","url":"https:\/\/tyrving.idrett.no\/10\/f\/terminlister\/","name":"*Terminlister og turer - Tyrving - Friidrett","isPartOf":{"@id":"https:\/\/tyrving.idrett.no\/10\/f\/#website"},"datePublished":"2010-04-07T14:27:25+00:00","dateModified":"2021-12-18T14:13:33+00:00","breadcrumb":{"@id":"https:\/\/tyrving.idrett.no\/10\/f\/terminlister\/#breadcrumb"},"inLanguage":"nb-NO","potentialAction":[{"@type":"ReadAction","target":["https:\/\/tyrving.idrett.no\/10\/f\/terminlister\/"]}]},{"@type":"BreadcrumbList","@id":"https:\/\/tyrving.idrett.no\/10\/f\/terminlister\/#breadcrumb","itemListElement":[{"@type":"ListItem","position":1,"name":"Hjem","item":"https:\/\/tyrving.idrett.no\/10\/f\/"},{"@type":"ListItem","position":2,"name":"*Terminlister og turer"}]},{"@type":"WebSite","@id":"https:\/\/tyrving.idrett.no\/10\/f\/#website","url":"https:\/\/tyrving.idrett.no\/10\/f\/","name":"Tyrving - Friidrett","description":"Friidrettsgruppa","publisher":{"@id":"https:\/\/tyrving.idrett.no\/10\/f\/#organization"},"potentialAction":[{"@type":"SearchAction","target":{"@type":"EntryPoint","urlTemplate":"https:\/\/tyrving.idrett.no\/10\/f\/?s={search_term_string}"},"query-input":"required name=search_term_string"}],"inLanguage":"nb-NO"},{"@type":"Organization","@id":"https:\/\/tyrving.idrett.no\/10\/f\/#organization","name":"Tyrving Friidrettsgruppa","url":"https:\/\/tyrving.idrett.no\/10\/f\/","logo":{"@type":"ImageObject","inLanguage":"nb-NO","@id":"https:\/\/tyrving.idrett.no\/10\/f\/#\/schema\/logo\/image\/","url":"https:\/\/tyrving.idrett.no\/10\/f\/files\/2019\/04\/Tyrving-Logo-Friidrett-2019.jpg","contentUrl":"https:\/\/tyrving.idrett.no\/10\/f\/files\/2019\/04\/Tyrving-Logo-Friidrett-2019.jpg","width":460,"height":360,"caption":"Tyrving Friidrettsgruppa"},"image":{"@id":"https:\/\/tyrving.idrett.no\/10\/f\/#\/schema\/logo\/image\/"}}]}},"jetpack_sharing_enabled":true,"_links":{"self":[{"href":"https:\/\/tyrving.idrett.no\/10\/f\/wp-json\/wp\/v2\/pages\/155"}],"collection":[{"href":"https:\/\/tyrving.idrett.no\/10\/f\/wp-json\/wp\/v2\/pages"}],"about":[{"href":"https:\/\/tyrving.idrett.no\/10\/f\/wp-json\/wp\/v2\/types\/page"}],"author":[{"embeddable":true,"href":"https:\/\/tyrving.idrett.no\/10\/f\/wp-json\/wp\/v2\/users\/2"}],"replies":[{"embeddable":true,"href":"https:\/\/tyrving.idrett.no\/10\/f\/wp-json\/wp\/v2\/comments?post=155"}],"version-history":[{"count":28,"href":"https:\/\/tyrving.idrett.no\/10\/f\/wp-json\/wp\/v2\/pages\/155\/revisions"}],"predecessor-version":[{"id":20739,"href":"https:\/\/tyrving.idrett.no\/10\/f\/wp-json\/wp\/v2\/pages\/155\/revisions\/20739"}],"wp:attachment":[{"href":"https:\/\/tyrving.idrett.no\/10\/f\/wp-json\/wp\/v2\/media?parent=155"}],"wp:term":[{"taxonomy":"category","embeddable":true,"href":"https:\/\/tyrving.idrett.no\/10\/f\/wp-json\/wp\/v2\/categories?post=155"},{"taxonomy":"post_tag","embeddable":true,"href":"https:\/\/tyrving.idrett.no\/10\/f\/wp-json\/wp\/v2\/tags?post=155"}],"curies":[{"name":"wp","href":"https:\/\/api.w.org\/{rel}","templated":true}]}}