{"id":181,"date":"2010-04-09T11:07:24","date_gmt":"2010-04-09T09:07:24","guid":{"rendered":"http:\/\/tyrving.idrett.no\/10\/f\/statistikker\/"},"modified":"2021-12-18T15:13:33","modified_gmt":"2021-12-18T14:13:33","slug":"statistikker","status":"publish","type":"page","link":"https:\/\/tyrving.idrett.no\/10\/f\/statistikker\/","title":{"rendered":"Statistikker"},"content":{"rendered":"<h1><strong><strong>Friidrettsforbundets statistikk<\/strong><\/strong><\/h1>\n<div>Klikk deg inn p\u00e5 denne linken:\u00a0 <a href=\"https:\/\/www.minfriidrettsstatistikk.info\/php\/LandsStatistikk.php?showclass=11&amp;showevent=0\"><strong>https:\/\/www.minfriidrettsstatistikk.info\/php\/LandsStatistikk.php?showclass=11&amp;showevent=0<\/strong><\/a><\/div>\n<div>Her kan du velge enkelte \u00e5rsklasser, \u00f8velser sesong osv.<\/div>\n<div>Og \u00f8nsker du \u00e5 se dine egne &#8211; eller andres &#8211; registrerte resultater, s\u00e5 bruker du denne linken: <a href=\"https:\/\/www.minfriidrettsstatistikk.info\/php\/UtoverSok.php\"><strong>https:\/\/www.minfriidrettsstatistikk.info\/php\/UtoverSok.php<\/strong><\/a><\/div>\n<h2><strong>TYRVINGTABELLEN<\/strong><\/h2>\n<div>Tyrvingtabellen s\u00e5 dagens lys i 1948. Den gj\u00f8r det mulig \u00e5 omregne jente- og gutteresultater til poeng, idet hensyn tas b\u00e5de til deltagernes alder og \u00f8velsenes innbyrdes vekt. Derved kunne alle slike resultater enkelt sammenliknes. Tabellen har siden 1952 v\u00e6rt den offisielle poengtabell for jenter og gutter i Norge. Ogs\u00e5 i Danmark ble den i sin tid autorisert.\u00a0 For mangekamper, bestemannspremier og lagserier har den v\u00e6rt uunnv\u00e6rlig.<\/div>\n<div><\/div>\n<div>Tyrvingtabellen var Tyrvings store friidrettsleder Rolf \u201cBoien\u201d Stavers (1912 \u2013 1975) personlige verk. Da han d\u00f8de, oppfordret vi Norges Friidrettsforbund til \u00e5 overta eierskapet og vedlikeholdsansvaret for tabellen, noe forbundet sa ja til. Tabellen hadde da i noen \u00e5r v\u00e6rt utgitt i samarbeid med NFIF. Navnet er\u00a0beholdt.<\/div>\n","protected":false},"excerpt":{"rendered":"Friidrettsforbundets statistikk Klikk deg inn p\u00e5 denne linken:\u00a0 https:\/\/www.minfriidrettsstatistikk.info\/php\/LandsStatistikk.php?showclass=11&amp;showevent=0 Her kan du velge enkelte \u00e5rsklasser, \u00f8vels&#8230;","protected":false},"author":2,"featured_media":0,"parent":0,"menu_order":7,"comment_status":"open","ping_status":"open","template":"","meta":{"footnotes":""},"categories":[1],"tags":[7872],"acf":[],"yoast_head":"<!-- This site is optimized with the Yoast SEO plugin v21.2 - https:\/\/yoast.com\/wordpress\/plugins\/seo\/ -->\n<title>Statistikker - Tyrving - Friidrett<\/title>\n<meta name=\"robots\" content=\"index, follow, max-snippet:-1, max-image-preview:large, max-video-preview:-1\" \/>\n<link rel=\"canonical\" href=\"https:\/\/tyrving.idrett.no\/10\/f\/statistikker\/\" \/>\n<meta property=\"og:locale\" content=\"nb_NO\" \/>\n<meta property=\"og:type\" content=\"article\" \/>\n<meta property=\"og:title\" content=\"Statistikker - Tyrving - Friidrett\" \/>\n<meta property=\"og:description\" content=\"Friidrettsforbundets statistikk Klikk deg inn p\u00e5 denne linken:\u00a0 https:\/\/www.minfriidrettsstatistikk.info\/php\/LandsStatistikk.php?showclass=11&amp;showevent=0 Her kan du velge enkelte \u00e5rsklasser, \u00f8vels...\" \/>\n<meta property=\"og:url\" content=\"https:\/\/tyrving.idrett.no\/10\/f\/statistikker\/\" \/>\n<meta property=\"og:site_name\" content=\"Tyrving - Friidrett\" \/>\n<meta property=\"article:modified_time\" content=\"2021-12-18T14:13:33+00:00\" \/>\n<meta name=\"twitter:card\" content=\"summary_large_image\" \/>\n<meta name=\"twitter:label1\" content=\"Ansl. lesetid\" \/>\n\t<meta name=\"twitter:data1\" content=\"1 minutt\" \/>\n<script type=\"application\/ld+json\" class=\"yoast-schema-graph\">{\"@context\":\"https:\/\/schema.org\",\"@graph\":[{\"@type\":\"WebPage\",\"@id\":\"https:\/\/tyrving.idrett.no\/10\/f\/statistikker\/\",\"url\":\"https:\/\/tyrving.idrett.no\/10\/f\/statistikker\/\",\"name\":\"Statistikker - Tyrving - Friidrett\",\"isPartOf\":{\"@id\":\"https:\/\/tyrving.idrett.no\/10\/f\/#website\"},\"datePublished\":\"2010-04-09T09:07:24+00:00\",\"dateModified\":\"2021-12-18T14:13:33+00:00\",\"breadcrumb\":{\"@id\":\"https:\/\/tyrving.idrett.no\/10\/f\/statistikker\/#breadcrumb\"},\"inLanguage\":\"nb-NO\",\"potentialAction\":[{\"@type\":\"ReadAction\",\"target\":[\"https:\/\/tyrving.idrett.no\/10\/f\/statistikker\/\"]}]},{\"@type\":\"BreadcrumbList\",\"@id\":\"https:\/\/tyrving.idrett.no\/10\/f\/statistikker\/#breadcrumb\",\"itemListElement\":[{\"@type\":\"ListItem\",\"position\":1,\"name\":\"Hjem\",\"item\":\"https:\/\/tyrving.idrett.no\/10\/f\/\"},{\"@type\":\"ListItem\",\"position\":2,\"name\":\"Statistikker\"}]},{\"@type\":\"WebSite\",\"@id\":\"https:\/\/tyrving.idrett.no\/10\/f\/#website\",\"url\":\"https:\/\/tyrving.idrett.no\/10\/f\/\",\"name\":\"Tyrving - Friidrett\",\"description\":\"Friidrettsgruppa\",\"publisher\":{\"@id\":\"https:\/\/tyrving.idrett.no\/10\/f\/#organization\"},\"potentialAction\":[{\"@type\":\"SearchAction\",\"target\":{\"@type\":\"EntryPoint\",\"urlTemplate\":\"https:\/\/tyrving.idrett.no\/10\/f\/?s={search_term_string}\"},\"query-input\":\"required name=search_term_string\"}],\"inLanguage\":\"nb-NO\"},{\"@type\":\"Organization\",\"@id\":\"https:\/\/tyrving.idrett.no\/10\/f\/#organization\",\"name\":\"Tyrving Friidrettsgruppa\",\"url\":\"https:\/\/tyrving.idrett.no\/10\/f\/\",\"logo\":{\"@type\":\"ImageObject\",\"inLanguage\":\"nb-NO\",\"@id\":\"https:\/\/tyrving.idrett.no\/10\/f\/#\/schema\/logo\/image\/\",\"url\":\"https:\/\/tyrving.idrett.no\/10\/f\/files\/2019\/04\/Tyrving-Logo-Friidrett-2019.jpg\",\"contentUrl\":\"https:\/\/tyrving.idrett.no\/10\/f\/files\/2019\/04\/Tyrving-Logo-Friidrett-2019.jpg\",\"width\":460,\"height\":360,\"caption\":\"Tyrving Friidrettsgruppa\"},\"image\":{\"@id\":\"https:\/\/tyrving.idrett.no\/10\/f\/#\/schema\/logo\/image\/\"}}]}<\/script>\n<!-- \/ Yoast SEO plugin. -->","yoast_head_json":{"title":"Statistikker - Tyrving - Friidrett","robots":{"index":"index","follow":"follow","max-snippet":"max-snippet:-1","max-image-preview":"max-image-preview:large","max-video-preview":"max-video-preview:-1"},"canonical":"https:\/\/tyrving.idrett.no\/10\/f\/statistikker\/","og_locale":"nb_NO","og_type":"article","og_title":"Statistikker - Tyrving - Friidrett","og_description":"Friidrettsforbundets statistikk Klikk deg inn p\u00e5 denne linken:\u00a0 https:\/\/www.minfriidrettsstatistikk.info\/php\/LandsStatistikk.php?showclass=11&amp;showevent=0 Her kan du velge enkelte \u00e5rsklasser, \u00f8vels...","og_url":"https:\/\/tyrving.idrett.no\/10\/f\/statistikker\/","og_site_name":"Tyrving - Friidrett","article_modified_time":"2021-12-18T14:13:33+00:00","twitter_card":"summary_large_image","twitter_misc":{"Ansl. lesetid":"1 minutt"},"schema":{"@context":"https:\/\/schema.org","@graph":[{"@type":"WebPage","@id":"https:\/\/tyrving.idrett.no\/10\/f\/statistikker\/","url":"https:\/\/tyrving.idrett.no\/10\/f\/statistikker\/","name":"Statistikker - Tyrving - Friidrett","isPartOf":{"@id":"https:\/\/tyrving.idrett.no\/10\/f\/#website"},"datePublished":"2010-04-09T09:07:24+00:00","dateModified":"2021-12-18T14:13:33+00:00","breadcrumb":{"@id":"https:\/\/tyrving.idrett.no\/10\/f\/statistikker\/#breadcrumb"},"inLanguage":"nb-NO","potentialAction":[{"@type":"ReadAction","target":["https:\/\/tyrving.idrett.no\/10\/f\/statistikker\/"]}]},{"@type":"BreadcrumbList","@id":"https:\/\/tyrving.idrett.no\/10\/f\/statistikker\/#breadcrumb","itemListElement":[{"@type":"ListItem","position":1,"name":"Hjem","item":"https:\/\/tyrving.idrett.no\/10\/f\/"},{"@type":"ListItem","position":2,"name":"Statistikker"}]},{"@type":"WebSite","@id":"https:\/\/tyrving.idrett.no\/10\/f\/#website","url":"https:\/\/tyrving.idrett.no\/10\/f\/","name":"Tyrving - Friidrett","description":"Friidrettsgruppa","publisher":{"@id":"https:\/\/tyrving.idrett.no\/10\/f\/#organization"},"potentialAction":[{"@type":"SearchAction","target":{"@type":"EntryPoint","urlTemplate":"https:\/\/tyrving.idrett.no\/10\/f\/?s={search_term_string}"},"query-input":"required name=search_term_string"}],"inLanguage":"nb-NO"},{"@type":"Organization","@id":"https:\/\/tyrving.idrett.no\/10\/f\/#organization","name":"Tyrving Friidrettsgruppa","url":"https:\/\/tyrving.idrett.no\/10\/f\/","logo":{"@type":"ImageObject","inLanguage":"nb-NO","@id":"https:\/\/tyrving.idrett.no\/10\/f\/#\/schema\/logo\/image\/","url":"https:\/\/tyrving.idrett.no\/10\/f\/files\/2019\/04\/Tyrving-Logo-Friidrett-2019.jpg","contentUrl":"https:\/\/tyrving.idrett.no\/10\/f\/files\/2019\/04\/Tyrving-Logo-Friidrett-2019.jpg","width":460,"height":360,"caption":"Tyrving Friidrettsgruppa"},"image":{"@id":"https:\/\/tyrving.idrett.no\/10\/f\/#\/schema\/logo\/image\/"}}]}},"jetpack_sharing_enabled":true,"_links":{"self":[{"href":"https:\/\/tyrving.idrett.no\/10\/f\/wp-json\/wp\/v2\/pages\/181"}],"collection":[{"href":"https:\/\/tyrving.idrett.no\/10\/f\/wp-json\/wp\/v2\/pages"}],"about":[{"href":"https:\/\/tyrving.idrett.no\/10\/f\/wp-json\/wp\/v2\/types\/page"}],"author":[{"embeddable":true,"href":"https:\/\/tyrving.idrett.no\/10\/f\/wp-json\/wp\/v2\/users\/2"}],"replies":[{"embeddable":true,"href":"https:\/\/tyrving.idrett.no\/10\/f\/wp-json\/wp\/v2\/comments?post=181"}],"version-history":[{"count":69,"href":"https:\/\/tyrving.idrett.no\/10\/f\/wp-json\/wp\/v2\/pages\/181\/revisions"}],"predecessor-version":[{"id":20200,"href":"https:\/\/tyrving.idrett.no\/10\/f\/wp-json\/wp\/v2\/pages\/181\/revisions\/20200"}],"wp:attachment":[{"href":"https:\/\/tyrving.idrett.no\/10\/f\/wp-json\/wp\/v2\/media?parent=181"}],"wp:term":[{"taxonomy":"category","embeddable":true,"href":"https:\/\/tyrving.idrett.no\/10\/f\/wp-json\/wp\/v2\/categories?post=181"},{"taxonomy":"post_tag","embeddable":true,"href":"https:\/\/tyrving.idrett.no\/10\/f\/wp-json\/wp\/v2\/tags?post=181"}],"curies":[{"name":"wp","href":"https:\/\/api.w.org\/{rel}","templated":true}]}}