{"id":21399,"date":"2021-10-13T13:17:31","date_gmt":"2021-10-13T11:17:31","guid":{"rendered":"https:\/\/tyrving.idrett.no\/10\/f\/?page_id=21399"},"modified":"2024-03-19T09:47:32","modified_gmt":"2024-03-19T08:47:32","slug":"fridrettsstyret","status":"publish","type":"page","link":"https:\/\/tyrving.idrett.no\/10\/f\/fridrettsstyret\/","title":{"rendered":"Friidrettsstyret"},"content":{"rendered":"\t\t<div data-elementor-type=\"wp-page\" data-elementor-id=\"21399\" class=\"elementor elementor-21399\" data-elementor-post-type=\"page\">\n\t\t\t\t\t\t\t\t\t<section class=\"elementor-section elementor-top-section elementor-element elementor-element-de76aeb elementor-section-boxed elementor-section-height-default elementor-section-height-default\" data-id=\"de76aeb\" data-element_type=\"section\">\n\t\t\t\t\t\t<div class=\"elementor-container elementor-column-gap-extended\">\n\t\t\t\t\t<div class=\"elementor-column elementor-col-50 elementor-top-column elementor-element elementor-element-84e918a\" data-id=\"84e918a\" data-element_type=\"column\" data-settings=\"{&quot;background_background&quot;:&quot;classic&quot;}\">\n\t\t\t<div class=\"elementor-widget-wrap elementor-element-populated\">\n\t\t\t\t\t\t\t\t<div class=\"elementor-element elementor-element-3846220 elementor-widget elementor-widget-theme-post-title elementor-page-title elementor-widget-heading\" data-id=\"3846220\" data-element_type=\"widget\" data-widget_type=\"theme-post-title.default\">\n\t\t\t\t<div class=\"elementor-widget-container\">\n\t\t\t<h1 class=\"elementor-heading-title elementor-size-xl\">Friidrettsstyret<\/h1>\t\t<\/div>\n\t\t\t\t<\/div>\n\t\t\t\t<div class=\"elementor-element elementor-element-07c60db elementor-widget elementor-widget-text-editor\" data-id=\"07c60db\" data-element_type=\"widget\" data-widget_type=\"text-editor.default\">\n\t\t\t\t<div class=\"elementor-widget-container\">\n\t\t\t\t\t\t\t<p>Styret har det overordnede ansvaret for all aktivitet i Tyrving Friidrett og at klubben videreutvikler seg i tr\u00e5d med ambisjoner og fastlagte m\u00e5l. De st\u00e5r ansvarlig overfor \u00e5rsm\u00f8tet n\u00e5r det gjelder budsjett og handlingsplaner, samt regnskap og hvordan klubben drives.<\/p>\t\t\t\t\t\t<\/div>\n\t\t\t\t<\/div>\n\t\t\t\t<div class=\"elementor-element elementor-element-802a925 elementor-widget elementor-widget-heading\" data-id=\"802a925\" data-element_type=\"widget\" data-widget_type=\"heading.default\">\n\t\t\t\t<div class=\"elementor-widget-container\">\n\t\t\t<h3 class=\"elementor-heading-title elementor-size-default\">Oppdatert etter \u00e5rsm\u00f8tet i 2024<\/h3>\t\t<\/div>\n\t\t\t\t<\/div>\n\t\t\t\t<div class=\"elementor-element elementor-element-995d2c7 elementor-widget elementor-widget-shortcode\" data-id=\"995d2c7\" data-element_type=\"widget\" data-widget_type=\"shortcode.default\">\n\t\t\t\t<div class=\"elementor-widget-container\">\n\t\t\t\t\t<div class=\"elementor-shortcode\"><div class=\"tmm tmm_friidrettsstyret tmm-inbox-pic\"><div class=\"tmm_2_columns tmm_wrap tmm_ori_f\"><span class=\"tmm_two_containers_tablet\"><\/span><div class=\"tmm_container tmm-equalizer\"><div class=\"tmm_member tmm_ori_f\" style=\"border-top:#444444 solid 3px;\"><div class=\"tmm_squared-borders tmm_no-borders  tmm_photo tmm_pic_friidrettsstyret_0\" style=\"background: url(https:\/\/tyrving.idrett.no\/10\/f\/files\/2019\/04\/man-woman-silhouette-people-2.jpg); margin-left: auto; margin-right:auto; background-size:cover !important;\"><img decoding=\"async\" src=\"https:\/\/tyrving.idrett.no\/10\/f\/files\/2019\/04\/man-woman-silhouette-people-2.jpg\" style=\"visibility: hidden; width:100%;\" \/><\/div><div class=\"tmm_textblock\"><div class=\"tmm_names\"><span class=\"tmm_fname\">Sverre<\/span> <span class=\"tmm_lname\">Alvik<\/span><\/div><div class=\"tmm_job\">Styreleder (971 66 917)<\/div><div class=\"tmm_scblock\"><a class=\"tmm_sociallink\" href=\"mailto:sverre.Alvik@dnvgl.com\" title=\"E-post\"><i class=\"fas fa-envelope\"><\/i><\/a><a class=\"tmm_sociallink\" href=\"tel:97166917\" title=\"Telefon\"><i class=\"fas fa-phone\"><\/i><\/a><\/div><\/div><\/div><div class=\"tmm_member tmm_ori_f\" style=\"border-top:#444444 solid 3px;\"><div class=\"tmm_squared-borders tmm_no-borders  tmm_photo tmm_pic_friidrettsstyret_1\" style=\"background: url(https:\/\/tyrving.idrett.no\/10\/f\/files\/2019\/04\/man-woman-silhouette-people-2.jpg); margin-left: auto; margin-right:auto; background-size:cover !important;\"><img decoding=\"async\" src=\"https:\/\/tyrving.idrett.no\/10\/f\/files\/2019\/04\/man-woman-silhouette-people-2.jpg\" style=\"visibility: hidden; width:100%;\" \/><\/div><div class=\"tmm_textblock\"><div class=\"tmm_names\"><span class=\"tmm_fname\">Jo<\/span> <span class=\"tmm_lname\">Nesse<\/span><\/div><div class=\"tmm_job\">Nestleder (926 99 045)<\/div><div class=\"tmm_scblock\"><a class=\"tmm_sociallink\" href=\"mailto:nessejo2022@outlook.com\" title=\"E-post\"><i class=\"fas fa-envelope\"><\/i><\/a><a class=\"tmm_sociallink\" href=\"tel:92699045\" title=\"Telefon\"><i class=\"fas fa-phone\"><\/i><\/a><\/div><\/div><\/div><span class=\"tmm_two_containers_tablet\"><\/span><\/div><span class=\"tmm_columns_containers_desktop\"><\/span><div class=\"tmm_container tmm-equalizer\"><div class=\"tmm_member tmm_ori_f\" style=\"border-top:#444444 solid 3px;\"><div class=\"tmm_squared-borders tmm_no-borders  tmm_photo tmm_pic_friidrettsstyret_2\" style=\"background: url(https:\/\/tyrving.idrett.no\/10\/f\/files\/2019\/04\/man-woman-silhouette-people-2.jpg); margin-left: auto; margin-right:auto; background-size:cover !important;\"><img decoding=\"async\" src=\"https:\/\/tyrving.idrett.no\/10\/f\/files\/2019\/04\/man-woman-silhouette-people-2.jpg\" style=\"visibility: hidden; width:100%;\" \/><\/div><div class=\"tmm_textblock\"><div class=\"tmm_names\"><span class=\"tmm_fname\">\u00d8yvind<\/span> <span class=\"tmm_lname\">Fjeld<\/span><\/div><div class=\"tmm_job\">Styremedlem (468 30 409)<\/div><div class=\"tmm_scblock\"><a class=\"tmm_sociallink\" href=\"mailto:fjellern@protonmail.com\" title=\"E-post\"><i class=\"fas fa-envelope\"><\/i><\/a><a class=\"tmm_sociallink\" href=\"tel:46830409\" title=\"Telefon\"><i class=\"fas fa-phone\"><\/i><\/a><\/div><\/div><\/div><div class=\"tmm_member tmm_ori_f\" style=\"border-top:#444444 solid 3px;\"><div class=\"tmm_squared-borders tmm_no-borders  tmm_photo tmm_pic_friidrettsstyret_3\" style=\"background: url(https:\/\/tyrving.idrett.no\/10\/f\/files\/2019\/04\/man-woman-silhouette-people-2.jpg); margin-left: auto; margin-right:auto; background-size:cover !important;\"><img decoding=\"async\" src=\"https:\/\/tyrving.idrett.no\/10\/f\/files\/2019\/04\/man-woman-silhouette-people-2.jpg\" style=\"visibility: hidden; width:100%;\" \/><\/div><div class=\"tmm_textblock\"><div class=\"tmm_names\"><span class=\"tmm_fname\">Jennie<\/span> <span class=\"tmm_lname\">Alm\u00e8n<\/span><\/div><div class=\"tmm_job\">Styremedlem (922 72 171)<\/div><div class=\"tmm_scblock\"><a class=\"tmm_sociallink\" href=\"mailto:\" title=\"E-post\"><i class=\"fas fa-envelope\"><\/i><\/a><a class=\"tmm_sociallink\" href=\"tel:\" title=\"Telefon\"><i class=\"fas fa-phone\"><\/i><\/a><\/div><\/div><\/div><span class=\"tmm_two_containers_tablet\"><\/span><\/div><span class=\"tmm_columns_containers_desktop\"><\/span><div class=\"tmm_container tmm-equalizer\"><div class=\"tmm_member tmm_ori_f\" style=\"border-top:#444444 solid 3px;\"><div class=\"tmm_squared-borders tmm_no-borders  tmm_photo tmm_pic_friidrettsstyret_4\" style=\"background: url(https:\/\/tyrving.idrett.no\/10\/f\/files\/2019\/04\/man-woman-silhouette-people-2.jpg); margin-left: auto; margin-right:auto; background-size:cover !important;\"><img decoding=\"async\" src=\"https:\/\/tyrving.idrett.no\/10\/f\/files\/2019\/04\/man-woman-silhouette-people-2.jpg\" style=\"visibility: hidden; width:100%;\" \/><\/div><div class=\"tmm_textblock\"><div class=\"tmm_names\"><span class=\"tmm_fname\">Marianne <\/span> <span class=\"tmm_lname\">Krog Sand<\/span><\/div><div class=\"tmm_job\">Styremedlem (913 64 357)<\/div><div class=\"tmm_scblock\"><a class=\"tmm_sociallink\" href=\"mailto:\" title=\"E-post\"><i class=\"fas fa-envelope\"><\/i><\/a><a class=\"tmm_sociallink\" href=\"tel:\" title=\"Telefon\"><i class=\"fas fa-phone\"><\/i><\/a><\/div><\/div><\/div><div class=\"tmm_member tmm_ori_f\" style=\"border-top:#444444 solid 3px;\"><div class=\"tmm_squared-borders tmm_no-borders  tmm_photo tmm_pic_friidrettsstyret_5\" style=\"background: url(https:\/\/tyrving.idrett.no\/10\/f\/files\/2019\/04\/man-woman-silhouette-people-3.jpg); margin-left: auto; margin-right:auto; background-size:cover !important;\"><img decoding=\"async\" src=\"https:\/\/tyrving.idrett.no\/10\/f\/files\/2019\/04\/man-woman-silhouette-people-3.jpg\" style=\"visibility: hidden; width:100%;\" \/><\/div><div class=\"tmm_textblock\"><div class=\"tmm_names\"><span class=\"tmm_fname\">Sigurd<\/span> <span class=\"tmm_lname\">Clementsen<\/span><\/div><div class=\"tmm_job\">Styrets ut\u00f8verepresentant (454 98 407)<\/div><div class=\"tmm_scblock\"><a class=\"tmm_sociallink\" href=\"mailto:siv.merethe.skorpen@operaen.no\" title=\"E-post\"><i class=\"fas fa-envelope\"><\/i><\/a><\/div><\/div><\/div><div style=\"clear:both;\"><\/div><\/div><\/div><\/div><\/div>\n\t\t\t\t<\/div>\n\t\t\t\t<\/div>\n\t\t\t\t<div class=\"elementor-element elementor-element-76d2edd elementor-widget elementor-widget-heading\" data-id=\"76d2edd\" data-element_type=\"widget\" data-widget_type=\"heading.default\">\n\t\t\t\t<div class=\"elementor-widget-container\">\n\t\t\t<h2 class=\"elementor-heading-title elementor-size-default\">M\u00f8terett<\/h2>\t\t<\/div>\n\t\t\t\t<\/div>\n\t\t\t\t<div class=\"elementor-element elementor-element-61d8161 elementor-widget elementor-widget-shortcode\" data-id=\"61d8161\" data-element_type=\"widget\" data-widget_type=\"shortcode.default\">\n\t\t\t\t<div class=\"elementor-widget-container\">\n\t\t\t\t\t<div class=\"elementor-shortcode\"><div class=\"tmm tmm_administrasjon tmm-inbox-pic\"><div class=\"tmm_2_columns tmm_wrap \"><span class=\"tmm_two_containers_tablet\"><\/span><div class=\"tmm_container \"><div class=\"tmm_member \" style=\"border-top:#444444 solid 10px;\"><div class=\" tmm_photo tmm_pic_administrasjon_0\" style=\"background: url(https:\/\/tyrving.idrett.no\/10\/f\/files\/2021\/12\/20210903_140200-e1643109992742.jpg); margin-left: auto; margin-right:auto; background-size:cover !important;\"><img decoding=\"async\" src=\"https:\/\/tyrving.idrett.no\/10\/f\/files\/2021\/12\/20210903_140200-e1643109992742.jpg\" style=\"visibility: hidden; width:100%;\" \/><\/div><div class=\"tmm_textblock\"><div class=\"tmm_names\"><span class=\"tmm_fname\">Morten<\/span> <span class=\"tmm_lname\">Jensen<\/span><\/div><div class=\"tmm_job\">Sportslig leder (966 40 278)<\/div><div class=\"tmm_desc\" style=\"text-align:center\"><p><strong>Ansvarsomr\u00e5der:\u00a0<\/strong><\/p>\r\nSportslig administrasjon, treneransvar, sportslig plan, sommerskole, ut\u00f8ver- og trenerforum.<\/div><div class=\"tmm_scblock\"><a class=\"tmm_sociallink\" href=\"mailto:morten@tyrving.no\" title=\"E-post\"><i class=\"fas fa-envelope\"><\/i><\/a><a class=\"tmm_sociallink\" href=\"tel:96640278\" title=\"Telefon\"><i class=\"fas fa-phone\"><\/i><\/a><\/div><\/div><\/div><div class=\"tmm_member \" style=\"border-top:#203864 solid 10px;\"><div class=\" tmm_photo tmm_pic_administrasjon_1\" style=\"background: url(https:\/\/tyrving.idrett.no\/10\/f\/files\/2019\/04\/man-woman-silhouette-people-3.jpg); margin-left: auto; margin-right:auto; background-size:cover !important;\"><img decoding=\"async\" src=\"https:\/\/tyrving.idrett.no\/10\/f\/files\/2019\/04\/man-woman-silhouette-people-3.jpg\" style=\"visibility: hidden; width:100%;\" \/><\/div><div class=\"tmm_textblock\"><div class=\"tmm_names\"><span class=\"tmm_fname\">Charlotte Lund<\/span> <span class=\"tmm_lname\">Antonijevic<\/span><\/div><div class=\"tmm_job\">Admin. leder (415 53 322)<\/div><div class=\"tmm_desc\" style=\"text-align:center\"><p><strong>Ansvarsomr\u00e5der:\u00a0<\/strong><\/p>\r\nRegnskapsf\u00f8ring og mye mer.<\/div><div class=\"tmm_scblock\"><a class=\"tmm_sociallink\" href=\"mailto:friidrett@tyrving.no\" title=\"E-post\"><i class=\"fas fa-envelope\"><\/i><\/a><a class=\"tmm_sociallink\" href=\"tel:91854384\" title=\"Telefon\"><i class=\"fas fa-phone\"><\/i><\/a><\/div><\/div><\/div><div style=\"clear:both;\"><\/div><\/div><\/div><\/div>\n<\/div>\n\t\t\t\t<\/div>\n\t\t\t\t<\/div>\n\t\t\t\t\t<\/div>\n\t\t<\/div>\n\t\t\t\t<div class=\"elementor-column elementor-col-50 elementor-top-column elementor-element elementor-element-a94190f\" data-id=\"a94190f\" data-element_type=\"column\" data-settings=\"{&quot;background_background&quot;:&quot;classic&quot;}\">\n\t\t\t<div class=\"elementor-widget-wrap elementor-element-populated\">\n\t\t\t\t\t\t\t\t<div class=\"elementor-element elementor-element-99a16b8 sidekolonne elementor-widget elementor-widget-sidebar\" data-id=\"99a16b8\" data-element_type=\"widget\" data-widget_type=\"sidebar.default\">\n\t\t\t\t<div class=\"elementor-widget-container\">\n\t\t\t<div id=\"custom_html-9\" class=\"widget_text widget widget_custom_html\"><div class=\"textwidget custom-html-widget\"><div class=\"elementor-element elementor-element-3960326 elementor-align-center forsideknapp elementor-widget elementor-widget-button\" data-id=\"3960326\" data-element_type=\"widget\" data-widget_type=\"button.default\">\r\n    <div class=\"elementor-widget-container\">\r\n        <div class=\"elementor-button-wrapper\">\r\n            <a href=\"https:\/\/tyrving.idrett.no\/10\/f\/bli-medlem-i-tyrving\/\" class=\"elementor-button-link elementor-button elementor-size-md\" role=\"button\">\r\n            <span class=\"elementor-button-content-wrapper\">\r\n            <span class=\"elementor-button-text\">Bli medlem<\/span>\r\n            <\/span>\r\n            <\/a>\r\n        <\/div>\r\n    <\/div>\r\n<\/div>\r\n<div class=\"elementor-element elementor-element-ad5d130 elementor-align-center forsideknapp elementor-widget elementor-widget-button\" data-id=\"ad5d130\" data-element_type=\"widget\" data-widget_type=\"button.default\">\r\n    <div class=\"elementor-widget-container\">\r\n        <div class=\"elementor-button-wrapper\">\r\n            <a href=\"https:\/\/tyrving.ourwear.shop\/\" target=\"_blank\" class=\"elementor-button elementor-size-md\" role=\"button\" rel=\"noopener\">\r\n            <span class=\"elementor-button-content-wrapper\">\r\n            <span class=\"elementor-button-text\">Microshop<\/span>\r\n            <\/span>\r\n            <\/a>\r\n        <\/div>\r\n    <\/div>\r\n<\/div><\/div><\/div><div id=\"custom_html-8\" class=\"widget_text widget widget_custom_html\"><h2 class=\"widget-title\">Kommende hendelser<\/h2><div class=\"textwidget custom-html-widget\"><div id=\"klubbkalender-sidebar\"><\/div><\/div><\/div><div id=\"custom_html-3\" class=\"widget_text widget widget_custom_html\"><h2 class=\"widget-title\">Grasrotandelen<\/h2><div class=\"textwidget custom-html-widget\"><a href=\"https:\/\/www.norsk-tipping.no\/grasrotandelen\/din-mottaker\/971059931\" target=\"_blank\" rel=\"noopener\"><img decoding=\"async\" alt=\"Grasrotandelen\" style=\"border:0px;\" src=\"https:\/\/tyrving.idrett.no\/10\/f\/files\/2021\/10\/grasrotandelen2021.jpg\"><\/a><\/div><\/div>\t\t<\/div>\n\t\t\t\t<\/div>\n\t\t\t\t\t<\/div>\n\t\t<\/div>\n\t\t\t\t\t\t\t<\/div>\n\t\t<\/section>\n\t\t\t\t\t\t\t<\/div>\n\t\t","protected":false},"excerpt":{"rendered":"Styret har det overordnede ansvaret for all aktivitet i Tyrving Friidrett og at klubben videreutvikler seg i tr\u00e5d med ambisjoner og fastlagte m\u00e5l. De st\u00e5r ansvarlig overfor \u00e5rsm\u00f8tet n\u00e5r det gjelder bu&#8230;","protected":false},"author":32,"featured_media":0,"parent":0,"menu_order":0,"comment_status":"closed","ping_status":"closed","template":"elementor_canvas","meta":{"footnotes":""},"categories":[],"tags":[7869],"acf":[],"yoast_head":"<!-- This site is optimized with the Yoast SEO plugin v21.2 - https:\/\/yoast.com\/wordpress\/plugins\/seo\/ -->\n<title>Friidrettsstyret - Tyrving - Friidrett<\/title>\n<meta name=\"robots\" content=\"index, follow, max-snippet:-1, max-image-preview:large, max-video-preview:-1\" \/>\n<link rel=\"canonical\" href=\"https:\/\/tyrving.idrett.no\/10\/f\/fridrettsstyret\/\" \/>\n<meta property=\"og:locale\" content=\"nb_NO\" \/>\n<meta property=\"og:type\" content=\"article\" \/>\n<meta property=\"og:title\" content=\"Friidrettsstyret - Tyrving - Friidrett\" \/>\n<meta property=\"og:description\" content=\"Styret har det overordnede ansvaret for all aktivitet i Tyrving Friidrett og at klubben videreutvikler seg i tr\u00e5d med ambisjoner og fastlagte m\u00e5l. De st\u00e5r ansvarlig overfor \u00e5rsm\u00f8tet n\u00e5r det gjelder bu...\" \/>\n<meta property=\"og:url\" content=\"https:\/\/tyrving.idrett.no\/10\/f\/fridrettsstyret\/\" \/>\n<meta property=\"og:site_name\" content=\"Tyrving - Friidrett\" \/>\n<meta property=\"article:modified_time\" content=\"2024-03-19T08:47:32+00:00\" \/>\n<meta name=\"twitter:card\" content=\"summary_large_image\" \/>\n<meta name=\"twitter:label1\" content=\"Ansl. lesetid\" \/>\n\t<meta name=\"twitter:data1\" content=\"3 minutter\" \/>\n<script type=\"application\/ld+json\" class=\"yoast-schema-graph\">{\"@context\":\"https:\/\/schema.org\",\"@graph\":[{\"@type\":\"WebPage\",\"@id\":\"https:\/\/tyrving.idrett.no\/10\/f\/fridrettsstyret\/\",\"url\":\"https:\/\/tyrving.idrett.no\/10\/f\/fridrettsstyret\/\",\"name\":\"Friidrettsstyret - Tyrving - Friidrett\",\"isPartOf\":{\"@id\":\"https:\/\/tyrving.idrett.no\/10\/f\/#website\"},\"datePublished\":\"2021-10-13T11:17:31+00:00\",\"dateModified\":\"2024-03-19T08:47:32+00:00\",\"breadcrumb\":{\"@id\":\"https:\/\/tyrving.idrett.no\/10\/f\/fridrettsstyret\/#breadcrumb\"},\"inLanguage\":\"nb-NO\",\"potentialAction\":[{\"@type\":\"ReadAction\",\"target\":[\"https:\/\/tyrving.idrett.no\/10\/f\/fridrettsstyret\/\"]}]},{\"@type\":\"BreadcrumbList\",\"@id\":\"https:\/\/tyrving.idrett.no\/10\/f\/fridrettsstyret\/#breadcrumb\",\"itemListElement\":[{\"@type\":\"ListItem\",\"position\":1,\"name\":\"Hjem\",\"item\":\"https:\/\/tyrving.idrett.no\/10\/f\/\"},{\"@type\":\"ListItem\",\"position\":2,\"name\":\"Friidrettsstyret\"}]},{\"@type\":\"WebSite\",\"@id\":\"https:\/\/tyrving.idrett.no\/10\/f\/#website\",\"url\":\"https:\/\/tyrving.idrett.no\/10\/f\/\",\"name\":\"Tyrving - Friidrett\",\"description\":\"Friidrettsgruppa\",\"publisher\":{\"@id\":\"https:\/\/tyrving.idrett.no\/10\/f\/#organization\"},\"potentialAction\":[{\"@type\":\"SearchAction\",\"target\":{\"@type\":\"EntryPoint\",\"urlTemplate\":\"https:\/\/tyrving.idrett.no\/10\/f\/?s={search_term_string}\"},\"query-input\":\"required name=search_term_string\"}],\"inLanguage\":\"nb-NO\"},{\"@type\":\"Organization\",\"@id\":\"https:\/\/tyrving.idrett.no\/10\/f\/#organization\",\"name\":\"Tyrving Friidrettsgruppa\",\"url\":\"https:\/\/tyrving.idrett.no\/10\/f\/\",\"logo\":{\"@type\":\"ImageObject\",\"inLanguage\":\"nb-NO\",\"@id\":\"https:\/\/tyrving.idrett.no\/10\/f\/#\/schema\/logo\/image\/\",\"url\":\"https:\/\/tyrving.idrett.no\/10\/f\/files\/2019\/04\/Tyrving-Logo-Friidrett-2019.jpg\",\"contentUrl\":\"https:\/\/tyrving.idrett.no\/10\/f\/files\/2019\/04\/Tyrving-Logo-Friidrett-2019.jpg\",\"width\":460,\"height\":360,\"caption\":\"Tyrving Friidrettsgruppa\"},\"image\":{\"@id\":\"https:\/\/tyrving.idrett.no\/10\/f\/#\/schema\/logo\/image\/\"}}]}<\/script>\n<!-- \/ Yoast SEO plugin. -->","yoast_head_json":{"title":"Friidrettsstyret - Tyrving - Friidrett","robots":{"index":"index","follow":"follow","max-snippet":"max-snippet:-1","max-image-preview":"max-image-preview:large","max-video-preview":"max-video-preview:-1"},"canonical":"https:\/\/tyrving.idrett.no\/10\/f\/fridrettsstyret\/","og_locale":"nb_NO","og_type":"article","og_title":"Friidrettsstyret - Tyrving - Friidrett","og_description":"Styret har det overordnede ansvaret for all aktivitet i Tyrving Friidrett og at klubben videreutvikler seg i tr\u00e5d med ambisjoner og fastlagte m\u00e5l. De st\u00e5r ansvarlig overfor \u00e5rsm\u00f8tet n\u00e5r det gjelder bu...","og_url":"https:\/\/tyrving.idrett.no\/10\/f\/fridrettsstyret\/","og_site_name":"Tyrving - Friidrett","article_modified_time":"2024-03-19T08:47:32+00:00","twitter_card":"summary_large_image","twitter_misc":{"Ansl. lesetid":"3 minutter"},"schema":{"@context":"https:\/\/schema.org","@graph":[{"@type":"WebPage","@id":"https:\/\/tyrving.idrett.no\/10\/f\/fridrettsstyret\/","url":"https:\/\/tyrving.idrett.no\/10\/f\/fridrettsstyret\/","name":"Friidrettsstyret - Tyrving - Friidrett","isPartOf":{"@id":"https:\/\/tyrving.idrett.no\/10\/f\/#website"},"datePublished":"2021-10-13T11:17:31+00:00","dateModified":"2024-03-19T08:47:32+00:00","breadcrumb":{"@id":"https:\/\/tyrving.idrett.no\/10\/f\/fridrettsstyret\/#breadcrumb"},"inLanguage":"nb-NO","potentialAction":[{"@type":"ReadAction","target":["https:\/\/tyrving.idrett.no\/10\/f\/fridrettsstyret\/"]}]},{"@type":"BreadcrumbList","@id":"https:\/\/tyrving.idrett.no\/10\/f\/fridrettsstyret\/#breadcrumb","itemListElement":[{"@type":"ListItem","position":1,"name":"Hjem","item":"https:\/\/tyrving.idrett.no\/10\/f\/"},{"@type":"ListItem","position":2,"name":"Friidrettsstyret"}]},{"@type":"WebSite","@id":"https:\/\/tyrving.idrett.no\/10\/f\/#website","url":"https:\/\/tyrving.idrett.no\/10\/f\/","name":"Tyrving - Friidrett","description":"Friidrettsgruppa","publisher":{"@id":"https:\/\/tyrving.idrett.no\/10\/f\/#organization"},"potentialAction":[{"@type":"SearchAction","target":{"@type":"EntryPoint","urlTemplate":"https:\/\/tyrving.idrett.no\/10\/f\/?s={search_term_string}"},"query-input":"required name=search_term_string"}],"inLanguage":"nb-NO"},{"@type":"Organization","@id":"https:\/\/tyrving.idrett.no\/10\/f\/#organization","name":"Tyrving Friidrettsgruppa","url":"https:\/\/tyrving.idrett.no\/10\/f\/","logo":{"@type":"ImageObject","inLanguage":"nb-NO","@id":"https:\/\/tyrving.idrett.no\/10\/f\/#\/schema\/logo\/image\/","url":"https:\/\/tyrving.idrett.no\/10\/f\/files\/2019\/04\/Tyrving-Logo-Friidrett-2019.jpg","contentUrl":"https:\/\/tyrving.idrett.no\/10\/f\/files\/2019\/04\/Tyrving-Logo-Friidrett-2019.jpg","width":460,"height":360,"caption":"Tyrving Friidrettsgruppa"},"image":{"@id":"https:\/\/tyrving.idrett.no\/10\/f\/#\/schema\/logo\/image\/"}}]}},"jetpack_sharing_enabled":true,"_links":{"self":[{"href":"https:\/\/tyrving.idrett.no\/10\/f\/wp-json\/wp\/v2\/pages\/21399"}],"collection":[{"href":"https:\/\/tyrving.idrett.no\/10\/f\/wp-json\/wp\/v2\/pages"}],"about":[{"href":"https:\/\/tyrving.idrett.no\/10\/f\/wp-json\/wp\/v2\/types\/page"}],"author":[{"embeddable":true,"href":"https:\/\/tyrving.idrett.no\/10\/f\/wp-json\/wp\/v2\/users\/32"}],"replies":[{"embeddable":true,"href":"https:\/\/tyrving.idrett.no\/10\/f\/wp-json\/wp\/v2\/comments?post=21399"}],"version-history":[{"count":36,"href":"https:\/\/tyrving.idrett.no\/10\/f\/wp-json\/wp\/v2\/pages\/21399\/revisions"}],"predecessor-version":[{"id":25809,"href":"https:\/\/tyrving.idrett.no\/10\/f\/wp-json\/wp\/v2\/pages\/21399\/revisions\/25809"}],"wp:attachment":[{"href":"https:\/\/tyrving.idrett.no\/10\/f\/wp-json\/wp\/v2\/media?parent=21399"}],"wp:term":[{"taxonomy":"category","embeddable":true,"href":"https:\/\/tyrving.idrett.no\/10\/f\/wp-json\/wp\/v2\/categories?post=21399"},{"taxonomy":"post_tag","embeddable":true,"href":"https:\/\/tyrving.idrett.no\/10\/f\/wp-json\/wp\/v2\/tags?post=21399"}],"curies":[{"name":"wp","href":"https:\/\/api.w.org\/{rel}","templated":true}]}}