{"id":21422,"date":"2021-10-13T15:17:47","date_gmt":"2021-10-13T13:17:47","guid":{"rendered":"https:\/\/tyrving.idrett.no\/10\/f\/?page_id=21422"},"modified":"2023-04-14T10:48:51","modified_gmt":"2023-04-14T08:48:51","slug":"ny-i-tyrving-il","status":"publish","type":"page","link":"https:\/\/tyrving.idrett.no\/10\/f\/ny-i-tyrving-il\/","title":{"rendered":"Ny i Tyrving IL"},"content":{"rendered":"\t\t<div data-elementor-type=\"wp-page\" data-elementor-id=\"21422\" class=\"elementor elementor-21422\" data-elementor-post-type=\"page\">\n\t\t\t\t\t\t\t\t\t<section class=\"elementor-section elementor-top-section elementor-element elementor-element-9faadf8 elementor-section-boxed elementor-section-height-default elementor-section-height-default\" data-id=\"9faadf8\" data-element_type=\"section\">\n\t\t\t\t\t\t<div class=\"elementor-container elementor-column-gap-extended\">\n\t\t\t\t\t<div class=\"elementor-column elementor-col-50 elementor-top-column elementor-element elementor-element-3f107fa\" data-id=\"3f107fa\" data-element_type=\"column\" data-settings=\"{&quot;background_background&quot;:&quot;classic&quot;}\">\n\t\t\t<div class=\"elementor-widget-wrap elementor-element-populated\">\n\t\t\t\t\t\t\t\t<div class=\"elementor-element elementor-element-57dcd1a elementor-widget elementor-widget-theme-post-title elementor-page-title elementor-widget-heading\" data-id=\"57dcd1a\" data-element_type=\"widget\" data-widget_type=\"theme-post-title.default\">\n\t\t\t\t<div class=\"elementor-widget-container\">\n\t\t\t<h1 class=\"elementor-heading-title elementor-size-xl\">Ny i Tyrving IL<\/h1>\t\t<\/div>\n\t\t\t\t<\/div>\n\t\t\t\t<div class=\"elementor-element elementor-element-9c235b9 elementor-widget elementor-widget-image\" data-id=\"9c235b9\" data-element_type=\"widget\" data-widget_type=\"image.default\">\n\t\t\t\t<div class=\"elementor-widget-container\">\n\t\t\t\t\t\t\t\t\t\t\t\t\t\t\t<img decoding=\"async\" loading=\"lazy\" width=\"1705\" height=\"780\" src=\"https:\/\/tyrving.idrett.no\/10\/f\/files\/2021\/09\/IMG_1000-scaled-e1634130961828.jpg\" class=\"attachment-full size-full wp-image-20961\" alt=\"\" srcset=\"https:\/\/tyrving.idrett.no\/10\/f\/files\/2021\/09\/IMG_1000-scaled-e1634130961828.jpg 1705w, https:\/\/tyrving.idrett.no\/10\/f\/files\/2021\/09\/IMG_1000-scaled-e1634130961828-300x137.jpg 300w, https:\/\/tyrving.idrett.no\/10\/f\/files\/2021\/09\/IMG_1000-scaled-e1634130961828-1024x468.jpg 1024w, https:\/\/tyrving.idrett.no\/10\/f\/files\/2021\/09\/IMG_1000-scaled-e1634130961828-768x351.jpg 768w, https:\/\/tyrving.idrett.no\/10\/f\/files\/2021\/09\/IMG_1000-scaled-e1634130961828-600x274.jpg 600w, https:\/\/tyrving.idrett.no\/10\/f\/files\/2021\/09\/IMG_1000-scaled-e1634130961828-1536x703.jpg 1536w\" sizes=\"(max-width: 1705px) 100vw, 1705px\" \/>\t\t\t\t\t\t\t\t\t\t\t\t\t\t\t<\/div>\n\t\t\t\t<\/div>\n\t\t\t\t<div class=\"elementor-element elementor-element-8455324 elementor-widget elementor-widget-text-editor\" data-id=\"8455324\" data-element_type=\"widget\" data-widget_type=\"text-editor.default\">\n\t\t\t\t<div class=\"elementor-widget-container\">\n\t\t\t\t\t\t\t<h4><strong>Vi h\u00e5per du har lyst til \u00e5 trene friidrett i Tyrving.\u00a0 Her er litt informasjon for det som gjelder utesesongen fra medio april-23:<\/strong><\/h4><p>\u00a0 \u00a0 \u00a0&#8211;<a href=\"https:\/\/tyrving.idrett.no\/10\/f\/2023\/04\/10\/har-du-meldt-deg-pa-utesesongen\/\"> P\u00e5meldingslinker for de ulike treningsgruppene.<\/a><\/p><p>\u00a0 \u00a0 &#8211; F\u00f8rste gang p\u00e5 <a href=\"https:\/\/tyrving.idrett.no\/10\/f\/forste-gang-pa-stevne\/\">friidrettsstevne?<\/a><\/p><p>\u00a0 \u00a0 &#8211; Forsikring<\/p><p>\u00a0 \u00a0 \u00a0 \u00a0 &#8211; Ut\u00f8vere til og med 12 \u00e5r er forsikret gjennom NIF.<\/p><p>\u00a0 \u00a0 \u00a0 \u00a0 &#8211; Ut\u00f8vere fra det \u00e5ret de fyller 13 \u00e5r m\u00e5 l\u00f8se <a href=\"https:\/\/www.friidrett.no\/lop-utenfor-bane\/lisens\/\">friidrettslisens.<\/a><\/p><p>\u00a0 \u00a0 &#8211; Tyrvingt\u00f8y kan kj\u00f8pes i Tyrvingbutikken. Det vil bli annonsert \u00e5pningstider p\u00e5 v\u00e5re hjemmesider eller ta kontakt p\u00e5 <a href=\"mailto:friidrett@tyrving.no\">friidrett@tyrving.no<\/a> for \u00e5 avtale.<\/p><p>\u00a0<\/p><p><strong>Forpliktelser:<\/strong><\/p><p>Det er mange oppgaver som m\u00e5 l\u00f8ses for \u00e5 drive en friidrettsklubb. Tyrving IL er en foreldredrevet klubb og det er viktig at oppgavene fordeles p\u00e5 de som har ut\u00f8vere med p\u00e5 trening. Det forventes derfor at foreldre bidrar p\u00e5 dugnad i forbindelse med stevner, s\u00e6rlig i forbindelse med Tyrvinglekene innend\u00f8rs og utend\u00f8rs, hvor det er behov for at alle foresatte bidrar.<\/p><p>Det er ogs\u00e5 behov for ressurspersoner i driften av idrettslag. For informasjon og rolle beskrivelse se her.<\/p><p>\u00a0<\/p><p><strong>Kontaktperson:<\/strong><\/p><p>Sportslig leder Morten Jensen &#8211; send mail til: <a href=\"mailto:morten@tyrving.no\">morten@tyrving.no<\/a><\/p>\t\t\t\t\t\t<\/div>\n\t\t\t\t<\/div>\n\t\t\t\t<div class=\"elementor-element elementor-element-18f9d8a elementor-widget elementor-widget-spacer\" data-id=\"18f9d8a\" data-element_type=\"widget\" data-widget_type=\"spacer.default\">\n\t\t\t\t<div class=\"elementor-widget-container\">\n\t\t\t\t\t<div class=\"elementor-spacer\">\n\t\t\t<div class=\"elementor-spacer-inner\"><\/div>\n\t\t<\/div>\n\t\t\t\t<\/div>\n\t\t\t\t<\/div>\n\t\t\t\t\t<\/div>\n\t\t<\/div>\n\t\t\t\t<div class=\"elementor-column elementor-col-50 elementor-top-column elementor-element elementor-element-d971728\" data-id=\"d971728\" data-element_type=\"column\" data-settings=\"{&quot;background_background&quot;:&quot;classic&quot;}\">\n\t\t\t<div class=\"elementor-widget-wrap elementor-element-populated\">\n\t\t\t\t\t\t\t\t<div class=\"elementor-element elementor-element-cb4e2c8 sidekolonne elementor-widget elementor-widget-sidebar\" data-id=\"cb4e2c8\" data-element_type=\"widget\" data-widget_type=\"sidebar.default\">\n\t\t\t\t<div class=\"elementor-widget-container\">\n\t\t\t<div id=\"custom_html-9\" class=\"widget_text widget widget_custom_html\"><div class=\"textwidget custom-html-widget\"><div class=\"elementor-element elementor-element-3960326 elementor-align-center forsideknapp elementor-widget elementor-widget-button\" data-id=\"3960326\" data-element_type=\"widget\" data-widget_type=\"button.default\">\r\n    <div class=\"elementor-widget-container\">\r\n        <div class=\"elementor-button-wrapper\">\r\n            <a href=\"https:\/\/tyrving.idrett.no\/10\/f\/bli-medlem-i-tyrving\/\" class=\"elementor-button-link elementor-button elementor-size-md\" role=\"button\">\r\n            <span class=\"elementor-button-content-wrapper\">\r\n            <span class=\"elementor-button-text\">Bli medlem<\/span>\r\n            <\/span>\r\n            <\/a>\r\n        <\/div>\r\n    <\/div>\r\n<\/div>\r\n<div class=\"elementor-element elementor-element-ad5d130 elementor-align-center forsideknapp elementor-widget elementor-widget-button\" data-id=\"ad5d130\" data-element_type=\"widget\" data-widget_type=\"button.default\">\r\n    <div class=\"elementor-widget-container\">\r\n        <div class=\"elementor-button-wrapper\">\r\n            <a href=\"https:\/\/tyrving.ourwear.shop\/\" target=\"_blank\" class=\"elementor-button elementor-size-md\" role=\"button\" rel=\"noopener\">\r\n            <span class=\"elementor-button-content-wrapper\">\r\n            <span class=\"elementor-button-text\">Microshop<\/span>\r\n            <\/span>\r\n            <\/a>\r\n        <\/div>\r\n    <\/div>\r\n<\/div><\/div><\/div><div id=\"custom_html-8\" class=\"widget_text widget widget_custom_html\"><h2 class=\"widget-title\">Kommende hendelser<\/h2><div class=\"textwidget custom-html-widget\"><div id=\"klubbkalender-sidebar\"><\/div><\/div><\/div><div id=\"custom_html-3\" class=\"widget_text widget widget_custom_html\"><h2 class=\"widget-title\">Grasrotandelen<\/h2><div class=\"textwidget custom-html-widget\"><a href=\"https:\/\/www.norsk-tipping.no\/grasrotandelen\/din-mottaker\/971059931\" target=\"_blank\" rel=\"noopener\"><img decoding=\"async\" alt=\"Grasrotandelen\" style=\"border:0px;\" src=\"https:\/\/tyrving.idrett.no\/10\/f\/files\/2021\/10\/grasrotandelen2021.jpg\"><\/a><\/div><\/div>\t\t<\/div>\n\t\t\t\t<\/div>\n\t\t\t\t\t<\/div>\n\t\t<\/div>\n\t\t\t\t\t\t\t<\/div>\n\t\t<\/section>\n\t\t\t\t\t\t\t<\/div>\n\t\t","protected":false},"excerpt":{"rendered":"Vi h\u00e5per du har lyst til \u00e5 trene friidrett i Tyrving.\u00a0 Her er litt informasjon for det som gjelder utesesongen fra medio april-23: \u00a0 \u00a0 \u00a0&#8211; P\u00e5meldingslinker for de ulike treningsgruppene. \u00a0 \u00a0 &#038;#82&#8230;","protected":false},"author":44,"featured_media":20961,"parent":0,"menu_order":0,"comment_status":"closed","ping_status":"closed","template":"elementor_canvas","meta":{"footnotes":""},"categories":[],"tags":[7869],"acf":[],"yoast_head":"<!-- This site is optimized with the Yoast SEO plugin v21.2 - https:\/\/yoast.com\/wordpress\/plugins\/seo\/ -->\n<title>Ny i Tyrving IL - Tyrving - Friidrett<\/title>\n<meta name=\"robots\" content=\"index, follow, max-snippet:-1, max-image-preview:large, max-video-preview:-1\" \/>\n<link rel=\"canonical\" href=\"https:\/\/tyrving.idrett.no\/10\/f\/ny-i-tyrving-il\/\" \/>\n<meta property=\"og:locale\" content=\"nb_NO\" \/>\n<meta property=\"og:type\" content=\"article\" \/>\n<meta property=\"og:title\" content=\"Ny i Tyrving IL - Tyrving - Friidrett\" \/>\n<meta property=\"og:description\" content=\"Vi h\u00e5per du har lyst til \u00e5 trene friidrett i Tyrving.\u00a0 Her er litt informasjon for det som gjelder utesesongen fra medio april-23: \u00a0 \u00a0 \u00a0&#8211; P\u00e5meldingslinker for de ulike treningsgruppene. \u00a0 \u00a0 &amp;#82...\" \/>\n<meta property=\"og:url\" content=\"https:\/\/tyrving.idrett.no\/10\/f\/ny-i-tyrving-il\/\" \/>\n<meta property=\"og:site_name\" content=\"Tyrving - Friidrett\" \/>\n<meta property=\"article:modified_time\" content=\"2023-04-14T08:48:51+00:00\" \/>\n<meta property=\"og:image\" content=\"https:\/\/tyrving.idrett.no\/10\/f\/files\/2021\/09\/IMG_1000-scaled-e1634130961828.jpg\" \/>\n\t<meta property=\"og:image:width\" content=\"1705\" \/>\n\t<meta property=\"og:image:height\" content=\"780\" \/>\n\t<meta property=\"og:image:type\" content=\"image\/jpeg\" \/>\n<meta name=\"twitter:card\" content=\"summary_large_image\" \/>\n<meta name=\"twitter:label1\" content=\"Ansl. lesetid\" \/>\n\t<meta name=\"twitter:data1\" content=\"2 minutter\" \/>\n<script type=\"application\/ld+json\" class=\"yoast-schema-graph\">{\"@context\":\"https:\/\/schema.org\",\"@graph\":[{\"@type\":\"WebPage\",\"@id\":\"https:\/\/tyrving.idrett.no\/10\/f\/ny-i-tyrving-il\/\",\"url\":\"https:\/\/tyrving.idrett.no\/10\/f\/ny-i-tyrving-il\/\",\"name\":\"Ny i Tyrving IL - Tyrving - Friidrett\",\"isPartOf\":{\"@id\":\"https:\/\/tyrving.idrett.no\/10\/f\/#website\"},\"datePublished\":\"2021-10-13T13:17:47+00:00\",\"dateModified\":\"2023-04-14T08:48:51+00:00\",\"breadcrumb\":{\"@id\":\"https:\/\/tyrving.idrett.no\/10\/f\/ny-i-tyrving-il\/#breadcrumb\"},\"inLanguage\":\"nb-NO\",\"potentialAction\":[{\"@type\":\"ReadAction\",\"target\":[\"https:\/\/tyrving.idrett.no\/10\/f\/ny-i-tyrving-il\/\"]}]},{\"@type\":\"BreadcrumbList\",\"@id\":\"https:\/\/tyrving.idrett.no\/10\/f\/ny-i-tyrving-il\/#breadcrumb\",\"itemListElement\":[{\"@type\":\"ListItem\",\"position\":1,\"name\":\"Hjem\",\"item\":\"https:\/\/tyrving.idrett.no\/10\/f\/\"},{\"@type\":\"ListItem\",\"position\":2,\"name\":\"Ny i Tyrving IL\"}]},{\"@type\":\"WebSite\",\"@id\":\"https:\/\/tyrving.idrett.no\/10\/f\/#website\",\"url\":\"https:\/\/tyrving.idrett.no\/10\/f\/\",\"name\":\"Tyrving - Friidrett\",\"description\":\"Friidrettsgruppa\",\"publisher\":{\"@id\":\"https:\/\/tyrving.idrett.no\/10\/f\/#organization\"},\"potentialAction\":[{\"@type\":\"SearchAction\",\"target\":{\"@type\":\"EntryPoint\",\"urlTemplate\":\"https:\/\/tyrving.idrett.no\/10\/f\/?s={search_term_string}\"},\"query-input\":\"required name=search_term_string\"}],\"inLanguage\":\"nb-NO\"},{\"@type\":\"Organization\",\"@id\":\"https:\/\/tyrving.idrett.no\/10\/f\/#organization\",\"name\":\"Tyrving Friidrettsgruppa\",\"url\":\"https:\/\/tyrving.idrett.no\/10\/f\/\",\"logo\":{\"@type\":\"ImageObject\",\"inLanguage\":\"nb-NO\",\"@id\":\"https:\/\/tyrving.idrett.no\/10\/f\/#\/schema\/logo\/image\/\",\"url\":\"https:\/\/tyrving.idrett.no\/10\/f\/files\/2019\/04\/Tyrving-Logo-Friidrett-2019.jpg\",\"contentUrl\":\"https:\/\/tyrving.idrett.no\/10\/f\/files\/2019\/04\/Tyrving-Logo-Friidrett-2019.jpg\",\"width\":460,\"height\":360,\"caption\":\"Tyrving Friidrettsgruppa\"},\"image\":{\"@id\":\"https:\/\/tyrving.idrett.no\/10\/f\/#\/schema\/logo\/image\/\"}}]}<\/script>\n<!-- \/ Yoast SEO plugin. -->","yoast_head_json":{"title":"Ny i Tyrving IL - Tyrving - Friidrett","robots":{"index":"index","follow":"follow","max-snippet":"max-snippet:-1","max-image-preview":"max-image-preview:large","max-video-preview":"max-video-preview:-1"},"canonical":"https:\/\/tyrving.idrett.no\/10\/f\/ny-i-tyrving-il\/","og_locale":"nb_NO","og_type":"article","og_title":"Ny i Tyrving IL - Tyrving - Friidrett","og_description":"Vi h\u00e5per du har lyst til \u00e5 trene friidrett i Tyrving.\u00a0 Her er litt informasjon for det som gjelder utesesongen fra medio april-23: \u00a0 \u00a0 \u00a0&#8211; P\u00e5meldingslinker for de ulike treningsgruppene. \u00a0 \u00a0 &#82...","og_url":"https:\/\/tyrving.idrett.no\/10\/f\/ny-i-tyrving-il\/","og_site_name":"Tyrving - Friidrett","article_modified_time":"2023-04-14T08:48:51+00:00","og_image":[{"width":1705,"height":780,"url":"https:\/\/tyrving.idrett.no\/10\/f\/files\/2021\/09\/IMG_1000-scaled-e1634130961828.jpg","type":"image\/jpeg"}],"twitter_card":"summary_large_image","twitter_misc":{"Ansl. lesetid":"2 minutter"},"schema":{"@context":"https:\/\/schema.org","@graph":[{"@type":"WebPage","@id":"https:\/\/tyrving.idrett.no\/10\/f\/ny-i-tyrving-il\/","url":"https:\/\/tyrving.idrett.no\/10\/f\/ny-i-tyrving-il\/","name":"Ny i Tyrving IL - Tyrving - Friidrett","isPartOf":{"@id":"https:\/\/tyrving.idrett.no\/10\/f\/#website"},"datePublished":"2021-10-13T13:17:47+00:00","dateModified":"2023-04-14T08:48:51+00:00","breadcrumb":{"@id":"https:\/\/tyrving.idrett.no\/10\/f\/ny-i-tyrving-il\/#breadcrumb"},"inLanguage":"nb-NO","potentialAction":[{"@type":"ReadAction","target":["https:\/\/tyrving.idrett.no\/10\/f\/ny-i-tyrving-il\/"]}]},{"@type":"BreadcrumbList","@id":"https:\/\/tyrving.idrett.no\/10\/f\/ny-i-tyrving-il\/#breadcrumb","itemListElement":[{"@type":"ListItem","position":1,"name":"Hjem","item":"https:\/\/tyrving.idrett.no\/10\/f\/"},{"@type":"ListItem","position":2,"name":"Ny i Tyrving IL"}]},{"@type":"WebSite","@id":"https:\/\/tyrving.idrett.no\/10\/f\/#website","url":"https:\/\/tyrving.idrett.no\/10\/f\/","name":"Tyrving - Friidrett","description":"Friidrettsgruppa","publisher":{"@id":"https:\/\/tyrving.idrett.no\/10\/f\/#organization"},"potentialAction":[{"@type":"SearchAction","target":{"@type":"EntryPoint","urlTemplate":"https:\/\/tyrving.idrett.no\/10\/f\/?s={search_term_string}"},"query-input":"required name=search_term_string"}],"inLanguage":"nb-NO"},{"@type":"Organization","@id":"https:\/\/tyrving.idrett.no\/10\/f\/#organization","name":"Tyrving Friidrettsgruppa","url":"https:\/\/tyrving.idrett.no\/10\/f\/","logo":{"@type":"ImageObject","inLanguage":"nb-NO","@id":"https:\/\/tyrving.idrett.no\/10\/f\/#\/schema\/logo\/image\/","url":"https:\/\/tyrving.idrett.no\/10\/f\/files\/2019\/04\/Tyrving-Logo-Friidrett-2019.jpg","contentUrl":"https:\/\/tyrving.idrett.no\/10\/f\/files\/2019\/04\/Tyrving-Logo-Friidrett-2019.jpg","width":460,"height":360,"caption":"Tyrving Friidrettsgruppa"},"image":{"@id":"https:\/\/tyrving.idrett.no\/10\/f\/#\/schema\/logo\/image\/"}}]}},"jetpack_sharing_enabled":true,"_links":{"self":[{"href":"https:\/\/tyrving.idrett.no\/10\/f\/wp-json\/wp\/v2\/pages\/21422"}],"collection":[{"href":"https:\/\/tyrving.idrett.no\/10\/f\/wp-json\/wp\/v2\/pages"}],"about":[{"href":"https:\/\/tyrving.idrett.no\/10\/f\/wp-json\/wp\/v2\/types\/page"}],"author":[{"embeddable":true,"href":"https:\/\/tyrving.idrett.no\/10\/f\/wp-json\/wp\/v2\/users\/44"}],"replies":[{"embeddable":true,"href":"https:\/\/tyrving.idrett.no\/10\/f\/wp-json\/wp\/v2\/comments?post=21422"}],"version-history":[{"count":40,"href":"https:\/\/tyrving.idrett.no\/10\/f\/wp-json\/wp\/v2\/pages\/21422\/revisions"}],"predecessor-version":[{"id":24496,"href":"https:\/\/tyrving.idrett.no\/10\/f\/wp-json\/wp\/v2\/pages\/21422\/revisions\/24496"}],"wp:featuredmedia":[{"embeddable":true,"href":"https:\/\/tyrving.idrett.no\/10\/f\/wp-json\/wp\/v2\/media\/20961"}],"wp:attachment":[{"href":"https:\/\/tyrving.idrett.no\/10\/f\/wp-json\/wp\/v2\/media?parent=21422"}],"wp:term":[{"taxonomy":"category","embeddable":true,"href":"https:\/\/tyrving.idrett.no\/10\/f\/wp-json\/wp\/v2\/categories?post=21422"},{"taxonomy":"post_tag","embeddable":true,"href":"https:\/\/tyrving.idrett.no\/10\/f\/wp-json\/wp\/v2\/tags?post=21422"}],"curies":[{"name":"wp","href":"https:\/\/api.w.org\/{rel}","templated":true}]}}