{"id":21524,"date":"2021-10-14T11:36:42","date_gmt":"2021-10-14T09:36:42","guid":{"rendered":"https:\/\/tyrving.idrett.no\/10\/f\/?page_id=21524"},"modified":"2021-12-18T17:44:44","modified_gmt":"2021-12-18T16:44:44","slug":"tyrvings-historie","status":"publish","type":"page","link":"https:\/\/tyrving.idrett.no\/10\/f\/tyrvings-historie\/","title":{"rendered":"Tyrvings historie"},"content":{"rendered":"\t\t<div data-elementor-type=\"wp-page\" data-elementor-id=\"21524\" class=\"elementor elementor-21524\" data-elementor-post-type=\"page\">\n\t\t\t\t\t\t\t\t\t<section class=\"elementor-section elementor-top-section elementor-element elementor-element-f2c2ffd elementor-section-boxed elementor-section-height-default elementor-section-height-default\" data-id=\"f2c2ffd\" data-element_type=\"section\">\n\t\t\t\t\t\t<div class=\"elementor-container elementor-column-gap-extended\">\n\t\t\t\t\t<div class=\"elementor-column elementor-col-50 elementor-top-column elementor-element elementor-element-b42ae4c\" data-id=\"b42ae4c\" data-element_type=\"column\" data-settings=\"{&quot;background_background&quot;:&quot;classic&quot;}\">\n\t\t\t<div class=\"elementor-widget-wrap elementor-element-populated\">\n\t\t\t\t\t\t\t\t<div class=\"elementor-element elementor-element-2e157ee elementor-widget elementor-widget-heading\" data-id=\"2e157ee\" data-element_type=\"widget\" data-widget_type=\"heading.default\">\n\t\t\t\t<div class=\"elementor-widget-container\">\n\t\t\t<h2 class=\"elementor-heading-title elementor-size-xl\">Tyrvings historie<\/h2>\t\t<\/div>\n\t\t\t\t<\/div>\n\t\t\t\t<div class=\"elementor-element elementor-element-78a6091 elementor-widget elementor-widget-image\" data-id=\"78a6091\" data-element_type=\"widget\" data-widget_type=\"image.default\">\n\t\t\t\t<div class=\"elementor-widget-container\">\n\t\t\t\t\t\t\t\t\t\t\t\t\t\t\t<img decoding=\"async\" src=\"https:\/\/tyrving.idrett.no\/10\/f\/files\/elementor\/thumbs\/99-e1634206182958-pejr2c9y4dmo3entda15n3c7yurph8w1b92knbivn0.jpg\" title=\"99\" alt=\"99\" loading=\"lazy\" \/>\t\t\t\t\t\t\t\t\t\t\t\t\t\t\t<\/div>\n\t\t\t\t<\/div>\n\t\t\t\t<div class=\"elementor-element elementor-element-df7a457 elementor-widget elementor-widget-text-editor\" data-id=\"df7a457\" data-element_type=\"widget\" data-widget_type=\"text-editor.default\">\n\t\t\t\t<div class=\"elementor-widget-container\">\n\t\t\t\t\t\t\t<h5>Her kan du lese historiske artikler om Tyrving-personer.<\/h5><p>Utrolig hva vi har og har hatt av menneskelige ressurser!<\/p><ul><li><a href=\"http:\/\/tyrving.idrett.no\/10\/f\/2011\/02\/04\/den-f%c3%b8rste-lengdehopper\/\" target=\"_blank\" rel=\"noopener\">Egil Fr\u00f8ystad<\/a>\u00a0(1914\u20132006), medlem siden 1923 og idrettssjef i B\u00e6rum.<\/li><li><a href=\"http:\/\/tyrving.idrett.no\/10\/f\/2011\/01\/06\/dem-vi-mista-i-2010\/\" target=\"_blank\" rel=\"noopener\">Kjell Finborud<\/a>\u00a0(1928\u20132010), altmuligmann i klubben inkludert leder.<\/li><li><a href=\"http:\/\/tyrving.idrett.no\/10\/f\/2012\/09\/11\/unni-saether-er-d%c3%b8d\/\" target=\"_blank\" rel=\"noopener\">Unni S\u00e6ther<\/a>\u00a0(1932\u20132012), ut\u00f8ver og kvinnefriidretts-pioner p\u00e5 50- og 80-tallet.<\/li><li><a href=\"http:\/\/tyrving.idrett.no\/10\/f\/2012\/12\/19\/gjensyn-med-artikkel-om-kristen-damsgaard\/\" target=\"_blank\" rel=\"noopener\">Kristen Damsgaard<\/a>\u00a0(1938\u20132012), trener i flere ti\u00e5r, \u00abmosjonsgeneral\u00bb og altmuligmann p\u00e5 landslaget.<\/li><li><a href=\"http:\/\/tyrving.idrett.no\/10\/f\/2011\/08\/27\/jonny-h%c3%b8gseth-70-ar\/\" target=\"_blank\" rel=\"noopener\">Jonny H\u00f8gseth<\/a>, ut\u00f8ver og senere sportslig leder.<\/li><li><a href=\"http:\/\/tyrving.idrett.no\/10\/f\/2012\/11\/18\/gerd-von-der-lippe-jubilerer\/\" target=\"_blank\" rel=\"noopener\">Gerd von der Lippe<\/a>, ut\u00f8ver og kvinnefriidretts-pioner p\u00e5 60- og 70-tallet.<\/li><li><a href=\"http:\/\/tyrving.idrett.no\/10\/f\/2012\/08\/16\/verdensomseilende-kastekspert\/\" target=\"_blank\" rel=\"noopener\">Kalle Wiggen<\/a>, trener siden 1960-tallet i Tyrving, ogs\u00e5 en periode for landslaget.<\/li><li><a href=\"http:\/\/tyrving.idrett.no\/10\/f\/2012\/07\/23\/spydglad-tall-og-bakterieknuser\/\" target=\"_blank\" rel=\"noopener\">Live Nesse<\/a>, oppkvinne og fornyet klubbstatistikken.<\/li><li><a href=\"http:\/\/tyrving.idrett.no\/10\/f\/2013\/08\/11\/klubbhjerter-gunnar-og-hege-landgraff\/\" target=\"_blank\" rel=\"noopener\">Gunnar Landgraff<\/a>, oppmann siden 1960-tallet<\/li><li><a href=\"http:\/\/tyrving.idrett.no\/10\/f\/2013\/08\/11\/klubbhjerter-gunnar-og-hege-landgraff\/\" target=\"_blank\" rel=\"noopener\">Hege Landgraff<\/a>, barne- og ungdomstrener i rundt 10 \u00e5r.<\/li><li><a href=\"http:\/\/tyrving.idrett.no\/10\/f\/2012\/07\/15\/lovende-og-lovkyndig-2\/\">Bodil Kristine H\u00f8stm\u00e6lingen<\/a>, l\u00f8per og medlem i NFIF og NIFs lovutvalg.<\/li><li><a href=\"http:\/\/tyrving.idrett.no\/10\/f\/2013\/07\/09\/klubbhjerter-anders-tiltnes\/\" target=\"_blank\" rel=\"noopener\">Anders Tiltnes<\/a>, orienteringsl\u00f8per og stevnearrang\u00f8r.<\/li><\/ul><h5>Her er en egen avdeling med portretter av v\u00e5re styremedlemmer.<\/h5><ul><li><a href=\"http:\/\/old.tyrving.idrett.no\/ezp\/\/index.php\/article\/articleview\/3363\/1\/9\/\" target=\"_blank\" rel=\"noopener\">Einar Drabl\u00f8s<\/a>, styreleder siden 2009.<\/li><li><a href=\"http:\/\/tyrving.idrett.no\/10\/f\/2013\/07\/01\/jo-nesse-60-ar\/\" target=\"_blank\" rel=\"noopener\">Jo Nesse<\/a>, alt mulig!<\/li><li><a href=\"http:\/\/old.tyrving.idrett.no\/ezp\/index.php\/article\/articleview\/3706\/1\/9\/\" target=\"_blank\" rel=\"noopener\">Bjarne Nilssen<\/a>, styremedlem med ansvar for anlegg.<\/li><li><a href=\"http:\/\/tyrving.idrett.no\/10\/f\/2011\/07\/07\/r%c3%b8ste-ankom-nadderud-i-ung-alder\/\" target=\"_blank\" rel=\"noopener\">Ole R\u00f8ste<\/a>, styremedlem med ansvar for \u00f8konomi.<\/li><li><a href=\"http:\/\/tyrving.idrett.no\/10\/f\/2011\/07\/05\/hun-finner-riktige-folk\/\" target=\"_blank\" rel=\"noopener\">Anneli Finnema<\/a>, tidl.styremedlem med ansvar for stevner og bemanning.<\/li><li><a href=\"http:\/\/tyrving.idrett.no\/10\/f\/2011\/07\/01\/sommerintervju-per-inge-galaaen\/\" target=\"_blank\" rel=\"noopener\">Per Inge Galaaen<\/a>, tidl.styremedlem, oppmannsleder og veteran-organisator.<\/li><\/ul><p>Kvinneandel: 6 av 18, 33 %, m\u00e5 forbedres!<\/p><h5>Her er artikler om forskjellige historiske epoker i Tyrving.<\/h5><ul><li><a href=\"http:\/\/tyrving.idrett.no\/10\/f\/2012\/06\/12\/tyrvinglekene-gjennom-50-ar\/\" target=\"_blank\" rel=\"noopener\">Tyrvinglekene i tre dykk: 1952, 1977 og 2002<\/a><\/li><li><a href=\"http:\/\/tyrving.idrett.no\/10\/f\/2012\/12\/29\/da-tyrving-kanskje-skulle-slas-sammen\/\" target=\"_blank\" rel=\"noopener\">Tyrving-debatten om overbygningsklubb (1984\u20131990)<\/a><\/li><li><a href=\"http:\/\/tyrving.idrett.no\/10\/f\/2013\/03\/24\/mye-moro-pa-240-kvadratmeter\/\" target=\"_blank\" rel=\"noopener\">Tyrvings historie i Gj\u00f8nneshallen (2005\u20132013)<\/a><\/li><\/ul><h5>Vi inviterer ogs\u00e5 Tyrving-medlemmer til \u00e5 skrive om morsomme episoder eller minner.<\/h5><ul><li>Gerd von der Lippe:\u00a0<a href=\"http:\/\/tyrving.idrett.no\/10\/f\/2012\/11\/19\/skaffet-landskamp-pa-egen-hand\/\" target=\"_blank\" rel=\"noopener\">Skaffet landskamp p\u00e5 egen h\u00e5nd<\/a><\/li><\/ul><h5>Vi legger ogs\u00e5 ut artikler om friidrett i B\u00e6rum generelt.<\/h5><p>Siden Tyrving n\u00e5 er ener\u00e5dende i friidretten i kommunen, er det vel f\u00e5 andre som tar et historisk \u00abansvar\u00bb for B\u00e6rum.<\/p><ul><li><a href=\"http:\/\/tyrving.idrett.no\/10\/f\/2011\/04\/17\/historisk-tilbakeblikk-skolemesterskap\/\" target=\"_blank\" rel=\"noopener\">Tilbakeblikk p\u00e5 skolemesterskapet 1931<\/a><\/li><\/ul><h5>Historieb\u00f8ker<\/h5><p>Den hittil nyeste historieboka om Tyrving ble gitt ut i 1997. Den er tilgjengelig p\u00e5 biblioteker, men ogs\u00e5 via v\u00e5r daglige leder Kirsten Larsen.\u00a0<a href=\"http:\/\/www.nb.no\/nbsok\/nb\/96916a88ef64694dc03b2b67aec5de95.nbdigital;jsessionid=03CEF3042A67517A91A19FD89229F620.nbdigital3?lang=no#0\" target=\"_blank\" rel=\"noopener\">For den som liker \u00e5 lese p\u00e5 pc er den ogs\u00e5 lagt ut i sin helhet av Nasjonalbiblioteket<\/a>! Tidligere historieb\u00f8ker er gitt ut i 1947 og 1974 (to \u00e5r p\u00e5 etterskudd til femti\u00e5rsjubileet!)<\/p><p>Neste historiebok kommer vel antakeligvis ut i 2022 n\u00e5r Tyrving feirer 100 \u00e5r.<\/p><h5>Andre historiske linker<\/h5><ul><li><a href=\"http:\/\/www.friidrett.no\/friidrettshistorie\/Sider\/default.aspx\" target=\"_blank\" rel=\"noopener\">\u00c5rbok for friidrettshistorie<\/a>\u00a0(redigert av et Tyrving-medlem)<\/li><li><a href=\"http:\/\/home.online.no\/~hanswerp\/hist_of_running\/index.htm\" target=\"_blank\" rel=\"noopener\">History of Running<\/a>\u00a0av Hans Werp<\/li><li><a href=\"http:\/\/www.friidrettsmuseet.no\/\" target=\"_blank\" rel=\"noopener\">Friidrettsmuseet p\u00e5 Lillestr\u00f8m<\/a><\/li><\/ul>\t\t\t\t\t\t<\/div>\n\t\t\t\t<\/div>\n\t\t\t\t<div class=\"elementor-element elementor-element-e6774f6 elementor-widget elementor-widget-spacer\" data-id=\"e6774f6\" data-element_type=\"widget\" data-widget_type=\"spacer.default\">\n\t\t\t\t<div class=\"elementor-widget-container\">\n\t\t\t\t\t<div class=\"elementor-spacer\">\n\t\t\t<div class=\"elementor-spacer-inner\"><\/div>\n\t\t<\/div>\n\t\t\t\t<\/div>\n\t\t\t\t<\/div>\n\t\t\t\t\t<\/div>\n\t\t<\/div>\n\t\t\t\t<div class=\"elementor-column elementor-col-50 elementor-top-column elementor-element elementor-element-52e6851\" data-id=\"52e6851\" data-element_type=\"column\" data-settings=\"{&quot;background_background&quot;:&quot;classic&quot;}\">\n\t\t\t<div class=\"elementor-widget-wrap elementor-element-populated\">\n\t\t\t\t\t\t\t\t<div class=\"elementor-element elementor-element-a338ea4 sidekolonne elementor-widget elementor-widget-sidebar\" data-id=\"a338ea4\" data-element_type=\"widget\" data-widget_type=\"sidebar.default\">\n\t\t\t\t<div class=\"elementor-widget-container\">\n\t\t\t<div id=\"custom_html-9\" class=\"widget_text widget widget_custom_html\"><div class=\"textwidget custom-html-widget\"><div class=\"elementor-element elementor-element-3960326 elementor-align-center forsideknapp elementor-widget elementor-widget-button\" data-id=\"3960326\" data-element_type=\"widget\" data-widget_type=\"button.default\">\r\n    <div class=\"elementor-widget-container\">\r\n        <div class=\"elementor-button-wrapper\">\r\n            <a href=\"https:\/\/tyrving.idrett.no\/10\/f\/bli-medlem-i-tyrving\/\" class=\"elementor-button-link elementor-button elementor-size-md\" role=\"button\">\r\n            <span class=\"elementor-button-content-wrapper\">\r\n            <span class=\"elementor-button-text\">Bli medlem<\/span>\r\n            <\/span>\r\n            <\/a>\r\n        <\/div>\r\n    <\/div>\r\n<\/div>\r\n<div class=\"elementor-element elementor-element-ad5d130 elementor-align-center forsideknapp elementor-widget elementor-widget-button\" data-id=\"ad5d130\" data-element_type=\"widget\" data-widget_type=\"button.default\">\r\n    <div class=\"elementor-widget-container\">\r\n        <div class=\"elementor-button-wrapper\">\r\n            <a href=\"https:\/\/tyrving.ourwear.shop\/\" target=\"_blank\" class=\"elementor-button elementor-size-md\" role=\"button\" rel=\"noopener\">\r\n            <span class=\"elementor-button-content-wrapper\">\r\n            <span class=\"elementor-button-text\">Microshop<\/span>\r\n            <\/span>\r\n            <\/a>\r\n        <\/div>\r\n    <\/div>\r\n<\/div><\/div><\/div><div id=\"custom_html-8\" class=\"widget_text widget widget_custom_html\"><h2 class=\"widget-title\">Kommende hendelser<\/h2><div class=\"textwidget custom-html-widget\"><div id=\"klubbkalender-sidebar\"><\/div><\/div><\/div><div id=\"custom_html-3\" class=\"widget_text widget widget_custom_html\"><h2 class=\"widget-title\">Grasrotandelen<\/h2><div class=\"textwidget custom-html-widget\"><a href=\"https:\/\/www.norsk-tipping.no\/grasrotandelen\/din-mottaker\/971059931\" target=\"_blank\" rel=\"noopener\"><img decoding=\"async\" alt=\"Grasrotandelen\" style=\"border:0px;\" src=\"https:\/\/tyrving.idrett.no\/10\/f\/files\/2021\/10\/grasrotandelen2021.jpg\"><\/a><\/div><\/div>\t\t<\/div>\n\t\t\t\t<\/div>\n\t\t\t\t\t<\/div>\n\t\t<\/div>\n\t\t\t\t\t\t\t<\/div>\n\t\t<\/section>\n\t\t\t\t\t\t\t<\/div>\n\t\t","protected":false},"excerpt":{"rendered":"Tyrvings historie Her kan du lese historiske artikler om Tyrving-personer. Utrolig hva vi har og har hatt av menneskelige ressurser! Egil Fr\u00f8ystad\u00a0(1914\u20132006), medlem siden 1923 og idrettssjef i B\u00e6rum&#8230;","protected":false},"author":44,"featured_media":0,"parent":0,"menu_order":0,"comment_status":"closed","ping_status":"closed","template":"elementor_canvas","meta":{"footnotes":""},"categories":[],"tags":[7869],"acf":[],"yoast_head":"<!-- This site is optimized with the Yoast SEO plugin v21.2 - https:\/\/yoast.com\/wordpress\/plugins\/seo\/ -->\n<title>Tyrvings historie - Tyrving - Friidrett<\/title>\n<meta name=\"robots\" content=\"index, follow, max-snippet:-1, max-image-preview:large, max-video-preview:-1\" \/>\n<link rel=\"canonical\" href=\"https:\/\/tyrving.idrett.no\/10\/f\/tyrvings-historie\/\" \/>\n<meta property=\"og:locale\" content=\"nb_NO\" \/>\n<meta property=\"og:type\" content=\"article\" \/>\n<meta property=\"og:title\" content=\"Tyrvings historie - Tyrving - Friidrett\" \/>\n<meta property=\"og:description\" content=\"Tyrvings historie Her kan du lese historiske artikler om Tyrving-personer. Utrolig hva vi har og har hatt av menneskelige ressurser! Egil Fr\u00f8ystad\u00a0(1914\u20132006), medlem siden 1923 og idrettssjef i B\u00e6rum...\" \/>\n<meta property=\"og:url\" content=\"https:\/\/tyrving.idrett.no\/10\/f\/tyrvings-historie\/\" \/>\n<meta property=\"og:site_name\" content=\"Tyrving - Friidrett\" \/>\n<meta property=\"article:modified_time\" content=\"2021-12-18T16:44:44+00:00\" \/>\n<meta property=\"og:image\" content=\"https:\/\/tyrving.idrett.no\/10\/f\/files\/elementor\/thumbs\/99-e1634206182958-pejr2c9y4dmo3entda15n3c7yurph8w1b92knbivna.jpg\" \/>\n<meta name=\"twitter:card\" content=\"summary_large_image\" \/>\n<meta name=\"twitter:label1\" content=\"Ansl. lesetid\" \/>\n\t<meta name=\"twitter:data1\" content=\"2 minutter\" \/>\n<script type=\"application\/ld+json\" class=\"yoast-schema-graph\">{\"@context\":\"https:\/\/schema.org\",\"@graph\":[{\"@type\":\"WebPage\",\"@id\":\"https:\/\/tyrving.idrett.no\/10\/f\/tyrvings-historie\/\",\"url\":\"https:\/\/tyrving.idrett.no\/10\/f\/tyrvings-historie\/\",\"name\":\"Tyrvings historie - Tyrving - Friidrett\",\"isPartOf\":{\"@id\":\"https:\/\/tyrving.idrett.no\/10\/f\/#website\"},\"datePublished\":\"2021-10-14T09:36:42+00:00\",\"dateModified\":\"2021-12-18T16:44:44+00:00\",\"breadcrumb\":{\"@id\":\"https:\/\/tyrving.idrett.no\/10\/f\/tyrvings-historie\/#breadcrumb\"},\"inLanguage\":\"nb-NO\",\"potentialAction\":[{\"@type\":\"ReadAction\",\"target\":[\"https:\/\/tyrving.idrett.no\/10\/f\/tyrvings-historie\/\"]}]},{\"@type\":\"BreadcrumbList\",\"@id\":\"https:\/\/tyrving.idrett.no\/10\/f\/tyrvings-historie\/#breadcrumb\",\"itemListElement\":[{\"@type\":\"ListItem\",\"position\":1,\"name\":\"Hjem\",\"item\":\"https:\/\/tyrving.idrett.no\/10\/f\/\"},{\"@type\":\"ListItem\",\"position\":2,\"name\":\"Tyrvings historie\"}]},{\"@type\":\"WebSite\",\"@id\":\"https:\/\/tyrving.idrett.no\/10\/f\/#website\",\"url\":\"https:\/\/tyrving.idrett.no\/10\/f\/\",\"name\":\"Tyrving - Friidrett\",\"description\":\"Friidrettsgruppa\",\"publisher\":{\"@id\":\"https:\/\/tyrving.idrett.no\/10\/f\/#organization\"},\"potentialAction\":[{\"@type\":\"SearchAction\",\"target\":{\"@type\":\"EntryPoint\",\"urlTemplate\":\"https:\/\/tyrving.idrett.no\/10\/f\/?s={search_term_string}\"},\"query-input\":\"required name=search_term_string\"}],\"inLanguage\":\"nb-NO\"},{\"@type\":\"Organization\",\"@id\":\"https:\/\/tyrving.idrett.no\/10\/f\/#organization\",\"name\":\"Tyrving Friidrettsgruppa\",\"url\":\"https:\/\/tyrving.idrett.no\/10\/f\/\",\"logo\":{\"@type\":\"ImageObject\",\"inLanguage\":\"nb-NO\",\"@id\":\"https:\/\/tyrving.idrett.no\/10\/f\/#\/schema\/logo\/image\/\",\"url\":\"https:\/\/tyrving.idrett.no\/10\/f\/files\/2019\/04\/Tyrving-Logo-Friidrett-2019.jpg\",\"contentUrl\":\"https:\/\/tyrving.idrett.no\/10\/f\/files\/2019\/04\/Tyrving-Logo-Friidrett-2019.jpg\",\"width\":460,\"height\":360,\"caption\":\"Tyrving Friidrettsgruppa\"},\"image\":{\"@id\":\"https:\/\/tyrving.idrett.no\/10\/f\/#\/schema\/logo\/image\/\"}}]}<\/script>\n<!-- \/ Yoast SEO plugin. -->","yoast_head_json":{"title":"Tyrvings historie - Tyrving - Friidrett","robots":{"index":"index","follow":"follow","max-snippet":"max-snippet:-1","max-image-preview":"max-image-preview:large","max-video-preview":"max-video-preview:-1"},"canonical":"https:\/\/tyrving.idrett.no\/10\/f\/tyrvings-historie\/","og_locale":"nb_NO","og_type":"article","og_title":"Tyrvings historie - Tyrving - Friidrett","og_description":"Tyrvings historie Her kan du lese historiske artikler om Tyrving-personer. Utrolig hva vi har og har hatt av menneskelige ressurser! Egil Fr\u00f8ystad\u00a0(1914\u20132006), medlem siden 1923 og idrettssjef i B\u00e6rum...","og_url":"https:\/\/tyrving.idrett.no\/10\/f\/tyrvings-historie\/","og_site_name":"Tyrving - Friidrett","article_modified_time":"2021-12-18T16:44:44+00:00","og_image":[{"url":"https:\/\/tyrving.idrett.no\/10\/f\/files\/elementor\/thumbs\/99-e1634206182958-pejr2c9y4dmo3entda15n3c7yurph8w1b92knbivna.jpg"}],"twitter_card":"summary_large_image","twitter_misc":{"Ansl. lesetid":"2 minutter"},"schema":{"@context":"https:\/\/schema.org","@graph":[{"@type":"WebPage","@id":"https:\/\/tyrving.idrett.no\/10\/f\/tyrvings-historie\/","url":"https:\/\/tyrving.idrett.no\/10\/f\/tyrvings-historie\/","name":"Tyrvings historie - Tyrving - Friidrett","isPartOf":{"@id":"https:\/\/tyrving.idrett.no\/10\/f\/#website"},"datePublished":"2021-10-14T09:36:42+00:00","dateModified":"2021-12-18T16:44:44+00:00","breadcrumb":{"@id":"https:\/\/tyrving.idrett.no\/10\/f\/tyrvings-historie\/#breadcrumb"},"inLanguage":"nb-NO","potentialAction":[{"@type":"ReadAction","target":["https:\/\/tyrving.idrett.no\/10\/f\/tyrvings-historie\/"]}]},{"@type":"BreadcrumbList","@id":"https:\/\/tyrving.idrett.no\/10\/f\/tyrvings-historie\/#breadcrumb","itemListElement":[{"@type":"ListItem","position":1,"name":"Hjem","item":"https:\/\/tyrving.idrett.no\/10\/f\/"},{"@type":"ListItem","position":2,"name":"Tyrvings historie"}]},{"@type":"WebSite","@id":"https:\/\/tyrving.idrett.no\/10\/f\/#website","url":"https:\/\/tyrving.idrett.no\/10\/f\/","name":"Tyrving - Friidrett","description":"Friidrettsgruppa","publisher":{"@id":"https:\/\/tyrving.idrett.no\/10\/f\/#organization"},"potentialAction":[{"@type":"SearchAction","target":{"@type":"EntryPoint","urlTemplate":"https:\/\/tyrving.idrett.no\/10\/f\/?s={search_term_string}"},"query-input":"required name=search_term_string"}],"inLanguage":"nb-NO"},{"@type":"Organization","@id":"https:\/\/tyrving.idrett.no\/10\/f\/#organization","name":"Tyrving Friidrettsgruppa","url":"https:\/\/tyrving.idrett.no\/10\/f\/","logo":{"@type":"ImageObject","inLanguage":"nb-NO","@id":"https:\/\/tyrving.idrett.no\/10\/f\/#\/schema\/logo\/image\/","url":"https:\/\/tyrving.idrett.no\/10\/f\/files\/2019\/04\/Tyrving-Logo-Friidrett-2019.jpg","contentUrl":"https:\/\/tyrving.idrett.no\/10\/f\/files\/2019\/04\/Tyrving-Logo-Friidrett-2019.jpg","width":460,"height":360,"caption":"Tyrving Friidrettsgruppa"},"image":{"@id":"https:\/\/tyrving.idrett.no\/10\/f\/#\/schema\/logo\/image\/"}}]}},"jetpack_sharing_enabled":true,"_links":{"self":[{"href":"https:\/\/tyrving.idrett.no\/10\/f\/wp-json\/wp\/v2\/pages\/21524"}],"collection":[{"href":"https:\/\/tyrving.idrett.no\/10\/f\/wp-json\/wp\/v2\/pages"}],"about":[{"href":"https:\/\/tyrving.idrett.no\/10\/f\/wp-json\/wp\/v2\/types\/page"}],"author":[{"embeddable":true,"href":"https:\/\/tyrving.idrett.no\/10\/f\/wp-json\/wp\/v2\/users\/44"}],"replies":[{"embeddable":true,"href":"https:\/\/tyrving.idrett.no\/10\/f\/wp-json\/wp\/v2\/comments?post=21524"}],"version-history":[{"count":16,"href":"https:\/\/tyrving.idrett.no\/10\/f\/wp-json\/wp\/v2\/pages\/21524\/revisions"}],"predecessor-version":[{"id":22621,"href":"https:\/\/tyrving.idrett.no\/10\/f\/wp-json\/wp\/v2\/pages\/21524\/revisions\/22621"}],"wp:attachment":[{"href":"https:\/\/tyrving.idrett.no\/10\/f\/wp-json\/wp\/v2\/media?parent=21524"}],"wp:term":[{"taxonomy":"category","embeddable":true,"href":"https:\/\/tyrving.idrett.no\/10\/f\/wp-json\/wp\/v2\/categories?post=21524"},{"taxonomy":"post_tag","embeddable":true,"href":"https:\/\/tyrving.idrett.no\/10\/f\/wp-json\/wp\/v2\/tags?post=21524"}],"curies":[{"name":"wp","href":"https:\/\/api.w.org\/{rel}","templated":true}]}}