{"id":21578,"date":"2021-10-14T13:43:39","date_gmt":"2021-10-14T11:43:39","guid":{"rendered":"https:\/\/tyrving.idrett.no\/10\/f\/?page_id=21578"},"modified":"2021-12-18T17:40:37","modified_gmt":"2021-12-18T16:40:37","slug":"klubbutvikling","status":"publish","type":"page","link":"https:\/\/tyrving.idrett.no\/10\/f\/klubbutvikling\/","title":{"rendered":"Klubbutvikling"},"content":{"rendered":"\t\t<div data-elementor-type=\"wp-page\" data-elementor-id=\"21578\" class=\"elementor elementor-21578\" data-elementor-post-type=\"page\">\n\t\t\t\t\t\t\t\t\t<section class=\"elementor-section elementor-top-section elementor-element elementor-element-7c4bd0a elementor-section-boxed elementor-section-height-default elementor-section-height-default\" data-id=\"7c4bd0a\" data-element_type=\"section\">\n\t\t\t\t\t\t<div class=\"elementor-container elementor-column-gap-extended\">\n\t\t\t\t\t<div class=\"elementor-column elementor-col-50 elementor-top-column elementor-element elementor-element-cfd9698\" data-id=\"cfd9698\" data-element_type=\"column\" data-settings=\"{&quot;background_background&quot;:&quot;classic&quot;}\">\n\t\t\t<div class=\"elementor-widget-wrap elementor-element-populated\">\n\t\t\t\t\t\t\t\t<div class=\"elementor-element elementor-element-f6e98ad elementor-widget elementor-widget-heading\" data-id=\"f6e98ad\" data-element_type=\"widget\" data-widget_type=\"heading.default\">\n\t\t\t\t<div class=\"elementor-widget-container\">\n\t\t\t<h1 class=\"elementor-heading-title elementor-size-xl\">Klubbutvikling<\/h1>\t\t<\/div>\n\t\t\t\t<\/div>\n\t\t\t\t<div class=\"elementor-element elementor-element-f882c42 elementor-widget elementor-widget-image\" data-id=\"f882c42\" data-element_type=\"widget\" data-widget_type=\"image.default\">\n\t\t\t\t<div class=\"elementor-widget-container\">\n\t\t\t\t\t\t\t\t\t\t\t\t\t\t\t<img decoding=\"async\" src=\"https:\/\/tyrving.idrett.no\/10\/f\/files\/2021\/10\/28B0684-525-scaled-e1634212076880.jpg\" title=\"_28B0684-525\" alt=\"_28B0684-525\" loading=\"lazy\" \/>\t\t\t\t\t\t\t\t\t\t\t\t\t\t\t<\/div>\n\t\t\t\t<\/div>\n\t\t\t\t<div class=\"elementor-element elementor-element-19377c2 elementor-widget elementor-widget-text-editor\" data-id=\"19377c2\" data-element_type=\"widget\" data-widget_type=\"text-editor.default\">\n\t\t\t\t<div class=\"elementor-widget-container\">\n\t\t\t\t\t\t\t<p>Tyrving IL &#8211; Friidrett er opptatt av \u00e5 kontinuerlig utvikle seg som klubb. Vi jobber n\u00e5 med NFIFs klubbutviklingsprosjekt, og har som ambisjon \u00e5 v\u00e6re en ledende klubb innenfor b\u00e5de bredde, talentutvikling og elite. Vi jobber derfor kontinuerlig for \u00e5 oppn\u00e5 statusen som&nbsp;<strong>en klubb som leder an.<\/strong><\/p>\n<p><strong>&nbsp;<\/strong><\/p>\n<p>Alle klubbens medlemmer og foresatte m\u00e5 jobbe sammen med styre og administrasjonen for \u00e5 oppn\u00e5 status som <strong>en klubb som leder an.&nbsp;<\/strong><\/p>\n<p><strong>&nbsp;<\/strong><\/p>\n<p><\/p>\n<p>Mer informasjon kommer.&nbsp;<\/p>\t\t\t\t\t\t<\/div>\n\t\t\t\t<\/div>\n\t\t\t\t<div class=\"elementor-element elementor-element-9e932f2 elementor-widget elementor-widget-spacer\" data-id=\"9e932f2\" data-element_type=\"widget\" data-widget_type=\"spacer.default\">\n\t\t\t\t<div class=\"elementor-widget-container\">\n\t\t\t\t\t<div class=\"elementor-spacer\">\n\t\t\t<div class=\"elementor-spacer-inner\"><\/div>\n\t\t<\/div>\n\t\t\t\t<\/div>\n\t\t\t\t<\/div>\n\t\t\t\t\t<\/div>\n\t\t<\/div>\n\t\t\t\t<div class=\"elementor-column elementor-col-50 elementor-top-column elementor-element elementor-element-10b76fd\" data-id=\"10b76fd\" data-element_type=\"column\" data-settings=\"{&quot;background_background&quot;:&quot;classic&quot;}\">\n\t\t\t<div class=\"elementor-widget-wrap elementor-element-populated\">\n\t\t\t\t\t\t\t\t<div class=\"elementor-element elementor-element-7544440 sidekolonne elementor-widget elementor-widget-sidebar\" data-id=\"7544440\" data-element_type=\"widget\" data-widget_type=\"sidebar.default\">\n\t\t\t\t<div class=\"elementor-widget-container\">\n\t\t\t<div id=\"custom_html-9\" class=\"widget_text widget widget_custom_html\"><div class=\"textwidget custom-html-widget\"><div class=\"elementor-element elementor-element-3960326 elementor-align-center forsideknapp elementor-widget elementor-widget-button\" data-id=\"3960326\" data-element_type=\"widget\" data-widget_type=\"button.default\">\r\n    <div class=\"elementor-widget-container\">\r\n        <div class=\"elementor-button-wrapper\">\r\n            <a href=\"https:\/\/tyrving.idrett.no\/10\/f\/bli-medlem-i-tyrving\/\" class=\"elementor-button-link elementor-button elementor-size-md\" role=\"button\">\r\n            <span class=\"elementor-button-content-wrapper\">\r\n            <span class=\"elementor-button-text\">Bli medlem<\/span>\r\n            <\/span>\r\n            <\/a>\r\n        <\/div>\r\n    <\/div>\r\n<\/div>\r\n<div class=\"elementor-element elementor-element-ad5d130 elementor-align-center forsideknapp elementor-widget elementor-widget-button\" data-id=\"ad5d130\" data-element_type=\"widget\" data-widget_type=\"button.default\">\r\n    <div class=\"elementor-widget-container\">\r\n        <div class=\"elementor-button-wrapper\">\r\n            <a href=\"https:\/\/tyrving.ourwear.shop\/\" target=\"_blank\" class=\"elementor-button elementor-size-md\" role=\"button\" rel=\"noopener\">\r\n            <span class=\"elementor-button-content-wrapper\">\r\n            <span class=\"elementor-button-text\">Microshop<\/span>\r\n            <\/span>\r\n            <\/a>\r\n        <\/div>\r\n    <\/div>\r\n<\/div><\/div><\/div><div id=\"custom_html-8\" class=\"widget_text widget widget_custom_html\"><h2 class=\"widget-title\">Kommende hendelser<\/h2><div class=\"textwidget custom-html-widget\"><div id=\"klubbkalender-sidebar\"><\/div><\/div><\/div><div id=\"custom_html-3\" class=\"widget_text widget widget_custom_html\"><h2 class=\"widget-title\">Grasrotandelen<\/h2><div class=\"textwidget custom-html-widget\"><a href=\"https:\/\/www.norsk-tipping.no\/grasrotandelen\/din-mottaker\/971059931\" target=\"_blank\" rel=\"noopener\"><img decoding=\"async\" alt=\"Grasrotandelen\" style=\"border:0px;\" src=\"https:\/\/tyrving.idrett.no\/10\/f\/files\/2021\/10\/grasrotandelen2021.jpg\"><\/a><\/div><\/div>\t\t<\/div>\n\t\t\t\t<\/div>\n\t\t\t\t\t<\/div>\n\t\t<\/div>\n\t\t\t\t\t\t\t<\/div>\n\t\t<\/section>\n\t\t\t\t\t\t\t<\/div>\n\t\t","protected":false},"excerpt":{"rendered":"Klubbutvikling Tyrving IL &#8211; Friidrett er opptatt av \u00e5 kontinuerlig utvikle seg som klubb. Vi jobber n\u00e5 med NFIFs klubbutviklingsprosjekt, og har som ambisjon \u00e5 v\u00e6re en ledende klubb innenfor b\u00e5d&#8230;","protected":false},"author":44,"featured_media":0,"parent":0,"menu_order":0,"comment_status":"closed","ping_status":"closed","template":"elementor_canvas","meta":{"footnotes":""},"categories":[],"tags":[7869],"acf":[],"yoast_head":"<!-- This site is optimized with the Yoast SEO plugin v21.2 - https:\/\/yoast.com\/wordpress\/plugins\/seo\/ -->\n<title>Klubbutvikling - Tyrving - Friidrett<\/title>\n<meta name=\"robots\" content=\"index, follow, max-snippet:-1, max-image-preview:large, max-video-preview:-1\" \/>\n<link rel=\"canonical\" href=\"https:\/\/tyrving.idrett.no\/10\/f\/klubbutvikling\/\" \/>\n<meta property=\"og:locale\" content=\"nb_NO\" \/>\n<meta property=\"og:type\" content=\"article\" \/>\n<meta property=\"og:title\" content=\"Klubbutvikling - Tyrving - Friidrett\" \/>\n<meta property=\"og:description\" content=\"Klubbutvikling Tyrving IL &#8211; Friidrett er opptatt av \u00e5 kontinuerlig utvikle seg som klubb. Vi jobber n\u00e5 med NFIFs klubbutviklingsprosjekt, og har som ambisjon \u00e5 v\u00e6re en ledende klubb innenfor b\u00e5d...\" \/>\n<meta property=\"og:url\" content=\"https:\/\/tyrving.idrett.no\/10\/f\/klubbutvikling\/\" \/>\n<meta property=\"og:site_name\" content=\"Tyrving - Friidrett\" \/>\n<meta property=\"article:modified_time\" content=\"2021-12-18T16:40:37+00:00\" \/>\n<meta property=\"og:image\" content=\"https:\/\/tyrving.idrett.no\/10\/f\/files\/2021\/10\/28B0684-525-scaled-e1634212076880.jpg\" \/>\n<meta name=\"twitter:card\" content=\"summary_large_image\" \/>\n<script type=\"application\/ld+json\" class=\"yoast-schema-graph\">{\"@context\":\"https:\/\/schema.org\",\"@graph\":[{\"@type\":\"WebPage\",\"@id\":\"https:\/\/tyrving.idrett.no\/10\/f\/klubbutvikling\/\",\"url\":\"https:\/\/tyrving.idrett.no\/10\/f\/klubbutvikling\/\",\"name\":\"Klubbutvikling - Tyrving - Friidrett\",\"isPartOf\":{\"@id\":\"https:\/\/tyrving.idrett.no\/10\/f\/#website\"},\"datePublished\":\"2021-10-14T11:43:39+00:00\",\"dateModified\":\"2021-12-18T16:40:37+00:00\",\"breadcrumb\":{\"@id\":\"https:\/\/tyrving.idrett.no\/10\/f\/klubbutvikling\/#breadcrumb\"},\"inLanguage\":\"nb-NO\",\"potentialAction\":[{\"@type\":\"ReadAction\",\"target\":[\"https:\/\/tyrving.idrett.no\/10\/f\/klubbutvikling\/\"]}]},{\"@type\":\"BreadcrumbList\",\"@id\":\"https:\/\/tyrving.idrett.no\/10\/f\/klubbutvikling\/#breadcrumb\",\"itemListElement\":[{\"@type\":\"ListItem\",\"position\":1,\"name\":\"Hjem\",\"item\":\"https:\/\/tyrving.idrett.no\/10\/f\/\"},{\"@type\":\"ListItem\",\"position\":2,\"name\":\"Klubbutvikling\"}]},{\"@type\":\"WebSite\",\"@id\":\"https:\/\/tyrving.idrett.no\/10\/f\/#website\",\"url\":\"https:\/\/tyrving.idrett.no\/10\/f\/\",\"name\":\"Tyrving - Friidrett\",\"description\":\"Friidrettsgruppa\",\"publisher\":{\"@id\":\"https:\/\/tyrving.idrett.no\/10\/f\/#organization\"},\"potentialAction\":[{\"@type\":\"SearchAction\",\"target\":{\"@type\":\"EntryPoint\",\"urlTemplate\":\"https:\/\/tyrving.idrett.no\/10\/f\/?s={search_term_string}\"},\"query-input\":\"required name=search_term_string\"}],\"inLanguage\":\"nb-NO\"},{\"@type\":\"Organization\",\"@id\":\"https:\/\/tyrving.idrett.no\/10\/f\/#organization\",\"name\":\"Tyrving Friidrettsgruppa\",\"url\":\"https:\/\/tyrving.idrett.no\/10\/f\/\",\"logo\":{\"@type\":\"ImageObject\",\"inLanguage\":\"nb-NO\",\"@id\":\"https:\/\/tyrving.idrett.no\/10\/f\/#\/schema\/logo\/image\/\",\"url\":\"https:\/\/tyrving.idrett.no\/10\/f\/files\/2019\/04\/Tyrving-Logo-Friidrett-2019.jpg\",\"contentUrl\":\"https:\/\/tyrving.idrett.no\/10\/f\/files\/2019\/04\/Tyrving-Logo-Friidrett-2019.jpg\",\"width\":460,\"height\":360,\"caption\":\"Tyrving Friidrettsgruppa\"},\"image\":{\"@id\":\"https:\/\/tyrving.idrett.no\/10\/f\/#\/schema\/logo\/image\/\"}}]}<\/script>\n<!-- \/ Yoast SEO plugin. -->","yoast_head_json":{"title":"Klubbutvikling - Tyrving - Friidrett","robots":{"index":"index","follow":"follow","max-snippet":"max-snippet:-1","max-image-preview":"max-image-preview:large","max-video-preview":"max-video-preview:-1"},"canonical":"https:\/\/tyrving.idrett.no\/10\/f\/klubbutvikling\/","og_locale":"nb_NO","og_type":"article","og_title":"Klubbutvikling - Tyrving - Friidrett","og_description":"Klubbutvikling Tyrving IL &#8211; Friidrett er opptatt av \u00e5 kontinuerlig utvikle seg som klubb. Vi jobber n\u00e5 med NFIFs klubbutviklingsprosjekt, og har som ambisjon \u00e5 v\u00e6re en ledende klubb innenfor b\u00e5d...","og_url":"https:\/\/tyrving.idrett.no\/10\/f\/klubbutvikling\/","og_site_name":"Tyrving - Friidrett","article_modified_time":"2021-12-18T16:40:37+00:00","og_image":[{"url":"https:\/\/tyrving.idrett.no\/10\/f\/files\/2021\/10\/28B0684-525-scaled-e1634212076880.jpg"}],"twitter_card":"summary_large_image","schema":{"@context":"https:\/\/schema.org","@graph":[{"@type":"WebPage","@id":"https:\/\/tyrving.idrett.no\/10\/f\/klubbutvikling\/","url":"https:\/\/tyrving.idrett.no\/10\/f\/klubbutvikling\/","name":"Klubbutvikling - Tyrving - Friidrett","isPartOf":{"@id":"https:\/\/tyrving.idrett.no\/10\/f\/#website"},"datePublished":"2021-10-14T11:43:39+00:00","dateModified":"2021-12-18T16:40:37+00:00","breadcrumb":{"@id":"https:\/\/tyrving.idrett.no\/10\/f\/klubbutvikling\/#breadcrumb"},"inLanguage":"nb-NO","potentialAction":[{"@type":"ReadAction","target":["https:\/\/tyrving.idrett.no\/10\/f\/klubbutvikling\/"]}]},{"@type":"BreadcrumbList","@id":"https:\/\/tyrving.idrett.no\/10\/f\/klubbutvikling\/#breadcrumb","itemListElement":[{"@type":"ListItem","position":1,"name":"Hjem","item":"https:\/\/tyrving.idrett.no\/10\/f\/"},{"@type":"ListItem","position":2,"name":"Klubbutvikling"}]},{"@type":"WebSite","@id":"https:\/\/tyrving.idrett.no\/10\/f\/#website","url":"https:\/\/tyrving.idrett.no\/10\/f\/","name":"Tyrving - Friidrett","description":"Friidrettsgruppa","publisher":{"@id":"https:\/\/tyrving.idrett.no\/10\/f\/#organization"},"potentialAction":[{"@type":"SearchAction","target":{"@type":"EntryPoint","urlTemplate":"https:\/\/tyrving.idrett.no\/10\/f\/?s={search_term_string}"},"query-input":"required name=search_term_string"}],"inLanguage":"nb-NO"},{"@type":"Organization","@id":"https:\/\/tyrving.idrett.no\/10\/f\/#organization","name":"Tyrving Friidrettsgruppa","url":"https:\/\/tyrving.idrett.no\/10\/f\/","logo":{"@type":"ImageObject","inLanguage":"nb-NO","@id":"https:\/\/tyrving.idrett.no\/10\/f\/#\/schema\/logo\/image\/","url":"https:\/\/tyrving.idrett.no\/10\/f\/files\/2019\/04\/Tyrving-Logo-Friidrett-2019.jpg","contentUrl":"https:\/\/tyrving.idrett.no\/10\/f\/files\/2019\/04\/Tyrving-Logo-Friidrett-2019.jpg","width":460,"height":360,"caption":"Tyrving Friidrettsgruppa"},"image":{"@id":"https:\/\/tyrving.idrett.no\/10\/f\/#\/schema\/logo\/image\/"}}]}},"jetpack_sharing_enabled":true,"_links":{"self":[{"href":"https:\/\/tyrving.idrett.no\/10\/f\/wp-json\/wp\/v2\/pages\/21578"}],"collection":[{"href":"https:\/\/tyrving.idrett.no\/10\/f\/wp-json\/wp\/v2\/pages"}],"about":[{"href":"https:\/\/tyrving.idrett.no\/10\/f\/wp-json\/wp\/v2\/types\/page"}],"author":[{"embeddable":true,"href":"https:\/\/tyrving.idrett.no\/10\/f\/wp-json\/wp\/v2\/users\/44"}],"replies":[{"embeddable":true,"href":"https:\/\/tyrving.idrett.no\/10\/f\/wp-json\/wp\/v2\/comments?post=21578"}],"version-history":[{"count":19,"href":"https:\/\/tyrving.idrett.no\/10\/f\/wp-json\/wp\/v2\/pages\/21578\/revisions"}],"predecessor-version":[{"id":22615,"href":"https:\/\/tyrving.idrett.no\/10\/f\/wp-json\/wp\/v2\/pages\/21578\/revisions\/22615"}],"wp:attachment":[{"href":"https:\/\/tyrving.idrett.no\/10\/f\/wp-json\/wp\/v2\/media?parent=21578"}],"wp:term":[{"taxonomy":"category","embeddable":true,"href":"https:\/\/tyrving.idrett.no\/10\/f\/wp-json\/wp\/v2\/categories?post=21578"},{"taxonomy":"post_tag","embeddable":true,"href":"https:\/\/tyrving.idrett.no\/10\/f\/wp-json\/wp\/v2\/tags?post=21578"}],"curies":[{"name":"wp","href":"https:\/\/api.w.org\/{rel}","templated":true}]}}