{"id":21598,"date":"2021-10-14T14:08:44","date_gmt":"2021-10-14T12:08:44","guid":{"rendered":"https:\/\/tyrving.idrett.no\/10\/f\/?page_id=21598"},"modified":"2024-10-15T10:45:56","modified_gmt":"2024-10-15T08:45:56","slug":"om-tyrving-il","status":"publish","type":"page","link":"https:\/\/tyrving.idrett.no\/10\/f\/om-tyrving-il\/","title":{"rendered":"Om Tyrving IL"},"content":{"rendered":"\t\t<div data-elementor-type=\"wp-page\" data-elementor-id=\"21598\" class=\"elementor elementor-21598\" data-elementor-post-type=\"page\">\n\t\t\t\t\t\t\t\t\t<section class=\"elementor-section elementor-top-section elementor-element elementor-element-1e50d94 elementor-section-boxed elementor-section-height-default elementor-section-height-default\" data-id=\"1e50d94\" data-element_type=\"section\">\n\t\t\t\t\t\t<div class=\"elementor-container elementor-column-gap-extended\">\n\t\t\t\t\t<div class=\"elementor-column elementor-col-50 elementor-top-column elementor-element elementor-element-797b85b\" data-id=\"797b85b\" data-element_type=\"column\" data-settings=\"{&quot;background_background&quot;:&quot;classic&quot;}\">\n\t\t\t<div class=\"elementor-widget-wrap elementor-element-populated\">\n\t\t\t\t\t\t\t\t<div class=\"elementor-element elementor-element-a20142e elementor-widget elementor-widget-heading\" data-id=\"a20142e\" data-element_type=\"widget\" data-widget_type=\"heading.default\">\n\t\t\t\t<div class=\"elementor-widget-container\">\n\t\t\t<h1 class=\"elementor-heading-title elementor-size-xl\">Om Tyrving IL <\/h1>\t\t<\/div>\n\t\t\t\t<\/div>\n\t\t\t\t<div class=\"elementor-element elementor-element-f2a2861 elementor-widget elementor-widget-image\" data-id=\"f2a2861\" data-element_type=\"widget\" data-widget_type=\"image.default\">\n\t\t\t\t<div class=\"elementor-widget-container\">\n\t\t\t\t\t\t\t\t\t\t\t\t\t\t\t<img decoding=\"async\" src=\"https:\/\/tyrving.idrett.no\/10\/f\/files\/2021\/05\/DSC_0728-scaled.jpg\" title=\"DSC_0728\" alt=\"DSC_0728\" loading=\"lazy\" \/>\t\t\t\t\t\t\t\t\t\t\t\t\t\t\t<\/div>\n\t\t\t\t<\/div>\n\t\t\t\t<div class=\"elementor-element elementor-element-279a541 elementor-widget elementor-widget-text-editor\" data-id=\"279a541\" data-element_type=\"widget\" data-widget_type=\"text-editor.default\">\n\t\t\t\t<div class=\"elementor-widget-container\">\n\t\t\t\t\t\t\t<ul style=\"margin-bottom: 15px;padding-left: 30px;font-size: 15px;background-color: #ffffff;font-family: 'Helvetica Neue', Helvetica, sans-serif\">\n<li style=\"font-size: 15px;list-style-type: disc\">Tyrving IL ble stiftet 18. juni 1922.<\/li>\n<li style=\"font-size: 15px;list-style-type: disc\">Aktivitetene idag er friidrett, orientering og barneidrett.<\/li>\n<li style=\"font-size: 15px;list-style-type: disc\">Det er omlag 1030 medlemmer i laget.<\/li>\n<li style=\"font-size: 15px;list-style-type: disc\">V\u00e5rt klubbhus er p\u00e5 Kadettangen i Sandvika.<\/li>\n<\/ul>\n<h4 style=\"margin-bottom: 0.5em;line-height: 1.5em;background-color: #ffffff\"><strong style=\"font-size: 16px\">Treningsgrupper, steder og tider<\/strong><\/h4>\n<ul style=\"margin-bottom: 15px;padding-left: 30px;font-size: 15px;background-color: #ffffff;font-family: 'Helvetica Neue', Helvetica, sans-serif\">\n<li style=\"font-size: 15px;list-style-type: disc\">I sommerhalv\u00e5ret fra medio april til h\u00f8stferien er treningen utend\u00f8rs p\u00e5 stadion p\u00e5 B\u00e6rum Idrettspark.<\/li>\n<li style=\"font-size: 15px;list-style-type: disc\">I vinterhalv\u00e5ret fra oktober til mai er treningen innend\u00f8rs \u2013 i friidrettshallen p\u00e5 B\u00e6rum Idrettspark.<\/li>\n<\/ul>\n<h4 style=\"margin-bottom: 0.5em;line-height: 1.5em;background-color: #ffffff\"><strong style=\"font-size: 16px\">Forsikring<\/strong><\/h4>\n<ul style=\"margin-bottom: 15px;padding-left: 30px;font-size: 15px;background-color: #ffffff;font-family: 'Helvetica Neue', Helvetica, sans-serif\">\n<li style=\"font-size: 15px;list-style-type: disc\">Ut\u00f8vere t.o.m. 12 \u00e5r er forsikret gjennom ordningen til Norges Idrettsforbund.<\/li>\n<li style=\"font-size: 15px;list-style-type: disc\">Ut\u00f8vere fra 13 \u00e5r m\u00e5 l\u00f8se friidrettslisens. Den enkelte ut\u00f8ver gj\u00f8r det via&nbsp;<a style=\"font-size: 15px\" href=\"https:\/\/www.friidrett.no\/mosjon\/lisens\/\">denne lenken<\/a>.<\/li>\n<\/ul>\n<h4 style=\"margin-bottom: 0.5em;line-height: 1.5em;background-color: #ffffff\"><strong style=\"font-size: 16px\">Tyrving-t\u00f8y og klesreglement<\/strong><\/h4>\n<p style=\"margin-bottom: 0.5em;font-size: 15px;background-color: #ffffff\">Klikk&nbsp;<strong style=\"font-size: 15px\"><a style=\"font-size: 15px\" href=\"https:\/\/tyrving.idrett.no\/10\/f\/tyrvingshop\/\" target=\"_blank\" rel=\"noopener noreferrer\">her<\/a><\/strong>&nbsp;s\u00e5 ser du oversikten over t\u00f8y som selges i \u00abbutikken\u00bb v\u00e5r p\u00e5 B\u00e6rum Idrettspark, samt v\u00e5rt t\u00f8y-reglement.<\/p>\n<h4 style=\"margin-bottom: 0.5em;line-height: 1.5em;background-color: #ffffff\"><strong style=\"font-size: 16px\">Forpliktelser<\/strong><\/h4>\n<p style=\"margin-bottom: 0.5em;font-size: 15px;background-color: #ffffff\">Det er mange oppgaver som m\u00e5 l\u00f8ses for \u00e5 drive et friidrettslag. Etter som vi er en foreldredrevet klubb er det viktig at oppgavene fordeles p\u00e5 de som har ut\u00f8vere med p\u00e5 treningene. Vi er avhengig av hjelp til:<\/p>\n<ul style=\"margin-bottom: 15px;padding-left: 30px;font-size: 15px;background-color: #ffffff;font-family: 'Helvetica Neue', Helvetica, sans-serif\">\n<li style=\"font-size: 15px;list-style-type: disc\">Dugnader i l\u00f8pet av \u00e5ret, prim\u00e6rt i forbindelse med v\u00e5re egne, mindre stevner.<\/li>\n<li style=\"font-size: 15px;list-style-type: disc\">Thon Hotels Tyrvinglekene innend\u00f8rs 13.-14. februar.<\/li>\n<li style=\"font-size: 15px;list-style-type: disc\">Oslo Sportslager Tyrvinglekene p\u00e5 Nadderud stadion 11.-13. juni. Tyrvinglekene er v\u00e5r st\u00f8rste inntektskilde, og det krever mange folk for \u00e5 kunne gjennomf\u00f8re Norges st\u00f8rste friidrettsstevne som de siste fire \u00e5rene har hatt mer enn 1700 deltakere fra hele landet.&nbsp;<strong style=\"font-size: 15px\"><span style=\"font-size: 15px;color: #ff0000\">Foreldre til ut\u00f8vere m\u00e5 derfor sette av hele helgen til dugnadsarbeid.<\/span><\/strong><\/li>\n<\/ul>\n<h4 style=\"margin-bottom: 0.5em;line-height: 1.5em;background-color: #ffffff\"><strong style=\"font-size: 16px\">Kontaktpersoner<\/strong><\/h4>\n<ul style=\"margin-bottom: 15px;padding-left: 30px;font-size: 15px;background-color: #ffffff;font-family: 'Helvetica Neue', Helvetica, sans-serif\">\n<li style=\"font-size: 15px;list-style-type: disc\">Klikk&nbsp;<a style=\"font-size: 15px\" href=\"https:\/\/tyrving.idrett.no\/10\/f\/fridrettsstyret\/\" target=\"_blank\" rel=\"noopener noreferrer\">her<\/a>&nbsp;for styret og andre tillitsvalgte<\/li>\n<li style=\"font-size: 15px;list-style-type: disc\">Klikk&nbsp;<a style=\"font-size: 15px\" href=\"https:\/\/tyrving.idrett.no\/10\/f\/vare-trenere-2\/\" target=\"_blank\" rel=\"noopener noreferrer\">her&nbsp;<\/a>for treneroversikten<\/li>\n<\/ul>\n<h4 style=\"margin-bottom: 0.5em;line-height: 1.5em;background-color: #ffffff\"><strong style=\"font-size: 16px\">Norges st\u00f8rste og beste<\/strong><\/h4>\n<p style=\"margin-bottom: 0.5em;font-size: 15px;background-color: #ffffff\">Vi er Norges st\u00f8rste friidrettsklubb for barn og unge m\u00e5lt i antall ut\u00f8vere og deltakere i st\u00f8rre stevner. Vi har mange ut\u00f8vere i norgestoppen, og noen med ambisjoner om \u00e5 v\u00e6re i verdenstoppen. Men vi har ogs\u00e5 mange ut\u00f8vere som er med \u201dfordi det er g\u00f8y\u201d eller fordi \u201ddet er viktig \u00e5 holde seg i form\u201d. &nbsp;Tyrving er Norges beste friidrettsklubb for ungdom m\u00e5lt i antall medaljer i UM.<\/p>\n<h4 style=\"margin-bottom: 0.5em;line-height: 1.5em;background-color: #ffffff\"><strong style=\"font-size: 16px\">Trening og pers<\/strong><\/h4>\n<p style=\"margin-bottom: 0.5em;font-size: 15px;background-color: #ffffff\">Vi er opptatt av at de beste lykkes, men ogs\u00e5 at alle v\u00e5re ut\u00f8vere utvikler seg og trives. Vi vet at de som er best i dag, ikke n\u00f8dvendigvis er best i morgen. Vi vet ogs\u00e5 at de som er best i treningsarbeidet, har st\u00f8rst mulighet for \u00e5 lykkes p\u00e5 sikt.&nbsp;Friidrett er en individuell idrett der tideler og centimeter er helt avgj\u00f8rende. Vi vil at ut\u00f8verne konkurrerer mot seg selv og har fokus p\u00e5 \u00e5 sette personlige rekorder. Det er motiverende og bidrar til utvikling.<\/p>\n<h4 style=\"margin-bottom: 0.5em;line-height: 1.5em;background-color: #ffffff\"><strong style=\"font-size: 16px\">Konkurrere i flere \u00f8velser<\/strong><\/h4>\n<p style=\"margin-bottom: 0.5em;font-size: 15px;background-color: #ffffff\">Vi anbefaler alle v\u00e5re ut\u00f8vere \u00e5 konkurrere i flere \u00f8velser innenfor l\u00f8p, hopp og\/eller kast til en er godt opp i ten\u00e5rene. Med flere \u00f8velser vil en lettere kunne oppleve fremgang p\u00e5 et omr\u00e5de, og konkurranser bidrar til utvikling.<\/p>\n<h4 style=\"margin-bottom: 0.5em;line-height: 1.5em;background-color: #ffffff\"><strong style=\"font-size: 16px\">Foreldredrevet klubb<\/strong><\/h4>\n<p style=\"margin-bottom: 0.5em;font-size: 15px;background-color: #ffffff\">Tyrving Friidrett er en foreldredrevet klubb. Vi er avhengig av at foreldrene bidrar, og sammen er vi en kraftfull ressurs. V\u00e5r filosofi er at foreldre skal oppleve det som meningsfylt og trivelig \u00e5 bidra.&nbsp;Vi pr\u00f8ver \u00e5 fordele oppgaver etter interesse og kapasitet, men forventer ogs\u00e5 at foreldrene stiller n\u00e5r vi eksempelvis skal l\u00f8fte Norges st\u00f8rste friidrettsarrangement; Oslo Sportslager&nbsp;Tyrvinglekene<\/p>\t\t\t\t\t\t<\/div>\n\t\t\t\t<\/div>\n\t\t\t\t\t<\/div>\n\t\t<\/div>\n\t\t\t\t<div class=\"elementor-column elementor-col-50 elementor-top-column elementor-element elementor-element-0804110\" data-id=\"0804110\" data-element_type=\"column\" data-settings=\"{&quot;background_background&quot;:&quot;classic&quot;}\">\n\t\t\t<div class=\"elementor-widget-wrap elementor-element-populated\">\n\t\t\t\t\t\t\t\t<div class=\"elementor-element elementor-element-5314caf sidekolonne elementor-widget elementor-widget-sidebar\" data-id=\"5314caf\" data-element_type=\"widget\" data-widget_type=\"sidebar.default\">\n\t\t\t\t<div class=\"elementor-widget-container\">\n\t\t\t<div id=\"custom_html-9\" class=\"widget_text widget widget_custom_html\"><div class=\"textwidget custom-html-widget\"><div class=\"elementor-element elementor-element-3960326 elementor-align-center forsideknapp elementor-widget elementor-widget-button\" data-id=\"3960326\" data-element_type=\"widget\" data-widget_type=\"button.default\">\r\n    <div class=\"elementor-widget-container\">\r\n        <div class=\"elementor-button-wrapper\">\r\n            <a href=\"https:\/\/tyrving.idrett.no\/10\/f\/bli-medlem-i-tyrving\/\" class=\"elementor-button-link elementor-button elementor-size-md\" role=\"button\">\r\n            <span class=\"elementor-button-content-wrapper\">\r\n            <span class=\"elementor-button-text\">Bli medlem<\/span>\r\n            <\/span>\r\n            <\/a>\r\n        <\/div>\r\n    <\/div>\r\n<\/div>\r\n<div class=\"elementor-element elementor-element-ad5d130 elementor-align-center forsideknapp elementor-widget elementor-widget-button\" data-id=\"ad5d130\" data-element_type=\"widget\" data-widget_type=\"button.default\">\r\n    <div class=\"elementor-widget-container\">\r\n        <div class=\"elementor-button-wrapper\">\r\n            <a href=\"https:\/\/tyrving.ourwear.shop\/\" target=\"_blank\" class=\"elementor-button elementor-size-md\" role=\"button\" rel=\"noopener\">\r\n            <span class=\"elementor-button-content-wrapper\">\r\n            <span class=\"elementor-button-text\">Microshop<\/span>\r\n            <\/span>\r\n            <\/a>\r\n        <\/div>\r\n    <\/div>\r\n<\/div><\/div><\/div><div id=\"custom_html-8\" class=\"widget_text widget widget_custom_html\"><h2 class=\"widget-title\">Kommende hendelser<\/h2><div class=\"textwidget custom-html-widget\"><div id=\"klubbkalender-sidebar\"><\/div><\/div><\/div><div id=\"custom_html-3\" class=\"widget_text widget widget_custom_html\"><h2 class=\"widget-title\">Grasrotandelen<\/h2><div class=\"textwidget custom-html-widget\"><a href=\"https:\/\/www.norsk-tipping.no\/grasrotandelen\/din-mottaker\/971059931\" target=\"_blank\" rel=\"noopener\"><img decoding=\"async\" alt=\"Grasrotandelen\" style=\"border:0px;\" src=\"https:\/\/tyrving.idrett.no\/10\/f\/files\/2021\/10\/grasrotandelen2021.jpg\"><\/a><\/div><\/div>\t\t<\/div>\n\t\t\t\t<\/div>\n\t\t\t\t\t<\/div>\n\t\t<\/div>\n\t\t\t\t\t\t\t<\/div>\n\t\t<\/section>\n\t\t\t\t\t\t\t<\/div>\n\t\t","protected":false},"excerpt":{"rendered":"Om Tyrving IL Tyrving IL ble stiftet 18. juni 1922. Aktivitetene idag er friidrett, orientering og barneidrett. Det er omlag 1030 medlemmer i laget. V\u00e5rt klubbhus er p\u00e5 Kadettangen i Sandvika. Trening&#8230;","protected":false},"author":44,"featured_media":0,"parent":0,"menu_order":0,"comment_status":"closed","ping_status":"closed","template":"elementor_canvas","meta":{"footnotes":""},"categories":[],"tags":[7869],"acf":[],"yoast_head":"<!-- This site is optimized with the Yoast SEO plugin v21.2 - https:\/\/yoast.com\/wordpress\/plugins\/seo\/ -->\n<title>Om Tyrving IL - Tyrving - Friidrett<\/title>\n<meta name=\"robots\" content=\"index, follow, max-snippet:-1, max-image-preview:large, max-video-preview:-1\" \/>\n<link rel=\"canonical\" href=\"https:\/\/tyrving.idrett.no\/10\/f\/om-tyrving-il\/\" \/>\n<meta property=\"og:locale\" content=\"nb_NO\" \/>\n<meta property=\"og:type\" content=\"article\" \/>\n<meta property=\"og:title\" content=\"Om Tyrving IL - Tyrving - Friidrett\" \/>\n<meta property=\"og:description\" content=\"Om Tyrving IL Tyrving IL ble stiftet 18. juni 1922. Aktivitetene idag er friidrett, orientering og barneidrett. Det er omlag 1030 medlemmer i laget. V\u00e5rt klubbhus er p\u00e5 Kadettangen i Sandvika. Trening...\" \/>\n<meta property=\"og:url\" content=\"https:\/\/tyrving.idrett.no\/10\/f\/om-tyrving-il\/\" \/>\n<meta property=\"og:site_name\" content=\"Tyrving - Friidrett\" \/>\n<meta property=\"article:modified_time\" content=\"2024-10-15T08:45:56+00:00\" \/>\n<meta property=\"og:image\" content=\"https:\/\/tyrving.idrett.no\/10\/f\/files\/2021\/05\/DSC_0728-scaled.jpg\" \/>\n<meta name=\"twitter:card\" content=\"summary_large_image\" \/>\n<meta name=\"twitter:label1\" content=\"Ansl. lesetid\" \/>\n\t<meta name=\"twitter:data1\" content=\"4 minutter\" \/>\n<script type=\"application\/ld+json\" class=\"yoast-schema-graph\">{\"@context\":\"https:\/\/schema.org\",\"@graph\":[{\"@type\":\"WebPage\",\"@id\":\"https:\/\/tyrving.idrett.no\/10\/f\/om-tyrving-il\/\",\"url\":\"https:\/\/tyrving.idrett.no\/10\/f\/om-tyrving-il\/\",\"name\":\"Om Tyrving IL - Tyrving - Friidrett\",\"isPartOf\":{\"@id\":\"https:\/\/tyrving.idrett.no\/10\/f\/#website\"},\"datePublished\":\"2021-10-14T12:08:44+00:00\",\"dateModified\":\"2024-10-15T08:45:56+00:00\",\"breadcrumb\":{\"@id\":\"https:\/\/tyrving.idrett.no\/10\/f\/om-tyrving-il\/#breadcrumb\"},\"inLanguage\":\"nb-NO\",\"potentialAction\":[{\"@type\":\"ReadAction\",\"target\":[\"https:\/\/tyrving.idrett.no\/10\/f\/om-tyrving-il\/\"]}]},{\"@type\":\"BreadcrumbList\",\"@id\":\"https:\/\/tyrving.idrett.no\/10\/f\/om-tyrving-il\/#breadcrumb\",\"itemListElement\":[{\"@type\":\"ListItem\",\"position\":1,\"name\":\"Hjem\",\"item\":\"https:\/\/tyrving.idrett.no\/10\/f\/\"},{\"@type\":\"ListItem\",\"position\":2,\"name\":\"Om Tyrving IL\"}]},{\"@type\":\"WebSite\",\"@id\":\"https:\/\/tyrving.idrett.no\/10\/f\/#website\",\"url\":\"https:\/\/tyrving.idrett.no\/10\/f\/\",\"name\":\"Tyrving - Friidrett\",\"description\":\"Friidrettsgruppa\",\"publisher\":{\"@id\":\"https:\/\/tyrving.idrett.no\/10\/f\/#organization\"},\"potentialAction\":[{\"@type\":\"SearchAction\",\"target\":{\"@type\":\"EntryPoint\",\"urlTemplate\":\"https:\/\/tyrving.idrett.no\/10\/f\/?s={search_term_string}\"},\"query-input\":\"required name=search_term_string\"}],\"inLanguage\":\"nb-NO\"},{\"@type\":\"Organization\",\"@id\":\"https:\/\/tyrving.idrett.no\/10\/f\/#organization\",\"name\":\"Tyrving Friidrettsgruppa\",\"url\":\"https:\/\/tyrving.idrett.no\/10\/f\/\",\"logo\":{\"@type\":\"ImageObject\",\"inLanguage\":\"nb-NO\",\"@id\":\"https:\/\/tyrving.idrett.no\/10\/f\/#\/schema\/logo\/image\/\",\"url\":\"https:\/\/tyrving.idrett.no\/10\/f\/files\/2019\/04\/Tyrving-Logo-Friidrett-2019.jpg\",\"contentUrl\":\"https:\/\/tyrving.idrett.no\/10\/f\/files\/2019\/04\/Tyrving-Logo-Friidrett-2019.jpg\",\"width\":460,\"height\":360,\"caption\":\"Tyrving Friidrettsgruppa\"},\"image\":{\"@id\":\"https:\/\/tyrving.idrett.no\/10\/f\/#\/schema\/logo\/image\/\"}}]}<\/script>\n<!-- \/ Yoast SEO plugin. -->","yoast_head_json":{"title":"Om Tyrving IL - Tyrving - Friidrett","robots":{"index":"index","follow":"follow","max-snippet":"max-snippet:-1","max-image-preview":"max-image-preview:large","max-video-preview":"max-video-preview:-1"},"canonical":"https:\/\/tyrving.idrett.no\/10\/f\/om-tyrving-il\/","og_locale":"nb_NO","og_type":"article","og_title":"Om Tyrving IL - Tyrving - Friidrett","og_description":"Om Tyrving IL Tyrving IL ble stiftet 18. juni 1922. Aktivitetene idag er friidrett, orientering og barneidrett. Det er omlag 1030 medlemmer i laget. V\u00e5rt klubbhus er p\u00e5 Kadettangen i Sandvika. Trening...","og_url":"https:\/\/tyrving.idrett.no\/10\/f\/om-tyrving-il\/","og_site_name":"Tyrving - Friidrett","article_modified_time":"2024-10-15T08:45:56+00:00","og_image":[{"url":"https:\/\/tyrving.idrett.no\/10\/f\/files\/2021\/05\/DSC_0728-scaled.jpg"}],"twitter_card":"summary_large_image","twitter_misc":{"Ansl. lesetid":"4 minutter"},"schema":{"@context":"https:\/\/schema.org","@graph":[{"@type":"WebPage","@id":"https:\/\/tyrving.idrett.no\/10\/f\/om-tyrving-il\/","url":"https:\/\/tyrving.idrett.no\/10\/f\/om-tyrving-il\/","name":"Om Tyrving IL - Tyrving - Friidrett","isPartOf":{"@id":"https:\/\/tyrving.idrett.no\/10\/f\/#website"},"datePublished":"2021-10-14T12:08:44+00:00","dateModified":"2024-10-15T08:45:56+00:00","breadcrumb":{"@id":"https:\/\/tyrving.idrett.no\/10\/f\/om-tyrving-il\/#breadcrumb"},"inLanguage":"nb-NO","potentialAction":[{"@type":"ReadAction","target":["https:\/\/tyrving.idrett.no\/10\/f\/om-tyrving-il\/"]}]},{"@type":"BreadcrumbList","@id":"https:\/\/tyrving.idrett.no\/10\/f\/om-tyrving-il\/#breadcrumb","itemListElement":[{"@type":"ListItem","position":1,"name":"Hjem","item":"https:\/\/tyrving.idrett.no\/10\/f\/"},{"@type":"ListItem","position":2,"name":"Om Tyrving IL"}]},{"@type":"WebSite","@id":"https:\/\/tyrving.idrett.no\/10\/f\/#website","url":"https:\/\/tyrving.idrett.no\/10\/f\/","name":"Tyrving - Friidrett","description":"Friidrettsgruppa","publisher":{"@id":"https:\/\/tyrving.idrett.no\/10\/f\/#organization"},"potentialAction":[{"@type":"SearchAction","target":{"@type":"EntryPoint","urlTemplate":"https:\/\/tyrving.idrett.no\/10\/f\/?s={search_term_string}"},"query-input":"required name=search_term_string"}],"inLanguage":"nb-NO"},{"@type":"Organization","@id":"https:\/\/tyrving.idrett.no\/10\/f\/#organization","name":"Tyrving Friidrettsgruppa","url":"https:\/\/tyrving.idrett.no\/10\/f\/","logo":{"@type":"ImageObject","inLanguage":"nb-NO","@id":"https:\/\/tyrving.idrett.no\/10\/f\/#\/schema\/logo\/image\/","url":"https:\/\/tyrving.idrett.no\/10\/f\/files\/2019\/04\/Tyrving-Logo-Friidrett-2019.jpg","contentUrl":"https:\/\/tyrving.idrett.no\/10\/f\/files\/2019\/04\/Tyrving-Logo-Friidrett-2019.jpg","width":460,"height":360,"caption":"Tyrving Friidrettsgruppa"},"image":{"@id":"https:\/\/tyrving.idrett.no\/10\/f\/#\/schema\/logo\/image\/"}}]}},"jetpack_sharing_enabled":true,"_links":{"self":[{"href":"https:\/\/tyrving.idrett.no\/10\/f\/wp-json\/wp\/v2\/pages\/21598"}],"collection":[{"href":"https:\/\/tyrving.idrett.no\/10\/f\/wp-json\/wp\/v2\/pages"}],"about":[{"href":"https:\/\/tyrving.idrett.no\/10\/f\/wp-json\/wp\/v2\/types\/page"}],"author":[{"embeddable":true,"href":"https:\/\/tyrving.idrett.no\/10\/f\/wp-json\/wp\/v2\/users\/44"}],"replies":[{"embeddable":true,"href":"https:\/\/tyrving.idrett.no\/10\/f\/wp-json\/wp\/v2\/comments?post=21598"}],"version-history":[{"count":22,"href":"https:\/\/tyrving.idrett.no\/10\/f\/wp-json\/wp\/v2\/pages\/21598\/revisions"}],"predecessor-version":[{"id":26689,"href":"https:\/\/tyrving.idrett.no\/10\/f\/wp-json\/wp\/v2\/pages\/21598\/revisions\/26689"}],"wp:attachment":[{"href":"https:\/\/tyrving.idrett.no\/10\/f\/wp-json\/wp\/v2\/media?parent=21598"}],"wp:term":[{"taxonomy":"category","embeddable":true,"href":"https:\/\/tyrving.idrett.no\/10\/f\/wp-json\/wp\/v2\/categories?post=21598"},{"taxonomy":"post_tag","embeddable":true,"href":"https:\/\/tyrving.idrett.no\/10\/f\/wp-json\/wp\/v2\/tags?post=21598"}],"curies":[{"name":"wp","href":"https:\/\/api.w.org\/{rel}","templated":true}]}}