{"id":21644,"date":"2021-10-20T13:55:20","date_gmt":"2021-10-20T11:55:20","guid":{"rendered":"https:\/\/tyrving.idrett.no\/10\/f\/?page_id=21644"},"modified":"2026-03-23T10:49:53","modified_gmt":"2026-03-23T09:49:53","slug":"allidrett-fra-4-12","status":"publish","type":"page","link":"https:\/\/tyrving.idrett.no\/10\/f\/allidrett-fra-4-12\/","title":{"rendered":"Allidrett 4-12 \u00e5r"},"content":{"rendered":"\t\t<div data-elementor-type=\"wp-page\" data-elementor-id=\"21644\" class=\"elementor elementor-21644\" data-elementor-post-type=\"page\">\n\t\t\t\t\t\t\t\t\t<section class=\"elementor-section elementor-top-section elementor-element elementor-element-82d37f1 elementor-section-boxed elementor-section-height-default elementor-section-height-default\" data-id=\"82d37f1\" data-element_type=\"section\">\n\t\t\t\t\t\t<div class=\"elementor-container elementor-column-gap-extended\">\n\t\t\t\t\t<div class=\"elementor-column elementor-col-50 elementor-top-column elementor-element elementor-element-d0b55ad\" data-id=\"d0b55ad\" data-element_type=\"column\" data-settings=\"{&quot;background_background&quot;:&quot;classic&quot;}\">\n\t\t\t<div class=\"elementor-widget-wrap elementor-element-populated\">\n\t\t\t\t\t\t\t\t<div class=\"elementor-element elementor-element-1458bdc elementor-widget elementor-widget-heading\" data-id=\"1458bdc\" data-element_type=\"widget\" data-widget_type=\"heading.default\">\n\t\t\t\t<div class=\"elementor-widget-container\">\n\t\t\t<h1 class=\"elementor-heading-title elementor-size-xl\">Allidrett 4 til 12 \u00e5r<\/h1>\t\t<\/div>\n\t\t\t\t<\/div>\n\t\t\t\t<div class=\"elementor-element elementor-element-793e65e elementor-widget elementor-widget-image\" data-id=\"793e65e\" data-element_type=\"widget\" data-widget_type=\"image.default\">\n\t\t\t\t<div class=\"elementor-widget-container\">\n\t\t\t\t\t\t\t\t\t\t\t\t\t\t\t<img decoding=\"async\" src=\"https:\/\/tyrving.idrett.no\/10\/f\/files\/elementor\/thumbs\/IMG_0983-scaled-e1634730917616-peubn6vbi8pb1d3h7649dtc7bp8yvhngtozwse788g.jpg\" title=\"IMG_0983\" alt=\"IMG_0983\" loading=\"lazy\" \/>\t\t\t\t\t\t\t\t\t\t\t\t\t\t\t<\/div>\n\t\t\t\t<\/div>\n\t\t\t\t<div class=\"elementor-element elementor-element-6e1bf4c elementor-widget elementor-widget-text-editor\" data-id=\"6e1bf4c\" data-element_type=\"widget\" data-widget_type=\"text-editor.default\">\n\t\t\t\t<div class=\"elementor-widget-container\">\n\t\t\t\t\t\t\t<div>Tyrvings Allidrettsgruppe tilbyr trening for 4-12 \u00e5r innend\u00f8rs om vinteren og utend\u00f8rs fra v\u00e5r til h\u00f8st. Gjennom lek og moro f\u00e5r barna l\u00f8pe, hoppe og kaste gjennom et allsidig idrettslig tilbud. NB! Vi f\u00f8lger skolekalenderen for B\u00e6rum kommune, og avholder derfor ikke treninger i skoleferiene, samt helligdager.<\/div>\n<div>&nbsp;<\/div>\n<p><img decoding=\"async\" loading=\"lazy\" src=\"https:\/\/tyrving.idrett.no\/10\/f\/files\/2016\/12\/track_a21-300x226.png\" alt=\"\" width=\"250\" height=\"188\"><\/p>\n<div>\n<p>Det vil v\u00e6re et trygt treningsmilj\u00f8 uten press p\u00e5 resultater. Vi vil s\u00f8ke \u00e5 ha en progresjon i treningstilbudet etter hvert som barna blir eldre. Treningen er lekbetont med forskjellige aktiviteter for \u00e5 stimulere utvikling og idrettsglede. Trening er \u00e9n gang pr. uke med instrukt\u00f8rer fra Tyrving. V\u00e5re trenere er pliktet til \u00e5 levere gyldig politiattest,&nbsp;<span style=\"background-color: #ffffff;font-size: 14px;color: var( --e-global-color-text );font-weight: var( --e-global-typography-text-font-weight )\">trenerattest og&nbsp;<\/span><span style=\"font-size: 14px\">relevante trenerkurs.<\/span><\/p>\n<p><span style=\"font-size: 14px\">&nbsp;<\/span><\/p>\n<\/div>\n<p><strong><span style=\"color: #212529;font-family: system-ui, -apple-system, 'Segoe UI', Roboto, 'Helvetica Neue', Arial, 'Noto Sans', 'Liberation Sans', sans-serif, 'Apple Color Emoji', 'Segoe UI Emoji', 'Segoe UI Symbol', 'Noto Color Emoji';font-size: 16px;background-color: #ffffff\">Alle treningene er utend\u00f8rs p\u00e5 stadion i&nbsp; B\u00e6rum Idrettspark. Treningstider er:<\/span><\/strong><\/p>\n<p><br style=\"color: #212529;font-family: system-ui, -apple-system, 'Segoe UI', Roboto, 'Helvetica Neue', Arial, 'Noto Sans', 'Liberation Sans', sans-serif, 'Apple Color Emoji', 'Segoe UI Emoji', 'Segoe UI Symbol', 'Noto Color Emoji';font-size: 16px\"><span style=\"color: #212529;font-family: system-ui, -apple-system, 'Segoe UI', Roboto, 'Helvetica Neue', Arial, 'Noto Sans', 'Liberation Sans', sans-serif, 'Apple Color Emoji', 'Segoe UI Emoji', 'Segoe UI Symbol', 'Noto Color Emoji';font-size: 16px;background-color: #ffffff\">\u2022 4-6 \u00e5r onsdag kl. 17:00 til kl. 18:00. (f.2020-2022) &#8211; B\u00e6rum Idrettspark<\/span><br style=\"color: #212529;font-family: system-ui, -apple-system, 'Segoe UI', Roboto, 'Helvetica Neue', Arial, 'Noto Sans', 'Liberation Sans', sans-serif, 'Apple Color Emoji', 'Segoe UI Emoji', 'Segoe UI Symbol', 'Noto Color Emoji';font-size: 16px\"><span style=\"color: #212529;font-family: system-ui, -apple-system, 'Segoe UI', Roboto, 'Helvetica Neue', Arial, 'Noto Sans', 'Liberation Sans', sans-serif, 'Apple Color Emoji', 'Segoe UI Emoji', 'Segoe UI Symbol', 'Noto Color Emoji';font-size: 16px;background-color: #ffffff\">\u2022 7-9 \u00e5r onsdag kl. 18:00 til kl. 19:00. (f.2017-2019) &#8211; B\u00e6rum Idrettspark<\/span><br style=\"color: #212529;font-family: system-ui, -apple-system, 'Segoe UI', Roboto, 'Helvetica Neue', Arial, 'Noto Sans', 'Liberation Sans', sans-serif, 'Apple Color Emoji', 'Segoe UI Emoji', 'Segoe UI Symbol', 'Noto Color Emoji';font-size: 16px\"><span style=\"color: #212529;font-family: system-ui, -apple-system, 'Segoe UI', Roboto, 'Helvetica Neue', Arial, 'Noto Sans', 'Liberation Sans', sans-serif, 'Apple Color Emoji', 'Segoe UI Emoji', 'Segoe UI Symbol', 'Noto Color Emoji';font-size: 16px;background-color: #ffffff\">\u2022 10-12 \u00e5r onsdag kl.17:00 til kl. 18:00 (2014-2016) \u2013 B\u00e6rum Idrettspark<\/span><\/p>\n<p><span style=\"color: #212529;font-family: system-ui, -apple-system, 'Segoe UI', Roboto, 'Helvetica Neue', Arial, 'Noto Sans', 'Liberation Sans', sans-serif, 'Apple Color Emoji', 'Segoe UI Emoji', 'Segoe UI Symbol', 'Noto Color Emoji';font-size: 16px;background-color: #ffffff\">&nbsp;<\/span><\/p>\n<p><\/p>\n<p><strong>&nbsp;<\/strong><\/p>\n<p><strong>&nbsp;<\/strong><b style=\"font-size: 14px\">Treningsavgift utend\u00f8rsseosongen 2026 (etter p\u00e5ske frem til h\u00f8stferien)<\/b><\/p>\n<p><span style=\"font-weight: var( --e-global-typography-text-font-weight )\">&#8211;&nbsp;<\/span><span style=\"font-size: 16px;font-weight: var( --e-global-typography-text-font-weight )\">Allidrett 4-6 \u00e5r &#8211; 1650,-<\/span><\/p>\n<p><span style=\"font-size: 16px\">&#8211; Allidrett 7-9 \u00e5r &#8211; 1750,-<\/span><br style=\"font-size: 16px\"><span style=\"font-size: 16px\">&#8211; Allidrett 10-12 \u00e5r &#8211; 1850,-<\/span><\/p>\n<p><span style=\"font-size: 16px\"><br><\/span><\/p>\n<p><br><\/p>\n<p><span style=\"font-size: 16px\">&nbsp;<\/span><\/p>\n<p><span style=\"font-size: 16px\">I tillegg vil en medlemskontingent p\u00e5 kr.80 for 2026 komme i tillegg via Spond.<\/span><\/p>\n<p><span style=\"font-size: 16px\"><br><\/span><\/p>\n<p><br><\/p>\n<p><span style=\"font-size: 16px\">&nbsp;<\/span><\/p>\n<div>\n<p><b>Treningsavgiften inkluderer:<\/b><br>&#8211; Trening 1 gang pr uke -oppstart etter h\u00f8stferien frem til p\u00e5skeferien.<\/p>\n<p>&#8211; Tr\u00f8ye (kun ved betaling av full treningsavgift v\/oppstart av sesongen)<\/p>\n<p>&#8211; Sommerleker 3.juni<\/p>\n<p><br><\/p>\n<p><\/p>\n<p><em>Treningsavgiften dekker ikke deltagelse p\u00e5 stevner\/leker i regi av andre klubber<\/em><\/p>\n<p><strong style=\"font-size: 14px\">&nbsp;<\/strong><\/p>\n<div>\n<p>&nbsp;<em>Norges Idrettsforbunds bestemmelser for barneidrett: Allidretten skal skje gjennom idrettens verdier der idrettens barnerettigheter danner grunnlaget for et allsidig og variert aktivitetstilbud for alle. Det er derfor viktig at Allidretten er \u00e5pen og inkluderende, og gir alle barn opplevelse av mestring, trygghet og varig idrettsglede.<\/em><\/p>\n<p><strong><em>Velkommen til<\/em> Allidrettstrening i Tyrving IL<\/strong><\/p>\n<p><strong>&nbsp;<\/strong><\/p>\n<p><b>NB! Informasjon om Friidrettsskolen i sommerferien &#8211;&nbsp;<\/b><a style=\"font-size: 14px;font-family: var( --e-global-typography-text-font-family ), Sans-serif;font-weight: var( --e-global-typography-text-font-weight )\" href=\"https:\/\/tyrving.idrett.no\/10\/f\/friidrettsskolen\/\">Friidrettsskolen &#8211; Tyrving &#8211; Friidr<\/a>ett<\/p>\n<\/div>\n<\/div>\t\t\t\t\t\t<\/div>\n\t\t\t\t<\/div>\n\t\t\t\t<div class=\"elementor-element elementor-element-0175e6e elementor-widget elementor-widget-text-editor\" data-id=\"0175e6e\" data-element_type=\"widget\" data-widget_type=\"text-editor.default\">\n\t\t\t\t<div class=\"elementor-widget-container\">\n\t\t\t\t\t\t\t\t\t\t\t\t\t<\/div>\n\t\t\t\t<\/div>\n\t\t\t\t<div class=\"elementor-element elementor-element-986a33b elementor-widget elementor-widget-spacer\" data-id=\"986a33b\" data-element_type=\"widget\" data-widget_type=\"spacer.default\">\n\t\t\t\t<div class=\"elementor-widget-container\">\n\t\t\t\t\t<div class=\"elementor-spacer\">\n\t\t\t<div class=\"elementor-spacer-inner\"><\/div>\n\t\t<\/div>\n\t\t\t\t<\/div>\n\t\t\t\t<\/div>\n\t\t\t\t\t<\/div>\n\t\t<\/div>\n\t\t\t\t<div class=\"elementor-column elementor-col-50 elementor-top-column elementor-element elementor-element-a12f844\" data-id=\"a12f844\" data-element_type=\"column\" data-settings=\"{&quot;background_background&quot;:&quot;classic&quot;}\">\n\t\t\t<div class=\"elementor-widget-wrap elementor-element-populated\">\n\t\t\t\t\t\t\t\t<div class=\"elementor-element elementor-element-49d251b sidekolonne elementor-widget elementor-widget-sidebar\" data-id=\"49d251b\" data-element_type=\"widget\" data-widget_type=\"sidebar.default\">\n\t\t\t\t<div class=\"elementor-widget-container\">\n\t\t\t<div id=\"custom_html-9\" class=\"widget_text widget widget_custom_html\"><div class=\"textwidget custom-html-widget\"><div class=\"elementor-element elementor-element-3960326 elementor-align-center forsideknapp elementor-widget elementor-widget-button\" data-id=\"3960326\" data-element_type=\"widget\" data-widget_type=\"button.default\">\r\n    <div class=\"elementor-widget-container\">\r\n        <div class=\"elementor-button-wrapper\">\r\n            <a href=\"https:\/\/tyrving.idrett.no\/10\/f\/bli-medlem-i-tyrving\/\" class=\"elementor-button-link elementor-button elementor-size-md\" role=\"button\">\r\n            <span class=\"elementor-button-content-wrapper\">\r\n            <span class=\"elementor-button-text\">Bli medlem<\/span>\r\n            <\/span>\r\n            <\/a>\r\n        <\/div>\r\n    <\/div>\r\n<\/div>\r\n<div class=\"elementor-element elementor-element-ad5d130 elementor-align-center forsideknapp elementor-widget elementor-widget-button\" data-id=\"ad5d130\" data-element_type=\"widget\" data-widget_type=\"button.default\">\r\n    <div class=\"elementor-widget-container\">\r\n        <div class=\"elementor-button-wrapper\">\r\n            <a href=\"https:\/\/tyrving.ourwear.shop\/\" target=\"_blank\" class=\"elementor-button elementor-size-md\" role=\"button\" rel=\"noopener\">\r\n            <span class=\"elementor-button-content-wrapper\">\r\n            <span class=\"elementor-button-text\">Microshop<\/span>\r\n            <\/span>\r\n            <\/a>\r\n        <\/div>\r\n    <\/div>\r\n<\/div><\/div><\/div><div id=\"custom_html-8\" class=\"widget_text widget widget_custom_html\"><h2 class=\"widget-title\">Kommende hendelser<\/h2><div class=\"textwidget custom-html-widget\"><div id=\"klubbkalender-sidebar\"><\/div><\/div><\/div><div id=\"custom_html-3\" class=\"widget_text widget widget_custom_html\"><h2 class=\"widget-title\">Grasrotandelen<\/h2><div class=\"textwidget custom-html-widget\"><a href=\"https:\/\/www.norsk-tipping.no\/grasrotandelen\/din-mottaker\/971059931\" target=\"_blank\" rel=\"noopener\"><img decoding=\"async\" alt=\"Grasrotandelen\" style=\"border:0px;\" src=\"https:\/\/tyrving.idrett.no\/10\/f\/files\/2021\/10\/grasrotandelen2021.jpg\"><\/a><\/div><\/div>\t\t<\/div>\n\t\t\t\t<\/div>\n\t\t\t\t\t<\/div>\n\t\t<\/div>\n\t\t\t\t\t\t\t<\/div>\n\t\t<\/section>\n\t\t\t\t\t\t\t<\/div>\n\t\t","protected":false},"excerpt":{"rendered":"Allidrett 4 til 12 \u00e5r Tyrvings Allidrettsgruppe tilbyr trening for 4-12 \u00e5r innend\u00f8rs om vinteren og utend\u00f8rs fra v\u00e5r til h\u00f8st. Gjennom lek og moro f\u00e5r barna l\u00f8pe, hoppe og kaste gjennom et allsidig id&#8230;","protected":false},"author":44,"featured_media":0,"parent":0,"menu_order":0,"comment_status":"closed","ping_status":"closed","template":"elementor_canvas","meta":{"footnotes":""},"categories":[],"tags":[7869],"acf":[],"yoast_head":"<!-- This site is optimized with the Yoast SEO plugin v21.2 - https:\/\/yoast.com\/wordpress\/plugins\/seo\/ -->\n<title>Allidrett 4-12 \u00e5r - Tyrving - Friidrett<\/title>\n<meta name=\"robots\" content=\"index, follow, max-snippet:-1, max-image-preview:large, max-video-preview:-1\" \/>\n<link rel=\"canonical\" href=\"https:\/\/tyrving.idrett.no\/10\/f\/allidrett-fra-4-12\/\" \/>\n<meta property=\"og:locale\" content=\"nb_NO\" \/>\n<meta property=\"og:type\" content=\"article\" \/>\n<meta property=\"og:title\" content=\"Allidrett 4-12 \u00e5r - Tyrving - Friidrett\" \/>\n<meta property=\"og:description\" content=\"Allidrett 4 til 12 \u00e5r Tyrvings Allidrettsgruppe tilbyr trening for 4-12 \u00e5r innend\u00f8rs om vinteren og utend\u00f8rs fra v\u00e5r til h\u00f8st. Gjennom lek og moro f\u00e5r barna l\u00f8pe, hoppe og kaste gjennom et allsidig id...\" \/>\n<meta property=\"og:url\" content=\"https:\/\/tyrving.idrett.no\/10\/f\/allidrett-fra-4-12\/\" \/>\n<meta property=\"og:site_name\" content=\"Tyrving - Friidrett\" \/>\n<meta property=\"article:modified_time\" content=\"2026-03-23T09:49:53+00:00\" \/>\n<meta property=\"og:image\" content=\"https:\/\/tyrving.idrett.no\/10\/f\/files\/elementor\/thumbs\/IMG_0983-scaled-e1634730917616-peubn6vbi8pb1d3h7649dtc7bp8yvhngtozwse788g.jpg\" \/>\n<meta name=\"twitter:card\" content=\"summary_large_image\" \/>\n<meta name=\"twitter:label1\" content=\"Ansl. lesetid\" \/>\n\t<meta name=\"twitter:data1\" content=\"3 minutter\" \/>\n<script type=\"application\/ld+json\" class=\"yoast-schema-graph\">{\"@context\":\"https:\/\/schema.org\",\"@graph\":[{\"@type\":\"WebPage\",\"@id\":\"https:\/\/tyrving.idrett.no\/10\/f\/allidrett-fra-4-12\/\",\"url\":\"https:\/\/tyrving.idrett.no\/10\/f\/allidrett-fra-4-12\/\",\"name\":\"Allidrett 4-12 \u00e5r - Tyrving - Friidrett\",\"isPartOf\":{\"@id\":\"https:\/\/tyrving.idrett.no\/10\/f\/#website\"},\"datePublished\":\"2021-10-20T11:55:20+00:00\",\"dateModified\":\"2026-03-23T09:49:53+00:00\",\"breadcrumb\":{\"@id\":\"https:\/\/tyrving.idrett.no\/10\/f\/allidrett-fra-4-12\/#breadcrumb\"},\"inLanguage\":\"nb-NO\",\"potentialAction\":[{\"@type\":\"ReadAction\",\"target\":[\"https:\/\/tyrving.idrett.no\/10\/f\/allidrett-fra-4-12\/\"]}]},{\"@type\":\"BreadcrumbList\",\"@id\":\"https:\/\/tyrving.idrett.no\/10\/f\/allidrett-fra-4-12\/#breadcrumb\",\"itemListElement\":[{\"@type\":\"ListItem\",\"position\":1,\"name\":\"Hjem\",\"item\":\"https:\/\/tyrving.idrett.no\/10\/f\/\"},{\"@type\":\"ListItem\",\"position\":2,\"name\":\"Allidrett 4-12 \u00e5r\"}]},{\"@type\":\"WebSite\",\"@id\":\"https:\/\/tyrving.idrett.no\/10\/f\/#website\",\"url\":\"https:\/\/tyrving.idrett.no\/10\/f\/\",\"name\":\"Tyrving - Friidrett\",\"description\":\"Friidrettsgruppa\",\"publisher\":{\"@id\":\"https:\/\/tyrving.idrett.no\/10\/f\/#organization\"},\"potentialAction\":[{\"@type\":\"SearchAction\",\"target\":{\"@type\":\"EntryPoint\",\"urlTemplate\":\"https:\/\/tyrving.idrett.no\/10\/f\/?s={search_term_string}\"},\"query-input\":\"required name=search_term_string\"}],\"inLanguage\":\"nb-NO\"},{\"@type\":\"Organization\",\"@id\":\"https:\/\/tyrving.idrett.no\/10\/f\/#organization\",\"name\":\"Tyrving Friidrettsgruppa\",\"url\":\"https:\/\/tyrving.idrett.no\/10\/f\/\",\"logo\":{\"@type\":\"ImageObject\",\"inLanguage\":\"nb-NO\",\"@id\":\"https:\/\/tyrving.idrett.no\/10\/f\/#\/schema\/logo\/image\/\",\"url\":\"https:\/\/tyrving.idrett.no\/10\/f\/files\/2019\/04\/Tyrving-Logo-Friidrett-2019.jpg\",\"contentUrl\":\"https:\/\/tyrving.idrett.no\/10\/f\/files\/2019\/04\/Tyrving-Logo-Friidrett-2019.jpg\",\"width\":460,\"height\":360,\"caption\":\"Tyrving Friidrettsgruppa\"},\"image\":{\"@id\":\"https:\/\/tyrving.idrett.no\/10\/f\/#\/schema\/logo\/image\/\"}}]}<\/script>\n<!-- \/ Yoast SEO plugin. -->","yoast_head_json":{"title":"Allidrett 4-12 \u00e5r - Tyrving - Friidrett","robots":{"index":"index","follow":"follow","max-snippet":"max-snippet:-1","max-image-preview":"max-image-preview:large","max-video-preview":"max-video-preview:-1"},"canonical":"https:\/\/tyrving.idrett.no\/10\/f\/allidrett-fra-4-12\/","og_locale":"nb_NO","og_type":"article","og_title":"Allidrett 4-12 \u00e5r - Tyrving - Friidrett","og_description":"Allidrett 4 til 12 \u00e5r Tyrvings Allidrettsgruppe tilbyr trening for 4-12 \u00e5r innend\u00f8rs om vinteren og utend\u00f8rs fra v\u00e5r til h\u00f8st. Gjennom lek og moro f\u00e5r barna l\u00f8pe, hoppe og kaste gjennom et allsidig id...","og_url":"https:\/\/tyrving.idrett.no\/10\/f\/allidrett-fra-4-12\/","og_site_name":"Tyrving - Friidrett","article_modified_time":"2026-03-23T09:49:53+00:00","og_image":[{"url":"https:\/\/tyrving.idrett.no\/10\/f\/files\/elementor\/thumbs\/IMG_0983-scaled-e1634730917616-peubn6vbi8pb1d3h7649dtc7bp8yvhngtozwse788g.jpg"}],"twitter_card":"summary_large_image","twitter_misc":{"Ansl. lesetid":"3 minutter"},"schema":{"@context":"https:\/\/schema.org","@graph":[{"@type":"WebPage","@id":"https:\/\/tyrving.idrett.no\/10\/f\/allidrett-fra-4-12\/","url":"https:\/\/tyrving.idrett.no\/10\/f\/allidrett-fra-4-12\/","name":"Allidrett 4-12 \u00e5r - Tyrving - Friidrett","isPartOf":{"@id":"https:\/\/tyrving.idrett.no\/10\/f\/#website"},"datePublished":"2021-10-20T11:55:20+00:00","dateModified":"2026-03-23T09:49:53+00:00","breadcrumb":{"@id":"https:\/\/tyrving.idrett.no\/10\/f\/allidrett-fra-4-12\/#breadcrumb"},"inLanguage":"nb-NO","potentialAction":[{"@type":"ReadAction","target":["https:\/\/tyrving.idrett.no\/10\/f\/allidrett-fra-4-12\/"]}]},{"@type":"BreadcrumbList","@id":"https:\/\/tyrving.idrett.no\/10\/f\/allidrett-fra-4-12\/#breadcrumb","itemListElement":[{"@type":"ListItem","position":1,"name":"Hjem","item":"https:\/\/tyrving.idrett.no\/10\/f\/"},{"@type":"ListItem","position":2,"name":"Allidrett 4-12 \u00e5r"}]},{"@type":"WebSite","@id":"https:\/\/tyrving.idrett.no\/10\/f\/#website","url":"https:\/\/tyrving.idrett.no\/10\/f\/","name":"Tyrving - Friidrett","description":"Friidrettsgruppa","publisher":{"@id":"https:\/\/tyrving.idrett.no\/10\/f\/#organization"},"potentialAction":[{"@type":"SearchAction","target":{"@type":"EntryPoint","urlTemplate":"https:\/\/tyrving.idrett.no\/10\/f\/?s={search_term_string}"},"query-input":"required name=search_term_string"}],"inLanguage":"nb-NO"},{"@type":"Organization","@id":"https:\/\/tyrving.idrett.no\/10\/f\/#organization","name":"Tyrving Friidrettsgruppa","url":"https:\/\/tyrving.idrett.no\/10\/f\/","logo":{"@type":"ImageObject","inLanguage":"nb-NO","@id":"https:\/\/tyrving.idrett.no\/10\/f\/#\/schema\/logo\/image\/","url":"https:\/\/tyrving.idrett.no\/10\/f\/files\/2019\/04\/Tyrving-Logo-Friidrett-2019.jpg","contentUrl":"https:\/\/tyrving.idrett.no\/10\/f\/files\/2019\/04\/Tyrving-Logo-Friidrett-2019.jpg","width":460,"height":360,"caption":"Tyrving Friidrettsgruppa"},"image":{"@id":"https:\/\/tyrving.idrett.no\/10\/f\/#\/schema\/logo\/image\/"}}]}},"jetpack_sharing_enabled":true,"_links":{"self":[{"href":"https:\/\/tyrving.idrett.no\/10\/f\/wp-json\/wp\/v2\/pages\/21644"}],"collection":[{"href":"https:\/\/tyrving.idrett.no\/10\/f\/wp-json\/wp\/v2\/pages"}],"about":[{"href":"https:\/\/tyrving.idrett.no\/10\/f\/wp-json\/wp\/v2\/types\/page"}],"author":[{"embeddable":true,"href":"https:\/\/tyrving.idrett.no\/10\/f\/wp-json\/wp\/v2\/users\/44"}],"replies":[{"embeddable":true,"href":"https:\/\/tyrving.idrett.no\/10\/f\/wp-json\/wp\/v2\/comments?post=21644"}],"version-history":[{"count":172,"href":"https:\/\/tyrving.idrett.no\/10\/f\/wp-json\/wp\/v2\/pages\/21644\/revisions"}],"predecessor-version":[{"id":28293,"href":"https:\/\/tyrving.idrett.no\/10\/f\/wp-json\/wp\/v2\/pages\/21644\/revisions\/28293"}],"wp:attachment":[{"href":"https:\/\/tyrving.idrett.no\/10\/f\/wp-json\/wp\/v2\/media?parent=21644"}],"wp:term":[{"taxonomy":"category","embeddable":true,"href":"https:\/\/tyrving.idrett.no\/10\/f\/wp-json\/wp\/v2\/categories?post=21644"},{"taxonomy":"post_tag","embeddable":true,"href":"https:\/\/tyrving.idrett.no\/10\/f\/wp-json\/wp\/v2\/tags?post=21644"}],"curies":[{"name":"wp","href":"https:\/\/api.w.org\/{rel}","templated":true}]}}