{"id":21667,"date":"2021-10-22T13:04:21","date_gmt":"2021-10-22T11:04:21","guid":{"rendered":"https:\/\/tyrving.idrett.no\/10\/f\/?page_id=21667"},"modified":"2025-03-05T09:55:14","modified_gmt":"2025-03-05T08:55:14","slug":"junior-yngre-elite","status":"publish","type":"page","link":"https:\/\/tyrving.idrett.no\/10\/f\/junior-yngre-elite\/","title":{"rendered":"Junior og Yngre Elite"},"content":{"rendered":"\t\t<div data-elementor-type=\"wp-page\" data-elementor-id=\"21667\" class=\"elementor elementor-21667\" data-elementor-post-type=\"page\">\n\t\t\t\t\t\t\t\t\t<section class=\"elementor-section elementor-top-section elementor-element elementor-element-79422ba elementor-section-boxed elementor-section-height-default elementor-section-height-default\" data-id=\"79422ba\" data-element_type=\"section\">\n\t\t\t\t\t\t<div class=\"elementor-container elementor-column-gap-extended\">\n\t\t\t\t\t<div class=\"elementor-column elementor-col-50 elementor-top-column elementor-element elementor-element-690c665\" data-id=\"690c665\" data-element_type=\"column\" data-settings=\"{&quot;background_background&quot;:&quot;classic&quot;}\">\n\t\t\t<div class=\"elementor-widget-wrap elementor-element-populated\">\n\t\t\t\t\t\t\t\t<div class=\"elementor-element elementor-element-b61d01b elementor-widget elementor-widget-heading\" data-id=\"b61d01b\" data-element_type=\"widget\" data-widget_type=\"heading.default\">\n\t\t\t\t<div class=\"elementor-widget-container\">\n\t\t\t<h1 class=\"elementor-heading-title elementor-size-xl\">Junior og Yngre Elite <\/h1>\t\t<\/div>\n\t\t\t\t<\/div>\n\t\t\t\t<div class=\"elementor-element elementor-element-d01a0d7 elementor-widget elementor-widget-image\" data-id=\"d01a0d7\" data-element_type=\"widget\" data-widget_type=\"image.default\">\n\t\t\t\t<div class=\"elementor-widget-container\">\n\t\t\t\t\t\t\t\t\t\t\t\t\t\t\t<img decoding=\"async\" src=\"https:\/\/tyrving.idrett.no\/10\/f\/files\/elementor\/thumbs\/9-scaled-q49sm63sb3qth44i3zj3afldi0fu3dqs61mj25bals.jpg\" title=\"9\" alt=\"9\" loading=\"lazy\" \/>\t\t\t\t\t\t\t\t\t\t\t\t\t\t\t<\/div>\n\t\t\t\t<\/div>\n\t\t\t\t<div class=\"elementor-element elementor-element-19759ef elementor-widget elementor-widget-heading\" data-id=\"19759ef\" data-element_type=\"widget\" data-widget_type=\"heading.default\">\n\t\t\t\t<div class=\"elementor-widget-container\">\n\t\t\t<h2 class=\"elementor-heading-title elementor-size-default\">Junior<\/h2>\t\t<\/div>\n\t\t\t\t<\/div>\n\t\t\t\t<div class=\"elementor-element elementor-element-daccba5 elementor-widget elementor-widget-text-editor\" data-id=\"daccba5\" data-element_type=\"widget\" data-widget_type=\"text-editor.default\">\n\t\t\t\t<div class=\"elementor-widget-container\">\n\t\t\t\t\t\t\t<p>Juniorgruppen best\u00e5r av to treningsgrupper. En for de p\u00e5 15-16 \u00e5r (f. 2009-2010) og en for de p\u00e5 17-18\u00e5r.\u00a0<\/p><p>Treningsgruppene er delt inn i sprint og tekniske \u00f8velser samt distanse. Form\u00e5let til gruppen er \u00e5 utvikle ut\u00f8vere som \u00f8nsker \u00e5 prestere og oppn\u00e5 gode resultater i Ungdomsmesterskapet og p\u00e5 sikt Jr. NM.<\/p><p>\u00a0<\/p><p>Distansegruppen organiserer m\u00e5lrettet trening for at ut\u00f8vere skal v\u00e6re best mulig forberedt p\u00e5 \u00e5 prestere p\u00e5 lengre distanser.\u00a0<\/p><p>\u00a0<\/p><p><strong>For p\u00e5melding til innend\u00f8rssesongen:\u00a0<\/strong><a style=\"font-size: 14px;font-family: var( --e-global-typography-text-font-family ), Sans-serif;font-weight: var( --e-global-typography-text-font-weight )\" href=\"https:\/\/club.spond.com\/landing\/signup\/tyrvingil\/form\/0140A2033F414515849A02F32BDFCA51\">Innmeldingsskjema for Tyrving IL (spond.com)<\/a><span style=\"font-size: 14px\">\u00a0<\/span><\/p><p><span style=\"font-size: 14px\">\u00a0<\/span><\/p><p><strong>TRENINGSTIDER:<\/strong><\/p><p style=\"background-color: #ffffff\"><strong>Junior f. 2009-2010 &#8211; Ivars Cakurs<\/strong><\/p><p style=\"background-color: #ffffff\">Mandag kl.18:30 &#8211; 20:00<\/p><p style=\"background-color: #ffffff\">Tirsdag\u00a0<span style=\"font-size: 14px;background-color: #ffffff\">kl.18:30 &#8211; 20:00<\/span><\/p><p style=\"background-color: #ffffff\"><span style=\"font-size: 14px;background-color: #ffffff\">Torsdag kl.18:30-20:00<\/span><\/p><p style=\"background-color: #ffffff\"><span style=\"font-size: 14px;background-color: #ffffff\">\u00a0<\/span><\/p><p style=\"background-color: #ffffff\">J<b>unior f. 2007-2008 &#8211; Jon Fiva og Cathrine Lars\u00e5sen<\/b><\/p><p style=\"background-color: #ffffff\"><span style=\"font-size: 14px;background-color: #ffffff\">Mandag kl. 18.30-20.15<\/span><\/p><p style=\"background-color: #ffffff\"><span style=\"font-size: 14px;background-color: #ffffff\">Onsdag kl. 19.00-20.45<\/span><\/p><p style=\"background-color: #ffffff\"><span style=\"font-size: 14px;background-color: #ffffff\">Torsdag kl. 19.00-20.45<\/span><\/p><p style=\"background-color: #ffffff\"><span style=\"font-size: 14px;background-color: #ffffff\">S\u00f8ndag kl. 10.00-12.00<\/span><\/p><p style=\"background-color: #ffffff\"><span style=\"font-size: 14px;background-color: #ffffff\">\u00a0<\/span><\/p><p style=\"background-color: #ffffff\">\u00a0<\/p><p style=\"background-color: #ffffff\"><strong>Distanse 10-16 \u00e5r &#8211; Eirik Alvik<\/strong><\/p><p style=\"background-color: #ffffff\">Mandag kl.17:00-18:30<\/p><p style=\"background-color: #ffffff\">\u00a0<\/p><p style=\"background-color: #ffffff\">\u00a0<\/p>\t\t\t\t\t\t<\/div>\n\t\t\t\t<\/div>\n\t\t\t\t<div class=\"elementor-element elementor-element-2991fef elementor-widget elementor-widget-text-editor\" data-id=\"2991fef\" data-element_type=\"widget\" data-widget_type=\"text-editor.default\">\n\t\t\t\t<div class=\"elementor-widget-container\">\n\t\t\t\t\t\t\t\t\t\t\t\t\t<\/div>\n\t\t\t\t<\/div>\n\t\t\t\t<div class=\"elementor-element elementor-element-8eefe88 elementor-widget elementor-widget-heading\" data-id=\"8eefe88\" data-element_type=\"widget\" data-widget_type=\"heading.default\">\n\t\t\t\t<div class=\"elementor-widget-container\">\n\t\t\t<h2 class=\"elementor-heading-title elementor-size-default\">Yngre Elite<\/h2>\t\t<\/div>\n\t\t\t\t<\/div>\n\t\t\t\t<div class=\"elementor-element elementor-element-615359e elementor-widget elementor-widget-text-editor\" data-id=\"615359e\" data-element_type=\"widget\" data-widget_type=\"text-editor.default\">\n\t\t\t\t<div class=\"elementor-widget-container\">\n\t\t\t\t\t\t\t<p>Yngre Elite er hovedsakelig en gruppe for 18-20-\u00e5ringer. Likevel kan ut\u00f8vere med h\u00f8yere ambisjoner gjennomf\u00f8re et opprykk etter avtale med sportslig leder og hovedtrener for yngre elite gruppen.<\/p><p><br><\/p><p>Treningsgruppen er delt inn i kort sprint, lang sprint, hekk hopp \u00f8velser, samt en egen gruppe for&nbsp;<span style=\"font-size: 14px\">distanse. Form\u00e5let til gruppen er \u00e5 utvikle ut\u00f8vere som \u00f8nsker \u00e5 prestere og oppn\u00e5 gode resultater i Jr. NM.<\/span><\/p><p><span style=\"font-size: 14px\"><br><\/span><\/p>\n<p><span style=\"font-size: 14px\"> <strong>For p\u00e5melding til innend\u00f8rssesongen:&nbsp;<\/strong><\/span><a href=\"https:\/\/club.spond.com\/landing\/signup\/tyrvingil\/form\/0140A2033F414515849A02F32BDFCA51\">Innmeldingsskjema for Tyrving IL (spond.com)<\/a><span style=\"font-size: 14px\"><a href=\"https:\/\/survey.easyquest.com\/MQTc3D\">.<\/a>&nbsp; &nbsp;<\/span><\/p>\n<p><span style=\"font-size: 14px\">&nbsp;<\/span><\/p>\n<p><strong>TRENINGSTIDER:<\/strong><\/p>\n<p><strong>&nbsp;<\/strong><\/p>\n<p style=\"background-color: #ffffff\"><strong>Hopp\/Sprint f.2006 og eldre &#8211;&nbsp;<span style=\"font-size: 14px\">Ivars Cakurs<\/span><\/strong><\/p>\n<p style=\"background-color: #ffffff\">Mandag kl.16:30-18:30<\/p>\n<p style=\"background-color: #ffffff\">Tirsdag&nbsp;<span style=\"background-color: #ffffff;font-size: 14px\">kl.16:30-18:30<\/span><\/p>\n<p style=\"background-color: #ffffff\">Torsdag&nbsp;<span style=\"background-color: #ffffff;font-size: 14px\">kl.16:30-18:30<\/span><\/p>\n<p style=\"background-color: #ffffff\">Fredag kl.16:30-18:30<\/p>\n<p style=\"background-color: #ffffff\">S\u00f8ndag kl.10:00-12:00<\/p>\n<p style=\"background-color: #ffffff\"><br><\/p>\n<p style=\"background-color: #ffffff\">\n<\/p><p style=\"background-color: #ffffff\"><strong>Sprint\/hekk f.2006 og eldre &#8211; Przemek Kram<\/strong><\/p>\n<p style=\"background-color: #ffffff\">Mandag kl.18:00-20:00<\/p>\n<p style=\"background-color: #ffffff\">Onsdag kl.19:15-2<span style=\"font-size: 14px\">1:00<\/span><\/p>\n<p style=\"background-color: #ffffff\">Fredag kl.16:30-18:30<\/p>\n<p style=\"background-color: #ffffff\">L\u00f8rdag kl. 11.00-13.00<\/p>\n<p style=\"background-color: #ffffff\"><br><\/p>\n<p style=\"background-color: #ffffff\">\n<\/p><p style=\"background-color: #ffffff\"><strong>Distanse 15 \u00e5r+ eller etter avtale &#8211; Christoph Graf<\/strong><\/p>\n<p>Tirsdag kl. 18:30-20:00<\/p>\n<p>Torsdag kl. 18:30-20:00<\/p>\n<p>L\u00f8rdag etter avtale BIP\/Bislett. kl. 11.00-13.00<\/p>\n<p><br><\/p>\n<p><\/p>\n<p><strong>For p\u00e5melding til innend\u00f8rssesongen:&nbsp;<\/strong><a href=\"https:\/\/club.spond.com\/landing\/signup\/tyrvingil\/form\/0140A2033F414515849A02F32BDFCA51\" style=\"font-size: 14px;font-family: var( --e-global-typography-text-font-family ), Sans-serif;font-weight: var( --e-global-typography-text-font-weight )\">Innmeldingsskjema for Tyrving IL (spond.com<\/a><\/p>\n<p style=\"background-color: #ffffff\">\n<\/p>\t\t\t\t\t\t<\/div>\n\t\t\t\t<\/div>\n\t\t\t\t<div class=\"elementor-element elementor-element-521a3f7 elementor-widget elementor-widget-spacer\" data-id=\"521a3f7\" data-element_type=\"widget\" data-widget_type=\"spacer.default\">\n\t\t\t\t<div class=\"elementor-widget-container\">\n\t\t\t\t\t<div class=\"elementor-spacer\">\n\t\t\t<div class=\"elementor-spacer-inner\"><\/div>\n\t\t<\/div>\n\t\t\t\t<\/div>\n\t\t\t\t<\/div>\n\t\t\t\t\t<\/div>\n\t\t<\/div>\n\t\t\t\t<div class=\"elementor-column elementor-col-50 elementor-top-column elementor-element elementor-element-f7b0377\" data-id=\"f7b0377\" data-element_type=\"column\" data-settings=\"{&quot;background_background&quot;:&quot;classic&quot;}\">\n\t\t\t<div class=\"elementor-widget-wrap elementor-element-populated\">\n\t\t\t\t\t\t\t\t<div class=\"elementor-element elementor-element-8622501 sidekolonne elementor-widget elementor-widget-sidebar\" data-id=\"8622501\" data-element_type=\"widget\" data-widget_type=\"sidebar.default\">\n\t\t\t\t<div class=\"elementor-widget-container\">\n\t\t\t<div id=\"custom_html-9\" class=\"widget_text widget widget_custom_html\"><div class=\"textwidget custom-html-widget\"><div class=\"elementor-element elementor-element-3960326 elementor-align-center forsideknapp elementor-widget elementor-widget-button\" data-id=\"3960326\" data-element_type=\"widget\" data-widget_type=\"button.default\">\r\n    <div class=\"elementor-widget-container\">\r\n        <div class=\"elementor-button-wrapper\">\r\n            <a href=\"https:\/\/tyrving.idrett.no\/10\/f\/bli-medlem-i-tyrving\/\" class=\"elementor-button-link elementor-button elementor-size-md\" role=\"button\">\r\n            <span class=\"elementor-button-content-wrapper\">\r\n            <span class=\"elementor-button-text\">Bli medlem<\/span>\r\n            <\/span>\r\n            <\/a>\r\n        <\/div>\r\n    <\/div>\r\n<\/div>\r\n<div class=\"elementor-element elementor-element-ad5d130 elementor-align-center forsideknapp elementor-widget elementor-widget-button\" data-id=\"ad5d130\" data-element_type=\"widget\" data-widget_type=\"button.default\">\r\n    <div class=\"elementor-widget-container\">\r\n        <div class=\"elementor-button-wrapper\">\r\n            <a href=\"https:\/\/tyrving.ourwear.shop\/\" target=\"_blank\" class=\"elementor-button elementor-size-md\" role=\"button\" rel=\"noopener\">\r\n            <span class=\"elementor-button-content-wrapper\">\r\n            <span class=\"elementor-button-text\">Microshop<\/span>\r\n            <\/span>\r\n            <\/a>\r\n        <\/div>\r\n    <\/div>\r\n<\/div><\/div><\/div><div id=\"custom_html-8\" class=\"widget_text widget widget_custom_html\"><h2 class=\"widget-title\">Kommende hendelser<\/h2><div class=\"textwidget custom-html-widget\"><div id=\"klubbkalender-sidebar\"><\/div><\/div><\/div><div id=\"custom_html-3\" class=\"widget_text widget widget_custom_html\"><h2 class=\"widget-title\">Grasrotandelen<\/h2><div class=\"textwidget custom-html-widget\"><a href=\"https:\/\/www.norsk-tipping.no\/grasrotandelen\/din-mottaker\/971059931\" target=\"_blank\" rel=\"noopener\"><img decoding=\"async\" alt=\"Grasrotandelen\" style=\"border:0px;\" src=\"https:\/\/tyrving.idrett.no\/10\/f\/files\/2021\/10\/grasrotandelen2021.jpg\"><\/a><\/div><\/div>\t\t<\/div>\n\t\t\t\t<\/div>\n\t\t\t\t\t<\/div>\n\t\t<\/div>\n\t\t\t\t\t\t\t<\/div>\n\t\t<\/section>\n\t\t\t\t\t\t\t<\/div>\n\t\t","protected":false},"excerpt":{"rendered":"Junior og Yngre Elite Junior Juniorgruppen best\u00e5r av to treningsgrupper. En for de p\u00e5 15-16 \u00e5r (f. 2009-2010) og en for de p\u00e5 17-18\u00e5r.\u00a0 Treningsgruppene er delt inn i sprint og tekniske \u00f8velser samt d&#8230;","protected":false},"author":44,"featured_media":0,"parent":0,"menu_order":0,"comment_status":"closed","ping_status":"closed","template":"elementor_canvas","meta":{"footnotes":""},"categories":[],"tags":[7869],"acf":[],"yoast_head":"<!-- This site is optimized with the Yoast SEO plugin v21.2 - https:\/\/yoast.com\/wordpress\/plugins\/seo\/ -->\n<title>Junior og Yngre Elite - Tyrving - Friidrett<\/title>\n<meta name=\"robots\" content=\"index, follow, max-snippet:-1, max-image-preview:large, max-video-preview:-1\" \/>\n<link rel=\"canonical\" href=\"https:\/\/tyrving.idrett.no\/10\/f\/junior-yngre-elite\/\" \/>\n<meta property=\"og:locale\" content=\"nb_NO\" \/>\n<meta property=\"og:type\" content=\"article\" \/>\n<meta property=\"og:title\" content=\"Junior og Yngre Elite - Tyrving - Friidrett\" \/>\n<meta property=\"og:description\" content=\"Junior og Yngre Elite Junior Juniorgruppen best\u00e5r av to treningsgrupper. En for de p\u00e5 15-16 \u00e5r (f. 2009-2010) og en for de p\u00e5 17-18\u00e5r.\u00a0 Treningsgruppene er delt inn i sprint og tekniske \u00f8velser samt d...\" \/>\n<meta property=\"og:url\" content=\"https:\/\/tyrving.idrett.no\/10\/f\/junior-yngre-elite\/\" \/>\n<meta property=\"og:site_name\" content=\"Tyrving - Friidrett\" \/>\n<meta property=\"article:modified_time\" content=\"2025-03-05T08:55:14+00:00\" \/>\n<meta property=\"og:image\" content=\"https:\/\/tyrving.idrett.no\/10\/f\/files\/elementor\/thumbs\/9-scaled-q49sm63sb3qth44i3zj3afldi0fu3dqs61mj25bals.jpg\" \/>\n<meta name=\"twitter:card\" content=\"summary_large_image\" \/>\n<meta name=\"twitter:label1\" content=\"Ansl. lesetid\" \/>\n\t<meta name=\"twitter:data1\" content=\"2 minutter\" \/>\n<script type=\"application\/ld+json\" class=\"yoast-schema-graph\">{\"@context\":\"https:\/\/schema.org\",\"@graph\":[{\"@type\":\"WebPage\",\"@id\":\"https:\/\/tyrving.idrett.no\/10\/f\/junior-yngre-elite\/\",\"url\":\"https:\/\/tyrving.idrett.no\/10\/f\/junior-yngre-elite\/\",\"name\":\"Junior og Yngre Elite - Tyrving - Friidrett\",\"isPartOf\":{\"@id\":\"https:\/\/tyrving.idrett.no\/10\/f\/#website\"},\"datePublished\":\"2021-10-22T11:04:21+00:00\",\"dateModified\":\"2025-03-05T08:55:14+00:00\",\"breadcrumb\":{\"@id\":\"https:\/\/tyrving.idrett.no\/10\/f\/junior-yngre-elite\/#breadcrumb\"},\"inLanguage\":\"nb-NO\",\"potentialAction\":[{\"@type\":\"ReadAction\",\"target\":[\"https:\/\/tyrving.idrett.no\/10\/f\/junior-yngre-elite\/\"]}]},{\"@type\":\"BreadcrumbList\",\"@id\":\"https:\/\/tyrving.idrett.no\/10\/f\/junior-yngre-elite\/#breadcrumb\",\"itemListElement\":[{\"@type\":\"ListItem\",\"position\":1,\"name\":\"Hjem\",\"item\":\"https:\/\/tyrving.idrett.no\/10\/f\/\"},{\"@type\":\"ListItem\",\"position\":2,\"name\":\"Junior og Yngre Elite\"}]},{\"@type\":\"WebSite\",\"@id\":\"https:\/\/tyrving.idrett.no\/10\/f\/#website\",\"url\":\"https:\/\/tyrving.idrett.no\/10\/f\/\",\"name\":\"Tyrving - Friidrett\",\"description\":\"Friidrettsgruppa\",\"publisher\":{\"@id\":\"https:\/\/tyrving.idrett.no\/10\/f\/#organization\"},\"potentialAction\":[{\"@type\":\"SearchAction\",\"target\":{\"@type\":\"EntryPoint\",\"urlTemplate\":\"https:\/\/tyrving.idrett.no\/10\/f\/?s={search_term_string}\"},\"query-input\":\"required name=search_term_string\"}],\"inLanguage\":\"nb-NO\"},{\"@type\":\"Organization\",\"@id\":\"https:\/\/tyrving.idrett.no\/10\/f\/#organization\",\"name\":\"Tyrving Friidrettsgruppa\",\"url\":\"https:\/\/tyrving.idrett.no\/10\/f\/\",\"logo\":{\"@type\":\"ImageObject\",\"inLanguage\":\"nb-NO\",\"@id\":\"https:\/\/tyrving.idrett.no\/10\/f\/#\/schema\/logo\/image\/\",\"url\":\"https:\/\/tyrving.idrett.no\/10\/f\/files\/2019\/04\/Tyrving-Logo-Friidrett-2019.jpg\",\"contentUrl\":\"https:\/\/tyrving.idrett.no\/10\/f\/files\/2019\/04\/Tyrving-Logo-Friidrett-2019.jpg\",\"width\":460,\"height\":360,\"caption\":\"Tyrving Friidrettsgruppa\"},\"image\":{\"@id\":\"https:\/\/tyrving.idrett.no\/10\/f\/#\/schema\/logo\/image\/\"}}]}<\/script>\n<!-- \/ Yoast SEO plugin. -->","yoast_head_json":{"title":"Junior og Yngre Elite - Tyrving - Friidrett","robots":{"index":"index","follow":"follow","max-snippet":"max-snippet:-1","max-image-preview":"max-image-preview:large","max-video-preview":"max-video-preview:-1"},"canonical":"https:\/\/tyrving.idrett.no\/10\/f\/junior-yngre-elite\/","og_locale":"nb_NO","og_type":"article","og_title":"Junior og Yngre Elite - Tyrving - Friidrett","og_description":"Junior og Yngre Elite Junior Juniorgruppen best\u00e5r av to treningsgrupper. En for de p\u00e5 15-16 \u00e5r (f. 2009-2010) og en for de p\u00e5 17-18\u00e5r.\u00a0 Treningsgruppene er delt inn i sprint og tekniske \u00f8velser samt d...","og_url":"https:\/\/tyrving.idrett.no\/10\/f\/junior-yngre-elite\/","og_site_name":"Tyrving - Friidrett","article_modified_time":"2025-03-05T08:55:14+00:00","og_image":[{"url":"https:\/\/tyrving.idrett.no\/10\/f\/files\/elementor\/thumbs\/9-scaled-q49sm63sb3qth44i3zj3afldi0fu3dqs61mj25bals.jpg"}],"twitter_card":"summary_large_image","twitter_misc":{"Ansl. lesetid":"2 minutter"},"schema":{"@context":"https:\/\/schema.org","@graph":[{"@type":"WebPage","@id":"https:\/\/tyrving.idrett.no\/10\/f\/junior-yngre-elite\/","url":"https:\/\/tyrving.idrett.no\/10\/f\/junior-yngre-elite\/","name":"Junior og Yngre Elite - Tyrving - Friidrett","isPartOf":{"@id":"https:\/\/tyrving.idrett.no\/10\/f\/#website"},"datePublished":"2021-10-22T11:04:21+00:00","dateModified":"2025-03-05T08:55:14+00:00","breadcrumb":{"@id":"https:\/\/tyrving.idrett.no\/10\/f\/junior-yngre-elite\/#breadcrumb"},"inLanguage":"nb-NO","potentialAction":[{"@type":"ReadAction","target":["https:\/\/tyrving.idrett.no\/10\/f\/junior-yngre-elite\/"]}]},{"@type":"BreadcrumbList","@id":"https:\/\/tyrving.idrett.no\/10\/f\/junior-yngre-elite\/#breadcrumb","itemListElement":[{"@type":"ListItem","position":1,"name":"Hjem","item":"https:\/\/tyrving.idrett.no\/10\/f\/"},{"@type":"ListItem","position":2,"name":"Junior og Yngre Elite"}]},{"@type":"WebSite","@id":"https:\/\/tyrving.idrett.no\/10\/f\/#website","url":"https:\/\/tyrving.idrett.no\/10\/f\/","name":"Tyrving - Friidrett","description":"Friidrettsgruppa","publisher":{"@id":"https:\/\/tyrving.idrett.no\/10\/f\/#organization"},"potentialAction":[{"@type":"SearchAction","target":{"@type":"EntryPoint","urlTemplate":"https:\/\/tyrving.idrett.no\/10\/f\/?s={search_term_string}"},"query-input":"required name=search_term_string"}],"inLanguage":"nb-NO"},{"@type":"Organization","@id":"https:\/\/tyrving.idrett.no\/10\/f\/#organization","name":"Tyrving Friidrettsgruppa","url":"https:\/\/tyrving.idrett.no\/10\/f\/","logo":{"@type":"ImageObject","inLanguage":"nb-NO","@id":"https:\/\/tyrving.idrett.no\/10\/f\/#\/schema\/logo\/image\/","url":"https:\/\/tyrving.idrett.no\/10\/f\/files\/2019\/04\/Tyrving-Logo-Friidrett-2019.jpg","contentUrl":"https:\/\/tyrving.idrett.no\/10\/f\/files\/2019\/04\/Tyrving-Logo-Friidrett-2019.jpg","width":460,"height":360,"caption":"Tyrving Friidrettsgruppa"},"image":{"@id":"https:\/\/tyrving.idrett.no\/10\/f\/#\/schema\/logo\/image\/"}}]}},"jetpack_sharing_enabled":true,"_links":{"self":[{"href":"https:\/\/tyrving.idrett.no\/10\/f\/wp-json\/wp\/v2\/pages\/21667"}],"collection":[{"href":"https:\/\/tyrving.idrett.no\/10\/f\/wp-json\/wp\/v2\/pages"}],"about":[{"href":"https:\/\/tyrving.idrett.no\/10\/f\/wp-json\/wp\/v2\/types\/page"}],"author":[{"embeddable":true,"href":"https:\/\/tyrving.idrett.no\/10\/f\/wp-json\/wp\/v2\/users\/44"}],"replies":[{"embeddable":true,"href":"https:\/\/tyrving.idrett.no\/10\/f\/wp-json\/wp\/v2\/comments?post=21667"}],"version-history":[{"count":97,"href":"https:\/\/tyrving.idrett.no\/10\/f\/wp-json\/wp\/v2\/pages\/21667\/revisions"}],"predecessor-version":[{"id":27279,"href":"https:\/\/tyrving.idrett.no\/10\/f\/wp-json\/wp\/v2\/pages\/21667\/revisions\/27279"}],"wp:attachment":[{"href":"https:\/\/tyrving.idrett.no\/10\/f\/wp-json\/wp\/v2\/media?parent=21667"}],"wp:term":[{"taxonomy":"category","embeddable":true,"href":"https:\/\/tyrving.idrett.no\/10\/f\/wp-json\/wp\/v2\/categories?post=21667"},{"taxonomy":"post_tag","embeddable":true,"href":"https:\/\/tyrving.idrett.no\/10\/f\/wp-json\/wp\/v2\/tags?post=21667"}],"curies":[{"name":"wp","href":"https:\/\/api.w.org\/{rel}","templated":true}]}}