{"id":21789,"date":"2021-11-10T15:18:44","date_gmt":"2021-11-10T14:18:44","guid":{"rendered":"https:\/\/tyrving.idrett.no\/10\/f\/?page_id=21789"},"modified":"2026-03-30T12:53:13","modified_gmt":"2026-03-30T10:53:13","slug":"stevnealderdatoarrangorpamelding-infopameldingsfrist-lopsstevne908-05-2025tyrving-illopsstevne-pamelding06-05-2025-kl-2100-holmenkollstafettenuttakelse10-05-2025tjalve","status":"publish","type":"page","link":"https:\/\/tyrving.idrett.no\/10\/f\/stevnealderdatoarrangorpamelding-infopameldingsfrist-lopsstevne908-05-2025tyrving-illopsstevne-pamelding06-05-2025-kl-2100-holmenkollstafettenuttakelse10-05-2025tjalve\/","title":{"rendered":"Offisiell terminliste (NFIF)"},"content":{"rendered":"\t\t<div data-elementor-type=\"wp-page\" data-elementor-id=\"21789\" class=\"elementor elementor-21789\" data-elementor-post-type=\"page\">\n\t\t\t\t\t\t\t\t\t<section class=\"elementor-section elementor-top-section elementor-element elementor-element-f6f8ce1 elementor-section-boxed elementor-section-height-default elementor-section-height-default\" data-id=\"f6f8ce1\" data-element_type=\"section\">\n\t\t\t\t\t\t<div class=\"elementor-container elementor-column-gap-extended\">\n\t\t\t\t\t<div class=\"elementor-column elementor-col-50 elementor-top-column elementor-element elementor-element-ccb9dbc\" data-id=\"ccb9dbc\" data-element_type=\"column\" data-settings=\"{&quot;background_background&quot;:&quot;classic&quot;}\">\n\t\t\t<div class=\"elementor-widget-wrap elementor-element-populated\">\n\t\t\t\t\t\t\t\t<div class=\"elementor-element elementor-element-5dd2d1a elementor-widget elementor-widget-heading\" data-id=\"5dd2d1a\" data-element_type=\"widget\" data-widget_type=\"heading.default\">\n\t\t\t\t<div class=\"elementor-widget-container\">\n\t\t\t<h1 class=\"elementor-heading-title elementor-size-large\">Friidrettsforbundets terminliste 2025<\/h1>\t\t<\/div>\n\t\t\t\t<\/div>\n\t\t\t\t<div class=\"elementor-element elementor-element-b947f84 elementor-widget elementor-widget-image\" data-id=\"b947f84\" data-element_type=\"widget\" data-widget_type=\"image.default\">\n\t\t\t\t<div class=\"elementor-widget-container\">\n\t\t\t\t\t\t\t\t\t\t\t\t\t\t\t<img decoding=\"async\" src=\"https:\/\/tyrving.idrett.no\/10\/f\/files\/elementor\/thumbs\/69378440_677835619363939_1555498392807800832_o-ocvoedsiefs4wgdidzd2lpfqfkiu8ua3ufj3dkmybk.jpg\" title=\"69378440_677835619363939_1555498392807800832_o\" alt=\"69378440_677835619363939_1555498392807800832_o\" loading=\"lazy\" \/>\t\t\t\t\t\t\t\t\t\t\t\t\t\t\t<\/div>\n\t\t\t\t<\/div>\n\t\t\t\t<div class=\"elementor-element elementor-element-37db60f elementor-widget elementor-widget-text-editor\" data-id=\"37db60f\" data-element_type=\"widget\" data-widget_type=\"text-editor.default\">\n\t\t\t\t<div class=\"elementor-widget-container\">\n\t\t\t\t\t\t\t<p>\u00c5 delta p\u00e5 stevner er g\u00f8y og det bidrar til \u00e5 utvikle deg som friidrettsut\u00f8ver.&nbsp;<\/p>\n<p>Kanskje setter du ny personlig rekord?&nbsp;<\/p>\n<p><br><\/p>\n<p>Nedenfor finner du NFIFs offisielle terminliste, i tillegg til annen nyttig informasjon i forbindelse med stevnedeltagelse.<\/p>\n<p><br><\/p>\n<p>Avtal med treneren din hvilke stevner du b\u00f8r v\u00e6re med p\u00e5.<\/p>\n<p><br><\/p>\n<p>NFIFs terminliste 2026:&nbsp;<a href=\"https:\/\/www.friidrett.no\/terminlister\/hovedterminliste-2026\/#:~:text=Her%20finner%20du%20Hovedterminliste%20for%202026.%20Noen%20endringer,tidspunkt%3A%2023.%20mai%3A%20European%2010%2C000m%20Cup.%20La%20Spezia%2FITA\" style=\"font-size: 14px;font-family: Roboto, sans-serif\">Hovedterminliste 2026<\/a><\/p>\n<p><br><\/p>\n<p>P\u00e5melding til stevner gj\u00f8res alltid via <a href=\"https:\/\/isonen.no\/\">Isonen.no<\/a><\/p>\n<p><br><\/p>\n<p>Ta kontakt ved mail til <a href=\"mailto:friidrett@tyrving.no\">friidrett@tyrving.no<\/a> hvis du har problemer med p\u00e5melding.&nbsp;&nbsp;<\/p>\n<p><br><\/p>\n<p>Vi \u00f8nsker flest mulig Tyrving-ut\u00f8vere p\u00e5 flest mulig stevner :-)<\/p>\n<p><br><\/p>\n<p><\/p>\t\t\t\t\t\t<\/div>\n\t\t\t\t<\/div>\n\t\t\t\t<div class=\"elementor-element elementor-element-2ad7e99 elementor-widget elementor-widget-spacer\" data-id=\"2ad7e99\" data-element_type=\"widget\" data-widget_type=\"spacer.default\">\n\t\t\t\t<div class=\"elementor-widget-container\">\n\t\t\t\t\t<div class=\"elementor-spacer\">\n\t\t\t<div class=\"elementor-spacer-inner\"><\/div>\n\t\t<\/div>\n\t\t\t\t<\/div>\n\t\t\t\t<\/div>\n\t\t\t\t\t<\/div>\n\t\t<\/div>\n\t\t\t\t<div class=\"elementor-column elementor-col-50 elementor-top-column elementor-element elementor-element-622a1ea\" data-id=\"622a1ea\" data-element_type=\"column\" data-settings=\"{&quot;background_background&quot;:&quot;classic&quot;}\">\n\t\t\t<div class=\"elementor-widget-wrap elementor-element-populated\">\n\t\t\t\t\t\t\t\t<div class=\"elementor-element elementor-element-fe77de1 sidekolonne elementor-widget elementor-widget-sidebar\" data-id=\"fe77de1\" data-element_type=\"widget\" data-widget_type=\"sidebar.default\">\n\t\t\t\t<div class=\"elementor-widget-container\">\n\t\t\t<div id=\"custom_html-9\" class=\"widget_text widget widget_custom_html\"><div class=\"textwidget custom-html-widget\"><div class=\"elementor-element elementor-element-3960326 elementor-align-center forsideknapp elementor-widget elementor-widget-button\" data-id=\"3960326\" data-element_type=\"widget\" data-widget_type=\"button.default\">\r\n    <div class=\"elementor-widget-container\">\r\n        <div class=\"elementor-button-wrapper\">\r\n            <a href=\"https:\/\/tyrving.idrett.no\/10\/f\/bli-medlem-i-tyrving\/\" class=\"elementor-button-link elementor-button elementor-size-md\" role=\"button\">\r\n            <span class=\"elementor-button-content-wrapper\">\r\n            <span class=\"elementor-button-text\">Bli medlem<\/span>\r\n            <\/span>\r\n            <\/a>\r\n        <\/div>\r\n    <\/div>\r\n<\/div>\r\n<div class=\"elementor-element elementor-element-ad5d130 elementor-align-center forsideknapp elementor-widget elementor-widget-button\" data-id=\"ad5d130\" data-element_type=\"widget\" data-widget_type=\"button.default\">\r\n    <div class=\"elementor-widget-container\">\r\n        <div class=\"elementor-button-wrapper\">\r\n            <a href=\"https:\/\/tyrving.ourwear.shop\/\" target=\"_blank\" class=\"elementor-button elementor-size-md\" role=\"button\" rel=\"noopener\">\r\n            <span class=\"elementor-button-content-wrapper\">\r\n            <span class=\"elementor-button-text\">Microshop<\/span>\r\n            <\/span>\r\n            <\/a>\r\n        <\/div>\r\n    <\/div>\r\n<\/div><\/div><\/div><div id=\"custom_html-8\" class=\"widget_text widget widget_custom_html\"><h2 class=\"widget-title\">Kommende hendelser<\/h2><div class=\"textwidget custom-html-widget\"><div id=\"klubbkalender-sidebar\"><\/div><\/div><\/div><div id=\"custom_html-3\" class=\"widget_text widget widget_custom_html\"><h2 class=\"widget-title\">Grasrotandelen<\/h2><div class=\"textwidget custom-html-widget\"><a href=\"https:\/\/www.norsk-tipping.no\/grasrotandelen\/din-mottaker\/971059931\" target=\"_blank\" rel=\"noopener\"><img decoding=\"async\" alt=\"Grasrotandelen\" style=\"border:0px;\" src=\"https:\/\/tyrving.idrett.no\/10\/f\/files\/2021\/10\/grasrotandelen2021.jpg\"><\/a><\/div><\/div>\t\t<\/div>\n\t\t\t\t<\/div>\n\t\t\t\t\t<\/div>\n\t\t<\/div>\n\t\t\t\t\t\t\t<\/div>\n\t\t<\/section>\n\t\t\t\t\t\t\t<\/div>\n\t\t","protected":false},"excerpt":{"rendered":"Friidrettsforbundets terminliste 2025 \u00c5 delta p\u00e5 stevner er g\u00f8y og det bidrar til \u00e5 utvikle deg som friidrettsut\u00f8ver.&nbsp; Kanskje setter du ny personlig rekord?&nbsp; Nedenfor finner du NFIFs offisi&#8230;","protected":false},"author":44,"featured_media":0,"parent":0,"menu_order":0,"comment_status":"closed","ping_status":"closed","template":"elementor_canvas","meta":{"footnotes":""},"categories":[],"tags":[7869],"acf":[],"yoast_head":"<!-- This site is optimized with the Yoast SEO plugin v21.2 - https:\/\/yoast.com\/wordpress\/plugins\/seo\/ -->\n<title>Offisiell terminliste (NFIF) - Tyrving - Friidrett<\/title>\n<meta name=\"robots\" content=\"index, follow, max-snippet:-1, max-image-preview:large, max-video-preview:-1\" \/>\n<link rel=\"canonical\" href=\"https:\/\/tyrving.idrett.no\/10\/f\/stevnealderdatoarrangorpamelding-infopameldingsfrist-lopsstevne908-05-2025tyrving-illopsstevne-pamelding06-05-2025-kl-2100-holmenkollstafettenuttakelse10-05-2025tjalve\/\" \/>\n<meta property=\"og:locale\" content=\"nb_NO\" \/>\n<meta property=\"og:type\" content=\"article\" \/>\n<meta property=\"og:title\" content=\"Offisiell terminliste (NFIF) - Tyrving - Friidrett\" \/>\n<meta property=\"og:description\" content=\"Friidrettsforbundets terminliste 2025 \u00c5 delta p\u00e5 stevner er g\u00f8y og det bidrar til \u00e5 utvikle deg som friidrettsut\u00f8ver.&nbsp; Kanskje setter du ny personlig rekord?&nbsp; Nedenfor finner du NFIFs offisi...\" \/>\n<meta property=\"og:url\" content=\"https:\/\/tyrving.idrett.no\/10\/f\/stevnealderdatoarrangorpamelding-infopameldingsfrist-lopsstevne908-05-2025tyrving-illopsstevne-pamelding06-05-2025-kl-2100-holmenkollstafettenuttakelse10-05-2025tjalve\/\" \/>\n<meta property=\"og:site_name\" content=\"Tyrving - Friidrett\" \/>\n<meta property=\"article:modified_time\" content=\"2026-03-30T10:53:13+00:00\" \/>\n<meta property=\"og:image\" content=\"https:\/\/tyrving.idrett.no\/10\/f\/files\/elementor\/thumbs\/69378440_677835619363939_1555498392807800832_o-ocvoedsiefs4wgdidzd2lpfqfkiu8ua3ufj3dkmybk.jpg\" \/>\n<meta name=\"twitter:card\" content=\"summary_large_image\" \/>\n<meta name=\"twitter:label1\" content=\"Ansl. lesetid\" \/>\n\t<meta name=\"twitter:data1\" content=\"1 minutt\" \/>\n<script type=\"application\/ld+json\" class=\"yoast-schema-graph\">{\"@context\":\"https:\/\/schema.org\",\"@graph\":[{\"@type\":\"WebPage\",\"@id\":\"https:\/\/tyrving.idrett.no\/10\/f\/stevnealderdatoarrangorpamelding-infopameldingsfrist-lopsstevne908-05-2025tyrving-illopsstevne-pamelding06-05-2025-kl-2100-holmenkollstafettenuttakelse10-05-2025tjalve\/\",\"url\":\"https:\/\/tyrving.idrett.no\/10\/f\/stevnealderdatoarrangorpamelding-infopameldingsfrist-lopsstevne908-05-2025tyrving-illopsstevne-pamelding06-05-2025-kl-2100-holmenkollstafettenuttakelse10-05-2025tjalve\/\",\"name\":\"Offisiell terminliste (NFIF) - Tyrving - Friidrett\",\"isPartOf\":{\"@id\":\"https:\/\/tyrving.idrett.no\/10\/f\/#website\"},\"datePublished\":\"2021-11-10T14:18:44+00:00\",\"dateModified\":\"2026-03-30T10:53:13+00:00\",\"breadcrumb\":{\"@id\":\"https:\/\/tyrving.idrett.no\/10\/f\/stevnealderdatoarrangorpamelding-infopameldingsfrist-lopsstevne908-05-2025tyrving-illopsstevne-pamelding06-05-2025-kl-2100-holmenkollstafettenuttakelse10-05-2025tjalve\/#breadcrumb\"},\"inLanguage\":\"nb-NO\",\"potentialAction\":[{\"@type\":\"ReadAction\",\"target\":[\"https:\/\/tyrving.idrett.no\/10\/f\/stevnealderdatoarrangorpamelding-infopameldingsfrist-lopsstevne908-05-2025tyrving-illopsstevne-pamelding06-05-2025-kl-2100-holmenkollstafettenuttakelse10-05-2025tjalve\/\"]}]},{\"@type\":\"BreadcrumbList\",\"@id\":\"https:\/\/tyrving.idrett.no\/10\/f\/stevnealderdatoarrangorpamelding-infopameldingsfrist-lopsstevne908-05-2025tyrving-illopsstevne-pamelding06-05-2025-kl-2100-holmenkollstafettenuttakelse10-05-2025tjalve\/#breadcrumb\",\"itemListElement\":[{\"@type\":\"ListItem\",\"position\":1,\"name\":\"Hjem\",\"item\":\"https:\/\/tyrving.idrett.no\/10\/f\/\"},{\"@type\":\"ListItem\",\"position\":2,\"name\":\"Offisiell terminliste (NFIF)\"}]},{\"@type\":\"WebSite\",\"@id\":\"https:\/\/tyrving.idrett.no\/10\/f\/#website\",\"url\":\"https:\/\/tyrving.idrett.no\/10\/f\/\",\"name\":\"Tyrving - Friidrett\",\"description\":\"Friidrettsgruppa\",\"publisher\":{\"@id\":\"https:\/\/tyrving.idrett.no\/10\/f\/#organization\"},\"potentialAction\":[{\"@type\":\"SearchAction\",\"target\":{\"@type\":\"EntryPoint\",\"urlTemplate\":\"https:\/\/tyrving.idrett.no\/10\/f\/?s={search_term_string}\"},\"query-input\":\"required name=search_term_string\"}],\"inLanguage\":\"nb-NO\"},{\"@type\":\"Organization\",\"@id\":\"https:\/\/tyrving.idrett.no\/10\/f\/#organization\",\"name\":\"Tyrving Friidrettsgruppa\",\"url\":\"https:\/\/tyrving.idrett.no\/10\/f\/\",\"logo\":{\"@type\":\"ImageObject\",\"inLanguage\":\"nb-NO\",\"@id\":\"https:\/\/tyrving.idrett.no\/10\/f\/#\/schema\/logo\/image\/\",\"url\":\"https:\/\/tyrving.idrett.no\/10\/f\/files\/2019\/04\/Tyrving-Logo-Friidrett-2019.jpg\",\"contentUrl\":\"https:\/\/tyrving.idrett.no\/10\/f\/files\/2019\/04\/Tyrving-Logo-Friidrett-2019.jpg\",\"width\":460,\"height\":360,\"caption\":\"Tyrving Friidrettsgruppa\"},\"image\":{\"@id\":\"https:\/\/tyrving.idrett.no\/10\/f\/#\/schema\/logo\/image\/\"}}]}<\/script>\n<!-- \/ Yoast SEO plugin. -->","yoast_head_json":{"title":"Offisiell terminliste (NFIF) - Tyrving - Friidrett","robots":{"index":"index","follow":"follow","max-snippet":"max-snippet:-1","max-image-preview":"max-image-preview:large","max-video-preview":"max-video-preview:-1"},"canonical":"https:\/\/tyrving.idrett.no\/10\/f\/stevnealderdatoarrangorpamelding-infopameldingsfrist-lopsstevne908-05-2025tyrving-illopsstevne-pamelding06-05-2025-kl-2100-holmenkollstafettenuttakelse10-05-2025tjalve\/","og_locale":"nb_NO","og_type":"article","og_title":"Offisiell terminliste (NFIF) - Tyrving - Friidrett","og_description":"Friidrettsforbundets terminliste 2025 \u00c5 delta p\u00e5 stevner er g\u00f8y og det bidrar til \u00e5 utvikle deg som friidrettsut\u00f8ver.&nbsp; Kanskje setter du ny personlig rekord?&nbsp; Nedenfor finner du NFIFs offisi...","og_url":"https:\/\/tyrving.idrett.no\/10\/f\/stevnealderdatoarrangorpamelding-infopameldingsfrist-lopsstevne908-05-2025tyrving-illopsstevne-pamelding06-05-2025-kl-2100-holmenkollstafettenuttakelse10-05-2025tjalve\/","og_site_name":"Tyrving - Friidrett","article_modified_time":"2026-03-30T10:53:13+00:00","og_image":[{"url":"https:\/\/tyrving.idrett.no\/10\/f\/files\/elementor\/thumbs\/69378440_677835619363939_1555498392807800832_o-ocvoedsiefs4wgdidzd2lpfqfkiu8ua3ufj3dkmybk.jpg"}],"twitter_card":"summary_large_image","twitter_misc":{"Ansl. lesetid":"1 minutt"},"schema":{"@context":"https:\/\/schema.org","@graph":[{"@type":"WebPage","@id":"https:\/\/tyrving.idrett.no\/10\/f\/stevnealderdatoarrangorpamelding-infopameldingsfrist-lopsstevne908-05-2025tyrving-illopsstevne-pamelding06-05-2025-kl-2100-holmenkollstafettenuttakelse10-05-2025tjalve\/","url":"https:\/\/tyrving.idrett.no\/10\/f\/stevnealderdatoarrangorpamelding-infopameldingsfrist-lopsstevne908-05-2025tyrving-illopsstevne-pamelding06-05-2025-kl-2100-holmenkollstafettenuttakelse10-05-2025tjalve\/","name":"Offisiell terminliste (NFIF) - Tyrving - Friidrett","isPartOf":{"@id":"https:\/\/tyrving.idrett.no\/10\/f\/#website"},"datePublished":"2021-11-10T14:18:44+00:00","dateModified":"2026-03-30T10:53:13+00:00","breadcrumb":{"@id":"https:\/\/tyrving.idrett.no\/10\/f\/stevnealderdatoarrangorpamelding-infopameldingsfrist-lopsstevne908-05-2025tyrving-illopsstevne-pamelding06-05-2025-kl-2100-holmenkollstafettenuttakelse10-05-2025tjalve\/#breadcrumb"},"inLanguage":"nb-NO","potentialAction":[{"@type":"ReadAction","target":["https:\/\/tyrving.idrett.no\/10\/f\/stevnealderdatoarrangorpamelding-infopameldingsfrist-lopsstevne908-05-2025tyrving-illopsstevne-pamelding06-05-2025-kl-2100-holmenkollstafettenuttakelse10-05-2025tjalve\/"]}]},{"@type":"BreadcrumbList","@id":"https:\/\/tyrving.idrett.no\/10\/f\/stevnealderdatoarrangorpamelding-infopameldingsfrist-lopsstevne908-05-2025tyrving-illopsstevne-pamelding06-05-2025-kl-2100-holmenkollstafettenuttakelse10-05-2025tjalve\/#breadcrumb","itemListElement":[{"@type":"ListItem","position":1,"name":"Hjem","item":"https:\/\/tyrving.idrett.no\/10\/f\/"},{"@type":"ListItem","position":2,"name":"Offisiell terminliste (NFIF)"}]},{"@type":"WebSite","@id":"https:\/\/tyrving.idrett.no\/10\/f\/#website","url":"https:\/\/tyrving.idrett.no\/10\/f\/","name":"Tyrving - Friidrett","description":"Friidrettsgruppa","publisher":{"@id":"https:\/\/tyrving.idrett.no\/10\/f\/#organization"},"potentialAction":[{"@type":"SearchAction","target":{"@type":"EntryPoint","urlTemplate":"https:\/\/tyrving.idrett.no\/10\/f\/?s={search_term_string}"},"query-input":"required name=search_term_string"}],"inLanguage":"nb-NO"},{"@type":"Organization","@id":"https:\/\/tyrving.idrett.no\/10\/f\/#organization","name":"Tyrving Friidrettsgruppa","url":"https:\/\/tyrving.idrett.no\/10\/f\/","logo":{"@type":"ImageObject","inLanguage":"nb-NO","@id":"https:\/\/tyrving.idrett.no\/10\/f\/#\/schema\/logo\/image\/","url":"https:\/\/tyrving.idrett.no\/10\/f\/files\/2019\/04\/Tyrving-Logo-Friidrett-2019.jpg","contentUrl":"https:\/\/tyrving.idrett.no\/10\/f\/files\/2019\/04\/Tyrving-Logo-Friidrett-2019.jpg","width":460,"height":360,"caption":"Tyrving Friidrettsgruppa"},"image":{"@id":"https:\/\/tyrving.idrett.no\/10\/f\/#\/schema\/logo\/image\/"}}]}},"jetpack_sharing_enabled":true,"_links":{"self":[{"href":"https:\/\/tyrving.idrett.no\/10\/f\/wp-json\/wp\/v2\/pages\/21789"}],"collection":[{"href":"https:\/\/tyrving.idrett.no\/10\/f\/wp-json\/wp\/v2\/pages"}],"about":[{"href":"https:\/\/tyrving.idrett.no\/10\/f\/wp-json\/wp\/v2\/types\/page"}],"author":[{"embeddable":true,"href":"https:\/\/tyrving.idrett.no\/10\/f\/wp-json\/wp\/v2\/users\/44"}],"replies":[{"embeddable":true,"href":"https:\/\/tyrving.idrett.no\/10\/f\/wp-json\/wp\/v2\/comments?post=21789"}],"version-history":[{"count":33,"href":"https:\/\/tyrving.idrett.no\/10\/f\/wp-json\/wp\/v2\/pages\/21789\/revisions"}],"predecessor-version":[{"id":28372,"href":"https:\/\/tyrving.idrett.no\/10\/f\/wp-json\/wp\/v2\/pages\/21789\/revisions\/28372"}],"wp:attachment":[{"href":"https:\/\/tyrving.idrett.no\/10\/f\/wp-json\/wp\/v2\/media?parent=21789"}],"wp:term":[{"taxonomy":"category","embeddable":true,"href":"https:\/\/tyrving.idrett.no\/10\/f\/wp-json\/wp\/v2\/categories?post=21789"},{"taxonomy":"post_tag","embeddable":true,"href":"https:\/\/tyrving.idrett.no\/10\/f\/wp-json\/wp\/v2\/tags?post=21789"}],"curies":[{"name":"wp","href":"https:\/\/api.w.org\/{rel}","templated":true}]}}