{"id":21826,"date":"2021-11-11T11:10:34","date_gmt":"2021-11-11T10:10:34","guid":{"rendered":"https:\/\/tyrving.idrett.no\/10\/f\/?page_id=21826"},"modified":"2024-05-27T12:24:53","modified_gmt":"2024-05-27T10:24:53","slug":"obos-fornebulopet","status":"publish","type":"page","link":"https:\/\/tyrving.idrett.no\/10\/f\/obos-fornebulopet\/","title":{"rendered":"OBOS Fornebul\u00f8pet"},"content":{"rendered":"\t\t<div data-elementor-type=\"wp-page\" data-elementor-id=\"21826\" class=\"elementor elementor-21826\" data-elementor-post-type=\"page\">\n\t\t\t\t\t\t\t\t\t<section class=\"elementor-section elementor-top-section elementor-element elementor-element-3c9f340 elementor-section-boxed elementor-section-height-default elementor-section-height-default\" data-id=\"3c9f340\" data-element_type=\"section\">\n\t\t\t\t\t\t<div class=\"elementor-container elementor-column-gap-extended\">\n\t\t\t\t\t<div class=\"elementor-column elementor-col-50 elementor-top-column elementor-element elementor-element-c25b081\" data-id=\"c25b081\" data-element_type=\"column\" data-settings=\"{&quot;background_background&quot;:&quot;classic&quot;}\">\n\t\t\t<div class=\"elementor-widget-wrap elementor-element-populated\">\n\t\t\t\t\t\t\t\t<div class=\"elementor-element elementor-element-5bf3d06 elementor-widget elementor-widget-heading\" data-id=\"5bf3d06\" data-element_type=\"widget\" data-widget_type=\"heading.default\">\n\t\t\t\t<div class=\"elementor-widget-container\">\n\t\t\t<h2 class=\"elementor-heading-title elementor-size-xl\">OBOS Fornebul\u00f8pet<\/h2>\t\t<\/div>\n\t\t\t\t<\/div>\n\t\t\t\t<div class=\"elementor-element elementor-element-3ad4b0b elementor-widget elementor-widget-image\" data-id=\"3ad4b0b\" data-element_type=\"widget\" data-widget_type=\"image.default\">\n\t\t\t\t<div class=\"elementor-widget-container\">\n\t\t\t\t\t\t\t\t\t\t\t\t\t\t\t<img decoding=\"async\" loading=\"lazy\" width=\"1024\" height=\"446\" src=\"https:\/\/tyrving.idrett.no\/10\/f\/files\/2019\/05\/fornebu-1024x446.png\" class=\"attachment-large size-large wp-image-18807\" alt=\"\" srcset=\"https:\/\/tyrving.idrett.no\/10\/f\/files\/2019\/05\/fornebu.png 1024w, https:\/\/tyrving.idrett.no\/10\/f\/files\/2019\/05\/fornebu-300x131.png 300w, https:\/\/tyrving.idrett.no\/10\/f\/files\/2019\/05\/fornebu-768x335.png 768w, https:\/\/tyrving.idrett.no\/10\/f\/files\/2019\/05\/fornebu-600x261.png 600w\" sizes=\"(max-width: 1024px) 100vw, 1024px\" \/>\t\t\t\t\t\t\t\t\t\t\t\t\t\t\t<\/div>\n\t\t\t\t<\/div>\n\t\t\t\t<div class=\"elementor-element elementor-element-3ca2f84 elementor-widget elementor-widget-text-editor\" data-id=\"3ca2f84\" data-element_type=\"widget\" data-widget_type=\"text-editor.default\">\n\t\t\t\t<div class=\"elementor-widget-container\">\n\t\t\t\t\t\t\t<div class=\"entry\">\n<p>Tyrving arrangerer OBOS Fornebul\u00f8pet sammen med Snar\u00f8ya Sportsklubb og Friidrettens venner.<br>Mer om Fornebul\u00f8pet her: <a href=\"https:\/\/fornebulopet.no\/\">Fornebul\u00f8pet (fornebulopet.no)<\/a><\/p>\n<p><strong>Oppgaver<br><\/strong>Alle arrang\u00f8rer stiller med dugnadspersonell til OBOS Fornebul\u00f8pet.<br>Tyrving har i hovedsak personell til pakking av startnr, barnel\u00f8pet og l\u00f8ypevakter p\u00e5 3km, 5km og 10km (totalt ca 55&nbsp;pers).<\/p>\n<p><strong>Tyrving dekker startkontigent&nbsp;for&nbsp;ut\u00f8vere i friidrettsgruppen<br><\/strong>Alle ut\u00f8vere&nbsp;i Tyrvings friidrettsgruppen som er med p\u00e5 utesesongen (dvs betaler treningsavgift)&nbsp;f\u00e5r dekket startkontigent til OBOS Fornebul\u00f8pet,&nbsp;forutsatt at de melder seg p\u00e5 iht fremgangm\u00e5ten nederst p\u00e5 denne siden.<\/p>\n<p>NB! Tyrving dekker kun startkontigent, ikke lisens.<br>De som har friidrettsforbundets hel\u00e5rslisens (obligatorisk for ut\u00f8vere fra 13\u00e5r og tidligere) slipper \u00e5 betale engangslisens (kun friidrettforbundets hel\u00e5rslisens gjelder, ikke lisens for andre idretter).<br>Engangslisens for alle andre f\u00f8dt 2011 og tidligere faktureres med kr 30 pr deltaker.<\/p>\n<p><strong>P\u00e5meldingsfrist for at Tyrving skal dekke startkontigent<br><\/strong>P\u00e5meldinger godtas s\u00e5 langt det er startnr.<\/p>\n<p><strong>Fremgangsm\u00e5te p\u00e5melding<br><\/strong>1. G\u00e5 til denne linken: <a href=\"https:\/\/signup.eqtiming.com\/paamelding\/obos-fornebuloepet-2024\/g295.39229?event=fornebulopet\">Obos Fornebul\u00f8pet 2024 (eqtiming.com)<\/a><strong><br><\/strong><\/p>\n<p>2. Velg distanse og trykk p\u00e5 handlekurv&nbsp;<\/p>\n<p>3. Velg &laquo;Fortsett uten \u00e5 logge inn&raquo;&nbsp;<\/p>\n<p>4. Fyll ut de n\u00f8dvendige opplysningene&nbsp;<\/p>\n<p>5. I feltet &laquo;<b>Rabattkode<\/b>&raquo; fyller du inn &laquo;24tyrv&raquo;&nbsp;<\/p>\n<p>6. Fullf\u00f8r instruksjonen og du er p\u00e5meldt.&nbsp;<\/p>\n<p><img decoding=\"async\" loading=\"lazy\" class=\"alignnone wp-image-23446\" src=\"https:\/\/tyrving.idrett.no\/10\/f\/files\/2022\/05\/fortsett-uten-a-logge-inn-300x268.png\" alt=\"\" width=\"431\" height=\"385\" srcset=\"https:\/\/tyrving.idrett.no\/10\/f\/files\/2022\/05\/fortsett-uten-a-logge-inn-300x268.png 300w, https:\/\/tyrving.idrett.no\/10\/f\/files\/2022\/05\/fortsett-uten-a-logge-inn-1024x913.png 1024w, https:\/\/tyrving.idrett.no\/10\/f\/files\/2022\/05\/fortsett-uten-a-logge-inn-768x685.png 768w, https:\/\/tyrving.idrett.no\/10\/f\/files\/2022\/05\/fortsett-uten-a-logge-inn-600x535.png 600w, https:\/\/tyrving.idrett.no\/10\/f\/files\/2022\/05\/fortsett-uten-a-logge-inn-1536x1370.png 1536w, https:\/\/tyrving.idrett.no\/10\/f\/files\/2022\/05\/fortsett-uten-a-logge-inn-2048x1827.png 2048w\" sizes=\"(max-width: 431px) 100vw, 431px\" \/> <img decoding=\"async\" loading=\"lazy\" class=\"alignnone wp-image-23447\" src=\"https:\/\/tyrving.idrett.no\/10\/f\/files\/2022\/05\/fyll-inn-rabattkode-300x268.png\" alt=\"\" width=\"428\" height=\"382\" srcset=\"https:\/\/tyrving.idrett.no\/10\/f\/files\/2022\/05\/fyll-inn-rabattkode-300x268.png 300w, https:\/\/tyrving.idrett.no\/10\/f\/files\/2022\/05\/fyll-inn-rabattkode-1024x915.png 1024w, https:\/\/tyrving.idrett.no\/10\/f\/files\/2022\/05\/fyll-inn-rabattkode-768x686.png 768w, https:\/\/tyrving.idrett.no\/10\/f\/files\/2022\/05\/fyll-inn-rabattkode-600x536.png 600w, https:\/\/tyrving.idrett.no\/10\/f\/files\/2022\/05\/fyll-inn-rabattkode-1536x1373.png 1536w, https:\/\/tyrving.idrett.no\/10\/f\/files\/2022\/05\/fyll-inn-rabattkode-2048x1830.png 2048w\" sizes=\"(max-width: 428px) 100vw, 428px\" \/>&nbsp;<\/p>\n<\/div>\t\t\t\t\t\t<\/div>\n\t\t\t\t<\/div>\n\t\t\t\t<div class=\"elementor-element elementor-element-10e6b2e elementor-widget elementor-widget-spacer\" data-id=\"10e6b2e\" data-element_type=\"widget\" data-widget_type=\"spacer.default\">\n\t\t\t\t<div class=\"elementor-widget-container\">\n\t\t\t\t\t<div class=\"elementor-spacer\">\n\t\t\t<div class=\"elementor-spacer-inner\"><\/div>\n\t\t<\/div>\n\t\t\t\t<\/div>\n\t\t\t\t<\/div>\n\t\t\t\t\t<\/div>\n\t\t<\/div>\n\t\t\t\t<div class=\"elementor-column elementor-col-50 elementor-top-column elementor-element elementor-element-d8a9561\" data-id=\"d8a9561\" data-element_type=\"column\" data-settings=\"{&quot;background_background&quot;:&quot;classic&quot;}\">\n\t\t\t<div class=\"elementor-widget-wrap elementor-element-populated\">\n\t\t\t\t\t\t\t\t<div class=\"elementor-element elementor-element-428d272 sidekolonne elementor-widget elementor-widget-sidebar\" data-id=\"428d272\" data-element_type=\"widget\" data-widget_type=\"sidebar.default\">\n\t\t\t\t<div class=\"elementor-widget-container\">\n\t\t\t<div id=\"custom_html-9\" class=\"widget_text widget widget_custom_html\"><div class=\"textwidget custom-html-widget\"><div class=\"elementor-element elementor-element-3960326 elementor-align-center forsideknapp elementor-widget elementor-widget-button\" data-id=\"3960326\" data-element_type=\"widget\" data-widget_type=\"button.default\">\r\n    <div class=\"elementor-widget-container\">\r\n        <div class=\"elementor-button-wrapper\">\r\n            <a href=\"https:\/\/tyrving.idrett.no\/10\/f\/bli-medlem-i-tyrving\/\" class=\"elementor-button-link elementor-button elementor-size-md\" role=\"button\">\r\n            <span class=\"elementor-button-content-wrapper\">\r\n            <span class=\"elementor-button-text\">Bli medlem<\/span>\r\n            <\/span>\r\n            <\/a>\r\n        <\/div>\r\n    <\/div>\r\n<\/div>\r\n<div class=\"elementor-element elementor-element-ad5d130 elementor-align-center forsideknapp elementor-widget elementor-widget-button\" data-id=\"ad5d130\" data-element_type=\"widget\" data-widget_type=\"button.default\">\r\n    <div class=\"elementor-widget-container\">\r\n        <div class=\"elementor-button-wrapper\">\r\n            <a href=\"https:\/\/tyrving.ourwear.shop\/\" target=\"_blank\" class=\"elementor-button elementor-size-md\" role=\"button\" rel=\"noopener\">\r\n            <span class=\"elementor-button-content-wrapper\">\r\n            <span class=\"elementor-button-text\">Microshop<\/span>\r\n            <\/span>\r\n            <\/a>\r\n        <\/div>\r\n    <\/div>\r\n<\/div><\/div><\/div><div id=\"custom_html-8\" class=\"widget_text widget widget_custom_html\"><h2 class=\"widget-title\">Kommende hendelser<\/h2><div class=\"textwidget custom-html-widget\"><div id=\"klubbkalender-sidebar\"><\/div><\/div><\/div><div id=\"custom_html-3\" class=\"widget_text widget widget_custom_html\"><h2 class=\"widget-title\">Grasrotandelen<\/h2><div class=\"textwidget custom-html-widget\"><a href=\"https:\/\/www.norsk-tipping.no\/grasrotandelen\/din-mottaker\/971059931\" target=\"_blank\" rel=\"noopener\"><img decoding=\"async\" alt=\"Grasrotandelen\" style=\"border:0px;\" src=\"https:\/\/tyrving.idrett.no\/10\/f\/files\/2021\/10\/grasrotandelen2021.jpg\"><\/a><\/div><\/div>\t\t<\/div>\n\t\t\t\t<\/div>\n\t\t\t\t\t<\/div>\n\t\t<\/div>\n\t\t\t\t\t\t\t<\/div>\n\t\t<\/section>\n\t\t\t\t\t\t\t<\/div>\n\t\t","protected":false},"excerpt":{"rendered":"OBOS Fornebul\u00f8pet Tyrving arrangerer OBOS Fornebul\u00f8pet sammen med Snar\u00f8ya Sportsklubb og Friidrettens venner.Mer om Fornebul\u00f8pet her: Fornebul\u00f8pet (fornebulopet.no) OppgaverAlle arrang\u00f8rer stiller med&#8230;","protected":false},"author":44,"featured_media":0,"parent":0,"menu_order":0,"comment_status":"closed","ping_status":"closed","template":"elementor_canvas","meta":{"footnotes":""},"categories":[],"tags":[7869],"acf":[],"yoast_head":"<!-- This site is optimized with the Yoast SEO plugin v21.2 - https:\/\/yoast.com\/wordpress\/plugins\/seo\/ -->\n<title>OBOS Fornebul\u00f8pet - Tyrving - Friidrett<\/title>\n<meta name=\"robots\" content=\"index, follow, max-snippet:-1, max-image-preview:large, max-video-preview:-1\" \/>\n<link rel=\"canonical\" href=\"https:\/\/tyrving.idrett.no\/10\/f\/obos-fornebulopet\/\" \/>\n<meta property=\"og:locale\" content=\"nb_NO\" \/>\n<meta property=\"og:type\" content=\"article\" \/>\n<meta property=\"og:title\" content=\"OBOS Fornebul\u00f8pet - Tyrving - Friidrett\" \/>\n<meta property=\"og:description\" content=\"OBOS Fornebul\u00f8pet Tyrving arrangerer OBOS Fornebul\u00f8pet sammen med Snar\u00f8ya Sportsklubb og Friidrettens venner.Mer om Fornebul\u00f8pet her: Fornebul\u00f8pet (fornebulopet.no) OppgaverAlle arrang\u00f8rer stiller med...\" \/>\n<meta property=\"og:url\" content=\"https:\/\/tyrving.idrett.no\/10\/f\/obos-fornebulopet\/\" \/>\n<meta property=\"og:site_name\" content=\"Tyrving - Friidrett\" \/>\n<meta property=\"article:modified_time\" content=\"2024-05-27T10:24:53+00:00\" \/>\n<meta property=\"og:image\" content=\"https:\/\/tyrving.idrett.no\/10\/f\/files\/2019\/05\/fornebu-1024x446.png\" \/>\n<meta name=\"twitter:card\" content=\"summary_large_image\" \/>\n<meta name=\"twitter:label1\" content=\"Ansl. lesetid\" \/>\n\t<meta name=\"twitter:data1\" content=\"2 minutter\" \/>\n<script type=\"application\/ld+json\" class=\"yoast-schema-graph\">{\"@context\":\"https:\/\/schema.org\",\"@graph\":[{\"@type\":\"WebPage\",\"@id\":\"https:\/\/tyrving.idrett.no\/10\/f\/obos-fornebulopet\/\",\"url\":\"https:\/\/tyrving.idrett.no\/10\/f\/obos-fornebulopet\/\",\"name\":\"OBOS Fornebul\u00f8pet - Tyrving - Friidrett\",\"isPartOf\":{\"@id\":\"https:\/\/tyrving.idrett.no\/10\/f\/#website\"},\"datePublished\":\"2021-11-11T10:10:34+00:00\",\"dateModified\":\"2024-05-27T10:24:53+00:00\",\"breadcrumb\":{\"@id\":\"https:\/\/tyrving.idrett.no\/10\/f\/obos-fornebulopet\/#breadcrumb\"},\"inLanguage\":\"nb-NO\",\"potentialAction\":[{\"@type\":\"ReadAction\",\"target\":[\"https:\/\/tyrving.idrett.no\/10\/f\/obos-fornebulopet\/\"]}]},{\"@type\":\"BreadcrumbList\",\"@id\":\"https:\/\/tyrving.idrett.no\/10\/f\/obos-fornebulopet\/#breadcrumb\",\"itemListElement\":[{\"@type\":\"ListItem\",\"position\":1,\"name\":\"Hjem\",\"item\":\"https:\/\/tyrving.idrett.no\/10\/f\/\"},{\"@type\":\"ListItem\",\"position\":2,\"name\":\"OBOS Fornebul\u00f8pet\"}]},{\"@type\":\"WebSite\",\"@id\":\"https:\/\/tyrving.idrett.no\/10\/f\/#website\",\"url\":\"https:\/\/tyrving.idrett.no\/10\/f\/\",\"name\":\"Tyrving - Friidrett\",\"description\":\"Friidrettsgruppa\",\"publisher\":{\"@id\":\"https:\/\/tyrving.idrett.no\/10\/f\/#organization\"},\"potentialAction\":[{\"@type\":\"SearchAction\",\"target\":{\"@type\":\"EntryPoint\",\"urlTemplate\":\"https:\/\/tyrving.idrett.no\/10\/f\/?s={search_term_string}\"},\"query-input\":\"required name=search_term_string\"}],\"inLanguage\":\"nb-NO\"},{\"@type\":\"Organization\",\"@id\":\"https:\/\/tyrving.idrett.no\/10\/f\/#organization\",\"name\":\"Tyrving Friidrettsgruppa\",\"url\":\"https:\/\/tyrving.idrett.no\/10\/f\/\",\"logo\":{\"@type\":\"ImageObject\",\"inLanguage\":\"nb-NO\",\"@id\":\"https:\/\/tyrving.idrett.no\/10\/f\/#\/schema\/logo\/image\/\",\"url\":\"https:\/\/tyrving.idrett.no\/10\/f\/files\/2019\/04\/Tyrving-Logo-Friidrett-2019.jpg\",\"contentUrl\":\"https:\/\/tyrving.idrett.no\/10\/f\/files\/2019\/04\/Tyrving-Logo-Friidrett-2019.jpg\",\"width\":460,\"height\":360,\"caption\":\"Tyrving Friidrettsgruppa\"},\"image\":{\"@id\":\"https:\/\/tyrving.idrett.no\/10\/f\/#\/schema\/logo\/image\/\"}}]}<\/script>\n<!-- \/ Yoast SEO plugin. -->","yoast_head_json":{"title":"OBOS Fornebul\u00f8pet - Tyrving - Friidrett","robots":{"index":"index","follow":"follow","max-snippet":"max-snippet:-1","max-image-preview":"max-image-preview:large","max-video-preview":"max-video-preview:-1"},"canonical":"https:\/\/tyrving.idrett.no\/10\/f\/obos-fornebulopet\/","og_locale":"nb_NO","og_type":"article","og_title":"OBOS Fornebul\u00f8pet - Tyrving - Friidrett","og_description":"OBOS Fornebul\u00f8pet Tyrving arrangerer OBOS Fornebul\u00f8pet sammen med Snar\u00f8ya Sportsklubb og Friidrettens venner.Mer om Fornebul\u00f8pet her: Fornebul\u00f8pet (fornebulopet.no) OppgaverAlle arrang\u00f8rer stiller med...","og_url":"https:\/\/tyrving.idrett.no\/10\/f\/obos-fornebulopet\/","og_site_name":"Tyrving - Friidrett","article_modified_time":"2024-05-27T10:24:53+00:00","og_image":[{"url":"https:\/\/tyrving.idrett.no\/10\/f\/files\/2019\/05\/fornebu-1024x446.png"}],"twitter_card":"summary_large_image","twitter_misc":{"Ansl. lesetid":"2 minutter"},"schema":{"@context":"https:\/\/schema.org","@graph":[{"@type":"WebPage","@id":"https:\/\/tyrving.idrett.no\/10\/f\/obos-fornebulopet\/","url":"https:\/\/tyrving.idrett.no\/10\/f\/obos-fornebulopet\/","name":"OBOS Fornebul\u00f8pet - Tyrving - Friidrett","isPartOf":{"@id":"https:\/\/tyrving.idrett.no\/10\/f\/#website"},"datePublished":"2021-11-11T10:10:34+00:00","dateModified":"2024-05-27T10:24:53+00:00","breadcrumb":{"@id":"https:\/\/tyrving.idrett.no\/10\/f\/obos-fornebulopet\/#breadcrumb"},"inLanguage":"nb-NO","potentialAction":[{"@type":"ReadAction","target":["https:\/\/tyrving.idrett.no\/10\/f\/obos-fornebulopet\/"]}]},{"@type":"BreadcrumbList","@id":"https:\/\/tyrving.idrett.no\/10\/f\/obos-fornebulopet\/#breadcrumb","itemListElement":[{"@type":"ListItem","position":1,"name":"Hjem","item":"https:\/\/tyrving.idrett.no\/10\/f\/"},{"@type":"ListItem","position":2,"name":"OBOS Fornebul\u00f8pet"}]},{"@type":"WebSite","@id":"https:\/\/tyrving.idrett.no\/10\/f\/#website","url":"https:\/\/tyrving.idrett.no\/10\/f\/","name":"Tyrving - Friidrett","description":"Friidrettsgruppa","publisher":{"@id":"https:\/\/tyrving.idrett.no\/10\/f\/#organization"},"potentialAction":[{"@type":"SearchAction","target":{"@type":"EntryPoint","urlTemplate":"https:\/\/tyrving.idrett.no\/10\/f\/?s={search_term_string}"},"query-input":"required name=search_term_string"}],"inLanguage":"nb-NO"},{"@type":"Organization","@id":"https:\/\/tyrving.idrett.no\/10\/f\/#organization","name":"Tyrving Friidrettsgruppa","url":"https:\/\/tyrving.idrett.no\/10\/f\/","logo":{"@type":"ImageObject","inLanguage":"nb-NO","@id":"https:\/\/tyrving.idrett.no\/10\/f\/#\/schema\/logo\/image\/","url":"https:\/\/tyrving.idrett.no\/10\/f\/files\/2019\/04\/Tyrving-Logo-Friidrett-2019.jpg","contentUrl":"https:\/\/tyrving.idrett.no\/10\/f\/files\/2019\/04\/Tyrving-Logo-Friidrett-2019.jpg","width":460,"height":360,"caption":"Tyrving Friidrettsgruppa"},"image":{"@id":"https:\/\/tyrving.idrett.no\/10\/f\/#\/schema\/logo\/image\/"}}]}},"jetpack_sharing_enabled":true,"_links":{"self":[{"href":"https:\/\/tyrving.idrett.no\/10\/f\/wp-json\/wp\/v2\/pages\/21826"}],"collection":[{"href":"https:\/\/tyrving.idrett.no\/10\/f\/wp-json\/wp\/v2\/pages"}],"about":[{"href":"https:\/\/tyrving.idrett.no\/10\/f\/wp-json\/wp\/v2\/types\/page"}],"author":[{"embeddable":true,"href":"https:\/\/tyrving.idrett.no\/10\/f\/wp-json\/wp\/v2\/users\/44"}],"replies":[{"embeddable":true,"href":"https:\/\/tyrving.idrett.no\/10\/f\/wp-json\/wp\/v2\/comments?post=21826"}],"version-history":[{"count":22,"href":"https:\/\/tyrving.idrett.no\/10\/f\/wp-json\/wp\/v2\/pages\/21826\/revisions"}],"predecessor-version":[{"id":26192,"href":"https:\/\/tyrving.idrett.no\/10\/f\/wp-json\/wp\/v2\/pages\/21826\/revisions\/26192"}],"wp:attachment":[{"href":"https:\/\/tyrving.idrett.no\/10\/f\/wp-json\/wp\/v2\/media?parent=21826"}],"wp:term":[{"taxonomy":"category","embeddable":true,"href":"https:\/\/tyrving.idrett.no\/10\/f\/wp-json\/wp\/v2\/categories?post=21826"},{"taxonomy":"post_tag","embeddable":true,"href":"https:\/\/tyrving.idrett.no\/10\/f\/wp-json\/wp\/v2\/tags?post=21826"}],"curies":[{"name":"wp","href":"https:\/\/api.w.org\/{rel}","templated":true}]}}