{"id":21831,"date":"2021-11-11T11:17:55","date_gmt":"2021-11-11T10:17:55","guid":{"rendered":"https:\/\/tyrving.idrett.no\/10\/f\/?page_id=21831"},"modified":"2024-08-21T20:48:35","modified_gmt":"2024-08-21T18:48:35","slug":"bip-lopet","status":"publish","type":"page","link":"https:\/\/tyrving.idrett.no\/10\/f\/bip-lopet\/","title":{"rendered":"BIP-l\u00f8pet"},"content":{"rendered":"<h1>BIP-l\u00f8pet 21. august<\/h1>\n<p><img decoding=\"async\" loading=\"lazy\" class=\"alignnone size-medium wp-image-26461\" src=\"https:\/\/tyrving.idrett.no\/10\/f\/files\/2024\/08\/image2-225x300.jpeg\" alt=\"\" width=\"225\" height=\"300\" srcset=\"https:\/\/tyrving.idrett.no\/10\/f\/files\/2024\/08\/image2-225x300.jpeg 225w, https:\/\/tyrving.idrett.no\/10\/f\/files\/2024\/08\/image2-768x1024.jpeg 768w, https:\/\/tyrving.idrett.no\/10\/f\/files\/2024\/08\/image2-600x800.jpeg 600w, https:\/\/tyrving.idrett.no\/10\/f\/files\/2024\/08\/image2-1152x1536.jpeg 1152w, https:\/\/tyrving.idrett.no\/10\/f\/files\/2024\/08\/image2-1536x2048.jpeg 1536w, https:\/\/tyrving.idrett.no\/10\/f\/files\/2024\/08\/image2-scaled.jpeg 1920w\" sizes=\"(max-width: 225px) 100vw, 225px\" \/><img decoding=\"async\" loading=\"lazy\" class=\"alignnone size-medium wp-image-26463\" src=\"https:\/\/tyrving.idrett.no\/10\/f\/files\/2024\/08\/image0-1-225x300.jpeg\" alt=\"\" width=\"225\" height=\"300\" srcset=\"https:\/\/tyrving.idrett.no\/10\/f\/files\/2024\/08\/image0-1-225x300.jpeg 225w, https:\/\/tyrving.idrett.no\/10\/f\/files\/2024\/08\/image0-1-768x1024.jpeg 768w, https:\/\/tyrving.idrett.no\/10\/f\/files\/2024\/08\/image0-1-600x800.jpeg 600w, https:\/\/tyrving.idrett.no\/10\/f\/files\/2024\/08\/image0-1-1152x1536.jpeg 1152w, https:\/\/tyrving.idrett.no\/10\/f\/files\/2024\/08\/image0-1-rotated.jpeg 1512w\" sizes=\"(max-width: 225px) 100vw, 225px\" \/> <img decoding=\"async\" loading=\"lazy\" class=\"alignnone size-medium wp-image-26464\" src=\"https:\/\/tyrving.idrett.no\/10\/f\/files\/2024\/08\/image2-1-225x300.jpeg\" alt=\"\" width=\"225\" height=\"300\" srcset=\"https:\/\/tyrving.idrett.no\/10\/f\/files\/2024\/08\/image2-1-225x300.jpeg 225w, https:\/\/tyrving.idrett.no\/10\/f\/files\/2024\/08\/image2-1-768x1024.jpeg 768w, https:\/\/tyrving.idrett.no\/10\/f\/files\/2024\/08\/image2-1-600x800.jpeg 600w, https:\/\/tyrving.idrett.no\/10\/f\/files\/2024\/08\/image2-1-1152x1536.jpeg 1152w, https:\/\/tyrving.idrett.no\/10\/f\/files\/2024\/08\/image2-1-rotated.jpeg 1512w\" sizes=\"(max-width: 225px) 100vw, 225px\" \/><\/p>\n<p>Meld deg p\u00e5 v\u00e5rt nye mosjonsl\u00f8p &#8211; BIP-l\u00f8pet som arrangeres 21. august.\u00a0 L\u00f8pet har start og m\u00e5l p\u00e5 nye B\u00e6rum Idrettspark friidrettsstadion, og g\u00e5r p\u00e5 en rask og flat trase p\u00e5 veier og gangveier rundt stadion.\u00a0 EQ-timing har\u00a0 kontrollm\u00e5lt l\u00f8ypa.<\/p>\n<p>Klikk <strong><a href=\"https:\/\/connect.garmin.com\/modern\/course\/165082642\">HER<\/a><\/strong> for \u00e5 se l\u00f8ypeprofilen.<\/p>\n<p>P\u00e5meldingen skjer via denne linken hos EQ-timing:\u00a0 <strong><a href=\"https:\/\/live.eqtiming.com\/70758#dashboard\">https:\/\/live.eqtiming.com\/70758#dashboard<\/a><\/strong><\/p>\n<p>Startnummerutdeling fra kl. 1730 p\u00e5 friidrettsstadion.\u00a0 L\u00f8pet starter kl. 1830 for samtlige klasser.<\/p>\n<p>Det blir utlodningspremier og medaljer!<\/p>\n<p><strong>Frist for p\u00e5melding til ordin\u00e6r startkontingent er 18. august:<\/strong><\/p>\n<ul>\n<li>5-15 \u00e5r kr 200.<\/li>\n<li>16 \u00e5r og eldre kr 400.<\/li>\n<\/ul>\n<p><strong>Etteranmelding innen l\u00f8psstart:<\/strong><\/p>\n<ul>\n<li>5-15 \u00e5r kr 300.<\/li>\n<li>16 \u00e5r og eldre kr 500.<\/li>\n<\/ul>\n<p>&nbsp;<\/p>\n<p>Tyrvingut\u00f8vere kan bruke koden &laquo;BVOAKT&raquo; for gratis p\u00e5melding.<\/p>\n<p>&nbsp;<\/p>\n<p>&nbsp;<\/p>\n<p><strong>Resultater :\u00a0 <a href=\"https:\/\/live.eqtiming.com\/70758#result\">BIP l\u00f8pet-2024 (eqtiming.com)<\/a><\/strong><\/p>\n<p>&nbsp;<\/p>\n<p>&nbsp;<\/p>\n","protected":false},"excerpt":{"rendered":"BIP-l\u00f8pet 21. august Meld deg p\u00e5 v\u00e5rt nye mosjonsl\u00f8p &#8211; BIP-l\u00f8pet som arrangeres 21. august.\u00a0 L\u00f8pet har start og m\u00e5l p\u00e5 nye B\u00e6rum Idrettspark friidrettsstadion, og g\u00e5r p\u00e5 en rask og flat trase p\u00e5&#8230;","protected":false},"author":48,"featured_media":26461,"parent":0,"menu_order":0,"comment_status":"closed","ping_status":"closed","template":"elementor_canvas","meta":{"footnotes":""},"categories":[],"tags":[7869],"acf":[],"yoast_head":"<!-- This site is optimized with the Yoast SEO plugin v21.2 - https:\/\/yoast.com\/wordpress\/plugins\/seo\/ -->\n<title>BIP-l\u00f8pet - Tyrving - Friidrett<\/title>\n<meta name=\"robots\" content=\"index, follow, max-snippet:-1, max-image-preview:large, max-video-preview:-1\" \/>\n<link rel=\"canonical\" href=\"https:\/\/tyrving.idrett.no\/10\/f\/bip-lopet\/\" \/>\n<meta property=\"og:locale\" content=\"nb_NO\" \/>\n<meta property=\"og:type\" content=\"article\" \/>\n<meta property=\"og:title\" content=\"BIP-l\u00f8pet - Tyrving - Friidrett\" \/>\n<meta property=\"og:description\" content=\"BIP-l\u00f8pet 21. august Meld deg p\u00e5 v\u00e5rt nye mosjonsl\u00f8p &#8211; BIP-l\u00f8pet som arrangeres 21. august.\u00a0 L\u00f8pet har start og m\u00e5l p\u00e5 nye B\u00e6rum Idrettspark friidrettsstadion, og g\u00e5r p\u00e5 en rask og flat trase p\u00e5...\" \/>\n<meta property=\"og:url\" content=\"https:\/\/tyrving.idrett.no\/10\/f\/bip-lopet\/\" \/>\n<meta property=\"og:site_name\" content=\"Tyrving - Friidrett\" \/>\n<meta property=\"article:modified_time\" content=\"2024-08-21T18:48:35+00:00\" \/>\n<meta property=\"og:image\" content=\"https:\/\/tyrving.idrett.no\/10\/f\/files\/2024\/08\/image2-scaled.jpeg\" \/>\n\t<meta property=\"og:image:width\" content=\"1920\" \/>\n\t<meta property=\"og:image:height\" content=\"2560\" \/>\n\t<meta property=\"og:image:type\" content=\"image\/jpeg\" \/>\n<meta name=\"twitter:card\" content=\"summary_large_image\" \/>\n<meta name=\"twitter:label1\" content=\"Ansl. lesetid\" \/>\n\t<meta name=\"twitter:data1\" content=\"2 minutter\" \/>\n<script type=\"application\/ld+json\" class=\"yoast-schema-graph\">{\"@context\":\"https:\/\/schema.org\",\"@graph\":[{\"@type\":\"WebPage\",\"@id\":\"https:\/\/tyrving.idrett.no\/10\/f\/bip-lopet\/\",\"url\":\"https:\/\/tyrving.idrett.no\/10\/f\/bip-lopet\/\",\"name\":\"BIP-l\u00f8pet - Tyrving - Friidrett\",\"isPartOf\":{\"@id\":\"https:\/\/tyrving.idrett.no\/10\/f\/#website\"},\"datePublished\":\"2021-11-11T10:17:55+00:00\",\"dateModified\":\"2024-08-21T18:48:35+00:00\",\"breadcrumb\":{\"@id\":\"https:\/\/tyrving.idrett.no\/10\/f\/bip-lopet\/#breadcrumb\"},\"inLanguage\":\"nb-NO\",\"potentialAction\":[{\"@type\":\"ReadAction\",\"target\":[\"https:\/\/tyrving.idrett.no\/10\/f\/bip-lopet\/\"]}]},{\"@type\":\"BreadcrumbList\",\"@id\":\"https:\/\/tyrving.idrett.no\/10\/f\/bip-lopet\/#breadcrumb\",\"itemListElement\":[{\"@type\":\"ListItem\",\"position\":1,\"name\":\"Hjem\",\"item\":\"https:\/\/tyrving.idrett.no\/10\/f\/\"},{\"@type\":\"ListItem\",\"position\":2,\"name\":\"BIP-l\u00f8pet\"}]},{\"@type\":\"WebSite\",\"@id\":\"https:\/\/tyrving.idrett.no\/10\/f\/#website\",\"url\":\"https:\/\/tyrving.idrett.no\/10\/f\/\",\"name\":\"Tyrving - Friidrett\",\"description\":\"Friidrettsgruppa\",\"publisher\":{\"@id\":\"https:\/\/tyrving.idrett.no\/10\/f\/#organization\"},\"potentialAction\":[{\"@type\":\"SearchAction\",\"target\":{\"@type\":\"EntryPoint\",\"urlTemplate\":\"https:\/\/tyrving.idrett.no\/10\/f\/?s={search_term_string}\"},\"query-input\":\"required name=search_term_string\"}],\"inLanguage\":\"nb-NO\"},{\"@type\":\"Organization\",\"@id\":\"https:\/\/tyrving.idrett.no\/10\/f\/#organization\",\"name\":\"Tyrving Friidrettsgruppa\",\"url\":\"https:\/\/tyrving.idrett.no\/10\/f\/\",\"logo\":{\"@type\":\"ImageObject\",\"inLanguage\":\"nb-NO\",\"@id\":\"https:\/\/tyrving.idrett.no\/10\/f\/#\/schema\/logo\/image\/\",\"url\":\"https:\/\/tyrving.idrett.no\/10\/f\/files\/2019\/04\/Tyrving-Logo-Friidrett-2019.jpg\",\"contentUrl\":\"https:\/\/tyrving.idrett.no\/10\/f\/files\/2019\/04\/Tyrving-Logo-Friidrett-2019.jpg\",\"width\":460,\"height\":360,\"caption\":\"Tyrving Friidrettsgruppa\"},\"image\":{\"@id\":\"https:\/\/tyrving.idrett.no\/10\/f\/#\/schema\/logo\/image\/\"}}]}<\/script>\n<!-- \/ Yoast SEO plugin. -->","yoast_head_json":{"title":"BIP-l\u00f8pet - Tyrving - Friidrett","robots":{"index":"index","follow":"follow","max-snippet":"max-snippet:-1","max-image-preview":"max-image-preview:large","max-video-preview":"max-video-preview:-1"},"canonical":"https:\/\/tyrving.idrett.no\/10\/f\/bip-lopet\/","og_locale":"nb_NO","og_type":"article","og_title":"BIP-l\u00f8pet - Tyrving - Friidrett","og_description":"BIP-l\u00f8pet 21. august Meld deg p\u00e5 v\u00e5rt nye mosjonsl\u00f8p &#8211; BIP-l\u00f8pet som arrangeres 21. august.\u00a0 L\u00f8pet har start og m\u00e5l p\u00e5 nye B\u00e6rum Idrettspark friidrettsstadion, og g\u00e5r p\u00e5 en rask og flat trase p\u00e5...","og_url":"https:\/\/tyrving.idrett.no\/10\/f\/bip-lopet\/","og_site_name":"Tyrving - Friidrett","article_modified_time":"2024-08-21T18:48:35+00:00","og_image":[{"width":1920,"height":2560,"url":"https:\/\/tyrving.idrett.no\/10\/f\/files\/2024\/08\/image2-scaled.jpeg","type":"image\/jpeg"}],"twitter_card":"summary_large_image","twitter_misc":{"Ansl. lesetid":"2 minutter"},"schema":{"@context":"https:\/\/schema.org","@graph":[{"@type":"WebPage","@id":"https:\/\/tyrving.idrett.no\/10\/f\/bip-lopet\/","url":"https:\/\/tyrving.idrett.no\/10\/f\/bip-lopet\/","name":"BIP-l\u00f8pet - Tyrving - Friidrett","isPartOf":{"@id":"https:\/\/tyrving.idrett.no\/10\/f\/#website"},"datePublished":"2021-11-11T10:17:55+00:00","dateModified":"2024-08-21T18:48:35+00:00","breadcrumb":{"@id":"https:\/\/tyrving.idrett.no\/10\/f\/bip-lopet\/#breadcrumb"},"inLanguage":"nb-NO","potentialAction":[{"@type":"ReadAction","target":["https:\/\/tyrving.idrett.no\/10\/f\/bip-lopet\/"]}]},{"@type":"BreadcrumbList","@id":"https:\/\/tyrving.idrett.no\/10\/f\/bip-lopet\/#breadcrumb","itemListElement":[{"@type":"ListItem","position":1,"name":"Hjem","item":"https:\/\/tyrving.idrett.no\/10\/f\/"},{"@type":"ListItem","position":2,"name":"BIP-l\u00f8pet"}]},{"@type":"WebSite","@id":"https:\/\/tyrving.idrett.no\/10\/f\/#website","url":"https:\/\/tyrving.idrett.no\/10\/f\/","name":"Tyrving - Friidrett","description":"Friidrettsgruppa","publisher":{"@id":"https:\/\/tyrving.idrett.no\/10\/f\/#organization"},"potentialAction":[{"@type":"SearchAction","target":{"@type":"EntryPoint","urlTemplate":"https:\/\/tyrving.idrett.no\/10\/f\/?s={search_term_string}"},"query-input":"required name=search_term_string"}],"inLanguage":"nb-NO"},{"@type":"Organization","@id":"https:\/\/tyrving.idrett.no\/10\/f\/#organization","name":"Tyrving Friidrettsgruppa","url":"https:\/\/tyrving.idrett.no\/10\/f\/","logo":{"@type":"ImageObject","inLanguage":"nb-NO","@id":"https:\/\/tyrving.idrett.no\/10\/f\/#\/schema\/logo\/image\/","url":"https:\/\/tyrving.idrett.no\/10\/f\/files\/2019\/04\/Tyrving-Logo-Friidrett-2019.jpg","contentUrl":"https:\/\/tyrving.idrett.no\/10\/f\/files\/2019\/04\/Tyrving-Logo-Friidrett-2019.jpg","width":460,"height":360,"caption":"Tyrving Friidrettsgruppa"},"image":{"@id":"https:\/\/tyrving.idrett.no\/10\/f\/#\/schema\/logo\/image\/"}}]}},"jetpack_sharing_enabled":true,"_links":{"self":[{"href":"https:\/\/tyrving.idrett.no\/10\/f\/wp-json\/wp\/v2\/pages\/21831"}],"collection":[{"href":"https:\/\/tyrving.idrett.no\/10\/f\/wp-json\/wp\/v2\/pages"}],"about":[{"href":"https:\/\/tyrving.idrett.no\/10\/f\/wp-json\/wp\/v2\/types\/page"}],"author":[{"embeddable":true,"href":"https:\/\/tyrving.idrett.no\/10\/f\/wp-json\/wp\/v2\/users\/48"}],"replies":[{"embeddable":true,"href":"https:\/\/tyrving.idrett.no\/10\/f\/wp-json\/wp\/v2\/comments?post=21831"}],"version-history":[{"count":62,"href":"https:\/\/tyrving.idrett.no\/10\/f\/wp-json\/wp\/v2\/pages\/21831\/revisions"}],"predecessor-version":[{"id":26465,"href":"https:\/\/tyrving.idrett.no\/10\/f\/wp-json\/wp\/v2\/pages\/21831\/revisions\/26465"}],"wp:featuredmedia":[{"embeddable":true,"href":"https:\/\/tyrving.idrett.no\/10\/f\/wp-json\/wp\/v2\/media\/26461"}],"wp:attachment":[{"href":"https:\/\/tyrving.idrett.no\/10\/f\/wp-json\/wp\/v2\/media?parent=21831"}],"wp:term":[{"taxonomy":"category","embeddable":true,"href":"https:\/\/tyrving.idrett.no\/10\/f\/wp-json\/wp\/v2\/categories?post=21831"},{"taxonomy":"post_tag","embeddable":true,"href":"https:\/\/tyrving.idrett.no\/10\/f\/wp-json\/wp\/v2\/tags?post=21831"}],"curies":[{"name":"wp","href":"https:\/\/api.w.org\/{rel}","templated":true}]}}