{"id":21836,"date":"2021-11-11T11:22:49","date_gmt":"2021-11-11T10:22:49","guid":{"rendered":"https:\/\/tyrving.idrett.no\/10\/f\/?page_id=21836"},"modified":"2026-01-21T13:24:29","modified_gmt":"2026-01-21T12:24:29","slug":"barneleker","status":"publish","type":"page","link":"https:\/\/tyrving.idrett.no\/10\/f\/barneleker\/","title":{"rendered":"Barneleker"},"content":{"rendered":"\t\t<div data-elementor-type=\"wp-page\" data-elementor-id=\"21836\" class=\"elementor elementor-21836\" data-elementor-post-type=\"page\">\n\t\t\t\t\t\t\t\t\t<section class=\"elementor-section elementor-top-section elementor-element elementor-element-f31a88f elementor-section-boxed elementor-section-height-default elementor-section-height-default\" data-id=\"f31a88f\" data-element_type=\"section\">\n\t\t\t\t\t\t<div class=\"elementor-container elementor-column-gap-extended\">\n\t\t\t\t\t<div class=\"elementor-column elementor-col-50 elementor-top-column elementor-element elementor-element-8f3b864\" data-id=\"8f3b864\" data-element_type=\"column\" data-settings=\"{&quot;background_background&quot;:&quot;classic&quot;}\">\n\t\t\t<div class=\"elementor-widget-wrap elementor-element-populated\">\n\t\t\t\t\t\t\t\t<div class=\"elementor-element elementor-element-f6ea30a elementor-widget elementor-widget-heading\" data-id=\"f6ea30a\" data-element_type=\"widget\" data-widget_type=\"heading.default\">\n\t\t\t\t<div class=\"elementor-widget-container\">\n\t\t\t<h1 class=\"elementor-heading-title elementor-size-xl\">Barneleker<\/h1>\t\t<\/div>\n\t\t\t\t<\/div>\n\t\t\t\t<div class=\"elementor-element elementor-element-3155501 elementor-widget elementor-widget-image\" data-id=\"3155501\" data-element_type=\"widget\" data-widget_type=\"image.default\">\n\t\t\t\t<div class=\"elementor-widget-container\">\n\t\t\t\t\t\t\t\t\t\t\t\t\t\t\t<img decoding=\"async\" src=\"https:\/\/tyrving.idrett.no\/10\/f\/files\/elementor\/thumbs\/IMG_0954-scaled-pcismo1vjaad21vovx9w32c88k3pa3jjtnobcm5kxs.jpg\" title=\"IMG_0954\" alt=\"IMG_0954\" loading=\"lazy\" \/>\t\t\t\t\t\t\t\t\t\t\t\t\t\t\t<\/div>\n\t\t\t\t<\/div>\n\t\t\t\t<div class=\"elementor-element elementor-element-6a7c0a2 elementor-widget elementor-widget-text-editor\" data-id=\"6a7c0a2\" data-element_type=\"widget\" data-widget_type=\"text-editor.default\">\n\t\t\t\t<div class=\"elementor-widget-container\">\n\t\t\t\t\t\t\t<p><strong>Det er lang tradisjon for Barneleker i Tyrving.&nbsp;<\/strong><\/p>\n<p><strong><br><\/strong><\/p>\n<p>Etter p\u00e5melding og betaling av startkontingent, f\u00e5r hver ut\u00f8ver et startnummer som skal festes p\u00e5 magen.&nbsp; Her blir alle resultatene skrevet ned.&nbsp; Det er den eneste resultatskrivingen som vil foreg\u00e5 under stevnet. I og med at ut\u00f8verne kan delta i de fire \u00f8velsene s\u00e5 mange ganger de selv \u00f8nsker i l\u00f8pet av de to timene stevnet varer, kan alle resultatene skrives ned her, og i ettertid kan den enkelte ut\u00f8ver se p\u00e5 sine resultater og se om det er blitt forbedring underveis.<\/p>\n<p><br><\/p>\n<p><b>GENERELL INFO<\/b>&nbsp; &nbsp; &nbsp; &nbsp; &nbsp;&nbsp;<\/p>\n<ul>\n<li>&#8211;&nbsp; Stevnet starter kl. 17 og holder p\u00e5 til kl. 19:00 \u2013<\/li>\n<li>&#8211;&nbsp; Vi rulerer mellom \u00f8velsene: 60m-60m hekk-lengde-200m-kule-liten ball<\/li>\n<li>&#8211;&nbsp; P\u00e5meldingen skjer ved fremm\u00f8te tidligst 30 minutter f\u00f8r stevnestart.&nbsp;<\/li>\n<li>&#8212;&nbsp; Det er foretrukket \u00e5 benytte VIPPS som betalingsl\u00f8sning ved fysisk oppm\u00f8te.<\/li>\n<li>&#8211;&nbsp; Deltakere p\u00e5 Tyrvings Allidrett og friidrett har startkontingenten inkludert i treningsavgiften.<\/li>\n<li>&#8211;&nbsp; Barna velger selv i hvilken rekkef\u00f8lge de \u00f8nsker \u00e5 delta i de forskjellige \u00f8velsene, og hvor mange ganger de vil l\u00f8pe.<\/li>\n<li>&#8211;&nbsp; Det blir utdelt premier til alle som deltar.<\/li>\n<li>&nbsp;<\/li>\n<\/ul>\n<table>\n<tbody>\n<tr>\n<td colspan=\"4\" width=\"604\">\n<p style=\"text-align: center\"><strong>Barneleker 2025:<\/strong><\/p>\n<p style=\"text-align: center\"><strong><br><\/strong><\/p>\n<\/td>\n<\/tr>\n<tr>\n<td width=\"151\">\n<p style=\"text-align: center\"><strong>V\u00e5rleker<\/strong><\/p>\n<\/td>\n<td style=\"text-align: center\" width=\"151\">\n<p><strong>Sommerleker<\/strong><\/p>\n<\/td>\n<td style=\"text-align: center\" width=\"151\">\n<p><strong>H\u00f8stleker<\/strong><\/p>\n<\/td>\n<td style=\"text-align: center\" width=\"151\">\n<p><strong>Kols\u00e5s Senterets Nisseleker<\/strong><\/p>\n<\/td>\n<\/tr>\n<tr>\n<td style=\"text-align: center\" width=\"151\">\n<p>25.mars 2026<\/p>\n<\/td>\n<td style=\"text-align: center\" width=\"151\">\n<p>3.juni 2026<\/p>\n<\/td>\n<td style=\"text-align: center\" width=\"151\">\n<p>Utg\u00e5r grunnet UM p\u00e5 hjemmebane 11-13.september<\/p>\n<\/td>\n<td width=\"151\">\n<p style=\"text-align: center\">2.desember 2026<\/p>\n<\/td>\n<\/tr>\n<tr>\n<td style=\"text-align: center\" width=\"151\">\n<p>Sted: B\u00e6rum Idrettspark innend\u00f8rs<\/p>\n<\/td>\n<td style=\"text-align: center\" width=\"151\">\n<p>Sted: Friidrettsstadion B\u00e6rum Idrettspark<\/p>\n<\/td>\n<td style=\"text-align: center\" width=\"151\">\n<p><br><\/p>\n<\/td>\n<td width=\"151\">\n<p style=\"text-align: center\">Sted: B\u00e6rum Idrettspark innend\u00f8rs<\/p>\n<\/td>\n<\/tr>\n<tr>\n<td width=\"151\"><img decoding=\"async\" loading=\"lazy\" class=\"alignnone wp-image-21959\" src=\"https:\/\/tyrving.idrett.no\/10\/f\/files\/2021\/11\/Varleker-300x300.png\" alt=\"\" width=\"312\" height=\"310\"><\/td>\n<td width=\"151\"><img decoding=\"async\" loading=\"lazy\" class=\"alignnone size-medium wp-image-21958\" src=\"https:\/\/tyrving.idrett.no\/10\/f\/files\/2021\/11\/sommerleker-300x300.png\" alt=\"\" width=\"300\" height=\"300\" srcset=\"https:\/\/tyrving.idrett.no\/10\/f\/files\/2021\/11\/sommerleker-300x300.png 300w, https:\/\/tyrving.idrett.no\/10\/f\/files\/2021\/11\/sommerleker-100x100.png 100w, https:\/\/tyrving.idrett.no\/10\/f\/files\/2021\/11\/sommerleker-768x768.png 768w, https:\/\/tyrving.idrett.no\/10\/f\/files\/2021\/11\/sommerleker-600x600.png 600w, https:\/\/tyrving.idrett.no\/10\/f\/files\/2021\/11\/sommerleker.png 1000w\" sizes=\"(max-width: 300px) 100vw, 300px\" \/><\/td>\n<td width=\"151\"><img decoding=\"async\" loading=\"lazy\" class=\"alignnone size-medium wp-image-21956\" src=\"https:\/\/tyrving.idrett.no\/10\/f\/files\/2021\/11\/Hostleker-300x300.png\" alt=\"\" width=\"300\" height=\"300\" srcset=\"https:\/\/tyrving.idrett.no\/10\/f\/files\/2021\/11\/Hostleker-300x300.png 300w, https:\/\/tyrving.idrett.no\/10\/f\/files\/2021\/11\/Hostleker-100x100.png 100w, https:\/\/tyrving.idrett.no\/10\/f\/files\/2021\/11\/Hostleker-768x768.png 768w, https:\/\/tyrving.idrett.no\/10\/f\/files\/2021\/11\/Hostleker-600x600.png 600w, https:\/\/tyrving.idrett.no\/10\/f\/files\/2021\/11\/Hostleker.png 1000w\" sizes=\"(max-width: 300px) 100vw, 300px\" \/><\/td>\n<td width=\"151\"><img decoding=\"async\" loading=\"lazy\" class=\"alignnone size-medium wp-image-21961\" src=\"https:\/\/tyrving.idrett.no\/10\/f\/files\/2021\/11\/Nisseleker-1-300x300.png\" alt=\"\" width=\"300\" height=\"300\" srcset=\"https:\/\/tyrving.idrett.no\/10\/f\/files\/2021\/11\/Nisseleker-1-300x300.png 300w, https:\/\/tyrving.idrett.no\/10\/f\/files\/2021\/11\/Nisseleker-1-100x100.png 100w, https:\/\/tyrving.idrett.no\/10\/f\/files\/2021\/11\/Nisseleker-1-768x768.png 768w, https:\/\/tyrving.idrett.no\/10\/f\/files\/2021\/11\/Nisseleker-1-600x600.png 600w, https:\/\/tyrving.idrett.no\/10\/f\/files\/2021\/11\/Nisseleker-1.png 1000w\" sizes=\"(max-width: 300px) 100vw, 300px\" \/><\/td>\n<\/tr>\n<\/tbody>\n<\/table>\n<p>Dersom det er sp\u00f8rsm\u00e5l underveis, s\u00e5 ta kontakt med trenere p\u00e5 Allidretten:3<\/p>\t\t\t\t\t\t<\/div>\n\t\t\t\t<\/div>\n\t\t\t\t<div class=\"elementor-element elementor-element-ca3e26a elementor-widget elementor-widget-spacer\" data-id=\"ca3e26a\" data-element_type=\"widget\" data-widget_type=\"spacer.default\">\n\t\t\t\t<div class=\"elementor-widget-container\">\n\t\t\t\t\t<div class=\"elementor-spacer\">\n\t\t\t<div class=\"elementor-spacer-inner\"><\/div>\n\t\t<\/div>\n\t\t\t\t<\/div>\n\t\t\t\t<\/div>\n\t\t\t\t\t<\/div>\n\t\t<\/div>\n\t\t\t\t<div class=\"elementor-column elementor-col-50 elementor-top-column elementor-element elementor-element-1b6f19c\" data-id=\"1b6f19c\" data-element_type=\"column\" data-settings=\"{&quot;background_background&quot;:&quot;classic&quot;}\">\n\t\t\t<div class=\"elementor-widget-wrap elementor-element-populated\">\n\t\t\t\t\t\t\t\t<div class=\"elementor-element elementor-element-c849864 sidekolonne elementor-widget elementor-widget-sidebar\" data-id=\"c849864\" data-element_type=\"widget\" data-widget_type=\"sidebar.default\">\n\t\t\t\t<div class=\"elementor-widget-container\">\n\t\t\t<div id=\"custom_html-9\" class=\"widget_text widget widget_custom_html\"><div class=\"textwidget custom-html-widget\"><div class=\"elementor-element elementor-element-3960326 elementor-align-center forsideknapp elementor-widget elementor-widget-button\" data-id=\"3960326\" data-element_type=\"widget\" data-widget_type=\"button.default\">\r\n    <div class=\"elementor-widget-container\">\r\n        <div class=\"elementor-button-wrapper\">\r\n            <a href=\"https:\/\/tyrving.idrett.no\/10\/f\/bli-medlem-i-tyrving\/\" class=\"elementor-button-link elementor-button elementor-size-md\" role=\"button\">\r\n            <span class=\"elementor-button-content-wrapper\">\r\n            <span class=\"elementor-button-text\">Bli medlem<\/span>\r\n            <\/span>\r\n            <\/a>\r\n        <\/div>\r\n    <\/div>\r\n<\/div>\r\n<div class=\"elementor-element elementor-element-ad5d130 elementor-align-center forsideknapp elementor-widget elementor-widget-button\" data-id=\"ad5d130\" data-element_type=\"widget\" data-widget_type=\"button.default\">\r\n    <div class=\"elementor-widget-container\">\r\n        <div class=\"elementor-button-wrapper\">\r\n            <a href=\"https:\/\/tyrving.ourwear.shop\/\" target=\"_blank\" class=\"elementor-button elementor-size-md\" role=\"button\" rel=\"noopener\">\r\n            <span class=\"elementor-button-content-wrapper\">\r\n            <span class=\"elementor-button-text\">Microshop<\/span>\r\n            <\/span>\r\n            <\/a>\r\n        <\/div>\r\n    <\/div>\r\n<\/div><\/div><\/div><div id=\"custom_html-8\" class=\"widget_text widget widget_custom_html\"><h2 class=\"widget-title\">Kommende hendelser<\/h2><div class=\"textwidget custom-html-widget\"><div id=\"klubbkalender-sidebar\"><\/div><\/div><\/div><div id=\"custom_html-3\" class=\"widget_text widget widget_custom_html\"><h2 class=\"widget-title\">Grasrotandelen<\/h2><div class=\"textwidget custom-html-widget\"><a href=\"https:\/\/www.norsk-tipping.no\/grasrotandelen\/din-mottaker\/971059931\" target=\"_blank\" rel=\"noopener\"><img decoding=\"async\" alt=\"Grasrotandelen\" style=\"border:0px;\" src=\"https:\/\/tyrving.idrett.no\/10\/f\/files\/2021\/10\/grasrotandelen2021.jpg\"><\/a><\/div><\/div>\t\t<\/div>\n\t\t\t\t<\/div>\n\t\t\t\t\t<\/div>\n\t\t<\/div>\n\t\t\t\t\t\t\t<\/div>\n\t\t<\/section>\n\t\t\t\t\t\t\t<\/div>\n\t\t","protected":false},"excerpt":{"rendered":"Barneleker Det er lang tradisjon for Barneleker i Tyrving.&nbsp; Etter p\u00e5melding og betaling av startkontingent, f\u00e5r hver ut\u00f8ver et startnummer som skal festes p\u00e5 magen.&nbsp; Her blir alle resultaten&#8230;","protected":false},"author":44,"featured_media":0,"parent":0,"menu_order":0,"comment_status":"closed","ping_status":"closed","template":"elementor_canvas","meta":{"footnotes":""},"categories":[],"tags":[7869],"acf":[],"yoast_head":"<!-- This site is optimized with the Yoast SEO plugin v21.2 - https:\/\/yoast.com\/wordpress\/plugins\/seo\/ -->\n<title>Barneleker - Tyrving - Friidrett<\/title>\n<meta name=\"robots\" content=\"index, follow, max-snippet:-1, max-image-preview:large, max-video-preview:-1\" \/>\n<link rel=\"canonical\" href=\"https:\/\/tyrving.idrett.no\/10\/f\/barneleker\/\" \/>\n<meta property=\"og:locale\" content=\"nb_NO\" \/>\n<meta property=\"og:type\" content=\"article\" \/>\n<meta property=\"og:title\" content=\"Barneleker - Tyrving - Friidrett\" \/>\n<meta property=\"og:description\" content=\"Barneleker Det er lang tradisjon for Barneleker i Tyrving.&nbsp; Etter p\u00e5melding og betaling av startkontingent, f\u00e5r hver ut\u00f8ver et startnummer som skal festes p\u00e5 magen.&nbsp; Her blir alle resultaten...\" \/>\n<meta property=\"og:url\" content=\"https:\/\/tyrving.idrett.no\/10\/f\/barneleker\/\" \/>\n<meta property=\"og:site_name\" content=\"Tyrving - Friidrett\" \/>\n<meta property=\"article:modified_time\" content=\"2026-01-21T12:24:29+00:00\" \/>\n<meta property=\"og:image\" content=\"https:\/\/tyrving.idrett.no\/10\/f\/files\/elementor\/thumbs\/IMG_0954-scaled-pcismo1vjaad21vovx9w32c88k3pa3jjtnobcm5kxs.jpg\" \/>\n<meta name=\"twitter:card\" content=\"summary_large_image\" \/>\n<meta name=\"twitter:label1\" content=\"Ansl. lesetid\" \/>\n\t<meta name=\"twitter:data1\" content=\"3 minutter\" \/>\n<script type=\"application\/ld+json\" class=\"yoast-schema-graph\">{\"@context\":\"https:\/\/schema.org\",\"@graph\":[{\"@type\":\"WebPage\",\"@id\":\"https:\/\/tyrving.idrett.no\/10\/f\/barneleker\/\",\"url\":\"https:\/\/tyrving.idrett.no\/10\/f\/barneleker\/\",\"name\":\"Barneleker - Tyrving - Friidrett\",\"isPartOf\":{\"@id\":\"https:\/\/tyrving.idrett.no\/10\/f\/#website\"},\"datePublished\":\"2021-11-11T10:22:49+00:00\",\"dateModified\":\"2026-01-21T12:24:29+00:00\",\"breadcrumb\":{\"@id\":\"https:\/\/tyrving.idrett.no\/10\/f\/barneleker\/#breadcrumb\"},\"inLanguage\":\"nb-NO\",\"potentialAction\":[{\"@type\":\"ReadAction\",\"target\":[\"https:\/\/tyrving.idrett.no\/10\/f\/barneleker\/\"]}]},{\"@type\":\"BreadcrumbList\",\"@id\":\"https:\/\/tyrving.idrett.no\/10\/f\/barneleker\/#breadcrumb\",\"itemListElement\":[{\"@type\":\"ListItem\",\"position\":1,\"name\":\"Hjem\",\"item\":\"https:\/\/tyrving.idrett.no\/10\/f\/\"},{\"@type\":\"ListItem\",\"position\":2,\"name\":\"Barneleker\"}]},{\"@type\":\"WebSite\",\"@id\":\"https:\/\/tyrving.idrett.no\/10\/f\/#website\",\"url\":\"https:\/\/tyrving.idrett.no\/10\/f\/\",\"name\":\"Tyrving - Friidrett\",\"description\":\"Friidrettsgruppa\",\"publisher\":{\"@id\":\"https:\/\/tyrving.idrett.no\/10\/f\/#organization\"},\"potentialAction\":[{\"@type\":\"SearchAction\",\"target\":{\"@type\":\"EntryPoint\",\"urlTemplate\":\"https:\/\/tyrving.idrett.no\/10\/f\/?s={search_term_string}\"},\"query-input\":\"required name=search_term_string\"}],\"inLanguage\":\"nb-NO\"},{\"@type\":\"Organization\",\"@id\":\"https:\/\/tyrving.idrett.no\/10\/f\/#organization\",\"name\":\"Tyrving Friidrettsgruppa\",\"url\":\"https:\/\/tyrving.idrett.no\/10\/f\/\",\"logo\":{\"@type\":\"ImageObject\",\"inLanguage\":\"nb-NO\",\"@id\":\"https:\/\/tyrving.idrett.no\/10\/f\/#\/schema\/logo\/image\/\",\"url\":\"https:\/\/tyrving.idrett.no\/10\/f\/files\/2019\/04\/Tyrving-Logo-Friidrett-2019.jpg\",\"contentUrl\":\"https:\/\/tyrving.idrett.no\/10\/f\/files\/2019\/04\/Tyrving-Logo-Friidrett-2019.jpg\",\"width\":460,\"height\":360,\"caption\":\"Tyrving Friidrettsgruppa\"},\"image\":{\"@id\":\"https:\/\/tyrving.idrett.no\/10\/f\/#\/schema\/logo\/image\/\"}}]}<\/script>\n<!-- \/ Yoast SEO plugin. -->","yoast_head_json":{"title":"Barneleker - Tyrving - Friidrett","robots":{"index":"index","follow":"follow","max-snippet":"max-snippet:-1","max-image-preview":"max-image-preview:large","max-video-preview":"max-video-preview:-1"},"canonical":"https:\/\/tyrving.idrett.no\/10\/f\/barneleker\/","og_locale":"nb_NO","og_type":"article","og_title":"Barneleker - Tyrving - Friidrett","og_description":"Barneleker Det er lang tradisjon for Barneleker i Tyrving.&nbsp; Etter p\u00e5melding og betaling av startkontingent, f\u00e5r hver ut\u00f8ver et startnummer som skal festes p\u00e5 magen.&nbsp; Her blir alle resultaten...","og_url":"https:\/\/tyrving.idrett.no\/10\/f\/barneleker\/","og_site_name":"Tyrving - Friidrett","article_modified_time":"2026-01-21T12:24:29+00:00","og_image":[{"url":"https:\/\/tyrving.idrett.no\/10\/f\/files\/elementor\/thumbs\/IMG_0954-scaled-pcismo1vjaad21vovx9w32c88k3pa3jjtnobcm5kxs.jpg"}],"twitter_card":"summary_large_image","twitter_misc":{"Ansl. lesetid":"3 minutter"},"schema":{"@context":"https:\/\/schema.org","@graph":[{"@type":"WebPage","@id":"https:\/\/tyrving.idrett.no\/10\/f\/barneleker\/","url":"https:\/\/tyrving.idrett.no\/10\/f\/barneleker\/","name":"Barneleker - Tyrving - Friidrett","isPartOf":{"@id":"https:\/\/tyrving.idrett.no\/10\/f\/#website"},"datePublished":"2021-11-11T10:22:49+00:00","dateModified":"2026-01-21T12:24:29+00:00","breadcrumb":{"@id":"https:\/\/tyrving.idrett.no\/10\/f\/barneleker\/#breadcrumb"},"inLanguage":"nb-NO","potentialAction":[{"@type":"ReadAction","target":["https:\/\/tyrving.idrett.no\/10\/f\/barneleker\/"]}]},{"@type":"BreadcrumbList","@id":"https:\/\/tyrving.idrett.no\/10\/f\/barneleker\/#breadcrumb","itemListElement":[{"@type":"ListItem","position":1,"name":"Hjem","item":"https:\/\/tyrving.idrett.no\/10\/f\/"},{"@type":"ListItem","position":2,"name":"Barneleker"}]},{"@type":"WebSite","@id":"https:\/\/tyrving.idrett.no\/10\/f\/#website","url":"https:\/\/tyrving.idrett.no\/10\/f\/","name":"Tyrving - Friidrett","description":"Friidrettsgruppa","publisher":{"@id":"https:\/\/tyrving.idrett.no\/10\/f\/#organization"},"potentialAction":[{"@type":"SearchAction","target":{"@type":"EntryPoint","urlTemplate":"https:\/\/tyrving.idrett.no\/10\/f\/?s={search_term_string}"},"query-input":"required name=search_term_string"}],"inLanguage":"nb-NO"},{"@type":"Organization","@id":"https:\/\/tyrving.idrett.no\/10\/f\/#organization","name":"Tyrving Friidrettsgruppa","url":"https:\/\/tyrving.idrett.no\/10\/f\/","logo":{"@type":"ImageObject","inLanguage":"nb-NO","@id":"https:\/\/tyrving.idrett.no\/10\/f\/#\/schema\/logo\/image\/","url":"https:\/\/tyrving.idrett.no\/10\/f\/files\/2019\/04\/Tyrving-Logo-Friidrett-2019.jpg","contentUrl":"https:\/\/tyrving.idrett.no\/10\/f\/files\/2019\/04\/Tyrving-Logo-Friidrett-2019.jpg","width":460,"height":360,"caption":"Tyrving Friidrettsgruppa"},"image":{"@id":"https:\/\/tyrving.idrett.no\/10\/f\/#\/schema\/logo\/image\/"}}]}},"jetpack_sharing_enabled":true,"_links":{"self":[{"href":"https:\/\/tyrving.idrett.no\/10\/f\/wp-json\/wp\/v2\/pages\/21836"}],"collection":[{"href":"https:\/\/tyrving.idrett.no\/10\/f\/wp-json\/wp\/v2\/pages"}],"about":[{"href":"https:\/\/tyrving.idrett.no\/10\/f\/wp-json\/wp\/v2\/types\/page"}],"author":[{"embeddable":true,"href":"https:\/\/tyrving.idrett.no\/10\/f\/wp-json\/wp\/v2\/users\/44"}],"replies":[{"embeddable":true,"href":"https:\/\/tyrving.idrett.no\/10\/f\/wp-json\/wp\/v2\/comments?post=21836"}],"version-history":[{"count":70,"href":"https:\/\/tyrving.idrett.no\/10\/f\/wp-json\/wp\/v2\/pages\/21836\/revisions"}],"predecessor-version":[{"id":28027,"href":"https:\/\/tyrving.idrett.no\/10\/f\/wp-json\/wp\/v2\/pages\/21836\/revisions\/28027"}],"wp:attachment":[{"href":"https:\/\/tyrving.idrett.no\/10\/f\/wp-json\/wp\/v2\/media?parent=21836"}],"wp:term":[{"taxonomy":"category","embeddable":true,"href":"https:\/\/tyrving.idrett.no\/10\/f\/wp-json\/wp\/v2\/categories?post=21836"},{"taxonomy":"post_tag","embeddable":true,"href":"https:\/\/tyrving.idrett.no\/10\/f\/wp-json\/wp\/v2\/tags?post=21836"}],"curies":[{"name":"wp","href":"https:\/\/api.w.org\/{rel}","templated":true}]}}