{"id":21841,"date":"2021-11-11T14:40:45","date_gmt":"2021-11-11T13:40:45","guid":{"rendered":"https:\/\/tyrving.idrett.no\/10\/f\/?page_id=21841"},"modified":"2026-03-03T13:15:49","modified_gmt":"2026-03-03T12:15:49","slug":"tyrvingrekorder","status":"publish","type":"page","link":"https:\/\/tyrving.idrett.no\/10\/f\/tyrvingrekorder\/","title":{"rendered":"Tyrvingrekorder"},"content":{"rendered":"\t\t<div data-elementor-type=\"wp-page\" data-elementor-id=\"21841\" class=\"elementor elementor-21841\" data-elementor-post-type=\"page\">\n\t\t\t\t\t\t\t\t\t<section class=\"elementor-section elementor-top-section elementor-element elementor-element-7b4cff3 elementor-section-boxed elementor-section-height-default elementor-section-height-default\" data-id=\"7b4cff3\" data-element_type=\"section\">\n\t\t\t\t\t\t<div class=\"elementor-container elementor-column-gap-extended\">\n\t\t\t\t\t<div class=\"elementor-column elementor-col-50 elementor-top-column elementor-element elementor-element-d66a4f5\" data-id=\"d66a4f5\" data-element_type=\"column\" data-settings=\"{&quot;background_background&quot;:&quot;classic&quot;}\">\n\t\t\t<div class=\"elementor-widget-wrap elementor-element-populated\">\n\t\t\t\t\t\t\t\t<div class=\"elementor-element elementor-element-5a8b696 elementor-widget elementor-widget-heading\" data-id=\"5a8b696\" data-element_type=\"widget\" data-widget_type=\"heading.default\">\n\t\t\t\t<div class=\"elementor-widget-container\">\n\t\t\t<h1 class=\"elementor-heading-title elementor-size-xl\">Tyrving-rekorder<\/h1>\t\t<\/div>\n\t\t\t\t<\/div>\n\t\t\t\t<div class=\"elementor-element elementor-element-9cf9566 elementor-widget elementor-widget-image\" data-id=\"9cf9566\" data-element_type=\"widget\" data-widget_type=\"image.default\">\n\t\t\t\t<div class=\"elementor-widget-container\">\n\t\t\t\t\t\t\t\t\t\t\t\t\t\t\t<img decoding=\"async\" src=\"https:\/\/tyrving.idrett.no\/10\/f\/files\/elementor\/thumbs\/PSX_20180607_181603-o0rk1j1ghkv79nmkhm392ljsbksgpkixmc7h1oie0g.jpg\" title=\"PSX_20180607_181603\" alt=\"PSX_20180607_181603\" loading=\"lazy\" \/>\t\t\t\t\t\t\t\t\t\t\t\t\t\t\t<\/div>\n\t\t\t\t<\/div>\n\t\t\t\t<div class=\"elementor-element elementor-element-696ccd5 elementor-widget elementor-widget-text-editor\" data-id=\"696ccd5\" data-element_type=\"widget\" data-widget_type=\"text-editor.default\">\n\t\t\t\t<div class=\"elementor-widget-container\">\n\t\t\t\t\t\t\t<p><b>OPPDATERT PR. JANUAR 2026<\/b><\/p><p><b>\u00a0<\/b><\/p><p>Klubbrekordene f\u00f8lger kalender\u00e5ret. I l\u00f8p opp til og med 400m (b\u00e5de flatt og hekk) registreres b\u00e5de manuell og elektronisk tid, n\u00e5r den manuelle tiden er bedre enn den elektroniske. N\u00e5r den elektroniske tiden er bedre, sl\u00f8yfes manuell tid. (Ved sammenligning gis den manuelle tiden et tillegg.100m, 110m og 200m p\u00e5plusses 0,24s; 60m, 80m og 300m p\u00e5plusses 0,20s; 400m p\u00e5plusses 0,14s.).<\/p><p>Nye klubbrekorder er markert med r\u00f8d skrift.<\/p><p>UTE:<\/p><p><a href=\"https:\/\/tyrving.idrett.no\/10\/f\/files\/2026\/02\/Klubbrekorder-ute-gutter-10-19-ar.pdf\">Klubbrekorder ute gutter 10-19 \u00e5r<\/a><\/p><p><a href=\"https:\/\/tyrving.idrett.no\/10\/f\/files\/2026\/02\/Klubbrekorder-ute-M19.pdf\">Klubbrekorder ute M19<\/a><\/p><p><a href=\"https:\/\/tyrving.idrett.no\/10\/f\/files\/2026\/02\/Klubbrekorder-ute-M22.pdf\">Klubbrekorder ute M22<\/a><\/p><p><a href=\"https:\/\/tyrving.idrett.no\/10\/f\/files\/2026\/02\/Klubbrekorder-ute-MS.pdf\">Klubbrekorder ute MS<\/a><\/p><p><a href=\"https:\/\/tyrving.idrett.no\/10\/f\/files\/2026\/02\/Bok1.pdf\">Klubbrekorder ute jenter 10-19 \u00e5r<\/a><\/p><p><a href=\"https:\/\/tyrving.idrett.no\/10\/f\/files\/2026\/02\/Klubbrekorder-ute-K19.pdf\">Klubbrekorder ute K19<\/a><\/p><p><a href=\"https:\/\/tyrving.idrett.no\/10\/f\/files\/2026\/02\/Klubbrekorder-ute-K22.pdf\">Klubbrekorder ute K22<\/a><\/p><p><a href=\"https:\/\/tyrving.idrett.no\/10\/f\/files\/2026\/02\/klubbrekorder-ute-KS.pdf\">Klubbrekorder ute KS<\/a><\/p><p>INNE:<\/p><p><a href=\"https:\/\/tyrving.idrett.no\/10\/f\/files\/2026\/02\/Klubbrekorder-inne-gutter-10-19-ar.pdf\">Klubbrekorder inne gutter 10-19 \u00e5r<\/a><\/p><p><a href=\"https:\/\/tyrving.idrett.no\/10\/f\/files\/2026\/02\/Klubbrekorder-inne-M19.pdf\">Klubbrekorder inne M19<\/a><\/p><p><a href=\"https:\/\/tyrving.idrett.no\/10\/f\/files\/2026\/02\/Klubbrekorder-inne-M22.pdf\">Klubbrekorder inne M22<\/a><\/p><p><a href=\"https:\/\/tyrving.idrett.no\/10\/f\/files\/2026\/02\/Klubbrekorder-inne-MS.pdf\">Klubbrekorder inne MS<\/a><\/p><p><a href=\"https:\/\/tyrving.idrett.no\/10\/f\/files\/2026\/02\/Klubbrekorder-inne-jenter-10-19-ar.pdf\">Klubbrekorder inne jenter 10-19 \u00e5r<\/a><\/p><p><a href=\"https:\/\/tyrving.idrett.no\/10\/f\/files\/2026\/02\/klubbrekorder-inne-K19.pdf\">klubbrekorder inne K19<\/a><\/p><p><a href=\"https:\/\/tyrving.idrett.no\/10\/f\/files\/2026\/02\/klubbrekorder-inne-K22.pdf\">Klubbrekorder inne K22<\/a><\/p><p><a href=\"https:\/\/tyrving.idrett.no\/10\/f\/files\/2026\/02\/Klubbrekorder-inne-KS.pdf\">Klubbrekorder inne KS<\/a><\/p><p>\u00a0<\/p><p>\u00a0<\/p><p>\u00a0<\/p><p>Oversikt rekorder 2025:<\/p><p><a href=\"https:\/\/tyrving.idrett.no\/10\/f\/files\/2026\/02\/Tyrving-rekorder-2025-2.pdf\">Tyrving rekorder 2025<\/a><\/p><p><a href=\"https:\/\/tyrving.idrett.no\/10\/f\/files\/2026\/03\/ida.pdf\">Tyrving KS Para rekorder 2025<\/a><\/p><p><a href=\"https:\/\/tyrving.idrett.no\/10\/f\/files\/2026\/03\/Bok2.pdf\">Tyrving MS m\/utvh. rekorder 2025<\/a><\/p><p>STAFETT:<\/p><p><a href=\"https:\/\/tyrving.idrett.no\/10\/f\/files\/2026\/02\/Tyrving-stafettrekorder-gutter-2025-rettet-240226.pdf\">Tyrving stafettrekorder gutter 2025 <\/a><\/p><p><a href=\"https:\/\/tyrving.idrett.no\/10\/f\/files\/2026\/02\/Tyrving-stafettrekorder-jenter-2025.pdf\">Tyrving stafettrekorder jenter 2025<\/a><\/p><p>Banerekorder B\u00e6rum Idrettspark:<\/p><p><a href=\"https:\/\/tyrving.idrett.no\/10\/f\/files\/2026\/02\/Banerekorder-Baerum-Idrettspark-inne-og-ute.pdf\">Banerekorder B\u00e6rum Idrettspark inne og ute<\/a><\/p>\t\t\t\t\t\t<\/div>\n\t\t\t\t<\/div>\n\t\t\t\t\t<\/div>\n\t\t<\/div>\n\t\t\t\t<div class=\"elementor-column elementor-col-50 elementor-top-column elementor-element elementor-element-fc15056\" data-id=\"fc15056\" data-element_type=\"column\" data-settings=\"{&quot;background_background&quot;:&quot;classic&quot;}\">\n\t\t\t<div class=\"elementor-widget-wrap elementor-element-populated\">\n\t\t\t\t\t\t\t\t<div class=\"elementor-element elementor-element-246e683 sidekolonne elementor-widget elementor-widget-sidebar\" data-id=\"246e683\" data-element_type=\"widget\" data-widget_type=\"sidebar.default\">\n\t\t\t\t<div class=\"elementor-widget-container\">\n\t\t\t<div id=\"custom_html-9\" class=\"widget_text widget widget_custom_html\"><div class=\"textwidget custom-html-widget\"><div class=\"elementor-element elementor-element-3960326 elementor-align-center forsideknapp elementor-widget elementor-widget-button\" data-id=\"3960326\" data-element_type=\"widget\" data-widget_type=\"button.default\">\r\n    <div class=\"elementor-widget-container\">\r\n        <div class=\"elementor-button-wrapper\">\r\n            <a href=\"https:\/\/tyrving.idrett.no\/10\/f\/bli-medlem-i-tyrving\/\" class=\"elementor-button-link elementor-button elementor-size-md\" role=\"button\">\r\n            <span class=\"elementor-button-content-wrapper\">\r\n            <span class=\"elementor-button-text\">Bli medlem<\/span>\r\n            <\/span>\r\n            <\/a>\r\n        <\/div>\r\n    <\/div>\r\n<\/div>\r\n<div class=\"elementor-element elementor-element-ad5d130 elementor-align-center forsideknapp elementor-widget elementor-widget-button\" data-id=\"ad5d130\" data-element_type=\"widget\" data-widget_type=\"button.default\">\r\n    <div class=\"elementor-widget-container\">\r\n        <div class=\"elementor-button-wrapper\">\r\n            <a href=\"https:\/\/tyrving.ourwear.shop\/\" target=\"_blank\" class=\"elementor-button elementor-size-md\" role=\"button\" rel=\"noopener\">\r\n            <span class=\"elementor-button-content-wrapper\">\r\n            <span class=\"elementor-button-text\">Microshop<\/span>\r\n            <\/span>\r\n            <\/a>\r\n        <\/div>\r\n    <\/div>\r\n<\/div><\/div><\/div><div id=\"custom_html-8\" class=\"widget_text widget widget_custom_html\"><h2 class=\"widget-title\">Kommende hendelser<\/h2><div class=\"textwidget custom-html-widget\"><div id=\"klubbkalender-sidebar\"><\/div><\/div><\/div><div id=\"custom_html-3\" class=\"widget_text widget widget_custom_html\"><h2 class=\"widget-title\">Grasrotandelen<\/h2><div class=\"textwidget custom-html-widget\"><a href=\"https:\/\/www.norsk-tipping.no\/grasrotandelen\/din-mottaker\/971059931\" target=\"_blank\" rel=\"noopener\"><img decoding=\"async\" alt=\"Grasrotandelen\" style=\"border:0px;\" src=\"https:\/\/tyrving.idrett.no\/10\/f\/files\/2021\/10\/grasrotandelen2021.jpg\"><\/a><\/div><\/div>\t\t<\/div>\n\t\t\t\t<\/div>\n\t\t\t\t\t<\/div>\n\t\t<\/div>\n\t\t\t\t\t\t\t<\/div>\n\t\t<\/section>\n\t\t\t\t\t\t\t<\/div>\n\t\t","protected":false},"excerpt":{"rendered":"Tyrving-rekorder OPPDATERT PR. JANUAR 2026 \u00a0 Klubbrekordene f\u00f8lger kalender\u00e5ret. I l\u00f8p opp til og med 400m (b\u00e5de flatt og hekk) registreres b\u00e5de manuell og elektronisk tid, n\u00e5r den manuelle tiden er b&#8230;","protected":false},"author":44,"featured_media":0,"parent":0,"menu_order":0,"comment_status":"closed","ping_status":"closed","template":"elementor_canvas","meta":{"footnotes":""},"categories":[],"tags":[7869],"acf":[],"yoast_head":"<!-- This site is optimized with the Yoast SEO plugin v21.2 - https:\/\/yoast.com\/wordpress\/plugins\/seo\/ -->\n<title>Tyrvingrekorder - Tyrving - Friidrett<\/title>\n<meta name=\"robots\" content=\"index, follow, max-snippet:-1, max-image-preview:large, max-video-preview:-1\" \/>\n<link rel=\"canonical\" href=\"https:\/\/tyrving.idrett.no\/10\/f\/tyrvingrekorder\/\" \/>\n<meta property=\"og:locale\" content=\"nb_NO\" \/>\n<meta property=\"og:type\" content=\"article\" \/>\n<meta property=\"og:title\" content=\"Tyrvingrekorder - Tyrving - Friidrett\" \/>\n<meta property=\"og:description\" content=\"Tyrving-rekorder OPPDATERT PR. JANUAR 2026 \u00a0 Klubbrekordene f\u00f8lger kalender\u00e5ret. I l\u00f8p opp til og med 400m (b\u00e5de flatt og hekk) registreres b\u00e5de manuell og elektronisk tid, n\u00e5r den manuelle tiden er b...\" \/>\n<meta property=\"og:url\" content=\"https:\/\/tyrving.idrett.no\/10\/f\/tyrvingrekorder\/\" \/>\n<meta property=\"og:site_name\" content=\"Tyrving - Friidrett\" \/>\n<meta property=\"article:modified_time\" content=\"2026-03-03T12:15:49+00:00\" \/>\n<meta property=\"og:image\" content=\"https:\/\/tyrving.idrett.no\/10\/f\/files\/elementor\/thumbs\/PSX_20180607_181603-o0rk1j1ghkv79nmkhm392ljsbksgpkixmc7h1oie0g.jpg\" \/>\n<meta name=\"twitter:card\" content=\"summary_large_image\" \/>\n<meta name=\"twitter:label1\" content=\"Ansl. lesetid\" \/>\n\t<meta name=\"twitter:data1\" content=\"2 minutter\" \/>\n<script type=\"application\/ld+json\" class=\"yoast-schema-graph\">{\"@context\":\"https:\/\/schema.org\",\"@graph\":[{\"@type\":\"WebPage\",\"@id\":\"https:\/\/tyrving.idrett.no\/10\/f\/tyrvingrekorder\/\",\"url\":\"https:\/\/tyrving.idrett.no\/10\/f\/tyrvingrekorder\/\",\"name\":\"Tyrvingrekorder - Tyrving - Friidrett\",\"isPartOf\":{\"@id\":\"https:\/\/tyrving.idrett.no\/10\/f\/#website\"},\"datePublished\":\"2021-11-11T13:40:45+00:00\",\"dateModified\":\"2026-03-03T12:15:49+00:00\",\"breadcrumb\":{\"@id\":\"https:\/\/tyrving.idrett.no\/10\/f\/tyrvingrekorder\/#breadcrumb\"},\"inLanguage\":\"nb-NO\",\"potentialAction\":[{\"@type\":\"ReadAction\",\"target\":[\"https:\/\/tyrving.idrett.no\/10\/f\/tyrvingrekorder\/\"]}]},{\"@type\":\"BreadcrumbList\",\"@id\":\"https:\/\/tyrving.idrett.no\/10\/f\/tyrvingrekorder\/#breadcrumb\",\"itemListElement\":[{\"@type\":\"ListItem\",\"position\":1,\"name\":\"Hjem\",\"item\":\"https:\/\/tyrving.idrett.no\/10\/f\/\"},{\"@type\":\"ListItem\",\"position\":2,\"name\":\"Tyrvingrekorder\"}]},{\"@type\":\"WebSite\",\"@id\":\"https:\/\/tyrving.idrett.no\/10\/f\/#website\",\"url\":\"https:\/\/tyrving.idrett.no\/10\/f\/\",\"name\":\"Tyrving - Friidrett\",\"description\":\"Friidrettsgruppa\",\"publisher\":{\"@id\":\"https:\/\/tyrving.idrett.no\/10\/f\/#organization\"},\"potentialAction\":[{\"@type\":\"SearchAction\",\"target\":{\"@type\":\"EntryPoint\",\"urlTemplate\":\"https:\/\/tyrving.idrett.no\/10\/f\/?s={search_term_string}\"},\"query-input\":\"required name=search_term_string\"}],\"inLanguage\":\"nb-NO\"},{\"@type\":\"Organization\",\"@id\":\"https:\/\/tyrving.idrett.no\/10\/f\/#organization\",\"name\":\"Tyrving Friidrettsgruppa\",\"url\":\"https:\/\/tyrving.idrett.no\/10\/f\/\",\"logo\":{\"@type\":\"ImageObject\",\"inLanguage\":\"nb-NO\",\"@id\":\"https:\/\/tyrving.idrett.no\/10\/f\/#\/schema\/logo\/image\/\",\"url\":\"https:\/\/tyrving.idrett.no\/10\/f\/files\/2019\/04\/Tyrving-Logo-Friidrett-2019.jpg\",\"contentUrl\":\"https:\/\/tyrving.idrett.no\/10\/f\/files\/2019\/04\/Tyrving-Logo-Friidrett-2019.jpg\",\"width\":460,\"height\":360,\"caption\":\"Tyrving Friidrettsgruppa\"},\"image\":{\"@id\":\"https:\/\/tyrving.idrett.no\/10\/f\/#\/schema\/logo\/image\/\"}}]}<\/script>\n<!-- \/ Yoast SEO plugin. -->","yoast_head_json":{"title":"Tyrvingrekorder - Tyrving - Friidrett","robots":{"index":"index","follow":"follow","max-snippet":"max-snippet:-1","max-image-preview":"max-image-preview:large","max-video-preview":"max-video-preview:-1"},"canonical":"https:\/\/tyrving.idrett.no\/10\/f\/tyrvingrekorder\/","og_locale":"nb_NO","og_type":"article","og_title":"Tyrvingrekorder - Tyrving - Friidrett","og_description":"Tyrving-rekorder OPPDATERT PR. JANUAR 2026 \u00a0 Klubbrekordene f\u00f8lger kalender\u00e5ret. I l\u00f8p opp til og med 400m (b\u00e5de flatt og hekk) registreres b\u00e5de manuell og elektronisk tid, n\u00e5r den manuelle tiden er b...","og_url":"https:\/\/tyrving.idrett.no\/10\/f\/tyrvingrekorder\/","og_site_name":"Tyrving - Friidrett","article_modified_time":"2026-03-03T12:15:49+00:00","og_image":[{"url":"https:\/\/tyrving.idrett.no\/10\/f\/files\/elementor\/thumbs\/PSX_20180607_181603-o0rk1j1ghkv79nmkhm392ljsbksgpkixmc7h1oie0g.jpg"}],"twitter_card":"summary_large_image","twitter_misc":{"Ansl. lesetid":"2 minutter"},"schema":{"@context":"https:\/\/schema.org","@graph":[{"@type":"WebPage","@id":"https:\/\/tyrving.idrett.no\/10\/f\/tyrvingrekorder\/","url":"https:\/\/tyrving.idrett.no\/10\/f\/tyrvingrekorder\/","name":"Tyrvingrekorder - Tyrving - Friidrett","isPartOf":{"@id":"https:\/\/tyrving.idrett.no\/10\/f\/#website"},"datePublished":"2021-11-11T13:40:45+00:00","dateModified":"2026-03-03T12:15:49+00:00","breadcrumb":{"@id":"https:\/\/tyrving.idrett.no\/10\/f\/tyrvingrekorder\/#breadcrumb"},"inLanguage":"nb-NO","potentialAction":[{"@type":"ReadAction","target":["https:\/\/tyrving.idrett.no\/10\/f\/tyrvingrekorder\/"]}]},{"@type":"BreadcrumbList","@id":"https:\/\/tyrving.idrett.no\/10\/f\/tyrvingrekorder\/#breadcrumb","itemListElement":[{"@type":"ListItem","position":1,"name":"Hjem","item":"https:\/\/tyrving.idrett.no\/10\/f\/"},{"@type":"ListItem","position":2,"name":"Tyrvingrekorder"}]},{"@type":"WebSite","@id":"https:\/\/tyrving.idrett.no\/10\/f\/#website","url":"https:\/\/tyrving.idrett.no\/10\/f\/","name":"Tyrving - Friidrett","description":"Friidrettsgruppa","publisher":{"@id":"https:\/\/tyrving.idrett.no\/10\/f\/#organization"},"potentialAction":[{"@type":"SearchAction","target":{"@type":"EntryPoint","urlTemplate":"https:\/\/tyrving.idrett.no\/10\/f\/?s={search_term_string}"},"query-input":"required name=search_term_string"}],"inLanguage":"nb-NO"},{"@type":"Organization","@id":"https:\/\/tyrving.idrett.no\/10\/f\/#organization","name":"Tyrving Friidrettsgruppa","url":"https:\/\/tyrving.idrett.no\/10\/f\/","logo":{"@type":"ImageObject","inLanguage":"nb-NO","@id":"https:\/\/tyrving.idrett.no\/10\/f\/#\/schema\/logo\/image\/","url":"https:\/\/tyrving.idrett.no\/10\/f\/files\/2019\/04\/Tyrving-Logo-Friidrett-2019.jpg","contentUrl":"https:\/\/tyrving.idrett.no\/10\/f\/files\/2019\/04\/Tyrving-Logo-Friidrett-2019.jpg","width":460,"height":360,"caption":"Tyrving Friidrettsgruppa"},"image":{"@id":"https:\/\/tyrving.idrett.no\/10\/f\/#\/schema\/logo\/image\/"}}]}},"jetpack_sharing_enabled":true,"_links":{"self":[{"href":"https:\/\/tyrving.idrett.no\/10\/f\/wp-json\/wp\/v2\/pages\/21841"}],"collection":[{"href":"https:\/\/tyrving.idrett.no\/10\/f\/wp-json\/wp\/v2\/pages"}],"about":[{"href":"https:\/\/tyrving.idrett.no\/10\/f\/wp-json\/wp\/v2\/types\/page"}],"author":[{"embeddable":true,"href":"https:\/\/tyrving.idrett.no\/10\/f\/wp-json\/wp\/v2\/users\/44"}],"replies":[{"embeddable":true,"href":"https:\/\/tyrving.idrett.no\/10\/f\/wp-json\/wp\/v2\/comments?post=21841"}],"version-history":[{"count":97,"href":"https:\/\/tyrving.idrett.no\/10\/f\/wp-json\/wp\/v2\/pages\/21841\/revisions"}],"predecessor-version":[{"id":28221,"href":"https:\/\/tyrving.idrett.no\/10\/f\/wp-json\/wp\/v2\/pages\/21841\/revisions\/28221"}],"wp:attachment":[{"href":"https:\/\/tyrving.idrett.no\/10\/f\/wp-json\/wp\/v2\/media?parent=21841"}],"wp:term":[{"taxonomy":"category","embeddable":true,"href":"https:\/\/tyrving.idrett.no\/10\/f\/wp-json\/wp\/v2\/categories?post=21841"},{"taxonomy":"post_tag","embeddable":true,"href":"https:\/\/tyrving.idrett.no\/10\/f\/wp-json\/wp\/v2\/tags?post=21841"}],"curies":[{"name":"wp","href":"https:\/\/api.w.org\/{rel}","templated":true}]}}