{"id":21849,"date":"2021-11-11T15:03:50","date_gmt":"2021-11-11T14:03:50","guid":{"rendered":"https:\/\/tyrving.idrett.no\/10\/f\/?page_id=21849"},"modified":"2026-02-26T12:23:22","modified_gmt":"2026-02-26T11:23:22","slug":"klubbmesterskap-2","status":"publish","type":"page","link":"https:\/\/tyrving.idrett.no\/10\/f\/klubbmesterskap-2\/","title":{"rendered":"Klubbmesterskap"},"content":{"rendered":"\t\t<div data-elementor-type=\"wp-page\" data-elementor-id=\"21849\" class=\"elementor elementor-21849\" data-elementor-post-type=\"page\">\n\t\t\t\t\t\t\t\t\t<section class=\"elementor-section elementor-top-section elementor-element elementor-element-7c31a1d elementor-section-boxed elementor-section-height-default elementor-section-height-default\" data-id=\"7c31a1d\" data-element_type=\"section\">\n\t\t\t\t\t\t<div class=\"elementor-container elementor-column-gap-extended\">\n\t\t\t\t\t<div class=\"elementor-column elementor-col-50 elementor-top-column elementor-element elementor-element-64cc038\" data-id=\"64cc038\" data-element_type=\"column\" data-settings=\"{&quot;background_background&quot;:&quot;classic&quot;}\">\n\t\t\t<div class=\"elementor-widget-wrap elementor-element-populated\">\n\t\t\t\t\t\t\t\t<div class=\"elementor-element elementor-element-15c45bb elementor-widget elementor-widget-heading\" data-id=\"15c45bb\" data-element_type=\"widget\" data-widget_type=\"heading.default\">\n\t\t\t\t<div class=\"elementor-widget-container\">\n\t\t\t<h1 class=\"elementor-heading-title elementor-size-xl\">Klubbmesterskap<\/h1>\t\t<\/div>\n\t\t\t\t<\/div>\n\t\t\t\t<div class=\"elementor-element elementor-element-1d8e061 elementor-widget elementor-widget-image\" data-id=\"1d8e061\" data-element_type=\"widget\" data-widget_type=\"image.default\">\n\t\t\t\t<div class=\"elementor-widget-container\">\n\t\t\t\t\t\t\t\t\t\t\t\t\t\t\t<img decoding=\"async\" src=\"https:\/\/tyrving.idrett.no\/10\/f\/files\/elementor\/thumbs\/28B0567-492-scaled-pdx2xlsdd79d2pi4ef15gswqi2wfnlqrbn5yg5p3lc.jpg\" title=\"_28B0567-492\" alt=\"_28B0567-492\" loading=\"lazy\" \/>\t\t\t\t\t\t\t\t\t\t\t\t\t\t\t<\/div>\n\t\t\t\t<\/div>\n\t\t\t\t<div class=\"elementor-element elementor-element-c2a3483 elementor-widget elementor-widget-text-editor\" data-id=\"c2a3483\" data-element_type=\"widget\" data-widget_type=\"text-editor.default\">\n\t\t\t\t<div class=\"elementor-widget-container\">\n\t\t\t\t\t\t\t<p>Klubbmesterskapet i Tyrving\u00a0 avgj\u00f8res ved bruk av Tyrvingtabellen (10-19 \u00e5r) og den nasjonale serietabellen (alle aldre, men kun senior\u00f8velser). Ut\u00f8vernes tre beste resultater gjennom hele sesongen teller i mesterskapet; kun to av disse m\u00e5 v\u00e6re fra samme hovedgren (l\u00f8p, hopp eller kast).<\/p><table width=\"400\"><tbody><tr><td><h3><strong>2020<\/strong><\/h3><\/td><td><h3><a href=\"https:\/\/tyrving.idrett.no\/10\/f\/files\/2021\/02\/J10-KS-Tyrving-klubbmesterskap-2020-uteinne.pdf\">Jenter\/kvinner<\/a><\/h3><\/td><td><h3><a href=\"https:\/\/tyrving.idrett.no\/10\/f\/files\/2021\/02\/G10-MS-Tyrving-klubbmesterskap-2020-uteinne.pdf\">Gutter\/menn<\/a><\/h3><\/td><\/tr><\/tbody><\/table><h3>2021\u00a0 \u00a0 <a href=\"https:\/\/tyrving.idrett.no\/10\/f\/files\/2022\/11\/Jenter-Tyrving-klubbmesterskap-21-uteinne.pdf\">Jenter\/kvinner<\/a>\u00a0 \u00a0 \u00a0 \u00a0 \u00a0 \u00a0 <a href=\"https:\/\/tyrving.idrett.no\/10\/f\/files\/2022\/11\/Gutter-Tyrving-klubbmesterskap-21-uteinne.pdf\">Gutter\/menn<\/a><\/h3><h3>2022\u00a0 <a href=\"https:\/\/tyrving.idrett.no\/10\/f\/files\/2023\/01\/Tyrving-klubbmesterskap-2022-Jenter.pdf\">\u00a0 Jenter\/kvinner<\/a>\u00a0 \u00a0 \u00a0 \u00a0 \u00a0 \u00a0 <a href=\"https:\/\/tyrving.idrett.no\/10\/f\/files\/2023\/01\/Tyrving-klubbmesterskap-2022-Gutter.pdf\">Gutter\/menn<\/a><\/h3><p><strong>2023<\/strong><\/p><p><a href=\"http:\/\/Jenter\/kvinner\" data-wplink-url-error=\"true\">klubbmesterskap 2023 kvinner<\/a><\/p><p><a href=\"https:\/\/tyrving.idrett.no\/10\/f\/files\/2024\/03\/klubbmesterskap-2023-menn.pdf\">klubbmesterskap 2023 menn<\/a><\/p><p>2024\u00a0<\/p><p><a href=\"https:\/\/tyrving.idrett.no\/10\/f\/files\/2025\/03\/Tyrving-klubbmesterskap-24-uteinne.xlsx-Til-hjemmeside.pdf\">Tyrving klubbmesterskap 24 ute+inne<\/a><\/p><p>2025:<\/p><p><a href=\"https:\/\/tyrving.idrett.no\/10\/f\/files\/2026\/02\/Tyrving-klubbmesterskap-25-uteinne-3.pdf\">Tyrving klubbmesterskap 25 ute+inne <\/a><\/p><p>\u00a0<\/p><p>\u00a0<\/p><p>\u00a0<\/p>\t\t\t\t\t\t<\/div>\n\t\t\t\t<\/div>\n\t\t\t\t<div class=\"elementor-element elementor-element-d62925e elementor-widget elementor-widget-spacer\" data-id=\"d62925e\" data-element_type=\"widget\" data-widget_type=\"spacer.default\">\n\t\t\t\t<div class=\"elementor-widget-container\">\n\t\t\t\t\t<div class=\"elementor-spacer\">\n\t\t\t<div class=\"elementor-spacer-inner\"><\/div>\n\t\t<\/div>\n\t\t\t\t<\/div>\n\t\t\t\t<\/div>\n\t\t\t\t\t<\/div>\n\t\t<\/div>\n\t\t\t\t<div class=\"elementor-column elementor-col-50 elementor-top-column elementor-element elementor-element-30322ea\" data-id=\"30322ea\" data-element_type=\"column\" data-settings=\"{&quot;background_background&quot;:&quot;classic&quot;}\">\n\t\t\t<div class=\"elementor-widget-wrap elementor-element-populated\">\n\t\t\t\t\t\t\t\t<div class=\"elementor-element elementor-element-fa7b9ec sidekolonne elementor-widget elementor-widget-sidebar\" data-id=\"fa7b9ec\" data-element_type=\"widget\" data-widget_type=\"sidebar.default\">\n\t\t\t\t<div class=\"elementor-widget-container\">\n\t\t\t<div id=\"custom_html-9\" class=\"widget_text widget widget_custom_html\"><div class=\"textwidget custom-html-widget\"><div class=\"elementor-element elementor-element-3960326 elementor-align-center forsideknapp elementor-widget elementor-widget-button\" data-id=\"3960326\" data-element_type=\"widget\" data-widget_type=\"button.default\">\r\n    <div class=\"elementor-widget-container\">\r\n        <div class=\"elementor-button-wrapper\">\r\n            <a href=\"https:\/\/tyrving.idrett.no\/10\/f\/bli-medlem-i-tyrving\/\" class=\"elementor-button-link elementor-button elementor-size-md\" role=\"button\">\r\n            <span class=\"elementor-button-content-wrapper\">\r\n            <span class=\"elementor-button-text\">Bli medlem<\/span>\r\n            <\/span>\r\n            <\/a>\r\n        <\/div>\r\n    <\/div>\r\n<\/div>\r\n<div class=\"elementor-element elementor-element-ad5d130 elementor-align-center forsideknapp elementor-widget elementor-widget-button\" data-id=\"ad5d130\" data-element_type=\"widget\" data-widget_type=\"button.default\">\r\n    <div class=\"elementor-widget-container\">\r\n        <div class=\"elementor-button-wrapper\">\r\n            <a href=\"https:\/\/tyrving.ourwear.shop\/\" target=\"_blank\" class=\"elementor-button elementor-size-md\" role=\"button\" rel=\"noopener\">\r\n            <span class=\"elementor-button-content-wrapper\">\r\n            <span class=\"elementor-button-text\">Microshop<\/span>\r\n            <\/span>\r\n            <\/a>\r\n        <\/div>\r\n    <\/div>\r\n<\/div><\/div><\/div><div id=\"custom_html-8\" class=\"widget_text widget widget_custom_html\"><h2 class=\"widget-title\">Kommende hendelser<\/h2><div class=\"textwidget custom-html-widget\"><div id=\"klubbkalender-sidebar\"><\/div><\/div><\/div><div id=\"custom_html-3\" class=\"widget_text widget widget_custom_html\"><h2 class=\"widget-title\">Grasrotandelen<\/h2><div class=\"textwidget custom-html-widget\"><a href=\"https:\/\/www.norsk-tipping.no\/grasrotandelen\/din-mottaker\/971059931\" target=\"_blank\" rel=\"noopener\"><img decoding=\"async\" alt=\"Grasrotandelen\" style=\"border:0px;\" src=\"https:\/\/tyrving.idrett.no\/10\/f\/files\/2021\/10\/grasrotandelen2021.jpg\"><\/a><\/div><\/div>\t\t<\/div>\n\t\t\t\t<\/div>\n\t\t\t\t\t<\/div>\n\t\t<\/div>\n\t\t\t\t\t\t\t<\/div>\n\t\t<\/section>\n\t\t\t\t\t\t\t<\/div>\n\t\t","protected":false},"excerpt":{"rendered":"Klubbmesterskap Klubbmesterskapet i Tyrving\u00a0 avgj\u00f8res ved bruk av Tyrvingtabellen (10-19 \u00e5r) og den nasjonale serietabellen (alle aldre, men kun senior\u00f8velser). Ut\u00f8vernes tre beste resultater gjennom &#8230;","protected":false},"author":44,"featured_media":0,"parent":0,"menu_order":0,"comment_status":"closed","ping_status":"closed","template":"elementor_canvas","meta":{"footnotes":""},"categories":[],"tags":[7869],"acf":[],"yoast_head":"<!-- This site is optimized with the Yoast SEO plugin v21.2 - https:\/\/yoast.com\/wordpress\/plugins\/seo\/ -->\n<title>Klubbmesterskap - Tyrving - Friidrett<\/title>\n<meta name=\"robots\" content=\"index, follow, max-snippet:-1, max-image-preview:large, max-video-preview:-1\" \/>\n<link rel=\"canonical\" href=\"https:\/\/tyrving.idrett.no\/10\/f\/klubbmesterskap-2\/\" \/>\n<meta property=\"og:locale\" content=\"nb_NO\" \/>\n<meta property=\"og:type\" content=\"article\" \/>\n<meta property=\"og:title\" content=\"Klubbmesterskap - Tyrving - Friidrett\" \/>\n<meta property=\"og:description\" content=\"Klubbmesterskap Klubbmesterskapet i Tyrving\u00a0 avgj\u00f8res ved bruk av Tyrvingtabellen (10-19 \u00e5r) og den nasjonale serietabellen (alle aldre, men kun senior\u00f8velser). Ut\u00f8vernes tre beste resultater gjennom ...\" \/>\n<meta property=\"og:url\" content=\"https:\/\/tyrving.idrett.no\/10\/f\/klubbmesterskap-2\/\" \/>\n<meta property=\"og:site_name\" content=\"Tyrving - Friidrett\" \/>\n<meta property=\"article:modified_time\" content=\"2026-02-26T11:23:22+00:00\" \/>\n<meta property=\"og:image\" content=\"https:\/\/tyrving.idrett.no\/10\/f\/files\/elementor\/thumbs\/28B0567-492-scaled-pdx2xlsdd79d2pi4ef15gswqi2wfnlqrbn5yg5p3lc.jpg\" \/>\n<meta name=\"twitter:card\" content=\"summary_large_image\" \/>\n<meta name=\"twitter:label1\" content=\"Ansl. lesetid\" \/>\n\t<meta name=\"twitter:data1\" content=\"1 minutt\" \/>\n<script type=\"application\/ld+json\" class=\"yoast-schema-graph\">{\"@context\":\"https:\/\/schema.org\",\"@graph\":[{\"@type\":\"WebPage\",\"@id\":\"https:\/\/tyrving.idrett.no\/10\/f\/klubbmesterskap-2\/\",\"url\":\"https:\/\/tyrving.idrett.no\/10\/f\/klubbmesterskap-2\/\",\"name\":\"Klubbmesterskap - Tyrving - Friidrett\",\"isPartOf\":{\"@id\":\"https:\/\/tyrving.idrett.no\/10\/f\/#website\"},\"datePublished\":\"2021-11-11T14:03:50+00:00\",\"dateModified\":\"2026-02-26T11:23:22+00:00\",\"breadcrumb\":{\"@id\":\"https:\/\/tyrving.idrett.no\/10\/f\/klubbmesterskap-2\/#breadcrumb\"},\"inLanguage\":\"nb-NO\",\"potentialAction\":[{\"@type\":\"ReadAction\",\"target\":[\"https:\/\/tyrving.idrett.no\/10\/f\/klubbmesterskap-2\/\"]}]},{\"@type\":\"BreadcrumbList\",\"@id\":\"https:\/\/tyrving.idrett.no\/10\/f\/klubbmesterskap-2\/#breadcrumb\",\"itemListElement\":[{\"@type\":\"ListItem\",\"position\":1,\"name\":\"Hjem\",\"item\":\"https:\/\/tyrving.idrett.no\/10\/f\/\"},{\"@type\":\"ListItem\",\"position\":2,\"name\":\"Klubbmesterskap\"}]},{\"@type\":\"WebSite\",\"@id\":\"https:\/\/tyrving.idrett.no\/10\/f\/#website\",\"url\":\"https:\/\/tyrving.idrett.no\/10\/f\/\",\"name\":\"Tyrving - Friidrett\",\"description\":\"Friidrettsgruppa\",\"publisher\":{\"@id\":\"https:\/\/tyrving.idrett.no\/10\/f\/#organization\"},\"potentialAction\":[{\"@type\":\"SearchAction\",\"target\":{\"@type\":\"EntryPoint\",\"urlTemplate\":\"https:\/\/tyrving.idrett.no\/10\/f\/?s={search_term_string}\"},\"query-input\":\"required name=search_term_string\"}],\"inLanguage\":\"nb-NO\"},{\"@type\":\"Organization\",\"@id\":\"https:\/\/tyrving.idrett.no\/10\/f\/#organization\",\"name\":\"Tyrving Friidrettsgruppa\",\"url\":\"https:\/\/tyrving.idrett.no\/10\/f\/\",\"logo\":{\"@type\":\"ImageObject\",\"inLanguage\":\"nb-NO\",\"@id\":\"https:\/\/tyrving.idrett.no\/10\/f\/#\/schema\/logo\/image\/\",\"url\":\"https:\/\/tyrving.idrett.no\/10\/f\/files\/2019\/04\/Tyrving-Logo-Friidrett-2019.jpg\",\"contentUrl\":\"https:\/\/tyrving.idrett.no\/10\/f\/files\/2019\/04\/Tyrving-Logo-Friidrett-2019.jpg\",\"width\":460,\"height\":360,\"caption\":\"Tyrving Friidrettsgruppa\"},\"image\":{\"@id\":\"https:\/\/tyrving.idrett.no\/10\/f\/#\/schema\/logo\/image\/\"}}]}<\/script>\n<!-- \/ Yoast SEO plugin. -->","yoast_head_json":{"title":"Klubbmesterskap - Tyrving - Friidrett","robots":{"index":"index","follow":"follow","max-snippet":"max-snippet:-1","max-image-preview":"max-image-preview:large","max-video-preview":"max-video-preview:-1"},"canonical":"https:\/\/tyrving.idrett.no\/10\/f\/klubbmesterskap-2\/","og_locale":"nb_NO","og_type":"article","og_title":"Klubbmesterskap - Tyrving - Friidrett","og_description":"Klubbmesterskap Klubbmesterskapet i Tyrving\u00a0 avgj\u00f8res ved bruk av Tyrvingtabellen (10-19 \u00e5r) og den nasjonale serietabellen (alle aldre, men kun senior\u00f8velser). Ut\u00f8vernes tre beste resultater gjennom ...","og_url":"https:\/\/tyrving.idrett.no\/10\/f\/klubbmesterskap-2\/","og_site_name":"Tyrving - Friidrett","article_modified_time":"2026-02-26T11:23:22+00:00","og_image":[{"url":"https:\/\/tyrving.idrett.no\/10\/f\/files\/elementor\/thumbs\/28B0567-492-scaled-pdx2xlsdd79d2pi4ef15gswqi2wfnlqrbn5yg5p3lc.jpg"}],"twitter_card":"summary_large_image","twitter_misc":{"Ansl. lesetid":"1 minutt"},"schema":{"@context":"https:\/\/schema.org","@graph":[{"@type":"WebPage","@id":"https:\/\/tyrving.idrett.no\/10\/f\/klubbmesterskap-2\/","url":"https:\/\/tyrving.idrett.no\/10\/f\/klubbmesterskap-2\/","name":"Klubbmesterskap - Tyrving - Friidrett","isPartOf":{"@id":"https:\/\/tyrving.idrett.no\/10\/f\/#website"},"datePublished":"2021-11-11T14:03:50+00:00","dateModified":"2026-02-26T11:23:22+00:00","breadcrumb":{"@id":"https:\/\/tyrving.idrett.no\/10\/f\/klubbmesterskap-2\/#breadcrumb"},"inLanguage":"nb-NO","potentialAction":[{"@type":"ReadAction","target":["https:\/\/tyrving.idrett.no\/10\/f\/klubbmesterskap-2\/"]}]},{"@type":"BreadcrumbList","@id":"https:\/\/tyrving.idrett.no\/10\/f\/klubbmesterskap-2\/#breadcrumb","itemListElement":[{"@type":"ListItem","position":1,"name":"Hjem","item":"https:\/\/tyrving.idrett.no\/10\/f\/"},{"@type":"ListItem","position":2,"name":"Klubbmesterskap"}]},{"@type":"WebSite","@id":"https:\/\/tyrving.idrett.no\/10\/f\/#website","url":"https:\/\/tyrving.idrett.no\/10\/f\/","name":"Tyrving - Friidrett","description":"Friidrettsgruppa","publisher":{"@id":"https:\/\/tyrving.idrett.no\/10\/f\/#organization"},"potentialAction":[{"@type":"SearchAction","target":{"@type":"EntryPoint","urlTemplate":"https:\/\/tyrving.idrett.no\/10\/f\/?s={search_term_string}"},"query-input":"required name=search_term_string"}],"inLanguage":"nb-NO"},{"@type":"Organization","@id":"https:\/\/tyrving.idrett.no\/10\/f\/#organization","name":"Tyrving Friidrettsgruppa","url":"https:\/\/tyrving.idrett.no\/10\/f\/","logo":{"@type":"ImageObject","inLanguage":"nb-NO","@id":"https:\/\/tyrving.idrett.no\/10\/f\/#\/schema\/logo\/image\/","url":"https:\/\/tyrving.idrett.no\/10\/f\/files\/2019\/04\/Tyrving-Logo-Friidrett-2019.jpg","contentUrl":"https:\/\/tyrving.idrett.no\/10\/f\/files\/2019\/04\/Tyrving-Logo-Friidrett-2019.jpg","width":460,"height":360,"caption":"Tyrving Friidrettsgruppa"},"image":{"@id":"https:\/\/tyrving.idrett.no\/10\/f\/#\/schema\/logo\/image\/"}}]}},"jetpack_sharing_enabled":true,"_links":{"self":[{"href":"https:\/\/tyrving.idrett.no\/10\/f\/wp-json\/wp\/v2\/pages\/21849"}],"collection":[{"href":"https:\/\/tyrving.idrett.no\/10\/f\/wp-json\/wp\/v2\/pages"}],"about":[{"href":"https:\/\/tyrving.idrett.no\/10\/f\/wp-json\/wp\/v2\/types\/page"}],"author":[{"embeddable":true,"href":"https:\/\/tyrving.idrett.no\/10\/f\/wp-json\/wp\/v2\/users\/44"}],"replies":[{"embeddable":true,"href":"https:\/\/tyrving.idrett.no\/10\/f\/wp-json\/wp\/v2\/comments?post=21849"}],"version-history":[{"count":28,"href":"https:\/\/tyrving.idrett.no\/10\/f\/wp-json\/wp\/v2\/pages\/21849\/revisions"}],"predecessor-version":[{"id":28205,"href":"https:\/\/tyrving.idrett.no\/10\/f\/wp-json\/wp\/v2\/pages\/21849\/revisions\/28205"}],"wp:attachment":[{"href":"https:\/\/tyrving.idrett.no\/10\/f\/wp-json\/wp\/v2\/media?parent=21849"}],"wp:term":[{"taxonomy":"category","embeddable":true,"href":"https:\/\/tyrving.idrett.no\/10\/f\/wp-json\/wp\/v2\/categories?post=21849"},{"taxonomy":"post_tag","embeddable":true,"href":"https:\/\/tyrving.idrett.no\/10\/f\/wp-json\/wp\/v2\/tags?post=21849"}],"curies":[{"name":"wp","href":"https:\/\/api.w.org\/{rel}","templated":true}]}}