{"id":21875,"date":"2021-11-12T12:22:26","date_gmt":"2021-11-12T11:22:26","guid":{"rendered":"https:\/\/tyrving.idrett.no\/10\/f\/?page_id=21875"},"modified":"2021-12-18T16:11:23","modified_gmt":"2021-12-18T15:11:23","slug":"antidoping","status":"publish","type":"page","link":"https:\/\/tyrving.idrett.no\/10\/f\/antidoping\/","title":{"rendered":"Antidoping"},"content":{"rendered":"\t\t<div data-elementor-type=\"wp-page\" data-elementor-id=\"21875\" class=\"elementor elementor-21875\" data-elementor-post-type=\"page\">\n\t\t\t\t\t\t\t\t\t<section class=\"elementor-section elementor-top-section elementor-element elementor-element-cf23c2b elementor-section-boxed elementor-section-height-default elementor-section-height-default\" data-id=\"cf23c2b\" data-element_type=\"section\">\n\t\t\t\t\t\t<div class=\"elementor-container elementor-column-gap-extended\">\n\t\t\t\t\t<div class=\"elementor-column elementor-col-50 elementor-top-column elementor-element elementor-element-e44a29b\" data-id=\"e44a29b\" data-element_type=\"column\" data-settings=\"{&quot;background_background&quot;:&quot;classic&quot;}\">\n\t\t\t<div class=\"elementor-widget-wrap elementor-element-populated\">\n\t\t\t\t\t\t\t\t<div class=\"elementor-element elementor-element-2d14b8e elementor-widget elementor-widget-heading\" data-id=\"2d14b8e\" data-element_type=\"widget\" data-widget_type=\"heading.default\">\n\t\t\t\t<div class=\"elementor-widget-container\">\n\t\t\t<h1 class=\"elementor-heading-title elementor-size-xl\">Antidoping<\/h1>\t\t<\/div>\n\t\t\t\t<\/div>\n\t\t\t\t<div class=\"elementor-element elementor-element-feb6cea elementor-widget elementor-widget-image\" data-id=\"feb6cea\" data-element_type=\"widget\" data-widget_type=\"image.default\">\n\t\t\t\t<div class=\"elementor-widget-container\">\n\t\t\t\t\t\t\t\t\t\t\t\t\t\t\t<img decoding=\"async\" src=\"https:\/\/tyrving.idrett.no\/10\/f\/files\/elementor\/thumbs\/85077179_2678869995495506_6294582014636982272_o-okyj5lsqjy4lcyuep2feuzsv643dkrlo7g042drdpk.jpg\" title=\"85077179_2678869995495506_6294582014636982272_o\" alt=\"85077179_2678869995495506_6294582014636982272_o\" loading=\"lazy\" \/>\t\t\t\t\t\t\t\t\t\t\t\t\t\t\t<\/div>\n\t\t\t\t<\/div>\n\t\t\t\t<div class=\"elementor-element elementor-element-81fd706 elementor-widget elementor-widget-text-editor\" data-id=\"81fd706\" data-element_type=\"widget\" data-widget_type=\"text-editor.default\">\n\t\t\t\t<div class=\"elementor-widget-container\">\n\t\t\t\t\t\t\t<p>Ta kontakt med dopingkontakt for en anonym prat om doping, trening og kropp. Dopingkontakt er en anonym samtale og informasjonstjeneste. Der f\u00e5r du svar fra fagpersoner som snakker med deg om det du m\u00e5tte lure p\u00e5. For \u00e5 f\u00e5 raskt svar er det best \u00e5 ta kontakt mellom kl. 11:00 og 18:00 tirsdag til fredag.\u00a0<\/p><p>\u00a0<\/p><h2><strong>Det er viktig at du sjekker opp alle former for reseptbelagte midler, ikke-reseptbelagte preparater, salver og kosttilskudd i WADAs <a href=\"https:\/\/www.antidoping.no\/medisinsk\/dopinglisten\">dopingliste <\/a>f\u00f8r du benytter dem!\u00a0 \u00a0<\/strong><\/h2><h3>\u00a0<\/h3><h3><strong>N\u00e5r du g\u00e5r p\u00e5 apoteket eller er hos legen, opplys om at du er idrettsut\u00f8ver. Det er ditt personlige ansvar \u00e5 sjekk om det st\u00e5r p\u00e5 dopinglisten.<\/strong><\/h3><p>\u00a0<\/p><p>Chat med Antidoping Norge <a href=\"https:\/\/www.antidoping.no\/forebygging\/dopingkontakten\">her<\/a>, eller ring 800 50\u00a0200.<\/p><p>\u00a0<\/p><p><strong>Legemiddels\u00f8k<\/strong><\/p><p>Antidoping Norge har i samarbeid med Felleskatalogen etablert et legemiddels\u00f8k. <a href=\"https:\/\/www.antidoping.no\/medisinsk\/legemiddelsok\">Her<\/a> kan du sjekke om norske legemidler inneholder forbudte stoffer.<\/p><p>\u00a0<\/p><p><strong>Dopingliste <\/strong><\/p><p>Her finner du WADAs <a href=\"https:\/\/www.antidoping.no\/medisinsk\/dopinglisten\">dopingliste.<\/a> Dopinglisten er en offisiell internasjonal standarts som en del av \u00abWorld Anti-Doping Program\u00bb. Listen oppdateres \u00e5rlig.<\/p><p>\u00a0<\/p><p><strong>Medisinsk fritak<\/strong><\/p><p>Enkelte idrettsut\u00f8vere har behov for medisinsk behandling med legemidler som inneholder stoffer p\u00e5 dopinglisten. Det er utarbeidet regler for <a href=\"https:\/\/www.antidoping.no\/medisinsk\/medisinsk-fritak-tue\/regler-1\">medisinsk fritak<\/a>.<\/p><p>For \u00e5 finne ut om du trenger medisinsk fritak og hvordan du s\u00f8ker, se <a href=\"https:\/\/www.antidoping.no\/medisinsk\/medisinsk-fritak-tue\">her<\/a>.<\/p><p>\u00a0<\/p><p><strong>Ren ut\u00f8ver<\/strong><\/p><p>Alle Tyrving IL ut\u00f8vere som har fylt 15 \u00e5r og skal delta i konkurranser skal gjennomf\u00f8r Ren Ut\u00f8ver programmet til Antidoping Norge. Se <a href=\"https:\/\/www.renutover.no\/\">her<\/a> for \u00e5 ta Ren Ut\u00f8ver.<\/p><p>\u00a0<\/p><p><strong>Rent Idrettslag<\/strong><\/p><p>Tyrving IL &#8211; Friidrett har gjennomf\u00f8rt og er et &laquo;Rent Idrettslag&raquo; og har vedtatt f\u00f8lgende forpliktelser:\u00a0<\/p><p>\u00a0<\/p>\t\t\t\t\t\t<\/div>\n\t\t\t\t<\/div>\n\t\t\t\t\t<\/div>\n\t\t<\/div>\n\t\t\t\t<div class=\"elementor-column elementor-col-50 elementor-top-column elementor-element elementor-element-40a7d9d\" data-id=\"40a7d9d\" data-element_type=\"column\" data-settings=\"{&quot;background_background&quot;:&quot;classic&quot;}\">\n\t\t\t<div class=\"elementor-widget-wrap elementor-element-populated\">\n\t\t\t\t\t\t\t\t<div class=\"elementor-element elementor-element-3d049d6 sidekolonne elementor-widget elementor-widget-sidebar\" data-id=\"3d049d6\" data-element_type=\"widget\" data-widget_type=\"sidebar.default\">\n\t\t\t\t<div class=\"elementor-widget-container\">\n\t\t\t<div id=\"custom_html-9\" class=\"widget_text widget widget_custom_html\"><div class=\"textwidget custom-html-widget\"><div class=\"elementor-element elementor-element-3960326 elementor-align-center forsideknapp elementor-widget elementor-widget-button\" data-id=\"3960326\" data-element_type=\"widget\" data-widget_type=\"button.default\">\r\n    <div class=\"elementor-widget-container\">\r\n        <div class=\"elementor-button-wrapper\">\r\n            <a href=\"https:\/\/tyrving.idrett.no\/10\/f\/bli-medlem-i-tyrving\/\" class=\"elementor-button-link elementor-button elementor-size-md\" role=\"button\">\r\n            <span class=\"elementor-button-content-wrapper\">\r\n            <span class=\"elementor-button-text\">Bli medlem<\/span>\r\n            <\/span>\r\n            <\/a>\r\n        <\/div>\r\n    <\/div>\r\n<\/div>\r\n<div class=\"elementor-element elementor-element-ad5d130 elementor-align-center forsideknapp elementor-widget elementor-widget-button\" data-id=\"ad5d130\" data-element_type=\"widget\" data-widget_type=\"button.default\">\r\n    <div class=\"elementor-widget-container\">\r\n        <div class=\"elementor-button-wrapper\">\r\n            <a href=\"https:\/\/tyrving.ourwear.shop\/\" target=\"_blank\" class=\"elementor-button elementor-size-md\" role=\"button\" rel=\"noopener\">\r\n            <span class=\"elementor-button-content-wrapper\">\r\n            <span class=\"elementor-button-text\">Microshop<\/span>\r\n            <\/span>\r\n            <\/a>\r\n        <\/div>\r\n    <\/div>\r\n<\/div><\/div><\/div><div id=\"custom_html-8\" class=\"widget_text widget widget_custom_html\"><h2 class=\"widget-title\">Kommende hendelser<\/h2><div class=\"textwidget custom-html-widget\"><div id=\"klubbkalender-sidebar\"><\/div><\/div><\/div><div id=\"custom_html-3\" class=\"widget_text widget widget_custom_html\"><h2 class=\"widget-title\">Grasrotandelen<\/h2><div class=\"textwidget custom-html-widget\"><a href=\"https:\/\/www.norsk-tipping.no\/grasrotandelen\/din-mottaker\/971059931\" target=\"_blank\" rel=\"noopener\"><img decoding=\"async\" alt=\"Grasrotandelen\" style=\"border:0px;\" src=\"https:\/\/tyrving.idrett.no\/10\/f\/files\/2021\/10\/grasrotandelen2021.jpg\"><\/a><\/div><\/div>\t\t<\/div>\n\t\t\t\t<\/div>\n\t\t\t\t\t<\/div>\n\t\t<\/div>\n\t\t\t\t\t\t\t<\/div>\n\t\t<\/section>\n\t\t\t\t\t\t\t<\/div>\n\t\t","protected":false},"excerpt":{"rendered":"Antidoping Ta kontakt med dopingkontakt for en anonym prat om doping, trening og kropp. Dopingkontakt er en anonym samtale og informasjonstjeneste. Der f\u00e5r du svar fra fagpersoner som snakker med deg &#8230;","protected":false},"author":44,"featured_media":0,"parent":0,"menu_order":0,"comment_status":"closed","ping_status":"closed","template":"elementor_canvas","meta":{"footnotes":""},"categories":[],"tags":[7869],"acf":[],"yoast_head":"<!-- This site is optimized with the Yoast SEO plugin v21.2 - https:\/\/yoast.com\/wordpress\/plugins\/seo\/ -->\n<title>Antidoping - Tyrving - Friidrett<\/title>\n<meta name=\"robots\" content=\"index, follow, max-snippet:-1, max-image-preview:large, max-video-preview:-1\" \/>\n<link rel=\"canonical\" href=\"https:\/\/tyrving.idrett.no\/10\/f\/antidoping\/\" \/>\n<meta property=\"og:locale\" content=\"nb_NO\" \/>\n<meta property=\"og:type\" content=\"article\" \/>\n<meta property=\"og:title\" content=\"Antidoping - Tyrving - Friidrett\" \/>\n<meta property=\"og:description\" content=\"Antidoping Ta kontakt med dopingkontakt for en anonym prat om doping, trening og kropp. Dopingkontakt er en anonym samtale og informasjonstjeneste. Der f\u00e5r du svar fra fagpersoner som snakker med deg ...\" \/>\n<meta property=\"og:url\" content=\"https:\/\/tyrving.idrett.no\/10\/f\/antidoping\/\" \/>\n<meta property=\"og:site_name\" content=\"Tyrving - Friidrett\" \/>\n<meta property=\"article:modified_time\" content=\"2021-12-18T15:11:23+00:00\" \/>\n<meta property=\"og:image\" content=\"https:\/\/tyrving.idrett.no\/10\/f\/files\/elementor\/thumbs\/85077179_2678869995495506_6294582014636982272_o-okyj5lsqjy4lcyuep2feuzsv643dkrlo7g042drdpk.jpg\" \/>\n<meta name=\"twitter:card\" content=\"summary_large_image\" \/>\n<meta name=\"twitter:label1\" content=\"Ansl. lesetid\" \/>\n\t<meta name=\"twitter:data1\" content=\"1 minutt\" \/>\n<script type=\"application\/ld+json\" class=\"yoast-schema-graph\">{\"@context\":\"https:\/\/schema.org\",\"@graph\":[{\"@type\":\"WebPage\",\"@id\":\"https:\/\/tyrving.idrett.no\/10\/f\/antidoping\/\",\"url\":\"https:\/\/tyrving.idrett.no\/10\/f\/antidoping\/\",\"name\":\"Antidoping - Tyrving - Friidrett\",\"isPartOf\":{\"@id\":\"https:\/\/tyrving.idrett.no\/10\/f\/#website\"},\"datePublished\":\"2021-11-12T11:22:26+00:00\",\"dateModified\":\"2021-12-18T15:11:23+00:00\",\"breadcrumb\":{\"@id\":\"https:\/\/tyrving.idrett.no\/10\/f\/antidoping\/#breadcrumb\"},\"inLanguage\":\"nb-NO\",\"potentialAction\":[{\"@type\":\"ReadAction\",\"target\":[\"https:\/\/tyrving.idrett.no\/10\/f\/antidoping\/\"]}]},{\"@type\":\"BreadcrumbList\",\"@id\":\"https:\/\/tyrving.idrett.no\/10\/f\/antidoping\/#breadcrumb\",\"itemListElement\":[{\"@type\":\"ListItem\",\"position\":1,\"name\":\"Hjem\",\"item\":\"https:\/\/tyrving.idrett.no\/10\/f\/\"},{\"@type\":\"ListItem\",\"position\":2,\"name\":\"Antidoping\"}]},{\"@type\":\"WebSite\",\"@id\":\"https:\/\/tyrving.idrett.no\/10\/f\/#website\",\"url\":\"https:\/\/tyrving.idrett.no\/10\/f\/\",\"name\":\"Tyrving - Friidrett\",\"description\":\"Friidrettsgruppa\",\"publisher\":{\"@id\":\"https:\/\/tyrving.idrett.no\/10\/f\/#organization\"},\"potentialAction\":[{\"@type\":\"SearchAction\",\"target\":{\"@type\":\"EntryPoint\",\"urlTemplate\":\"https:\/\/tyrving.idrett.no\/10\/f\/?s={search_term_string}\"},\"query-input\":\"required name=search_term_string\"}],\"inLanguage\":\"nb-NO\"},{\"@type\":\"Organization\",\"@id\":\"https:\/\/tyrving.idrett.no\/10\/f\/#organization\",\"name\":\"Tyrving Friidrettsgruppa\",\"url\":\"https:\/\/tyrving.idrett.no\/10\/f\/\",\"logo\":{\"@type\":\"ImageObject\",\"inLanguage\":\"nb-NO\",\"@id\":\"https:\/\/tyrving.idrett.no\/10\/f\/#\/schema\/logo\/image\/\",\"url\":\"https:\/\/tyrving.idrett.no\/10\/f\/files\/2019\/04\/Tyrving-Logo-Friidrett-2019.jpg\",\"contentUrl\":\"https:\/\/tyrving.idrett.no\/10\/f\/files\/2019\/04\/Tyrving-Logo-Friidrett-2019.jpg\",\"width\":460,\"height\":360,\"caption\":\"Tyrving Friidrettsgruppa\"},\"image\":{\"@id\":\"https:\/\/tyrving.idrett.no\/10\/f\/#\/schema\/logo\/image\/\"}}]}<\/script>\n<!-- \/ Yoast SEO plugin. -->","yoast_head_json":{"title":"Antidoping - Tyrving - Friidrett","robots":{"index":"index","follow":"follow","max-snippet":"max-snippet:-1","max-image-preview":"max-image-preview:large","max-video-preview":"max-video-preview:-1"},"canonical":"https:\/\/tyrving.idrett.no\/10\/f\/antidoping\/","og_locale":"nb_NO","og_type":"article","og_title":"Antidoping - Tyrving - Friidrett","og_description":"Antidoping Ta kontakt med dopingkontakt for en anonym prat om doping, trening og kropp. Dopingkontakt er en anonym samtale og informasjonstjeneste. Der f\u00e5r du svar fra fagpersoner som snakker med deg ...","og_url":"https:\/\/tyrving.idrett.no\/10\/f\/antidoping\/","og_site_name":"Tyrving - Friidrett","article_modified_time":"2021-12-18T15:11:23+00:00","og_image":[{"url":"https:\/\/tyrving.idrett.no\/10\/f\/files\/elementor\/thumbs\/85077179_2678869995495506_6294582014636982272_o-okyj5lsqjy4lcyuep2feuzsv643dkrlo7g042drdpk.jpg"}],"twitter_card":"summary_large_image","twitter_misc":{"Ansl. lesetid":"1 minutt"},"schema":{"@context":"https:\/\/schema.org","@graph":[{"@type":"WebPage","@id":"https:\/\/tyrving.idrett.no\/10\/f\/antidoping\/","url":"https:\/\/tyrving.idrett.no\/10\/f\/antidoping\/","name":"Antidoping - Tyrving - Friidrett","isPartOf":{"@id":"https:\/\/tyrving.idrett.no\/10\/f\/#website"},"datePublished":"2021-11-12T11:22:26+00:00","dateModified":"2021-12-18T15:11:23+00:00","breadcrumb":{"@id":"https:\/\/tyrving.idrett.no\/10\/f\/antidoping\/#breadcrumb"},"inLanguage":"nb-NO","potentialAction":[{"@type":"ReadAction","target":["https:\/\/tyrving.idrett.no\/10\/f\/antidoping\/"]}]},{"@type":"BreadcrumbList","@id":"https:\/\/tyrving.idrett.no\/10\/f\/antidoping\/#breadcrumb","itemListElement":[{"@type":"ListItem","position":1,"name":"Hjem","item":"https:\/\/tyrving.idrett.no\/10\/f\/"},{"@type":"ListItem","position":2,"name":"Antidoping"}]},{"@type":"WebSite","@id":"https:\/\/tyrving.idrett.no\/10\/f\/#website","url":"https:\/\/tyrving.idrett.no\/10\/f\/","name":"Tyrving - Friidrett","description":"Friidrettsgruppa","publisher":{"@id":"https:\/\/tyrving.idrett.no\/10\/f\/#organization"},"potentialAction":[{"@type":"SearchAction","target":{"@type":"EntryPoint","urlTemplate":"https:\/\/tyrving.idrett.no\/10\/f\/?s={search_term_string}"},"query-input":"required name=search_term_string"}],"inLanguage":"nb-NO"},{"@type":"Organization","@id":"https:\/\/tyrving.idrett.no\/10\/f\/#organization","name":"Tyrving Friidrettsgruppa","url":"https:\/\/tyrving.idrett.no\/10\/f\/","logo":{"@type":"ImageObject","inLanguage":"nb-NO","@id":"https:\/\/tyrving.idrett.no\/10\/f\/#\/schema\/logo\/image\/","url":"https:\/\/tyrving.idrett.no\/10\/f\/files\/2019\/04\/Tyrving-Logo-Friidrett-2019.jpg","contentUrl":"https:\/\/tyrving.idrett.no\/10\/f\/files\/2019\/04\/Tyrving-Logo-Friidrett-2019.jpg","width":460,"height":360,"caption":"Tyrving Friidrettsgruppa"},"image":{"@id":"https:\/\/tyrving.idrett.no\/10\/f\/#\/schema\/logo\/image\/"}}]}},"jetpack_sharing_enabled":true,"_links":{"self":[{"href":"https:\/\/tyrving.idrett.no\/10\/f\/wp-json\/wp\/v2\/pages\/21875"}],"collection":[{"href":"https:\/\/tyrving.idrett.no\/10\/f\/wp-json\/wp\/v2\/pages"}],"about":[{"href":"https:\/\/tyrving.idrett.no\/10\/f\/wp-json\/wp\/v2\/types\/page"}],"author":[{"embeddable":true,"href":"https:\/\/tyrving.idrett.no\/10\/f\/wp-json\/wp\/v2\/users\/44"}],"replies":[{"embeddable":true,"href":"https:\/\/tyrving.idrett.no\/10\/f\/wp-json\/wp\/v2\/comments?post=21875"}],"version-history":[{"count":13,"href":"https:\/\/tyrving.idrett.no\/10\/f\/wp-json\/wp\/v2\/pages\/21875\/revisions"}],"predecessor-version":[{"id":22525,"href":"https:\/\/tyrving.idrett.no\/10\/f\/wp-json\/wp\/v2\/pages\/21875\/revisions\/22525"}],"wp:attachment":[{"href":"https:\/\/tyrving.idrett.no\/10\/f\/wp-json\/wp\/v2\/media?parent=21875"}],"wp:term":[{"taxonomy":"category","embeddable":true,"href":"https:\/\/tyrving.idrett.no\/10\/f\/wp-json\/wp\/v2\/categories?post=21875"},{"taxonomy":"post_tag","embeddable":true,"href":"https:\/\/tyrving.idrett.no\/10\/f\/wp-json\/wp\/v2\/tags?post=21875"}],"curies":[{"name":"wp","href":"https:\/\/api.w.org\/{rel}","templated":true}]}}