{"id":21880,"date":"2021-11-12T12:53:09","date_gmt":"2021-11-12T11:53:09","guid":{"rendered":"https:\/\/tyrving.idrett.no\/10\/f\/?page_id=21880"},"modified":"2021-12-18T16:10:58","modified_gmt":"2021-12-18T15:10:58","slug":"stopp","status":"publish","type":"page","link":"https:\/\/tyrving.idrett.no\/10\/f\/stopp\/","title":{"rendered":"#STOPP"},"content":{"rendered":"\t\t<div data-elementor-type=\"wp-page\" data-elementor-id=\"21880\" class=\"elementor elementor-21880\" data-elementor-post-type=\"page\">\n\t\t\t\t\t\t\t\t\t<section class=\"elementor-section elementor-top-section elementor-element elementor-element-44996b0 elementor-section-stretched elementor-section-boxed elementor-section-height-default elementor-section-height-default\" data-id=\"44996b0\" data-element_type=\"section\" data-settings=\"{&quot;stretch_section&quot;:&quot;section-stretched&quot;}\">\n\t\t\t\t\t\t<div class=\"elementor-container elementor-column-gap-extended\">\n\t\t\t\t\t<div class=\"elementor-column elementor-col-50 elementor-top-column elementor-element elementor-element-b2fdd76\" data-id=\"b2fdd76\" data-element_type=\"column\" data-settings=\"{&quot;background_background&quot;:&quot;classic&quot;}\">\n\t\t\t<div class=\"elementor-widget-wrap elementor-element-populated\">\n\t\t\t\t\t\t\t\t<div class=\"elementor-element elementor-element-61b0f21 elementor-widget elementor-widget-heading\" data-id=\"61b0f21\" data-element_type=\"widget\" data-widget_type=\"heading.default\">\n\t\t\t\t<div class=\"elementor-widget-container\">\n\t\t\t<h1 class=\"elementor-heading-title elementor-size-xl\">#STOPP<\/h1>\t\t<\/div>\n\t\t\t\t<\/div>\n\t\t\t\t<div class=\"elementor-element elementor-element-cc61cf4 elementor-widget elementor-widget-image\" data-id=\"cc61cf4\" data-element_type=\"widget\" data-widget_type=\"image.default\">\n\t\t\t\t<div class=\"elementor-widget-container\">\n\t\t\t\t\t\t\t\t\t\t\t\t\t\t\t\t<a href=\"https:\/\/tyrving.idrett.no\/10\/f\/files\/2021\/09\/20210905_150050.jpg\" data-elementor-open-lightbox=\"yes\" data-elementor-lightbox-title=\"20210905_150050\" data-e-action-hash=\"#elementor-action%3Aaction%3Dlightbox%26settings%3DeyJpZCI6IjIxMDc3IiwidXJsIjoiaHR0cHM6XC9cL3R5cnZpbmcuaWRyZXR0Lm5vXC8xMFwvZlwvZmlsZXNcLzIwMjFcLzA5XC8yMDIxMDkwNV8xNTAwNTAuanBnIn0%3D\">\n\t\t\t\t\t\t\t<img decoding=\"async\" loading=\"lazy\" width=\"1000\" height=\"750\" src=\"https:\/\/tyrving.idrett.no\/10\/f\/files\/2021\/09\/20210905_150050.jpg\" class=\"attachment-full size-full wp-image-21077\" alt=\"\" srcset=\"https:\/\/tyrving.idrett.no\/10\/f\/files\/2021\/09\/20210905_150050.jpg 1000w, https:\/\/tyrving.idrett.no\/10\/f\/files\/2021\/09\/20210905_150050-300x225.jpg 300w, https:\/\/tyrving.idrett.no\/10\/f\/files\/2021\/09\/20210905_150050-768x576.jpg 768w, https:\/\/tyrving.idrett.no\/10\/f\/files\/2021\/09\/20210905_150050-600x450.jpg 600w\" sizes=\"(max-width: 1000px) 100vw, 1000px\" \/>\t\t\t\t\t\t\t\t<\/a>\n\t\t\t\t\t\t\t\t\t\t\t\t\t\t\t<\/div>\n\t\t\t\t<\/div>\n\t\t\t\t<div class=\"elementor-element elementor-element-1ca29f6 elementor-widget elementor-widget-text-editor\" data-id=\"1ca29f6\" data-element_type=\"widget\" data-widget_type=\"text-editor.default\">\n\t\t\t\t<div class=\"elementor-widget-container\">\n\t\t\t\t\t\t\t<p><strong>Prinsipper for \u00e5 bekjempe rasisme og diskriminering i Tyrving IL &#8211; Friidrett:<\/strong><\/p><ul><li>&#8211; Alle trenere, tillitsvalgte og ansatte i Tyrving IL \u2013 Friidrett skal alltid reagere p\u00e5 rasisme.<\/li><li>&#8211; Alle i Tyrving IL \u2013 Friidrett har et ansvar for \u00e5 reagere n\u00e5r de ser, h\u00f8rer eller registrerer rasisme.<\/li><li>&#8211; Det er konsekvensen av handlingen som avgj\u00f8r om den er rasistisk eller diskriminerende.<\/li><li>&#8211; Alle henvendelser om rasisme skal tas alvorlig.<\/li><li>&#8211; Tyrving IL &#8211; Friidrett skal ta vare p\u00e5 alle involverte, og legge til rette for at h\u00e5ndteringen av saken ikke skal f\u00f8re til un\u00f8dvendig p\u00e5kjenning.<\/li><li>&#8211; Tyrving IL \u2013 Friidrett har et s\u00e6rlig ansvar for at den som har opplevd rasisme opplever trygghet for \u00e5 kunne fortsette med sin idrettsdeltakelse.<\/li><\/ul><p>\u00a0<\/p><p>Dersom du opplever diskriminering eller trakassering i Tyrving IL \u2013 Friidrett og \u00f8nsker hjelp til \u00e5 si ifra om noe du har opplevd, sett eller h\u00f8rt.<\/p><p>\u00a0<\/p><p><strong>Hvordan sier du ifra?<\/strong><\/p><p>Du kan si ifra enten skriftlig eller muntlig til en person med ansvar i idrettslaget. Om du synes det er vanskelig \u00e5 si fra p\u00e5 egenh\u00e5nd, sp\u00f8r om hjelp fra en du stoler p\u00e5. Du kan:<\/p><ul><li>Fortelle det til en ansvarsperson du har tillit til p\u00e5 trening<\/li><li>Ringe leder i idrettslaget eller leder i gruppa du trener med<\/li><li>Sende en e-post til leder av idrettslaget:\u00a0<a href=\"mailto:friidrett@tyrving.no\">friidrett@tyrving.no<\/a><\/li><\/ul><p>\u00a0<\/p><p>Du kan ogs\u00e5 sende e-post med varsler til\u00a0<a href=\"mailto:marius@tyrving.no\">marius@tyrving.no<\/a>\u00a0eller ringe 48077566.<\/p><p>\u00a0<\/p><p>Det er ogs\u00e5 mulig \u00e5 ta direkte kontakt med ansvarspersoner i Norges Idrettsforbund:<\/p><ul><li>H\u00e5vard B. \u00d8verg\u00e5rd, seniorr\u00e5dgiver verdiarbeid: <a href=\"mailto:havard.overgard@idrettsforbundet.no\">overgard@idrettsforbundet.no<\/a><\/li><li>Cecilie Prebensen, seniorr\u00e5dgiver verdiarbeid: <a href=\"mailto:cecilie.prebensen@idrettsforbundet.no\">prebensen@idrettsforbundet.no<\/a><\/li><\/ul>\t\t\t\t\t\t<\/div>\n\t\t\t\t<\/div>\n\t\t\t\t<div class=\"elementor-element elementor-element-b0e74ec elementor-widget elementor-widget-spacer\" data-id=\"b0e74ec\" data-element_type=\"widget\" data-widget_type=\"spacer.default\">\n\t\t\t\t<div class=\"elementor-widget-container\">\n\t\t\t\t\t<div class=\"elementor-spacer\">\n\t\t\t<div class=\"elementor-spacer-inner\"><\/div>\n\t\t<\/div>\n\t\t\t\t<\/div>\n\t\t\t\t<\/div>\n\t\t\t\t\t<\/div>\n\t\t<\/div>\n\t\t\t\t<div class=\"elementor-column elementor-col-50 elementor-top-column elementor-element elementor-element-3405e96\" data-id=\"3405e96\" data-element_type=\"column\" data-settings=\"{&quot;background_background&quot;:&quot;classic&quot;}\">\n\t\t\t<div class=\"elementor-widget-wrap elementor-element-populated\">\n\t\t\t\t\t\t\t\t<div class=\"elementor-element elementor-element-9575afd sidekolonne elementor-widget elementor-widget-sidebar\" data-id=\"9575afd\" data-element_type=\"widget\" data-widget_type=\"sidebar.default\">\n\t\t\t\t<div class=\"elementor-widget-container\">\n\t\t\t<div id=\"custom_html-9\" class=\"widget_text widget widget_custom_html\"><div class=\"textwidget custom-html-widget\"><div class=\"elementor-element elementor-element-3960326 elementor-align-center forsideknapp elementor-widget elementor-widget-button\" data-id=\"3960326\" data-element_type=\"widget\" data-widget_type=\"button.default\">\r\n    <div class=\"elementor-widget-container\">\r\n        <div class=\"elementor-button-wrapper\">\r\n            <a href=\"https:\/\/tyrving.idrett.no\/10\/f\/bli-medlem-i-tyrving\/\" class=\"elementor-button-link elementor-button elementor-size-md\" role=\"button\">\r\n            <span class=\"elementor-button-content-wrapper\">\r\n            <span class=\"elementor-button-text\">Bli medlem<\/span>\r\n            <\/span>\r\n            <\/a>\r\n        <\/div>\r\n    <\/div>\r\n<\/div>\r\n<div class=\"elementor-element elementor-element-ad5d130 elementor-align-center forsideknapp elementor-widget elementor-widget-button\" data-id=\"ad5d130\" data-element_type=\"widget\" data-widget_type=\"button.default\">\r\n    <div class=\"elementor-widget-container\">\r\n        <div class=\"elementor-button-wrapper\">\r\n            <a href=\"https:\/\/tyrving.ourwear.shop\/\" target=\"_blank\" class=\"elementor-button elementor-size-md\" role=\"button\" rel=\"noopener\">\r\n            <span class=\"elementor-button-content-wrapper\">\r\n            <span class=\"elementor-button-text\">Microshop<\/span>\r\n            <\/span>\r\n            <\/a>\r\n        <\/div>\r\n    <\/div>\r\n<\/div><\/div><\/div><div id=\"custom_html-8\" class=\"widget_text widget widget_custom_html\"><h2 class=\"widget-title\">Kommende hendelser<\/h2><div class=\"textwidget custom-html-widget\"><div id=\"klubbkalender-sidebar\"><\/div><\/div><\/div><div id=\"custom_html-3\" class=\"widget_text widget widget_custom_html\"><h2 class=\"widget-title\">Grasrotandelen<\/h2><div class=\"textwidget custom-html-widget\"><a href=\"https:\/\/www.norsk-tipping.no\/grasrotandelen\/din-mottaker\/971059931\" target=\"_blank\" rel=\"noopener\"><img decoding=\"async\" alt=\"Grasrotandelen\" style=\"border:0px;\" src=\"https:\/\/tyrving.idrett.no\/10\/f\/files\/2021\/10\/grasrotandelen2021.jpg\"><\/a><\/div><\/div>\t\t<\/div>\n\t\t\t\t<\/div>\n\t\t\t\t\t<\/div>\n\t\t<\/div>\n\t\t\t\t\t\t\t<\/div>\n\t\t<\/section>\n\t\t\t\t\t\t\t<\/div>\n\t\t","protected":false},"excerpt":{"rendered":"#STOPP Prinsipper for \u00e5 bekjempe rasisme og diskriminering i Tyrving IL &#8211; Friidrett: &#8211; Alle trenere, tillitsvalgte og ansatte i Tyrving IL \u2013 Friidrett skal alltid reagere p\u00e5 rasisme. &#038;#821&#8230;","protected":false},"author":44,"featured_media":0,"parent":0,"menu_order":0,"comment_status":"closed","ping_status":"closed","template":"elementor_canvas","meta":{"footnotes":""},"categories":[],"tags":[7869],"acf":[],"yoast_head":"<!-- This site is optimized with the Yoast SEO plugin v21.2 - https:\/\/yoast.com\/wordpress\/plugins\/seo\/ -->\n<title>#STOPP - Tyrving - Friidrett<\/title>\n<meta name=\"robots\" content=\"index, follow, max-snippet:-1, max-image-preview:large, max-video-preview:-1\" \/>\n<link rel=\"canonical\" href=\"https:\/\/tyrving.idrett.no\/10\/f\/stopp\/\" \/>\n<meta property=\"og:locale\" content=\"nb_NO\" \/>\n<meta property=\"og:type\" content=\"article\" \/>\n<meta property=\"og:title\" content=\"#STOPP - Tyrving - Friidrett\" \/>\n<meta property=\"og:description\" content=\"#STOPP Prinsipper for \u00e5 bekjempe rasisme og diskriminering i Tyrving IL &#8211; Friidrett: &#8211; Alle trenere, tillitsvalgte og ansatte i Tyrving IL \u2013 Friidrett skal alltid reagere p\u00e5 rasisme. &amp;#821...\" \/>\n<meta property=\"og:url\" content=\"https:\/\/tyrving.idrett.no\/10\/f\/stopp\/\" \/>\n<meta property=\"og:site_name\" content=\"Tyrving - Friidrett\" \/>\n<meta property=\"article:modified_time\" content=\"2021-12-18T15:10:58+00:00\" \/>\n<meta property=\"og:image\" content=\"https:\/\/tyrving.idrett.no\/10\/f\/files\/2021\/09\/20210905_150050.jpg\" \/>\n<meta name=\"twitter:card\" content=\"summary_large_image\" \/>\n<meta name=\"twitter:label1\" content=\"Ansl. lesetid\" \/>\n\t<meta name=\"twitter:data1\" content=\"2 minutter\" \/>\n<script type=\"application\/ld+json\" class=\"yoast-schema-graph\">{\"@context\":\"https:\/\/schema.org\",\"@graph\":[{\"@type\":\"WebPage\",\"@id\":\"https:\/\/tyrving.idrett.no\/10\/f\/stopp\/\",\"url\":\"https:\/\/tyrving.idrett.no\/10\/f\/stopp\/\",\"name\":\"#STOPP - Tyrving - Friidrett\",\"isPartOf\":{\"@id\":\"https:\/\/tyrving.idrett.no\/10\/f\/#website\"},\"datePublished\":\"2021-11-12T11:53:09+00:00\",\"dateModified\":\"2021-12-18T15:10:58+00:00\",\"breadcrumb\":{\"@id\":\"https:\/\/tyrving.idrett.no\/10\/f\/stopp\/#breadcrumb\"},\"inLanguage\":\"nb-NO\",\"potentialAction\":[{\"@type\":\"ReadAction\",\"target\":[\"https:\/\/tyrving.idrett.no\/10\/f\/stopp\/\"]}]},{\"@type\":\"BreadcrumbList\",\"@id\":\"https:\/\/tyrving.idrett.no\/10\/f\/stopp\/#breadcrumb\",\"itemListElement\":[{\"@type\":\"ListItem\",\"position\":1,\"name\":\"Hjem\",\"item\":\"https:\/\/tyrving.idrett.no\/10\/f\/\"},{\"@type\":\"ListItem\",\"position\":2,\"name\":\"#STOPP\"}]},{\"@type\":\"WebSite\",\"@id\":\"https:\/\/tyrving.idrett.no\/10\/f\/#website\",\"url\":\"https:\/\/tyrving.idrett.no\/10\/f\/\",\"name\":\"Tyrving - Friidrett\",\"description\":\"Friidrettsgruppa\",\"publisher\":{\"@id\":\"https:\/\/tyrving.idrett.no\/10\/f\/#organization\"},\"potentialAction\":[{\"@type\":\"SearchAction\",\"target\":{\"@type\":\"EntryPoint\",\"urlTemplate\":\"https:\/\/tyrving.idrett.no\/10\/f\/?s={search_term_string}\"},\"query-input\":\"required name=search_term_string\"}],\"inLanguage\":\"nb-NO\"},{\"@type\":\"Organization\",\"@id\":\"https:\/\/tyrving.idrett.no\/10\/f\/#organization\",\"name\":\"Tyrving Friidrettsgruppa\",\"url\":\"https:\/\/tyrving.idrett.no\/10\/f\/\",\"logo\":{\"@type\":\"ImageObject\",\"inLanguage\":\"nb-NO\",\"@id\":\"https:\/\/tyrving.idrett.no\/10\/f\/#\/schema\/logo\/image\/\",\"url\":\"https:\/\/tyrving.idrett.no\/10\/f\/files\/2019\/04\/Tyrving-Logo-Friidrett-2019.jpg\",\"contentUrl\":\"https:\/\/tyrving.idrett.no\/10\/f\/files\/2019\/04\/Tyrving-Logo-Friidrett-2019.jpg\",\"width\":460,\"height\":360,\"caption\":\"Tyrving Friidrettsgruppa\"},\"image\":{\"@id\":\"https:\/\/tyrving.idrett.no\/10\/f\/#\/schema\/logo\/image\/\"}}]}<\/script>\n<!-- \/ Yoast SEO plugin. -->","yoast_head_json":{"title":"#STOPP - Tyrving - Friidrett","robots":{"index":"index","follow":"follow","max-snippet":"max-snippet:-1","max-image-preview":"max-image-preview:large","max-video-preview":"max-video-preview:-1"},"canonical":"https:\/\/tyrving.idrett.no\/10\/f\/stopp\/","og_locale":"nb_NO","og_type":"article","og_title":"#STOPP - Tyrving - Friidrett","og_description":"#STOPP Prinsipper for \u00e5 bekjempe rasisme og diskriminering i Tyrving IL &#8211; Friidrett: &#8211; Alle trenere, tillitsvalgte og ansatte i Tyrving IL \u2013 Friidrett skal alltid reagere p\u00e5 rasisme. &#821...","og_url":"https:\/\/tyrving.idrett.no\/10\/f\/stopp\/","og_site_name":"Tyrving - Friidrett","article_modified_time":"2021-12-18T15:10:58+00:00","og_image":[{"url":"https:\/\/tyrving.idrett.no\/10\/f\/files\/2021\/09\/20210905_150050.jpg"}],"twitter_card":"summary_large_image","twitter_misc":{"Ansl. lesetid":"2 minutter"},"schema":{"@context":"https:\/\/schema.org","@graph":[{"@type":"WebPage","@id":"https:\/\/tyrving.idrett.no\/10\/f\/stopp\/","url":"https:\/\/tyrving.idrett.no\/10\/f\/stopp\/","name":"#STOPP - Tyrving - Friidrett","isPartOf":{"@id":"https:\/\/tyrving.idrett.no\/10\/f\/#website"},"datePublished":"2021-11-12T11:53:09+00:00","dateModified":"2021-12-18T15:10:58+00:00","breadcrumb":{"@id":"https:\/\/tyrving.idrett.no\/10\/f\/stopp\/#breadcrumb"},"inLanguage":"nb-NO","potentialAction":[{"@type":"ReadAction","target":["https:\/\/tyrving.idrett.no\/10\/f\/stopp\/"]}]},{"@type":"BreadcrumbList","@id":"https:\/\/tyrving.idrett.no\/10\/f\/stopp\/#breadcrumb","itemListElement":[{"@type":"ListItem","position":1,"name":"Hjem","item":"https:\/\/tyrving.idrett.no\/10\/f\/"},{"@type":"ListItem","position":2,"name":"#STOPP"}]},{"@type":"WebSite","@id":"https:\/\/tyrving.idrett.no\/10\/f\/#website","url":"https:\/\/tyrving.idrett.no\/10\/f\/","name":"Tyrving - Friidrett","description":"Friidrettsgruppa","publisher":{"@id":"https:\/\/tyrving.idrett.no\/10\/f\/#organization"},"potentialAction":[{"@type":"SearchAction","target":{"@type":"EntryPoint","urlTemplate":"https:\/\/tyrving.idrett.no\/10\/f\/?s={search_term_string}"},"query-input":"required name=search_term_string"}],"inLanguage":"nb-NO"},{"@type":"Organization","@id":"https:\/\/tyrving.idrett.no\/10\/f\/#organization","name":"Tyrving Friidrettsgruppa","url":"https:\/\/tyrving.idrett.no\/10\/f\/","logo":{"@type":"ImageObject","inLanguage":"nb-NO","@id":"https:\/\/tyrving.idrett.no\/10\/f\/#\/schema\/logo\/image\/","url":"https:\/\/tyrving.idrett.no\/10\/f\/files\/2019\/04\/Tyrving-Logo-Friidrett-2019.jpg","contentUrl":"https:\/\/tyrving.idrett.no\/10\/f\/files\/2019\/04\/Tyrving-Logo-Friidrett-2019.jpg","width":460,"height":360,"caption":"Tyrving Friidrettsgruppa"},"image":{"@id":"https:\/\/tyrving.idrett.no\/10\/f\/#\/schema\/logo\/image\/"}}]}},"jetpack_sharing_enabled":true,"_links":{"self":[{"href":"https:\/\/tyrving.idrett.no\/10\/f\/wp-json\/wp\/v2\/pages\/21880"}],"collection":[{"href":"https:\/\/tyrving.idrett.no\/10\/f\/wp-json\/wp\/v2\/pages"}],"about":[{"href":"https:\/\/tyrving.idrett.no\/10\/f\/wp-json\/wp\/v2\/types\/page"}],"author":[{"embeddable":true,"href":"https:\/\/tyrving.idrett.no\/10\/f\/wp-json\/wp\/v2\/users\/44"}],"replies":[{"embeddable":true,"href":"https:\/\/tyrving.idrett.no\/10\/f\/wp-json\/wp\/v2\/comments?post=21880"}],"version-history":[{"count":25,"href":"https:\/\/tyrving.idrett.no\/10\/f\/wp-json\/wp\/v2\/pages\/21880\/revisions"}],"predecessor-version":[{"id":22522,"href":"https:\/\/tyrving.idrett.no\/10\/f\/wp-json\/wp\/v2\/pages\/21880\/revisions\/22522"}],"wp:attachment":[{"href":"https:\/\/tyrving.idrett.no\/10\/f\/wp-json\/wp\/v2\/media?parent=21880"}],"wp:term":[{"taxonomy":"category","embeddable":true,"href":"https:\/\/tyrving.idrett.no\/10\/f\/wp-json\/wp\/v2\/categories?post=21880"},{"taxonomy":"post_tag","embeddable":true,"href":"https:\/\/tyrving.idrett.no\/10\/f\/wp-json\/wp\/v2\/tags?post=21880"}],"curies":[{"name":"wp","href":"https:\/\/api.w.org\/{rel}","templated":true}]}}