{"id":21885,"date":"2021-11-12T13:00:11","date_gmt":"2021-11-12T12:00:11","guid":{"rendered":"https:\/\/tyrving.idrett.no\/10\/f\/?page_id=21885"},"modified":"2026-02-24T14:05:20","modified_gmt":"2026-02-24T13:05:20","slug":"trakassering-eller-overgrep","status":"publish","type":"page","link":"https:\/\/tyrving.idrett.no\/10\/f\/trakassering-eller-overgrep\/","title":{"rendered":"Trakassering eller overgrep"},"content":{"rendered":"\t\t<div data-elementor-type=\"wp-page\" data-elementor-id=\"21885\" class=\"elementor elementor-21885\" data-elementor-post-type=\"page\">\n\t\t\t\t\t\t\t\t\t<section class=\"elementor-section elementor-top-section elementor-element elementor-element-fe9e8eb elementor-section-boxed elementor-section-height-default elementor-section-height-default\" data-id=\"fe9e8eb\" data-element_type=\"section\">\n\t\t\t\t\t\t<div class=\"elementor-container elementor-column-gap-extended\">\n\t\t\t\t\t<div class=\"elementor-column elementor-col-50 elementor-top-column elementor-element elementor-element-3c319b0\" data-id=\"3c319b0\" data-element_type=\"column\" data-settings=\"{&quot;background_background&quot;:&quot;classic&quot;}\">\n\t\t\t<div class=\"elementor-widget-wrap elementor-element-populated\">\n\t\t\t\t\t\t\t\t<div class=\"elementor-element elementor-element-8bd0db9 elementor-widget elementor-widget-heading\" data-id=\"8bd0db9\" data-element_type=\"widget\" data-widget_type=\"heading.default\">\n\t\t\t\t<div class=\"elementor-widget-container\">\n\t\t\t<h1 class=\"elementor-heading-title elementor-size-xl\">Trakassering eller overgrep<\/h1>\t\t<\/div>\n\t\t\t\t<\/div>\n\t\t\t\t<div class=\"elementor-element elementor-element-b638ea3 elementor-widget elementor-widget-image\" data-id=\"b638ea3\" data-element_type=\"widget\" data-widget_type=\"image.default\">\n\t\t\t\t<div class=\"elementor-widget-container\">\n\t\t\t\t\t\t\t\t\t\t\t\t\t\t\t<img decoding=\"async\" loading=\"lazy\" width=\"1024\" height=\"576\" src=\"https:\/\/tyrving.idrett.no\/10\/f\/files\/2018\/12\/IMG_20181114_144842-1024x576.jpg\" class=\"attachment-large size-large wp-image-18435\" alt=\"\" srcset=\"https:\/\/tyrving.idrett.no\/10\/f\/files\/2018\/12\/IMG_20181114_144842-1024x576.jpg 1024w, https:\/\/tyrving.idrett.no\/10\/f\/files\/2018\/12\/IMG_20181114_144842-300x169.jpg 300w, https:\/\/tyrving.idrett.no\/10\/f\/files\/2018\/12\/IMG_20181114_144842-768x432.jpg 768w, https:\/\/tyrving.idrett.no\/10\/f\/files\/2018\/12\/IMG_20181114_144842-600x337.jpg 600w, https:\/\/tyrving.idrett.no\/10\/f\/files\/2018\/12\/IMG_20181114_144842.jpg 1080w\" sizes=\"(max-width: 1024px) 100vw, 1024px\" \/>\t\t\t\t\t\t\t\t\t\t\t\t\t\t\t<\/div>\n\t\t\t\t<\/div>\n\t\t\t\t<div class=\"elementor-element elementor-element-59d2031 elementor-widget elementor-widget-text-editor\" data-id=\"59d2031\" data-element_type=\"widget\" data-widget_type=\"text-editor.default\">\n\t\t\t\t<div class=\"elementor-widget-container\">\n\t\t\t\t\t\t\t<p>Tyrving Friidrett f\u00f8lger\u00a0<a href=\"https:\/\/www.idrettsforbundet.no\/tema\/seksuell-trakassering-og-overgrep\/\">retningslinjene<\/a>\u00a0fra Norges Idrettsforbund vedr\u00f8rende seksuell trakassering og overgrep. Utgangspunktet er at seksuelle overgrep og seksuell trakassering er\u00a0<em>totalt uforenlig med idrettens verdier.\u00a0<\/em>Alvorlige hendelser b\u00f8r politianmeldes.<\/p><p><strong>Si ifra!<\/strong><\/p><p>Vi skal v\u00e6re et trygt idrettslag. Si ifra om du eller noen andre opplever mobbing, diskriminering, trakassering eller overgrep.<\/p><p><strong>Hvordan sier du ifra?<\/strong><\/p><p>Du kan si ifra enten skriftlig eller muntlig til en person med ansvar i idrettslaget. Om du synes det er vanskelig \u00e5 si fra p\u00e5 egenh\u00e5nd, sp\u00f8r om hjelp fra en du stoler p\u00e5. Du kan:<\/p><ul><li>Fortelle det til en ansvarsperson du har tillit til p\u00e5 trening<\/li><li>Ringe leder i idrettslaget eller leder i gruppa du trener med<\/li><li>Sende en e-post til leder av idrettslaget:\u00a0<a href=\"mailto:friidrett@tyrving.no\">friidrett@tyrving.no<\/a><\/li><\/ul><p>Om du er usikker og \u00f8nsker mer informasjon for \u00e5 varsle, kan du ogs\u00e5 ta kontakt med Norges Idrettsforbund for r\u00e5d og hjelp.<\/p><p><strong>Hva skjer n\u00e5r du sier ifra?<\/strong><\/p><p>Vi f\u00f8lger opp alle saker, og det er ledelsen i idrettslaget sin oppgave \u00e5 h\u00e5ndtere varselet. Vi vil gi deg beskjed n\u00e5r varselet er mottatt og holde deg oppdatert om hva som skjer videre.<\/p><p>Om du \u00f8nsker mer informasjon eller raskere tilbakemelding, ta kontakt med den personen du har meldt ifra til og ettersp\u00f8r mer informasjon. Ta ogs\u00e5 kontakt om du f\u00f8ler deg utrygg eller er usikker p\u00e5 hva som skjer. Som varsler er det viktig at du f\u00f8ler deg ivaretatt og m\u00f8tt p\u00e5 en god m\u00e5te.<\/p><p>Styret har bestemt at vedkommende\u00a0kan holde ditt navn skjult dersom du \u00f8nsker det i den videre h\u00e5ndteringen av saken. Dette fordi vi \u00f8nsker at du varsler, selv om det kan oppleves som sv\u00e6rt vanskelig.<\/p>\t\t\t\t\t\t<\/div>\n\t\t\t\t<\/div>\n\t\t\t\t<div class=\"elementor-element elementor-element-f0b226b elementor-widget elementor-widget-spacer\" data-id=\"f0b226b\" data-element_type=\"widget\" data-widget_type=\"spacer.default\">\n\t\t\t\t<div class=\"elementor-widget-container\">\n\t\t\t\t\t<div class=\"elementor-spacer\">\n\t\t\t<div class=\"elementor-spacer-inner\"><\/div>\n\t\t<\/div>\n\t\t\t\t<\/div>\n\t\t\t\t<\/div>\n\t\t\t\t\t<\/div>\n\t\t<\/div>\n\t\t\t\t<div class=\"elementor-column elementor-col-50 elementor-top-column elementor-element elementor-element-7ba148c\" data-id=\"7ba148c\" data-element_type=\"column\" data-settings=\"{&quot;background_background&quot;:&quot;classic&quot;}\">\n\t\t\t<div class=\"elementor-widget-wrap elementor-element-populated\">\n\t\t\t\t\t\t\t\t<div class=\"elementor-element elementor-element-53694c7 sidekolonne elementor-widget elementor-widget-sidebar\" data-id=\"53694c7\" data-element_type=\"widget\" data-widget_type=\"sidebar.default\">\n\t\t\t\t<div class=\"elementor-widget-container\">\n\t\t\t<div id=\"custom_html-9\" class=\"widget_text widget widget_custom_html\"><div class=\"textwidget custom-html-widget\"><div class=\"elementor-element elementor-element-3960326 elementor-align-center forsideknapp elementor-widget elementor-widget-button\" data-id=\"3960326\" data-element_type=\"widget\" data-widget_type=\"button.default\">\r\n    <div class=\"elementor-widget-container\">\r\n        <div class=\"elementor-button-wrapper\">\r\n            <a href=\"https:\/\/tyrving.idrett.no\/10\/f\/bli-medlem-i-tyrving\/\" class=\"elementor-button-link elementor-button elementor-size-md\" role=\"button\">\r\n            <span class=\"elementor-button-content-wrapper\">\r\n            <span class=\"elementor-button-text\">Bli medlem<\/span>\r\n            <\/span>\r\n            <\/a>\r\n        <\/div>\r\n    <\/div>\r\n<\/div>\r\n<div class=\"elementor-element elementor-element-ad5d130 elementor-align-center forsideknapp elementor-widget elementor-widget-button\" data-id=\"ad5d130\" data-element_type=\"widget\" data-widget_type=\"button.default\">\r\n    <div class=\"elementor-widget-container\">\r\n        <div class=\"elementor-button-wrapper\">\r\n            <a href=\"https:\/\/tyrving.ourwear.shop\/\" target=\"_blank\" class=\"elementor-button elementor-size-md\" role=\"button\" rel=\"noopener\">\r\n            <span class=\"elementor-button-content-wrapper\">\r\n            <span class=\"elementor-button-text\">Microshop<\/span>\r\n            <\/span>\r\n            <\/a>\r\n        <\/div>\r\n    <\/div>\r\n<\/div><\/div><\/div><div id=\"custom_html-8\" class=\"widget_text widget widget_custom_html\"><h2 class=\"widget-title\">Kommende hendelser<\/h2><div class=\"textwidget custom-html-widget\"><div id=\"klubbkalender-sidebar\"><\/div><\/div><\/div><div id=\"custom_html-3\" class=\"widget_text widget widget_custom_html\"><h2 class=\"widget-title\">Grasrotandelen<\/h2><div class=\"textwidget custom-html-widget\"><a href=\"https:\/\/www.norsk-tipping.no\/grasrotandelen\/din-mottaker\/971059931\" target=\"_blank\" rel=\"noopener\"><img decoding=\"async\" alt=\"Grasrotandelen\" style=\"border:0px;\" src=\"https:\/\/tyrving.idrett.no\/10\/f\/files\/2021\/10\/grasrotandelen2021.jpg\"><\/a><\/div><\/div>\t\t<\/div>\n\t\t\t\t<\/div>\n\t\t\t\t\t<\/div>\n\t\t<\/div>\n\t\t\t\t\t\t\t<\/div>\n\t\t<\/section>\n\t\t\t\t\t\t\t<\/div>\n\t\t","protected":false},"excerpt":{"rendered":"Trakassering eller overgrep Tyrving Friidrett f\u00f8lger\u00a0retningslinjene\u00a0fra Norges Idrettsforbund vedr\u00f8rende seksuell trakassering og overgrep. Utgangspunktet er at seksuelle overgrep og seksuell trakass&#8230;","protected":false},"author":44,"featured_media":0,"parent":0,"menu_order":0,"comment_status":"closed","ping_status":"closed","template":"elementor_canvas","meta":{"footnotes":""},"categories":[],"tags":[7869],"acf":[],"yoast_head":"<!-- This site is optimized with the Yoast SEO plugin v21.2 - https:\/\/yoast.com\/wordpress\/plugins\/seo\/ -->\n<title>Trakassering eller overgrep - Tyrving - Friidrett<\/title>\n<meta name=\"robots\" content=\"index, follow, max-snippet:-1, max-image-preview:large, max-video-preview:-1\" \/>\n<link rel=\"canonical\" href=\"https:\/\/tyrving.idrett.no\/10\/f\/trakassering-eller-overgrep\/\" \/>\n<meta property=\"og:locale\" content=\"nb_NO\" \/>\n<meta property=\"og:type\" content=\"article\" \/>\n<meta property=\"og:title\" content=\"Trakassering eller overgrep - Tyrving - Friidrett\" \/>\n<meta property=\"og:description\" content=\"Trakassering eller overgrep Tyrving Friidrett f\u00f8lger\u00a0retningslinjene\u00a0fra Norges Idrettsforbund vedr\u00f8rende seksuell trakassering og overgrep. Utgangspunktet er at seksuelle overgrep og seksuell trakass...\" \/>\n<meta property=\"og:url\" content=\"https:\/\/tyrving.idrett.no\/10\/f\/trakassering-eller-overgrep\/\" \/>\n<meta property=\"og:site_name\" content=\"Tyrving - Friidrett\" \/>\n<meta property=\"article:modified_time\" content=\"2026-02-24T13:05:20+00:00\" \/>\n<meta property=\"og:image\" content=\"https:\/\/tyrving.idrett.no\/10\/f\/files\/2018\/12\/IMG_20181114_144842-1024x576.jpg\" \/>\n<meta name=\"twitter:card\" content=\"summary_large_image\" \/>\n<meta name=\"twitter:label1\" content=\"Ansl. lesetid\" \/>\n\t<meta name=\"twitter:data1\" content=\"2 minutter\" \/>\n<script type=\"application\/ld+json\" class=\"yoast-schema-graph\">{\"@context\":\"https:\/\/schema.org\",\"@graph\":[{\"@type\":\"WebPage\",\"@id\":\"https:\/\/tyrving.idrett.no\/10\/f\/trakassering-eller-overgrep\/\",\"url\":\"https:\/\/tyrving.idrett.no\/10\/f\/trakassering-eller-overgrep\/\",\"name\":\"Trakassering eller overgrep - Tyrving - Friidrett\",\"isPartOf\":{\"@id\":\"https:\/\/tyrving.idrett.no\/10\/f\/#website\"},\"datePublished\":\"2021-11-12T12:00:11+00:00\",\"dateModified\":\"2026-02-24T13:05:20+00:00\",\"breadcrumb\":{\"@id\":\"https:\/\/tyrving.idrett.no\/10\/f\/trakassering-eller-overgrep\/#breadcrumb\"},\"inLanguage\":\"nb-NO\",\"potentialAction\":[{\"@type\":\"ReadAction\",\"target\":[\"https:\/\/tyrving.idrett.no\/10\/f\/trakassering-eller-overgrep\/\"]}]},{\"@type\":\"BreadcrumbList\",\"@id\":\"https:\/\/tyrving.idrett.no\/10\/f\/trakassering-eller-overgrep\/#breadcrumb\",\"itemListElement\":[{\"@type\":\"ListItem\",\"position\":1,\"name\":\"Hjem\",\"item\":\"https:\/\/tyrving.idrett.no\/10\/f\/\"},{\"@type\":\"ListItem\",\"position\":2,\"name\":\"Trakassering eller overgrep\"}]},{\"@type\":\"WebSite\",\"@id\":\"https:\/\/tyrving.idrett.no\/10\/f\/#website\",\"url\":\"https:\/\/tyrving.idrett.no\/10\/f\/\",\"name\":\"Tyrving - Friidrett\",\"description\":\"Friidrettsgruppa\",\"publisher\":{\"@id\":\"https:\/\/tyrving.idrett.no\/10\/f\/#organization\"},\"potentialAction\":[{\"@type\":\"SearchAction\",\"target\":{\"@type\":\"EntryPoint\",\"urlTemplate\":\"https:\/\/tyrving.idrett.no\/10\/f\/?s={search_term_string}\"},\"query-input\":\"required name=search_term_string\"}],\"inLanguage\":\"nb-NO\"},{\"@type\":\"Organization\",\"@id\":\"https:\/\/tyrving.idrett.no\/10\/f\/#organization\",\"name\":\"Tyrving Friidrettsgruppa\",\"url\":\"https:\/\/tyrving.idrett.no\/10\/f\/\",\"logo\":{\"@type\":\"ImageObject\",\"inLanguage\":\"nb-NO\",\"@id\":\"https:\/\/tyrving.idrett.no\/10\/f\/#\/schema\/logo\/image\/\",\"url\":\"https:\/\/tyrving.idrett.no\/10\/f\/files\/2019\/04\/Tyrving-Logo-Friidrett-2019.jpg\",\"contentUrl\":\"https:\/\/tyrving.idrett.no\/10\/f\/files\/2019\/04\/Tyrving-Logo-Friidrett-2019.jpg\",\"width\":460,\"height\":360,\"caption\":\"Tyrving Friidrettsgruppa\"},\"image\":{\"@id\":\"https:\/\/tyrving.idrett.no\/10\/f\/#\/schema\/logo\/image\/\"}}]}<\/script>\n<!-- \/ Yoast SEO plugin. -->","yoast_head_json":{"title":"Trakassering eller overgrep - Tyrving - Friidrett","robots":{"index":"index","follow":"follow","max-snippet":"max-snippet:-1","max-image-preview":"max-image-preview:large","max-video-preview":"max-video-preview:-1"},"canonical":"https:\/\/tyrving.idrett.no\/10\/f\/trakassering-eller-overgrep\/","og_locale":"nb_NO","og_type":"article","og_title":"Trakassering eller overgrep - Tyrving - Friidrett","og_description":"Trakassering eller overgrep Tyrving Friidrett f\u00f8lger\u00a0retningslinjene\u00a0fra Norges Idrettsforbund vedr\u00f8rende seksuell trakassering og overgrep. Utgangspunktet er at seksuelle overgrep og seksuell trakass...","og_url":"https:\/\/tyrving.idrett.no\/10\/f\/trakassering-eller-overgrep\/","og_site_name":"Tyrving - Friidrett","article_modified_time":"2026-02-24T13:05:20+00:00","og_image":[{"url":"https:\/\/tyrving.idrett.no\/10\/f\/files\/2018\/12\/IMG_20181114_144842-1024x576.jpg"}],"twitter_card":"summary_large_image","twitter_misc":{"Ansl. lesetid":"2 minutter"},"schema":{"@context":"https:\/\/schema.org","@graph":[{"@type":"WebPage","@id":"https:\/\/tyrving.idrett.no\/10\/f\/trakassering-eller-overgrep\/","url":"https:\/\/tyrving.idrett.no\/10\/f\/trakassering-eller-overgrep\/","name":"Trakassering eller overgrep - Tyrving - Friidrett","isPartOf":{"@id":"https:\/\/tyrving.idrett.no\/10\/f\/#website"},"datePublished":"2021-11-12T12:00:11+00:00","dateModified":"2026-02-24T13:05:20+00:00","breadcrumb":{"@id":"https:\/\/tyrving.idrett.no\/10\/f\/trakassering-eller-overgrep\/#breadcrumb"},"inLanguage":"nb-NO","potentialAction":[{"@type":"ReadAction","target":["https:\/\/tyrving.idrett.no\/10\/f\/trakassering-eller-overgrep\/"]}]},{"@type":"BreadcrumbList","@id":"https:\/\/tyrving.idrett.no\/10\/f\/trakassering-eller-overgrep\/#breadcrumb","itemListElement":[{"@type":"ListItem","position":1,"name":"Hjem","item":"https:\/\/tyrving.idrett.no\/10\/f\/"},{"@type":"ListItem","position":2,"name":"Trakassering eller overgrep"}]},{"@type":"WebSite","@id":"https:\/\/tyrving.idrett.no\/10\/f\/#website","url":"https:\/\/tyrving.idrett.no\/10\/f\/","name":"Tyrving - Friidrett","description":"Friidrettsgruppa","publisher":{"@id":"https:\/\/tyrving.idrett.no\/10\/f\/#organization"},"potentialAction":[{"@type":"SearchAction","target":{"@type":"EntryPoint","urlTemplate":"https:\/\/tyrving.idrett.no\/10\/f\/?s={search_term_string}"},"query-input":"required name=search_term_string"}],"inLanguage":"nb-NO"},{"@type":"Organization","@id":"https:\/\/tyrving.idrett.no\/10\/f\/#organization","name":"Tyrving Friidrettsgruppa","url":"https:\/\/tyrving.idrett.no\/10\/f\/","logo":{"@type":"ImageObject","inLanguage":"nb-NO","@id":"https:\/\/tyrving.idrett.no\/10\/f\/#\/schema\/logo\/image\/","url":"https:\/\/tyrving.idrett.no\/10\/f\/files\/2019\/04\/Tyrving-Logo-Friidrett-2019.jpg","contentUrl":"https:\/\/tyrving.idrett.no\/10\/f\/files\/2019\/04\/Tyrving-Logo-Friidrett-2019.jpg","width":460,"height":360,"caption":"Tyrving Friidrettsgruppa"},"image":{"@id":"https:\/\/tyrving.idrett.no\/10\/f\/#\/schema\/logo\/image\/"}}]}},"jetpack_sharing_enabled":true,"_links":{"self":[{"href":"https:\/\/tyrving.idrett.no\/10\/f\/wp-json\/wp\/v2\/pages\/21885"}],"collection":[{"href":"https:\/\/tyrving.idrett.no\/10\/f\/wp-json\/wp\/v2\/pages"}],"about":[{"href":"https:\/\/tyrving.idrett.no\/10\/f\/wp-json\/wp\/v2\/types\/page"}],"author":[{"embeddable":true,"href":"https:\/\/tyrving.idrett.no\/10\/f\/wp-json\/wp\/v2\/users\/44"}],"replies":[{"embeddable":true,"href":"https:\/\/tyrving.idrett.no\/10\/f\/wp-json\/wp\/v2\/comments?post=21885"}],"version-history":[{"count":16,"href":"https:\/\/tyrving.idrett.no\/10\/f\/wp-json\/wp\/v2\/pages\/21885\/revisions"}],"predecessor-version":[{"id":28174,"href":"https:\/\/tyrving.idrett.no\/10\/f\/wp-json\/wp\/v2\/pages\/21885\/revisions\/28174"}],"wp:attachment":[{"href":"https:\/\/tyrving.idrett.no\/10\/f\/wp-json\/wp\/v2\/media?parent=21885"}],"wp:term":[{"taxonomy":"category","embeddable":true,"href":"https:\/\/tyrving.idrett.no\/10\/f\/wp-json\/wp\/v2\/categories?post=21885"},{"taxonomy":"post_tag","embeddable":true,"href":"https:\/\/tyrving.idrett.no\/10\/f\/wp-json\/wp\/v2\/tags?post=21885"}],"curies":[{"name":"wp","href":"https:\/\/api.w.org\/{rel}","templated":true}]}}