{"id":21890,"date":"2021-11-12T13:12:13","date_gmt":"2021-11-12T12:12:13","guid":{"rendered":"https:\/\/tyrving.idrett.no\/10\/f\/?page_id=21890"},"modified":"2021-12-18T16:09:23","modified_gmt":"2021-12-18T15:09:23","slug":"skade-og-skadeforebygging","status":"publish","type":"page","link":"https:\/\/tyrving.idrett.no\/10\/f\/skade-og-skadeforebygging\/","title":{"rendered":"Skade og skadeforebygging"},"content":{"rendered":"\t\t<div data-elementor-type=\"wp-page\" data-elementor-id=\"21890\" class=\"elementor elementor-21890\" data-elementor-post-type=\"page\">\n\t\t\t\t\t\t\t\t\t<section class=\"elementor-section elementor-top-section elementor-element elementor-element-c9df6e2 elementor-section-boxed elementor-section-height-default elementor-section-height-default\" data-id=\"c9df6e2\" data-element_type=\"section\">\n\t\t\t\t\t\t<div class=\"elementor-container elementor-column-gap-extended\">\n\t\t\t\t\t<div class=\"elementor-column elementor-col-50 elementor-top-column elementor-element elementor-element-3c55c25\" data-id=\"3c55c25\" data-element_type=\"column\" data-settings=\"{&quot;background_background&quot;:&quot;classic&quot;}\">\n\t\t\t<div class=\"elementor-widget-wrap elementor-element-populated\">\n\t\t\t\t\t\t\t\t<div class=\"elementor-element elementor-element-c595612 elementor-widget elementor-widget-heading\" data-id=\"c595612\" data-element_type=\"widget\" data-widget_type=\"heading.default\">\n\t\t\t\t<div class=\"elementor-widget-container\">\n\t\t\t<h1 class=\"elementor-heading-title elementor-size-xl\">Skade og skadeforebygging<\/h1>\t\t<\/div>\n\t\t\t\t<\/div>\n\t\t\t\t<div class=\"elementor-element elementor-element-0b1f3df elementor-widget elementor-widget-image\" data-id=\"0b1f3df\" data-element_type=\"widget\" data-widget_type=\"image.default\">\n\t\t\t\t<div class=\"elementor-widget-container\">\n\t\t\t\t\t\t\t\t\t\t\t\t\t\t\t<img decoding=\"async\" src=\"https:\/\/tyrving.idrett.no\/10\/f\/files\/elementor\/thumbs\/I0A8093-scaled-pfydvkle5mxmjr53ym8i63htqqp368ugtetlrupy5k.jpg\" title=\"_I0A8093\" alt=\"_I0A8093\" loading=\"lazy\" \/>\t\t\t\t\t\t\t\t\t\t\t\t\t\t\t<\/div>\n\t\t\t\t<\/div>\n\t\t\t\t<div class=\"elementor-element elementor-element-5937d1a elementor-widget elementor-widget-text-editor\" data-id=\"5937d1a\" data-element_type=\"widget\" data-widget_type=\"text-editor.default\">\n\t\t\t\t<div class=\"elementor-widget-container\">\n\t\t\t\t\t\t\t<h2>Ved behov for akutt legehjelp\/medisinsk hjelp m\u00e5 du ta kontakt med lokal legevakt eller n\u00f8dtelefon 113\/116117.<\/h2>\t\t\t\t\t\t<\/div>\n\t\t\t\t<\/div>\n\t\t\t\t<div class=\"elementor-element elementor-element-07bb3a6 elementor-widget elementor-widget-accordion\" data-id=\"07bb3a6\" data-element_type=\"widget\" data-widget_type=\"accordion.default\">\n\t\t\t\t<div class=\"elementor-widget-container\">\n\t\t\t\t\t<div class=\"elementor-accordion\">\n\t\t\t\t\t\t\t<div class=\"elementor-accordion-item\">\n\t\t\t\t\t<div id=\"elementor-tab-title-8101\" class=\"elementor-tab-title\" data-tab=\"1\" role=\"button\" aria-controls=\"elementor-tab-content-8101\" aria-expanded=\"false\">\n\t\t\t\t\t\t\t\t\t\t\t\t\t<span class=\"elementor-accordion-icon elementor-accordion-icon-left\" aria-hidden=\"true\">\n\t\t\t\t\t\t\t\t\t\t\t\t\t\t\t<span class=\"elementor-accordion-icon-closed\"><i class=\"fas fa-plus\"><\/i><\/span>\n\t\t\t\t\t\t\t\t<span class=\"elementor-accordion-icon-opened\"><i class=\"fas fa-minus\"><\/i><\/span>\n\t\t\t\t\t\t\t\t\t\t\t\t\t\t<\/span>\n\t\t\t\t\t\t\t\t\t\t\t\t<a class=\"elementor-accordion-title\" tabindex=\"0\">Registrer\/meld skade <\/a>\n\t\t\t\t\t<\/div>\n\t\t\t\t\t<div id=\"elementor-tab-content-8101\" class=\"elementor-tab-content elementor-clearfix\" data-tab=\"1\" role=\"region\" aria-labelledby=\"elementor-tab-title-8101\"><p>Ved behov for akutt legehjelp\/medisinsk hjelp m\u00e5 du ta kontakt med lokal legevakt eller n\u00f8dtelefon 113\/116117.<\/p><p>\u00a0<\/p><p><strong>Idrettens Skadetelefon<\/strong><\/p><p>Idrettens skadetelefon er et gratistilbud som tilbyr rask og riktig hjelp ved skade. Idrettens skadetelefon er \u00e5pen 09:00 \u2013 21:00 alle dager og blir betjent av fysioterapeuter med kompetanse p\u00e5 idrettsskader. I andre linje har de legespesialister. Skadetelefonen gir veiledende r\u00e5d ved skade, uavhengig om skaden dekkes av forsikringen. For videre hjelp m\u00e5 skaden meldes p\u00e5 <a href=\"https:\/\/www.idrettshelse.no\/\">https:\/\/www.idrettshelse.no\/<\/a> (se under for registrering av skade).<\/p><p>\u00a0<\/p><p><strong>Meld skade<\/strong><\/p><p>Slik registrere du skade:<\/p><ol><li>1. Logg inn <a href=\"https:\/\/www.gjensidige.no\/eai\/op?TAM_OP=login&amp;ERROR_CODE=0x00000000&amp;URL=%2Fkunde%2Fprivat%2Fskade%2Fmeld-skade&amp;AUTHNLEVEL=#\/idrettskade\">her<\/a><\/li><li>2. Velg s\u00e6rforbund (Friidrett eller Alle barn (Under 13 \u00e5r).<\/li><li>3. Fyll ut skademeldingen.<\/li><li>4. Idrettens skadetelefon vil ta kontakt for videre utredning.<\/li><\/ol><p>\u00a0<\/p><p><strong>Har du hatt utgifter for idrettsskade? <\/strong><\/p><ol><li><a href=\"https:\/\/www.gjensidige.no\/privat\/meld-skade\/idrettsforsikring\/_\/attachment\/download\/211e7b81-c36b-4cfd-a8bb-51674a2be00d:3ed939c1b22dcfe21c3fe9824ec8ab10ba6701a0\/Refusjonsskjema%20for%20idrett.xlsx\">1. Last ned<\/a> og fyll ut skjema for utgifter som dekkes av forsikringen*<\/li><li>2. Last skjemaet opp p\u00e5 <a href=\"https:\/\/www.gjensidige.no\/eai\/op?TAM_OP=login&amp;ERROR_CODE=0x00000000&amp;URL=%2Fkunde%2Fprivat%2Fskade%2Fskadesakene-dine&amp;AUTHNLEVEL=\">skadesaken<\/a> din<\/li><li>3. Last opp kvittering p\u00e5 <a href=\"https:\/\/www.gjensidige.no\/eai\/op?TAM_OP=login&amp;ERROR_CODE=0x00000000&amp;URL=%2Fkunde%2Fprivat%2Fskade%2Fskadesakene-dine&amp;AUTHNLEVEL=\">skadesaken<\/a> din<\/li><\/ol><p>*Se<a href=\"https:\/\/mosjon.friidrett.no\/getdocument.ashx?i=2619&amp;a=327656&amp;h=F1A5A8AAC429560B5A0F6270BB70F3E2\"> vilk\u00e5r<\/a> for skadeforsikring via lisensordningen til NFIF.<\/p><p>\u00a0<\/p><\/div>\n\t\t\t\t<\/div>\n\t\t\t\t\t\t\t<div class=\"elementor-accordion-item\">\n\t\t\t\t\t<div id=\"elementor-tab-title-8102\" class=\"elementor-tab-title\" data-tab=\"2\" role=\"button\" aria-controls=\"elementor-tab-content-8102\" aria-expanded=\"false\">\n\t\t\t\t\t\t\t\t\t\t\t\t\t<span class=\"elementor-accordion-icon elementor-accordion-icon-left\" aria-hidden=\"true\">\n\t\t\t\t\t\t\t\t\t\t\t\t\t\t\t<span class=\"elementor-accordion-icon-closed\"><i class=\"fas fa-plus\"><\/i><\/span>\n\t\t\t\t\t\t\t\t<span class=\"elementor-accordion-icon-opened\"><i class=\"fas fa-minus\"><\/i><\/span>\n\t\t\t\t\t\t\t\t\t\t\t\t\t\t<\/span>\n\t\t\t\t\t\t\t\t\t\t\t\t<a class=\"elementor-accordion-title\" tabindex=\"0\">Skadeforebygging<\/a>\n\t\t\t\t\t<\/div>\n\t\t\t\t\t<div id=\"elementor-tab-content-8102\" class=\"elementor-tab-content elementor-clearfix\" data-tab=\"2\" role=\"region\" aria-labelledby=\"elementor-tab-title-8102\"><p>Ved behov for akutt legehjelp\/medisinsk hjelp m\u00e5 du ta kontakt med lokal legevakt eller n\u00f8dtelefon 113\/116117.<\/p><p>\u00a0<\/p><p><strong>Skadefri<\/strong><\/p><p>50% av alle skader kan forebygges. Idrettshelse har utviklet \u00abSkadefri\u00bb som er et gratisverkt\u00f8y som ut\u00f8vere og trenere kan benytte. Klikk <a href=\"https:\/\/www.skadefri.no\/idretter\/friidrett\/skadefri-friidrett\/\">her<\/a> for \u00e5 lese mer om skadeforebyggende trening og gratis treningsprogram.<\/p><p>\u00a0<\/p><p>Uansett disiplin, s\u00e5 er variert trening med skadeforebyggende \u00f8velser, riktig treningsvolum og intensitet den viktigste n\u00f8kkelen for \u00e5 unng\u00e5 friidrettsskader. \u00d8velsene er m\u00e5lrettet mot forebygging av skadene som typisk oppst\u00e5r i b\u00e5de de eksplosive disiplinene, mellom- og langdistansel\u00f8p og i kast. Du kan finne enda flere \u00f8velser for spesifikke kroppsdeler ved \u00e5 klippe <a href=\"https:\/\/www.skadefri.no\/?id=5\">her<\/a> og deretter velge kroppsdel.<\/p><\/div>\n\t\t\t\t<\/div>\n\t\t\t\t\t\t\t\t<\/div>\n\t\t\t\t<\/div>\n\t\t\t\t<\/div>\n\t\t\t\t<div class=\"elementor-element elementor-element-aa7afe9 elementor-widget elementor-widget-spacer\" data-id=\"aa7afe9\" data-element_type=\"widget\" data-widget_type=\"spacer.default\">\n\t\t\t\t<div class=\"elementor-widget-container\">\n\t\t\t\t\t<div class=\"elementor-spacer\">\n\t\t\t<div class=\"elementor-spacer-inner\"><\/div>\n\t\t<\/div>\n\t\t\t\t<\/div>\n\t\t\t\t<\/div>\n\t\t\t\t\t<\/div>\n\t\t<\/div>\n\t\t\t\t<div class=\"elementor-column elementor-col-50 elementor-top-column elementor-element elementor-element-6203c80\" data-id=\"6203c80\" data-element_type=\"column\" data-settings=\"{&quot;background_background&quot;:&quot;classic&quot;}\">\n\t\t\t<div class=\"elementor-widget-wrap elementor-element-populated\">\n\t\t\t\t\t\t\t\t<div class=\"elementor-element elementor-element-b223eb0 sidekolonne elementor-widget elementor-widget-sidebar\" data-id=\"b223eb0\" data-element_type=\"widget\" data-widget_type=\"sidebar.default\">\n\t\t\t\t<div class=\"elementor-widget-container\">\n\t\t\t<div id=\"custom_html-9\" class=\"widget_text widget widget_custom_html\"><div class=\"textwidget custom-html-widget\"><div class=\"elementor-element elementor-element-3960326 elementor-align-center forsideknapp elementor-widget elementor-widget-button\" data-id=\"3960326\" data-element_type=\"widget\" data-widget_type=\"button.default\">\r\n    <div class=\"elementor-widget-container\">\r\n        <div class=\"elementor-button-wrapper\">\r\n            <a href=\"https:\/\/tyrving.idrett.no\/10\/f\/bli-medlem-i-tyrving\/\" class=\"elementor-button-link elementor-button elementor-size-md\" role=\"button\">\r\n            <span class=\"elementor-button-content-wrapper\">\r\n            <span class=\"elementor-button-text\">Bli medlem<\/span>\r\n            <\/span>\r\n            <\/a>\r\n        <\/div>\r\n    <\/div>\r\n<\/div>\r\n<div class=\"elementor-element elementor-element-ad5d130 elementor-align-center forsideknapp elementor-widget elementor-widget-button\" data-id=\"ad5d130\" data-element_type=\"widget\" data-widget_type=\"button.default\">\r\n    <div class=\"elementor-widget-container\">\r\n        <div class=\"elementor-button-wrapper\">\r\n            <a href=\"https:\/\/tyrving.ourwear.shop\/\" target=\"_blank\" class=\"elementor-button elementor-size-md\" role=\"button\" rel=\"noopener\">\r\n            <span class=\"elementor-button-content-wrapper\">\r\n            <span class=\"elementor-button-text\">Microshop<\/span>\r\n            <\/span>\r\n            <\/a>\r\n        <\/div>\r\n    <\/div>\r\n<\/div><\/div><\/div><div id=\"custom_html-8\" class=\"widget_text widget widget_custom_html\"><h2 class=\"widget-title\">Kommende hendelser<\/h2><div class=\"textwidget custom-html-widget\"><div id=\"klubbkalender-sidebar\"><\/div><\/div><\/div><div id=\"custom_html-3\" class=\"widget_text widget widget_custom_html\"><h2 class=\"widget-title\">Grasrotandelen<\/h2><div class=\"textwidget custom-html-widget\"><a href=\"https:\/\/www.norsk-tipping.no\/grasrotandelen\/din-mottaker\/971059931\" target=\"_blank\" rel=\"noopener\"><img decoding=\"async\" alt=\"Grasrotandelen\" style=\"border:0px;\" src=\"https:\/\/tyrving.idrett.no\/10\/f\/files\/2021\/10\/grasrotandelen2021.jpg\"><\/a><\/div><\/div>\t\t<\/div>\n\t\t\t\t<\/div>\n\t\t\t\t\t<\/div>\n\t\t<\/div>\n\t\t\t\t\t\t\t<\/div>\n\t\t<\/section>\n\t\t\t\t\t\t\t<\/div>\n\t\t","protected":false},"excerpt":{"rendered":"Skade og skadeforebygging Ved behov for akutt legehjelp\/medisinsk hjelp m\u00e5 du ta kontakt med lokal legevakt eller n\u00f8dtelefon 113\/116117. Registrer\/meld skade Ved behov for akutt legehjelp\/medisinsk hj&#8230;","protected":false},"author":44,"featured_media":0,"parent":0,"menu_order":0,"comment_status":"closed","ping_status":"closed","template":"elementor_canvas","meta":{"footnotes":""},"categories":[],"tags":[7869],"acf":[],"yoast_head":"<!-- This site is optimized with the Yoast SEO plugin v21.2 - https:\/\/yoast.com\/wordpress\/plugins\/seo\/ -->\n<title>Skade og skadeforebygging - Tyrving - Friidrett<\/title>\n<meta name=\"robots\" content=\"index, follow, max-snippet:-1, max-image-preview:large, max-video-preview:-1\" \/>\n<link rel=\"canonical\" href=\"https:\/\/tyrving.idrett.no\/10\/f\/skade-og-skadeforebygging\/\" \/>\n<meta property=\"og:locale\" content=\"nb_NO\" \/>\n<meta property=\"og:type\" content=\"article\" \/>\n<meta property=\"og:title\" content=\"Skade og skadeforebygging - Tyrving - Friidrett\" \/>\n<meta property=\"og:description\" content=\"Skade og skadeforebygging Ved behov for akutt legehjelp\/medisinsk hjelp m\u00e5 du ta kontakt med lokal legevakt eller n\u00f8dtelefon 113\/116117. Registrer\/meld skade Ved behov for akutt legehjelp\/medisinsk hj...\" \/>\n<meta property=\"og:url\" content=\"https:\/\/tyrving.idrett.no\/10\/f\/skade-og-skadeforebygging\/\" \/>\n<meta property=\"og:site_name\" content=\"Tyrving - Friidrett\" \/>\n<meta property=\"article:modified_time\" content=\"2021-12-18T15:09:23+00:00\" \/>\n<meta property=\"og:image\" content=\"https:\/\/tyrving.idrett.no\/10\/f\/files\/elementor\/thumbs\/I0A8093-scaled-pfydvkle5mxmjr53ym8i63htqqp368ugtetlrupy5k.jpg\" \/>\n<meta name=\"twitter:card\" content=\"summary_large_image\" \/>\n<meta name=\"twitter:label1\" content=\"Ansl. lesetid\" \/>\n\t<meta name=\"twitter:data1\" content=\"1 minutt\" \/>\n<script type=\"application\/ld+json\" class=\"yoast-schema-graph\">{\"@context\":\"https:\/\/schema.org\",\"@graph\":[{\"@type\":\"WebPage\",\"@id\":\"https:\/\/tyrving.idrett.no\/10\/f\/skade-og-skadeforebygging\/\",\"url\":\"https:\/\/tyrving.idrett.no\/10\/f\/skade-og-skadeforebygging\/\",\"name\":\"Skade og skadeforebygging - Tyrving - Friidrett\",\"isPartOf\":{\"@id\":\"https:\/\/tyrving.idrett.no\/10\/f\/#website\"},\"datePublished\":\"2021-11-12T12:12:13+00:00\",\"dateModified\":\"2021-12-18T15:09:23+00:00\",\"breadcrumb\":{\"@id\":\"https:\/\/tyrving.idrett.no\/10\/f\/skade-og-skadeforebygging\/#breadcrumb\"},\"inLanguage\":\"nb-NO\",\"potentialAction\":[{\"@type\":\"ReadAction\",\"target\":[\"https:\/\/tyrving.idrett.no\/10\/f\/skade-og-skadeforebygging\/\"]}]},{\"@type\":\"BreadcrumbList\",\"@id\":\"https:\/\/tyrving.idrett.no\/10\/f\/skade-og-skadeforebygging\/#breadcrumb\",\"itemListElement\":[{\"@type\":\"ListItem\",\"position\":1,\"name\":\"Hjem\",\"item\":\"https:\/\/tyrving.idrett.no\/10\/f\/\"},{\"@type\":\"ListItem\",\"position\":2,\"name\":\"Skade og skadeforebygging\"}]},{\"@type\":\"WebSite\",\"@id\":\"https:\/\/tyrving.idrett.no\/10\/f\/#website\",\"url\":\"https:\/\/tyrving.idrett.no\/10\/f\/\",\"name\":\"Tyrving - Friidrett\",\"description\":\"Friidrettsgruppa\",\"publisher\":{\"@id\":\"https:\/\/tyrving.idrett.no\/10\/f\/#organization\"},\"potentialAction\":[{\"@type\":\"SearchAction\",\"target\":{\"@type\":\"EntryPoint\",\"urlTemplate\":\"https:\/\/tyrving.idrett.no\/10\/f\/?s={search_term_string}\"},\"query-input\":\"required name=search_term_string\"}],\"inLanguage\":\"nb-NO\"},{\"@type\":\"Organization\",\"@id\":\"https:\/\/tyrving.idrett.no\/10\/f\/#organization\",\"name\":\"Tyrving Friidrettsgruppa\",\"url\":\"https:\/\/tyrving.idrett.no\/10\/f\/\",\"logo\":{\"@type\":\"ImageObject\",\"inLanguage\":\"nb-NO\",\"@id\":\"https:\/\/tyrving.idrett.no\/10\/f\/#\/schema\/logo\/image\/\",\"url\":\"https:\/\/tyrving.idrett.no\/10\/f\/files\/2019\/04\/Tyrving-Logo-Friidrett-2019.jpg\",\"contentUrl\":\"https:\/\/tyrving.idrett.no\/10\/f\/files\/2019\/04\/Tyrving-Logo-Friidrett-2019.jpg\",\"width\":460,\"height\":360,\"caption\":\"Tyrving Friidrettsgruppa\"},\"image\":{\"@id\":\"https:\/\/tyrving.idrett.no\/10\/f\/#\/schema\/logo\/image\/\"}}]}<\/script>\n<!-- \/ Yoast SEO plugin. -->","yoast_head_json":{"title":"Skade og skadeforebygging - Tyrving - Friidrett","robots":{"index":"index","follow":"follow","max-snippet":"max-snippet:-1","max-image-preview":"max-image-preview:large","max-video-preview":"max-video-preview:-1"},"canonical":"https:\/\/tyrving.idrett.no\/10\/f\/skade-og-skadeforebygging\/","og_locale":"nb_NO","og_type":"article","og_title":"Skade og skadeforebygging - Tyrving - Friidrett","og_description":"Skade og skadeforebygging Ved behov for akutt legehjelp\/medisinsk hjelp m\u00e5 du ta kontakt med lokal legevakt eller n\u00f8dtelefon 113\/116117. Registrer\/meld skade Ved behov for akutt legehjelp\/medisinsk hj...","og_url":"https:\/\/tyrving.idrett.no\/10\/f\/skade-og-skadeforebygging\/","og_site_name":"Tyrving - Friidrett","article_modified_time":"2021-12-18T15:09:23+00:00","og_image":[{"url":"https:\/\/tyrving.idrett.no\/10\/f\/files\/elementor\/thumbs\/I0A8093-scaled-pfydvkle5mxmjr53ym8i63htqqp368ugtetlrupy5k.jpg"}],"twitter_card":"summary_large_image","twitter_misc":{"Ansl. lesetid":"1 minutt"},"schema":{"@context":"https:\/\/schema.org","@graph":[{"@type":"WebPage","@id":"https:\/\/tyrving.idrett.no\/10\/f\/skade-og-skadeforebygging\/","url":"https:\/\/tyrving.idrett.no\/10\/f\/skade-og-skadeforebygging\/","name":"Skade og skadeforebygging - Tyrving - Friidrett","isPartOf":{"@id":"https:\/\/tyrving.idrett.no\/10\/f\/#website"},"datePublished":"2021-11-12T12:12:13+00:00","dateModified":"2021-12-18T15:09:23+00:00","breadcrumb":{"@id":"https:\/\/tyrving.idrett.no\/10\/f\/skade-og-skadeforebygging\/#breadcrumb"},"inLanguage":"nb-NO","potentialAction":[{"@type":"ReadAction","target":["https:\/\/tyrving.idrett.no\/10\/f\/skade-og-skadeforebygging\/"]}]},{"@type":"BreadcrumbList","@id":"https:\/\/tyrving.idrett.no\/10\/f\/skade-og-skadeforebygging\/#breadcrumb","itemListElement":[{"@type":"ListItem","position":1,"name":"Hjem","item":"https:\/\/tyrving.idrett.no\/10\/f\/"},{"@type":"ListItem","position":2,"name":"Skade og skadeforebygging"}]},{"@type":"WebSite","@id":"https:\/\/tyrving.idrett.no\/10\/f\/#website","url":"https:\/\/tyrving.idrett.no\/10\/f\/","name":"Tyrving - Friidrett","description":"Friidrettsgruppa","publisher":{"@id":"https:\/\/tyrving.idrett.no\/10\/f\/#organization"},"potentialAction":[{"@type":"SearchAction","target":{"@type":"EntryPoint","urlTemplate":"https:\/\/tyrving.idrett.no\/10\/f\/?s={search_term_string}"},"query-input":"required name=search_term_string"}],"inLanguage":"nb-NO"},{"@type":"Organization","@id":"https:\/\/tyrving.idrett.no\/10\/f\/#organization","name":"Tyrving Friidrettsgruppa","url":"https:\/\/tyrving.idrett.no\/10\/f\/","logo":{"@type":"ImageObject","inLanguage":"nb-NO","@id":"https:\/\/tyrving.idrett.no\/10\/f\/#\/schema\/logo\/image\/","url":"https:\/\/tyrving.idrett.no\/10\/f\/files\/2019\/04\/Tyrving-Logo-Friidrett-2019.jpg","contentUrl":"https:\/\/tyrving.idrett.no\/10\/f\/files\/2019\/04\/Tyrving-Logo-Friidrett-2019.jpg","width":460,"height":360,"caption":"Tyrving Friidrettsgruppa"},"image":{"@id":"https:\/\/tyrving.idrett.no\/10\/f\/#\/schema\/logo\/image\/"}}]}},"jetpack_sharing_enabled":true,"_links":{"self":[{"href":"https:\/\/tyrving.idrett.no\/10\/f\/wp-json\/wp\/v2\/pages\/21890"}],"collection":[{"href":"https:\/\/tyrving.idrett.no\/10\/f\/wp-json\/wp\/v2\/pages"}],"about":[{"href":"https:\/\/tyrving.idrett.no\/10\/f\/wp-json\/wp\/v2\/types\/page"}],"author":[{"embeddable":true,"href":"https:\/\/tyrving.idrett.no\/10\/f\/wp-json\/wp\/v2\/users\/44"}],"replies":[{"embeddable":true,"href":"https:\/\/tyrving.idrett.no\/10\/f\/wp-json\/wp\/v2\/comments?post=21890"}],"version-history":[{"count":11,"href":"https:\/\/tyrving.idrett.no\/10\/f\/wp-json\/wp\/v2\/pages\/21890\/revisions"}],"predecessor-version":[{"id":24063,"href":"https:\/\/tyrving.idrett.no\/10\/f\/wp-json\/wp\/v2\/pages\/21890\/revisions\/24063"}],"wp:attachment":[{"href":"https:\/\/tyrving.idrett.no\/10\/f\/wp-json\/wp\/v2\/media?parent=21890"}],"wp:term":[{"taxonomy":"category","embeddable":true,"href":"https:\/\/tyrving.idrett.no\/10\/f\/wp-json\/wp\/v2\/categories?post=21890"},{"taxonomy":"post_tag","embeddable":true,"href":"https:\/\/tyrving.idrett.no\/10\/f\/wp-json\/wp\/v2\/tags?post=21890"}],"curies":[{"name":"wp","href":"https:\/\/api.w.org\/{rel}","templated":true}]}}