{"id":23198,"date":"2022-03-24T10:51:32","date_gmt":"2022-03-24T09:51:32","guid":{"rendered":"https:\/\/tyrving.idrett.no\/10\/f\/?page_id=23198"},"modified":"2026-03-05T09:35:01","modified_gmt":"2026-03-05T08:35:01","slug":"friidrettsskolen","status":"publish","type":"page","link":"https:\/\/tyrving.idrett.no\/10\/f\/friidrettsskolen\/","title":{"rendered":"Friidrettsskolen"},"content":{"rendered":"\t\t<div data-elementor-type=\"wp-page\" data-elementor-id=\"23198\" class=\"elementor elementor-23198\" data-elementor-post-type=\"page\">\n\t\t\t\t\t\t\t\t\t<section class=\"elementor-section elementor-top-section elementor-element elementor-element-02e75a1 elementor-section-boxed elementor-section-height-default elementor-section-height-default\" data-id=\"02e75a1\" data-element_type=\"section\">\n\t\t\t\t\t\t<div class=\"elementor-container elementor-column-gap-default\">\n\t\t\t\t\t<div class=\"elementor-column elementor-col-100 elementor-top-column elementor-element elementor-element-e505964\" data-id=\"e505964\" data-element_type=\"column\">\n\t\t\t<div class=\"elementor-widget-wrap\">\n\t\t\t\t\t\t\t\t\t<\/div>\n\t\t<\/div>\n\t\t\t\t\t\t\t<\/div>\n\t\t<\/section>\n\t\t\t\t<section class=\"elementor-section elementor-top-section elementor-element elementor-element-0cd01d5 elementor-section-boxed elementor-section-height-default elementor-section-height-default\" data-id=\"0cd01d5\" data-element_type=\"section\">\n\t\t\t\t\t\t<div class=\"elementor-container elementor-column-gap-default\">\n\t\t\t\t\t<div class=\"elementor-column elementor-col-100 elementor-top-column elementor-element elementor-element-3ceede6\" data-id=\"3ceede6\" data-element_type=\"column\">\n\t\t\t<div class=\"elementor-widget-wrap elementor-element-populated\">\n\t\t\t\t\t\t\t\t<div class=\"elementor-element elementor-element-7e36349 elementor-widget__width-initial elementor-widget elementor-widget-text-editor\" data-id=\"7e36349\" data-element_type=\"widget\" data-widget_type=\"text-editor.default\">\n\t\t\t\t<div class=\"elementor-widget-container\">\n\t\t\t\t\t\t\t<p style=\"margin-bottom: 0px;font-size: 14px;line-height: 1.5;background-color: #ffffff\"><strong style=\"font-size: 14px\">Landslagets Friidrettsskole 2026<\/strong><\/p><p style=\"margin-bottom: 0px;font-size: 14px;line-height: 1.5;background-color: #ffffff\"><strong style=\"font-size: 14px\"><br><\/strong><\/p>\n<p style=\"margin-bottom: 0px;font-size: 14px;line-height: 1.5;background-color: #ffffff\">\n<\/p><p style=\"margin-bottom: 0px;font-size: 14px;line-height: 1.5;background-color: #ffffff\">P\u00e5meldingen til Landslagets Friidrettsskole 2026 er i full gang. Bli med i \u00e5r, du.<\/p>\n<p style=\"margin-bottom: 0px;font-size: 14px;line-height: 1.5;background-color: #ffffff\">\n<\/p><p style=\"margin-bottom: 0px;font-size: 14px;line-height: 1.5;background-color: #ffffff\">Tyrving IL Friidrett inviterer igjen i \u00e5r til en aktiv uke p\u00e5 Landslagets Friidrettsskole p\u00e5 B\u00e6rum Idrettspark i ukene 26, 32 og 33.<\/p><p style=\"margin-bottom: 0px;font-size: 14px;line-height: 1.5;background-color: #ffffff\"><br><\/p>\n<p style=\"margin-bottom: 0px;font-size: 14px;line-height: 1.5;background-color: #ffffff\">\n<\/p><p style=\"margin-bottom: 0px;font-size: 14px;line-height: 1.5;background-color: #ffffff\">Selve Friidrettsskolen starter kl. 9.00 og slutter kl. 15.00 mandag-fredag. Mulighet for tidlig innsjekk fra kl. 8.30 og henting\/utsjekk kl. 15.30. Dette er utover dagens aktivitet, men det vil v\u00e6re trenere tilstede i tidsrommet 8.30-15.30.<\/p><p style=\"margin-bottom: 0px;font-size: 14px;line-height: 1.5;background-color: #ffffff\"><br><\/p>\n<p style=\"margin-bottom: 0px;font-size: 14px;line-height: 1.5;background-color: #ffffff\">\n<\/p><p style=\"margin-bottom: 0px;font-size: 14px;line-height: 1.5;background-color: #ffffff\"><strong style=\"font-size: 14px\">H<b>va skal jeg ha med mig i sekken?<\/b><\/strong><\/p>\n<ul style=\"margin-bottom: 0px;padding-left: 0px;font-size: 14px;background-color: #ffffff;list-style-type: disc\">\n<li style=\"margin-left: 20px;font-size: 14px\">Hver deltaker tar selv med lunsj og drikke til hele dagen.<\/li>\n<li style=\"margin-left: 20px;font-size: 14px\">Husk kl\u00e6r etter v\u00e6r. (ekstra skift i tilfelle) T\u00f8rre str\u00f8mper er alltid lurt \u00e5 ha med seg.<\/li>\n<li style=\"margin-left: 20px;font-size: 14px\">Caps kan v\u00e6re lurt.<\/li>\n<li style=\"margin-left: 20px;font-size: 14px\">Treningskl\u00e6r og gode joggesko.<\/li>\n<\/ul><div><span style=\"font-size: 14px\"><br><\/span><\/div>\n<p style=\"margin-bottom: 0px;font-size: 14px;line-height: 1.5;background-color: #ffffff\">\n<\/p><p style=\"margin-bottom: 0px;font-size: 14px;line-height: 1.5;background-color: #ffffff\"><strong style=\"font-size: 14px\">P<b>rogram for Friidrettsskolen:<\/b><\/strong><\/p>\n<ul style=\"margin-bottom: 0px;padding-left: 0px;font-size: 14px;background-color: #ffffff;list-style-type: disc\">\n<li style=\"margin-left: 20px;font-size: 14px\">Mandag: Bli kjent og friidrett p\u00e5 bane.<\/li>\n<li style=\"margin-left: 20px;font-size: 14px\">Tirsdag: Friidrett p\u00e5 bane.<\/li>\n<li style=\"margin-left: 20px;font-size: 14px\">Onsdag: Turdag med terrengl\u00f8p og stafett.<\/li>\n<li style=\"margin-left: 20px;font-size: 14px\">Torsdag: Friidrett p\u00e5 bane.<\/li>\n<li style=\"margin-left: 20px;font-size: 14px\">Fredag: Mini OL.<\/li>\n<\/ul><div><span style=\"font-size: 14px\"><br><\/span><\/div>\n<p style=\"margin-bottom: 0px;font-size: 14px;line-height: 1.5;background-color: #ffffff\">\n<\/p><p style=\"margin-bottom: 0px;font-size: 14px;line-height: 1.5;background-color: #ffffff\">Landslagets Friidrettsskole arrangeres for barn 5-12 \u00e5r. Vi tilrettelegger og utvider tilbudet s\u00e5 vi ogs\u00e5 tilbyder deltakelse for de 13-14\u00e5rige.<\/p><p style=\"margin-bottom: 0px;font-size: 14px;line-height: 1.5;background-color: #ffffff\"><br><\/p>\n<p style=\"margin-bottom: 0px;font-size: 14px;line-height: 1.5;background-color: #ffffff\">\n<\/p><p style=\"margin-bottom: 0px;font-size: 14px;line-height: 1.5;background-color: #ffffff\">Trenere og ut\u00f8vere fra Tyrvings friidrettsgruppe er instrukt\u00f8rer under Landslagets Friidrettsskole. P\u00e5meldingsavgift: 1750,-<\/p><p style=\"margin-bottom: 0px;font-size: 14px;line-height: 1.5;background-color: #ffffff\"><br><\/p>\n<p style=\"margin-bottom: 0px;font-size: 14px;line-height: 1.5;background-color: #ffffff\">\n<\/p><p style=\"margin-bottom: 0px;font-size: 14px;line-height: 1.5;background-color: #ffffff\">Ved sp\u00f8rsm\u00e5l, ta kontakt ved \u00e5 sende en epost til: morten@tyrving.no eller&nbsp;<a style=\"font-size: 14px\" href=\"mailto:friidrett@tyrving.no\">friidrett@tyrving.no<\/a><\/p><p style=\"margin-bottom: 0px;font-size: 14px;line-height: 1.5;background-color: #ffffff\"><br><\/p>\n<p style=\"margin-bottom: 0px;font-size: 14px;line-height: 1.5;background-color: #ffffff\">\n<\/p><p style=\"margin-bottom: 0px;font-size: 14px;line-height: 1.5;background-color: #ffffff\">Velkommen p\u00e5 en aktiv uke p\u00e5 Landslagets Friidrettsskole hos Tyrving IL Friidrett.<\/p><p style=\"margin-bottom: 0px;font-size: 14px;line-height: 1.5;background-color: #ffffff\"><br><\/p>\n<p style=\"margin-bottom: 0px;font-size: 14px;line-height: 1.5;background-color: #ffffff\">\n<\/p><p style=\"margin-bottom: 0px;font-size: 14px;line-height: 1.5;background-color: #ffffff\"><strong style=\"font-size: 14px\">P<b>\u00e5melding:<\/b><\/strong><\/p>\n<p style=\"margin-bottom: 0px;font-size: 14px;line-height: 1.5;background-color: #ffffff\">Uke 26:<\/p>\n<p style=\"margin-bottom: 0px;font-size: 14px;line-height: 1.5;background-color: #ffffff\"><a style=\"font-size: 14px\" href=\"https:\/\/www.deltager.no\/Landslagetsfriidrettsskole\/event\/tyrving_friidrettsskole_uke_26_22062026\">https:\/\/www.deltager.no\/Landslagetsfriidrettsskole\/event\/tyrving_friidrettsskole_uke_26_22062026<\/a><\/p><p style=\"margin-bottom: 0px;font-size: 14px;line-height: 1.5;background-color: #ffffff\"><br><\/p>\n<p style=\"margin-bottom: 0px;font-size: 14px;line-height: 1.5;background-color: #ffffff\">Uke 32:<\/p>\n<p style=\"margin-bottom: 0px;font-size: 14px;line-height: 1.5;background-color: #ffffff\"><a style=\"font-size: 14px\" href=\"https:\/\/www.deltager.no\/Landslagetsfriidrettsskole\/event\/tyrving_friidrettsskole_uke_32_03082026\">https:\/\/www.deltager.no\/Landslagetsfriidrettsskole\/event\/tyrving_friidrettsskole_uke_32_03082026<\/a><\/p><p style=\"margin-bottom: 0px;font-size: 14px;line-height: 1.5;background-color: #ffffff\"><br><\/p>\n<p style=\"margin-bottom: 0px;font-size: 14px;line-height: 1.5;background-color: #ffffff\">Uke 33:<\/p>\n<p style=\"margin-bottom: 0px;font-size: 14px;line-height: 1.5;background-color: #ffffff\"><a style=\"font-size: 14px\" href=\"https:\/\/www.deltager.no\/Landslagetsfriidrettsskole\/event\/tyrving_friidrettsskole_uke_26_10082026\">https:\/\/www.deltager.no\/Landslagetsfriidrettsskole\/event\/tyrving_friidrettsskole_uke_26_10082026<\/a><\/p><p style=\"margin-bottom: 0px;font-size: 14px;line-height: 1.5;background-color: #ffffff\"><br><\/p>\n<p style=\"margin-bottom: 0px;font-size: 14px;line-height: 1.5;background-color: #ffffff\"><strong style=\"font-size: 14px\"><img decoding=\"async\" loading=\"lazy\" style=\"padding: 0px;font-size: 14px;background-color: transparent;border: initial none initial\" src=\"https:\/\/tyrving.idrett.no\/10\/f\/files\/2026\/02\/landslagets-fs-2025-2-178x300.jpg\" alt=\"\" width=\"178\" height=\"300\"><img decoding=\"async\" loading=\"lazy\" style=\"padding: 0px;font-size: 14px;background-color: transparent;border: initial none initial\" src=\"https:\/\/tyrving.idrett.no\/10\/f\/files\/2026\/02\/landslagets-fs-2025-1-225x300.jpg\" alt=\"\" width=\"225\" height=\"300\"><img decoding=\"async\" loading=\"lazy\" style=\"padding: 0px;font-size: 14px;background-color: transparent;border: initial none initial\" src=\"https:\/\/tyrving.idrett.no\/10\/f\/files\/2026\/02\/landslagets-fs-2025-5-300x225.jpg\" alt=\"\" width=\"300\" height=\"225\"><img decoding=\"async\" loading=\"lazy\" style=\"padding: 0px;font-size: 14px;background-color: transparent;border: initial none initial\" src=\"https:\/\/tyrving.idrett.no\/10\/f\/files\/2026\/02\/landslagets-fs-2025-4-225x300.jpg\" alt=\"\" width=\"225\" height=\"300\"><img decoding=\"async\" loading=\"lazy\" style=\"padding: 0px;font-size: 14px;background-color: transparent;border: initial none initial\" src=\"https:\/\/tyrving.idrett.no\/10\/f\/files\/2026\/02\/landslagets-fs-2025-3-175x300.jpg\" alt=\"\" width=\"175\" height=\"300\"><\/strong><\/p>\n<p><\/p>\n<p><img decoding=\"async\" loading=\"lazy\" style=\"font-size: 15px\" src=\"https:\/\/tyrving.idrett.no\/10\/f\/files\/2025\/03\/Tau-friidrettskolen-2024-300x218.jpg\" alt=\"\" width=\"300\" height=\"218\"><img decoding=\"async\" loading=\"lazy\" style=\"font-size: 15px;color: var( --e-global-color-text );font-weight: var( --e-global-typography-text-font-weight )\" src=\"https:\/\/tyrving.idrett.no\/10\/f\/files\/2025\/03\/Fri-bilde-225x300.jpg\" alt=\"\" width=\"225\" height=\"300\"><img decoding=\"async\" loading=\"lazy\" style=\"font-size: 15px;color: var( --e-global-color-text );font-weight: var( --e-global-typography-text-font-weight )\" src=\"https:\/\/tyrving.idrett.no\/10\/f\/files\/2025\/03\/fri-1-225x300.jpg\" alt=\"\" width=\"225\" height=\"300\"><img decoding=\"async\" loading=\"lazy\" style=\"font-size: 15px;color: var( --e-global-color-text );font-weight: var( --e-global-typography-text-font-weight )\" src=\"https:\/\/tyrving.idrett.no\/10\/f\/files\/2025\/03\/fri-foto-3-225x300.jpg\" alt=\"\" width=\"225\" height=\"300\"><span style=\"font-size: 15px;color: var( --e-global-color-text );font-weight: var( --e-global-typography-text-font-weight )\">&nbsp;<\/span><\/p>\n<p><\/p>\t\t\t\t\t\t<\/div>\n\t\t\t\t<\/div>\n\t\t\t\t<div class=\"elementor-element elementor-element-f5a0bac elementor-widget__width-initial elementor-widget elementor-widget-text-editor\" data-id=\"f5a0bac\" data-element_type=\"widget\" data-widget_type=\"text-editor.default\">\n\t\t\t\t<div class=\"elementor-widget-container\">\n\t\t\t\t\t\t\t\t\t\t\t\t\t<\/div>\n\t\t\t\t<\/div>\n\t\t\t\t\t<\/div>\n\t\t<\/div>\n\t\t\t\t\t\t\t<\/div>\n\t\t<\/section>\n\t\t\t\t<section class=\"elementor-section elementor-top-section elementor-element elementor-element-9deacb5 elementor-section-boxed elementor-section-height-default elementor-section-height-default\" data-id=\"9deacb5\" data-element_type=\"section\">\n\t\t\t\t\t\t<div class=\"elementor-container elementor-column-gap-default\">\n\t\t\t\t\t<div class=\"elementor-column elementor-col-100 elementor-top-column elementor-element elementor-element-964c301\" data-id=\"964c301\" data-element_type=\"column\">\n\t\t\t<div class=\"elementor-widget-wrap elementor-element-populated\">\n\t\t\t\t\t\t\t\t<div class=\"elementor-element elementor-element-945e873 elementor-widget elementor-widget-spacer\" data-id=\"945e873\" data-element_type=\"widget\" data-widget_type=\"spacer.default\">\n\t\t\t\t<div class=\"elementor-widget-container\">\n\t\t\t\t\t<div class=\"elementor-spacer\">\n\t\t\t<div class=\"elementor-spacer-inner\"><\/div>\n\t\t<\/div>\n\t\t\t\t<\/div>\n\t\t\t\t<\/div>\n\t\t\t\t\t<\/div>\n\t\t<\/div>\n\t\t\t\t\t\t\t<\/div>\n\t\t<\/section>\n\t\t\t\t<section class=\"elementor-section elementor-top-section elementor-element elementor-element-94cb288 elementor-section-boxed elementor-section-height-default elementor-section-height-default\" data-id=\"94cb288\" data-element_type=\"section\">\n\t\t\t\t\t\t<div class=\"elementor-container elementor-column-gap-default\">\n\t\t\t\t\t<div class=\"elementor-column elementor-col-100 elementor-top-column elementor-element elementor-element-01536bb\" data-id=\"01536bb\" data-element_type=\"column\">\n\t\t\t<div class=\"elementor-widget-wrap elementor-element-populated\">\n\t\t\t\t\t\t\t\t<div class=\"elementor-element elementor-element-209d21d elementor-widget elementor-widget-image\" data-id=\"209d21d\" data-element_type=\"widget\" data-widget_type=\"image.default\">\n\t\t\t\t<div class=\"elementor-widget-container\">\n\t\t\t\t\t\t\t\t\t\t\t\t\t\t\t<img decoding=\"async\" src=\"https:\/\/tyrving.idrett.no\/10\/f\/wp-content\/plugins\/elementor\/assets\/images\/placeholder.png\" title=\"\" alt=\"\" loading=\"lazy\" \/>\t\t\t\t\t\t\t\t\t\t\t\t\t\t\t<\/div>\n\t\t\t\t<\/div>\n\t\t\t\t\t<\/div>\n\t\t<\/div>\n\t\t\t\t\t\t\t<\/div>\n\t\t<\/section>\n\t\t\t\t\t\t\t<\/div>\n\t\t","protected":false},"excerpt":{"rendered":"Landslagets Friidrettsskole 2026 P\u00e5meldingen til Landslagets Friidrettsskole 2026 er i full gang. Bli med i \u00e5r, du. Tyrving IL Friidrett inviterer igjen i \u00e5r til en aktiv uke p\u00e5 Landslagets Friidretts&#8230;","protected":false},"author":44,"featured_media":20653,"parent":0,"menu_order":0,"comment_status":"closed","ping_status":"closed","template":"","meta":{"footnotes":""},"categories":[],"tags":[7869],"acf":[],"yoast_head":"<!-- This site is optimized with the Yoast SEO plugin v21.2 - https:\/\/yoast.com\/wordpress\/plugins\/seo\/ -->\n<title>Friidrettsskolen - Tyrving - Friidrett<\/title>\n<meta name=\"robots\" content=\"index, follow, max-snippet:-1, max-image-preview:large, max-video-preview:-1\" \/>\n<link rel=\"canonical\" href=\"https:\/\/tyrving.idrett.no\/10\/f\/friidrettsskolen\/\" \/>\n<meta property=\"og:locale\" content=\"nb_NO\" \/>\n<meta property=\"og:type\" content=\"article\" \/>\n<meta property=\"og:title\" content=\"Friidrettsskolen - Tyrving - Friidrett\" \/>\n<meta property=\"og:description\" content=\"Landslagets Friidrettsskole 2026 P\u00e5meldingen til Landslagets Friidrettsskole 2026 er i full gang. Bli med i \u00e5r, du. Tyrving IL Friidrett inviterer igjen i \u00e5r til en aktiv uke p\u00e5 Landslagets Friidretts...\" \/>\n<meta property=\"og:url\" content=\"https:\/\/tyrving.idrett.no\/10\/f\/friidrettsskolen\/\" \/>\n<meta property=\"og:site_name\" content=\"Tyrving - Friidrett\" \/>\n<meta property=\"article:modified_time\" content=\"2026-03-05T08:35:01+00:00\" \/>\n<meta property=\"og:image\" content=\"https:\/\/tyrving.idrett.no\/10\/f\/files\/2021\/06\/img_0123-scaled.jpg\" \/>\n\t<meta property=\"og:image:width\" content=\"2560\" \/>\n\t<meta property=\"og:image:height\" content=\"1707\" \/>\n\t<meta property=\"og:image:type\" content=\"image\/jpeg\" \/>\n<meta name=\"twitter:card\" content=\"summary_large_image\" \/>\n<meta name=\"twitter:label1\" content=\"Ansl. lesetid\" \/>\n\t<meta name=\"twitter:data1\" content=\"4 minutter\" \/>\n<script type=\"application\/ld+json\" class=\"yoast-schema-graph\">{\"@context\":\"https:\/\/schema.org\",\"@graph\":[{\"@type\":\"WebPage\",\"@id\":\"https:\/\/tyrving.idrett.no\/10\/f\/friidrettsskolen\/\",\"url\":\"https:\/\/tyrving.idrett.no\/10\/f\/friidrettsskolen\/\",\"name\":\"Friidrettsskolen - Tyrving - Friidrett\",\"isPartOf\":{\"@id\":\"https:\/\/tyrving.idrett.no\/10\/f\/#website\"},\"datePublished\":\"2022-03-24T09:51:32+00:00\",\"dateModified\":\"2026-03-05T08:35:01+00:00\",\"breadcrumb\":{\"@id\":\"https:\/\/tyrving.idrett.no\/10\/f\/friidrettsskolen\/#breadcrumb\"},\"inLanguage\":\"nb-NO\",\"potentialAction\":[{\"@type\":\"ReadAction\",\"target\":[\"https:\/\/tyrving.idrett.no\/10\/f\/friidrettsskolen\/\"]}]},{\"@type\":\"BreadcrumbList\",\"@id\":\"https:\/\/tyrving.idrett.no\/10\/f\/friidrettsskolen\/#breadcrumb\",\"itemListElement\":[{\"@type\":\"ListItem\",\"position\":1,\"name\":\"Hjem\",\"item\":\"https:\/\/tyrving.idrett.no\/10\/f\/\"},{\"@type\":\"ListItem\",\"position\":2,\"name\":\"Friidrettsskolen\"}]},{\"@type\":\"WebSite\",\"@id\":\"https:\/\/tyrving.idrett.no\/10\/f\/#website\",\"url\":\"https:\/\/tyrving.idrett.no\/10\/f\/\",\"name\":\"Tyrving - Friidrett\",\"description\":\"Friidrettsgruppa\",\"publisher\":{\"@id\":\"https:\/\/tyrving.idrett.no\/10\/f\/#organization\"},\"potentialAction\":[{\"@type\":\"SearchAction\",\"target\":{\"@type\":\"EntryPoint\",\"urlTemplate\":\"https:\/\/tyrving.idrett.no\/10\/f\/?s={search_term_string}\"},\"query-input\":\"required name=search_term_string\"}],\"inLanguage\":\"nb-NO\"},{\"@type\":\"Organization\",\"@id\":\"https:\/\/tyrving.idrett.no\/10\/f\/#organization\",\"name\":\"Tyrving Friidrettsgruppa\",\"url\":\"https:\/\/tyrving.idrett.no\/10\/f\/\",\"logo\":{\"@type\":\"ImageObject\",\"inLanguage\":\"nb-NO\",\"@id\":\"https:\/\/tyrving.idrett.no\/10\/f\/#\/schema\/logo\/image\/\",\"url\":\"https:\/\/tyrving.idrett.no\/10\/f\/files\/2019\/04\/Tyrving-Logo-Friidrett-2019.jpg\",\"contentUrl\":\"https:\/\/tyrving.idrett.no\/10\/f\/files\/2019\/04\/Tyrving-Logo-Friidrett-2019.jpg\",\"width\":460,\"height\":360,\"caption\":\"Tyrving Friidrettsgruppa\"},\"image\":{\"@id\":\"https:\/\/tyrving.idrett.no\/10\/f\/#\/schema\/logo\/image\/\"}}]}<\/script>\n<!-- \/ Yoast SEO plugin. -->","yoast_head_json":{"title":"Friidrettsskolen - Tyrving - Friidrett","robots":{"index":"index","follow":"follow","max-snippet":"max-snippet:-1","max-image-preview":"max-image-preview:large","max-video-preview":"max-video-preview:-1"},"canonical":"https:\/\/tyrving.idrett.no\/10\/f\/friidrettsskolen\/","og_locale":"nb_NO","og_type":"article","og_title":"Friidrettsskolen - Tyrving - Friidrett","og_description":"Landslagets Friidrettsskole 2026 P\u00e5meldingen til Landslagets Friidrettsskole 2026 er i full gang. Bli med i \u00e5r, du. Tyrving IL Friidrett inviterer igjen i \u00e5r til en aktiv uke p\u00e5 Landslagets Friidretts...","og_url":"https:\/\/tyrving.idrett.no\/10\/f\/friidrettsskolen\/","og_site_name":"Tyrving - Friidrett","article_modified_time":"2026-03-05T08:35:01+00:00","og_image":[{"width":2560,"height":1707,"url":"https:\/\/tyrving.idrett.no\/10\/f\/files\/2021\/06\/img_0123-scaled.jpg","type":"image\/jpeg"}],"twitter_card":"summary_large_image","twitter_misc":{"Ansl. lesetid":"4 minutter"},"schema":{"@context":"https:\/\/schema.org","@graph":[{"@type":"WebPage","@id":"https:\/\/tyrving.idrett.no\/10\/f\/friidrettsskolen\/","url":"https:\/\/tyrving.idrett.no\/10\/f\/friidrettsskolen\/","name":"Friidrettsskolen - Tyrving - Friidrett","isPartOf":{"@id":"https:\/\/tyrving.idrett.no\/10\/f\/#website"},"datePublished":"2022-03-24T09:51:32+00:00","dateModified":"2026-03-05T08:35:01+00:00","breadcrumb":{"@id":"https:\/\/tyrving.idrett.no\/10\/f\/friidrettsskolen\/#breadcrumb"},"inLanguage":"nb-NO","potentialAction":[{"@type":"ReadAction","target":["https:\/\/tyrving.idrett.no\/10\/f\/friidrettsskolen\/"]}]},{"@type":"BreadcrumbList","@id":"https:\/\/tyrving.idrett.no\/10\/f\/friidrettsskolen\/#breadcrumb","itemListElement":[{"@type":"ListItem","position":1,"name":"Hjem","item":"https:\/\/tyrving.idrett.no\/10\/f\/"},{"@type":"ListItem","position":2,"name":"Friidrettsskolen"}]},{"@type":"WebSite","@id":"https:\/\/tyrving.idrett.no\/10\/f\/#website","url":"https:\/\/tyrving.idrett.no\/10\/f\/","name":"Tyrving - Friidrett","description":"Friidrettsgruppa","publisher":{"@id":"https:\/\/tyrving.idrett.no\/10\/f\/#organization"},"potentialAction":[{"@type":"SearchAction","target":{"@type":"EntryPoint","urlTemplate":"https:\/\/tyrving.idrett.no\/10\/f\/?s={search_term_string}"},"query-input":"required name=search_term_string"}],"inLanguage":"nb-NO"},{"@type":"Organization","@id":"https:\/\/tyrving.idrett.no\/10\/f\/#organization","name":"Tyrving Friidrettsgruppa","url":"https:\/\/tyrving.idrett.no\/10\/f\/","logo":{"@type":"ImageObject","inLanguage":"nb-NO","@id":"https:\/\/tyrving.idrett.no\/10\/f\/#\/schema\/logo\/image\/","url":"https:\/\/tyrving.idrett.no\/10\/f\/files\/2019\/04\/Tyrving-Logo-Friidrett-2019.jpg","contentUrl":"https:\/\/tyrving.idrett.no\/10\/f\/files\/2019\/04\/Tyrving-Logo-Friidrett-2019.jpg","width":460,"height":360,"caption":"Tyrving Friidrettsgruppa"},"image":{"@id":"https:\/\/tyrving.idrett.no\/10\/f\/#\/schema\/logo\/image\/"}}]}},"jetpack_sharing_enabled":true,"_links":{"self":[{"href":"https:\/\/tyrving.idrett.no\/10\/f\/wp-json\/wp\/v2\/pages\/23198"}],"collection":[{"href":"https:\/\/tyrving.idrett.no\/10\/f\/wp-json\/wp\/v2\/pages"}],"about":[{"href":"https:\/\/tyrving.idrett.no\/10\/f\/wp-json\/wp\/v2\/types\/page"}],"author":[{"embeddable":true,"href":"https:\/\/tyrving.idrett.no\/10\/f\/wp-json\/wp\/v2\/users\/44"}],"replies":[{"embeddable":true,"href":"https:\/\/tyrving.idrett.no\/10\/f\/wp-json\/wp\/v2\/comments?post=23198"}],"version-history":[{"count":56,"href":"https:\/\/tyrving.idrett.no\/10\/f\/wp-json\/wp\/v2\/pages\/23198\/revisions"}],"predecessor-version":[{"id":28232,"href":"https:\/\/tyrving.idrett.no\/10\/f\/wp-json\/wp\/v2\/pages\/23198\/revisions\/28232"}],"wp:featuredmedia":[{"embeddable":true,"href":"https:\/\/tyrving.idrett.no\/10\/f\/wp-json\/wp\/v2\/media\/20653"}],"wp:attachment":[{"href":"https:\/\/tyrving.idrett.no\/10\/f\/wp-json\/wp\/v2\/media?parent=23198"}],"wp:term":[{"taxonomy":"category","embeddable":true,"href":"https:\/\/tyrving.idrett.no\/10\/f\/wp-json\/wp\/v2\/categories?post=23198"},{"taxonomy":"post_tag","embeddable":true,"href":"https:\/\/tyrving.idrett.no\/10\/f\/wp-json\/wp\/v2\/tags?post=23198"}],"curies":[{"name":"wp","href":"https:\/\/api.w.org\/{rel}","templated":true}]}}