{"id":26051,"date":"2024-04-11T12:54:20","date_gmt":"2024-04-11T10:54:20","guid":{"rendered":"https:\/\/tyrving.idrett.no\/10\/f\/?page_id=26051"},"modified":"2025-10-10T10:24:36","modified_gmt":"2025-10-10T08:24:36","slug":"trenere","status":"publish","type":"page","link":"https:\/\/tyrving.idrett.no\/10\/f\/trenere\/","title":{"rendered":"Trenere"},"content":{"rendered":"<table width=\"794\">\n<tbody>\n<tr>\n<td colspan=\"3\" width=\"489\">Tyrving Friidrett &#8211; treningsplan vinteren 2025\/2026<\/td>\n<td width=\"171\"><\/td>\n<td width=\"134\"><\/td>\n<\/tr>\n<tr>\n<td><\/td>\n<td><\/td>\n<td><\/td>\n<td><\/td>\n<td><\/td>\n<\/tr>\n<tr>\n<td>Gruppe<\/td>\n<td><\/td>\n<td><\/td>\n<td><\/td>\n<td><\/td>\n<\/tr>\n<tr>\n<td><\/td>\n<td><\/td>\n<td><\/td>\n<td><\/td>\n<td><\/td>\n<\/tr>\n<tr>\n<td width=\"148\">Allidretten 4-6\u00e5r, 7-9\u00e5r og 10-12\u00e5r<\/td>\n<td width=\"179\"><\/td>\n<td width=\"162\"><\/td>\n<td><\/td>\n<td><\/td>\n<\/tr>\n<tr>\n<td width=\"148\">Cathrine Lars\u00e5sen<\/td>\n<td><\/td>\n<td>Leder Allidrett<\/td>\n<td width=\"171\">98493304<\/td>\n<td width=\"134\"><a href=\"mailto:larsaasencathrine@gmail.com\">larsaasencathrine@gmail.com<\/a><\/td>\n<\/tr>\n<tr>\n<td width=\"148\">Ella Pl\u00f8en-Iversen<\/td>\n<td><\/td>\n<td><\/td>\n<td width=\"171\">94430677<\/td>\n<td width=\"134\"><a href=\"mailto:ellaploeniversen@gmail.com\">ellaploeniversen@gmail.com<\/a><\/td>\n<\/tr>\n<tr>\n<td width=\"148\">Thomas Svendsen<\/td>\n<td><\/td>\n<td><\/td>\n<td width=\"171\">91243177<\/td>\n<td width=\"134\"><a href=\"mailto:thomas_sv@icloud.com\">thomas_sv@icloud.com<\/a><\/td>\n<\/tr>\n<tr>\n<td width=\"148\">Brage Bjaaland<\/td>\n<td><\/td>\n<td><\/td>\n<td width=\"171\">91522249<\/td>\n<td width=\"134\"><a href=\"mailto:brage.bjaaland@icloud.com\">brage.bjaaland@icloud.com<\/a><\/td>\n<\/tr>\n<tr>\n<td width=\"148\">Vilde Gr\u00f8nhaug<\/td>\n<td><\/td>\n<td><\/td>\n<td width=\"171\">90878687<\/td>\n<td width=\"134\"><a href=\"mailto:vildekgr@icloud.com\">vildekgr@icloud.com<\/a><\/td>\n<\/tr>\n<tr>\n<td width=\"148\">Maria Damhaug<\/td>\n<td><\/td>\n<td><\/td>\n<td width=\"171\">90181255<\/td>\n<td width=\"134\"><a href=\"mailto:mariadamhaug@gmail.com\">mariadamhaug@gmail.com<\/a><\/td>\n<\/tr>\n<tr>\n<td width=\"148\">Elise Rud Kongsgaard<\/p>\n<p>&nbsp;<\/p>\n<p>.<\/td>\n<td><\/td>\n<td><\/td>\n<td width=\"171\">93417022<\/td>\n<td width=\"134\"><a href=\"mailto:elise.kongsgaard@icloud.com\">elise.kongsgaard@icloud.com<\/a><\/td>\n<\/tr>\n<tr>\n<td>2015&amp;2016<\/td>\n<td>Sebastian Selbekk<\/td>\n<td>Hovedtrener<\/td>\n<td width=\"171\">93830240<\/td>\n<td width=\"134\"><a href=\"mailto:sebastian.selbekk@gmail.com\">sebastian.selbekk@gmail.com<\/a><\/td>\n<\/tr>\n<tr>\n<td><\/td>\n<td><\/td>\n<td><\/td>\n<td width=\"171\"><\/td>\n<td width=\"134\"><\/td>\n<\/tr>\n<tr>\n<td><\/td>\n<td><\/td>\n<td><\/td>\n<td><\/td>\n<td><\/td>\n<\/tr>\n<tr>\n<td>.<\/td>\n<td><\/td>\n<td><\/td>\n<td><\/td>\n<td><\/td>\n<\/tr>\n<tr>\n<td>2013&amp;2014<\/td>\n<td>Lars Schnell<\/td>\n<td>Hovedtrener<\/td>\n<td width=\"171\">98232832<\/td>\n<td width=\"134\"><a href=\"mailto:lschnell@mplace.de\">lschnell@mplace.de<\/a><\/td>\n<\/tr>\n<tr>\n<td><\/td>\n<td>Clara Blaasv\u00e6r<\/td>\n<td><\/td>\n<td width=\"171\">91666819<\/td>\n<td width=\"134\"><a href=\"mailto:clara.blaasvaer@gmail.com\">clara.blaasvaer@gmail.com<\/a><\/td>\n<\/tr>\n<tr>\n<td><\/td>\n<td><\/td>\n<td><\/td>\n<td width=\"171\"><\/td>\n<td width=\"134\"><\/td>\n<\/tr>\n<tr>\n<td><\/td>\n<td>Helena Skree Bostad<\/td>\n<td><\/td>\n<td width=\"171\">41183232<\/td>\n<td width=\"134\"><a href=\"mailto:helenaskreeb@gmail.com\">helenaskreeb@gmail.com<\/a><\/td>\n<\/tr>\n<tr>\n<td>.<\/td>\n<td><\/td>\n<td><\/td>\n<td width=\"171\"><\/td>\n<td width=\"134\"><\/td>\n<\/tr>\n<tr>\n<td>2013<\/td>\n<td>Lars Schnell<\/td>\n<td>Hovedtrener<\/td>\n<td width=\"171\">98232832<\/td>\n<td width=\"134\"><a href=\"mailto:lschnell@mplace.de\">lschnell@mplace.de<\/a><\/td>\n<\/tr>\n<tr>\n<td><\/td>\n<td><\/td>\n<td><\/td>\n<td width=\"171\">91666819<\/td>\n<td width=\"134\"><a href=\"mailto:clara.blaasvaer@gmail.com\">clara.blaasvaer@gmail.com<\/a><\/td>\n<\/tr>\n<tr>\n<td><\/td>\n<td><\/td>\n<td><\/td>\n<td width=\"171\">98485512<\/td>\n<td width=\"134\"><a href=\"mailto:tasi@mplace.de\">tasi@mplace.de<\/a><\/td>\n<\/tr>\n<tr>\n<td><\/td>\n<td><\/td>\n<td><\/td>\n<td width=\"171\">41183232<\/td>\n<td width=\"134\"><a href=\"mailto:helenaskreeb@gmail.com\">helenaskreeb@gmail.com<\/a><\/td>\n<\/tr>\n<tr>\n<td>.<\/td>\n<td><\/td>\n<td><\/td>\n<td><\/td>\n<td><\/td>\n<\/tr>\n<tr>\n<td>2011&amp;2012<\/td>\n<td>Frederik Jahr<\/td>\n<td>Hovedtrener<\/td>\n<td width=\"171\">99326268<\/td>\n<td>frederikjahr@gmail.com<\/td>\n<\/tr>\n<tr>\n<td><\/td>\n<td width=\"179\"><\/td>\n<td><\/td>\n<td width=\"171\"><\/td>\n<td width=\"134\"><\/td>\n<\/tr>\n<tr>\n<td><\/td>\n<td><\/td>\n<td><\/td>\n<td><\/td>\n<td><\/td>\n<\/tr>\n<tr>\n<td><\/td>\n<td><\/td>\n<td><\/td>\n<td><\/td>\n<td><\/td>\n<\/tr>\n<tr>\n<td>.<\/td>\n<td><\/td>\n<td><\/td>\n<td><\/td>\n<td><\/td>\n<\/tr>\n<tr>\n<td>Distansel\u00f8ping<\/td>\n<td>Henrik Str\u00f8m Andersen,<\/td>\n<td>Hovedtrener<\/td>\n<td width=\"171\">90834865<\/td>\n<td width=\"134\"><a href=\"mailto:henrik.strom.andersen@gmail.com\">henrik.strom.andersen@gmail.com<\/a><\/td>\n<\/tr>\n<tr>\n<td>\u00a02011\/2012<\/td>\n<td><\/td>\n<td><\/td>\n<td><\/td>\n<td><\/td>\n<\/tr>\n<tr>\n<td>.<\/td>\n<td><\/td>\n<td><\/td>\n<td><\/td>\n<td><\/td>\n<\/tr>\n<tr>\n<td>2009 &#8211; 2010<\/td>\n<td>Ivars Cakurs<\/td>\n<td>Hovedtrener<\/td>\n<td width=\"171\">94242275<\/td>\n<td width=\"134\"><a href=\"mailto:ivarscfit@inbox.lv\">ivarscfit@inbox.lv<\/a><\/td>\n<\/tr>\n<tr>\n<td><\/td>\n<td>Lina Svarlien<\/td>\n<td><\/td>\n<td width=\"171\">46500485<\/td>\n<td width=\"134\"><a href=\"mailto:Lina.Svarlien@gmail.com\">Lina.Svarlien@gmail.com<\/a><\/td>\n<\/tr>\n<tr>\n<td><\/td>\n<td><\/td>\n<td><\/td>\n<td><\/td>\n<td><\/td>\n<\/tr>\n<tr>\n<td><\/td>\n<td><\/td>\n<td><\/td>\n<td><\/td>\n<td><\/td>\n<\/tr>\n<tr>\n<td><\/td>\n<td><\/td>\n<td><\/td>\n<td><\/td>\n<td><\/td>\n<\/tr>\n<tr>\n<td>2008 &#8211; 2009 *<\/td>\n<td>Jon Fiva<\/td>\n<td>Hovedtrener<\/td>\n<td width=\"171\">46410407<\/td>\n<td width=\"134\"><a href=\"mailto:jonfiva@gmail.com\">jonfiva@gmail.com<\/a><\/td>\n<\/tr>\n<tr>\n<td><\/td>\n<td>Cathrine Lars\u00e5sen<\/td>\n<td><\/td>\n<td width=\"171\">98493304<\/td>\n<td width=\"134\"><a href=\"mailto:anna.svarlien@gmail.com\">larsaasencathrine@gmail.com<\/a><\/td>\n<\/tr>\n<tr>\n<td><\/td>\n<td><\/td>\n<td><\/td>\n<td><\/td>\n<td><\/td>\n<\/tr>\n<tr>\n<td><\/td>\n<td><\/td>\n<td><\/td>\n<td><\/td>\n<td><\/td>\n<\/tr>\n<tr>\n<td><\/td>\n<td><\/td>\n<td><\/td>\n<td><\/td>\n<td><\/td>\n<\/tr>\n<tr>\n<td>Sprint\/hopp junior *<\/td>\n<td>Ivars Cakurs<\/td>\n<td>Hovedtrener<\/td>\n<td width=\"171\">94242275<\/td>\n<td width=\"134\"><a href=\"mailto:ivarscfit@inbox.lv\">ivarscfit@inbox.lv<\/a><\/td>\n<\/tr>\n<tr>\n<td><\/td>\n<td>Nickolass Jensen<\/td>\n<td><\/td>\n<td width=\"171\">40043101<\/td>\n<td width=\"134\"><a href=\"mailto:nj@nettpilot.no\">nj@nettpilot.no<\/a><\/td>\n<\/tr>\n<tr>\n<td><\/td>\n<td><\/td>\n<td><\/td>\n<td><\/td>\n<td><\/td>\n<\/tr>\n<tr>\n<td><\/td>\n<td><\/td>\n<td><\/td>\n<td><\/td>\n<td><\/td>\n<\/tr>\n<tr>\n<td><\/td>\n<td><\/td>\n<td><\/td>\n<td><\/td>\n<td><\/td>\n<\/tr>\n<tr>\n<td><\/td>\n<td><\/td>\n<td><\/td>\n<td><\/td>\n<td><\/td>\n<\/tr>\n<tr>\n<td>Sprint elite *<\/td>\n<td>Hans Rune R\u00f8nningen<\/td>\n<td><\/td>\n<td width=\"171\">48011353<\/td>\n<td><a href=\"mailto:hrronningen@hotmail.com\">hrronningen@hotmail.com\u00a0<\/a><\/td>\n<\/tr>\n<tr>\n<td><\/td>\n<td>Roy Windjusveen<\/td>\n<td><\/td>\n<td width=\"171\">95761846<\/td>\n<td width=\"134\"><a href=\"mailto:roy.wi@icloud.com\">roy.wi@icloud.com<\/a><\/td>\n<\/tr>\n<tr>\n<td><\/td>\n<td><\/td>\n<td><\/td>\n<td><\/td>\n<td><\/td>\n<\/tr>\n<tr>\n<td><\/td>\n<td><\/td>\n<td><\/td>\n<td><\/td>\n<td><\/td>\n<\/tr>\n<tr>\n<td><\/td>\n<td><\/td>\n<td><\/td>\n<td><\/td>\n<td><\/td>\n<\/tr>\n<tr>\n<td><\/td>\n<td><\/td>\n<td><\/td>\n<td><\/td>\n<td><\/td>\n<\/tr>\n<tr>\n<td>Distansel\u00f8ping 2011+<\/td>\n<td>Christoph Graf<\/td>\n<td>Hovedtrener<\/td>\n<td width=\"171\">48893211<\/td>\n<td width=\"134\"><a href=\"mailto:christophj.graf@gmail.com\">christophj.graf@gmail.com<\/a><\/td>\n<\/tr>\n<tr>\n<td><\/td>\n<td><\/td>\n<td><\/td>\n<td><\/td>\n<td><\/td>\n<\/tr>\n<\/tbody>\n<\/table>\n","protected":false},"excerpt":{"rendered":"Tyrving Friidrett &#8211; treningsplan vinteren 2025\/2026 Gruppe Allidretten 4-6\u00e5r, 7-9\u00e5r og 10-12\u00e5r Cathrine Lars\u00e5sen Leder Allidrett 98493304 larsaasencathrine@gmail.com Ella Pl\u00f8en-Iversen 94430677 &#8230;","protected":false},"author":48,"featured_media":0,"parent":0,"menu_order":0,"comment_status":"closed","ping_status":"closed","template":"","meta":{"footnotes":""},"categories":[],"tags":[],"acf":[],"yoast_head":"<!-- This site is optimized with the Yoast SEO plugin v21.2 - https:\/\/yoast.com\/wordpress\/plugins\/seo\/ -->\n<title>Trenere - Tyrving - Friidrett<\/title>\n<meta name=\"robots\" content=\"index, follow, max-snippet:-1, max-image-preview:large, max-video-preview:-1\" \/>\n<link rel=\"canonical\" href=\"https:\/\/tyrving.idrett.no\/10\/f\/trenere\/\" \/>\n<meta property=\"og:locale\" content=\"nb_NO\" \/>\n<meta property=\"og:type\" content=\"article\" \/>\n<meta property=\"og:title\" content=\"Trenere - Tyrving - Friidrett\" \/>\n<meta property=\"og:description\" content=\"Tyrving Friidrett &#8211; treningsplan vinteren 2025\/2026 Gruppe Allidretten 4-6\u00e5r, 7-9\u00e5r og 10-12\u00e5r Cathrine Lars\u00e5sen Leder Allidrett 98493304 larsaasencathrine@gmail.com Ella Pl\u00f8en-Iversen 94430677 ...\" \/>\n<meta property=\"og:url\" content=\"https:\/\/tyrving.idrett.no\/10\/f\/trenere\/\" \/>\n<meta property=\"og:site_name\" content=\"Tyrving - Friidrett\" \/>\n<meta property=\"article:modified_time\" content=\"2025-10-10T08:24:36+00:00\" \/>\n<meta name=\"twitter:card\" content=\"summary_large_image\" \/>\n<meta name=\"twitter:label1\" content=\"Ansl. lesetid\" \/>\n\t<meta name=\"twitter:data1\" content=\"1 minutt\" \/>\n<script type=\"application\/ld+json\" class=\"yoast-schema-graph\">{\"@context\":\"https:\/\/schema.org\",\"@graph\":[{\"@type\":\"WebPage\",\"@id\":\"https:\/\/tyrving.idrett.no\/10\/f\/trenere\/\",\"url\":\"https:\/\/tyrving.idrett.no\/10\/f\/trenere\/\",\"name\":\"Trenere - Tyrving - Friidrett\",\"isPartOf\":{\"@id\":\"https:\/\/tyrving.idrett.no\/10\/f\/#website\"},\"datePublished\":\"2024-04-11T10:54:20+00:00\",\"dateModified\":\"2025-10-10T08:24:36+00:00\",\"breadcrumb\":{\"@id\":\"https:\/\/tyrving.idrett.no\/10\/f\/trenere\/#breadcrumb\"},\"inLanguage\":\"nb-NO\",\"potentialAction\":[{\"@type\":\"ReadAction\",\"target\":[\"https:\/\/tyrving.idrett.no\/10\/f\/trenere\/\"]}]},{\"@type\":\"BreadcrumbList\",\"@id\":\"https:\/\/tyrving.idrett.no\/10\/f\/trenere\/#breadcrumb\",\"itemListElement\":[{\"@type\":\"ListItem\",\"position\":1,\"name\":\"Hjem\",\"item\":\"https:\/\/tyrving.idrett.no\/10\/f\/\"},{\"@type\":\"ListItem\",\"position\":2,\"name\":\"Trenere\"}]},{\"@type\":\"WebSite\",\"@id\":\"https:\/\/tyrving.idrett.no\/10\/f\/#website\",\"url\":\"https:\/\/tyrving.idrett.no\/10\/f\/\",\"name\":\"Tyrving - Friidrett\",\"description\":\"Friidrettsgruppa\",\"publisher\":{\"@id\":\"https:\/\/tyrving.idrett.no\/10\/f\/#organization\"},\"potentialAction\":[{\"@type\":\"SearchAction\",\"target\":{\"@type\":\"EntryPoint\",\"urlTemplate\":\"https:\/\/tyrving.idrett.no\/10\/f\/?s={search_term_string}\"},\"query-input\":\"required name=search_term_string\"}],\"inLanguage\":\"nb-NO\"},{\"@type\":\"Organization\",\"@id\":\"https:\/\/tyrving.idrett.no\/10\/f\/#organization\",\"name\":\"Tyrving Friidrettsgruppa\",\"url\":\"https:\/\/tyrving.idrett.no\/10\/f\/\",\"logo\":{\"@type\":\"ImageObject\",\"inLanguage\":\"nb-NO\",\"@id\":\"https:\/\/tyrving.idrett.no\/10\/f\/#\/schema\/logo\/image\/\",\"url\":\"https:\/\/tyrving.idrett.no\/10\/f\/files\/2019\/04\/Tyrving-Logo-Friidrett-2019.jpg\",\"contentUrl\":\"https:\/\/tyrving.idrett.no\/10\/f\/files\/2019\/04\/Tyrving-Logo-Friidrett-2019.jpg\",\"width\":460,\"height\":360,\"caption\":\"Tyrving Friidrettsgruppa\"},\"image\":{\"@id\":\"https:\/\/tyrving.idrett.no\/10\/f\/#\/schema\/logo\/image\/\"}}]}<\/script>\n<!-- \/ Yoast SEO plugin. -->","yoast_head_json":{"title":"Trenere - Tyrving - Friidrett","robots":{"index":"index","follow":"follow","max-snippet":"max-snippet:-1","max-image-preview":"max-image-preview:large","max-video-preview":"max-video-preview:-1"},"canonical":"https:\/\/tyrving.idrett.no\/10\/f\/trenere\/","og_locale":"nb_NO","og_type":"article","og_title":"Trenere - Tyrving - Friidrett","og_description":"Tyrving Friidrett &#8211; treningsplan vinteren 2025\/2026 Gruppe Allidretten 4-6\u00e5r, 7-9\u00e5r og 10-12\u00e5r Cathrine Lars\u00e5sen Leder Allidrett 98493304 larsaasencathrine@gmail.com Ella Pl\u00f8en-Iversen 94430677 ...","og_url":"https:\/\/tyrving.idrett.no\/10\/f\/trenere\/","og_site_name":"Tyrving - Friidrett","article_modified_time":"2025-10-10T08:24:36+00:00","twitter_card":"summary_large_image","twitter_misc":{"Ansl. lesetid":"1 minutt"},"schema":{"@context":"https:\/\/schema.org","@graph":[{"@type":"WebPage","@id":"https:\/\/tyrving.idrett.no\/10\/f\/trenere\/","url":"https:\/\/tyrving.idrett.no\/10\/f\/trenere\/","name":"Trenere - Tyrving - Friidrett","isPartOf":{"@id":"https:\/\/tyrving.idrett.no\/10\/f\/#website"},"datePublished":"2024-04-11T10:54:20+00:00","dateModified":"2025-10-10T08:24:36+00:00","breadcrumb":{"@id":"https:\/\/tyrving.idrett.no\/10\/f\/trenere\/#breadcrumb"},"inLanguage":"nb-NO","potentialAction":[{"@type":"ReadAction","target":["https:\/\/tyrving.idrett.no\/10\/f\/trenere\/"]}]},{"@type":"BreadcrumbList","@id":"https:\/\/tyrving.idrett.no\/10\/f\/trenere\/#breadcrumb","itemListElement":[{"@type":"ListItem","position":1,"name":"Hjem","item":"https:\/\/tyrving.idrett.no\/10\/f\/"},{"@type":"ListItem","position":2,"name":"Trenere"}]},{"@type":"WebSite","@id":"https:\/\/tyrving.idrett.no\/10\/f\/#website","url":"https:\/\/tyrving.idrett.no\/10\/f\/","name":"Tyrving - Friidrett","description":"Friidrettsgruppa","publisher":{"@id":"https:\/\/tyrving.idrett.no\/10\/f\/#organization"},"potentialAction":[{"@type":"SearchAction","target":{"@type":"EntryPoint","urlTemplate":"https:\/\/tyrving.idrett.no\/10\/f\/?s={search_term_string}"},"query-input":"required name=search_term_string"}],"inLanguage":"nb-NO"},{"@type":"Organization","@id":"https:\/\/tyrving.idrett.no\/10\/f\/#organization","name":"Tyrving Friidrettsgruppa","url":"https:\/\/tyrving.idrett.no\/10\/f\/","logo":{"@type":"ImageObject","inLanguage":"nb-NO","@id":"https:\/\/tyrving.idrett.no\/10\/f\/#\/schema\/logo\/image\/","url":"https:\/\/tyrving.idrett.no\/10\/f\/files\/2019\/04\/Tyrving-Logo-Friidrett-2019.jpg","contentUrl":"https:\/\/tyrving.idrett.no\/10\/f\/files\/2019\/04\/Tyrving-Logo-Friidrett-2019.jpg","width":460,"height":360,"caption":"Tyrving Friidrettsgruppa"},"image":{"@id":"https:\/\/tyrving.idrett.no\/10\/f\/#\/schema\/logo\/image\/"}}]}},"jetpack_sharing_enabled":true,"_links":{"self":[{"href":"https:\/\/tyrving.idrett.no\/10\/f\/wp-json\/wp\/v2\/pages\/26051"}],"collection":[{"href":"https:\/\/tyrving.idrett.no\/10\/f\/wp-json\/wp\/v2\/pages"}],"about":[{"href":"https:\/\/tyrving.idrett.no\/10\/f\/wp-json\/wp\/v2\/types\/page"}],"author":[{"embeddable":true,"href":"https:\/\/tyrving.idrett.no\/10\/f\/wp-json\/wp\/v2\/users\/48"}],"replies":[{"embeddable":true,"href":"https:\/\/tyrving.idrett.no\/10\/f\/wp-json\/wp\/v2\/comments?post=26051"}],"version-history":[{"count":29,"href":"https:\/\/tyrving.idrett.no\/10\/f\/wp-json\/wp\/v2\/pages\/26051\/revisions"}],"predecessor-version":[{"id":27831,"href":"https:\/\/tyrving.idrett.no\/10\/f\/wp-json\/wp\/v2\/pages\/26051\/revisions\/27831"}],"wp:attachment":[{"href":"https:\/\/tyrving.idrett.no\/10\/f\/wp-json\/wp\/v2\/media?parent=26051"}],"wp:term":[{"taxonomy":"category","embeddable":true,"href":"https:\/\/tyrving.idrett.no\/10\/f\/wp-json\/wp\/v2\/categories?post=26051"},{"taxonomy":"post_tag","embeddable":true,"href":"https:\/\/tyrving.idrett.no\/10\/f\/wp-json\/wp\/v2\/tags?post=26051"}],"curies":[{"name":"wp","href":"https:\/\/api.w.org\/{rel}","templated":true}]}}