{"id":26677,"date":"2024-10-11T12:06:31","date_gmt":"2024-10-11T10:06:31","guid":{"rendered":"https:\/\/tyrving.idrett.no\/10\/f\/?page_id=26677"},"modified":"2025-09-29T21:12:56","modified_gmt":"2025-09-29T19:12:56","slug":"parautovere","status":"publish","type":"page","link":"https:\/\/tyrving.idrett.no\/10\/f\/parautovere\/","title":{"rendered":"Paraut\u00f8vere"},"content":{"rendered":"\t\t<div data-elementor-type=\"wp-page\" data-elementor-id=\"26677\" class=\"elementor elementor-26677\" data-elementor-post-type=\"page\">\n\t\t\t\t\t\t\t\t\t<section class=\"elementor-section elementor-top-section elementor-element elementor-element-6c51a77a elementor-section-boxed elementor-section-height-default elementor-section-height-default\" data-id=\"6c51a77a\" data-element_type=\"section\">\n\t\t\t\t\t\t<div class=\"elementor-container elementor-column-gap-default\">\n\t\t\t\t\t<div class=\"elementor-column elementor-col-100 elementor-top-column elementor-element elementor-element-30e074a\" data-id=\"30e074a\" data-element_type=\"column\">\n\t\t\t<div class=\"elementor-widget-wrap elementor-element-populated\">\n\t\t\t\t\t\t\t\t<div class=\"elementor-element elementor-element-50606c9e elementor-widget elementor-widget-text-editor\" data-id=\"50606c9e\" data-element_type=\"widget\" data-widget_type=\"text-editor.default\">\n\t\t\t\t<div class=\"elementor-widget-container\">\n\t\t\t\t\t\t\t<p>Er du para ut\u00f8ver og \u00f8nsker \u00e5 drive med friidrett? Vi i Tyrving tar imot deg med \u00e5pne arme.<\/p>\n<p><br><\/p>\n<p>Vi har flere flinke para ut\u00f8vere i Tyrving, som deltar p\u00e5 ordin\u00e6re treningsgrupper.<\/p>\n<p>Tyrving har ikke en egen para gruppe, men vi fors\u00f8ker \u00e5 tilrettelegge s\u00e5 para ut\u00f8vere kan delta p\u00e5 de ordin\u00e6r grupper.<\/p>\n<p><br><\/p>\n<p>Vi har et flott Allidretts tilbud og \u00f8nsker ogs\u00e5 \u00e5 ta imot og tilrettelegge for para ut\u00f8vere her.<\/p>\n<p><br><\/p>\n<p>Er dette aktuelt for deg s\u00e5 ta endelig kontakt med Sportslig leder via morten@tyrving.no<\/p>\n<p><span style=\"font-size: 14px\">Velkommen til Tyrving :)<\/span><\/p>\t\t\t\t\t\t<\/div>\n\t\t\t\t<\/div>\n\t\t\t\t\t<\/div>\n\t\t<\/div>\n\t\t\t\t\t\t\t<\/div>\n\t\t<\/section>\n\t\t\t\t\t\t\t<\/div>\n\t\t","protected":false},"excerpt":{"rendered":"Er du para ut\u00f8ver og \u00f8nsker \u00e5 drive med friidrett? Vi i Tyrving tar imot deg med \u00e5pne arme. Vi har flere flinke para ut\u00f8vere i Tyrving, som deltar p\u00e5 ordin\u00e6re treningsgrupper. Tyrving har ikke en egen&#8230;","protected":false},"author":48,"featured_media":0,"parent":0,"menu_order":0,"comment_status":"closed","ping_status":"closed","template":"","meta":{"footnotes":""},"categories":[],"tags":[],"acf":[],"yoast_head":"<!-- This site is optimized with the Yoast SEO plugin v21.2 - https:\/\/yoast.com\/wordpress\/plugins\/seo\/ -->\n<title>Paraut\u00f8vere - Tyrving - Friidrett<\/title>\n<meta name=\"robots\" content=\"index, follow, max-snippet:-1, max-image-preview:large, max-video-preview:-1\" \/>\n<link rel=\"canonical\" href=\"https:\/\/tyrving.idrett.no\/10\/f\/parautovere\/\" \/>\n<meta property=\"og:locale\" content=\"nb_NO\" \/>\n<meta property=\"og:type\" content=\"article\" \/>\n<meta property=\"og:title\" content=\"Paraut\u00f8vere - Tyrving - Friidrett\" \/>\n<meta property=\"og:description\" content=\"Er du para ut\u00f8ver og \u00f8nsker \u00e5 drive med friidrett? Vi i Tyrving tar imot deg med \u00e5pne arme. Vi har flere flinke para ut\u00f8vere i Tyrving, som deltar p\u00e5 ordin\u00e6re treningsgrupper. Tyrving har ikke en egen...\" \/>\n<meta property=\"og:url\" content=\"https:\/\/tyrving.idrett.no\/10\/f\/parautovere\/\" \/>\n<meta property=\"og:site_name\" content=\"Tyrving - Friidrett\" \/>\n<meta property=\"article:modified_time\" content=\"2025-09-29T19:12:56+00:00\" \/>\n<meta name=\"twitter:card\" content=\"summary_large_image\" \/>\n<meta name=\"twitter:label1\" content=\"Ansl. lesetid\" \/>\n\t<meta name=\"twitter:data1\" content=\"1 minutt\" \/>\n<script type=\"application\/ld+json\" class=\"yoast-schema-graph\">{\"@context\":\"https:\/\/schema.org\",\"@graph\":[{\"@type\":\"WebPage\",\"@id\":\"https:\/\/tyrving.idrett.no\/10\/f\/parautovere\/\",\"url\":\"https:\/\/tyrving.idrett.no\/10\/f\/parautovere\/\",\"name\":\"Paraut\u00f8vere - Tyrving - Friidrett\",\"isPartOf\":{\"@id\":\"https:\/\/tyrving.idrett.no\/10\/f\/#website\"},\"datePublished\":\"2024-10-11T10:06:31+00:00\",\"dateModified\":\"2025-09-29T19:12:56+00:00\",\"breadcrumb\":{\"@id\":\"https:\/\/tyrving.idrett.no\/10\/f\/parautovere\/#breadcrumb\"},\"inLanguage\":\"nb-NO\",\"potentialAction\":[{\"@type\":\"ReadAction\",\"target\":[\"https:\/\/tyrving.idrett.no\/10\/f\/parautovere\/\"]}]},{\"@type\":\"BreadcrumbList\",\"@id\":\"https:\/\/tyrving.idrett.no\/10\/f\/parautovere\/#breadcrumb\",\"itemListElement\":[{\"@type\":\"ListItem\",\"position\":1,\"name\":\"Hjem\",\"item\":\"https:\/\/tyrving.idrett.no\/10\/f\/\"},{\"@type\":\"ListItem\",\"position\":2,\"name\":\"Paraut\u00f8vere\"}]},{\"@type\":\"WebSite\",\"@id\":\"https:\/\/tyrving.idrett.no\/10\/f\/#website\",\"url\":\"https:\/\/tyrving.idrett.no\/10\/f\/\",\"name\":\"Tyrving - Friidrett\",\"description\":\"Friidrettsgruppa\",\"publisher\":{\"@id\":\"https:\/\/tyrving.idrett.no\/10\/f\/#organization\"},\"potentialAction\":[{\"@type\":\"SearchAction\",\"target\":{\"@type\":\"EntryPoint\",\"urlTemplate\":\"https:\/\/tyrving.idrett.no\/10\/f\/?s={search_term_string}\"},\"query-input\":\"required name=search_term_string\"}],\"inLanguage\":\"nb-NO\"},{\"@type\":\"Organization\",\"@id\":\"https:\/\/tyrving.idrett.no\/10\/f\/#organization\",\"name\":\"Tyrving Friidrettsgruppa\",\"url\":\"https:\/\/tyrving.idrett.no\/10\/f\/\",\"logo\":{\"@type\":\"ImageObject\",\"inLanguage\":\"nb-NO\",\"@id\":\"https:\/\/tyrving.idrett.no\/10\/f\/#\/schema\/logo\/image\/\",\"url\":\"https:\/\/tyrving.idrett.no\/10\/f\/files\/2019\/04\/Tyrving-Logo-Friidrett-2019.jpg\",\"contentUrl\":\"https:\/\/tyrving.idrett.no\/10\/f\/files\/2019\/04\/Tyrving-Logo-Friidrett-2019.jpg\",\"width\":460,\"height\":360,\"caption\":\"Tyrving Friidrettsgruppa\"},\"image\":{\"@id\":\"https:\/\/tyrving.idrett.no\/10\/f\/#\/schema\/logo\/image\/\"}}]}<\/script>\n<!-- \/ Yoast SEO plugin. -->","yoast_head_json":{"title":"Paraut\u00f8vere - Tyrving - Friidrett","robots":{"index":"index","follow":"follow","max-snippet":"max-snippet:-1","max-image-preview":"max-image-preview:large","max-video-preview":"max-video-preview:-1"},"canonical":"https:\/\/tyrving.idrett.no\/10\/f\/parautovere\/","og_locale":"nb_NO","og_type":"article","og_title":"Paraut\u00f8vere - Tyrving - Friidrett","og_description":"Er du para ut\u00f8ver og \u00f8nsker \u00e5 drive med friidrett? Vi i Tyrving tar imot deg med \u00e5pne arme. Vi har flere flinke para ut\u00f8vere i Tyrving, som deltar p\u00e5 ordin\u00e6re treningsgrupper. Tyrving har ikke en egen...","og_url":"https:\/\/tyrving.idrett.no\/10\/f\/parautovere\/","og_site_name":"Tyrving - Friidrett","article_modified_time":"2025-09-29T19:12:56+00:00","twitter_card":"summary_large_image","twitter_misc":{"Ansl. lesetid":"1 minutt"},"schema":{"@context":"https:\/\/schema.org","@graph":[{"@type":"WebPage","@id":"https:\/\/tyrving.idrett.no\/10\/f\/parautovere\/","url":"https:\/\/tyrving.idrett.no\/10\/f\/parautovere\/","name":"Paraut\u00f8vere - Tyrving - Friidrett","isPartOf":{"@id":"https:\/\/tyrving.idrett.no\/10\/f\/#website"},"datePublished":"2024-10-11T10:06:31+00:00","dateModified":"2025-09-29T19:12:56+00:00","breadcrumb":{"@id":"https:\/\/tyrving.idrett.no\/10\/f\/parautovere\/#breadcrumb"},"inLanguage":"nb-NO","potentialAction":[{"@type":"ReadAction","target":["https:\/\/tyrving.idrett.no\/10\/f\/parautovere\/"]}]},{"@type":"BreadcrumbList","@id":"https:\/\/tyrving.idrett.no\/10\/f\/parautovere\/#breadcrumb","itemListElement":[{"@type":"ListItem","position":1,"name":"Hjem","item":"https:\/\/tyrving.idrett.no\/10\/f\/"},{"@type":"ListItem","position":2,"name":"Paraut\u00f8vere"}]},{"@type":"WebSite","@id":"https:\/\/tyrving.idrett.no\/10\/f\/#website","url":"https:\/\/tyrving.idrett.no\/10\/f\/","name":"Tyrving - Friidrett","description":"Friidrettsgruppa","publisher":{"@id":"https:\/\/tyrving.idrett.no\/10\/f\/#organization"},"potentialAction":[{"@type":"SearchAction","target":{"@type":"EntryPoint","urlTemplate":"https:\/\/tyrving.idrett.no\/10\/f\/?s={search_term_string}"},"query-input":"required name=search_term_string"}],"inLanguage":"nb-NO"},{"@type":"Organization","@id":"https:\/\/tyrving.idrett.no\/10\/f\/#organization","name":"Tyrving Friidrettsgruppa","url":"https:\/\/tyrving.idrett.no\/10\/f\/","logo":{"@type":"ImageObject","inLanguage":"nb-NO","@id":"https:\/\/tyrving.idrett.no\/10\/f\/#\/schema\/logo\/image\/","url":"https:\/\/tyrving.idrett.no\/10\/f\/files\/2019\/04\/Tyrving-Logo-Friidrett-2019.jpg","contentUrl":"https:\/\/tyrving.idrett.no\/10\/f\/files\/2019\/04\/Tyrving-Logo-Friidrett-2019.jpg","width":460,"height":360,"caption":"Tyrving Friidrettsgruppa"},"image":{"@id":"https:\/\/tyrving.idrett.no\/10\/f\/#\/schema\/logo\/image\/"}}]}},"jetpack_sharing_enabled":true,"_links":{"self":[{"href":"https:\/\/tyrving.idrett.no\/10\/f\/wp-json\/wp\/v2\/pages\/26677"}],"collection":[{"href":"https:\/\/tyrving.idrett.no\/10\/f\/wp-json\/wp\/v2\/pages"}],"about":[{"href":"https:\/\/tyrving.idrett.no\/10\/f\/wp-json\/wp\/v2\/types\/page"}],"author":[{"embeddable":true,"href":"https:\/\/tyrving.idrett.no\/10\/f\/wp-json\/wp\/v2\/users\/48"}],"replies":[{"embeddable":true,"href":"https:\/\/tyrving.idrett.no\/10\/f\/wp-json\/wp\/v2\/comments?post=26677"}],"version-history":[{"count":16,"href":"https:\/\/tyrving.idrett.no\/10\/f\/wp-json\/wp\/v2\/pages\/26677\/revisions"}],"predecessor-version":[{"id":27797,"href":"https:\/\/tyrving.idrett.no\/10\/f\/wp-json\/wp\/v2\/pages\/26677\/revisions\/27797"}],"wp:attachment":[{"href":"https:\/\/tyrving.idrett.no\/10\/f\/wp-json\/wp\/v2\/media?parent=26677"}],"wp:term":[{"taxonomy":"category","embeddable":true,"href":"https:\/\/tyrving.idrett.no\/10\/f\/wp-json\/wp\/v2\/categories?post=26677"},{"taxonomy":"post_tag","embeddable":true,"href":"https:\/\/tyrving.idrett.no\/10\/f\/wp-json\/wp\/v2\/tags?post=26677"}],"curies":[{"name":"wp","href":"https:\/\/api.w.org\/{rel}","templated":true}]}}