{"id":27991,"date":"2026-01-14T12:13:02","date_gmt":"2026-01-14T11:13:02","guid":{"rendered":"https:\/\/tyrving.idrett.no\/10\/f\/?page_id=27991"},"modified":"2026-02-02T14:22:16","modified_gmt":"2026-02-02T13:22:16","slug":"bonussatser","status":"publish","type":"page","link":"https:\/\/tyrving.idrett.no\/10\/f\/bonussatser\/","title":{"rendered":"Bonussatser"},"content":{"rendered":"<p><a href=\"https:\/\/tyrving.idrett.no\/10\/f\/files\/2026\/01\/Bonus-2026.pdf\">Bonus <\/a><\/p>\n<p><a href=\"https:\/\/tyrving.idrett.no\/10\/f\/files\/2026\/01\/Bonus-para-.pdf\">Bonus para<\/a><\/p>\n<p>&nbsp;<\/p>\n<p>Til deg som skal ha refusjon av utlegg fra Tyrving:<\/p>\n<p>For at klubben skal f\u00f8lge regnskapsloven og krav fra revisor, m\u00e5 vi stramme litt inn p\u00e5 rutinene for refusjon av utlegg.<\/p>\n<p>Det betyr at alle som skal f\u00e5 refundert kostnader m\u00e5 levere:<\/p>\n<ul>\n<li><strong>Gyldig kvittering<\/strong> der dato, vare\/tjeneste, leverand\u00f8r og bel\u00f8p kommer tydelig frem<\/li>\n<li><strong>Utfylt refusjonsskjema<\/strong>, konvertert til PDF<\/li>\n<li>Bel\u00f8pet i skjemaet m\u00e5 <strong>stemme helt med kvitteringen<\/strong><\/li>\n<\/ul>\n<p>Kvittering og refusjonsskjema sendes samlet til <strong><a>emil@tyrving.no<\/a><\/strong> for utbetaling.<\/p>\n<p>Dette er ikke ment \u00e5 v\u00e6re firkantet, men n\u00f8dvendig for at regnskapet v\u00e5rt skal v\u00e6re i orden. Takk for at dere bidrar til ryddige rutiner i klubben<\/p>\n<p>Emil Ahlb\u00e4ck L\u00f8yning<br \/>\nDaglig leder<br \/>\nTyrving IL<br \/>\nTlf: +47 98449730<\/p>\n","protected":false},"excerpt":{"rendered":"Bonus Bonus para &nbsp; Til deg som skal ha refusjon av utlegg fra Tyrving: For at klubben skal f\u00f8lge regnskapsloven og krav fra revisor, m\u00e5 vi stramme litt inn p\u00e5 rutinene for refusjon av utlegg. Det&#8230;","protected":false},"author":48,"featured_media":0,"parent":0,"menu_order":0,"comment_status":"closed","ping_status":"closed","template":"","meta":{"footnotes":""},"categories":[],"tags":[],"acf":[],"yoast_head":"<!-- This site is optimized with the Yoast SEO plugin v21.2 - https:\/\/yoast.com\/wordpress\/plugins\/seo\/ -->\n<title>Bonussatser - Tyrving - Friidrett<\/title>\n<meta name=\"robots\" content=\"index, follow, max-snippet:-1, max-image-preview:large, max-video-preview:-1\" \/>\n<link rel=\"canonical\" href=\"https:\/\/tyrving.idrett.no\/10\/f\/bonussatser\/\" \/>\n<meta property=\"og:locale\" content=\"nb_NO\" \/>\n<meta property=\"og:type\" content=\"article\" \/>\n<meta property=\"og:title\" content=\"Bonussatser - Tyrving - Friidrett\" \/>\n<meta property=\"og:description\" content=\"Bonus Bonus para &nbsp; Til deg som skal ha refusjon av utlegg fra Tyrving: For at klubben skal f\u00f8lge regnskapsloven og krav fra revisor, m\u00e5 vi stramme litt inn p\u00e5 rutinene for refusjon av utlegg. Det...\" \/>\n<meta property=\"og:url\" content=\"https:\/\/tyrving.idrett.no\/10\/f\/bonussatser\/\" \/>\n<meta property=\"og:site_name\" content=\"Tyrving - Friidrett\" \/>\n<meta property=\"article:modified_time\" content=\"2026-02-02T13:22:16+00:00\" \/>\n<meta name=\"twitter:card\" content=\"summary_large_image\" \/>\n<meta name=\"twitter:label1\" content=\"Ansl. lesetid\" \/>\n\t<meta name=\"twitter:data1\" content=\"1 minutt\" \/>\n<script type=\"application\/ld+json\" class=\"yoast-schema-graph\">{\"@context\":\"https:\/\/schema.org\",\"@graph\":[{\"@type\":\"WebPage\",\"@id\":\"https:\/\/tyrving.idrett.no\/10\/f\/bonussatser\/\",\"url\":\"https:\/\/tyrving.idrett.no\/10\/f\/bonussatser\/\",\"name\":\"Bonussatser - Tyrving - Friidrett\",\"isPartOf\":{\"@id\":\"https:\/\/tyrving.idrett.no\/10\/f\/#website\"},\"datePublished\":\"2026-01-14T11:13:02+00:00\",\"dateModified\":\"2026-02-02T13:22:16+00:00\",\"breadcrumb\":{\"@id\":\"https:\/\/tyrving.idrett.no\/10\/f\/bonussatser\/#breadcrumb\"},\"inLanguage\":\"nb-NO\",\"potentialAction\":[{\"@type\":\"ReadAction\",\"target\":[\"https:\/\/tyrving.idrett.no\/10\/f\/bonussatser\/\"]}]},{\"@type\":\"BreadcrumbList\",\"@id\":\"https:\/\/tyrving.idrett.no\/10\/f\/bonussatser\/#breadcrumb\",\"itemListElement\":[{\"@type\":\"ListItem\",\"position\":1,\"name\":\"Hjem\",\"item\":\"https:\/\/tyrving.idrett.no\/10\/f\/\"},{\"@type\":\"ListItem\",\"position\":2,\"name\":\"Bonussatser\"}]},{\"@type\":\"WebSite\",\"@id\":\"https:\/\/tyrving.idrett.no\/10\/f\/#website\",\"url\":\"https:\/\/tyrving.idrett.no\/10\/f\/\",\"name\":\"Tyrving - Friidrett\",\"description\":\"Friidrettsgruppa\",\"publisher\":{\"@id\":\"https:\/\/tyrving.idrett.no\/10\/f\/#organization\"},\"potentialAction\":[{\"@type\":\"SearchAction\",\"target\":{\"@type\":\"EntryPoint\",\"urlTemplate\":\"https:\/\/tyrving.idrett.no\/10\/f\/?s={search_term_string}\"},\"query-input\":\"required name=search_term_string\"}],\"inLanguage\":\"nb-NO\"},{\"@type\":\"Organization\",\"@id\":\"https:\/\/tyrving.idrett.no\/10\/f\/#organization\",\"name\":\"Tyrving Friidrettsgruppa\",\"url\":\"https:\/\/tyrving.idrett.no\/10\/f\/\",\"logo\":{\"@type\":\"ImageObject\",\"inLanguage\":\"nb-NO\",\"@id\":\"https:\/\/tyrving.idrett.no\/10\/f\/#\/schema\/logo\/image\/\",\"url\":\"https:\/\/tyrving.idrett.no\/10\/f\/files\/2019\/04\/Tyrving-Logo-Friidrett-2019.jpg\",\"contentUrl\":\"https:\/\/tyrving.idrett.no\/10\/f\/files\/2019\/04\/Tyrving-Logo-Friidrett-2019.jpg\",\"width\":460,\"height\":360,\"caption\":\"Tyrving Friidrettsgruppa\"},\"image\":{\"@id\":\"https:\/\/tyrving.idrett.no\/10\/f\/#\/schema\/logo\/image\/\"}}]}<\/script>\n<!-- \/ Yoast SEO plugin. -->","yoast_head_json":{"title":"Bonussatser - Tyrving - Friidrett","robots":{"index":"index","follow":"follow","max-snippet":"max-snippet:-1","max-image-preview":"max-image-preview:large","max-video-preview":"max-video-preview:-1"},"canonical":"https:\/\/tyrving.idrett.no\/10\/f\/bonussatser\/","og_locale":"nb_NO","og_type":"article","og_title":"Bonussatser - Tyrving - Friidrett","og_description":"Bonus Bonus para &nbsp; Til deg som skal ha refusjon av utlegg fra Tyrving: For at klubben skal f\u00f8lge regnskapsloven og krav fra revisor, m\u00e5 vi stramme litt inn p\u00e5 rutinene for refusjon av utlegg. Det...","og_url":"https:\/\/tyrving.idrett.no\/10\/f\/bonussatser\/","og_site_name":"Tyrving - Friidrett","article_modified_time":"2026-02-02T13:22:16+00:00","twitter_card":"summary_large_image","twitter_misc":{"Ansl. lesetid":"1 minutt"},"schema":{"@context":"https:\/\/schema.org","@graph":[{"@type":"WebPage","@id":"https:\/\/tyrving.idrett.no\/10\/f\/bonussatser\/","url":"https:\/\/tyrving.idrett.no\/10\/f\/bonussatser\/","name":"Bonussatser - Tyrving - Friidrett","isPartOf":{"@id":"https:\/\/tyrving.idrett.no\/10\/f\/#website"},"datePublished":"2026-01-14T11:13:02+00:00","dateModified":"2026-02-02T13:22:16+00:00","breadcrumb":{"@id":"https:\/\/tyrving.idrett.no\/10\/f\/bonussatser\/#breadcrumb"},"inLanguage":"nb-NO","potentialAction":[{"@type":"ReadAction","target":["https:\/\/tyrving.idrett.no\/10\/f\/bonussatser\/"]}]},{"@type":"BreadcrumbList","@id":"https:\/\/tyrving.idrett.no\/10\/f\/bonussatser\/#breadcrumb","itemListElement":[{"@type":"ListItem","position":1,"name":"Hjem","item":"https:\/\/tyrving.idrett.no\/10\/f\/"},{"@type":"ListItem","position":2,"name":"Bonussatser"}]},{"@type":"WebSite","@id":"https:\/\/tyrving.idrett.no\/10\/f\/#website","url":"https:\/\/tyrving.idrett.no\/10\/f\/","name":"Tyrving - Friidrett","description":"Friidrettsgruppa","publisher":{"@id":"https:\/\/tyrving.idrett.no\/10\/f\/#organization"},"potentialAction":[{"@type":"SearchAction","target":{"@type":"EntryPoint","urlTemplate":"https:\/\/tyrving.idrett.no\/10\/f\/?s={search_term_string}"},"query-input":"required name=search_term_string"}],"inLanguage":"nb-NO"},{"@type":"Organization","@id":"https:\/\/tyrving.idrett.no\/10\/f\/#organization","name":"Tyrving Friidrettsgruppa","url":"https:\/\/tyrving.idrett.no\/10\/f\/","logo":{"@type":"ImageObject","inLanguage":"nb-NO","@id":"https:\/\/tyrving.idrett.no\/10\/f\/#\/schema\/logo\/image\/","url":"https:\/\/tyrving.idrett.no\/10\/f\/files\/2019\/04\/Tyrving-Logo-Friidrett-2019.jpg","contentUrl":"https:\/\/tyrving.idrett.no\/10\/f\/files\/2019\/04\/Tyrving-Logo-Friidrett-2019.jpg","width":460,"height":360,"caption":"Tyrving Friidrettsgruppa"},"image":{"@id":"https:\/\/tyrving.idrett.no\/10\/f\/#\/schema\/logo\/image\/"}}]}},"jetpack_sharing_enabled":true,"_links":{"self":[{"href":"https:\/\/tyrving.idrett.no\/10\/f\/wp-json\/wp\/v2\/pages\/27991"}],"collection":[{"href":"https:\/\/tyrving.idrett.no\/10\/f\/wp-json\/wp\/v2\/pages"}],"about":[{"href":"https:\/\/tyrving.idrett.no\/10\/f\/wp-json\/wp\/v2\/types\/page"}],"author":[{"embeddable":true,"href":"https:\/\/tyrving.idrett.no\/10\/f\/wp-json\/wp\/v2\/users\/48"}],"replies":[{"embeddable":true,"href":"https:\/\/tyrving.idrett.no\/10\/f\/wp-json\/wp\/v2\/comments?post=27991"}],"version-history":[{"count":4,"href":"https:\/\/tyrving.idrett.no\/10\/f\/wp-json\/wp\/v2\/pages\/27991\/revisions"}],"predecessor-version":[{"id":28055,"href":"https:\/\/tyrving.idrett.no\/10\/f\/wp-json\/wp\/v2\/pages\/27991\/revisions\/28055"}],"wp:attachment":[{"href":"https:\/\/tyrving.idrett.no\/10\/f\/wp-json\/wp\/v2\/media?parent=27991"}],"wp:term":[{"taxonomy":"category","embeddable":true,"href":"https:\/\/tyrving.idrett.no\/10\/f\/wp-json\/wp\/v2\/categories?post=27991"},{"taxonomy":"post_tag","embeddable":true,"href":"https:\/\/tyrving.idrett.no\/10\/f\/wp-json\/wp\/v2\/tags?post=27991"}],"curies":[{"name":"wp","href":"https:\/\/api.w.org\/{rel}","templated":true}]}}