{"id":52,"date":"2010-04-05T08:37:36","date_gmt":"2010-04-05T07:37:36","guid":{"rendered":"http:\/\/tyrving.idrett.no\/10\/f\/?page_id=52"},"modified":"2021-12-18T15:13:34","modified_gmt":"2021-12-18T14:13:34","slug":"tyrvingstevner","status":"publish","type":"page","link":"https:\/\/tyrving.idrett.no\/10\/f\/tyrvingstevner\/","title":{"rendered":"Oversikt Tyrvingstevner 2020"},"content":{"rendered":"<ul>\n<li>08-09. februar: <a href=\"http:\/\/tyrving.idrett.no\/10\/tlinne\/\">Thon Hotels Tyrvinglekene i B\u00e6rum idrettspark<\/a><\/li>\n<li>06.08. mars: <a href=\"http:\/\/tyrving.idrett.no\/10\/um\/\">UM i B\u00e6rum Idrettspark<\/a><\/li>\n<li>1.april: P\u00e5skeleker i B\u00e6rum Idrettspark for 2-9 \u00e5r.\u00a0 AVLYST.<\/li>\n<li>26.april: Craft Tyrvingstafetten. 10 \u00e5r til senior. AVLYST.<\/li>\n<li>5.mai: L\u00f8psstevne Nadderud. 10 \u00e5r-senior. AVLYST.<\/li>\n<li>12. mai:\u00a0<a href=\"http:\/\/tyrving.idrett.no\/10\/f\/tyrvingstevner\/tinestafetten\/\"> Tinestafetten p\u00e5 Nadderud stadion. AVLYST.<\/a><\/li>\n<li>20. mai: Fornebul\u00f8pet.\u00a0 UTSATT TIL 30. SEPTEMBER.<\/li>\n<li>25. mai: Diskos, kastbanen ved Bekkestua skole.<\/li>\n<li>8. juni: H\u00f8yde Nadderud stadion.<\/li>\n<li>15. juni: Lengde Nadderud stadion.<\/li>\n<li>17. juni: Sprint Nadderud stadion.<\/li>\n<li>6.juni: V\u00e5rleker p\u00e5 Nadderud stadion for 2-9 \u00e5r. AVLYST.<\/li>\n<li>12.-14. juni: Oslo Sportslager Tyrvinglekene. UTSATT til 21.-22. nov. i B\u00e6rum Idrettspark.<\/li>\n<li>2.september: H\u00f8stleker p\u00e5 Nadderud stadion for 2-9 \u00e5r.<\/li>\n<\/ul>\n<p>Oppdatert 09.05.20.<\/p>\n<p>&nbsp;<\/p>\n<p>&nbsp;<\/p>\n","protected":false},"excerpt":{"rendered":"08-09. februar: Thon Hotels Tyrvinglekene i B\u00e6rum idrettspark 06.08. mars: UM i B\u00e6rum Idrettspark 1.april: P\u00e5skeleker i B\u00e6rum Idrettspark for 2-9 \u00e5r.\u00a0 AVLYST. 26.april: Craft Tyrvingstafetten. 10 \u00e5r t&#8230;","protected":false},"author":2,"featured_media":0,"parent":0,"menu_order":5,"comment_status":"open","ping_status":"open","template":"","meta":{"footnotes":""},"categories":[1],"tags":[7872],"acf":[],"yoast_head":"<!-- This site is optimized with the Yoast SEO plugin v21.2 - https:\/\/yoast.com\/wordpress\/plugins\/seo\/ -->\n<title>Oversikt Tyrvingstevner 2020 - Tyrving - Friidrett<\/title>\n<meta name=\"robots\" content=\"index, follow, max-snippet:-1, max-image-preview:large, max-video-preview:-1\" \/>\n<link rel=\"canonical\" href=\"https:\/\/tyrving.idrett.no\/10\/f\/tyrvingstevner\/\" \/>\n<meta property=\"og:locale\" content=\"nb_NO\" \/>\n<meta property=\"og:type\" content=\"article\" \/>\n<meta property=\"og:title\" content=\"Oversikt Tyrvingstevner 2020 - Tyrving - Friidrett\" \/>\n<meta property=\"og:description\" content=\"08-09. februar: Thon Hotels Tyrvinglekene i B\u00e6rum idrettspark 06.08. mars: UM i B\u00e6rum Idrettspark 1.april: P\u00e5skeleker i B\u00e6rum Idrettspark for 2-9 \u00e5r.\u00a0 AVLYST. 26.april: Craft Tyrvingstafetten. 10 \u00e5r t...\" \/>\n<meta property=\"og:url\" content=\"https:\/\/tyrving.idrett.no\/10\/f\/tyrvingstevner\/\" \/>\n<meta property=\"og:site_name\" content=\"Tyrving - Friidrett\" \/>\n<meta property=\"article:modified_time\" content=\"2021-12-18T14:13:34+00:00\" \/>\n<meta name=\"twitter:card\" content=\"summary_large_image\" \/>\n<meta name=\"twitter:label1\" content=\"Ansl. lesetid\" \/>\n\t<meta name=\"twitter:data1\" content=\"1 minutt\" \/>\n<script type=\"application\/ld+json\" class=\"yoast-schema-graph\">{\"@context\":\"https:\/\/schema.org\",\"@graph\":[{\"@type\":\"WebPage\",\"@id\":\"https:\/\/tyrving.idrett.no\/10\/f\/tyrvingstevner\/\",\"url\":\"https:\/\/tyrving.idrett.no\/10\/f\/tyrvingstevner\/\",\"name\":\"Oversikt Tyrvingstevner 2020 - Tyrving - Friidrett\",\"isPartOf\":{\"@id\":\"https:\/\/tyrving.idrett.no\/10\/f\/#website\"},\"datePublished\":\"2010-04-05T07:37:36+00:00\",\"dateModified\":\"2021-12-18T14:13:34+00:00\",\"breadcrumb\":{\"@id\":\"https:\/\/tyrving.idrett.no\/10\/f\/tyrvingstevner\/#breadcrumb\"},\"inLanguage\":\"nb-NO\",\"potentialAction\":[{\"@type\":\"ReadAction\",\"target\":[\"https:\/\/tyrving.idrett.no\/10\/f\/tyrvingstevner\/\"]}]},{\"@type\":\"BreadcrumbList\",\"@id\":\"https:\/\/tyrving.idrett.no\/10\/f\/tyrvingstevner\/#breadcrumb\",\"itemListElement\":[{\"@type\":\"ListItem\",\"position\":1,\"name\":\"Hjem\",\"item\":\"https:\/\/tyrving.idrett.no\/10\/f\/\"},{\"@type\":\"ListItem\",\"position\":2,\"name\":\"Oversikt Tyrvingstevner 2020\"}]},{\"@type\":\"WebSite\",\"@id\":\"https:\/\/tyrving.idrett.no\/10\/f\/#website\",\"url\":\"https:\/\/tyrving.idrett.no\/10\/f\/\",\"name\":\"Tyrving - Friidrett\",\"description\":\"Friidrettsgruppa\",\"publisher\":{\"@id\":\"https:\/\/tyrving.idrett.no\/10\/f\/#organization\"},\"potentialAction\":[{\"@type\":\"SearchAction\",\"target\":{\"@type\":\"EntryPoint\",\"urlTemplate\":\"https:\/\/tyrving.idrett.no\/10\/f\/?s={search_term_string}\"},\"query-input\":\"required name=search_term_string\"}],\"inLanguage\":\"nb-NO\"},{\"@type\":\"Organization\",\"@id\":\"https:\/\/tyrving.idrett.no\/10\/f\/#organization\",\"name\":\"Tyrving Friidrettsgruppa\",\"url\":\"https:\/\/tyrving.idrett.no\/10\/f\/\",\"logo\":{\"@type\":\"ImageObject\",\"inLanguage\":\"nb-NO\",\"@id\":\"https:\/\/tyrving.idrett.no\/10\/f\/#\/schema\/logo\/image\/\",\"url\":\"https:\/\/tyrving.idrett.no\/10\/f\/files\/2019\/04\/Tyrving-Logo-Friidrett-2019.jpg\",\"contentUrl\":\"https:\/\/tyrving.idrett.no\/10\/f\/files\/2019\/04\/Tyrving-Logo-Friidrett-2019.jpg\",\"width\":460,\"height\":360,\"caption\":\"Tyrving Friidrettsgruppa\"},\"image\":{\"@id\":\"https:\/\/tyrving.idrett.no\/10\/f\/#\/schema\/logo\/image\/\"}}]}<\/script>\n<!-- \/ Yoast SEO plugin. -->","yoast_head_json":{"title":"Oversikt Tyrvingstevner 2020 - Tyrving - Friidrett","robots":{"index":"index","follow":"follow","max-snippet":"max-snippet:-1","max-image-preview":"max-image-preview:large","max-video-preview":"max-video-preview:-1"},"canonical":"https:\/\/tyrving.idrett.no\/10\/f\/tyrvingstevner\/","og_locale":"nb_NO","og_type":"article","og_title":"Oversikt Tyrvingstevner 2020 - Tyrving - Friidrett","og_description":"08-09. februar: Thon Hotels Tyrvinglekene i B\u00e6rum idrettspark 06.08. mars: UM i B\u00e6rum Idrettspark 1.april: P\u00e5skeleker i B\u00e6rum Idrettspark for 2-9 \u00e5r.\u00a0 AVLYST. 26.april: Craft Tyrvingstafetten. 10 \u00e5r t...","og_url":"https:\/\/tyrving.idrett.no\/10\/f\/tyrvingstevner\/","og_site_name":"Tyrving - Friidrett","article_modified_time":"2021-12-18T14:13:34+00:00","twitter_card":"summary_large_image","twitter_misc":{"Ansl. lesetid":"1 minutt"},"schema":{"@context":"https:\/\/schema.org","@graph":[{"@type":"WebPage","@id":"https:\/\/tyrving.idrett.no\/10\/f\/tyrvingstevner\/","url":"https:\/\/tyrving.idrett.no\/10\/f\/tyrvingstevner\/","name":"Oversikt Tyrvingstevner 2020 - Tyrving - Friidrett","isPartOf":{"@id":"https:\/\/tyrving.idrett.no\/10\/f\/#website"},"datePublished":"2010-04-05T07:37:36+00:00","dateModified":"2021-12-18T14:13:34+00:00","breadcrumb":{"@id":"https:\/\/tyrving.idrett.no\/10\/f\/tyrvingstevner\/#breadcrumb"},"inLanguage":"nb-NO","potentialAction":[{"@type":"ReadAction","target":["https:\/\/tyrving.idrett.no\/10\/f\/tyrvingstevner\/"]}]},{"@type":"BreadcrumbList","@id":"https:\/\/tyrving.idrett.no\/10\/f\/tyrvingstevner\/#breadcrumb","itemListElement":[{"@type":"ListItem","position":1,"name":"Hjem","item":"https:\/\/tyrving.idrett.no\/10\/f\/"},{"@type":"ListItem","position":2,"name":"Oversikt Tyrvingstevner 2020"}]},{"@type":"WebSite","@id":"https:\/\/tyrving.idrett.no\/10\/f\/#website","url":"https:\/\/tyrving.idrett.no\/10\/f\/","name":"Tyrving - Friidrett","description":"Friidrettsgruppa","publisher":{"@id":"https:\/\/tyrving.idrett.no\/10\/f\/#organization"},"potentialAction":[{"@type":"SearchAction","target":{"@type":"EntryPoint","urlTemplate":"https:\/\/tyrving.idrett.no\/10\/f\/?s={search_term_string}"},"query-input":"required name=search_term_string"}],"inLanguage":"nb-NO"},{"@type":"Organization","@id":"https:\/\/tyrving.idrett.no\/10\/f\/#organization","name":"Tyrving Friidrettsgruppa","url":"https:\/\/tyrving.idrett.no\/10\/f\/","logo":{"@type":"ImageObject","inLanguage":"nb-NO","@id":"https:\/\/tyrving.idrett.no\/10\/f\/#\/schema\/logo\/image\/","url":"https:\/\/tyrving.idrett.no\/10\/f\/files\/2019\/04\/Tyrving-Logo-Friidrett-2019.jpg","contentUrl":"https:\/\/tyrving.idrett.no\/10\/f\/files\/2019\/04\/Tyrving-Logo-Friidrett-2019.jpg","width":460,"height":360,"caption":"Tyrving Friidrettsgruppa"},"image":{"@id":"https:\/\/tyrving.idrett.no\/10\/f\/#\/schema\/logo\/image\/"}}]}},"jetpack_sharing_enabled":true,"_links":{"self":[{"href":"https:\/\/tyrving.idrett.no\/10\/f\/wp-json\/wp\/v2\/pages\/52"}],"collection":[{"href":"https:\/\/tyrving.idrett.no\/10\/f\/wp-json\/wp\/v2\/pages"}],"about":[{"href":"https:\/\/tyrving.idrett.no\/10\/f\/wp-json\/wp\/v2\/types\/page"}],"author":[{"embeddable":true,"href":"https:\/\/tyrving.idrett.no\/10\/f\/wp-json\/wp\/v2\/users\/2"}],"replies":[{"embeddable":true,"href":"https:\/\/tyrving.idrett.no\/10\/f\/wp-json\/wp\/v2\/comments?post=52"}],"version-history":[{"count":67,"href":"https:\/\/tyrving.idrett.no\/10\/f\/wp-json\/wp\/v2\/pages\/52\/revisions"}],"predecessor-version":[{"id":19514,"href":"https:\/\/tyrving.idrett.no\/10\/f\/wp-json\/wp\/v2\/pages\/52\/revisions\/19514"}],"wp:attachment":[{"href":"https:\/\/tyrving.idrett.no\/10\/f\/wp-json\/wp\/v2\/media?parent=52"}],"wp:term":[{"taxonomy":"category","embeddable":true,"href":"https:\/\/tyrving.idrett.no\/10\/f\/wp-json\/wp\/v2\/categories?post=52"},{"taxonomy":"post_tag","embeddable":true,"href":"https:\/\/tyrving.idrett.no\/10\/f\/wp-json\/wp\/v2\/tags?post=52"}],"curies":[{"name":"wp","href":"https:\/\/api.w.org\/{rel}","templated":true}]}}