{"id":58,"date":"2015-04-19T08:43:35","date_gmt":"2015-04-19T06:43:35","guid":{"rendered":"http:\/\/tyrving.idrett.no\/10\/f\/?page_id=58"},"modified":"2024-04-24T14:42:55","modified_gmt":"2024-04-24T12:42:55","slug":"tyrvingstafetten-3","status":"publish","type":"page","link":"https:\/\/tyrving.idrett.no\/10\/f\/tyrvingstafetten-3\/","title":{"rendered":"Tyrvingstafetten"},"content":{"rendered":"<p><b>S\u00f8ndag 28. april kl. 1300 p\u00e5 B\u00e6rum Idrettspark<\/b><\/p>\n<p><b>Klasser og etappefordeling:<\/b><\/p>\n<table width=\"646\">\n<tbody>\n<tr>\n<td width=\"119\"><b>\u00a0<\/b><\/td>\n<td width=\"134\"><b>Jenter og <\/b><\/p>\n<p><b>gutter<\/b><\/p>\n<p><b>10-14 \u00e5r<\/b><\/td>\n<td width=\"167\"><b>Jenter og gutter <\/b><\/p>\n<p><b>15-19 \u00e5r<\/b><\/td>\n<td width=\"227\"><b>Kvinner og menn senior (fra 15 \u00e5r)<\/b><\/td>\n<\/tr>\n<tr>\n<td width=\"119\"><b>1. etappe<\/b><\/td>\n<td width=\"134\"><b>450m<\/b><\/td>\n<td width=\"167\"><b>700m<\/b><\/td>\n<td width=\"227\"><b>700m<\/b><\/td>\n<\/tr>\n<tr>\n<td width=\"119\"><b>2. etappe<\/b><\/td>\n<td width=\"134\"><b>250m<\/b><\/td>\n<td width=\"167\"><b>200m<\/b><\/td>\n<td width=\"227\"><b>200m<\/b><\/td>\n<\/tr>\n<tr>\n<td width=\"119\"><b>3. etappe<\/b><\/td>\n<td width=\"134\"><b>200m<\/b><\/td>\n<td width=\"167\"><b>450m<\/b><\/td>\n<td width=\"227\"><b>450m<\/b><\/td>\n<\/tr>\n<tr>\n<td width=\"119\"><b>4. etappe<\/b><\/td>\n<td width=\"134\"><b>700m<\/b><\/td>\n<td width=\"167\"><b>900m<\/b><\/td>\n<td width=\"227\"><b>900m<\/b><\/td>\n<\/tr>\n<tr>\n<td width=\"119\"><b>5. etappe<\/b><\/td>\n<td width=\"134\"><b>200m<\/b><\/td>\n<td width=\"167\"><b>450m<\/b><\/td>\n<td width=\"227\"><b>450m<\/b><\/td>\n<\/tr>\n<tr>\n<td width=\"119\"><b>Max. alder<\/b><\/td>\n<td width=\"134\"><b>63 \u00e5r<\/b><\/td>\n<td width=\"167\"><b>85 \u00e5r<\/b><\/td>\n<td width=\"227\"><b>Ingen<\/b><\/td>\n<\/tr>\n<\/tbody>\n<\/table>\n<p>Alle etappene g\u00e5r p\u00e5 turveiene p\u00e5 Kalv\u00f8ya.<\/p>\n<p><b>P\u00e5melding:<\/b> \u00a0 Innen 18.april til: <a href=\"mailto:friidrett@tyrving.no\">friidrett@tyrving.no<\/a><\/p>\n<p><b>Startkontingent: <\/b>Kr 600 pr. lag betales til 9235.17.25747<\/p>\n<p><b>Premiering: \u00a0 <\/b>Pokal til vinnerlaget i hver klasse, deltakerpremie til \u00a0 alle.<\/p>\n<p><b>Garderober: \u00a0 <\/b>Tyrvings klubbhus p\u00e5 Kadettangen, 250m fra Kalv\u00f8ya.<\/p>\n<p><b>Parkering: \u00a0 <\/b>Under E18 eller i Sandvika grunnet begrenset plass p\u00e5 \u00a0 Kadettangen.<\/p>\n<h2><a href=\"http:\/\/tyrving.idrett.no\/10\/f\/files\/2015\/04\/L\u00f8ypekart-Tyrvingstafetten.pdf\">L\u00f8ypekart Tyrvingstafetten<\/a><\/h2>\n<h2><a href=\"http:\/\/tyrving.idrett.no\/10\/f\/files\/2018\/04\/Tyrvingstafetten-l\u00f8yperekorder.pdf\">Tyrvingstafetten l\u00f8yperekorder<\/a><\/h2>\n<p>&nbsp;<\/p>\n","protected":false},"excerpt":{"rendered":"S\u00f8ndag 28. april kl. 1300 p\u00e5 B\u00e6rum Idrettspark Klasser og etappefordeling: \u00a0 Jenter og gutter 10-14 \u00e5r Jenter og gutter 15-19 \u00e5r Kvinner og menn senior (fra 15 \u00e5r) 1. etappe 450m 700m 700m 2. etappe 2&#8230;","protected":false},"author":2,"featured_media":0,"parent":0,"menu_order":16,"comment_status":"open","ping_status":"open","template":"","meta":{"footnotes":""},"categories":[1],"tags":[7872],"acf":[],"yoast_head":"<!-- This site is optimized with the Yoast SEO plugin v21.2 - https:\/\/yoast.com\/wordpress\/plugins\/seo\/ -->\n<title>Tyrvingstafetten - Tyrving - Friidrett<\/title>\n<meta name=\"robots\" content=\"index, follow, max-snippet:-1, max-image-preview:large, max-video-preview:-1\" \/>\n<link rel=\"canonical\" href=\"https:\/\/tyrving.idrett.no\/10\/f\/tyrvingstafetten-3\/\" \/>\n<meta property=\"og:locale\" content=\"nb_NO\" \/>\n<meta property=\"og:type\" content=\"article\" \/>\n<meta property=\"og:title\" content=\"Tyrvingstafetten - Tyrving - Friidrett\" \/>\n<meta property=\"og:description\" content=\"S\u00f8ndag 28. april kl. 1300 p\u00e5 B\u00e6rum Idrettspark Klasser og etappefordeling: \u00a0 Jenter og gutter 10-14 \u00e5r Jenter og gutter 15-19 \u00e5r Kvinner og menn senior (fra 15 \u00e5r) 1. etappe 450m 700m 700m 2. etappe 2...\" \/>\n<meta property=\"og:url\" content=\"https:\/\/tyrving.idrett.no\/10\/f\/tyrvingstafetten-3\/\" \/>\n<meta property=\"og:site_name\" content=\"Tyrving - Friidrett\" \/>\n<meta property=\"article:modified_time\" content=\"2024-04-24T12:42:55+00:00\" \/>\n<meta name=\"twitter:card\" content=\"summary_large_image\" \/>\n<meta name=\"twitter:label1\" content=\"Ansl. lesetid\" \/>\n\t<meta name=\"twitter:data1\" content=\"1 minutt\" \/>\n<script type=\"application\/ld+json\" class=\"yoast-schema-graph\">{\"@context\":\"https:\/\/schema.org\",\"@graph\":[{\"@type\":\"WebPage\",\"@id\":\"https:\/\/tyrving.idrett.no\/10\/f\/tyrvingstafetten-3\/\",\"url\":\"https:\/\/tyrving.idrett.no\/10\/f\/tyrvingstafetten-3\/\",\"name\":\"Tyrvingstafetten - Tyrving - Friidrett\",\"isPartOf\":{\"@id\":\"https:\/\/tyrving.idrett.no\/10\/f\/#website\"},\"datePublished\":\"2015-04-19T06:43:35+00:00\",\"dateModified\":\"2024-04-24T12:42:55+00:00\",\"breadcrumb\":{\"@id\":\"https:\/\/tyrving.idrett.no\/10\/f\/tyrvingstafetten-3\/#breadcrumb\"},\"inLanguage\":\"nb-NO\",\"potentialAction\":[{\"@type\":\"ReadAction\",\"target\":[\"https:\/\/tyrving.idrett.no\/10\/f\/tyrvingstafetten-3\/\"]}]},{\"@type\":\"BreadcrumbList\",\"@id\":\"https:\/\/tyrving.idrett.no\/10\/f\/tyrvingstafetten-3\/#breadcrumb\",\"itemListElement\":[{\"@type\":\"ListItem\",\"position\":1,\"name\":\"Hjem\",\"item\":\"https:\/\/tyrving.idrett.no\/10\/f\/\"},{\"@type\":\"ListItem\",\"position\":2,\"name\":\"Tyrvingstafetten\"}]},{\"@type\":\"WebSite\",\"@id\":\"https:\/\/tyrving.idrett.no\/10\/f\/#website\",\"url\":\"https:\/\/tyrving.idrett.no\/10\/f\/\",\"name\":\"Tyrving - Friidrett\",\"description\":\"Friidrettsgruppa\",\"publisher\":{\"@id\":\"https:\/\/tyrving.idrett.no\/10\/f\/#organization\"},\"potentialAction\":[{\"@type\":\"SearchAction\",\"target\":{\"@type\":\"EntryPoint\",\"urlTemplate\":\"https:\/\/tyrving.idrett.no\/10\/f\/?s={search_term_string}\"},\"query-input\":\"required name=search_term_string\"}],\"inLanguage\":\"nb-NO\"},{\"@type\":\"Organization\",\"@id\":\"https:\/\/tyrving.idrett.no\/10\/f\/#organization\",\"name\":\"Tyrving Friidrettsgruppa\",\"url\":\"https:\/\/tyrving.idrett.no\/10\/f\/\",\"logo\":{\"@type\":\"ImageObject\",\"inLanguage\":\"nb-NO\",\"@id\":\"https:\/\/tyrving.idrett.no\/10\/f\/#\/schema\/logo\/image\/\",\"url\":\"https:\/\/tyrving.idrett.no\/10\/f\/files\/2019\/04\/Tyrving-Logo-Friidrett-2019.jpg\",\"contentUrl\":\"https:\/\/tyrving.idrett.no\/10\/f\/files\/2019\/04\/Tyrving-Logo-Friidrett-2019.jpg\",\"width\":460,\"height\":360,\"caption\":\"Tyrving Friidrettsgruppa\"},\"image\":{\"@id\":\"https:\/\/tyrving.idrett.no\/10\/f\/#\/schema\/logo\/image\/\"}}]}<\/script>\n<!-- \/ Yoast SEO plugin. -->","yoast_head_json":{"title":"Tyrvingstafetten - Tyrving - Friidrett","robots":{"index":"index","follow":"follow","max-snippet":"max-snippet:-1","max-image-preview":"max-image-preview:large","max-video-preview":"max-video-preview:-1"},"canonical":"https:\/\/tyrving.idrett.no\/10\/f\/tyrvingstafetten-3\/","og_locale":"nb_NO","og_type":"article","og_title":"Tyrvingstafetten - Tyrving - Friidrett","og_description":"S\u00f8ndag 28. april kl. 1300 p\u00e5 B\u00e6rum Idrettspark Klasser og etappefordeling: \u00a0 Jenter og gutter 10-14 \u00e5r Jenter og gutter 15-19 \u00e5r Kvinner og menn senior (fra 15 \u00e5r) 1. etappe 450m 700m 700m 2. etappe 2...","og_url":"https:\/\/tyrving.idrett.no\/10\/f\/tyrvingstafetten-3\/","og_site_name":"Tyrving - Friidrett","article_modified_time":"2024-04-24T12:42:55+00:00","twitter_card":"summary_large_image","twitter_misc":{"Ansl. lesetid":"1 minutt"},"schema":{"@context":"https:\/\/schema.org","@graph":[{"@type":"WebPage","@id":"https:\/\/tyrving.idrett.no\/10\/f\/tyrvingstafetten-3\/","url":"https:\/\/tyrving.idrett.no\/10\/f\/tyrvingstafetten-3\/","name":"Tyrvingstafetten - Tyrving - Friidrett","isPartOf":{"@id":"https:\/\/tyrving.idrett.no\/10\/f\/#website"},"datePublished":"2015-04-19T06:43:35+00:00","dateModified":"2024-04-24T12:42:55+00:00","breadcrumb":{"@id":"https:\/\/tyrving.idrett.no\/10\/f\/tyrvingstafetten-3\/#breadcrumb"},"inLanguage":"nb-NO","potentialAction":[{"@type":"ReadAction","target":["https:\/\/tyrving.idrett.no\/10\/f\/tyrvingstafetten-3\/"]}]},{"@type":"BreadcrumbList","@id":"https:\/\/tyrving.idrett.no\/10\/f\/tyrvingstafetten-3\/#breadcrumb","itemListElement":[{"@type":"ListItem","position":1,"name":"Hjem","item":"https:\/\/tyrving.idrett.no\/10\/f\/"},{"@type":"ListItem","position":2,"name":"Tyrvingstafetten"}]},{"@type":"WebSite","@id":"https:\/\/tyrving.idrett.no\/10\/f\/#website","url":"https:\/\/tyrving.idrett.no\/10\/f\/","name":"Tyrving - Friidrett","description":"Friidrettsgruppa","publisher":{"@id":"https:\/\/tyrving.idrett.no\/10\/f\/#organization"},"potentialAction":[{"@type":"SearchAction","target":{"@type":"EntryPoint","urlTemplate":"https:\/\/tyrving.idrett.no\/10\/f\/?s={search_term_string}"},"query-input":"required name=search_term_string"}],"inLanguage":"nb-NO"},{"@type":"Organization","@id":"https:\/\/tyrving.idrett.no\/10\/f\/#organization","name":"Tyrving Friidrettsgruppa","url":"https:\/\/tyrving.idrett.no\/10\/f\/","logo":{"@type":"ImageObject","inLanguage":"nb-NO","@id":"https:\/\/tyrving.idrett.no\/10\/f\/#\/schema\/logo\/image\/","url":"https:\/\/tyrving.idrett.no\/10\/f\/files\/2019\/04\/Tyrving-Logo-Friidrett-2019.jpg","contentUrl":"https:\/\/tyrving.idrett.no\/10\/f\/files\/2019\/04\/Tyrving-Logo-Friidrett-2019.jpg","width":460,"height":360,"caption":"Tyrving Friidrettsgruppa"},"image":{"@id":"https:\/\/tyrving.idrett.no\/10\/f\/#\/schema\/logo\/image\/"}}]}},"jetpack_sharing_enabled":true,"_links":{"self":[{"href":"https:\/\/tyrving.idrett.no\/10\/f\/wp-json\/wp\/v2\/pages\/58"}],"collection":[{"href":"https:\/\/tyrving.idrett.no\/10\/f\/wp-json\/wp\/v2\/pages"}],"about":[{"href":"https:\/\/tyrving.idrett.no\/10\/f\/wp-json\/wp\/v2\/types\/page"}],"author":[{"embeddable":true,"href":"https:\/\/tyrving.idrett.no\/10\/f\/wp-json\/wp\/v2\/users\/2"}],"replies":[{"embeddable":true,"href":"https:\/\/tyrving.idrett.no\/10\/f\/wp-json\/wp\/v2\/comments?post=58"}],"version-history":[{"count":90,"href":"https:\/\/tyrving.idrett.no\/10\/f\/wp-json\/wp\/v2\/pages\/58\/revisions"}],"predecessor-version":[{"id":26070,"href":"https:\/\/tyrving.idrett.no\/10\/f\/wp-json\/wp\/v2\/pages\/58\/revisions\/26070"}],"wp:attachment":[{"href":"https:\/\/tyrving.idrett.no\/10\/f\/wp-json\/wp\/v2\/media?parent=58"}],"wp:term":[{"taxonomy":"category","embeddable":true,"href":"https:\/\/tyrving.idrett.no\/10\/f\/wp-json\/wp\/v2\/categories?post=58"},{"taxonomy":"post_tag","embeddable":true,"href":"https:\/\/tyrving.idrett.no\/10\/f\/wp-json\/wp\/v2\/tags?post=58"}],"curies":[{"name":"wp","href":"https:\/\/api.w.org\/{rel}","templated":true}]}}