{"id":70,"date":"2013-03-01T10:19:39","date_gmt":"2013-03-01T09:19:39","guid":{"rendered":"http:\/\/tyrving.idrett.no\/10\/f\/tinestafetten\/"},"modified":"2021-12-18T15:11:41","modified_gmt":"2021-12-18T14:11:41","slug":"tinestafetten","status":"publish","type":"page","link":"https:\/\/tyrving.idrett.no\/10\/f\/tyrvingstevner\/tinestafetten\/","title":{"rendered":"Tinestafetten"},"content":{"rendered":"<h5><span style=\"font-size: 13px;line-height: 19px\">Friidrettsgruppen i TYRVING IL \u00f8nsker velkommen til \u00e5rets Tinestafett p\u00e5 Nadderud stadion tirsdag 07. mai kl. 1000.\u00a0<\/span>Det er p\u00e5meldt nesten 300 lag, noe som nok en gang gj\u00f8r Tyrvings arrangement til et av landets aller st\u00f8rste Tinestafetter.<\/h5>\n<p><a href=\"http:\/\/tyrving.idrett.no\/10\/f\/files\/2019\/05\/2019-Resultater-Tinestafetten-Nadderud.pdf\">2019 Resultater Tinestafetten Nadderud<\/a><\/p>\n<p>Her er viktig informasjon f\u00f8r stafetten:<\/p>\n<ul>\n<li><a href=\"http:\/\/tyrving.idrett.no\/10\/f\/files\/2019\/05\/2019-Tinestafetten-generell-info.pdf\">Generell informasjon<\/a><\/li>\n<li><a href=\"http:\/\/tyrving.idrett.no\/10\/f\/files\/2019\/05\/IDRETTSLIG-GJENNOMF\u00d8RING-1.pdf\">Idrettslig gjennomf\u00f8ring<\/a><\/li>\n<li><a href=\"http:\/\/tyrving.idrett.no\/10\/f\/files\/2019\/05\/Tidsskjema.pdf\">Tidsskjema<\/a><\/li>\n<li><a href=\"http:\/\/tyrving.idrett.no\/10\/f\/files\/2019\/05\/Heatoppsett.pdf\">Heatoppsett<\/a><\/li>\n<li><a href=\"http:\/\/tyrving.idrett.no\/10\/f\/files\/2019\/05\/Startliste-sortert-skolevis.pdf\">Startliste sortert skolevis<\/a><\/li>\n<li><a href=\"http:\/\/tyrving.idrett.no\/10\/f\/files\/2019\/05\/2019-Funksjon\u00e6roppsett-Tinestafetten-.pdf\">Funksjon\u00e6roppsett<\/a><\/li>\n<\/ul>\n<h4>Se bilder og resultater fra tidligere \u00e5rs stafetter.<\/h4>\n<p><a href=\"http:\/\/tyrving.idrett.no\/10\/f\/files\/2013\/03\/20150512_111114.jpg\"><img decoding=\"async\" loading=\"lazy\" class=\"alignleft wp-image-13833 size-medium\" src=\"http:\/\/tyrving.idrett.no\/10\/f\/files\/2013\/03\/20150512_111114-300x169.jpg\" alt=\"20150512_111114\" width=\"300\" height=\"169\" srcset=\"https:\/\/tyrving.idrett.no\/10\/f\/files\/2013\/03\/20150512_111114-300x169.jpg 300w, https:\/\/tyrving.idrett.no\/10\/f\/files\/2013\/03\/20150512_111114-1024x576.jpg 1024w, https:\/\/tyrving.idrett.no\/10\/f\/files\/2013\/03\/20150512_111114-600x338.jpg 600w\" sizes=\"(max-width: 300px) 100vw, 300px\" \/><\/a><a href=\"http:\/\/tyrving.idrett.no\/10\/f\/files\/2013\/03\/20150512_111248.jpg\"><img decoding=\"async\" loading=\"lazy\" class=\"alignleft wp-image-13835 size-medium\" src=\"http:\/\/tyrving.idrett.no\/10\/f\/files\/2013\/03\/20150512_111248-300x169.jpg\" alt=\"20150512_111248\" width=\"300\" height=\"169\" srcset=\"https:\/\/tyrving.idrett.no\/10\/f\/files\/2013\/03\/20150512_111248-300x169.jpg 300w, https:\/\/tyrving.idrett.no\/10\/f\/files\/2013\/03\/20150512_111248-1024x576.jpg 1024w, https:\/\/tyrving.idrett.no\/10\/f\/files\/2013\/03\/20150512_111248-600x338.jpg 600w\" sizes=\"(max-width: 300px) 100vw, 300px\" \/><\/a> <a href=\"http:\/\/tyrving.idrett.no\/10\/f\/files\/2013\/03\/20150512_111252.jpg\"><img decoding=\"async\" loading=\"lazy\" class=\"alignleft wp-image-13836 size-medium\" src=\"http:\/\/tyrving.idrett.no\/10\/f\/files\/2013\/03\/20150512_111252-300x169.jpg\" alt=\"20150512_111252\" width=\"300\" height=\"169\" srcset=\"https:\/\/tyrving.idrett.no\/10\/f\/files\/2013\/03\/20150512_111252-300x169.jpg 300w, https:\/\/tyrving.idrett.no\/10\/f\/files\/2013\/03\/20150512_111252-1024x576.jpg 1024w, https:\/\/tyrving.idrett.no\/10\/f\/files\/2013\/03\/20150512_111252-600x338.jpg 600w\" sizes=\"(max-width: 300px) 100vw, 300px\" \/><\/a> <a href=\"http:\/\/tyrving.idrett.no\/10\/f\/files\/2013\/03\/20150512_112455.jpg\"><img decoding=\"async\" loading=\"lazy\" class=\"alignleft wp-image-13837 size-medium\" src=\"http:\/\/tyrving.idrett.no\/10\/f\/files\/2013\/03\/20150512_112455-300x169.jpg\" alt=\"20150512_112455\" width=\"300\" height=\"169\" srcset=\"https:\/\/tyrving.idrett.no\/10\/f\/files\/2013\/03\/20150512_112455-300x169.jpg 300w, https:\/\/tyrving.idrett.no\/10\/f\/files\/2013\/03\/20150512_112455-1024x576.jpg 1024w, https:\/\/tyrving.idrett.no\/10\/f\/files\/2013\/03\/20150512_112455-600x338.jpg 600w\" sizes=\"(max-width: 300px) 100vw, 300px\" \/><\/a> <a href=\"http:\/\/tyrving.idrett.no\/10\/f\/files\/2013\/03\/20150512_112504.jpg\"><img decoding=\"async\" loading=\"lazy\" class=\"alignleft wp-image-13838 size-medium\" src=\"http:\/\/tyrving.idrett.no\/10\/f\/files\/2013\/03\/20150512_112504-300x169.jpg\" alt=\"20150512_112504\" width=\"300\" height=\"169\" srcset=\"https:\/\/tyrving.idrett.no\/10\/f\/files\/2013\/03\/20150512_112504-300x169.jpg 300w, https:\/\/tyrving.idrett.no\/10\/f\/files\/2013\/03\/20150512_112504-1024x576.jpg 1024w, https:\/\/tyrving.idrett.no\/10\/f\/files\/2013\/03\/20150512_112504-600x338.jpg 600w\" sizes=\"(max-width: 300px) 100vw, 300px\" \/><\/a> <a href=\"http:\/\/tyrving.idrett.no\/10\/f\/files\/2013\/03\/20150512_115728.jpg\"><img decoding=\"async\" loading=\"lazy\" class=\"alignleft wp-image-13839 size-medium\" src=\"http:\/\/tyrving.idrett.no\/10\/f\/files\/2013\/03\/20150512_115728-300x169.jpg\" alt=\"20150512_115728\" width=\"300\" height=\"169\" srcset=\"https:\/\/tyrving.idrett.no\/10\/f\/files\/2013\/03\/20150512_115728-300x169.jpg 300w, https:\/\/tyrving.idrett.no\/10\/f\/files\/2013\/03\/20150512_115728-1024x576.jpg 1024w, https:\/\/tyrving.idrett.no\/10\/f\/files\/2013\/03\/20150512_115728-600x338.jpg 600w\" sizes=\"(max-width: 300px) 100vw, 300px\" \/><\/a> <a href=\"http:\/\/tyrving.idrett.no\/10\/f\/files\/2013\/03\/20150512_123953.jpg\"><img decoding=\"async\" loading=\"lazy\" class=\"alignleft wp-image-13840 size-medium\" src=\"http:\/\/tyrving.idrett.no\/10\/f\/files\/2013\/03\/20150512_123953-300x169.jpg\" alt=\"20150512_123953\" width=\"300\" height=\"169\" srcset=\"https:\/\/tyrving.idrett.no\/10\/f\/files\/2013\/03\/20150512_123953-300x169.jpg 300w, https:\/\/tyrving.idrett.no\/10\/f\/files\/2013\/03\/20150512_123953-1024x576.jpg 1024w, https:\/\/tyrving.idrett.no\/10\/f\/files\/2013\/03\/20150512_123953-600x338.jpg 600w\" sizes=\"(max-width: 300px) 100vw, 300px\" \/><\/a><\/p>\n<h4><\/h4>\n<p><img decoding=\"async\" loading=\"lazy\" class=\"alignleft wp-image-13841 size-medium\" src=\"http:\/\/tyrving.idrett.no\/10\/f\/files\/2013\/03\/20150512_125039-e1460117342968-300x200.jpg\" alt=\"20150512_125039\" width=\"300\" height=\"200\" \/><\/p>\n<h4><\/h4>\n<h4><\/h4>\n<h4><\/h4>\n<h4><\/h4>\n<h4><span style=\"font-size: 13px;line-height: 19px\">\u00a0\u00a0<\/span><\/h4>\n<p><a class=\"alignleft\" href=\"http:\/\/tyrving.idrett.no\/10\/f\/files\/2013\/03\/SAM_0056.jpg\"><img decoding=\"async\" loading=\"lazy\" class=\"aligncenter wp-image-9979 size-medium\" src=\"http:\/\/tyrving.idrett.no\/10\/f\/files\/2013\/03\/SAM_0056-300x200.jpg\" alt=\"\" width=\"300\" height=\"200\" srcset=\"https:\/\/tyrving.idrett.no\/10\/f\/files\/2013\/03\/SAM_0056-300x200.jpg 300w, https:\/\/tyrving.idrett.no\/10\/f\/files\/2013\/03\/SAM_0056-1024x682.jpg 1024w, https:\/\/tyrving.idrett.no\/10\/f\/files\/2013\/03\/SAM_0056-600x400.jpg 600w\" sizes=\"(max-width: 300px) 100vw, 300px\" \/><\/a><a href=\"http:\/\/tyrving.idrett.no\/10\/f\/files\/2013\/03\/SAM_0057.jpg\"><img decoding=\"async\" loading=\"lazy\" class=\"alignleft wp-image-9977 size-medium\" src=\"http:\/\/tyrving.idrett.no\/10\/f\/files\/2013\/03\/SAM_0057-300x200.jpg\" alt=\"\" width=\"300\" height=\"200\" srcset=\"https:\/\/tyrving.idrett.no\/10\/f\/files\/2013\/03\/SAM_0057-300x200.jpg 300w, https:\/\/tyrving.idrett.no\/10\/f\/files\/2013\/03\/SAM_0057-1024x682.jpg 1024w, https:\/\/tyrving.idrett.no\/10\/f\/files\/2013\/03\/SAM_0057-600x400.jpg 600w\" sizes=\"(max-width: 300px) 100vw, 300px\" \/><\/a><\/p>\n<p><strong>\u00a0 \u00a0 \u00a0 \u00a0 \u00a0 \u00a0 \u00a0 \u00a0 \u00a0 \u00a0 \u00a0 \u00a0 \u00a0 \u00a0 \u00a0 \u00a0 \u00a0 \u00a0 \u00a0 \u00a0 \u00a0 \u00a0 \u00a0 \u00a0 \u00a0 \u00a0 \u00a0 \u00a0 \u00a0 \u00a0 \u00a0 \u00a0 \u00a0 Resultater fra tidligere \u00e5rs Tinestafett p\u00e5 Nadderud stadion:<\/strong><\/p>\n<table border=\"1\" cellspacing=\"0\" cellpadding=\"0\">\n<tbody>\n<tr>\n<td valign=\"top\" width=\"154\">\n<p style=\"text-align: center\"><a href=\"http:\/\/tyrving.idrett.no\/10\/f\/files\/2010\/04\/Resultater-04.pdf\">2004<\/a><\/p>\n<\/td>\n<td style=\"text-align: center\" valign=\"top\" width=\"154\"><a href=\"http:\/\/tyrving.idrett.no\/10\/f\/files\/2010\/04\/2005-Resultater-Tinestafetten.pdf\">2005 <\/a><\/td>\n<td style=\"text-align: center\" valign=\"top\" width=\"154\"><a href=\"http:\/\/tyrving.idrett.no\/10\/f\/files\/2010\/04\/2006-Resultater-Tinestafetten.pdf\">2006 <\/a><\/td>\n<td style=\"text-align: center\" valign=\"top\" width=\"154\"><a href=\"http:\/\/tyrving.idrett.no\/10\/f\/files\/2010\/04\/07-Resultater-Nadderud.pdf\">2007<\/a><\/td>\n<\/tr>\n<tr>\n<td valign=\"top\" width=\"154\">\n<p style=\"text-align: center\"><a href=\"http:\/\/tyrving.idrett.no\/10\/f\/files\/2010\/04\/08-Resultater-Nadderud.pdf\">2008<\/a><\/p>\n<\/td>\n<td style=\"text-align: center\" valign=\"top\" width=\"154\"><a href=\"http:\/\/tyrving.idrett.no\/10\/f\/files\/2010\/04\/090514-resultater-alle-klasser.pdf\">2009<\/a><\/td>\n<td style=\"text-align: center\" valign=\"top\" width=\"154\"><a href=\"http:\/\/tyrving.idrett.no\/10\/f\/files\/2010\/04\/2010-resultater-alle-klasser.pdf\">2010<\/a><\/td>\n<td valign=\"top\" width=\"154\">\n<p style=\"text-align: center\"><a href=\"http:\/\/tyrving.idrett.no\/10\/f\/files\/2010\/04\/2011-resultater-Nadderud.pdf\">2011 <\/a><\/p>\n<\/td>\n<\/tr>\n<tr>\n<td valign=\"top\" width=\"154\">\n<p style=\"text-align: center\"><a href=\"http:\/\/tyrving.idrett.no\/10\/f\/files\/2013\/03\/2012-Resultater-Nadderud.pdf\">2012 <\/a><\/p>\n<\/td>\n<td style=\"text-align: center\" valign=\"top\" width=\"154\"><a href=\"http:\/\/tyrving.idrett.no\/10\/f\/files\/2013\/03\/2013-resultater-Tinestafetten-Nadderud.pdf\">2013<\/a><\/td>\n<td style=\"text-align: center\" valign=\"top\" width=\"154\"><a href=\"http:\/\/tyrving.idrett.no\/10\/f\/files\/2013\/03\/2014-Resultater-Tinestafetten-Nadderud.pdf\">2014 <\/a><\/td>\n<td valign=\"top\" width=\"154\">\u00a0 \u00a0 \u00a0 \u00a0 \u00a0 \u00a0 \u00a0 <a href=\"http:\/\/tyrving.idrett.no\/10\/f\/files\/2018\/04\/2015-Resultater-Tinestafetten-Nadderud-120515.pdf\">2015 <\/a><\/td>\n<\/tr>\n<tr>\n<td style=\"text-align: center\" valign=\"top\" width=\"154\"><a href=\"http:\/\/tyrving.idrett.no\/10\/f\/files\/2018\/04\/2016-Tinestafetten-resultater.pdf\">2016<\/a><\/td>\n<td style=\"text-align: center\" valign=\"top\" width=\"154\"><a href=\"http:\/\/tyrving.idrett.no\/10\/f\/files\/2018\/04\/2017-Resultater-Tinestafetten-Nadderud-100517.pdf\">2017<\/a><\/td>\n<td style=\"text-align: center\" valign=\"top\" width=\"154\"><a href=\"http:\/\/tyrving.idrett.no\/10\/f\/files\/2018\/05\/2018-Tinestafetten-Nadderud-RESULTATER.pdf\">2018<\/a><\/td>\n<td valign=\"top\" width=\"154\">\u00a0 \u00a0 \u00a0 \u00a0 \u00a0 \u00a0 \u00a0 <a href=\"http:\/\/tyrving.idrett.no\/10\/f\/files\/2019\/05\/2019-Resultater-Tinestafetten-Nadderud.pdf\">2019\u00a0<\/a><\/td>\n<\/tr>\n<\/tbody>\n<\/table>\n<p style=\"text-align: left\"><strong>\u00a0<\/strong><\/p>\n<p><strong>\u00a0<\/strong><\/p>\n<p><strong>\u00a0<\/strong><\/p>\n<p style=\"text-align: left\"><strong>\u00a0<\/strong><\/p>\n","protected":false},"excerpt":{"rendered":"Friidrettsgruppen i TYRVING IL \u00f8nsker velkommen til \u00e5rets Tinestafett p\u00e5 Nadderud stadion tirsdag 07. mai kl. 1000.\u00a0Det er p\u00e5meldt nesten 300 lag, noe som nok en gang gj\u00f8r Tyrvings arrangement til et &#8230;","protected":false},"author":2,"featured_media":0,"parent":52,"menu_order":17,"comment_status":"open","ping_status":"open","template":"","meta":{"footnotes":""},"categories":[1],"tags":[7872],"acf":[],"yoast_head":"<!-- This site is optimized with the Yoast SEO plugin v21.2 - https:\/\/yoast.com\/wordpress\/plugins\/seo\/ -->\n<title>Tinestafetten - Tyrving - Friidrett<\/title>\n<meta name=\"robots\" content=\"index, follow, max-snippet:-1, max-image-preview:large, max-video-preview:-1\" \/>\n<link rel=\"canonical\" href=\"https:\/\/tyrving.idrett.no\/10\/f\/tyrvingstevner\/tinestafetten\/\" \/>\n<meta property=\"og:locale\" content=\"nb_NO\" \/>\n<meta property=\"og:type\" content=\"article\" \/>\n<meta property=\"og:title\" content=\"Tinestafetten - Tyrving - Friidrett\" \/>\n<meta property=\"og:description\" content=\"Friidrettsgruppen i TYRVING IL \u00f8nsker velkommen til \u00e5rets Tinestafett p\u00e5 Nadderud stadion tirsdag 07. mai kl. 1000.\u00a0Det er p\u00e5meldt nesten 300 lag, noe som nok en gang gj\u00f8r Tyrvings arrangement til et ...\" \/>\n<meta property=\"og:url\" content=\"https:\/\/tyrving.idrett.no\/10\/f\/tyrvingstevner\/tinestafetten\/\" \/>\n<meta property=\"og:site_name\" content=\"Tyrving - Friidrett\" \/>\n<meta property=\"article:modified_time\" content=\"2021-12-18T14:11:41+00:00\" \/>\n<meta property=\"og:image\" content=\"http:\/\/tyrving.idrett.no\/10\/f\/files\/2013\/03\/20150512_111114-300x169.jpg\" \/>\n<meta name=\"twitter:card\" content=\"summary_large_image\" \/>\n<script type=\"application\/ld+json\" class=\"yoast-schema-graph\">{\"@context\":\"https:\/\/schema.org\",\"@graph\":[{\"@type\":\"WebPage\",\"@id\":\"https:\/\/tyrving.idrett.no\/10\/f\/tyrvingstevner\/tinestafetten\/\",\"url\":\"https:\/\/tyrving.idrett.no\/10\/f\/tyrvingstevner\/tinestafetten\/\",\"name\":\"Tinestafetten - Tyrving - Friidrett\",\"isPartOf\":{\"@id\":\"https:\/\/tyrving.idrett.no\/10\/f\/#website\"},\"datePublished\":\"2013-03-01T09:19:39+00:00\",\"dateModified\":\"2021-12-18T14:11:41+00:00\",\"breadcrumb\":{\"@id\":\"https:\/\/tyrving.idrett.no\/10\/f\/tyrvingstevner\/tinestafetten\/#breadcrumb\"},\"inLanguage\":\"nb-NO\",\"potentialAction\":[{\"@type\":\"ReadAction\",\"target\":[\"https:\/\/tyrving.idrett.no\/10\/f\/tyrvingstevner\/tinestafetten\/\"]}]},{\"@type\":\"BreadcrumbList\",\"@id\":\"https:\/\/tyrving.idrett.no\/10\/f\/tyrvingstevner\/tinestafetten\/#breadcrumb\",\"itemListElement\":[{\"@type\":\"ListItem\",\"position\":1,\"name\":\"Hjem\",\"item\":\"https:\/\/tyrving.idrett.no\/10\/f\/\"},{\"@type\":\"ListItem\",\"position\":2,\"name\":\"Oversikt Tyrvingstevner 2020\",\"item\":\"https:\/\/tyrving.idrett.no\/10\/f\/tyrvingstevner\/\"},{\"@type\":\"ListItem\",\"position\":3,\"name\":\"Tinestafetten\"}]},{\"@type\":\"WebSite\",\"@id\":\"https:\/\/tyrving.idrett.no\/10\/f\/#website\",\"url\":\"https:\/\/tyrving.idrett.no\/10\/f\/\",\"name\":\"Tyrving - Friidrett\",\"description\":\"Friidrettsgruppa\",\"publisher\":{\"@id\":\"https:\/\/tyrving.idrett.no\/10\/f\/#organization\"},\"potentialAction\":[{\"@type\":\"SearchAction\",\"target\":{\"@type\":\"EntryPoint\",\"urlTemplate\":\"https:\/\/tyrving.idrett.no\/10\/f\/?s={search_term_string}\"},\"query-input\":\"required name=search_term_string\"}],\"inLanguage\":\"nb-NO\"},{\"@type\":\"Organization\",\"@id\":\"https:\/\/tyrving.idrett.no\/10\/f\/#organization\",\"name\":\"Tyrving Friidrettsgruppa\",\"url\":\"https:\/\/tyrving.idrett.no\/10\/f\/\",\"logo\":{\"@type\":\"ImageObject\",\"inLanguage\":\"nb-NO\",\"@id\":\"https:\/\/tyrving.idrett.no\/10\/f\/#\/schema\/logo\/image\/\",\"url\":\"https:\/\/tyrving.idrett.no\/10\/f\/files\/2019\/04\/Tyrving-Logo-Friidrett-2019.jpg\",\"contentUrl\":\"https:\/\/tyrving.idrett.no\/10\/f\/files\/2019\/04\/Tyrving-Logo-Friidrett-2019.jpg\",\"width\":460,\"height\":360,\"caption\":\"Tyrving Friidrettsgruppa\"},\"image\":{\"@id\":\"https:\/\/tyrving.idrett.no\/10\/f\/#\/schema\/logo\/image\/\"}}]}<\/script>\n<!-- \/ Yoast SEO plugin. -->","yoast_head_json":{"title":"Tinestafetten - Tyrving - Friidrett","robots":{"index":"index","follow":"follow","max-snippet":"max-snippet:-1","max-image-preview":"max-image-preview:large","max-video-preview":"max-video-preview:-1"},"canonical":"https:\/\/tyrving.idrett.no\/10\/f\/tyrvingstevner\/tinestafetten\/","og_locale":"nb_NO","og_type":"article","og_title":"Tinestafetten - Tyrving - Friidrett","og_description":"Friidrettsgruppen i TYRVING IL \u00f8nsker velkommen til \u00e5rets Tinestafett p\u00e5 Nadderud stadion tirsdag 07. mai kl. 1000.\u00a0Det er p\u00e5meldt nesten 300 lag, noe som nok en gang gj\u00f8r Tyrvings arrangement til et ...","og_url":"https:\/\/tyrving.idrett.no\/10\/f\/tyrvingstevner\/tinestafetten\/","og_site_name":"Tyrving - Friidrett","article_modified_time":"2021-12-18T14:11:41+00:00","og_image":[{"url":"http:\/\/tyrving.idrett.no\/10\/f\/files\/2013\/03\/20150512_111114-300x169.jpg"}],"twitter_card":"summary_large_image","schema":{"@context":"https:\/\/schema.org","@graph":[{"@type":"WebPage","@id":"https:\/\/tyrving.idrett.no\/10\/f\/tyrvingstevner\/tinestafetten\/","url":"https:\/\/tyrving.idrett.no\/10\/f\/tyrvingstevner\/tinestafetten\/","name":"Tinestafetten - Tyrving - Friidrett","isPartOf":{"@id":"https:\/\/tyrving.idrett.no\/10\/f\/#website"},"datePublished":"2013-03-01T09:19:39+00:00","dateModified":"2021-12-18T14:11:41+00:00","breadcrumb":{"@id":"https:\/\/tyrving.idrett.no\/10\/f\/tyrvingstevner\/tinestafetten\/#breadcrumb"},"inLanguage":"nb-NO","potentialAction":[{"@type":"ReadAction","target":["https:\/\/tyrving.idrett.no\/10\/f\/tyrvingstevner\/tinestafetten\/"]}]},{"@type":"BreadcrumbList","@id":"https:\/\/tyrving.idrett.no\/10\/f\/tyrvingstevner\/tinestafetten\/#breadcrumb","itemListElement":[{"@type":"ListItem","position":1,"name":"Hjem","item":"https:\/\/tyrving.idrett.no\/10\/f\/"},{"@type":"ListItem","position":2,"name":"Oversikt Tyrvingstevner 2020","item":"https:\/\/tyrving.idrett.no\/10\/f\/tyrvingstevner\/"},{"@type":"ListItem","position":3,"name":"Tinestafetten"}]},{"@type":"WebSite","@id":"https:\/\/tyrving.idrett.no\/10\/f\/#website","url":"https:\/\/tyrving.idrett.no\/10\/f\/","name":"Tyrving - Friidrett","description":"Friidrettsgruppa","publisher":{"@id":"https:\/\/tyrving.idrett.no\/10\/f\/#organization"},"potentialAction":[{"@type":"SearchAction","target":{"@type":"EntryPoint","urlTemplate":"https:\/\/tyrving.idrett.no\/10\/f\/?s={search_term_string}"},"query-input":"required name=search_term_string"}],"inLanguage":"nb-NO"},{"@type":"Organization","@id":"https:\/\/tyrving.idrett.no\/10\/f\/#organization","name":"Tyrving Friidrettsgruppa","url":"https:\/\/tyrving.idrett.no\/10\/f\/","logo":{"@type":"ImageObject","inLanguage":"nb-NO","@id":"https:\/\/tyrving.idrett.no\/10\/f\/#\/schema\/logo\/image\/","url":"https:\/\/tyrving.idrett.no\/10\/f\/files\/2019\/04\/Tyrving-Logo-Friidrett-2019.jpg","contentUrl":"https:\/\/tyrving.idrett.no\/10\/f\/files\/2019\/04\/Tyrving-Logo-Friidrett-2019.jpg","width":460,"height":360,"caption":"Tyrving Friidrettsgruppa"},"image":{"@id":"https:\/\/tyrving.idrett.no\/10\/f\/#\/schema\/logo\/image\/"}}]}},"jetpack_sharing_enabled":true,"_links":{"self":[{"href":"https:\/\/tyrving.idrett.no\/10\/f\/wp-json\/wp\/v2\/pages\/70"}],"collection":[{"href":"https:\/\/tyrving.idrett.no\/10\/f\/wp-json\/wp\/v2\/pages"}],"about":[{"href":"https:\/\/tyrving.idrett.no\/10\/f\/wp-json\/wp\/v2\/types\/page"}],"author":[{"embeddable":true,"href":"https:\/\/tyrving.idrett.no\/10\/f\/wp-json\/wp\/v2\/users\/2"}],"replies":[{"embeddable":true,"href":"https:\/\/tyrving.idrett.no\/10\/f\/wp-json\/wp\/v2\/comments?post=70"}],"version-history":[{"count":41,"href":"https:\/\/tyrving.idrett.no\/10\/f\/wp-json\/wp\/v2\/pages\/70\/revisions"}],"predecessor-version":[{"id":18791,"href":"https:\/\/tyrving.idrett.no\/10\/f\/wp-json\/wp\/v2\/pages\/70\/revisions\/18791"}],"up":[{"embeddable":true,"href":"https:\/\/tyrving.idrett.no\/10\/f\/wp-json\/wp\/v2\/pages\/52"}],"wp:attachment":[{"href":"https:\/\/tyrving.idrett.no\/10\/f\/wp-json\/wp\/v2\/media?parent=70"}],"wp:term":[{"taxonomy":"category","embeddable":true,"href":"https:\/\/tyrving.idrett.no\/10\/f\/wp-json\/wp\/v2\/categories?post=70"},{"taxonomy":"post_tag","embeddable":true,"href":"https:\/\/tyrving.idrett.no\/10\/f\/wp-json\/wp\/v2\/tags?post=70"}],"curies":[{"name":"wp","href":"https:\/\/api.w.org\/{rel}","templated":true}]}}