{"id":8023,"date":"2013-02-07T10:11:24","date_gmt":"2013-02-07T09:11:24","guid":{"rendered":"http:\/\/tyrving.idrett.no\/10\/f\/?page_id=8023"},"modified":"2021-12-18T15:13:00","modified_gmt":"2021-12-18T14:13:00","slug":"om-oss","status":"publish","type":"page","link":"https:\/\/tyrving.idrett.no\/10\/f\/om-oss\/","title":{"rendered":"Om oss"},"content":{"rendered":"<h2><span style=\"color: #ff0000\"><strong>VELKOMMEN I IDRETTSLAGET TYRVINGS FRIIDRETTSGRUPPE<\/strong><\/span><\/h2>\n<ul>\n<li>Tyrving IL ble stiftet 18. juni 1922.<\/li>\n<li>Aktivitetene idag er friidrett, orientering og barneidrett.<\/li>\n<li>Det er omlag 1030 medlemmer i laget.<\/li>\n<li>V\u00e5rt klubbhus er p\u00e5 Kadettangen i Sandvika.<\/li>\n<\/ul>\n<h4><strong>Treningsgrupper, steder og tider<\/strong><\/h4>\n<ul>\n<li>I sommerhalv\u00e5ret fra medio april til h\u00f8stferien er treningen utend\u00f8rs p\u00e5 Nadderud stadion.<\/li>\n<li>I vinterhalv\u00e5ret fra oktober til mai er treningen innend\u00f8rs &#8211; i B\u00e6rum Idrettspark.<\/li>\n<\/ul>\n<h4><strong>Forsikring<\/strong><\/h4>\n<ul>\n<li>Ut\u00f8vere t.o.m. 12 \u00e5r er forsikret gjennom ordningen til Norges Idrettsforbund.<\/li>\n<li>Ut\u00f8vere fra 13 \u00e5r m\u00e5 l\u00f8se friidrettslisens. Den enkelte ut\u00f8ver gj\u00f8r det via <a href=\"https:\/\/www.friidrett.no\/mosjon\/lisens\/\">denne lenken<\/a>.<\/li>\n<\/ul>\n<h4><strong>Tyrving-t\u00f8y og klesreglement<\/strong><\/h4>\n<p>Klikk\u00a0<strong><a href=\"http:\/\/tyrving.idrett.no\/10\/f\/toy-reglement\/#\" target=\"_blank\" rel=\"noopener noreferrer\">her<\/a><\/strong> s\u00e5 ser du oversikten over t\u00f8y som selges i &laquo;butikken&raquo; v\u00e5r p\u00e5 Nadderud stadion eller i B\u00e6rum Idrettspark, samt v\u00e5rt t\u00f8y-reglement.<\/p>\n<h4><strong>Forpliktelser<\/strong><\/h4>\n<p>Det er mange oppgaver som m\u00e5 l\u00f8ses for \u00e5 drive et friidrettslag. Etter som vi er en foreldredrevet klubb er det viktig at oppgavene fordeles p\u00e5 de som har ut\u00f8vere med p\u00e5 treningene. Vi er avhengig av hjelp til:<\/p>\n<ul>\n<li>Dugnader i l\u00f8pet av \u00e5ret, prim\u00e6rt i forbindelse med v\u00e5re egne, mindre stevner.<\/li>\n<li>Thon Hotels Tyrvinglekene innend\u00f8rs 13.-14. februar.<\/li>\n<li>Oslo Sportslager Tyrvinglekene p\u00e5 Nadderud stadion 11.-13. juni. Tyrvinglekene er v\u00e5r st\u00f8rste inntektskilde, og det krever mange folk for \u00e5 kunne gjennomf\u00f8re Norges st\u00f8rste friidrettsstevne som de siste fire \u00e5rene har hatt mer enn 1700 deltakere fra hele landet. <strong><span style=\"color: #ff0000\">Foreldre til ut\u00f8vere m\u00e5 derfor sette av hele helgen til dugnadsarbeid.<\/span><\/strong><\/li>\n<\/ul>\n<h4><strong>Kontaktpersoner<\/strong><\/h4>\n<ul>\n<li>Klikk\u00a0<a href=\"http:\/\/tyrving.idrett.no\/10\/f\/utvalg-og-tillitsvalgte\/\" target=\"_blank\" rel=\"noopener noreferrer\">her<\/a> for styret og andre tillitsvalgte<\/li>\n<li>Klikk\u00a0<a href=\"http:\/\/tyrving.idrett.no\/10\/f\/vare-trenere\/\" target=\"_blank\" rel=\"noopener noreferrer\">her <\/a>for treneroversikten<\/li>\n<li>Daglig leder: Marius L\u00f8veng Igesund &#8211; tlf. 48077566 &#8211; mail: friidrett@tyrving.no<\/li>\n<\/ul>\n<h4><strong>Norges st\u00f8rste og beste<\/strong><\/h4>\n<p>Vi er Norges st\u00f8rste friidrettsklubb for barn og unge m\u00e5lt i antall ut\u00f8vere og deltakere i st\u00f8rre stevner. Vi har mange ut\u00f8vere i norgestoppen, og noen med ambisjoner om \u00e5 v\u00e6re i verdenstoppen. Men vi har ogs\u00e5 mange ut\u00f8vere som er med \u201dfordi det er g\u00f8y\u201d eller fordi \u201ddet er viktig \u00e5 holde seg i form\u201d. \u00a0Tyrving er Norges beste friidrettsklubb for ungdom m\u00e5lt i antall medaljer i UM.<\/p>\n<h4><strong>Trening og pers<\/strong><\/h4>\n<p>Vi er opptatt av at de beste lykkes, men ogs\u00e5 at alle v\u00e5re ut\u00f8vere utvikler seg og trives. Vi vet at de som er best i dag, ikke n\u00f8dvendigvis er best i morgen. Vi vet ogs\u00e5 at de som er best i treningsarbeidet, har st\u00f8rst mulighet for \u00e5 lykkes p\u00e5 sikt.\u00a0Friidrett er en individuell idrett der tideler og centimeter er helt avgj\u00f8rende. Vi vil at ut\u00f8verne konkurrerer mot seg selv og har fokus p\u00e5 \u00e5 sette personlige rekorder. Det er motiverende og bidrar til utvikling.<\/p>\n<h4><strong>Konkurrere i flere \u00f8velser<\/strong><\/h4>\n<p>Vi anbefaler alle v\u00e5re ut\u00f8vere \u00e5 konkurrere i flere \u00f8velser innenfor l\u00f8p, hopp og\/eller kast til en er godt opp i ten\u00e5rene. Med flere \u00f8velser vil en lettere kunne oppleve fremgang p\u00e5 et omr\u00e5de, og konkurranser bidrar til utvikling.<\/p>\n<h4><strong>Foreldredrevet klubb<\/strong><\/h4>\n<p>Tyrving Friidrett er en foreldredrevet klubb. Vi er avhengig av at foreldrene bidrar, og sammen er vi en kraftfull ressurs. V\u00e5r filosofi er at foreldre skal oppleve det som meningsfylt og trivelig \u00e5 bidra.\u00a0Vi pr\u00f8ver \u00e5 fordele oppgaver etter interesse og kapasitet, men forventer ogs\u00e5 at foreldrene stiller n\u00e5r vi eksempelvis skal l\u00f8fte Norges st\u00f8rste friidrettsarrangement; Oslo Sportslager\u00a0Tyrvinglekene.<\/p>\n","protected":false},"excerpt":{"rendered":"VELKOMMEN I IDRETTSLAGET TYRVINGS FRIIDRETTSGRUPPE Tyrving IL ble stiftet 18. juni 1922. Aktivitetene idag er friidrett, orientering og barneidrett. Det er omlag 1030 medlemmer i laget. V\u00e5rt klubbhus &#8230;","protected":false},"author":19,"featured_media":0,"parent":0,"menu_order":0,"comment_status":"open","ping_status":"open","template":"","meta":{"footnotes":""},"categories":[],"tags":[7872],"acf":[],"yoast_head":"<!-- This site is optimized with the Yoast SEO plugin v21.2 - https:\/\/yoast.com\/wordpress\/plugins\/seo\/ -->\n<title>Om oss - Tyrving - Friidrett<\/title>\n<meta name=\"robots\" content=\"index, follow, max-snippet:-1, max-image-preview:large, max-video-preview:-1\" \/>\n<link rel=\"canonical\" href=\"https:\/\/tyrving.idrett.no\/10\/f\/om-oss\/\" \/>\n<meta property=\"og:locale\" content=\"nb_NO\" \/>\n<meta property=\"og:type\" content=\"article\" \/>\n<meta property=\"og:title\" content=\"Om oss - Tyrving - Friidrett\" \/>\n<meta property=\"og:description\" content=\"VELKOMMEN I IDRETTSLAGET TYRVINGS FRIIDRETTSGRUPPE Tyrving IL ble stiftet 18. juni 1922. Aktivitetene idag er friidrett, orientering og barneidrett. Det er omlag 1030 medlemmer i laget. V\u00e5rt klubbhus ...\" \/>\n<meta property=\"og:url\" content=\"https:\/\/tyrving.idrett.no\/10\/f\/om-oss\/\" \/>\n<meta property=\"og:site_name\" content=\"Tyrving - Friidrett\" \/>\n<meta property=\"article:modified_time\" content=\"2021-12-18T14:13:00+00:00\" \/>\n<meta name=\"twitter:card\" content=\"summary_large_image\" \/>\n<meta name=\"twitter:label1\" content=\"Ansl. lesetid\" \/>\n\t<meta name=\"twitter:data1\" content=\"3 minutter\" \/>\n<script type=\"application\/ld+json\" class=\"yoast-schema-graph\">{\"@context\":\"https:\/\/schema.org\",\"@graph\":[{\"@type\":\"WebPage\",\"@id\":\"https:\/\/tyrving.idrett.no\/10\/f\/om-oss\/\",\"url\":\"https:\/\/tyrving.idrett.no\/10\/f\/om-oss\/\",\"name\":\"Om oss - Tyrving - Friidrett\",\"isPartOf\":{\"@id\":\"https:\/\/tyrving.idrett.no\/10\/f\/#website\"},\"datePublished\":\"2013-02-07T09:11:24+00:00\",\"dateModified\":\"2021-12-18T14:13:00+00:00\",\"breadcrumb\":{\"@id\":\"https:\/\/tyrving.idrett.no\/10\/f\/om-oss\/#breadcrumb\"},\"inLanguage\":\"nb-NO\",\"potentialAction\":[{\"@type\":\"ReadAction\",\"target\":[\"https:\/\/tyrving.idrett.no\/10\/f\/om-oss\/\"]}]},{\"@type\":\"BreadcrumbList\",\"@id\":\"https:\/\/tyrving.idrett.no\/10\/f\/om-oss\/#breadcrumb\",\"itemListElement\":[{\"@type\":\"ListItem\",\"position\":1,\"name\":\"Hjem\",\"item\":\"https:\/\/tyrving.idrett.no\/10\/f\/\"},{\"@type\":\"ListItem\",\"position\":2,\"name\":\"Om oss\"}]},{\"@type\":\"WebSite\",\"@id\":\"https:\/\/tyrving.idrett.no\/10\/f\/#website\",\"url\":\"https:\/\/tyrving.idrett.no\/10\/f\/\",\"name\":\"Tyrving - Friidrett\",\"description\":\"Friidrettsgruppa\",\"publisher\":{\"@id\":\"https:\/\/tyrving.idrett.no\/10\/f\/#organization\"},\"potentialAction\":[{\"@type\":\"SearchAction\",\"target\":{\"@type\":\"EntryPoint\",\"urlTemplate\":\"https:\/\/tyrving.idrett.no\/10\/f\/?s={search_term_string}\"},\"query-input\":\"required name=search_term_string\"}],\"inLanguage\":\"nb-NO\"},{\"@type\":\"Organization\",\"@id\":\"https:\/\/tyrving.idrett.no\/10\/f\/#organization\",\"name\":\"Tyrving Friidrettsgruppa\",\"url\":\"https:\/\/tyrving.idrett.no\/10\/f\/\",\"logo\":{\"@type\":\"ImageObject\",\"inLanguage\":\"nb-NO\",\"@id\":\"https:\/\/tyrving.idrett.no\/10\/f\/#\/schema\/logo\/image\/\",\"url\":\"https:\/\/tyrving.idrett.no\/10\/f\/files\/2019\/04\/Tyrving-Logo-Friidrett-2019.jpg\",\"contentUrl\":\"https:\/\/tyrving.idrett.no\/10\/f\/files\/2019\/04\/Tyrving-Logo-Friidrett-2019.jpg\",\"width\":460,\"height\":360,\"caption\":\"Tyrving Friidrettsgruppa\"},\"image\":{\"@id\":\"https:\/\/tyrving.idrett.no\/10\/f\/#\/schema\/logo\/image\/\"}}]}<\/script>\n<!-- \/ Yoast SEO plugin. -->","yoast_head_json":{"title":"Om oss - Tyrving - Friidrett","robots":{"index":"index","follow":"follow","max-snippet":"max-snippet:-1","max-image-preview":"max-image-preview:large","max-video-preview":"max-video-preview:-1"},"canonical":"https:\/\/tyrving.idrett.no\/10\/f\/om-oss\/","og_locale":"nb_NO","og_type":"article","og_title":"Om oss - Tyrving - Friidrett","og_description":"VELKOMMEN I IDRETTSLAGET TYRVINGS FRIIDRETTSGRUPPE Tyrving IL ble stiftet 18. juni 1922. Aktivitetene idag er friidrett, orientering og barneidrett. Det er omlag 1030 medlemmer i laget. V\u00e5rt klubbhus ...","og_url":"https:\/\/tyrving.idrett.no\/10\/f\/om-oss\/","og_site_name":"Tyrving - Friidrett","article_modified_time":"2021-12-18T14:13:00+00:00","twitter_card":"summary_large_image","twitter_misc":{"Ansl. lesetid":"3 minutter"},"schema":{"@context":"https:\/\/schema.org","@graph":[{"@type":"WebPage","@id":"https:\/\/tyrving.idrett.no\/10\/f\/om-oss\/","url":"https:\/\/tyrving.idrett.no\/10\/f\/om-oss\/","name":"Om oss - Tyrving - Friidrett","isPartOf":{"@id":"https:\/\/tyrving.idrett.no\/10\/f\/#website"},"datePublished":"2013-02-07T09:11:24+00:00","dateModified":"2021-12-18T14:13:00+00:00","breadcrumb":{"@id":"https:\/\/tyrving.idrett.no\/10\/f\/om-oss\/#breadcrumb"},"inLanguage":"nb-NO","potentialAction":[{"@type":"ReadAction","target":["https:\/\/tyrving.idrett.no\/10\/f\/om-oss\/"]}]},{"@type":"BreadcrumbList","@id":"https:\/\/tyrving.idrett.no\/10\/f\/om-oss\/#breadcrumb","itemListElement":[{"@type":"ListItem","position":1,"name":"Hjem","item":"https:\/\/tyrving.idrett.no\/10\/f\/"},{"@type":"ListItem","position":2,"name":"Om oss"}]},{"@type":"WebSite","@id":"https:\/\/tyrving.idrett.no\/10\/f\/#website","url":"https:\/\/tyrving.idrett.no\/10\/f\/","name":"Tyrving - Friidrett","description":"Friidrettsgruppa","publisher":{"@id":"https:\/\/tyrving.idrett.no\/10\/f\/#organization"},"potentialAction":[{"@type":"SearchAction","target":{"@type":"EntryPoint","urlTemplate":"https:\/\/tyrving.idrett.no\/10\/f\/?s={search_term_string}"},"query-input":"required name=search_term_string"}],"inLanguage":"nb-NO"},{"@type":"Organization","@id":"https:\/\/tyrving.idrett.no\/10\/f\/#organization","name":"Tyrving Friidrettsgruppa","url":"https:\/\/tyrving.idrett.no\/10\/f\/","logo":{"@type":"ImageObject","inLanguage":"nb-NO","@id":"https:\/\/tyrving.idrett.no\/10\/f\/#\/schema\/logo\/image\/","url":"https:\/\/tyrving.idrett.no\/10\/f\/files\/2019\/04\/Tyrving-Logo-Friidrett-2019.jpg","contentUrl":"https:\/\/tyrving.idrett.no\/10\/f\/files\/2019\/04\/Tyrving-Logo-Friidrett-2019.jpg","width":460,"height":360,"caption":"Tyrving Friidrettsgruppa"},"image":{"@id":"https:\/\/tyrving.idrett.no\/10\/f\/#\/schema\/logo\/image\/"}}]}},"jetpack_sharing_enabled":true,"_links":{"self":[{"href":"https:\/\/tyrving.idrett.no\/10\/f\/wp-json\/wp\/v2\/pages\/8023"}],"collection":[{"href":"https:\/\/tyrving.idrett.no\/10\/f\/wp-json\/wp\/v2\/pages"}],"about":[{"href":"https:\/\/tyrving.idrett.no\/10\/f\/wp-json\/wp\/v2\/types\/page"}],"author":[{"embeddable":true,"href":"https:\/\/tyrving.idrett.no\/10\/f\/wp-json\/wp\/v2\/users\/19"}],"replies":[{"embeddable":true,"href":"https:\/\/tyrving.idrett.no\/10\/f\/wp-json\/wp\/v2\/comments?post=8023"}],"version-history":[{"count":21,"href":"https:\/\/tyrving.idrett.no\/10\/f\/wp-json\/wp\/v2\/pages\/8023\/revisions"}],"predecessor-version":[{"id":19997,"href":"https:\/\/tyrving.idrett.no\/10\/f\/wp-json\/wp\/v2\/pages\/8023\/revisions\/19997"}],"wp:attachment":[{"href":"https:\/\/tyrving.idrett.no\/10\/f\/wp-json\/wp\/v2\/media?parent=8023"}],"wp:term":[{"taxonomy":"category","embeddable":true,"href":"https:\/\/tyrving.idrett.no\/10\/f\/wp-json\/wp\/v2\/categories?post=8023"},{"taxonomy":"post_tag","embeddable":true,"href":"https:\/\/tyrving.idrett.no\/10\/f\/wp-json\/wp\/v2\/tags?post=8023"}],"curies":[{"name":"wp","href":"https:\/\/api.w.org\/{rel}","templated":true}]}}