{"id":8038,"date":"2013-02-07T10:23:55","date_gmt":"2013-02-07T09:23:55","guid":{"rendered":"http:\/\/tyrving.idrett.no\/10\/f\/?page_id=8038"},"modified":"2021-12-18T15:13:00","modified_gmt":"2021-12-18T14:13:00","slug":"vare-baner","status":"publish","type":"page","link":"https:\/\/tyrving.idrett.no\/10\/f\/vare-baner\/","title":{"rendered":"V\u00e5re baner"},"content":{"rendered":"<h3>Utend\u00f8rs: Nadderud stadion<\/h3>\n<p><img decoding=\"async\" loading=\"lazy\" class=\"alignnone size-full wp-image-16657\" src=\"http:\/\/tyrving.idrett.no\/10\/f\/files\/2013\/02\/nadderudstadion-tyrving.jpg\" alt=\"\" width=\"900\" height=\"600\" srcset=\"https:\/\/tyrving.idrett.no\/10\/f\/files\/2013\/02\/nadderudstadion-tyrving.jpg 900w, https:\/\/tyrving.idrett.no\/10\/f\/files\/2013\/02\/nadderudstadion-tyrving-300x200.jpg 300w, https:\/\/tyrving.idrett.no\/10\/f\/files\/2013\/02\/nadderudstadion-tyrving-768x512.jpg 768w, https:\/\/tyrving.idrett.no\/10\/f\/files\/2013\/02\/nadderudstadion-tyrving-600x400.jpg 600w\" sizes=\"(max-width: 900px) 100vw, 900px\" \/><\/p>\n<p>Nadderud stadion ligger p\u00e5 Bekkestua, 10 km vest for Oslo sentrum. Banen har spurtandekke og 8 l\u00f8pebaner.<\/p>\n<p><a href=\"http:\/\/tyrving.idrett.no\/10\/f\/files\/2013\/02\/Banerek-Nadderud1.pdf\" target=\"_blank\" rel=\"noopener noreferrer\">Banerekorder<\/a><\/p>\n<p><a href=\"https:\/\/www.google.com\/maps\/place\/Nadderud+Stadion\/@59.9213118,10.5813028,15z\/data=!4m2!3m1!1s0x0:0x75fe18a3e87812b7?sa=X&amp;ved=2ahUKEwjq3IKzuPjkAhUIuIsKHenUDnUQ_BIwE3oECA8QBg\">KART<\/a><\/p>\n<h3>Innend\u00f8rs: B\u00e6rum idrettspark<img decoding=\"async\" loading=\"lazy\" class=\"alignleft size-full wp-image-19157\" src=\"http:\/\/tyrving.idrett.no\/10\/f\/files\/2019\/09\/B\u00e6rum_04.jpg\" alt=\"\" width=\"1000\" height=\"665\" srcset=\"https:\/\/tyrving.idrett.no\/10\/f\/files\/2019\/09\/B\u00e6rum_04.jpg 1000w, https:\/\/tyrving.idrett.no\/10\/f\/files\/2019\/09\/B\u00e6rum_04-300x200.jpg 300w, https:\/\/tyrving.idrett.no\/10\/f\/files\/2019\/09\/B\u00e6rum_04-768x511.jpg 768w, https:\/\/tyrving.idrett.no\/10\/f\/files\/2019\/09\/B\u00e6rum_04-600x399.jpg 600w\" sizes=\"(max-width: 1000px) 100vw, 1000px\" \/><\/h3>\n<p>&nbsp;<\/p>\n<p>&nbsp;<\/p>\n<p>&nbsp;<\/p>\n<p>&nbsp;<\/p>\n<p>&nbsp;<\/p>\n<p>&nbsp;<\/p>\n<p>&nbsp;<\/p>\n<p>&nbsp;<\/p>\n<p>&nbsp;<\/p>\n<p>&nbsp;<\/p>\n<p>B\u00e6rum idrettspark er en innend\u00f8rs arena med fotballhall, friidrettshall, styrketreningsrom, fleridrettshall, tuftepark, cricketbane og baseball\/softballbane.<\/p>\n<p><a href=\"http:\/\/tyrving.idrett.no\/10\/f\/files\/2013\/02\/Banerek-hallen.pdf\" target=\"_blank\" rel=\"noopener noreferrer\">Banerekorder<\/a><\/p>\n<p><a href=\"https:\/\/www.google.com\/maps\/place\/B%C3%A6rum+Idrettspark\/@59.9096474,10.4994214,15z\/data=!4m5!3m4!1s0x0:0xe2b572cd655b9315!8m2!3d59.9096474!4d10.4994214\">KART<\/a><\/p>\n<div class=\"google-maps\"><\/div>\n<p>&nbsp;<\/p>\n<h3><\/h3>\n","protected":false},"excerpt":{"rendered":"Utend\u00f8rs: Nadderud stadion Nadderud stadion ligger p\u00e5 Bekkestua, 10 km vest for Oslo sentrum. Banen har spurtandekke og 8 l\u00f8pebaner. Banerekorder KART Innend\u00f8rs: B\u00e6rum idrettspark &nbsp; &nbsp; &nbsp;&#8230;","protected":false},"author":19,"featured_media":0,"parent":0,"menu_order":0,"comment_status":"open","ping_status":"open","template":"","meta":{"footnotes":""},"categories":[],"tags":[7872],"acf":[],"yoast_head":"<!-- This site is optimized with the Yoast SEO plugin v21.2 - https:\/\/yoast.com\/wordpress\/plugins\/seo\/ -->\n<title>V\u00e5re baner - Tyrving - Friidrett<\/title>\n<meta name=\"robots\" content=\"index, follow, max-snippet:-1, max-image-preview:large, max-video-preview:-1\" \/>\n<link rel=\"canonical\" href=\"https:\/\/tyrving.idrett.no\/10\/f\/vare-baner\/\" \/>\n<meta property=\"og:locale\" content=\"nb_NO\" \/>\n<meta property=\"og:type\" content=\"article\" \/>\n<meta property=\"og:title\" content=\"V\u00e5re baner - Tyrving - Friidrett\" \/>\n<meta property=\"og:description\" content=\"Utend\u00f8rs: Nadderud stadion Nadderud stadion ligger p\u00e5 Bekkestua, 10 km vest for Oslo sentrum. Banen har spurtandekke og 8 l\u00f8pebaner. Banerekorder KART Innend\u00f8rs: B\u00e6rum idrettspark &nbsp; &nbsp; &nbsp;...\" \/>\n<meta property=\"og:url\" content=\"https:\/\/tyrving.idrett.no\/10\/f\/vare-baner\/\" \/>\n<meta property=\"og:site_name\" content=\"Tyrving - Friidrett\" \/>\n<meta property=\"article:modified_time\" content=\"2021-12-18T14:13:00+00:00\" \/>\n<meta property=\"og:image\" content=\"http:\/\/tyrving.idrett.no\/10\/f\/files\/2013\/02\/nadderudstadion-tyrving.jpg\" \/>\n<meta name=\"twitter:card\" content=\"summary_large_image\" \/>\n<script type=\"application\/ld+json\" class=\"yoast-schema-graph\">{\"@context\":\"https:\/\/schema.org\",\"@graph\":[{\"@type\":\"WebPage\",\"@id\":\"https:\/\/tyrving.idrett.no\/10\/f\/vare-baner\/\",\"url\":\"https:\/\/tyrving.idrett.no\/10\/f\/vare-baner\/\",\"name\":\"V\u00e5re baner - Tyrving - Friidrett\",\"isPartOf\":{\"@id\":\"https:\/\/tyrving.idrett.no\/10\/f\/#website\"},\"datePublished\":\"2013-02-07T09:23:55+00:00\",\"dateModified\":\"2021-12-18T14:13:00+00:00\",\"breadcrumb\":{\"@id\":\"https:\/\/tyrving.idrett.no\/10\/f\/vare-baner\/#breadcrumb\"},\"inLanguage\":\"nb-NO\",\"potentialAction\":[{\"@type\":\"ReadAction\",\"target\":[\"https:\/\/tyrving.idrett.no\/10\/f\/vare-baner\/\"]}]},{\"@type\":\"BreadcrumbList\",\"@id\":\"https:\/\/tyrving.idrett.no\/10\/f\/vare-baner\/#breadcrumb\",\"itemListElement\":[{\"@type\":\"ListItem\",\"position\":1,\"name\":\"Hjem\",\"item\":\"https:\/\/tyrving.idrett.no\/10\/f\/\"},{\"@type\":\"ListItem\",\"position\":2,\"name\":\"V\u00e5re baner\"}]},{\"@type\":\"WebSite\",\"@id\":\"https:\/\/tyrving.idrett.no\/10\/f\/#website\",\"url\":\"https:\/\/tyrving.idrett.no\/10\/f\/\",\"name\":\"Tyrving - Friidrett\",\"description\":\"Friidrettsgruppa\",\"publisher\":{\"@id\":\"https:\/\/tyrving.idrett.no\/10\/f\/#organization\"},\"potentialAction\":[{\"@type\":\"SearchAction\",\"target\":{\"@type\":\"EntryPoint\",\"urlTemplate\":\"https:\/\/tyrving.idrett.no\/10\/f\/?s={search_term_string}\"},\"query-input\":\"required name=search_term_string\"}],\"inLanguage\":\"nb-NO\"},{\"@type\":\"Organization\",\"@id\":\"https:\/\/tyrving.idrett.no\/10\/f\/#organization\",\"name\":\"Tyrving Friidrettsgruppa\",\"url\":\"https:\/\/tyrving.idrett.no\/10\/f\/\",\"logo\":{\"@type\":\"ImageObject\",\"inLanguage\":\"nb-NO\",\"@id\":\"https:\/\/tyrving.idrett.no\/10\/f\/#\/schema\/logo\/image\/\",\"url\":\"https:\/\/tyrving.idrett.no\/10\/f\/files\/2019\/04\/Tyrving-Logo-Friidrett-2019.jpg\",\"contentUrl\":\"https:\/\/tyrving.idrett.no\/10\/f\/files\/2019\/04\/Tyrving-Logo-Friidrett-2019.jpg\",\"width\":460,\"height\":360,\"caption\":\"Tyrving Friidrettsgruppa\"},\"image\":{\"@id\":\"https:\/\/tyrving.idrett.no\/10\/f\/#\/schema\/logo\/image\/\"}}]}<\/script>\n<!-- \/ Yoast SEO plugin. -->","yoast_head_json":{"title":"V\u00e5re baner - Tyrving - Friidrett","robots":{"index":"index","follow":"follow","max-snippet":"max-snippet:-1","max-image-preview":"max-image-preview:large","max-video-preview":"max-video-preview:-1"},"canonical":"https:\/\/tyrving.idrett.no\/10\/f\/vare-baner\/","og_locale":"nb_NO","og_type":"article","og_title":"V\u00e5re baner - Tyrving - Friidrett","og_description":"Utend\u00f8rs: Nadderud stadion Nadderud stadion ligger p\u00e5 Bekkestua, 10 km vest for Oslo sentrum. Banen har spurtandekke og 8 l\u00f8pebaner. Banerekorder KART Innend\u00f8rs: B\u00e6rum idrettspark &nbsp; &nbsp; &nbsp;...","og_url":"https:\/\/tyrving.idrett.no\/10\/f\/vare-baner\/","og_site_name":"Tyrving - Friidrett","article_modified_time":"2021-12-18T14:13:00+00:00","og_image":[{"url":"http:\/\/tyrving.idrett.no\/10\/f\/files\/2013\/02\/nadderudstadion-tyrving.jpg"}],"twitter_card":"summary_large_image","schema":{"@context":"https:\/\/schema.org","@graph":[{"@type":"WebPage","@id":"https:\/\/tyrving.idrett.no\/10\/f\/vare-baner\/","url":"https:\/\/tyrving.idrett.no\/10\/f\/vare-baner\/","name":"V\u00e5re baner - Tyrving - Friidrett","isPartOf":{"@id":"https:\/\/tyrving.idrett.no\/10\/f\/#website"},"datePublished":"2013-02-07T09:23:55+00:00","dateModified":"2021-12-18T14:13:00+00:00","breadcrumb":{"@id":"https:\/\/tyrving.idrett.no\/10\/f\/vare-baner\/#breadcrumb"},"inLanguage":"nb-NO","potentialAction":[{"@type":"ReadAction","target":["https:\/\/tyrving.idrett.no\/10\/f\/vare-baner\/"]}]},{"@type":"BreadcrumbList","@id":"https:\/\/tyrving.idrett.no\/10\/f\/vare-baner\/#breadcrumb","itemListElement":[{"@type":"ListItem","position":1,"name":"Hjem","item":"https:\/\/tyrving.idrett.no\/10\/f\/"},{"@type":"ListItem","position":2,"name":"V\u00e5re baner"}]},{"@type":"WebSite","@id":"https:\/\/tyrving.idrett.no\/10\/f\/#website","url":"https:\/\/tyrving.idrett.no\/10\/f\/","name":"Tyrving - Friidrett","description":"Friidrettsgruppa","publisher":{"@id":"https:\/\/tyrving.idrett.no\/10\/f\/#organization"},"potentialAction":[{"@type":"SearchAction","target":{"@type":"EntryPoint","urlTemplate":"https:\/\/tyrving.idrett.no\/10\/f\/?s={search_term_string}"},"query-input":"required name=search_term_string"}],"inLanguage":"nb-NO"},{"@type":"Organization","@id":"https:\/\/tyrving.idrett.no\/10\/f\/#organization","name":"Tyrving Friidrettsgruppa","url":"https:\/\/tyrving.idrett.no\/10\/f\/","logo":{"@type":"ImageObject","inLanguage":"nb-NO","@id":"https:\/\/tyrving.idrett.no\/10\/f\/#\/schema\/logo\/image\/","url":"https:\/\/tyrving.idrett.no\/10\/f\/files\/2019\/04\/Tyrving-Logo-Friidrett-2019.jpg","contentUrl":"https:\/\/tyrving.idrett.no\/10\/f\/files\/2019\/04\/Tyrving-Logo-Friidrett-2019.jpg","width":460,"height":360,"caption":"Tyrving Friidrettsgruppa"},"image":{"@id":"https:\/\/tyrving.idrett.no\/10\/f\/#\/schema\/logo\/image\/"}}]}},"jetpack_sharing_enabled":true,"_links":{"self":[{"href":"https:\/\/tyrving.idrett.no\/10\/f\/wp-json\/wp\/v2\/pages\/8038"}],"collection":[{"href":"https:\/\/tyrving.idrett.no\/10\/f\/wp-json\/wp\/v2\/pages"}],"about":[{"href":"https:\/\/tyrving.idrett.no\/10\/f\/wp-json\/wp\/v2\/types\/page"}],"author":[{"embeddable":true,"href":"https:\/\/tyrving.idrett.no\/10\/f\/wp-json\/wp\/v2\/users\/19"}],"replies":[{"embeddable":true,"href":"https:\/\/tyrving.idrett.no\/10\/f\/wp-json\/wp\/v2\/comments?post=8038"}],"version-history":[{"count":17,"href":"https:\/\/tyrving.idrett.no\/10\/f\/wp-json\/wp\/v2\/pages\/8038\/revisions"}],"predecessor-version":[{"id":19158,"href":"https:\/\/tyrving.idrett.no\/10\/f\/wp-json\/wp\/v2\/pages\/8038\/revisions\/19158"}],"wp:attachment":[{"href":"https:\/\/tyrving.idrett.no\/10\/f\/wp-json\/wp\/v2\/media?parent=8038"}],"wp:term":[{"taxonomy":"category","embeddable":true,"href":"https:\/\/tyrving.idrett.no\/10\/f\/wp-json\/wp\/v2\/categories?post=8038"},{"taxonomy":"post_tag","embeddable":true,"href":"https:\/\/tyrving.idrett.no\/10\/f\/wp-json\/wp\/v2\/tags?post=8038"}],"curies":[{"name":"wp","href":"https:\/\/api.w.org\/{rel}","templated":true}]}}