{"id":8861,"date":"2013-02-13T18:36:44","date_gmt":"2013-02-13T17:36:44","guid":{"rendered":"http:\/\/tyrving.idrett.no\/10\/f\/?page_id=8861"},"modified":"2021-12-18T15:11:41","modified_gmt":"2021-12-18T14:11:41","slug":"delta-pa-neste-stevne-2","status":"publish","type":"page","link":"https:\/\/tyrving.idrett.no\/10\/f\/delta-pa-neste-stevne-2\/","title":{"rendered":"Delta p\u00e5 neste stevne"},"content":{"rendered":"<p>\u00c5 delta p\u00e5 stevner er g\u00f8y og det bidrar til \u00e5 utvikle deg som friidrettsut\u00f8ver. Kanskje setter du ny personlig rekord? Nedenfor finner du de neste stevnene som klubben har prioritert.<\/p>\n<ul>\n<li>P\u00e5melding til stevner gj\u00f8res alltid via minidrett.no. Her er <a href=\"https:\/\/mi.nif.no\/\">LINK<\/a><\/li>\n<li>Se hvem som er p\u00e5meldt\u00a0<a href=\"http:\/\/tyrving.idrett.no\/10\/f\/terminlister\/hvem-er-pameldt\/\">her<\/a><\/li>\n<li>Se\u00a0<a href=\"http:\/\/tyrving.idrett.no\/10\/f\/terminlister-2\/\">terminlisten!<\/a><\/li>\n<\/ul>\n","protected":false},"excerpt":{"rendered":"\u00c5 delta p\u00e5 stevner er g\u00f8y og det bidrar til \u00e5 utvikle deg som friidrettsut\u00f8ver. Kanskje setter du ny personlig rekord? Nedenfor finner du de neste stevnene som klubben har prioritert. P\u00e5melding til st&#8230;","protected":false},"author":19,"featured_media":0,"parent":0,"menu_order":0,"comment_status":"open","ping_status":"open","template":"","meta":{"footnotes":""},"categories":[],"tags":[7872],"acf":[],"yoast_head":"<!-- This site is optimized with the Yoast SEO plugin v21.2 - https:\/\/yoast.com\/wordpress\/plugins\/seo\/ -->\n<title>Delta p\u00e5 neste stevne - Tyrving - Friidrett<\/title>\n<meta name=\"robots\" content=\"index, follow, max-snippet:-1, max-image-preview:large, max-video-preview:-1\" \/>\n<link rel=\"canonical\" href=\"https:\/\/tyrving.idrett.no\/10\/f\/delta-pa-neste-stevne-2\/\" \/>\n<meta property=\"og:locale\" content=\"nb_NO\" \/>\n<meta property=\"og:type\" content=\"article\" \/>\n<meta property=\"og:title\" content=\"Delta p\u00e5 neste stevne - Tyrving - Friidrett\" \/>\n<meta property=\"og:description\" content=\"\u00c5 delta p\u00e5 stevner er g\u00f8y og det bidrar til \u00e5 utvikle deg som friidrettsut\u00f8ver. Kanskje setter du ny personlig rekord? Nedenfor finner du de neste stevnene som klubben har prioritert. P\u00e5melding til st...\" \/>\n<meta property=\"og:url\" content=\"https:\/\/tyrving.idrett.no\/10\/f\/delta-pa-neste-stevne-2\/\" \/>\n<meta property=\"og:site_name\" content=\"Tyrving - Friidrett\" \/>\n<meta property=\"article:modified_time\" content=\"2021-12-18T14:11:41+00:00\" \/>\n<meta name=\"twitter:card\" content=\"summary_large_image\" \/>\n<script type=\"application\/ld+json\" class=\"yoast-schema-graph\">{\"@context\":\"https:\/\/schema.org\",\"@graph\":[{\"@type\":\"WebPage\",\"@id\":\"https:\/\/tyrving.idrett.no\/10\/f\/delta-pa-neste-stevne-2\/\",\"url\":\"https:\/\/tyrving.idrett.no\/10\/f\/delta-pa-neste-stevne-2\/\",\"name\":\"Delta p\u00e5 neste stevne - Tyrving - Friidrett\",\"isPartOf\":{\"@id\":\"https:\/\/tyrving.idrett.no\/10\/f\/#website\"},\"datePublished\":\"2013-02-13T17:36:44+00:00\",\"dateModified\":\"2021-12-18T14:11:41+00:00\",\"breadcrumb\":{\"@id\":\"https:\/\/tyrving.idrett.no\/10\/f\/delta-pa-neste-stevne-2\/#breadcrumb\"},\"inLanguage\":\"nb-NO\",\"potentialAction\":[{\"@type\":\"ReadAction\",\"target\":[\"https:\/\/tyrving.idrett.no\/10\/f\/delta-pa-neste-stevne-2\/\"]}]},{\"@type\":\"BreadcrumbList\",\"@id\":\"https:\/\/tyrving.idrett.no\/10\/f\/delta-pa-neste-stevne-2\/#breadcrumb\",\"itemListElement\":[{\"@type\":\"ListItem\",\"position\":1,\"name\":\"Hjem\",\"item\":\"https:\/\/tyrving.idrett.no\/10\/f\/\"},{\"@type\":\"ListItem\",\"position\":2,\"name\":\"Delta p\u00e5 neste stevne\"}]},{\"@type\":\"WebSite\",\"@id\":\"https:\/\/tyrving.idrett.no\/10\/f\/#website\",\"url\":\"https:\/\/tyrving.idrett.no\/10\/f\/\",\"name\":\"Tyrving - Friidrett\",\"description\":\"Friidrettsgruppa\",\"publisher\":{\"@id\":\"https:\/\/tyrving.idrett.no\/10\/f\/#organization\"},\"potentialAction\":[{\"@type\":\"SearchAction\",\"target\":{\"@type\":\"EntryPoint\",\"urlTemplate\":\"https:\/\/tyrving.idrett.no\/10\/f\/?s={search_term_string}\"},\"query-input\":\"required name=search_term_string\"}],\"inLanguage\":\"nb-NO\"},{\"@type\":\"Organization\",\"@id\":\"https:\/\/tyrving.idrett.no\/10\/f\/#organization\",\"name\":\"Tyrving Friidrettsgruppa\",\"url\":\"https:\/\/tyrving.idrett.no\/10\/f\/\",\"logo\":{\"@type\":\"ImageObject\",\"inLanguage\":\"nb-NO\",\"@id\":\"https:\/\/tyrving.idrett.no\/10\/f\/#\/schema\/logo\/image\/\",\"url\":\"https:\/\/tyrving.idrett.no\/10\/f\/files\/2019\/04\/Tyrving-Logo-Friidrett-2019.jpg\",\"contentUrl\":\"https:\/\/tyrving.idrett.no\/10\/f\/files\/2019\/04\/Tyrving-Logo-Friidrett-2019.jpg\",\"width\":460,\"height\":360,\"caption\":\"Tyrving Friidrettsgruppa\"},\"image\":{\"@id\":\"https:\/\/tyrving.idrett.no\/10\/f\/#\/schema\/logo\/image\/\"}}]}<\/script>\n<!-- \/ Yoast SEO plugin. -->","yoast_head_json":{"title":"Delta p\u00e5 neste stevne - Tyrving - Friidrett","robots":{"index":"index","follow":"follow","max-snippet":"max-snippet:-1","max-image-preview":"max-image-preview:large","max-video-preview":"max-video-preview:-1"},"canonical":"https:\/\/tyrving.idrett.no\/10\/f\/delta-pa-neste-stevne-2\/","og_locale":"nb_NO","og_type":"article","og_title":"Delta p\u00e5 neste stevne - Tyrving - Friidrett","og_description":"\u00c5 delta p\u00e5 stevner er g\u00f8y og det bidrar til \u00e5 utvikle deg som friidrettsut\u00f8ver. Kanskje setter du ny personlig rekord? Nedenfor finner du de neste stevnene som klubben har prioritert. P\u00e5melding til st...","og_url":"https:\/\/tyrving.idrett.no\/10\/f\/delta-pa-neste-stevne-2\/","og_site_name":"Tyrving - Friidrett","article_modified_time":"2021-12-18T14:11:41+00:00","twitter_card":"summary_large_image","schema":{"@context":"https:\/\/schema.org","@graph":[{"@type":"WebPage","@id":"https:\/\/tyrving.idrett.no\/10\/f\/delta-pa-neste-stevne-2\/","url":"https:\/\/tyrving.idrett.no\/10\/f\/delta-pa-neste-stevne-2\/","name":"Delta p\u00e5 neste stevne - Tyrving - Friidrett","isPartOf":{"@id":"https:\/\/tyrving.idrett.no\/10\/f\/#website"},"datePublished":"2013-02-13T17:36:44+00:00","dateModified":"2021-12-18T14:11:41+00:00","breadcrumb":{"@id":"https:\/\/tyrving.idrett.no\/10\/f\/delta-pa-neste-stevne-2\/#breadcrumb"},"inLanguage":"nb-NO","potentialAction":[{"@type":"ReadAction","target":["https:\/\/tyrving.idrett.no\/10\/f\/delta-pa-neste-stevne-2\/"]}]},{"@type":"BreadcrumbList","@id":"https:\/\/tyrving.idrett.no\/10\/f\/delta-pa-neste-stevne-2\/#breadcrumb","itemListElement":[{"@type":"ListItem","position":1,"name":"Hjem","item":"https:\/\/tyrving.idrett.no\/10\/f\/"},{"@type":"ListItem","position":2,"name":"Delta p\u00e5 neste stevne"}]},{"@type":"WebSite","@id":"https:\/\/tyrving.idrett.no\/10\/f\/#website","url":"https:\/\/tyrving.idrett.no\/10\/f\/","name":"Tyrving - Friidrett","description":"Friidrettsgruppa","publisher":{"@id":"https:\/\/tyrving.idrett.no\/10\/f\/#organization"},"potentialAction":[{"@type":"SearchAction","target":{"@type":"EntryPoint","urlTemplate":"https:\/\/tyrving.idrett.no\/10\/f\/?s={search_term_string}"},"query-input":"required name=search_term_string"}],"inLanguage":"nb-NO"},{"@type":"Organization","@id":"https:\/\/tyrving.idrett.no\/10\/f\/#organization","name":"Tyrving Friidrettsgruppa","url":"https:\/\/tyrving.idrett.no\/10\/f\/","logo":{"@type":"ImageObject","inLanguage":"nb-NO","@id":"https:\/\/tyrving.idrett.no\/10\/f\/#\/schema\/logo\/image\/","url":"https:\/\/tyrving.idrett.no\/10\/f\/files\/2019\/04\/Tyrving-Logo-Friidrett-2019.jpg","contentUrl":"https:\/\/tyrving.idrett.no\/10\/f\/files\/2019\/04\/Tyrving-Logo-Friidrett-2019.jpg","width":460,"height":360,"caption":"Tyrving Friidrettsgruppa"},"image":{"@id":"https:\/\/tyrving.idrett.no\/10\/f\/#\/schema\/logo\/image\/"}}]}},"jetpack_sharing_enabled":true,"_links":{"self":[{"href":"https:\/\/tyrving.idrett.no\/10\/f\/wp-json\/wp\/v2\/pages\/8861"}],"collection":[{"href":"https:\/\/tyrving.idrett.no\/10\/f\/wp-json\/wp\/v2\/pages"}],"about":[{"href":"https:\/\/tyrving.idrett.no\/10\/f\/wp-json\/wp\/v2\/types\/page"}],"author":[{"embeddable":true,"href":"https:\/\/tyrving.idrett.no\/10\/f\/wp-json\/wp\/v2\/users\/19"}],"replies":[{"embeddable":true,"href":"https:\/\/tyrving.idrett.no\/10\/f\/wp-json\/wp\/v2\/comments?post=8861"}],"version-history":[{"count":36,"href":"https:\/\/tyrving.idrett.no\/10\/f\/wp-json\/wp\/v2\/pages\/8861\/revisions"}],"predecessor-version":[{"id":18374,"href":"https:\/\/tyrving.idrett.no\/10\/f\/wp-json\/wp\/v2\/pages\/8861\/revisions\/18374"}],"wp:attachment":[{"href":"https:\/\/tyrving.idrett.no\/10\/f\/wp-json\/wp\/v2\/media?parent=8861"}],"wp:term":[{"taxonomy":"category","embeddable":true,"href":"https:\/\/tyrving.idrett.no\/10\/f\/wp-json\/wp\/v2\/categories?post=8861"},{"taxonomy":"post_tag","embeddable":true,"href":"https:\/\/tyrving.idrett.no\/10\/f\/wp-json\/wp\/v2\/tags?post=8861"}],"curies":[{"name":"wp","href":"https:\/\/api.w.org\/{rel}","templated":true}]}}