{"id":9403,"date":"2013-03-21T09:58:51","date_gmt":"2013-03-21T08:58:51","guid":{"rendered":"http:\/\/tyrving.idrett.no\/10\/f\/?page_id=9403"},"modified":"2021-12-18T15:11:41","modified_gmt":"2021-12-18T14:11:41","slug":"10-pa-topp","status":"publish","type":"page","link":"https:\/\/tyrving.idrett.no\/10\/f\/10-pa-topp\/","title":{"rendered":"10 p\u00e5 topp"},"content":{"rendered":"<p>I Tyrving lager vi ved slutten av hvert \u00e5r en oversikt over de beste individuelle resultatene ute og inne. \u00a0Resultatene blir omregnet til poeng. \u00a0For de aldersbestemte klassene (10-19 \u00e5r) brukes Tyrvingtabellen, og for klassen\u00a0&laquo;alle&raquo; brukes den nasjonale serietabellen. \u00a0En ut\u00f8ver kan kun ha med ett resultat p\u00e5 10 p\u00e5 topp-listen.<\/p>\n<p>Klikk p\u00e5 det \u00e5rstallet som du \u00f8nsker \u00e5 se rangeringen fra.<\/p>\n<p><b>JENTER\/KVINNER:<\/b><\/p>\n<table border=\"1\" cellspacing=\"0\" cellpadding=\"0\">\n<tbody>\n<tr>\n<td valign=\"top\" width=\"154\"><\/td>\n<td valign=\"top\" width=\"154\"><\/td>\n<td valign=\"top\" width=\"154\"><\/td>\n<td valign=\"top\" width=\"154\"><a href=\"http:\/\/tyrving.idrett.no\/10\/f\/files\/2013\/03\/2012-jenter.pdf\">2012<\/a><\/td>\n<\/tr>\n<tr>\n<td valign=\"top\" width=\"154\"><a href=\"http:\/\/tyrving.idrett.no\/10\/f\/files\/2013\/03\/2011-jenter.pdf\">2011 <\/a><\/td>\n<td valign=\"top\" width=\"154\"><a href=\"http:\/\/tyrving.idrett.no\/10\/f\/files\/2013\/03\/2010-jenter-og-kvinner.pdf\">2010 <\/a><\/td>\n<td valign=\"top\" width=\"154\"><a href=\"http:\/\/tyrving.idrett.no\/10\/f\/files\/2013\/03\/2009-jenter.pdf\">2009<\/a><\/td>\n<td valign=\"top\" width=\"154\"><a href=\"http:\/\/tyrving.idrett.no\/10\/f\/files\/2013\/03\/2008-JENTER.pdf\">2008 <\/a><\/td>\n<\/tr>\n<tr>\n<td valign=\"top\" width=\"154\"><a href=\"http:\/\/tyrving.idrett.no\/10\/f\/files\/2013\/03\/2007-JENTER.pdf\">2007 <\/a><\/td>\n<td valign=\"top\" width=\"154\"><a href=\"http:\/\/tyrving.idrett.no\/10\/f\/files\/2013\/03\/2006-JENTER.pdf\">2006 <\/a><\/td>\n<td valign=\"top\" width=\"154\"><a href=\"http:\/\/tyrving.idrett.no\/10\/f\/files\/2013\/03\/2005-JENTER.pdf\">2005<\/a><\/td>\n<td valign=\"top\" width=\"154\">2004<\/td>\n<\/tr>\n<\/tbody>\n<\/table>\n<p>&nbsp;<\/p>\n<p><b>GUTTER\/MENN:<\/b><\/p>\n<table border=\"1\" cellspacing=\"0\" cellpadding=\"0\">\n<tbody>\n<tr>\n<td valign=\"top\" width=\"154\"><\/td>\n<td valign=\"top\" width=\"154\"><\/td>\n<td valign=\"top\" width=\"154\"><\/td>\n<td valign=\"top\" width=\"154\"><a href=\"http:\/\/tyrving.idrett.no\/10\/f\/files\/2013\/03\/2012-Gutter.pdf\">2012 <\/a><\/td>\n<\/tr>\n<tr>\n<td valign=\"top\" width=\"154\"><a href=\"http:\/\/tyrving.idrett.no\/10\/f\/files\/2013\/03\/2011-Gutter.pdf\">2011 <\/a><\/td>\n<td valign=\"top\" width=\"154\"><a href=\"http:\/\/tyrving.idrett.no\/10\/f\/files\/2013\/03\/2010-gutter-og-menn.pdf\">2010<\/a><\/td>\n<td valign=\"top\" width=\"154\"><a href=\"http:\/\/tyrving.idrett.no\/10\/f\/files\/2013\/03\/2009-gutter.pdf\">2009<\/a><\/td>\n<td valign=\"top\" width=\"154\"><a href=\"http:\/\/tyrving.idrett.no\/10\/f\/files\/2013\/03\/2008-GUTTER.pdf\">2008 <\/a><\/td>\n<\/tr>\n<tr>\n<td valign=\"top\" width=\"154\"><a href=\"http:\/\/tyrving.idrett.no\/10\/f\/files\/2013\/03\/2007-GUTTER.pdf\">2007 <\/a><\/td>\n<td valign=\"top\" width=\"154\"><a href=\"http:\/\/tyrving.idrett.no\/10\/f\/files\/2013\/03\/2006-GUTTER.pdf\">2006 <\/a><\/td>\n<td valign=\"top\" width=\"154\"><a href=\"http:\/\/tyrving.idrett.no\/10\/f\/files\/2013\/03\/2005-GUTTER.pdf\">2005<\/a><\/td>\n<td valign=\"top\" width=\"154\"><a href=\"http:\/\/tyrving.idrett.no\/10\/f\/files\/2013\/03\/2004-GUTTER.pdf\">2004 <\/a><\/td>\n<\/tr>\n<\/tbody>\n<\/table>\n","protected":false},"excerpt":{"rendered":"I Tyrving lager vi ved slutten av hvert \u00e5r en oversikt over de beste individuelle resultatene ute og inne. \u00a0Resultatene blir omregnet til poeng. \u00a0For de aldersbestemte klassene (10-19 \u00e5r) brukes Tyrvi&#8230;","protected":false},"author":20,"featured_media":0,"parent":0,"menu_order":0,"comment_status":"open","ping_status":"open","template":"","meta":{"footnotes":""},"categories":[],"tags":[7872],"acf":[],"yoast_head":"<!-- This site is optimized with the Yoast SEO plugin v21.2 - https:\/\/yoast.com\/wordpress\/plugins\/seo\/ -->\n<title>10 p\u00e5 topp - Tyrving - Friidrett<\/title>\n<meta name=\"robots\" content=\"index, follow, max-snippet:-1, max-image-preview:large, max-video-preview:-1\" \/>\n<link rel=\"canonical\" href=\"https:\/\/tyrving.idrett.no\/10\/f\/10-pa-topp\/\" \/>\n<meta property=\"og:locale\" content=\"nb_NO\" \/>\n<meta property=\"og:type\" content=\"article\" \/>\n<meta property=\"og:title\" content=\"10 p\u00e5 topp - Tyrving - Friidrett\" \/>\n<meta property=\"og:description\" content=\"I Tyrving lager vi ved slutten av hvert \u00e5r en oversikt over de beste individuelle resultatene ute og inne. \u00a0Resultatene blir omregnet til poeng. \u00a0For de aldersbestemte klassene (10-19 \u00e5r) brukes Tyrvi...\" \/>\n<meta property=\"og:url\" content=\"https:\/\/tyrving.idrett.no\/10\/f\/10-pa-topp\/\" \/>\n<meta property=\"og:site_name\" content=\"Tyrving - Friidrett\" \/>\n<meta property=\"article:modified_time\" content=\"2021-12-18T14:11:41+00:00\" \/>\n<meta name=\"twitter:card\" content=\"summary_large_image\" \/>\n<script type=\"application\/ld+json\" class=\"yoast-schema-graph\">{\"@context\":\"https:\/\/schema.org\",\"@graph\":[{\"@type\":\"WebPage\",\"@id\":\"https:\/\/tyrving.idrett.no\/10\/f\/10-pa-topp\/\",\"url\":\"https:\/\/tyrving.idrett.no\/10\/f\/10-pa-topp\/\",\"name\":\"10 p\u00e5 topp - Tyrving - Friidrett\",\"isPartOf\":{\"@id\":\"https:\/\/tyrving.idrett.no\/10\/f\/#website\"},\"datePublished\":\"2013-03-21T08:58:51+00:00\",\"dateModified\":\"2021-12-18T14:11:41+00:00\",\"breadcrumb\":{\"@id\":\"https:\/\/tyrving.idrett.no\/10\/f\/10-pa-topp\/#breadcrumb\"},\"inLanguage\":\"nb-NO\",\"potentialAction\":[{\"@type\":\"ReadAction\",\"target\":[\"https:\/\/tyrving.idrett.no\/10\/f\/10-pa-topp\/\"]}]},{\"@type\":\"BreadcrumbList\",\"@id\":\"https:\/\/tyrving.idrett.no\/10\/f\/10-pa-topp\/#breadcrumb\",\"itemListElement\":[{\"@type\":\"ListItem\",\"position\":1,\"name\":\"Hjem\",\"item\":\"https:\/\/tyrving.idrett.no\/10\/f\/\"},{\"@type\":\"ListItem\",\"position\":2,\"name\":\"10 p\u00e5 topp\"}]},{\"@type\":\"WebSite\",\"@id\":\"https:\/\/tyrving.idrett.no\/10\/f\/#website\",\"url\":\"https:\/\/tyrving.idrett.no\/10\/f\/\",\"name\":\"Tyrving - Friidrett\",\"description\":\"Friidrettsgruppa\",\"publisher\":{\"@id\":\"https:\/\/tyrving.idrett.no\/10\/f\/#organization\"},\"potentialAction\":[{\"@type\":\"SearchAction\",\"target\":{\"@type\":\"EntryPoint\",\"urlTemplate\":\"https:\/\/tyrving.idrett.no\/10\/f\/?s={search_term_string}\"},\"query-input\":\"required name=search_term_string\"}],\"inLanguage\":\"nb-NO\"},{\"@type\":\"Organization\",\"@id\":\"https:\/\/tyrving.idrett.no\/10\/f\/#organization\",\"name\":\"Tyrving Friidrettsgruppa\",\"url\":\"https:\/\/tyrving.idrett.no\/10\/f\/\",\"logo\":{\"@type\":\"ImageObject\",\"inLanguage\":\"nb-NO\",\"@id\":\"https:\/\/tyrving.idrett.no\/10\/f\/#\/schema\/logo\/image\/\",\"url\":\"https:\/\/tyrving.idrett.no\/10\/f\/files\/2019\/04\/Tyrving-Logo-Friidrett-2019.jpg\",\"contentUrl\":\"https:\/\/tyrving.idrett.no\/10\/f\/files\/2019\/04\/Tyrving-Logo-Friidrett-2019.jpg\",\"width\":460,\"height\":360,\"caption\":\"Tyrving Friidrettsgruppa\"},\"image\":{\"@id\":\"https:\/\/tyrving.idrett.no\/10\/f\/#\/schema\/logo\/image\/\"}}]}<\/script>\n<!-- \/ Yoast SEO plugin. -->","yoast_head_json":{"title":"10 p\u00e5 topp - Tyrving - Friidrett","robots":{"index":"index","follow":"follow","max-snippet":"max-snippet:-1","max-image-preview":"max-image-preview:large","max-video-preview":"max-video-preview:-1"},"canonical":"https:\/\/tyrving.idrett.no\/10\/f\/10-pa-topp\/","og_locale":"nb_NO","og_type":"article","og_title":"10 p\u00e5 topp - Tyrving - Friidrett","og_description":"I Tyrving lager vi ved slutten av hvert \u00e5r en oversikt over de beste individuelle resultatene ute og inne. \u00a0Resultatene blir omregnet til poeng. \u00a0For de aldersbestemte klassene (10-19 \u00e5r) brukes Tyrvi...","og_url":"https:\/\/tyrving.idrett.no\/10\/f\/10-pa-topp\/","og_site_name":"Tyrving - Friidrett","article_modified_time":"2021-12-18T14:11:41+00:00","twitter_card":"summary_large_image","schema":{"@context":"https:\/\/schema.org","@graph":[{"@type":"WebPage","@id":"https:\/\/tyrving.idrett.no\/10\/f\/10-pa-topp\/","url":"https:\/\/tyrving.idrett.no\/10\/f\/10-pa-topp\/","name":"10 p\u00e5 topp - Tyrving - Friidrett","isPartOf":{"@id":"https:\/\/tyrving.idrett.no\/10\/f\/#website"},"datePublished":"2013-03-21T08:58:51+00:00","dateModified":"2021-12-18T14:11:41+00:00","breadcrumb":{"@id":"https:\/\/tyrving.idrett.no\/10\/f\/10-pa-topp\/#breadcrumb"},"inLanguage":"nb-NO","potentialAction":[{"@type":"ReadAction","target":["https:\/\/tyrving.idrett.no\/10\/f\/10-pa-topp\/"]}]},{"@type":"BreadcrumbList","@id":"https:\/\/tyrving.idrett.no\/10\/f\/10-pa-topp\/#breadcrumb","itemListElement":[{"@type":"ListItem","position":1,"name":"Hjem","item":"https:\/\/tyrving.idrett.no\/10\/f\/"},{"@type":"ListItem","position":2,"name":"10 p\u00e5 topp"}]},{"@type":"WebSite","@id":"https:\/\/tyrving.idrett.no\/10\/f\/#website","url":"https:\/\/tyrving.idrett.no\/10\/f\/","name":"Tyrving - Friidrett","description":"Friidrettsgruppa","publisher":{"@id":"https:\/\/tyrving.idrett.no\/10\/f\/#organization"},"potentialAction":[{"@type":"SearchAction","target":{"@type":"EntryPoint","urlTemplate":"https:\/\/tyrving.idrett.no\/10\/f\/?s={search_term_string}"},"query-input":"required name=search_term_string"}],"inLanguage":"nb-NO"},{"@type":"Organization","@id":"https:\/\/tyrving.idrett.no\/10\/f\/#organization","name":"Tyrving Friidrettsgruppa","url":"https:\/\/tyrving.idrett.no\/10\/f\/","logo":{"@type":"ImageObject","inLanguage":"nb-NO","@id":"https:\/\/tyrving.idrett.no\/10\/f\/#\/schema\/logo\/image\/","url":"https:\/\/tyrving.idrett.no\/10\/f\/files\/2019\/04\/Tyrving-Logo-Friidrett-2019.jpg","contentUrl":"https:\/\/tyrving.idrett.no\/10\/f\/files\/2019\/04\/Tyrving-Logo-Friidrett-2019.jpg","width":460,"height":360,"caption":"Tyrving Friidrettsgruppa"},"image":{"@id":"https:\/\/tyrving.idrett.no\/10\/f\/#\/schema\/logo\/image\/"}}]}},"jetpack_sharing_enabled":true,"_links":{"self":[{"href":"https:\/\/tyrving.idrett.no\/10\/f\/wp-json\/wp\/v2\/pages\/9403"}],"collection":[{"href":"https:\/\/tyrving.idrett.no\/10\/f\/wp-json\/wp\/v2\/pages"}],"about":[{"href":"https:\/\/tyrving.idrett.no\/10\/f\/wp-json\/wp\/v2\/types\/page"}],"author":[{"embeddable":true,"href":"https:\/\/tyrving.idrett.no\/10\/f\/wp-json\/wp\/v2\/users\/20"}],"replies":[{"embeddable":true,"href":"https:\/\/tyrving.idrett.no\/10\/f\/wp-json\/wp\/v2\/comments?post=9403"}],"version-history":[{"count":6,"href":"https:\/\/tyrving.idrett.no\/10\/f\/wp-json\/wp\/v2\/pages\/9403\/revisions"}],"predecessor-version":[{"id":22379,"href":"https:\/\/tyrving.idrett.no\/10\/f\/wp-json\/wp\/v2\/pages\/9403\/revisions\/22379"}],"wp:attachment":[{"href":"https:\/\/tyrving.idrett.no\/10\/f\/wp-json\/wp\/v2\/media?parent=9403"}],"wp:term":[{"taxonomy":"category","embeddable":true,"href":"https:\/\/tyrving.idrett.no\/10\/f\/wp-json\/wp\/v2\/categories?post=9403"},{"taxonomy":"post_tag","embeddable":true,"href":"https:\/\/tyrving.idrett.no\/10\/f\/wp-json\/wp\/v2\/tags?post=9403"}],"curies":[{"name":"wp","href":"https:\/\/api.w.org\/{rel}","templated":true}]}}