{"id":1603,"date":"2011-11-21T21:21:35","date_gmt":"2011-11-21T20:21:35","guid":{"rendered":"http:\/\/tyrving.idrett.no\/10\/o\/?page_id=1603"},"modified":"2026-03-22T13:11:19","modified_gmt":"2026-03-22T12:11:19","slug":"gate-o-2012","status":"publish","type":"page","link":"https:\/\/tyrving.idrett.no\/10\/o\/gate-o-2012\/","title":{"rendered":"GateO 2012"},"content":{"rendered":"<p><a href=\"http:\/\/tyrving.idrett.no\/10\/o\/files\/2011\/11\/Rykkinn-B3-B4.jpg\"><img decoding=\"async\" loading=\"lazy\" class=\"alignleft size-thumbnail wp-image-1611\" src=\"http:\/\/tyrving.idrett.no\/10\/o\/files\/2011\/11\/Rykkinn-B3-B4-122x150.jpg\" alt=\"\" width=\"122\" height=\"150\" srcset=\"https:\/\/tyrving.idrett.no\/10\/o\/files\/2011\/11\/Rykkinn-B3-B4-122x150.jpg 122w, https:\/\/tyrving.idrett.no\/10\/o\/files\/2011\/11\/Rykkinn-B3-B4-245x300.jpg 245w, https:\/\/tyrving.idrett.no\/10\/o\/files\/2011\/11\/Rykkinn-B3-B4.jpg 376w\" sizes=\"(max-width: 122px) 100vw, 122px\" \/><\/a>TORSdager i grunntreningsperioden har Tyrving\u00a0Orientering tradisjon for en serie\u00a0gate-O-l\u00f8p. For at dere skal f\u00e5 en xtra h\u00f8ypuls\u00f8kt;\u00a0 hurtig distansetrening med trimming av aerob kapasitet, l\u00f8ps\u00f8konomi og blikket for gode veivalg.\u00a0 Bedre o-l\u00f8pe-trening f\u00e5r du ikke i vinter-B\u00e6rum!<\/p>\n<p>Gate-O-l\u00f8pene brukes ogs\u00e5 til ranking av vinterens <span style=\"color: #800000\"><strong><a href=\"http:\/\/tyrving.idrett.no\/10\/o\/files\/2012\/02\/GateO-Ranking-2012_5.xls\" target=\"_blank\" rel=\"noopener\">Gategutter &amp; Gatepiker<\/a><\/strong><\/span>, der de 5 beste ( av 8 ) l\u00f8p teller. 2012-serien er\u00a0en samkj\u00f8ring med o-gruppa i <a href=\"http:\/\/www.fossumif.no\/orientering\/1\/o-gruppa-hjem\/\" target=\"_blank\" rel=\"noopener\">Fossum IF<\/a>; FIF&#8217;en tar 2 av arrangementene og bidrar ogs\u00e5 med xtra konkurranse om heder og rankingpoeng.\u00a0<\/p>\n<p>Nedenfor finner du Terminlisten (m. link til oppm\u00f8tested og resultater), PM og mer Ranking-info.<\/p>\n<h2><span style=\"color: #800080\">Terminlisten<\/span><\/h2>\n<table border=\"1\" cellspacing=\"0\" cellpadding=\"0\">\n<tbody>\n<tr>\n<td valign=\"top\" width=\"22\"><strong>#<\/strong><\/td>\n<td valign=\"top\" width=\"81\"><strong>Dato<\/strong><\/td>\n<td valign=\"top\" width=\"192\"><strong>Sted\/ P-plass<\/strong><\/td>\n<td valign=\"top\" width=\"179\"><strong>Kart<\/strong><\/td>\n<td valign=\"top\" width=\"60\"><strong>Arr.<\/strong><\/td>\n<td valign=\"top\" width=\"80\"><strong>Resultater<\/strong><\/td>\n<\/tr>\n<tr>\n<td valign=\"top\" width=\"22\">1<\/td>\n<td valign=\"top\" width=\"81\">torsd. 08\/12<\/td>\n<td valign=\"top\" width=\"192\"><a href=\"http:\/\/tinyurl.com\/Rykkinn-Prix\" target=\"_blank\" rel=\"noopener\">Rykkinn vest<\/a>\u00a0 (Coop Xtra)<\/td>\n<td valign=\"top\" width=\"179\">Rykkinn (sprint)<\/td>\n<td valign=\"top\" width=\"60\">Arne T<\/td>\n<td valign=\"top\" width=\"80\"><a href=\"http:\/\/tyrving.idrett.no\/10\/o\/2011\/12\/11\/gateo-1-resultater-2\/#more-1650\" target=\"_blank\" rel=\"noopener\">Resultater<\/a>\u00a0(32 l\u00f8pere)<\/td>\n<\/tr>\n<tr>\n<td valign=\"top\" width=\"22\">2<\/td>\n<td valign=\"top\" width=\"81\">torsd. 05\/01<\/td>\n<td valign=\"top\" width=\"192\"><a href=\"http:\/\/kart.finn.no\/?lng=10.48889&amp;lat=59.89730&amp;zoom=17&amp;mapType=finnvector&amp;markers=10.48889,59.89730,r,HJORTHEHAVEN+11\" target=\"_blank\" rel=\"noopener\">P-plass v\/ Emma Hjorth skole<\/a>\u00a0<\/td>\n<td valign=\"top\" width=\"179\">Bj\u00f8rneg\u00e5rd-Tanum (sprint)<\/td>\n<td valign=\"top\" width=\"60\">Arne T<\/td>\n<td valign=\"top\" width=\"80\"><a href=\"http:\/\/tyrving.idrett.no\/10\/o\/2012\/01\/15\/gateo-2-resultater-2\/\" target=\"_blank\" rel=\"noopener\">Resultater <\/a>(55 l\u00f8pere)<\/td>\n<\/tr>\n<tr>\n<td valign=\"top\" width=\"22\">3<\/td>\n<td valign=\"top\" width=\"81\">torsd. 19\/01<\/td>\n<td valign=\"top\" width=\"192\"><a href=\"http:\/\/tinyurl.com\/Helsetbanen\" target=\"_blank\" rel=\"noopener\">Helsetbanen<\/a>\u00a0<\/td>\n<td valign=\"top\" width=\"179\">B\u00e6rumsVerk (gateO)<\/td>\n<td valign=\"top\" width=\"60\"><span style=\"color: #000000\">Berit &amp; PerKristian<\/span><\/td>\n<td valign=\"top\" width=\"80\"><a href=\"http:\/\/tyrving.idrett.no\/10\/o\/2012\/01\/20\/gateo-3-resultater-2\/\" target=\"_blank\" rel=\"noopener\">Resultater<\/a> (46 l\u00f8pere)<\/td>\n<\/tr>\n<tr>\n<td valign=\"top\" width=\"22\">4<\/td>\n<td valign=\"top\" width=\"81\">torsd. 02\/02<\/td>\n<td valign=\"top\" width=\"192\"><a href=\"http:\/\/tinyurl.com\/Helgerud-kirke\" target=\"_blank\" rel=\"noopener\">Helgerud kirke<\/a>\u00a0 (Sykehuset langtids-P)<\/td>\n<td valign=\"top\" width=\"179\">\u00a0Gjettum-Evje- (gateO)<\/td>\n<td valign=\"top\" width=\"60\"><span style=\"color: #808080\">\u00a0<\/span><span style=\"color: #808080\"><span style=\"color: #000000\">Eivind H<\/span><\/span><\/td>\n<td valign=\"top\" width=\"80\"><a href=\"http:\/\/tyrving.idrett.no\/10\/o\/2012\/02\/03\/gateo-4-resultater-2\/\" target=\"_blank\" rel=\"noopener\">Resultater<\/a> (40 l\u00f8pere)<\/td>\n<\/tr>\n<tr>\n<td valign=\"top\" width=\"22\">5<\/td>\n<td valign=\"top\" width=\"81\">torsd. 16\/02<\/td>\n<td valign=\"top\" width=\"192\"><a href=\"http:\/\/kart.finn.no\/?lng=10.58449&amp;lat=59.93485&amp;tab=search&amp;zoom=14&amp;mapType=finnvector&amp;markers=10.58453,59.93487,r,Hosle+skole&amp;activetab=search\" target=\"_blank\" rel=\"noopener\">Hosle skole<\/a><\/td>\n<td valign=\"top\" width=\"179\">Hosle (sprint)<\/td>\n<td valign=\"top\" width=\"60\">Lars Hj<\/td>\n<td valign=\"top\" width=\"80\"><a href=\"http:\/\/tyrving.idrett.no\/10\/o\/2012\/02\/19\/gateo-5-resultater-2\/\" target=\"_blank\" rel=\"noopener\">Resultater<\/a> (35 l\u00f8pere)<\/td>\n<\/tr>\n<tr>\n<td valign=\"top\" width=\"22\">6<\/td>\n<td valign=\"top\" width=\"81\">torsd. 01\/03<\/td>\n<td valign=\"top\" width=\"192\"><a href=\"http:\/\/kart.finn.no\/?lng=10.48035&amp;lat=59.92614&amp;tab=search&amp;zoom=17&amp;mapType=finnvector&amp;markers=10.48035,59.92614,r,TJALVES+VEI+3&amp;activetab=search\" target=\"_blank\" rel=\"noopener\">Rykkinn syd<\/a>\u00a0 (Leirdueveien P)<\/td>\n<td valign=\"top\" width=\"179\">Rykkinn (sprint)<\/td>\n<td valign=\"top\" width=\"60\">Leif S<\/td>\n<td valign=\"top\" width=\"80\"><a href=\"http:\/\/tyrving.idrett.no\/10\/o\/2012\/03\/02\/gateo-6-resultater-2\/\" target=\"_blank\" rel=\"noopener\">Resultater<\/a> (53 l\u00f8pere)<\/td>\n<\/tr>\n<tr>\n<td valign=\"top\" width=\"22\">7<\/td>\n<td valign=\"top\" width=\"81\">torsd. 15\/03<\/td>\n<td valign=\"top\" width=\"192\"><a href=\"http:\/\/kart.finn.no\/?lng=10.49845&amp;lat=59.88754&amp;tab=search&amp;zoom=14&amp;mapType=finnvector&amp;markers=10.49845,59.88754,r,Bj%C3%B8rneg%C3%A5rd+skole&amp;activetab=search\" target=\"_blank\" rel=\"noopener\">Bj\u00f8rneg\u00e5rd skole<\/a><\/td>\n<td valign=\"top\" width=\"179\">Bj\u00f8rneg\u00e5rd-Tanum (sprint)<\/td>\n<td valign=\"top\" width=\"60\">Arne T<\/td>\n<td valign=\"top\" width=\"80\"><a href=\"http:\/\/tyrving.idrett.no\/10\/o\/2012\/03\/16\/gateo-7-resultater-2\/\" target=\"_blank\" rel=\"noopener\">Resultater<\/a>(58 l\u00f8pere)<\/td>\n<\/tr>\n<tr>\n<td valign=\"top\" width=\"22\">8<\/td>\n<td valign=\"top\" width=\"81\">torsd. 29\/3<\/td>\n<td valign=\"top\" width=\"192\"><a href=\"http:\/\/kart.finn.no\/?lng=10.56869&amp;lat=59.88950&amp;tab=search&amp;zoom=17&amp;mapType=finnvector&amp;markers=10.56869,59.88950,r,GLASSVERKVEIEN+123&amp;activetab=search\" target=\"_blank\" rel=\"noopener\">H\u00f8vikbanen<\/a>\u00a0(i enden av Glassverkveien)\u00a0<\/td>\n<td valign=\"top\" width=\"179\">Veritas (sprint)<\/td>\n<td valign=\"top\" width=\"60\">Arne T<\/td>\n<td valign=\"top\" width=\"80\"><a href=\"http:\/\/tyrving.idrett.no\/10\/o\/2012\/03\/31\/gateo-8-resultater-2\/#more-2163\" target=\"_blank\" rel=\"noopener\">Resultater<\/a> (63 l\u00f8pere)<\/td>\n<\/tr>\n<\/tbody>\n<\/table>\n<p><span style=\"color: #800080\"><strong>NB:<\/strong><\/span> Merk at vi denne vinteren tar i bruk et par nye &laquo;terreng&raquo; og har start\/m\u00e5l p\u00e5 noen nye P-plasser; klikk kartlinken i terminlisten !\u00a0\u00a0<\/p>\n<p><span style=\"color: #800080\"><strong>PS:<\/strong><\/span> Gate-O-l\u00f8pene er selvsagt \u00e5pne ogs\u00e5 for l\u00f8pere fra andre klubber enn Tyrving og Fossum.<\/p>\n<h2><span style=\"color: #800080\">Pro Memoria<\/span>\u00a0<\/h2>\n<p>\u00c5rets vinterserie\u00a0arrangeres av Tyrving og Fossum etter tradisjonell mal; dvs.\u00a0MAXI (kvalitet p\u00e5 l\u00f8yper &amp; resultater) med\u00a0MINI (arrang\u00f8rstab).\u00a0Flere instrukser for en vellykket trenings\u00f8kt finner du i vedlagte <span style=\"color: #800080\"><strong>PM &gt;&gt;<\/strong><\/span>\u00a0<a href=\"http:\/\/tyrving.idrett.no\/10\/o\/files\/2011\/11\/Pro-Memoria-2012.doc\">Pro Memoria 2012<\/a>\u00a0\u00a0 Last ned, skriv ut, heng opp &#8211; men uansett:\u00a0LES f\u00f8r du drar p\u00e5 trening !<\/p>\n<p>Alle l\u00f8pene er p\u00e5 TORSdager, med fri starttid fra kl.18:00 til ca 18:30. Husk \u00e5 ta med Emit EKT-brikke, hodelykt (minimum kartlys) \u2013\u00a0og refleks !!<\/p>\n<p>Det\u00a0legges normalt opp\u00a02 rundl\u00f8yper \u00e1 2,5-3 km, der Herrer, Damer og Gubber l\u00f8per begge rundene (LANG = A+B, m.kartbytte), mens Fruer og O-Ung (12-16) kan n\u00f8ye seg med \u00e9n l\u00f8ype (KORT = A).\u00a0<\/p>\n<p><span style=\"color: #800080\"><strong>NB:<\/strong><\/span> Vi oppfordrer til rask og disiplinert framferd. Men uten\u00a0&#8216;hekking&#8217; og &#8216;hagearbeid&#8217;\u00a0p\u00e5 olivengr\u00f8nne\u00a0omr\u00e5der, og med\u00a0xtra oppmerksomhet langs traffikerte veier: <span style=\"color: #ff0000\"><strong><em>Du er nok en harding til \u00e5 l\u00f8pe, men du er allikevel den mykeste trafikanten!<\/em><\/strong><\/span><\/p>\n<h2><span style=\"color: #800080\">Ranking<\/span><\/h2>\n<p>Vi k\u00e5rer vinterens <span style=\"color: #800080\"><strong>Gategutter og Gatepiker<\/strong><\/span> i hver klasse, i hhv. LANG og\/eller KORT-l\u00f8ypa.\u00a0 Rankingen er basert p\u00e5 tids-poeng (snitt av 2 beste tider i klassen gir 1000 pt, 60% bak gir\u00a00 pt).\u00a0 K\u00e5ringen baseres i \u00e5r p\u00e5\u00a0de 5 beste ( av 8 ) l\u00f8p.<\/p>\n<p><strong><span style=\"color: #800080\">* Her\u00a0finner\u00a0du rankinglisten <\/span><\/strong>(.xls), sluttstillingen med alle l\u00f8p\u00a0&gt;&gt; <a href=\"http:\/\/tyrving.idrett.no\/10\/o\/files\/2012\/03\/GateO-Ranking-2012_8.xls\" target=\"_blank\" rel=\"noopener\">Gategutter &amp; Gatepiker 2012 (8\/8 l\u00f8p)<\/a><\/p>\n<p>Og her er (en link til) resultatene fra <a href=\"http:\/\/tyrving.idrett.no\/10\/o\/ytterligere-arkiv\/gateo-2011\/\" target=\"_blank\" rel=\"noopener\">gate-O-sesongen 2011<\/a>.<\/p>\n<p>.\u2026<\/p>\n<p><span style=\"color: #008000\"><strong>Tips for best treningsutbytte av gateO-\u00f8ktene <\/strong><\/span><span style=\"color: #000000\">[ Joda, dette h\u00f8res litt omstendelig ut. Men\u00a0D er\u00a0D som fungerer \u2013 derfor viktig \u00e5 trene p\u00e5, s\u00e5 du etterhvert gj\u00f8r det automatisk og kjapt \u2013 ogs\u00e5 til sommeren 8) ]\u00a0\u00a0<\/span><\/p>\n<ul>\n<li>Ta deg tid til \u00e5 <span style=\"color: #008000\"><strong>planlegge <\/strong><\/span>hele strekket \u2013 st\u00e5 stille om n\u00f8dvendig. Noen sekunder her tjener du inn med mindre feilnavigering + st\u00f8rre trygghet = st\u00f8rre fart p\u00e5 strekket.<\/li>\n<li>Ta veivalg <span style=\"color: #008000\"><strong>n\u00e6r streken<\/strong><\/span> eller med mest mulig rette linjer \/ jevne buer ut fra streken; \u201cstorslal\u00e5m\u201d er som regel den lengste veien. Og \u2013 hvis du er i tvil om veivalget \u2013 ta det enkleste langs de st\u00f8rste veiene.<\/li>\n<li>N\u00e5r strekkene blir lange \u2013 del opp veivalget ditt i enklere delstrekk, med sikre <span style=\"color: #008000\"><strong>sjekkpunkter <\/strong><\/span>underveis. Ved hvert sjekkpunkt, f\u00f8r du starter p\u00e5 neste delstrekk, skal du ha kontroll med hvor du er. Dersom du har havnet et annet sted enn planlagt, m\u00e5 du stoppe opp og lage en ny plan med nye sikre sjekkpunkt.<\/li>\n<li><span style=\"color: #000000\">N\u00e5r du vet hvor du <span style=\"text-decoration: underline\">er<\/span> og hvor du <span style=\"text-decoration: underline\">skal<\/span>: <strong><span style=\"color: #008000\">L\u00f8pe<\/span>! <span style=\"color: #008000\">Fort<\/span>!<\/strong><\/span><\/li>\n<\/ul>\n<p><span style=\"color: #800080\"><span style=\"color: #000000\">&#8230;.<\/span><\/span><\/p>\n","protected":false},"excerpt":{"rendered":"<p>&#8230;<\/p>\n","protected":false},"author":3,"featured_media":0,"parent":0,"menu_order":5,"comment_status":"closed","ping_status":"open","template":"","meta":{"footnotes":""},"jetpack_sharing_enabled":true,"_links":{"self":[{"href":"https:\/\/tyrving.idrett.no\/10\/o\/wp-json\/wp\/v2\/pages\/1603"}],"collection":[{"href":"https:\/\/tyrving.idrett.no\/10\/o\/wp-json\/wp\/v2\/pages"}],"about":[{"href":"https:\/\/tyrving.idrett.no\/10\/o\/wp-json\/wp\/v2\/types\/page"}],"author":[{"embeddable":true,"href":"https:\/\/tyrving.idrett.no\/10\/o\/wp-json\/wp\/v2\/users\/3"}],"replies":[{"embeddable":true,"href":"https:\/\/tyrving.idrett.no\/10\/o\/wp-json\/wp\/v2\/comments?post=1603"}],"version-history":[{"count":42,"href":"https:\/\/tyrving.idrett.no\/10\/o\/wp-json\/wp\/v2\/pages\/1603\/revisions"}],"predecessor-version":[{"id":5981,"href":"https:\/\/tyrving.idrett.no\/10\/o\/wp-json\/wp\/v2\/pages\/1603\/revisions\/5981"}],"wp:attachment":[{"href":"https:\/\/tyrving.idrett.no\/10\/o\/wp-json\/wp\/v2\/media?parent=1603"}],"curies":[{"name":"wp","href":"https:\/\/api.w.org\/{rel}","templated":true}]}}