{"id":2435,"date":"2018-02-27T10:08:36","date_gmt":"2018-02-27T09:08:36","guid":{"rendered":"http:\/\/tyrving.idrett.no\/10\/o\/?page_id=2435"},"modified":"2026-03-22T13:11:19","modified_gmt":"2026-03-22T12:11:19","slug":"bli-medlem","status":"publish","type":"page","link":"https:\/\/tyrving.idrett.no\/10\/o\/bli-medlem\/","title":{"rendered":"<b>Bli medlem<\/b>"},"content":{"rendered":"<p>Alle som \u00f8nsker \u00e5 bli med i Tyrving orientering er hjertelig velkomne til det. For \u00e5 ta del i tilbudet Tyrving orientering har, er det n\u00f8dvendig \u00e5 v\u00e6re registrert i IL Tyrving.<\/p>\n<p>F\u00f8lg denne lenken for \u00e5 registrere deg som medlem i IL Tyrving:<\/p>\n<p><a href=\"http:\/\/tyrving.idrett.no\/10\/hovedstyret\/bli-medlem\/\">http:\/\/tyrving.idrett.no\/10\/hovedstyret\/bli-medlem\/<\/a><\/p>\n","protected":false},"excerpt":{"rendered":"<p>&#8230;<\/p>\n","protected":false},"author":5,"featured_media":0,"parent":0,"menu_order":14,"comment_status":"closed","ping_status":"open","template":"","meta":{"footnotes":""},"jetpack_sharing_enabled":true,"_links":{"self":[{"href":"https:\/\/tyrving.idrett.no\/10\/o\/wp-json\/wp\/v2\/pages\/2435"}],"collection":[{"href":"https:\/\/tyrving.idrett.no\/10\/o\/wp-json\/wp\/v2\/pages"}],"about":[{"href":"https:\/\/tyrving.idrett.no\/10\/o\/wp-json\/wp\/v2\/types\/page"}],"author":[{"embeddable":true,"href":"https:\/\/tyrving.idrett.no\/10\/o\/wp-json\/wp\/v2\/users\/5"}],"replies":[{"embeddable":true,"href":"https:\/\/tyrving.idrett.no\/10\/o\/wp-json\/wp\/v2\/comments?post=2435"}],"version-history":[{"count":12,"href":"https:\/\/tyrving.idrett.no\/10\/o\/wp-json\/wp\/v2\/pages\/2435\/revisions"}],"predecessor-version":[{"id":4384,"href":"https:\/\/tyrving.idrett.no\/10\/o\/wp-json\/wp\/v2\/pages\/2435\/revisions\/4384"}],"wp:attachment":[{"href":"https:\/\/tyrving.idrett.no\/10\/o\/wp-json\/wp\/v2\/media?parent=2435"}],"curies":[{"name":"wp","href":"https:\/\/api.w.org\/{rel}","templated":true}]}}