{"id":2482,"date":"2012-11-25T21:08:01","date_gmt":"2012-11-25T20:08:01","guid":{"rendered":"http:\/\/tyrving.idrett.no\/10\/o\/?page_id=2482"},"modified":"2026-03-22T13:11:19","modified_gmt":"2026-03-22T12:11:19","slug":"gate-o-2013","status":"publish","type":"page","link":"https:\/\/tyrving.idrett.no\/10\/o\/gate-o-2013\/","title":{"rendered":"GateO 2013"},"content":{"rendered":"<p><a href=\"http:\/\/tyrving.idrett.no\/10\/o\/files\/2012\/11\/Pondus-n\u00e5-skal-det-l\u00f8pes_2.jpg\"><img decoding=\"async\" loading=\"lazy\" class=\"alignleft size-thumbnail wp-image-2487\" alt=\"\" src=\"http:\/\/tyrving.idrett.no\/10\/o\/files\/2012\/11\/Pondus-n\u00e5-skal-det-l\u00f8pes_2-103x150.jpg\" width=\"103\" height=\"150\" srcset=\"https:\/\/tyrving.idrett.no\/10\/o\/files\/2012\/11\/Pondus-n\u00e5-skal-det-l\u00f8pes_2-103x150.jpg 103w, https:\/\/tyrving.idrett.no\/10\/o\/files\/2012\/11\/Pondus-n\u00e5-skal-det-l\u00f8pes_2.jpg 206w\" sizes=\"(max-width: 103px) 100vw, 103px\" \/><\/a>TORSdager i grunntreningsperioden har Tyrving\u00a0Orientering tradisjon for en serie\u00a0gate-O-l\u00f8p. For at dere skal f\u00e5 en xtra h\u00f8ypuls\u00f8kt;\u00a0 hurtig distansetrening med trimming av aerob kapasitet, l\u00f8ps\u00f8konomi og blikket for gode veivalg.\u00a0 Bedre o-l\u00f8pe-trening f\u00e5r du ikke i vinter-B\u00e6rum!<\/p>\n<p>Gate-O-l\u00f8pene brukes ogs\u00e5 til ranking av vinterens <span style=\"color: #800000\"><strong>Gategutter &amp; Gatepiker<\/strong><\/span>, der de 5 beste ( av 8 ) l\u00f8p teller. Ogs\u00e5 2013-serien er\u00a0en samkj\u00f8ring med o-gruppa i <span style=\"color: #0000ff\"><a href=\"http:\/\/www.fossumif.no\/orientering\/1\/o-gruppa-hjem\/\" target=\"_blank\" rel=\"noopener\"><span style=\"color: #0000ff\">Fossum IF<\/span><\/a><\/span>;\u00a0 FIF\u2019en tar 2 av arrangementene og bidrar ogs\u00e5 med xtra konkurranse om heder og rankingpoeng.\u00a0Gate-O-serien er selvsagt \u00e5pen ogs\u00e5 for l\u00f8pere fra andre klubber enn Tyrving og Fossum.<\/p>\n<p>Nedenfor finner du Terminlisten (m. link til oppm\u00f8tested og resultater), <a href=\"http:\/\/tyrving.idrett.no\/10\/o\/files\/2012\/11\/Pro-Memoria-20131.doc\" target=\"_blank\" rel=\"noopener\">PM<\/a> og\u00a0 <a href=\"http:\/\/tyrving.idrett.no\/10\/o\/files\/2012\/11\/GateO-Ranking-20131.xls\" target=\"_blank\" rel=\"noopener\">Rankingliste<\/a> (m. 3 l\u00f8p).<\/p>\n<h2><span style=\"color: #800000\">Terminliste<\/span><\/h2>\n<p><span style=\"color: #000000\">Alle dager fri start fra kl.18:30\u00a0&#8211; 19:00. <\/span><\/p>\n<table border=\"1\" cellspacing=\"0\" cellpadding=\"0\">\n<tbody>\n<tr>\n<td valign=\"top\" width=\"22\"><strong>#<\/strong><\/td>\n<td valign=\"top\" width=\"81\"><strong>Dato<\/strong><\/td>\n<td valign=\"top\" width=\"192\"><strong>Sted\/ P-plass<\/strong><\/td>\n<td valign=\"top\" width=\"179\"><strong>Kart<\/strong><\/td>\n<td valign=\"top\" width=\"60\"><strong>Arr.<\/strong><\/td>\n<td valign=\"top\" width=\"80\"><strong>Resultater<\/strong><\/td>\n<\/tr>\n<tr>\n<td valign=\"top\" width=\"22\">1<\/td>\n<td valign=\"top\" width=\"81\">torsd. 29\/11<\/td>\n<td valign=\"top\" width=\"192\"><a href=\"http:\/\/kart.finn.no\/?lng=10.48035&amp;lat=59.92614&amp;tab=search&amp;zoom=17&amp;mapType=finnvector&amp;markers=10.48035,59.92614,r,TJALVES+VEI+3&amp;activetab=search\" target=\"_blank\" rel=\"noopener\">Rykkinn syd<\/a>\u00a0 (Leirduevn. P)<\/td>\n<td valign=\"top\" width=\"179\">Rykkinn (sprint)<\/td>\n<td valign=\"top\" width=\"60\">Arne T<\/td>\n<td valign=\"top\" width=\"80\">\u00a0<a href=\"http:\/\/tyrving.idrett.no\/10\/o\/2012\/12\/01\/gate-o-13-1-resultater\/\" target=\"_blank\" rel=\"noopener\">Resultater<\/a> (27 l\u00f8pere)<\/td>\n<\/tr>\n<tr>\n<td valign=\"top\" width=\"22\">2<\/td>\n<td valign=\"top\" width=\"81\">torsd. 13\/12<\/td>\n<td valign=\"top\" width=\"192\"><a href=\"http:\/\/tinyurl.com\/Gjettumskole\" target=\"_blank\" rel=\"noopener\">Gjettum skole<\/a><\/td>\n<td valign=\"top\" width=\"179\">Gjettum-Valler (sprint, nytt 2012)<\/td>\n<td valign=\"top\" width=\"60\">Arne T<\/td>\n<td valign=\"top\" width=\"80\">\u00a0<a href=\"http:\/\/tyrving.idrett.no\/10\/o\/2012\/12\/15\/gate-o-13-2-resultater\/#more-2531\" target=\"_blank\" rel=\"noopener\">Resultater<\/a> (43 l\u00f8pere)<\/td>\n<\/tr>\n<tr>\n<td valign=\"top\" width=\"22\">3<\/td>\n<td valign=\"top\" width=\"81\">torsd. 03\/01<\/td>\n<td valign=\"top\" width=\"192\"><a href=\"http:\/\/kart.finn.no\/?lng=10.48889&amp;lat=59.89730&amp;zoom=17&amp;mapType=finnvector&amp;markers=10.48889,59.89730,r,HJORTHEHAVEN+11\" target=\"_blank\" rel=\"noopener\">Emma Hjorth skole<\/a>\u00a0<\/td>\n<td valign=\"top\" width=\"179\">Bj\u00f8rneg\u00e5rd-Tanum (sprint)<\/td>\n<td valign=\"top\" width=\"60\">Arne T<\/td>\n<td valign=\"top\" width=\"80\">\u00a0<a href=\"http:\/\/tyrving.idrett.no\/10\/o\/2013\/01\/06\/gate-o-13-2-resultater-2\/\" target=\"_blank\" rel=\"noopener\">Resultater <\/a>(54 l\u00f8pere)<\/td>\n<\/tr>\n<tr>\n<td valign=\"top\" width=\"22\">4<\/td>\n<td valign=\"top\" width=\"81\">torsd. 17\/01<\/td>\n<td valign=\"top\" width=\"192\"><a href=\"http:\/\/tinyurl.com\/Oesteraas-skole\" target=\"_blank\" rel=\"noopener\">\u00d8ster\u00e5s skole<\/a><\/td>\n<td valign=\"top\" width=\"179\">\u00d8vrevoll (sprint-NM 2012)<\/td>\n<td valign=\"top\" width=\"60\">Lars Hj<\/td>\n<td valign=\"top\" width=\"80\">\u00a0<a href=\"http:\/\/tyrving.idrett.no\/10\/o\/2013\/01\/21\/gate-o-13-4-resultater\/#more-2599\" target=\"_blank\" rel=\"noopener\">Resultater<\/a> (57 l\u00f8pere)<\/td>\n<\/tr>\n<tr>\n<td valign=\"top\" width=\"22\">5<\/td>\n<td valign=\"top\" width=\"81\">torsd. 31\/01<\/td>\n<td valign=\"top\" width=\"192\"><a href=\"http:\/\/tinyurl.com\/Helgerud-kirke\" target=\"_blank\" rel=\"noopener\">Helgerud kirke<\/a>\u00a0 (Sykehuset langtids-P)<\/td>\n<td valign=\"top\" width=\"179\">Gjettum-D\u00f8nski (sprint, nytt 2012)<\/td>\n<td valign=\"top\" width=\"60\">Arne T<\/td>\n<td valign=\"top\" width=\"80\">\u00a0<a href=\"http:\/\/tyrving.idrett.no\/10\/o\/2013\/02\/01\/gate-o-13-5-resultater\/\" target=\"_blank\" rel=\"noopener\">Resultater<\/a> (41 l\u00f8pere)<\/td>\n<\/tr>\n<tr>\n<td valign=\"top\" width=\"22\">6<\/td>\n<td valign=\"top\" width=\"81\">torsd. 14\/02<\/td>\n<td valign=\"top\" width=\"192\"><a href=\"http:\/\/tinyurl.com\/Gommerudskole\" target=\"_blank\" rel=\"noopener\">Gommerud skole<\/a><\/td>\n<td valign=\"top\" width=\"179\">Rykkinn (sprint)<\/td>\n<td valign=\"top\" width=\"60\">Leif S<\/td>\n<td valign=\"top\" width=\"80\">\u00a0<a href=\"http:\/\/tyrving.idrett.no\/10\/o\/2013\/02\/28\/gate-o-13-6-resultater\/#more-2678\" target=\"_blank\" rel=\"noopener\">Resultater<\/a> (38 l\u00f8pere)<\/td>\n<\/tr>\n<tr>\n<td valign=\"top\" width=\"22\">7<\/td>\n<td valign=\"top\" width=\"81\">torsd. 28\/02<\/td>\n<td valign=\"top\" width=\"192\"><a href=\"http:\/\/tinyurl.com\/Gullhaug-skole\" target=\"_blank\" rel=\"noopener\">Gullhaug\u00a0skole<\/a><\/td>\n<td valign=\"top\" width=\"179\">B\u00e6rumsVerk (gateO)<\/td>\n<td valign=\"top\" width=\"60\">Egil E<\/td>\n<td valign=\"top\" width=\"80\">\u00a0<a href=\"http:\/\/tyrving.idrett.no\/10\/o\/2013\/03\/03\/gate-o-13-7-resultater\/#more-2703\" target=\"_blank\" rel=\"noopener\">Resultater<\/a> (33 l\u00f8pere)<\/td>\n<\/tr>\n<tr>\n<td valign=\"top\" width=\"22\">8<\/td>\n<td valign=\"top\" width=\"81\">torsd. 14\/3<\/td>\n<td valign=\"top\" width=\"192\"><span style=\"color: #ff0000\">Flyttet til:<\/span> <a href=\"http:\/\/kart.finn.no\/?lng=10.51006&amp;lat=59.90683&amp;zoom=17&amp;mapType=normap&amp;markers=10.50948,59.90692,r,Levre+skole\" target=\"_blank\" rel=\"noopener\">Levre skole<\/a> (via Levre skolevei inn fra Brynsveien)<\/td>\n<td valign=\"top\" width=\"179\">Gjettum-D\u00f8nski (sprint, nytt 2012)<\/td>\n<td valign=\"top\" width=\"60\">Arne T<\/td>\n<td valign=\"top\" width=\"80\">\u00a0<a href=\"http:\/\/tyrving.idrett.no\/10\/o\/2013\/03\/18\/gate-o-13-8-resultater\/\" target=\"_blank\" rel=\"noopener\">Resultater<\/a> (32 l\u00f8pere)<\/td>\n<\/tr>\n<\/tbody>\n<\/table>\n<p><span style=\"color: #800000\"><strong>NB:<\/strong> <\/span>Merk at vi ogs\u00e5 denne vinteren tar i bruk et par nye kart og \u00abterreng\u00bb, med\u00a0start\/m\u00e5l p\u00e5 noen nye P-plasser;\u00a0 klikk kartlinken i terminlisten !\u00a0<\/p>\n<h2><span style=\"color: #800000\">Pro Memoria\u00a0<\/span><\/h2>\n<p>\u00c5rets vinterserie\u00a0arrangeres av Tyrving og Fossum etter tradisjonell mal; dvs.\u00a0MAXI (kvalitet p\u00e5 l\u00f8yper &amp; resultater) med\u00a0MINI (arrang\u00f8rstab).\u00a0Flere instrukser for en vellykket trenings\u00f8kt finner du i vedlagte <strong><span style=\"color: #800000\">PM<\/span> &gt;&gt;<\/strong>\u00a0<strong><a href=\"http:\/\/tyrving.idrett.no\/10\/o\/files\/2012\/11\/Pro-Memoria-20131.doc\">Pro Memoria 2013<\/a>.<\/strong>\u00a0 Last ned, skriv ut, heng opp \u2013 men uansett:\u00a0LES PM f\u00f8r du drar p\u00e5 trening !<\/p>\n<p>Alle l\u00f8pene er p\u00e5 <strong>TORSdager<\/strong>, med fri starttid <strong>fra kl.18:30<\/strong> til ca 19:00.<\/p>\n<p>Husk \u00e5 ta med Emit EKT-brikke, hodelykt (kartlys er minimum) \u2013\u00a0og refleksvest el.l.\u00a0!!\u00a0 <span style=\"color: #800000\"><strong>NB:<\/strong> <em>Emit-brikker sliter i kulda;\u00a0sjekk at det er liv i batteriet ved start (se at det blinker r\u00f8dt!)\u00a0 Dessuten:\u00a0 Ta back-up tid p\u00e5 egen klokke (for hver runde). <\/em><\/span><\/p>\n<p>Det\u00a0legges normalt opp\u00a02 rundl\u00f8yper \u00e1 2,5-3 km, der Herrer, Damer og Gubber l\u00f8per begge rundene (LANG = A+B, m.kartbytte), mens Fruer og O-Ung (12-16) kan n\u00f8ye seg med \u00e9n l\u00f8ype (KORT = A).\u00a0<\/p>\n<p><span style=\"color: #800000\"><strong>NB:<\/strong><\/span> <span style=\"color: #800000\"><em>Vi oppfordrer til rask og disiplinert framferd. Men uten\u00a0\u2019hekking\u2019 og \u2018hagearbeid\u2019\u00a0p\u00e5 olivengr\u00f8nne\u00a0omr\u00e5der. Og med\u00a0xtra oppmerksomhet langs traffikerte veier:\u00a0<\/em><\/span> <strong><span style=\"color: #800000\"><em>Du er nok en harding til \u00e5 l\u00f8pe,\u00a0 men du er allikevel den mykeste trafikanten ! <\/em><\/span><\/strong><\/p>\n<h2><span style=\"color: #800000\">Ranking<\/span><\/h2>\n<p>Vi k\u00e5rer vinterens <span style=\"color: #800000\"><strong>Gategutter og Gatepiker<\/strong><\/span> i hver klasse, i hhv. LANG og\/eller KORT-l\u00f8ypa.\u00a0 Rankingen er basert p\u00e5 tids-poeng (snitt av 2 beste tider i klassen gir 1000 pt, 60% bak gir\u00a00 pt).\u00a0 K\u00e5ringen baseres i \u00e5r p\u00e5\u00a0de 5 beste ( av 8 ) l\u00f8p.<\/p>\n<p><span style=\"color: #800000\"><strong>* Her\u00a0er\u00a0rankinglisten <\/strong>(.xls) <strong>pr. 10\/1<\/strong> &gt;&gt; <a href=\"http:\/\/tyrving.idrett.no\/10\/o\/files\/2012\/11\/GateO-Ranking-20131.xls\">GateO-ranking 2013 (m. 3 l\u00f8p)<\/a>\u00a0<\/span><\/p>\n<p><span style=\"color: #800000\"><strong>PS:<\/strong> <\/span>her er (en link til) resultatene fra <a href=\"http:\/\/tyrving.idrett.no\/10\/o\/ytterligere-arkiv\/gateo-2011\/\" target=\"_blank\" rel=\"noopener\">gate-O-sesongen 2011<\/a>\u00a0\/ <a href=\"http:\/\/tyrving.idrett.no\/10\/o\/ytterligere-arkiv\/gate-o-2012\/\" target=\"_blank\" rel=\"noopener\">gate-O-sesongen 2012<\/a>.<\/p>\n<p>.\u2026<\/p>\n<p><span style=\"color: #008000\"><strong>Tips til o-ferskinger &#8211; for best treningsutbytte av gateO-\u00f8ktene <\/strong><\/span>[ Joda, dette h\u00f8res litt omstendelig ut. Men\u00a0D er\u00a0D som fungerer \u2013 derfor viktig \u00e5 trene p\u00e5, s\u00e5 du etterhvert gj\u00f8r det automatisk og kjapt \u2013 ogs\u00e5 til sommeren\u00a0\ud83d\ude09 ]\u00a0\u00a0<\/p>\n<ul>\n<li>Ta deg tid til \u00e5 <span style=\"color: #008000\"><strong>planlegge <\/strong><\/span>hele strekket \u2013 st\u00e5 stille om n\u00f8dvendig. Noen sekunder her tjener du inn med mindre feilnavigering + st\u00f8rre trygghet = st\u00f8rre fart p\u00e5 strekket.<\/li>\n<li>Ta veivalg <span style=\"color: #008000\"><strong>n\u00e6r streken <\/strong><\/span>eller med mest mulig rette linjer\/ jevne buer ut fra streken; \u201cstorslal\u00e5m\u201d er som regel den lengste veien. Og \u2013 hvis du er i tvil om veivalget \u2013 ta det enkleste langs de st\u00f8rste veiene.<\/li>\n<li>N\u00e5r strekkene blir lange \u2013 del opp veivalget ditt i enklere delstrekk, med sikre <strong><span style=\"color: #008000\">sjekkpunkter<\/span> <\/strong>underveis. Ved hvert sjekkpunkt, f\u00f8r du starter p\u00e5 neste delstrekk, skal du ha kontroll med hvor du er. Dersom du har havnet et annet sted enn planlagt, m\u00e5 du stoppe opp og lage en ny plan med nye sikre sjekkpunkt.<\/li>\n<li>N\u00e5r du vet hvor du er og hvor du skal:\u00a0 <strong><span style=\"color: #008000\">L\u00f8pe<\/span>!\u00a0 <span style=\"color: #008000\">Fort<\/span>!<\/strong><\/li>\n<\/ul>\n","protected":false},"excerpt":{"rendered":"<p>&#8230;<\/p>\n","protected":false},"author":3,"featured_media":0,"parent":0,"menu_order":4,"comment_status":"closed","ping_status":"open","template":"","meta":{"footnotes":""},"jetpack_sharing_enabled":true,"_links":{"self":[{"href":"https:\/\/tyrving.idrett.no\/10\/o\/wp-json\/wp\/v2\/pages\/2482"}],"collection":[{"href":"https:\/\/tyrving.idrett.no\/10\/o\/wp-json\/wp\/v2\/pages"}],"about":[{"href":"https:\/\/tyrving.idrett.no\/10\/o\/wp-json\/wp\/v2\/types\/page"}],"author":[{"embeddable":true,"href":"https:\/\/tyrving.idrett.no\/10\/o\/wp-json\/wp\/v2\/users\/3"}],"replies":[{"embeddable":true,"href":"https:\/\/tyrving.idrett.no\/10\/o\/wp-json\/wp\/v2\/comments?post=2482"}],"version-history":[{"count":41,"href":"https:\/\/tyrving.idrett.no\/10\/o\/wp-json\/wp\/v2\/pages\/2482\/revisions"}],"predecessor-version":[{"id":5980,"href":"https:\/\/tyrving.idrett.no\/10\/o\/wp-json\/wp\/v2\/pages\/2482\/revisions\/5980"}],"wp:attachment":[{"href":"https:\/\/tyrving.idrett.no\/10\/o\/wp-json\/wp\/v2\/media?parent=2482"}],"curies":[{"name":"wp","href":"https:\/\/api.w.org\/{rel}","templated":true}]}}