{"id":2831,"date":"2013-04-15T21:59:31","date_gmt":"2013-04-15T20:59:31","guid":{"rendered":"http:\/\/tyrving.idrett.no\/10\/o\/?page_id=2831"},"modified":"2026-03-22T13:10:53","modified_gmt":"2026-03-22T12:10:53","slug":"klaer","status":"publish","type":"page","link":"https:\/\/tyrving.idrett.no\/10\/o\/klaer\/","title":{"rendered":"Kl\u00e6r"},"content":{"rendered":"<div><strong>Nettbutikk &#8211; Trimtex<\/strong><\/div>\n<div>Vi har Trimtex som klesleverand\u00f8r, og salg foreg\u00e5r i nettbutikken p\u00e5 deres hjemmeside. Teamshop for v\u00e5re medlemmer er \u00e5pen 3 ganger \u00e5rlig, eventuelt ogs\u00e5 ved behov.<\/div>\n<div><\/div>\n<div>F\u00f8lg med p\u00e5 Tyrving IL Orientering sin Facebookgruppe: <a href=\"https:\/\/www.facebook.com\/groups\/297151243702163\">https:\/\/www.facebook.com\/groups\/297151243702163<\/a>\u00a0og p\u00e5 hjemmesiden for \u00e5 se n\u00e5r nettbutikken er aktiv!<\/div>\n<div><\/div>\n<div>Hvis du \u00f8nsker \u00e5 se hvordan t\u00f8yet ser ut kan du kikke p\u00e5 dette i nettbutikken via lenken:<\/div>\n<div><a href=\"https:\/\/trimtex.no\/no\/search?cgid=TS0001913\">https:\/\/trimtex.no\/no\/search?cgid=TS0001913<\/a><\/div>\n<div><span style=\"text-decoration: underline;\">Noen bilder fra tidligere kolleksjon:<\/span><\/div>\n<div><\/div>\n<div><img decoding=\"async\" loading=\"lazy\" class=\"alignnone wp-image-4387\" src=\"http:\/\/tyrving.idrett.no\/10\/o\/files\/2018\/10\/Jakke-300x250.png\" alt=\"\" width=\"146\" height=\"122\" srcset=\"https:\/\/tyrving.idrett.no\/10\/o\/files\/2018\/10\/Jakke-300x250.png 300w, https:\/\/tyrving.idrett.no\/10\/o\/files\/2018\/10\/Jakke-150x125.png 150w, https:\/\/tyrving.idrett.no\/10\/o\/files\/2018\/10\/Jakke-600x500.png 600w, https:\/\/tyrving.idrett.no\/10\/o\/files\/2018\/10\/Jakke.png 650w\" sizes=\"(max-width: 146px) 100vw, 146px\" \/>\u00a0<img decoding=\"async\" loading=\"lazy\" class=\"alignnone wp-image-4389\" src=\"http:\/\/tyrving.idrett.no\/10\/o\/files\/2018\/10\/Tr\u00f8ye-300x290.png\" alt=\"\" width=\"123\" height=\"119\" srcset=\"https:\/\/tyrving.idrett.no\/10\/o\/files\/2018\/10\/Tr\u00f8ye-300x290.png 300w, https:\/\/tyrving.idrett.no\/10\/o\/files\/2018\/10\/Tr\u00f8ye-150x145.png 150w, https:\/\/tyrving.idrett.no\/10\/o\/files\/2018\/10\/Tr\u00f8ye-600x580.png 600w, https:\/\/tyrving.idrett.no\/10\/o\/files\/2018\/10\/Tr\u00f8ye.png 650w\" sizes=\"(max-width: 123px) 100vw, 123px\" \/> <img decoding=\"async\" loading=\"lazy\" class=\"alignnone wp-image-4390\" src=\"http:\/\/tyrving.idrett.no\/10\/o\/files\/2018\/10\/Tskjorte-300x291.jpg\" alt=\"\" width=\"111\" height=\"107\" srcset=\"https:\/\/tyrving.idrett.no\/10\/o\/files\/2018\/10\/Tskjorte-300x291.jpg 300w, https:\/\/tyrving.idrett.no\/10\/o\/files\/2018\/10\/Tskjorte-150x145.jpg 150w, https:\/\/tyrving.idrett.no\/10\/o\/files\/2018\/10\/Tskjorte-768x744.jpg 768w, https:\/\/tyrving.idrett.no\/10\/o\/files\/2018\/10\/Tskjorte-1024x992.jpg 1024w, https:\/\/tyrving.idrett.no\/10\/o\/files\/2018\/10\/Tskjorte-600x581.jpg 600w, https:\/\/tyrving.idrett.no\/10\/o\/files\/2018\/10\/Tskjorte.jpg 1500w\" sizes=\"(max-width: 111px) 100vw, 111px\" \/><img decoding=\"async\" loading=\"lazy\" class=\"alignnone wp-image-4385\" src=\"http:\/\/tyrving.idrett.no\/10\/o\/files\/2018\/10\/Bukse-300x294.png\" alt=\"\" width=\"113\" height=\"111\" srcset=\"https:\/\/tyrving.idrett.no\/10\/o\/files\/2018\/10\/Bukse-300x294.png 300w, https:\/\/tyrving.idrett.no\/10\/o\/files\/2018\/10\/Bukse-150x147.png 150w, https:\/\/tyrving.idrett.no\/10\/o\/files\/2018\/10\/Bukse-600x588.png 600w, https:\/\/tyrving.idrett.no\/10\/o\/files\/2018\/10\/Bukse.png 650w\" sizes=\"(max-width: 113px) 100vw, 113px\" \/><img decoding=\"async\" loading=\"lazy\" class=\"alignnone wp-image-4388\" src=\"http:\/\/tyrving.idrett.no\/10\/o\/files\/2018\/10\/Lue.png\" alt=\"\" width=\"107\" height=\"99\" srcset=\"https:\/\/tyrving.idrett.no\/10\/o\/files\/2018\/10\/Lue.png 235w, https:\/\/tyrving.idrett.no\/10\/o\/files\/2018\/10\/Lue-150x139.png 150w\" sizes=\"(max-width: 107px) 100vw, 107px\" \/><\/div>\n<div><strong>Kontaktperson:<\/strong><br \/>\nSolveig Sikkeland &#8211; solveig@sikkeland.no &#8211; 90088133<\/div>\n","protected":false},"excerpt":{"rendered":"<p>&#8230;<\/p>\n","protected":false},"author":3,"featured_media":0,"parent":0,"menu_order":0,"comment_status":"closed","ping_status":"open","template":"","meta":{"footnotes":""},"jetpack_sharing_enabled":true,"_links":{"self":[{"href":"https:\/\/tyrving.idrett.no\/10\/o\/wp-json\/wp\/v2\/pages\/2831"}],"collection":[{"href":"https:\/\/tyrving.idrett.no\/10\/o\/wp-json\/wp\/v2\/pages"}],"about":[{"href":"https:\/\/tyrving.idrett.no\/10\/o\/wp-json\/wp\/v2\/types\/page"}],"author":[{"embeddable":true,"href":"https:\/\/tyrving.idrett.no\/10\/o\/wp-json\/wp\/v2\/users\/3"}],"replies":[{"embeddable":true,"href":"https:\/\/tyrving.idrett.no\/10\/o\/wp-json\/wp\/v2\/comments?post=2831"}],"version-history":[{"count":57,"href":"https:\/\/tyrving.idrett.no\/10\/o\/wp-json\/wp\/v2\/pages\/2831\/revisions"}],"predecessor-version":[{"id":5586,"href":"https:\/\/tyrving.idrett.no\/10\/o\/wp-json\/wp\/v2\/pages\/2831\/revisions\/5586"}],"wp:attachment":[{"href":"https:\/\/tyrving.idrett.no\/10\/o\/wp-json\/wp\/v2\/media?parent=2831"}],"curies":[{"name":"wp","href":"https:\/\/api.w.org\/{rel}","templated":true}]}}