{"id":3054,"date":"2013-11-24T22:32:03","date_gmt":"2013-11-24T21:32:03","guid":{"rendered":"http:\/\/tyrving.idrett.no\/10\/o\/?page_id=3054"},"modified":"2026-03-22T13:11:19","modified_gmt":"2026-03-22T12:11:19","slug":"gate-o-2014","status":"publish","type":"page","link":"https:\/\/tyrving.idrett.no\/10\/o\/gate-o-2014\/","title":{"rendered":"Gate-O 2014"},"content":{"rendered":"<p>Vi f\u00f8lger opp tradisjonen og arrangerer en serie med Gate-O-l\u00f8p ogs\u00e5 denne vinteren, se terminliste nedenfor. Her f\u00e5r dere en ekstra h\u00f8ypuls\u00f8kt; hurtig distansetrening med trimming av aerob kapasitet, l\u00f8ps\u00f8konomi og blikket for gode veivalg. Bedre o-l\u00f8pe-trening f\u00e5r du ikke i vinter-B\u00e6rum. Som i fjor er Fossum IF med p\u00e5 laget og arrangerer to av de \u00e5tte l\u00f8pene, og i \u00e5r er ogs\u00e5 Asker SK med og arrangerer 2 l\u00f8p. Gate-O l\u00f8pene er ogs\u00e5 \u00e5pne for l\u00f8pere fra andre klubber. Ekstra konkurranse og dermed mer prestisje er bra. For \u00e5 dimensjonere antall kart vil vi helst at alle melder seg p\u00e5 via Eventor (treningsl\u00f8p) i forkant, men det er mulighet for etteranmeldning p\u00e5 stedet s\u00e5 lenge det er kart. <b>NB:<\/b> <i>Arrangementet synes i Eventor n\u00e5r du huker av for \u201dvis treninger\u201d i Kategoriboksen rett nedenfor valg av \u00e5rstall. <\/i>Avgift kr 20 til karttrykk og plastlommer. Asker-, Fossum- og Tyrvingl\u00f8pere trenger ikke betale p\u00e5 stedet. L\u00f8pere fra andre klubber betaler kontant ved oppm\u00f8te.<\/p>\n<p>Gate-O-l\u00f8pene brukes ogs\u00e5 til ranking av vinterens <b>Gategutter &amp; Gatepiker<\/b> i hver klasse, hhv kort l\u00f8ype (en runde, ca 3 km) og lang l\u00f8ype (to runder, ca 6 km), der 5 av de 8 l\u00f8pene teller i sammendraget.<\/p>\n<p><b>Terminliste<\/b><\/p>\n<div align=\"center\">\n<table border=\"1\" cellspacing=\"0\" cellpadding=\"0\">\n<tbody>\n<tr>\n<td valign=\"top\" width=\"24\"><b>#<\/b><\/td>\n<td valign=\"top\" width=\"72\"><b>Dato<\/b><\/td>\n<td valign=\"top\" width=\"151\"><b>Sted\/ P-plass<\/b><\/td>\n<td valign=\"top\" width=\"151\"><b>Arr.<\/b><\/td>\n<td valign=\"top\" width=\"76\"><\/td>\n<td valign=\"top\" width=\"85\"><\/td>\n<td valign=\"top\" width=\"85\"><\/td>\n<\/tr>\n<tr>\n<td valign=\"top\" width=\"24\">1<\/td>\n<td valign=\"top\" width=\"72\">tors. 28\/11<\/td>\n<td valign=\"top\" width=\"151\"><a href=\"http:\/\/kart.finn.no\/?lng=10.47815&amp;lat=59.92912&amp;zoom=17&amp;mapType=normap&amp;markers=10.47579,59.92929,g,Gate-O+nr+1+2014%7C10.47308,59.92923,r,Brukerdefinert\" target=\"_blank\" rel=\"noopener\"><b>Rykkinnhallen<\/b><\/a><b><\/b><\/td>\n<td valign=\"top\" width=\"151\">Egil E, IL Tyrving<\/td>\n<td valign=\"top\" width=\"76\"><a href=\"http:\/\/eventor.orientering.no\/Events\/Show\/3709\"><b>P\u00e5melding<\/b><\/a><\/td>\n<td valign=\"top\" width=\"85\"><\/td>\n<td valign=\"top\" width=\"85\"><a href=\"http:\/\/brikkesys.no\/result.php?id=1150\"><b>Resultater<\/b><\/a><b><\/b><\/td>\n<\/tr>\n<tr>\n<td valign=\"top\" width=\"24\">2<\/td>\n<td valign=\"top\" width=\"72\">tors. 12\/12<\/td>\n<td valign=\"top\" width=\"151\"><a href=\"http:\/\/kart.finn.no\/?lng=10.49489&amp;lat=59.89704&amp;zoom=16&amp;mapType=normap&amp;markers=10.48883,59.89749,g,Gate-O+nr+2%7C10.49440,59.89642,r,Brukerdefinert\"><b>Emma Hjort<\/b><\/a><\/td>\n<td valign=\"top\" width=\"151\">Eivind H, IL Tyrving<\/td>\n<td valign=\"top\" width=\"76\"><a href=\"http:\/\/eventor.orientering.no\/Events\/Show\/3710\"><b>P\u00e5melding<\/b><\/a><\/td>\n<td valign=\"top\" width=\"85\"><a href=\"http:\/\/tmsw.no\/qr\/map_images\/905.blank.jpg\"><b>Kart<\/b><\/a><\/td>\n<td valign=\"top\" width=\"85\"><a href=\"http:\/\/brikkesys.no\/result.php?id=1154\"><b>Resultater<\/b><\/a><\/td>\n<\/tr>\n<tr>\n<td valign=\"top\" width=\"24\">3<\/td>\n<td valign=\"top\" width=\"72\">tors. 16\/1<\/td>\n<td valign=\"top\" width=\"151\"><a href=\"http:\/\/kart.finn.no\/?lng=10.51538&amp;lat=59.90176&amp;zoom=17&amp;mapType=normap&amp;markers=10.51426,59.90208,g,Gate-O+nr+3\" target=\"_blank\" rel=\"noopener\"><b>Helgerud kirke<\/b><\/a><b><\/b><\/td>\n<td valign=\"top\" width=\"151\">Arne T, IL Tyrving<\/td>\n<td valign=\"top\" width=\"76\"><a href=\"http:\/\/eventor.orientering.no\/Events\/Show\/3711\"><b>P\u00e5melding<\/b><\/a><\/td>\n<td valign=\"top\" width=\"85\"><\/td>\n<td valign=\"top\" width=\"85\"><a href=\"http:\/\/brikkesys.no\/result.php?id=1157\"><b>Resultater<\/b><\/a><\/td>\n<\/tr>\n<tr>\n<td valign=\"top\" width=\"24\">4<\/td>\n<td valign=\"top\" width=\"72\">tors. 30\/1<\/td>\n<td valign=\"top\" width=\"151\"><a href=\"http:\/\/kart.finn.no\/?lng=10.61938&amp;lat=59.94682&amp;zoom=18&amp;mapType=normap&amp;markers=10.61924,59.94673,g,Gate-O+nr+4\"><b>Eiksmarka Bibliotek<\/b><\/a><b><\/b><\/td>\n<td valign=\"top\" width=\"151\">Fossum IF<\/td>\n<td valign=\"top\" width=\"76\"><a href=\"http:\/\/eventor.orientering.no\/Events\/Show\/3713\"><b>P\u00e5melding<\/b><\/a><\/td>\n<td valign=\"top\" width=\"85\"><\/td>\n<td valign=\"top\" width=\"85\"><a href=\"http:\/\/brikkesys.no\/result.php?id=1164\"><b>Resultater<\/b><\/a><\/td>\n<\/tr>\n<tr>\n<td valign=\"top\" width=\"24\">5<\/td>\n<td valign=\"top\" width=\"72\">tors. 13\/2<\/td>\n<td valign=\"top\" width=\"151\"><a href=\"http:\/\/kart.finn.no\/?lng=10.42714&amp;lat=59.83534&amp;zoom=14&amp;mapType=normap&amp;markers=10.42732,59.83551,g,Gate-O+nr+5+og+7\"><b>F\u00f8yka<\/b><\/a><\/td>\n<td valign=\"top\" width=\"151\">Asker SK<\/td>\n<td valign=\"top\" width=\"76\"><a href=\"http:\/\/eventor.orientering.no\/Events\/Show\/3912\"><b>P\u00e5melding<\/b><\/a><\/td>\n<td valign=\"top\" width=\"85\"><\/td>\n<td valign=\"top\" width=\"85\"><a href=\"http:\/\/brikkesys.no\/result.php?id=1171\"><b>Resultater<\/b><\/a><\/td>\n<\/tr>\n<tr>\n<td valign=\"top\" width=\"24\">6<\/td>\n<td valign=\"top\" width=\"72\">tors. 6\/3<\/td>\n<td valign=\"top\" width=\"151\"><a href=\"http:\/\/kart.finn.no\/?lng=10.58869&amp;lat=59.92148&amp;zoom=16&amp;mapType=normap&amp;markers=10.58769,59.92257,r,Bekkestua+skole\"><b>Bekkestua \u00a0 Skole<\/b><\/a><b><\/b><\/td>\n<td valign=\"top\" width=\"151\">Fossum IF<\/td>\n<td valign=\"top\" width=\"76\"><a href=\"http:\/\/eventor.orientering.no\/Entry?eventId=3913\"><b>P\u00e5melding<\/b><\/a><\/td>\n<td valign=\"top\" width=\"85\"><a href=\"http:\/\/tyrving.idrett.no\/10\/o\/2014\/03\/12\/resultater-gate-o-nr-6-bekkestua-skole\/\"><b>Kart<\/b><\/a><\/td>\n<td valign=\"top\" width=\"85\"><a href=\"http:\/\/tyrving.idrett.no\/10\/o\/2014\/03\/12\/resultater-gate-o-nr-6-bekkestua-skole\/\"><b>Resultater<\/b><\/a><\/td>\n<\/tr>\n<tr>\n<td valign=\"top\" width=\"24\">7<\/td>\n<td valign=\"top\" width=\"72\">tors. 27\/3<\/td>\n<td valign=\"top\" width=\"151\"><a href=\"http:\/\/kart.finn.no\/?lng=10.48730&amp;lat=59.84210&amp;zoom=14&amp;mapType=normap&amp;markers=10.48795,59.84258,g,Gate-O+nr+7\"><b>NB: Endret til Hvalstrand<\/b><\/a><\/td>\n<td valign=\"top\" width=\"151\">Asker SK<\/td>\n<td valign=\"top\" width=\"76\"><a href=\"http:\/\/eventor.orientering.no\/Entry?eventId=3914\"><b>P\u00e5melding<\/b><\/a><\/td>\n<td valign=\"top\" width=\"85\"><\/td>\n<td valign=\"top\" width=\"85\"><a href=\"http:\/\/brikkesys.no\/result.php?id=1177\"><b>Resultater<\/b><\/a><\/td>\n<\/tr>\n<tr>\n<td valign=\"top\" width=\"24\">8<\/td>\n<td valign=\"top\" width=\"72\">tors. 10\/4<\/td>\n<td valign=\"top\" width=\"151\"><a href=\"http:\/\/kart.finn.no\/?lng=10.57119&amp;lat=59.88959&amp;zoom=17&amp;mapType=normap&amp;markers=10.56948,59.88951,g,Gate-O+nr+8\"><b>H\u00f8vikbanen<\/b><\/a><b><\/b><\/td>\n<td valign=\"top\" width=\"151\">IL Tyrving<\/td>\n<td valign=\"top\" width=\"76\"><a href=\"http:\/\/eventor.orientering.no\/Events\/Show\/4176\"><b>P\u00e5melding<\/b><\/a><\/td>\n<td valign=\"top\" width=\"85\"><\/td>\n<td valign=\"top\" width=\"85\"><a href=\"http:\/\/brikkesys.no\/result.php?id=1186\"><b>Resultater<\/b><\/a><\/td>\n<\/tr>\n<\/tbody>\n<\/table>\n<\/div>\n<p>Kartlink til samlingsplass i terminlisten (se etter mark\u00f8r p\u00e5 kartet) evt se Eventor<\/p>\n<p>Ranking etter Finalen (8 av 8 l\u00f8p &#8211; der 5 teller i sammendraget): <a href=\"http:\/\/tyrving.idrett.no\/10\/o\/files\/2013\/11\/Ranking-Gate-O-2014.xlsx\">Ranking Gate-O 2014<\/a><\/p>\n<p><b>PM<\/b><\/p>\n<p>\u00c5rets vinterserie arrangeres etter tradisjonell mal, dvs bra kvalitet med minimal arrang\u00f8rstab. Ved behov vil spesifikt PM offentliggj\u00f8res i forkant av hvert l\u00f8p. For alle l\u00f8p gjelder:<\/p>\n<p>L\u00f8pene er p\u00e5 torsdager, med fri starttid <b>fra kl. 18:00\/18:30<\/b> til ca 18:30\/19:00. NB: Pga m\u00f8rket er l\u00f8p nr 7 fremskyndet til kl 18:00 \u2013 <strong>NB 2: I l\u00f8p nr 8 blir det fellesstart, oppm\u00f8te kl 18:00.<\/strong><\/p>\n<p>Husk \u00e5 ta med Emit EKT-brikke, hodelykt (kartlys er minimum) \u2013 og refleksvest el.l. !! <b>NB:<\/b> <i>Emit-brikker sliter i kulda; sjekk at det er liv i batteriet ved start (se at det blinker r\u00f8dt!) Dessuten: Ta gjerne back-up tid p\u00e5 egen klokke (for hver runde). <\/i><\/p>\n<p>Det legges normalt opp 2 rundl\u00f8yper \u00e1 2,5-3 km, der de yngste\/eldste kan l\u00f8pe bare A-runden dersom de \u00f8nsker det. Vanskelighetsgraden skal v\u00e6re slik at det er mulig for alle \u00e5 finne frem. Stipulert vinnertid for H-elite skal v\u00e6re 30-35 minutter samlet for begge rundene. <em><strong>NB: I l\u00f8p nr 7 og 8 blir det egen N\/C l\u00f8ype<\/strong><\/em>.<\/p>\n<p><b>NB:<\/b> <i>Vi oppfordrer til rask og disiplinert framferd. Olivengr\u00f8nne omr\u00e5der er private hager mv og der skal man selvsagt IKKE l\u00f8pe. V\u00e6r oppmerksom langs trafikkerte veier, i kollisjon med bil kommer du til kort. <\/i><\/p>\n<p>.\u2026<\/p>\n<p><b>Tips til o-ferskinger \u2013 for best treningsutbytte av gate-O-\u00f8ktene <\/b>[ Joda, dette h\u00f8res litt omstendelig ut. Men D er D som fungerer \u2013 derfor viktig \u00e5 trene p\u00e5, s\u00e5 du etterhvert gj\u00f8r det automatisk og kjapt \u2013 ogs\u00e5 til sommeren \ud83d\ude09 ]<\/p>\n<ul>\n<li>Ta deg tid til \u00e5 <b>planlegge <\/b>hele strekket \u2013 st\u00e5 stille om n\u00f8dvendig. Noen\u00a0sekunder her tjener du inn med mindre feilnavigering + st\u00f8rre trygghet =\u00a0st\u00f8rre fart p\u00e5 strekket.<\/li>\n<li>Ta veivalg <b>n\u00e6r streken <\/b>eller med mest mulig rette linjer\/ jevne buer\u00a0ut fra streken; \u201cstorslal\u00e5m\u201d er som regel den lengste veien. Og \u2013 hvis du er i tvil om hva som er riktig veivalg \u2013 ta det enkleste langs de st\u00f8rste veiene.<\/li>\n<li>N\u00e5r strekkene blir lange \u2013 del opp veivalget ditt i enklere delstrekk, med sikre <b>sjekkpunkter<\/b><b> <\/b>underveis. Ved hvert sjekkpunkt, f\u00f8r du\u00a0starter p\u00e5 neste delstrekk, skal du ha kontroll med hvor du er. Dersom du\u00a0har havnet et annet sted enn planlagt, m\u00e5 du stoppe opp og lage en ny plan\u00a0med nye sikre sjekkpunkt.<\/li>\n<li>N\u00e5r du vet hvor du er og\u00a0hvor du skal: <b>L\u00f8pe<\/b><b>! <\/b><b>Fort<\/b><b>! <\/b><\/li>\n<\/ul>\n","protected":false},"excerpt":{"rendered":"<p>&#8230;<\/p>\n","protected":false},"author":16,"featured_media":0,"parent":0,"menu_order":3,"comment_status":"closed","ping_status":"open","template":"","meta":{"footnotes":""},"jetpack_sharing_enabled":true,"_links":{"self":[{"href":"https:\/\/tyrving.idrett.no\/10\/o\/wp-json\/wp\/v2\/pages\/3054"}],"collection":[{"href":"https:\/\/tyrving.idrett.no\/10\/o\/wp-json\/wp\/v2\/pages"}],"about":[{"href":"https:\/\/tyrving.idrett.no\/10\/o\/wp-json\/wp\/v2\/types\/page"}],"author":[{"embeddable":true,"href":"https:\/\/tyrving.idrett.no\/10\/o\/wp-json\/wp\/v2\/users\/16"}],"replies":[{"embeddable":true,"href":"https:\/\/tyrving.idrett.no\/10\/o\/wp-json\/wp\/v2\/comments?post=3054"}],"version-history":[{"count":26,"href":"https:\/\/tyrving.idrett.no\/10\/o\/wp-json\/wp\/v2\/pages\/3054\/revisions"}],"predecessor-version":[{"id":5979,"href":"https:\/\/tyrving.idrett.no\/10\/o\/wp-json\/wp\/v2\/pages\/3054\/revisions\/5979"}],"wp:attachment":[{"href":"https:\/\/tyrving.idrett.no\/10\/o\/wp-json\/wp\/v2\/media?parent=3054"}],"curies":[{"name":"wp","href":"https:\/\/api.w.org\/{rel}","templated":true}]}}