{"id":4266,"date":"2018-10-10T20:44:57","date_gmt":"2018-10-10T19:44:57","guid":{"rendered":"http:\/\/tyrving.idrett.no\/10\/o\/?page_id=4266"},"modified":"2026-03-22T13:10:53","modified_gmt":"2026-03-22T12:10:53","slug":"sportslig","status":"publish","type":"page","link":"https:\/\/tyrving.idrett.no\/10\/o\/sportslig\/","title":{"rendered":"Sportslig"},"content":{"rendered":"<p>Tyrving jobber for \u00e5 v\u00e6re en ledende klubb innenfor orienteringssporten. Det jobbes for \u00e5 ha et godt sportslig tilbud for b\u00e5de bredde og elite. Sammen er det dette som resulterer i en vellykket sportslig satsning.<\/p>\n<p><strong>Sportslig leder<\/strong><br \/>\nAre Kristiansen \u2013 arek@online.no \u2013 mob. 90698932<\/p>\n<p><strong>Trener<\/strong><br \/>\nIvar Lundanes \u2013 ivarlundanes@gmail.com \u2013 mob. 97645510<\/p>\n<p><strong>Frivillige ressurspersoner som bidrar med ulike sportslige oppgaver:<\/strong><\/p>\n<ul>\n<li>Nora Skauen \u2013 oppkvinne juniorer, innpisk og sosiale bidrag.<\/li>\n<li>Nils Erik Hirsch \u2013 oppmann ungdom, innpisk og sosiale bidrag.<\/li>\n<li>\u00c5dne Skj\u00e6rstein \u2013 hovedtrener for rekrutter i 2022.<\/li>\n<li>Eivind Hoff og Arne Tiltnes \u2013 UK herrer, og coaching stafettlag store stafetter (10, Jukola, NM).<\/li>\n<li>Marianne Nj\u00e5stein \u2013UK og innpisker damer senior\/junior.<\/li>\n<\/ul>\n","protected":false},"excerpt":{"rendered":"<p>&#8230;<\/p>\n","protected":false},"author":40,"featured_media":0,"parent":0,"menu_order":0,"comment_status":"closed","ping_status":"closed","template":"","meta":{"footnotes":""},"jetpack_sharing_enabled":true,"_links":{"self":[{"href":"https:\/\/tyrving.idrett.no\/10\/o\/wp-json\/wp\/v2\/pages\/4266"}],"collection":[{"href":"https:\/\/tyrving.idrett.no\/10\/o\/wp-json\/wp\/v2\/pages"}],"about":[{"href":"https:\/\/tyrving.idrett.no\/10\/o\/wp-json\/wp\/v2\/types\/page"}],"author":[{"embeddable":true,"href":"https:\/\/tyrving.idrett.no\/10\/o\/wp-json\/wp\/v2\/users\/40"}],"replies":[{"embeddable":true,"href":"https:\/\/tyrving.idrett.no\/10\/o\/wp-json\/wp\/v2\/comments?post=4266"}],"version-history":[{"count":7,"href":"https:\/\/tyrving.idrett.no\/10\/o\/wp-json\/wp\/v2\/pages\/4266\/revisions"}],"predecessor-version":[{"id":5264,"href":"https:\/\/tyrving.idrett.no\/10\/o\/wp-json\/wp\/v2\/pages\/4266\/revisions\/5264"}],"wp:attachment":[{"href":"https:\/\/tyrving.idrett.no\/10\/o\/wp-json\/wp\/v2\/media?parent=4266"}],"curies":[{"name":"wp","href":"https:\/\/api.w.org\/{rel}","templated":true}]}}