{"id":4289,"date":"2018-10-10T21:21:56","date_gmt":"2018-10-10T20:21:56","guid":{"rendered":"http:\/\/tyrving.idrett.no\/10\/o\/?page_id=4289"},"modified":"2026-03-22T13:10:53","modified_gmt":"2026-03-22T12:10:53","slug":"tyrving-orientering","status":"publish","type":"page","link":"https:\/\/tyrving.idrett.no\/10\/o\/tyrving-orientering\/","title":{"rendered":"Tyrving Orientering"},"content":{"rendered":"<p><a href=\"http:\/\/kart.finn.no?lng=10.528426345116&amp;lat=59.889020539397&amp;zoom=16&amp;mapType=finnhybrid&amp;WT.mc_id=hp_map_cb&amp;title=IL Tyrvings klubbhus&amp;showPin=true\"><img decoding=\"async\" src=\"http:\/\/kart.finn.no\/map\/image?lat=59.88902&amp;lng=10.52843&amp;mapType=norwayHybrid&amp;height=150&amp;width=150&amp;zoom=16&amp;title=IL+Tyrvings+klubbhus&amp;showPin=on&amp;key=cddeae236f54783d143b9e02619ab6a8\" alt=\"\" align=\"right\" border=\"0\" \/><\/a>\u00a0<strong>IL Tyrving<\/strong> er en av Norges fremste orienteringsklubber, med tilholdssted i B\u00e6rum vest for Oslo, med <a href=\"http:\/\/kart.finn.no\/?lng=10.52530&amp;lat=59.88913&amp;tab=search&amp;zoom=15&amp;mapType=finnhybrid&amp;markers=10.52836,59.88902,r,IL+Tyrvings+klubbhus&amp;activetab=search\" target=\"_blank\" rel=\"noopener\">klubbhus p\u00e5 Kadettangen<\/a>, og med Vestmarka og Krokskogen som &laquo;hjemmebane&raquo;.\u00a0 Tyrving er en komplett o-klubb, med stor aktivitet hele \u00e5ret for b\u00e5de bredde og elite, gjennom hele &laquo;livsl\u00f8pet&raquo;\u00a0 rekrutt &gt; ungdom &gt; junior &gt; senior &gt; veteran.<\/p>\n<p><strong>Bredde:<\/strong> P\u00e5 90-tallet tok Tyrving tre seire og flere topp 3 plasseringer i den nasjonale &laquo;lag-o-cupen&raquo;, noe som gjenspeiler den gode bredden klubben lenge har hatt. Vi har en jevnt god rekruttering, anerkjent med o-idrettens rekrutteringspris 2011, og\u00a0klarer \u00e5 holde mange i treningsmilj\u00f8et opp til og gjennom junioralder.\u00a0De seinere \u00e5rene har Tyrving alltid hevdet seg i teten i &#8217;15-stafetten&#8217;, som er den store breddekonkurransen p\u00e5 \u00d8stlandet, og\u00a0har ogs\u00e5 v\u00e6rt blant de\u00a025 beste i den tilsvarende nordiske stafetten, svenske &#8217;25-manna&#8217;.<\/p>\n<p><strong>Elite:<\/strong> Etter \u00e5rhundreskiftet var Tyrving en\u00a0ledende juniorklubb, med jnr.NM-medaljer (individuelt &amp; stafett) og jnr.landslagsoppgaver for flere av v\u00e5re gutter og jenter.\u00a0 Flere\u00a0juniorer har etter hvert tatt steget opp fra junior til seniorelite, og Tyrving kjemper n\u00e5\u00a0i toppen blant seniorene.<\/p>\n<p>Tyrvings\u00a0&#8216;flaggskip&#8217; p.t. er <em>herrenes stafettlag<\/em>\u00a0som etter s\u00f8lv i 2005 har hentet hjem 5 NM-gull i 2007 &#8211; 2008 &#8212; 2012 &#8211; 2013 &#8211; 2014, samt bronse i 2015. I tillegg har vi hatt 5 ganger hatt 2 lag topp10, i 2007-2010-2011-2012-2013.\u00a0 Elitelaget har ogs\u00e5 vist internasjonale topprestasjoner 2009-2016 i Jukola (nr. 16\u00a0&gt; 6!\u00a0&gt; 11\u00a0&gt; 11\u00a0&gt; 5! &gt; 28 &gt; 14 &gt; 49)\u00a0og 10MILA (nr. 27\u00a0&gt; 12\u00a0&gt; 23\u00a0&gt; 24\u00a0&gt; 27 &gt; 14 &gt; 6! &gt; 14).<\/p>\n<p>Flere E-l\u00f8pere hevder seg dessuten i topp10 p\u00e5 norske elitestevner;\u00a0 bl.a. har <em>Bj\u00f8rn Ekeberg, <\/em><em><a href=\"http:\/\/runners.worldofo.com\/torgeirnorbech.html\">Torgeir N\u00f8rbech<\/a>,\u00a0<\/em><em>Anders Tiltnes<\/em>\u00a0og<em> Betty Ann Bjerkreim Nilsen\u00a0<\/em>tatt individuelle NM-medaljer de siste 5-6 \u00e5rene.<\/p>\n<p>Foruten norske landslagsaspiranter som <em><a href=\"http:\/\/www.orientering.no\/landslag\/orientering\/Sider\/Bj\u00f8rnEkeberg.aspx\" target=\"_blank\" rel=\"noopener\">Bj\u00f8rn Ekeberg<\/a><\/em>\u00a0og\u00a0<a href=\"http:\/\/runners.worldofo.com\/torgeirnorbech.html\" target=\"_blank\" rel=\"noopener\"><em>Torgeir N\u00f8rbech<\/em><\/a>\u00a0inng\u00e5r ogs\u00e5 landslagsl\u00f8pere for Sveits (<em><a href=\"http:\/\/runners.worldofo.com\/matthiaskyburz.html\" target=\"_blank\" rel=\"noopener\">Matthias Kyburz<\/a><\/em> og <em><a href=\"http:\/\/runners.worldofo.com\/andreaskyburz.html\" target=\"_blank\" rel=\"noopener\">Andreas Kyburz<\/a><\/em>), Polen (<em><a href=\"http:\/\/runners.worldofo.com\/wojciechkowalski.html\" target=\"_blank\" rel=\"noopener\">Wojciech Kowalski<\/a><\/em>)\u00a0og Storbritannia (<a href=\"http:\/\/runners.worldofo.com\/tessahill.html\" target=\"_blank\" rel=\"noopener\"><em>Tessa Strain<\/em><\/a>) i TET-stallen.<\/p>\n<h3><span style=\"color: #800080\">E-postlister<\/span><\/h3>\n<div>Foruten denne nettsiden, og noen mer uformelle Facebook-grupper,\u00a0bruker Tyrving Orientering i hovedsak e-post til informasjon om aktiviteter og kontakt mellom medlemmene og tillitsvalgte.<\/div>\n<div>Vi har\u00a0p.t. <span style=\"color: #000000\"><strong>3<\/strong><\/span> e-postlister som sikrer at Tyrving-medlemmer alltid er ajour.\u00a0Merk at for \u00e5 sende\u00a0o-mail via en av\u00a0listene m\u00e5 mail-adressen din\u00a0v\u00e6re registrert p\u00e5 listen.<\/div>\n<ul>\n<li>&#8216;<strong>o-Alle<\/strong>&#8216; for almen info til aktive voksne medlemmer (17+),<\/li>\n<li>&#8216;<strong>o-Ung<\/strong>&#8216; for info spesielt til yngre l\u00f8pere (11-18) og\/eller deres foresatte (VIP = Very Interested Parents)<\/li>\n<li>&#8216;<strong>o-TET<\/strong>&#8216;\u00a0for info spesielt til aktive seniorer og juniorer, av b\u00e5de &#8216;elite og &#8216;easy&#8217; kategori (tidligere &#8216;o-onsdag&#8217;)<\/li>\n<\/ul>\n<div><span style=\"color: #800000\"><strong>NB! <\/strong>(lenker korrigert pr. 30.07.2013)<strong>: <\/strong><\/span>For \u00e5\u00a0 se\/ korrigere adresser p\u00e5 listene, evnt. melde deg p\u00e5 &#8211; eller av &#8211; listene; \u00a0g\u00e5 til e-postlistenes hjemmesider: &lt;<a href=\"http:\/\/lists.tyrving.idrett.no\/mailman\/listinfo\/o-alle\" target=\"_blank\" rel=\"noopener\">o-Alle<\/a>&gt; | &lt;<a href=\"http:\/\/lists.tyrving.idrett.no\/mailman\/listinfo\/o-ung\" target=\"_blank\" rel=\"noopener\">o-Ung<\/a>&gt; | &lt;<a href=\"http:\/\/lists.tyrving.idrett.no\/mailman\/listinfo\/o-tet\" target=\"_blank\" rel=\"noopener\">o-TET<\/a>&gt;<\/div>\n","protected":false},"excerpt":{"rendered":"<p>&#8230;<\/p>\n","protected":false},"author":40,"featured_media":0,"parent":0,"menu_order":0,"comment_status":"closed","ping_status":"closed","template":"","meta":{"footnotes":""},"jetpack_sharing_enabled":true,"_links":{"self":[{"href":"https:\/\/tyrving.idrett.no\/10\/o\/wp-json\/wp\/v2\/pages\/4289"}],"collection":[{"href":"https:\/\/tyrving.idrett.no\/10\/o\/wp-json\/wp\/v2\/pages"}],"about":[{"href":"https:\/\/tyrving.idrett.no\/10\/o\/wp-json\/wp\/v2\/types\/page"}],"author":[{"embeddable":true,"href":"https:\/\/tyrving.idrett.no\/10\/o\/wp-json\/wp\/v2\/users\/40"}],"replies":[{"embeddable":true,"href":"https:\/\/tyrving.idrett.no\/10\/o\/wp-json\/wp\/v2\/comments?post=4289"}],"version-history":[{"count":4,"href":"https:\/\/tyrving.idrett.no\/10\/o\/wp-json\/wp\/v2\/pages\/4289\/revisions"}],"predecessor-version":[{"id":4334,"href":"https:\/\/tyrving.idrett.no\/10\/o\/wp-json\/wp\/v2\/pages\/4289\/revisions\/4334"}],"wp:attachment":[{"href":"https:\/\/tyrving.idrett.no\/10\/o\/wp-json\/wp\/v2\/media?parent=4289"}],"curies":[{"name":"wp","href":"https:\/\/api.w.org\/{rel}","templated":true}]}}