{"id":5446,"date":"2022-12-26T17:57:08","date_gmt":"2022-12-26T16:57:08","guid":{"rendered":"https:\/\/tyrving.idrett.no\/10\/o\/?page_id=5446"},"modified":"2026-03-22T13:10:53","modified_gmt":"2026-03-22T12:10:53","slug":"barn-ungdom","status":"publish","type":"page","link":"https:\/\/tyrving.idrett.no\/10\/o\/barn-ungdom\/","title":{"rendered":"Barn\/Ungdom"},"content":{"rendered":"<p><strong>ORGANISERING<\/strong><\/p>\n<p>Ungdomsvirksomheter er delt i to ulike grupper i forhold til alder.<\/p>\n<p><strong>O-yngst<\/strong><\/p>\n<p>Nybegynnere i alderen 8-12 \u00e5r.<\/p>\n<p><strong>O-ung<\/strong><\/p>\n<p>Nybegynner eller erfarne i alderen 13-16 \u00e5r.<\/p>\n<p><strong>FILOSOFI<\/strong><\/p>\n<ul>\n<li>I Tyrving har vi det morsomt p\u00e5 trening.<\/li>\n<li>I Tyrving trener du med venner.<\/li>\n<li>I Tyrving snakker alle med alle.<\/li>\n<li>I Tyrving f\u00f8ler du deg trygg p\u00e5 trening.<\/li>\n<li>I Tyrving niv\u00e5-differanser vi \u00f8velsene slikt at alle f\u00e5r en mulighet til \u00e5 oppleve mestring.<\/li>\n<li>I Tyrving f\u00e5r du l\u00e6rerike, men til tider ogs\u00e5 krevende \u00f8velser p\u00e5 trening.<\/li>\n<\/ul>\n<p><strong>M\u00c5L for AKTIVITET<\/strong><\/p>\n<ul>\n<li>Tyrving skal fra p\u00e5ske- til h\u00f8stferien tilbyde et ukentlig lokalt treningstilbud for aldersgruppen 8-12 \u00e5r.<\/li>\n<li>Tyrving skal hele \u00e5ret rundt tilbyd et ukentlig treningstilbud for aldergruppen 13-16 \u00e5r.<\/li>\n<\/ul>\n<p><strong>STRATEGI<\/strong><\/p>\n<ul>\n<li>L\u00f8nnet trenere som inkludere alle p\u00e5 trening.<\/li>\n<li>L\u00f8nnet trenere som sikre et trygt og utviklende treningsmilj\u00f8.<\/li>\n<li>Oppmenn som s\u00f8rger for at Tyrving har et trygt treningsmilj\u00f8, hvor alle blir sett.<\/li>\n<\/ul>\n","protected":false},"excerpt":{"rendered":"<p>&#8230;<\/p>\n","protected":false},"author":40,"featured_media":0,"parent":0,"menu_order":0,"comment_status":"closed","ping_status":"closed","template":"","meta":{"footnotes":""},"jetpack_sharing_enabled":true,"_links":{"self":[{"href":"https:\/\/tyrving.idrett.no\/10\/o\/wp-json\/wp\/v2\/pages\/5446"}],"collection":[{"href":"https:\/\/tyrving.idrett.no\/10\/o\/wp-json\/wp\/v2\/pages"}],"about":[{"href":"https:\/\/tyrving.idrett.no\/10\/o\/wp-json\/wp\/v2\/types\/page"}],"author":[{"embeddable":true,"href":"https:\/\/tyrving.idrett.no\/10\/o\/wp-json\/wp\/v2\/users\/40"}],"replies":[{"embeddable":true,"href":"https:\/\/tyrving.idrett.no\/10\/o\/wp-json\/wp\/v2\/comments?post=5446"}],"version-history":[{"count":3,"href":"https:\/\/tyrving.idrett.no\/10\/o\/wp-json\/wp\/v2\/pages\/5446\/revisions"}],"predecessor-version":[{"id":5608,"href":"https:\/\/tyrving.idrett.no\/10\/o\/wp-json\/wp\/v2\/pages\/5446\/revisions\/5608"}],"wp:attachment":[{"href":"https:\/\/tyrving.idrett.no\/10\/o\/wp-json\/wp\/v2\/media?parent=5446"}],"curies":[{"name":"wp","href":"https:\/\/api.w.org\/{rel}","templated":true}]}}