{"id":5843,"date":"2025-11-17T22:11:14","date_gmt":"2025-11-17T21:11:14","guid":{"rendered":"https:\/\/tyrving.idrett.no\/10\/o\/?page_id=5843"},"modified":"2026-03-22T13:11:19","modified_gmt":"2026-03-22T12:11:19","slug":"veteranmesterskapet","status":"publish","type":"page","link":"https:\/\/tyrving.idrett.no\/10\/o\/veteranmesterskapet\/","title":{"rendered":"Veteranmesterskapet"},"content":{"rendered":"<p>Velkommen til Veteranmesterskapet 2026<\/p>\n<p>Tyrving IL \u00f8nsker dere velkommen til en flott helg 11.\u201313. september 2026, med sprint p\u00e5 Rud fredag samt lang- og mellomdistanse p\u00e5 L\u00f8vlia l\u00f8rdag og s\u00f8ndag.<\/p>\n<p>Denne siden er under oppf\u00f8ring, og vil i starten av ny\u00e5ret bli oppdatert med viktig informasjon.<\/p>\n","protected":false},"excerpt":{"rendered":"<p>&#8230;<\/p>\n","protected":false},"author":40,"featured_media":0,"parent":0,"menu_order":0,"comment_status":"closed","ping_status":"closed","template":"","meta":{"footnotes":""},"jetpack_sharing_enabled":true,"_links":{"self":[{"href":"https:\/\/tyrving.idrett.no\/10\/o\/wp-json\/wp\/v2\/pages\/5843"}],"collection":[{"href":"https:\/\/tyrving.idrett.no\/10\/o\/wp-json\/wp\/v2\/pages"}],"about":[{"href":"https:\/\/tyrving.idrett.no\/10\/o\/wp-json\/wp\/v2\/types\/page"}],"author":[{"embeddable":true,"href":"https:\/\/tyrving.idrett.no\/10\/o\/wp-json\/wp\/v2\/users\/40"}],"replies":[{"embeddable":true,"href":"https:\/\/tyrving.idrett.no\/10\/o\/wp-json\/wp\/v2\/comments?post=5843"}],"version-history":[{"count":8,"href":"https:\/\/tyrving.idrett.no\/10\/o\/wp-json\/wp\/v2\/pages\/5843\/revisions"}],"predecessor-version":[{"id":5882,"href":"https:\/\/tyrving.idrett.no\/10\/o\/wp-json\/wp\/v2\/pages\/5843\/revisions\/5882"}],"wp:attachment":[{"href":"https:\/\/tyrving.idrett.no\/10\/o\/wp-json\/wp\/v2\/media?parent=5843"}],"curies":[{"name":"wp","href":"https:\/\/api.w.org\/{rel}","templated":true}]}}